{"id":21054,"date":"2022-05-19T09:13:00","date_gmt":"2022-05-19T08:13:00","guid":{"rendered":"https:\/\/oller-pintures.c.wetopi.com\/producte\/pintura-piscina-de-fibra-azul-piscinas-4l\/"},"modified":"2024-01-17T09:16:15","modified_gmt":"2024-01-17T08:16:15","slug":"pintura-piscina-de-fibra-azul-piscinas-4l","status":"publish","type":"product","link":"https:\/\/ollerpintures.com\/es\/producto\/pintura-piscina-de-fibra-azul-piscinas-4l\/","title":{"rendered":"Pintura Piscina de Fibra Azul Piscinas 4L"},"content":{"rendered":"<p>Esta es una pintura ideal para piscinas de fibra. Esmalte de poliuretano de 2 componentes PPG, de alta calidad. Es el color azul piscina universal, el escogido por excelencia.<\/p>\n<p>Si quieres pintar una piscina de fibra con la mejor calidad de pintura, esta es tu opci\u00f3n. Y si la quieres en un color distinto, te lo preparamos: solo tienes que contactarnos e indicarnos qu\u00e9 <a href=\"https:\/\/ollerpintures.com\/cartas-de-color-para-pintura\/\">color RAL<\/a> quieres.<\/p>\n<p>&nbsp;<\/p>\n<h4>Caracter\u00edsticas de la Pintura para piscina de fibra color azul piscinas:<\/h4>\n<ul>\n<li>Mejor pintura para piscina de fibra<\/li>\n<li>Sin l\u00edmite de repintabilidad<\/li>\n<li>Excelente resistencia a las condiciones de exposici\u00f3n atmosf\u00e9rica<\/li>\n<li>Excelente retenci\u00f3n de brillo y color<\/li>\n<li>No amarillea<\/li>\n<li>Resistente a salpicaduras de aceites minerales y vegetales, parafinas, productos de petr\u00f3leo <a href=\"https:\/\/es.wikipedia.org\/wiki\/Hidrocarburo_alif%C3%A1tico\" target=\"_blank\" rel=\"noopener\">alif\u00e1tico<\/a> (\u27a5) y productos qu\u00edmicos suaves<\/li>\n<li>Repintable incluso despu\u00e9s de fuertes exposiciones atmosf\u00e9ricas<\/li>\n<li>Buenas propiedades de aplicaci\u00f3n<\/li>\n<li>Rendimiento aproximado: 40m2\/envase<\/li>\n<\/ul>\n<h4>Usos y aplicaciones:<\/h4>\n<ul>\n<li>Pintura para piscinas de fibra<\/li>\n<li>Pintura para piscinas de poliester<\/li>\n<li>Pintura para piscinas de resina<\/li>\n<\/ul>\n<h4>C\u00f3mo aplicar pintura para piscinas de fibra:<\/h4>\n<ol>\n<li>Limpia previamente la superficie a fondo<\/li>\n<li>Es recomendable lijar la superficie suavemente para que el anclaje de la pintura sea mejor<\/li>\n<li>Despu\u00e9s de lijar, elimina todo el polvo generado y vuelve a limpiarla. Mejor si se hace la limpieza con agua a presi\u00f3n. Puedes ayudarte de una <a href=\"https:\/\/ollerpintures.com\/producto\/hidrolimpiadora-stanley-1600w-125-bar-motor-420l-h-motor-universal\/\">hidrolimpiadora<\/a>.<\/li>\n<li>Asegura que la piscina est\u00e1 totalmente seca<\/li>\n<li>Si la piscina est\u00e1 en mal estado, recomendamos aplicar previamente la Imprimaci\u00f3n <a href=\"https:\/\/ollerpintures.com\/producto\/imprimacion-sigmacover-280\/\">Multiadherente Sigmacover 280<\/a>.<\/li>\n<li>Preparaci\u00f3n de la pintura: mezcla pintura con catalizador 30 minutos antes de pintar la piscina<\/li>\n<li>Aplica 2 capas de la pintura para piscinas de fibra y hasta 3 para conseguir un mejor resultado\n<ul>\n<li>Para evitar que salgan irregularidades en la superficie pintada, aplica la pintura en direcciones cruzadas entre capas para sellarla bien<\/li>\n<li>Tiempo m\u00e1ximo de secado entre capa y capa: 72h<\/li>\n<li>Aplica la pintura a rodillo, brocha o pistola<\/li>\n<\/ul>\n<\/li>\n<li>Respeta el tiempo de secado total antes de llenarla para que la pintura pueda actuar correctamente y evitar posibles problemas posteriores. Deja pasar m\u00ednimo 7 d\u00edas antes de llenarla.<\/li>\n<\/ol>\n<p>Consulta la ficha t\u00e9cnica de la pintura para m\u00e1s informaci\u00f3n antes de pintar la piscina.<\/p>\n","protected":false},"excerpt":{"rendered":"<h4>Caracter\u00edsticas Pintura para piscina de fibra color azul piscinas:<\/h4>\n<ul>\n<li>Mejor pintura para piscina de fibra<\/li>\n<li>Sin l\u00edmite de repintabilidad<\/li>\n<li>Excelente resistencia a las condiciones de exposici\u00f3n atmosf\u00e9rica<\/li>\n<li>Excelente retenci\u00f3n de brillo y color<\/li>\n<li>No amarillea<\/li>\n<li>Resistente a salpicaduras de aceites minerales y vegetales, productos de petr\u00f3leos alif\u00e1ticos y productos qu\u00edmicos suaves<\/li>\n<li>Repintable incluso despu\u00e9s de fuertes exposiciones atmosf\u00e9ricas<\/li>\n<li>Buenas propiedades de aplicaci\u00f3n<\/li>\n<\/ul>\n","protected":false},"featured_media":21523,"template":"","meta":{"_acf_changed":false},"pwb-brand":[1896],"product_brand":[],"product_cat":[201,825,735],"product_tag":[225,739,1895],"class_list":{"0":"post-21054","1":"product","2":"type-product","3":"status-publish","4":"has-post-thumbnail","6":"pwb-brand-ppg-2","7":"product_cat-pintura-es","8":"product_cat-tratamiento-para-madera-y-jardin","9":"product_cat-pintura-para-piscinas","10":"product_tag-esmalte","11":"product_tag-pintura-para-piscina","12":"product_tag-ppg-2","13":"no-featured-image-padding","14":"resize-featured-image","15":"sales-flash-overlay","16":"woocommerce-text-align-left","17":"woocommerce-image-align-center","18":"do-quantity-buttons","19":"wc-has-gallery","21":"first","22":"instock","23":"shipping-taxable","24":"purchasable","25":"product-type-simple"},"acf":[],"yoast_head":"<!-- This site is optimized with the Yoast SEO plugin v27.1.1 - https:\/\/yoast.com\/product\/yoast-seo-wordpress\/ -->\n<title>Pintura Piscina de Fibra Azul Piscinas 4L - Oller Pinturas y revestimientos<\/title>\n<meta name=\"description\" content=\"Pintura para piscina de fibra azul en formato 4 litros, la pintura ideal para piscinas de fibra junto a las instrucciones y consejos para un mejor acabado.\" \/>\n<meta name=\"robots\" content=\"index, follow, max-snippet:-1, max-image-preview:large, max-video-preview:-1\" \/>\n<link rel=\"canonical\" href=\"https:\/\/ollerpintures.com\/es\/producto\/pintura-piscina-de-fibra-azul-piscinas-4l\/\" \/>\n<meta property=\"og:locale\" content=\"es_ES\" \/>\n<meta property=\"og:type\" content=\"article\" \/>\n<meta property=\"og:title\" content=\"Pintura Piscina de Fibra Azul Piscinas 4L - Oller Pinturas y revestimientos\" \/>\n<meta property=\"og:description\" content=\"Pintura para piscina de fibra azul en formato 4 litros, la pintura ideal para piscinas de fibra junto a las instrucciones y consejos para un mejor acabado.\" \/>\n<meta property=\"og:url\" content=\"https:\/\/ollerpintures.com\/es\/producto\/pintura-piscina-de-fibra-azul-piscinas-4l\/\" \/>\n<meta property=\"og:site_name\" content=\"Oller Pinturas y revestimientos\" \/>\n<meta property=\"article:publisher\" content=\"https:\/\/www.facebook.com\/people\/Oller-Pintures\/100063652056709\/\" \/>\n<meta property=\"article:modified_time\" content=\"2024-01-17T08:16:15+00:00\" \/>\n<meta property=\"og:image\" content=\"https:\/\/ollerpintures.com\/wp-content\/uploads\/2022\/05\/pintura-para-piscinas-azul-sigmadur-520-oller-pintures.jpg\" \/>\n\t<meta property=\"og:image:width\" content=\"1080\" \/>\n\t<meta property=\"og:image:height\" content=\"1080\" \/>\n\t<meta property=\"og:image:type\" content=\"image\/jpeg\" \/>\n<meta name=\"twitter:card\" content=\"summary_large_image\" \/>\n<meta name=\"twitter:label1\" content=\"Tiempo de lectura\" \/>\n\t<meta name=\"twitter:data1\" content=\"3 minutos\" \/>\n<script type=\"application\/ld+json\" class=\"yoast-schema-graph\">{\"@context\":\"https:\/\/schema.org\",\"@graph\":[{\"@type\":\"WebPage\",\"@id\":\"https:\/\/ollerpintures.com\/es\/producto\/pintura-piscina-de-fibra-azul-piscinas-4l\/\",\"url\":\"https:\/\/ollerpintures.com\/es\/producto\/pintura-piscina-de-fibra-azul-piscinas-4l\/\",\"name\":\"Pintura Piscina de Fibra Azul Piscinas 4L - Oller Pinturas y revestimientos\",\"isPartOf\":{\"@id\":\"https:\/\/ollerpintures.com\/es\/#website\"},\"primaryImageOfPage\":{\"@id\":\"https:\/\/ollerpintures.com\/es\/producto\/pintura-piscina-de-fibra-azul-piscinas-4l\/#primaryimage\"},\"image\":{\"@id\":\"https:\/\/ollerpintures.com\/es\/producto\/pintura-piscina-de-fibra-azul-piscinas-4l\/#primaryimage\"},\"thumbnailUrl\":\"https:\/\/ollerpintures.com\/wp-content\/uploads\/2022\/05\/pintura-para-piscinas-azul-sigmadur-520-oller-pintures.jpg\",\"datePublished\":\"2022-05-19T08:13:00+00:00\",\"dateModified\":\"2024-01-17T08:16:15+00:00\",\"description\":\"Pintura para piscina de fibra azul en formato 4 litros, la pintura ideal para piscinas de fibra junto a las instrucciones y consejos para un mejor acabado.\",\"breadcrumb\":{\"@id\":\"https:\/\/ollerpintures.com\/es\/producto\/pintura-piscina-de-fibra-azul-piscinas-4l\/#breadcrumb\"},\"inLanguage\":\"es\",\"potentialAction\":[{\"@type\":\"ReadAction\",\"target\":[\"https:\/\/ollerpintures.com\/es\/producto\/pintura-piscina-de-fibra-azul-piscinas-4l\/\"]}]},{\"@type\":\"ImageObject\",\"inLanguage\":\"es\",\"@id\":\"https:\/\/ollerpintures.com\/es\/producto\/pintura-piscina-de-fibra-azul-piscinas-4l\/#primaryimage\",\"url\":\"https:\/\/ollerpintures.com\/wp-content\/uploads\/2022\/05\/pintura-para-piscinas-azul-sigmadur-520-oller-pintures.jpg\",\"contentUrl\":\"https:\/\/ollerpintures.com\/wp-content\/uploads\/2022\/05\/pintura-para-piscinas-azul-sigmadur-520-oller-pintures.jpg\",\"width\":1080,\"height\":1080,\"caption\":\"pintura para piscinas de fibra azul\"},{\"@type\":\"BreadcrumbList\",\"@id\":\"https:\/\/ollerpintures.com\/es\/producto\/pintura-piscina-de-fibra-azul-piscinas-4l\/#breadcrumb\",\"itemListElement\":[{\"@type\":\"ListItem\",\"position\":1,\"name\":\"Inici\",\"item\":\"https:\/\/ollerpintures.com\/es\/\"},{\"@type\":\"ListItem\",\"position\":2,\"name\":\"Tienda\",\"item\":\"https:\/\/ollerpintures.com\/es\/tienda\/\"},{\"@type\":\"ListItem\",\"position\":3,\"name\":\"Pintura Piscina de Fibra Azul Piscinas 4L\"}]},{\"@type\":\"WebSite\",\"@id\":\"https:\/\/ollerpintures.com\/es\/#website\",\"url\":\"https:\/\/ollerpintures.com\/es\/\",\"name\":\"Oller Pinturas y Revestimientos\",\"description\":\"M\u00e1s de 50 a\u00f1os acompa\u00f1ando a profesionales y particulares con soluciones de pintura duraderas y sostenibles, seis tiendas de proximidad con servicio tintom\u00e9trico propio y un compromiso real con el oficio y las nuevas generaciones.\",\"publisher\":{\"@id\":\"https:\/\/ollerpintures.com\/es\/#organization\"},\"alternateName\":\"Oller Grup\",\"potentialAction\":[{\"@type\":\"SearchAction\",\"target\":{\"@type\":\"EntryPoint\",\"urlTemplate\":\"https:\/\/ollerpintures.com\/es\/?s={search_term_string}\"},\"query-input\":{\"@type\":\"PropertyValueSpecification\",\"valueRequired\":true,\"valueName\":\"search_term_string\"}}],\"inLanguage\":\"es\"},{\"@type\":\"Organization\",\"@id\":\"https:\/\/ollerpintures.com\/es\/#organization\",\"name\":\"Oller Pintures i Revestiments\",\"alternateName\":\"Oller Grup\",\"url\":\"https:\/\/ollerpintures.com\/es\/\",\"logo\":{\"@type\":\"ImageObject\",\"inLanguage\":\"es\",\"@id\":\"https:\/\/ollerpintures.com\/es\/#\/schema\/logo\/image\/\",\"url\":\"https:\/\/ollerpintures.com\/wp-content\/uploads\/2024\/05\/newLogo.png\",\"contentUrl\":\"https:\/\/ollerpintures.com\/wp-content\/uploads\/2024\/05\/newLogo.png\",\"width\":483,\"height\":244,\"caption\":\"Oller Pintures i Revestiments\"},\"image\":{\"@id\":\"https:\/\/ollerpintures.com\/es\/#\/schema\/logo\/image\/\"},\"sameAs\":[\"https:\/\/www.facebook.com\/people\/Oller-Pintures\/100063652056709\/\",\"https:\/\/www.instagram.com\/ollerpintures\/\",\"https:\/\/descriptor.es\/organization\/oller-grup\/\"]}]}<\/script>\n<!-- \/ Yoast SEO plugin. -->","yoast_head_json":{"title":"Pintura Piscina de Fibra Azul Piscinas 4L - Oller Pinturas y revestimientos","description":"Pintura para piscina de fibra azul en formato 4 litros, la pintura ideal para piscinas de fibra junto a las instrucciones y consejos para un mejor acabado.","robots":{"index":"index","follow":"follow","max-snippet":"max-snippet:-1","max-image-preview":"max-image-preview:large","max-video-preview":"max-video-preview:-1"},"canonical":"https:\/\/ollerpintures.com\/es\/producto\/pintura-piscina-de-fibra-azul-piscinas-4l\/","og_locale":"es_ES","og_type":"article","og_title":"Pintura Piscina de Fibra Azul Piscinas 4L - Oller Pinturas y revestimientos","og_description":"Pintura para piscina de fibra azul en formato 4 litros, la pintura ideal para piscinas de fibra junto a las instrucciones y consejos para un mejor acabado.","og_url":"https:\/\/ollerpintures.com\/es\/producto\/pintura-piscina-de-fibra-azul-piscinas-4l\/","og_site_name":"Oller Pinturas y revestimientos","article_publisher":"https:\/\/www.facebook.com\/people\/Oller-Pintures\/100063652056709\/","article_modified_time":"2024-01-17T08:16:15+00:00","og_image":[{"width":1080,"height":1080,"url":"https:\/\/ollerpintures.com\/wp-content\/uploads\/2022\/05\/pintura-para-piscinas-azul-sigmadur-520-oller-pintures.jpg","type":"image\/jpeg"}],"twitter_card":"summary_large_image","twitter_misc":{"Tiempo de lectura":"3 minutos"},"schema":{"@context":"https:\/\/schema.org","@graph":[{"@type":"WebPage","@id":"https:\/\/ollerpintures.com\/es\/producto\/pintura-piscina-de-fibra-azul-piscinas-4l\/","url":"https:\/\/ollerpintures.com\/es\/producto\/pintura-piscina-de-fibra-azul-piscinas-4l\/","name":"Pintura Piscina de Fibra Azul Piscinas 4L - Oller Pinturas y revestimientos","isPartOf":{"@id":"https:\/\/ollerpintures.com\/es\/#website"},"primaryImageOfPage":{"@id":"https:\/\/ollerpintures.com\/es\/producto\/pintura-piscina-de-fibra-azul-piscinas-4l\/#primaryimage"},"image":{"@id":"https:\/\/ollerpintures.com\/es\/producto\/pintura-piscina-de-fibra-azul-piscinas-4l\/#primaryimage"},"thumbnailUrl":"https:\/\/ollerpintures.com\/wp-content\/uploads\/2022\/05\/pintura-para-piscinas-azul-sigmadur-520-oller-pintures.jpg","datePublished":"2022-05-19T08:13:00+00:00","dateModified":"2024-01-17T08:16:15+00:00","description":"Pintura para piscina de fibra azul en formato 4 litros, la pintura ideal para piscinas de fibra junto a las instrucciones y consejos para un mejor acabado.","breadcrumb":{"@id":"https:\/\/ollerpintures.com\/es\/producto\/pintura-piscina-de-fibra-azul-piscinas-4l\/#breadcrumb"},"inLanguage":"es","potentialAction":[{"@type":"ReadAction","target":["https:\/\/ollerpintures.com\/es\/producto\/pintura-piscina-de-fibra-azul-piscinas-4l\/"]}]},{"@type":"ImageObject","inLanguage":"es","@id":"https:\/\/ollerpintures.com\/es\/producto\/pintura-piscina-de-fibra-azul-piscinas-4l\/#primaryimage","url":"https:\/\/ollerpintures.com\/wp-content\/uploads\/2022\/05\/pintura-para-piscinas-azul-sigmadur-520-oller-pintures.jpg","contentUrl":"https:\/\/ollerpintures.com\/wp-content\/uploads\/2022\/05\/pintura-para-piscinas-azul-sigmadur-520-oller-pintures.jpg","width":1080,"height":1080,"caption":"pintura para piscinas de fibra azul"},{"@type":"BreadcrumbList","@id":"https:\/\/ollerpintures.com\/es\/producto\/pintura-piscina-de-fibra-azul-piscinas-4l\/#breadcrumb","itemListElement":[{"@type":"ListItem","position":1,"name":"Inici","item":"https:\/\/ollerpintures.com\/es\/"},{"@type":"ListItem","position":2,"name":"Tienda","item":"https:\/\/ollerpintures.com\/es\/tienda\/"},{"@type":"ListItem","position":3,"name":"Pintura Piscina de Fibra Azul Piscinas 4L"}]},{"@type":"WebSite","@id":"https:\/\/ollerpintures.com\/es\/#website","url":"https:\/\/ollerpintures.com\/es\/","name":"Oller Pinturas y Revestimientos","description":"M\u00e1s de 50 a\u00f1os acompa\u00f1ando a profesionales y particulares con soluciones de pintura duraderas y sostenibles, seis tiendas de proximidad con servicio tintom\u00e9trico propio y un compromiso real con el oficio y las nuevas generaciones.","publisher":{"@id":"https:\/\/ollerpintures.com\/es\/#organization"},"alternateName":"Oller Grup","potentialAction":[{"@type":"SearchAction","target":{"@type":"EntryPoint","urlTemplate":"https:\/\/ollerpintures.com\/es\/?s={search_term_string}"},"query-input":{"@type":"PropertyValueSpecification","valueRequired":true,"valueName":"search_term_string"}}],"inLanguage":"es"},{"@type":"Organization","@id":"https:\/\/ollerpintures.com\/es\/#organization","name":"Oller Pintures i Revestiments","alternateName":"Oller Grup","url":"https:\/\/ollerpintures.com\/es\/","logo":{"@type":"ImageObject","inLanguage":"es","@id":"https:\/\/ollerpintures.com\/es\/#\/schema\/logo\/image\/","url":"https:\/\/ollerpintures.com\/wp-content\/uploads\/2024\/05\/newLogo.png","contentUrl":"https:\/\/ollerpintures.com\/wp-content\/uploads\/2024\/05\/newLogo.png","width":483,"height":244,"caption":"Oller Pintures i Revestiments"},"image":{"@id":"https:\/\/ollerpintures.com\/es\/#\/schema\/logo\/image\/"},"sameAs":["https:\/\/www.facebook.com\/people\/Oller-Pintures\/100063652056709\/","https:\/\/www.instagram.com\/ollerpintures\/","https:\/\/descriptor.es\/organization\/oller-grup\/"]}]}},"brands":[{"id":1896,"name":"PPG","slug":"ppg-2"}],"_links":{"self":[{"href":"https:\/\/ollerpintures.com\/es\/wp-json\/wp\/v2\/product\/21054","targetHints":{"allow":["GET"]}}],"collection":[{"href":"https:\/\/ollerpintures.com\/es\/wp-json\/wp\/v2\/product"}],"about":[{"href":"https:\/\/ollerpintures.com\/es\/wp-json\/wp\/v2\/types\/product"}],"wp:featuredmedia":[{"embeddable":true,"href":"https:\/\/ollerpintures.com\/es\/wp-json\/wp\/v2\/media\/21523"}],"wp:attachment":[{"href":"https:\/\/ollerpintures.com\/es\/wp-json\/wp\/v2\/media?parent=21054"}],"wp:term":[{"taxonomy":"pwb-brand","embeddable":true,"href":"https:\/\/ollerpintures.com\/es\/wp-json\/wp\/v2\/pwb-brand?post=21054"},{"taxonomy":"product_brand","embeddable":true,"href":"https:\/\/ollerpintures.com\/es\/wp-json\/wp\/v2\/product_brand?post=21054"},{"taxonomy":"product_cat","embeddable":true,"href":"https:\/\/ollerpintures.com\/es\/wp-json\/wp\/v2\/product_cat?post=21054"},{"taxonomy":"product_tag","embeddable":true,"href":"https:\/\/ollerpintures.com\/es\/wp-json\/wp\/v2\/product_tag?post=21054"}],"curies":[{"name":"wp","href":"https:\/\/api.w.org\/{rel}","templated":true}]}}