{"id":20849,"date":"2022-05-13T10:07:04","date_gmt":"2022-05-13T09:07:04","guid":{"rendered":"https:\/\/oller-pintures.c.wetopi.com\/producte\/imprimacion-epoxy-sigmafast-278-ral-7035-15l-endurecedor-5l\/"},"modified":"2023-01-24T16:17:26","modified_gmt":"2023-01-24T15:17:26","slug":"imprimacion-epoxy-sigmafast-278-ral-7035-15l-endurecedor-5l","status":"publish","type":"product","link":"https:\/\/ollerpintures.com\/es\/producto\/imprimacion-epoxy-sigmafast-278-ral-7035-15l-endurecedor-5l\/","title":{"rendered":"Imprimaci\u00f3n Epoxy Sigmafast 278 RAL 7035 15L + Endurecedor 5L"},"content":{"rendered":"<p>Imprimaci\u00f3n Epoxi color RAL 7035, <strong>Sigmafast 278<\/strong> en bote de 15L+ endurecedor 5L: para protecci\u00f3n anticorrosiva y resistencia a la exposici\u00f3n atmosf\u00e9rica.<\/p>\n<p>Sigmafast 278 es una imprimaci\u00f3n epoxy de dos componentes con <a href=\"https:\/\/es.wikipedia.org\/wiki\/Fosfato_de_cinc\" target=\"_blank\" rel=\"noopener\">fosfato de zinc<\/a>, altos s\u00f3lidos y r\u00e1pido repintado incluso a bajas temperaturas.<\/p>\n<h3>Caracter\u00edsticas:<\/h3>\n<ul>\n<li>F\u00e1cil aplicaci\u00f3n con pistola sin aire<\/li>\n<li>Acabado: semibrillante<\/li>\n<li>Imprimaci\u00f3n por sistemas de protecci\u00f3n anticorrosiva<\/li>\n<li>Excelente resistencia a la corrosi\u00f3n en exposici\u00f3n atmosf\u00e9rica<\/li>\n<li>Color: RAL 7035 Gris Luminoso (ver <a href=\"https:\/\/ollerpintures.com\/es\/producto\/sigmadur-550-ral-7035-gris-luminoso\/\" target=\"_blank\" rel=\"noopener\">mismo RAL en esmalte poliuretano<\/a>)<\/li>\n<\/ul>\n<p><strong><span style=\"color: #ff6600;\">Nota de uso:<\/span><\/strong> la pintura epoxy amarillea con el paso del tiempo y este hecho es m\u00e1s visible en colores como el blanco o el blanco roto. Este es un producto para utilizar \u00fanicamente en \u00e1reas no cosm\u00e9ticas.<\/p>\n<p style=\"font-weight: bold;\">Consulta la ficha t\u00e9cnica adjunta para informaci\u00f3n m\u00e1s detallada.<\/p>\n","protected":false},"excerpt":{"rendered":"<p><strong>Caracter\u00edsticas:<\/strong><\/p>\n<ul>\n<li>Imprimaci\u00f3n para sistemas de protecci\u00f3n anticorrosiva<\/li>\n<li>Excelente resistencia a la corrosi\u00f3n en exposici\u00f3n atmosf\u00e9rica<\/li>\n<li>F\u00e1cil aplicaci\u00f3n con pistola sin aire<\/li>\n<li>Acabado: semibrillante<\/li>\n<\/ul>\n","protected":false},"featured_media":20635,"template":"","meta":{"_acf_changed":false},"pwb-brand":[],"product_brand":[],"product_cat":[201,1884,1890,553,586],"product_tag":[591],"class_list":{"0":"post-20849","1":"product","2":"type-product","3":"status-publish","4":"has-post-thumbnail","6":"product_cat-pintura-es","7":"product_cat-pintura-segun-carta-ral","8":"product_cat-ral-7000-grises","9":"product_cat-antes-de-pintar","10":"product_cat-imprimaciones","11":"product_tag-imprimaciones-es","12":"no-featured-image-padding","13":"resize-featured-image","14":"sales-flash-overlay","15":"woocommerce-text-align-left","16":"woocommerce-image-align-center","17":"do-quantity-buttons","18":"wc-has-gallery","20":"first","21":"instock","22":"shipping-taxable","23":"purchasable","24":"product-type-simple"},"acf":[],"yoast_head":"<!-- This site is optimized with the Yoast SEO plugin v27.1.1 - https:\/\/yoast.com\/product\/yoast-seo-wordpress\/ -->\n<title>Sigmafast 278 Imprimaci\u00f3n Epoxi RAL 7035 | Oller Pinturas<\/title>\n<meta name=\"description\" content=\"Imprimaci\u00f3n Epoxi color RAL 7035, Sigmafast 278 en bote de 15L+ endurecedor 5L: para protecci\u00f3n anticorrosiva y resistencia a la exposici\u00f3n atmosf\u00e9rica.\" \/>\n<meta name=\"robots\" content=\"index, follow, max-snippet:-1, max-image-preview:large, max-video-preview:-1\" \/>\n<link rel=\"canonical\" href=\"https:\/\/ollerpintures.com\/es\/producto\/imprimacion-epoxy-sigmafast-278-ral-7035-15l-endurecedor-5l\/\" \/>\n<meta property=\"og:locale\" content=\"es_ES\" \/>\n<meta property=\"og:type\" content=\"article\" \/>\n<meta property=\"og:title\" content=\"Sigmafast 278 Imprimaci\u00f3n Epoxi RAL 7035 | Oller Pinturas\" \/>\n<meta property=\"og:description\" content=\"Imprimaci\u00f3n Epoxi color RAL 7035, Sigmafast 278 en bote de 15L+ endurecedor 5L: para protecci\u00f3n anticorrosiva y resistencia a la exposici\u00f3n atmosf\u00e9rica.\" \/>\n<meta property=\"og:url\" content=\"https:\/\/ollerpintures.com\/es\/producto\/imprimacion-epoxy-sigmafast-278-ral-7035-15l-endurecedor-5l\/\" \/>\n<meta property=\"og:site_name\" content=\"Oller Pinturas y revestimientos\" \/>\n<meta property=\"article:publisher\" content=\"https:\/\/www.facebook.com\/people\/Oller-Pintures\/100063652056709\/\" \/>\n<meta property=\"article:modified_time\" content=\"2023-01-24T15:17:26+00:00\" \/>\n<meta property=\"og:image\" content=\"https:\/\/ollerpintures.com\/wp-content\/uploads\/2022\/05\/imprimacion-epoxi-sigmafast-278-ral-7035-comprar-online.jpg\" \/>\n\t<meta property=\"og:image:width\" content=\"1080\" \/>\n\t<meta property=\"og:image:height\" content=\"1080\" \/>\n\t<meta property=\"og:image:type\" content=\"image\/jpeg\" \/>\n<meta name=\"twitter:card\" content=\"summary_large_image\" \/>\n<meta name=\"twitter:label1\" content=\"Tiempo de lectura\" \/>\n\t<meta name=\"twitter:data1\" content=\"1 minuto\" \/>\n<script type=\"application\/ld+json\" class=\"yoast-schema-graph\">{\"@context\":\"https:\/\/schema.org\",\"@graph\":[{\"@type\":\"WebPage\",\"@id\":\"https:\/\/ollerpintures.com\/es\/producto\/imprimacion-epoxy-sigmafast-278-ral-7035-15l-endurecedor-5l\/\",\"url\":\"https:\/\/ollerpintures.com\/es\/producto\/imprimacion-epoxy-sigmafast-278-ral-7035-15l-endurecedor-5l\/\",\"name\":\"Sigmafast 278 Imprimaci\u00f3n Epoxi RAL 7035 | Oller Pinturas\",\"isPartOf\":{\"@id\":\"https:\/\/ollerpintures.com\/es\/#website\"},\"primaryImageOfPage\":{\"@id\":\"https:\/\/ollerpintures.com\/es\/producto\/imprimacion-epoxy-sigmafast-278-ral-7035-15l-endurecedor-5l\/#primaryimage\"},\"image\":{\"@id\":\"https:\/\/ollerpintures.com\/es\/producto\/imprimacion-epoxy-sigmafast-278-ral-7035-15l-endurecedor-5l\/#primaryimage\"},\"thumbnailUrl\":\"https:\/\/ollerpintures.com\/wp-content\/uploads\/2022\/05\/imprimacion-epoxi-sigmafast-278-ral-7035-comprar-online.jpg\",\"datePublished\":\"2022-05-13T09:07:04+00:00\",\"dateModified\":\"2023-01-24T15:17:26+00:00\",\"description\":\"Imprimaci\u00f3n Epoxi color RAL 7035, Sigmafast 278 en bote de 15L+ endurecedor 5L: para protecci\u00f3n anticorrosiva y resistencia a la exposici\u00f3n atmosf\u00e9rica.\",\"breadcrumb\":{\"@id\":\"https:\/\/ollerpintures.com\/es\/producto\/imprimacion-epoxy-sigmafast-278-ral-7035-15l-endurecedor-5l\/#breadcrumb\"},\"inLanguage\":\"es\",\"potentialAction\":[{\"@type\":\"ReadAction\",\"target\":[\"https:\/\/ollerpintures.com\/es\/producto\/imprimacion-epoxy-sigmafast-278-ral-7035-15l-endurecedor-5l\/\"]}]},{\"@type\":\"ImageObject\",\"inLanguage\":\"es\",\"@id\":\"https:\/\/ollerpintures.com\/es\/producto\/imprimacion-epoxy-sigmafast-278-ral-7035-15l-endurecedor-5l\/#primaryimage\",\"url\":\"https:\/\/ollerpintures.com\/wp-content\/uploads\/2022\/05\/imprimacion-epoxi-sigmafast-278-ral-7035-comprar-online.jpg\",\"contentUrl\":\"https:\/\/ollerpintures.com\/wp-content\/uploads\/2022\/05\/imprimacion-epoxi-sigmafast-278-ral-7035-comprar-online.jpg\",\"width\":1080,\"height\":1080,\"caption\":\"imprimacio epoxy sigmafast 278\"},{\"@type\":\"BreadcrumbList\",\"@id\":\"https:\/\/ollerpintures.com\/es\/producto\/imprimacion-epoxy-sigmafast-278-ral-7035-15l-endurecedor-5l\/#breadcrumb\",\"itemListElement\":[{\"@type\":\"ListItem\",\"position\":1,\"name\":\"Inici\",\"item\":\"https:\/\/ollerpintures.com\/es\/\"},{\"@type\":\"ListItem\",\"position\":2,\"name\":\"Tienda\",\"item\":\"https:\/\/ollerpintures.com\/es\/tienda\/\"},{\"@type\":\"ListItem\",\"position\":3,\"name\":\"Imprimaci\u00f3n Epoxy Sigmafast 278 RAL 7035 15L + Endurecedor 5L\"}]},{\"@type\":\"WebSite\",\"@id\":\"https:\/\/ollerpintures.com\/es\/#website\",\"url\":\"https:\/\/ollerpintures.com\/es\/\",\"name\":\"Oller Pinturas y Revestimientos\",\"description\":\"M\u00e1s de 50 a\u00f1os acompa\u00f1ando a profesionales y particulares con soluciones de pintura duraderas y sostenibles, seis tiendas de proximidad con servicio tintom\u00e9trico propio y un compromiso real con el oficio y las nuevas generaciones.\",\"publisher\":{\"@id\":\"https:\/\/ollerpintures.com\/es\/#organization\"},\"alternateName\":\"Oller Grup\",\"potentialAction\":[{\"@type\":\"SearchAction\",\"target\":{\"@type\":\"EntryPoint\",\"urlTemplate\":\"https:\/\/ollerpintures.com\/es\/?s={search_term_string}\"},\"query-input\":{\"@type\":\"PropertyValueSpecification\",\"valueRequired\":true,\"valueName\":\"search_term_string\"}}],\"inLanguage\":\"es\"},{\"@type\":\"Organization\",\"@id\":\"https:\/\/ollerpintures.com\/es\/#organization\",\"name\":\"Oller Pintures i Revestiments\",\"alternateName\":\"Oller Grup\",\"url\":\"https:\/\/ollerpintures.com\/es\/\",\"logo\":{\"@type\":\"ImageObject\",\"inLanguage\":\"es\",\"@id\":\"https:\/\/ollerpintures.com\/es\/#\/schema\/logo\/image\/\",\"url\":\"https:\/\/ollerpintures.com\/wp-content\/uploads\/2024\/05\/newLogo.png\",\"contentUrl\":\"https:\/\/ollerpintures.com\/wp-content\/uploads\/2024\/05\/newLogo.png\",\"width\":483,\"height\":244,\"caption\":\"Oller Pintures i Revestiments\"},\"image\":{\"@id\":\"https:\/\/ollerpintures.com\/es\/#\/schema\/logo\/image\/\"},\"sameAs\":[\"https:\/\/www.facebook.com\/people\/Oller-Pintures\/100063652056709\/\",\"https:\/\/www.instagram.com\/ollerpintures\/\",\"https:\/\/descriptor.es\/organization\/oller-grup\/\"]}]}<\/script>\n<!-- \/ Yoast SEO plugin. -->","yoast_head_json":{"title":"Sigmafast 278 Imprimaci\u00f3n Epoxi RAL 7035 | Oller Pinturas","description":"Imprimaci\u00f3n Epoxi color RAL 7035, Sigmafast 278 en bote de 15L+ endurecedor 5L: para protecci\u00f3n anticorrosiva y resistencia a la exposici\u00f3n atmosf\u00e9rica.","robots":{"index":"index","follow":"follow","max-snippet":"max-snippet:-1","max-image-preview":"max-image-preview:large","max-video-preview":"max-video-preview:-1"},"canonical":"https:\/\/ollerpintures.com\/es\/producto\/imprimacion-epoxy-sigmafast-278-ral-7035-15l-endurecedor-5l\/","og_locale":"es_ES","og_type":"article","og_title":"Sigmafast 278 Imprimaci\u00f3n Epoxi RAL 7035 | Oller Pinturas","og_description":"Imprimaci\u00f3n Epoxi color RAL 7035, Sigmafast 278 en bote de 15L+ endurecedor 5L: para protecci\u00f3n anticorrosiva y resistencia a la exposici\u00f3n atmosf\u00e9rica.","og_url":"https:\/\/ollerpintures.com\/es\/producto\/imprimacion-epoxy-sigmafast-278-ral-7035-15l-endurecedor-5l\/","og_site_name":"Oller Pinturas y revestimientos","article_publisher":"https:\/\/www.facebook.com\/people\/Oller-Pintures\/100063652056709\/","article_modified_time":"2023-01-24T15:17:26+00:00","og_image":[{"width":1080,"height":1080,"url":"https:\/\/ollerpintures.com\/wp-content\/uploads\/2022\/05\/imprimacion-epoxi-sigmafast-278-ral-7035-comprar-online.jpg","type":"image\/jpeg"}],"twitter_card":"summary_large_image","twitter_misc":{"Tiempo de lectura":"1 minuto"},"schema":{"@context":"https:\/\/schema.org","@graph":[{"@type":"WebPage","@id":"https:\/\/ollerpintures.com\/es\/producto\/imprimacion-epoxy-sigmafast-278-ral-7035-15l-endurecedor-5l\/","url":"https:\/\/ollerpintures.com\/es\/producto\/imprimacion-epoxy-sigmafast-278-ral-7035-15l-endurecedor-5l\/","name":"Sigmafast 278 Imprimaci\u00f3n Epoxi RAL 7035 | Oller Pinturas","isPartOf":{"@id":"https:\/\/ollerpintures.com\/es\/#website"},"primaryImageOfPage":{"@id":"https:\/\/ollerpintures.com\/es\/producto\/imprimacion-epoxy-sigmafast-278-ral-7035-15l-endurecedor-5l\/#primaryimage"},"image":{"@id":"https:\/\/ollerpintures.com\/es\/producto\/imprimacion-epoxy-sigmafast-278-ral-7035-15l-endurecedor-5l\/#primaryimage"},"thumbnailUrl":"https:\/\/ollerpintures.com\/wp-content\/uploads\/2022\/05\/imprimacion-epoxi-sigmafast-278-ral-7035-comprar-online.jpg","datePublished":"2022-05-13T09:07:04+00:00","dateModified":"2023-01-24T15:17:26+00:00","description":"Imprimaci\u00f3n Epoxi color RAL 7035, Sigmafast 278 en bote de 15L+ endurecedor 5L: para protecci\u00f3n anticorrosiva y resistencia a la exposici\u00f3n atmosf\u00e9rica.","breadcrumb":{"@id":"https:\/\/ollerpintures.com\/es\/producto\/imprimacion-epoxy-sigmafast-278-ral-7035-15l-endurecedor-5l\/#breadcrumb"},"inLanguage":"es","potentialAction":[{"@type":"ReadAction","target":["https:\/\/ollerpintures.com\/es\/producto\/imprimacion-epoxy-sigmafast-278-ral-7035-15l-endurecedor-5l\/"]}]},{"@type":"ImageObject","inLanguage":"es","@id":"https:\/\/ollerpintures.com\/es\/producto\/imprimacion-epoxy-sigmafast-278-ral-7035-15l-endurecedor-5l\/#primaryimage","url":"https:\/\/ollerpintures.com\/wp-content\/uploads\/2022\/05\/imprimacion-epoxi-sigmafast-278-ral-7035-comprar-online.jpg","contentUrl":"https:\/\/ollerpintures.com\/wp-content\/uploads\/2022\/05\/imprimacion-epoxi-sigmafast-278-ral-7035-comprar-online.jpg","width":1080,"height":1080,"caption":"imprimacio epoxy sigmafast 278"},{"@type":"BreadcrumbList","@id":"https:\/\/ollerpintures.com\/es\/producto\/imprimacion-epoxy-sigmafast-278-ral-7035-15l-endurecedor-5l\/#breadcrumb","itemListElement":[{"@type":"ListItem","position":1,"name":"Inici","item":"https:\/\/ollerpintures.com\/es\/"},{"@type":"ListItem","position":2,"name":"Tienda","item":"https:\/\/ollerpintures.com\/es\/tienda\/"},{"@type":"ListItem","position":3,"name":"Imprimaci\u00f3n Epoxy Sigmafast 278 RAL 7035 15L + Endurecedor 5L"}]},{"@type":"WebSite","@id":"https:\/\/ollerpintures.com\/es\/#website","url":"https:\/\/ollerpintures.com\/es\/","name":"Oller Pinturas y Revestimientos","description":"M\u00e1s de 50 a\u00f1os acompa\u00f1ando a profesionales y particulares con soluciones de pintura duraderas y sostenibles, seis tiendas de proximidad con servicio tintom\u00e9trico propio y un compromiso real con el oficio y las nuevas generaciones.","publisher":{"@id":"https:\/\/ollerpintures.com\/es\/#organization"},"alternateName":"Oller Grup","potentialAction":[{"@type":"SearchAction","target":{"@type":"EntryPoint","urlTemplate":"https:\/\/ollerpintures.com\/es\/?s={search_term_string}"},"query-input":{"@type":"PropertyValueSpecification","valueRequired":true,"valueName":"search_term_string"}}],"inLanguage":"es"},{"@type":"Organization","@id":"https:\/\/ollerpintures.com\/es\/#organization","name":"Oller Pintures i Revestiments","alternateName":"Oller Grup","url":"https:\/\/ollerpintures.com\/es\/","logo":{"@type":"ImageObject","inLanguage":"es","@id":"https:\/\/ollerpintures.com\/es\/#\/schema\/logo\/image\/","url":"https:\/\/ollerpintures.com\/wp-content\/uploads\/2024\/05\/newLogo.png","contentUrl":"https:\/\/ollerpintures.com\/wp-content\/uploads\/2024\/05\/newLogo.png","width":483,"height":244,"caption":"Oller Pintures i Revestiments"},"image":{"@id":"https:\/\/ollerpintures.com\/es\/#\/schema\/logo\/image\/"},"sameAs":["https:\/\/www.facebook.com\/people\/Oller-Pintures\/100063652056709\/","https:\/\/www.instagram.com\/ollerpintures\/","https:\/\/descriptor.es\/organization\/oller-grup\/"]}]}},"brands":[],"_links":{"self":[{"href":"https:\/\/ollerpintures.com\/es\/wp-json\/wp\/v2\/product\/20849","targetHints":{"allow":["GET"]}}],"collection":[{"href":"https:\/\/ollerpintures.com\/es\/wp-json\/wp\/v2\/product"}],"about":[{"href":"https:\/\/ollerpintures.com\/es\/wp-json\/wp\/v2\/types\/product"}],"wp:featuredmedia":[{"embeddable":true,"href":"https:\/\/ollerpintures.com\/es\/wp-json\/wp\/v2\/media\/20635"}],"wp:attachment":[{"href":"https:\/\/ollerpintures.com\/es\/wp-json\/wp\/v2\/media?parent=20849"}],"wp:term":[{"taxonomy":"pwb-brand","embeddable":true,"href":"https:\/\/ollerpintures.com\/es\/wp-json\/wp\/v2\/pwb-brand?post=20849"},{"taxonomy":"product_brand","embeddable":true,"href":"https:\/\/ollerpintures.com\/es\/wp-json\/wp\/v2\/product_brand?post=20849"},{"taxonomy":"product_cat","embeddable":true,"href":"https:\/\/ollerpintures.com\/es\/wp-json\/wp\/v2\/product_cat?post=20849"},{"taxonomy":"product_tag","embeddable":true,"href":"https:\/\/ollerpintures.com\/es\/wp-json\/wp\/v2\/product_tag?post=20849"}],"curies":[{"name":"wp","href":"https:\/\/api.w.org\/{rel}","templated":true}]}}