{"id":20848,"date":"2022-05-13T11:52:03","date_gmt":"2022-05-13T10:52:03","guid":{"rendered":"https:\/\/oller-pintures.c.wetopi.com\/producte\/imprimacion-sigmacover-280\/"},"modified":"2024-01-03T09:12:43","modified_gmt":"2024-01-03T08:12:43","slug":"imprimacion-sigmacover-280","status":"publish","type":"product","link":"https:\/\/ollerpintures.com\/es\/producto\/imprimacion-sigmacover-280\/","title":{"rendered":"Imprimaci\u00f3n Multiadherente Epoxy Sigmacover 280 Light Grey 4L"},"content":{"rendered":"<p>Sigmacover 280 es una imprimaci\u00f3n multiadherente epoxy universal con gran adherencia sobre superficies de dif\u00edcil absorci\u00f3n y tiene gran poder anticorrosivo. La recomendamos como base para pinturas de poliuretano. Es muy indicada para el tratamiento anticorrosivo de superficies met\u00e1licas.<\/p>\n<p><strong>Imprimaci\u00f3n + endurecedor, todo incluido en la compra de Sigmacover 280.\u00a0<\/strong><\/p>\n<p><strong>Caracter\u00edsticas:<\/strong><\/p>\n<ul>\n<li>Alto poder corrosivo<\/li>\n<li>Buena adherencia sobre superficies complicadas<\/li>\n<li>Buena resistencia al agua y corrosi\u00f3n<\/li>\n<li>Excelente repintabilidad<\/li>\n<li>Rendimiento: 8m2\/L<\/li>\n<li>Puede recubrirse con la mayor\u00eda de revestimientos alqu\u00eddicos, vin\u00edlicos, clorocaucho, epoxy y poliuretanos de 2 componentes<\/li>\n<\/ul>\n<p><strong>Usos<\/strong>:<\/p>\n<ul>\n<li>Base de adherencia para <a href=\"https:\/\/ollerpintures.com\/ca\/?s=sigmadur+550&amp;post_type=product\">Sigmadur 550<\/a> y Sigmadur 520<\/li>\n<li>Protecci\u00f3n de metales y acero no ferrosos<\/li>\n<li>Hierro<\/li>\n<li>Aluminio<\/li>\n<li>Acero inoxidable<\/li>\n<li>Madera<\/li>\n<li>Poliester<\/li>\n<li>Apto para ambientes de costa<\/li>\n<li>Superficies sumergidas<\/li>\n<\/ul>\n<p><strong>Consulta la ficha t\u00e9cnica adjunta para informaci\u00f3n m\u00e1s detallada.\u00a0<\/strong><\/p>\n","protected":false},"excerpt":{"rendered":"<p>Usos:<\/p>\n<ul>\n<li>Base de adherencia para Sigmadur 550 y Sigmadur 520<\/li>\n<li>Protecci\u00f3n de metales y aceros no ferrosos<\/li>\n<li>Hierro<\/li>\n<li>Aluminio<\/li>\n<li>Acero Inoxidable<\/li>\n<li>Madera<\/li>\n<li>Poliester<\/li>\n<li>Apto para ambientes de costa y <a href=\"https:\/\/es.wikipedia.org\/wiki\/Corrosi%C3%B3n_galv%C3%A1nica\" target=\"_blank\" rel=\"noopener\">corrosi\u00f3n galv\u00e1nica<\/a><\/li>\n<li>Superficies sumergidas<\/li>\n<\/ul>\n","protected":false},"featured_media":20844,"template":"","meta":{"_acf_changed":false},"pwb-brand":[],"product_brand":[],"product_cat":[201,553,586],"product_tag":[591],"class_list":{"0":"post-20848","1":"product","2":"type-product","3":"status-publish","4":"has-post-thumbnail","6":"product_cat-pintura-es","7":"product_cat-antes-de-pintar","8":"product_cat-imprimaciones","9":"product_tag-imprimaciones-es","10":"no-featured-image-padding","11":"resize-featured-image","12":"sales-flash-overlay","13":"woocommerce-text-align-left","14":"woocommerce-image-align-center","15":"do-quantity-buttons","17":"first","18":"instock","19":"shipping-taxable","20":"purchasable","21":"product-type-simple"},"acf":[],"yoast_head":"<!-- This site is optimized with the Yoast SEO plugin v27.1.1 - https:\/\/yoast.com\/product\/yoast-seo-wordpress\/ -->\n<title>Imprimaci\u00f3n Multiadherente Epoxy Sigmacover 280 Light Grey 4L - Oller Pinturas y revestimientos<\/title>\n<meta name=\"description\" content=\"Sigmacover 280 es una imprimaci\u00f3n multiadherente epoxy universal con gran adherencia sobre superficies de dif\u00edcil absorci\u00f3n y gran poder anticorrosivo.\" \/>\n<meta name=\"robots\" content=\"index, follow, max-snippet:-1, max-image-preview:large, max-video-preview:-1\" \/>\n<link rel=\"canonical\" href=\"https:\/\/ollerpintures.com\/es\/producto\/imprimacion-sigmacover-280\/\" \/>\n<meta property=\"og:locale\" content=\"es_ES\" \/>\n<meta property=\"og:type\" content=\"article\" \/>\n<meta property=\"og:title\" content=\"Imprimaci\u00f3n Multiadherente Epoxy Sigmacover 280 Light Grey 4L - Oller Pinturas y revestimientos\" \/>\n<meta property=\"og:description\" content=\"Sigmacover 280 es una imprimaci\u00f3n multiadherente epoxy universal con gran adherencia sobre superficies de dif\u00edcil absorci\u00f3n y gran poder anticorrosivo.\" \/>\n<meta property=\"og:url\" content=\"https:\/\/ollerpintures.com\/es\/producto\/imprimacion-sigmacover-280\/\" \/>\n<meta property=\"og:site_name\" content=\"Oller Pinturas y revestimientos\" \/>\n<meta property=\"article:publisher\" content=\"https:\/\/www.facebook.com\/people\/Oller-Pintures\/100063652056709\/\" \/>\n<meta property=\"article:modified_time\" content=\"2024-01-03T08:12:43+00:00\" \/>\n<meta property=\"og:image\" content=\"https:\/\/ollerpintures.com\/wp-content\/uploads\/2022\/05\/imprimacion-epoxi-sigmacover-280.jpg\" \/>\n\t<meta property=\"og:image:width\" content=\"1080\" \/>\n\t<meta property=\"og:image:height\" content=\"1080\" \/>\n\t<meta property=\"og:image:type\" content=\"image\/jpeg\" \/>\n<meta name=\"twitter:card\" content=\"summary_large_image\" \/>\n<meta name=\"twitter:label1\" content=\"Tiempo de lectura\" \/>\n\t<meta name=\"twitter:data1\" content=\"1 minuto\" \/>\n<script type=\"application\/ld+json\" class=\"yoast-schema-graph\">{\"@context\":\"https:\/\/schema.org\",\"@graph\":[{\"@type\":\"WebPage\",\"@id\":\"https:\/\/ollerpintures.com\/es\/producto\/imprimacion-sigmacover-280\/\",\"url\":\"https:\/\/ollerpintures.com\/es\/producto\/imprimacion-sigmacover-280\/\",\"name\":\"Imprimaci\u00f3n Multiadherente Epoxy Sigmacover 280 Light Grey 4L - Oller Pinturas y revestimientos\",\"isPartOf\":{\"@id\":\"https:\/\/ollerpintures.com\/es\/#website\"},\"primaryImageOfPage\":{\"@id\":\"https:\/\/ollerpintures.com\/es\/producto\/imprimacion-sigmacover-280\/#primaryimage\"},\"image\":{\"@id\":\"https:\/\/ollerpintures.com\/es\/producto\/imprimacion-sigmacover-280\/#primaryimage\"},\"thumbnailUrl\":\"https:\/\/ollerpintures.com\/wp-content\/uploads\/2022\/05\/imprimacion-epoxi-sigmacover-280.jpg\",\"datePublished\":\"2022-05-13T10:52:03+00:00\",\"dateModified\":\"2024-01-03T08:12:43+00:00\",\"description\":\"Sigmacover 280 es una imprimaci\u00f3n multiadherente epoxy universal con gran adherencia sobre superficies de dif\u00edcil absorci\u00f3n y gran poder anticorrosivo.\",\"breadcrumb\":{\"@id\":\"https:\/\/ollerpintures.com\/es\/producto\/imprimacion-sigmacover-280\/#breadcrumb\"},\"inLanguage\":\"es\",\"potentialAction\":[{\"@type\":\"ReadAction\",\"target\":[\"https:\/\/ollerpintures.com\/es\/producto\/imprimacion-sigmacover-280\/\"]}]},{\"@type\":\"ImageObject\",\"inLanguage\":\"es\",\"@id\":\"https:\/\/ollerpintures.com\/es\/producto\/imprimacion-sigmacover-280\/#primaryimage\",\"url\":\"https:\/\/ollerpintures.com\/wp-content\/uploads\/2022\/05\/imprimacion-epoxi-sigmacover-280.jpg\",\"contentUrl\":\"https:\/\/ollerpintures.com\/wp-content\/uploads\/2022\/05\/imprimacion-epoxi-sigmacover-280.jpg\",\"width\":1080,\"height\":1080,\"caption\":\"Imprimaci\u00f3 Multiadherent Epoxi Sigmacover 280\"},{\"@type\":\"BreadcrumbList\",\"@id\":\"https:\/\/ollerpintures.com\/es\/producto\/imprimacion-sigmacover-280\/#breadcrumb\",\"itemListElement\":[{\"@type\":\"ListItem\",\"position\":1,\"name\":\"Inici\",\"item\":\"https:\/\/ollerpintures.com\/es\/\"},{\"@type\":\"ListItem\",\"position\":2,\"name\":\"Tienda\",\"item\":\"https:\/\/ollerpintures.com\/es\/tienda\/\"},{\"@type\":\"ListItem\",\"position\":3,\"name\":\"Imprimaci\u00f3n Multiadherente Epoxy Sigmacover 280 Light Grey 4L\"}]},{\"@type\":\"WebSite\",\"@id\":\"https:\/\/ollerpintures.com\/es\/#website\",\"url\":\"https:\/\/ollerpintures.com\/es\/\",\"name\":\"Oller Pinturas y Revestimientos\",\"description\":\"M\u00e1s de 50 a\u00f1os acompa\u00f1ando a profesionales y particulares con soluciones de pintura duraderas y sostenibles, seis tiendas de proximidad con servicio tintom\u00e9trico propio y un compromiso real con el oficio y las nuevas generaciones.\",\"publisher\":{\"@id\":\"https:\/\/ollerpintures.com\/es\/#organization\"},\"alternateName\":\"Oller Grup\",\"potentialAction\":[{\"@type\":\"SearchAction\",\"target\":{\"@type\":\"EntryPoint\",\"urlTemplate\":\"https:\/\/ollerpintures.com\/es\/?s={search_term_string}\"},\"query-input\":{\"@type\":\"PropertyValueSpecification\",\"valueRequired\":true,\"valueName\":\"search_term_string\"}}],\"inLanguage\":\"es\"},{\"@type\":\"Organization\",\"@id\":\"https:\/\/ollerpintures.com\/es\/#organization\",\"name\":\"Oller Pintures i Revestiments\",\"alternateName\":\"Oller Grup\",\"url\":\"https:\/\/ollerpintures.com\/es\/\",\"logo\":{\"@type\":\"ImageObject\",\"inLanguage\":\"es\",\"@id\":\"https:\/\/ollerpintures.com\/es\/#\/schema\/logo\/image\/\",\"url\":\"https:\/\/ollerpintures.com\/wp-content\/uploads\/2024\/05\/newLogo.png\",\"contentUrl\":\"https:\/\/ollerpintures.com\/wp-content\/uploads\/2024\/05\/newLogo.png\",\"width\":483,\"height\":244,\"caption\":\"Oller Pintures i Revestiments\"},\"image\":{\"@id\":\"https:\/\/ollerpintures.com\/es\/#\/schema\/logo\/image\/\"},\"sameAs\":[\"https:\/\/www.facebook.com\/people\/Oller-Pintures\/100063652056709\/\",\"https:\/\/www.instagram.com\/ollerpintures\/\",\"https:\/\/descriptor.es\/organization\/oller-grup\/\"]}]}<\/script>\n<!-- \/ Yoast SEO plugin. -->","yoast_head_json":{"title":"Imprimaci\u00f3n Multiadherente Epoxy Sigmacover 280 Light Grey 4L - Oller Pinturas y revestimientos","description":"Sigmacover 280 es una imprimaci\u00f3n multiadherente epoxy universal con gran adherencia sobre superficies de dif\u00edcil absorci\u00f3n y gran poder anticorrosivo.","robots":{"index":"index","follow":"follow","max-snippet":"max-snippet:-1","max-image-preview":"max-image-preview:large","max-video-preview":"max-video-preview:-1"},"canonical":"https:\/\/ollerpintures.com\/es\/producto\/imprimacion-sigmacover-280\/","og_locale":"es_ES","og_type":"article","og_title":"Imprimaci\u00f3n Multiadherente Epoxy Sigmacover 280 Light Grey 4L - Oller Pinturas y revestimientos","og_description":"Sigmacover 280 es una imprimaci\u00f3n multiadherente epoxy universal con gran adherencia sobre superficies de dif\u00edcil absorci\u00f3n y gran poder anticorrosivo.","og_url":"https:\/\/ollerpintures.com\/es\/producto\/imprimacion-sigmacover-280\/","og_site_name":"Oller Pinturas y revestimientos","article_publisher":"https:\/\/www.facebook.com\/people\/Oller-Pintures\/100063652056709\/","article_modified_time":"2024-01-03T08:12:43+00:00","og_image":[{"width":1080,"height":1080,"url":"https:\/\/ollerpintures.com\/wp-content\/uploads\/2022\/05\/imprimacion-epoxi-sigmacover-280.jpg","type":"image\/jpeg"}],"twitter_card":"summary_large_image","twitter_misc":{"Tiempo de lectura":"1 minuto"},"schema":{"@context":"https:\/\/schema.org","@graph":[{"@type":"WebPage","@id":"https:\/\/ollerpintures.com\/es\/producto\/imprimacion-sigmacover-280\/","url":"https:\/\/ollerpintures.com\/es\/producto\/imprimacion-sigmacover-280\/","name":"Imprimaci\u00f3n Multiadherente Epoxy Sigmacover 280 Light Grey 4L - Oller Pinturas y revestimientos","isPartOf":{"@id":"https:\/\/ollerpintures.com\/es\/#website"},"primaryImageOfPage":{"@id":"https:\/\/ollerpintures.com\/es\/producto\/imprimacion-sigmacover-280\/#primaryimage"},"image":{"@id":"https:\/\/ollerpintures.com\/es\/producto\/imprimacion-sigmacover-280\/#primaryimage"},"thumbnailUrl":"https:\/\/ollerpintures.com\/wp-content\/uploads\/2022\/05\/imprimacion-epoxi-sigmacover-280.jpg","datePublished":"2022-05-13T10:52:03+00:00","dateModified":"2024-01-03T08:12:43+00:00","description":"Sigmacover 280 es una imprimaci\u00f3n multiadherente epoxy universal con gran adherencia sobre superficies de dif\u00edcil absorci\u00f3n y gran poder anticorrosivo.","breadcrumb":{"@id":"https:\/\/ollerpintures.com\/es\/producto\/imprimacion-sigmacover-280\/#breadcrumb"},"inLanguage":"es","potentialAction":[{"@type":"ReadAction","target":["https:\/\/ollerpintures.com\/es\/producto\/imprimacion-sigmacover-280\/"]}]},{"@type":"ImageObject","inLanguage":"es","@id":"https:\/\/ollerpintures.com\/es\/producto\/imprimacion-sigmacover-280\/#primaryimage","url":"https:\/\/ollerpintures.com\/wp-content\/uploads\/2022\/05\/imprimacion-epoxi-sigmacover-280.jpg","contentUrl":"https:\/\/ollerpintures.com\/wp-content\/uploads\/2022\/05\/imprimacion-epoxi-sigmacover-280.jpg","width":1080,"height":1080,"caption":"Imprimaci\u00f3 Multiadherent Epoxi Sigmacover 280"},{"@type":"BreadcrumbList","@id":"https:\/\/ollerpintures.com\/es\/producto\/imprimacion-sigmacover-280\/#breadcrumb","itemListElement":[{"@type":"ListItem","position":1,"name":"Inici","item":"https:\/\/ollerpintures.com\/es\/"},{"@type":"ListItem","position":2,"name":"Tienda","item":"https:\/\/ollerpintures.com\/es\/tienda\/"},{"@type":"ListItem","position":3,"name":"Imprimaci\u00f3n Multiadherente Epoxy Sigmacover 280 Light Grey 4L"}]},{"@type":"WebSite","@id":"https:\/\/ollerpintures.com\/es\/#website","url":"https:\/\/ollerpintures.com\/es\/","name":"Oller Pinturas y Revestimientos","description":"M\u00e1s de 50 a\u00f1os acompa\u00f1ando a profesionales y particulares con soluciones de pintura duraderas y sostenibles, seis tiendas de proximidad con servicio tintom\u00e9trico propio y un compromiso real con el oficio y las nuevas generaciones.","publisher":{"@id":"https:\/\/ollerpintures.com\/es\/#organization"},"alternateName":"Oller Grup","potentialAction":[{"@type":"SearchAction","target":{"@type":"EntryPoint","urlTemplate":"https:\/\/ollerpintures.com\/es\/?s={search_term_string}"},"query-input":{"@type":"PropertyValueSpecification","valueRequired":true,"valueName":"search_term_string"}}],"inLanguage":"es"},{"@type":"Organization","@id":"https:\/\/ollerpintures.com\/es\/#organization","name":"Oller Pintures i Revestiments","alternateName":"Oller Grup","url":"https:\/\/ollerpintures.com\/es\/","logo":{"@type":"ImageObject","inLanguage":"es","@id":"https:\/\/ollerpintures.com\/es\/#\/schema\/logo\/image\/","url":"https:\/\/ollerpintures.com\/wp-content\/uploads\/2024\/05\/newLogo.png","contentUrl":"https:\/\/ollerpintures.com\/wp-content\/uploads\/2024\/05\/newLogo.png","width":483,"height":244,"caption":"Oller Pintures i Revestiments"},"image":{"@id":"https:\/\/ollerpintures.com\/es\/#\/schema\/logo\/image\/"},"sameAs":["https:\/\/www.facebook.com\/people\/Oller-Pintures\/100063652056709\/","https:\/\/www.instagram.com\/ollerpintures\/","https:\/\/descriptor.es\/organization\/oller-grup\/"]}]}},"brands":[],"_links":{"self":[{"href":"https:\/\/ollerpintures.com\/es\/wp-json\/wp\/v2\/product\/20848","targetHints":{"allow":["GET"]}}],"collection":[{"href":"https:\/\/ollerpintures.com\/es\/wp-json\/wp\/v2\/product"}],"about":[{"href":"https:\/\/ollerpintures.com\/es\/wp-json\/wp\/v2\/types\/product"}],"wp:featuredmedia":[{"embeddable":true,"href":"https:\/\/ollerpintures.com\/es\/wp-json\/wp\/v2\/media\/20844"}],"wp:attachment":[{"href":"https:\/\/ollerpintures.com\/es\/wp-json\/wp\/v2\/media?parent=20848"}],"wp:term":[{"taxonomy":"pwb-brand","embeddable":true,"href":"https:\/\/ollerpintures.com\/es\/wp-json\/wp\/v2\/pwb-brand?post=20848"},{"taxonomy":"product_brand","embeddable":true,"href":"https:\/\/ollerpintures.com\/es\/wp-json\/wp\/v2\/product_brand?post=20848"},{"taxonomy":"product_cat","embeddable":true,"href":"https:\/\/ollerpintures.com\/es\/wp-json\/wp\/v2\/product_cat?post=20848"},{"taxonomy":"product_tag","embeddable":true,"href":"https:\/\/ollerpintures.com\/es\/wp-json\/wp\/v2\/product_tag?post=20848"}],"curies":[{"name":"wp","href":"https:\/\/api.w.org\/{rel}","templated":true}]}}