{"id":20512,"date":"2022-05-11T08:58:27","date_gmt":"2022-05-11T07:58:27","guid":{"rendered":"https:\/\/oller-pintures.c.wetopi.com\/producte\/renovador-bordes-piscina\/"},"modified":"2022-05-13T15:39:36","modified_gmt":"2022-05-13T14:39:36","slug":"renovador-bordes-piscina","status":"publish","type":"product","link":"https:\/\/ollerpintures.com\/es\/producto\/renovador-bordes-piscina\/","title":{"rendered":"Renovador de bordes de Piscina BLATEM 4L"},"content":{"rendered":"<p><strong>Renovador de bordes de piscinas<\/strong> interiores y piscinas exteriores. Producto de alta calidad, hecho a base de resinas de clorocaucho para pintar bordes de piscina de obra nueva o piscina pintada con pintura de clorocaucho.<\/p>\n<p><strong>Caracter\u00edsticas:<\/strong><\/p>\n<ul>\n<li>Excelente adherencia<\/li>\n<li>Resistencia a la alcalinidad<\/li>\n<li>Resistencia a agentes atmosf\u00e9ricos y productos qu\u00edmicos para tratamiento de piscina<\/li>\n<li>Buena cubrici\u00f3n, rendimiento, aplicaci\u00f3n y secado<\/li>\n<li>Color: blanco<\/li>\n<li>Acabado: rugoso (antideslizante) y mate<\/li>\n<li>Repintado: minimo 5 horas<\/li>\n<li>Rendimiento: 7-11m2\/L\/capa<\/li>\n<\/ul>\n<p><strong>Preparaci\u00f3n previa de la superficie:\u00a0<\/strong><\/p>\n<ul>\n<li>Piscinas nuevas: eliminar polvo y asegurar que est\u00e9 completamente limpia y seca<\/li>\n<li>Piscinas pintadas al clorocaucho: eliminar zonas en mal estado, limpiar y dejar secar la superficie<\/li>\n<\/ul>\n<p>Para ver en detalle el modo de empleo, consulta la <strong>ficha t\u00e9cnica<\/strong> adjuntada de esta <strong>pintura para bordes de piscina.<\/strong><\/p>\n<p>Para diluir la pintura, utilizad <a href=\"https:\/\/ollerpintures.com\/producto\/disolvente-clorocaucho-1l\/\">Disolvente Clorocaucho<\/a>.<\/p>\n","protected":false},"excerpt":{"rendered":"<p><strong>Caracter\u00edsticas:<\/strong><\/p>\n<ul>\n<li>Excelente adherencia<\/li>\n<li>Resistencia a la alcalinidad<\/li>\n<li>Resistencia a agentes atmosf\u00e9ricos y productos qu\u00edmicos para tratamiento de piscina<\/li>\n<li>Buena cubrici\u00f3n, rendimiento, aplicaci\u00f3n y secado<\/li>\n<li>Color: blanco<\/li>\n<li>Acabado: rugoso (antideslizante) y mate<\/li>\n<li>Repintado: minimo 5 horas<\/li>\n<li>Rendimiento: 7-11m2\/L\/capa<\/li>\n<\/ul>\n","protected":false},"featured_media":20510,"template":"","meta":{"_acf_changed":false},"pwb-brand":[786],"product_brand":[],"product_cat":[201,825,735],"product_tag":[238,739,740],"class_list":{"0":"post-20512","1":"product","2":"type-product","3":"status-publish","4":"has-post-thumbnail","6":"pwb-brand-blatem-es","7":"product_cat-pintura-es","8":"product_cat-tratamiento-para-madera-y-jardin","9":"product_cat-pintura-para-piscinas","10":"product_tag-blatem-es","11":"product_tag-pintura-para-piscina","12":"product_tag-piscina-es","13":"no-featured-image-padding","14":"resize-featured-image","15":"sales-flash-overlay","16":"woocommerce-text-align-left","17":"woocommerce-image-align-center","18":"do-quantity-buttons","20":"first","21":"instock","22":"shipping-taxable","23":"purchasable","24":"product-type-simple"},"acf":[],"yoast_head":"<!-- This site is optimized with the Yoast SEO plugin v27.1.1 - https:\/\/yoast.com\/product\/yoast-seo-wordpress\/ -->\n<title>Renovador de bordes de Piscina BLATEM 4L - Oller Pinturas y revestimientos<\/title>\n<meta name=\"description\" content=\"Caracter\u00edsticas:   Excelente adherencia  Resistencia a la alcalinidad  Resistencia a agentes atmosf\u00e9ricos y productos qu\u00edmicos para tratamiento de piscina  Buena cubrici\u00f3n, rendimiento, aplicaci\u00f3n y secado  Color: blanco  Acabado: rugoso (antideslizante) y mate  Repintado: minimo 5 horas  Rendimiento: 7-11m2\/L\/capa\" \/>\n<meta name=\"robots\" content=\"index, follow, max-snippet:-1, max-image-preview:large, max-video-preview:-1\" \/>\n<link rel=\"canonical\" href=\"https:\/\/ollerpintures.com\/es\/producto\/renovador-bordes-piscina\/\" \/>\n<meta property=\"og:locale\" content=\"es_ES\" \/>\n<meta property=\"og:type\" content=\"article\" \/>\n<meta property=\"og:title\" content=\"Renovador de bordes de Piscina BLATEM 4L - Oller Pinturas y revestimientos\" \/>\n<meta property=\"og:description\" content=\"Caracter\u00edsticas:   Excelente adherencia  Resistencia a la alcalinidad  Resistencia a agentes atmosf\u00e9ricos y productos qu\u00edmicos para tratamiento de piscina  Buena cubrici\u00f3n, rendimiento, aplicaci\u00f3n y secado  Color: blanco  Acabado: rugoso (antideslizante) y mate  Repintado: minimo 5 horas  Rendimiento: 7-11m2\/L\/capa\" \/>\n<meta property=\"og:url\" content=\"https:\/\/ollerpintures.com\/es\/producto\/renovador-bordes-piscina\/\" \/>\n<meta property=\"og:site_name\" content=\"Oller Pinturas y revestimientos\" \/>\n<meta property=\"article:publisher\" content=\"https:\/\/www.facebook.com\/people\/Oller-Pintures\/100063652056709\/\" \/>\n<meta property=\"article:modified_time\" content=\"2022-05-13T14:39:36+00:00\" \/>\n<meta property=\"og:image\" content=\"https:\/\/ollerpintures.com\/wp-content\/uploads\/2022\/05\/renovador-bordes-piscinas-blatem-comprar-pintura-online-oller.png\" \/>\n\t<meta property=\"og:image:width\" content=\"567\" \/>\n\t<meta property=\"og:image:height\" content=\"567\" \/>\n\t<meta property=\"og:image:type\" content=\"image\/png\" \/>\n<meta name=\"twitter:card\" content=\"summary_large_image\" \/>\n<meta name=\"twitter:label1\" content=\"Tiempo de lectura\" \/>\n\t<meta name=\"twitter:data1\" content=\"1 minuto\" \/>\n<script type=\"application\/ld+json\" class=\"yoast-schema-graph\">{\"@context\":\"https:\/\/schema.org\",\"@graph\":[{\"@type\":\"WebPage\",\"@id\":\"https:\/\/ollerpintures.com\/es\/producto\/renovador-bordes-piscina\/\",\"url\":\"https:\/\/ollerpintures.com\/es\/producto\/renovador-bordes-piscina\/\",\"name\":\"Renovador de bordes de Piscina BLATEM 4L - Oller Pinturas y revestimientos\",\"isPartOf\":{\"@id\":\"https:\/\/ollerpintures.com\/es\/#website\"},\"primaryImageOfPage\":{\"@id\":\"https:\/\/ollerpintures.com\/es\/producto\/renovador-bordes-piscina\/#primaryimage\"},\"image\":{\"@id\":\"https:\/\/ollerpintures.com\/es\/producto\/renovador-bordes-piscina\/#primaryimage\"},\"thumbnailUrl\":\"https:\/\/ollerpintures.com\/wp-content\/uploads\/2022\/05\/renovador-bordes-piscinas-blatem-comprar-pintura-online-oller.png\",\"datePublished\":\"2022-05-11T07:58:27+00:00\",\"dateModified\":\"2022-05-13T14:39:36+00:00\",\"description\":\"Caracter\u00edsticas: Excelente adherencia Resistencia a la alcalinidad Resistencia a agentes atmosf\u00e9ricos y productos qu\u00edmicos para tratamiento de piscina Buena cubrici\u00f3n, rendimiento, aplicaci\u00f3n y secado Color: blanco Acabado: rugoso (antideslizante) y mate Repintado: minimo 5 horas Rendimiento: 7-11m2\/L\/capa\",\"breadcrumb\":{\"@id\":\"https:\/\/ollerpintures.com\/es\/producto\/renovador-bordes-piscina\/#breadcrumb\"},\"inLanguage\":\"es\",\"potentialAction\":[{\"@type\":\"ReadAction\",\"target\":[\"https:\/\/ollerpintures.com\/es\/producto\/renovador-bordes-piscina\/\"]}]},{\"@type\":\"ImageObject\",\"inLanguage\":\"es\",\"@id\":\"https:\/\/ollerpintures.com\/es\/producto\/renovador-bordes-piscina\/#primaryimage\",\"url\":\"https:\/\/ollerpintures.com\/wp-content\/uploads\/2022\/05\/renovador-bordes-piscinas-blatem-comprar-pintura-online-oller.png\",\"contentUrl\":\"https:\/\/ollerpintures.com\/wp-content\/uploads\/2022\/05\/renovador-bordes-piscinas-blatem-comprar-pintura-online-oller.png\",\"width\":567,\"height\":567,\"caption\":\"Renovador bordes piscina Blatem\"},{\"@type\":\"BreadcrumbList\",\"@id\":\"https:\/\/ollerpintures.com\/es\/producto\/renovador-bordes-piscina\/#breadcrumb\",\"itemListElement\":[{\"@type\":\"ListItem\",\"position\":1,\"name\":\"Inici\",\"item\":\"https:\/\/ollerpintures.com\/es\/\"},{\"@type\":\"ListItem\",\"position\":2,\"name\":\"Tienda\",\"item\":\"https:\/\/ollerpintures.com\/es\/tienda\/\"},{\"@type\":\"ListItem\",\"position\":3,\"name\":\"Renovador de bordes de Piscina BLATEM 4L\"}]},{\"@type\":\"WebSite\",\"@id\":\"https:\/\/ollerpintures.com\/es\/#website\",\"url\":\"https:\/\/ollerpintures.com\/es\/\",\"name\":\"Oller Pinturas y Revestimientos\",\"description\":\"M\u00e1s de 50 a\u00f1os acompa\u00f1ando a profesionales y particulares con soluciones de pintura duraderas y sostenibles, seis tiendas de proximidad con servicio tintom\u00e9trico propio y un compromiso real con el oficio y las nuevas generaciones.\",\"publisher\":{\"@id\":\"https:\/\/ollerpintures.com\/es\/#organization\"},\"alternateName\":\"Oller Grup\",\"potentialAction\":[{\"@type\":\"SearchAction\",\"target\":{\"@type\":\"EntryPoint\",\"urlTemplate\":\"https:\/\/ollerpintures.com\/es\/?s={search_term_string}\"},\"query-input\":{\"@type\":\"PropertyValueSpecification\",\"valueRequired\":true,\"valueName\":\"search_term_string\"}}],\"inLanguage\":\"es\"},{\"@type\":\"Organization\",\"@id\":\"https:\/\/ollerpintures.com\/es\/#organization\",\"name\":\"Oller Pintures i Revestiments\",\"alternateName\":\"Oller Grup\",\"url\":\"https:\/\/ollerpintures.com\/es\/\",\"logo\":{\"@type\":\"ImageObject\",\"inLanguage\":\"es\",\"@id\":\"https:\/\/ollerpintures.com\/es\/#\/schema\/logo\/image\/\",\"url\":\"https:\/\/ollerpintures.com\/wp-content\/uploads\/2024\/05\/newLogo.png\",\"contentUrl\":\"https:\/\/ollerpintures.com\/wp-content\/uploads\/2024\/05\/newLogo.png\",\"width\":483,\"height\":244,\"caption\":\"Oller Pintures i Revestiments\"},\"image\":{\"@id\":\"https:\/\/ollerpintures.com\/es\/#\/schema\/logo\/image\/\"},\"sameAs\":[\"https:\/\/www.facebook.com\/people\/Oller-Pintures\/100063652056709\/\",\"https:\/\/www.instagram.com\/ollerpintures\/\",\"https:\/\/descriptor.es\/organization\/oller-grup\/\"]}]}<\/script>\n<!-- \/ Yoast SEO plugin. -->","yoast_head_json":{"title":"Renovador de bordes de Piscina BLATEM 4L - Oller Pinturas y revestimientos","description":"Caracter\u00edsticas:   Excelente adherencia  Resistencia a la alcalinidad  Resistencia a agentes atmosf\u00e9ricos y productos qu\u00edmicos para tratamiento de piscina  Buena cubrici\u00f3n, rendimiento, aplicaci\u00f3n y secado  Color: blanco  Acabado: rugoso (antideslizante) y mate  Repintado: minimo 5 horas  Rendimiento: 7-11m2\/L\/capa","robots":{"index":"index","follow":"follow","max-snippet":"max-snippet:-1","max-image-preview":"max-image-preview:large","max-video-preview":"max-video-preview:-1"},"canonical":"https:\/\/ollerpintures.com\/es\/producto\/renovador-bordes-piscina\/","og_locale":"es_ES","og_type":"article","og_title":"Renovador de bordes de Piscina BLATEM 4L - Oller Pinturas y revestimientos","og_description":"Caracter\u00edsticas:   Excelente adherencia  Resistencia a la alcalinidad  Resistencia a agentes atmosf\u00e9ricos y productos qu\u00edmicos para tratamiento de piscina  Buena cubrici\u00f3n, rendimiento, aplicaci\u00f3n y secado  Color: blanco  Acabado: rugoso (antideslizante) y mate  Repintado: minimo 5 horas  Rendimiento: 7-11m2\/L\/capa","og_url":"https:\/\/ollerpintures.com\/es\/producto\/renovador-bordes-piscina\/","og_site_name":"Oller Pinturas y revestimientos","article_publisher":"https:\/\/www.facebook.com\/people\/Oller-Pintures\/100063652056709\/","article_modified_time":"2022-05-13T14:39:36+00:00","og_image":[{"width":567,"height":567,"url":"https:\/\/ollerpintures.com\/wp-content\/uploads\/2022\/05\/renovador-bordes-piscinas-blatem-comprar-pintura-online-oller.png","type":"image\/png"}],"twitter_card":"summary_large_image","twitter_misc":{"Tiempo de lectura":"1 minuto"},"schema":{"@context":"https:\/\/schema.org","@graph":[{"@type":"WebPage","@id":"https:\/\/ollerpintures.com\/es\/producto\/renovador-bordes-piscina\/","url":"https:\/\/ollerpintures.com\/es\/producto\/renovador-bordes-piscina\/","name":"Renovador de bordes de Piscina BLATEM 4L - Oller Pinturas y revestimientos","isPartOf":{"@id":"https:\/\/ollerpintures.com\/es\/#website"},"primaryImageOfPage":{"@id":"https:\/\/ollerpintures.com\/es\/producto\/renovador-bordes-piscina\/#primaryimage"},"image":{"@id":"https:\/\/ollerpintures.com\/es\/producto\/renovador-bordes-piscina\/#primaryimage"},"thumbnailUrl":"https:\/\/ollerpintures.com\/wp-content\/uploads\/2022\/05\/renovador-bordes-piscinas-blatem-comprar-pintura-online-oller.png","datePublished":"2022-05-11T07:58:27+00:00","dateModified":"2022-05-13T14:39:36+00:00","description":"Caracter\u00edsticas: Excelente adherencia Resistencia a la alcalinidad Resistencia a agentes atmosf\u00e9ricos y productos qu\u00edmicos para tratamiento de piscina Buena cubrici\u00f3n, rendimiento, aplicaci\u00f3n y secado Color: blanco Acabado: rugoso (antideslizante) y mate Repintado: minimo 5 horas Rendimiento: 7-11m2\/L\/capa","breadcrumb":{"@id":"https:\/\/ollerpintures.com\/es\/producto\/renovador-bordes-piscina\/#breadcrumb"},"inLanguage":"es","potentialAction":[{"@type":"ReadAction","target":["https:\/\/ollerpintures.com\/es\/producto\/renovador-bordes-piscina\/"]}]},{"@type":"ImageObject","inLanguage":"es","@id":"https:\/\/ollerpintures.com\/es\/producto\/renovador-bordes-piscina\/#primaryimage","url":"https:\/\/ollerpintures.com\/wp-content\/uploads\/2022\/05\/renovador-bordes-piscinas-blatem-comprar-pintura-online-oller.png","contentUrl":"https:\/\/ollerpintures.com\/wp-content\/uploads\/2022\/05\/renovador-bordes-piscinas-blatem-comprar-pintura-online-oller.png","width":567,"height":567,"caption":"Renovador bordes piscina Blatem"},{"@type":"BreadcrumbList","@id":"https:\/\/ollerpintures.com\/es\/producto\/renovador-bordes-piscina\/#breadcrumb","itemListElement":[{"@type":"ListItem","position":1,"name":"Inici","item":"https:\/\/ollerpintures.com\/es\/"},{"@type":"ListItem","position":2,"name":"Tienda","item":"https:\/\/ollerpintures.com\/es\/tienda\/"},{"@type":"ListItem","position":3,"name":"Renovador de bordes de Piscina BLATEM 4L"}]},{"@type":"WebSite","@id":"https:\/\/ollerpintures.com\/es\/#website","url":"https:\/\/ollerpintures.com\/es\/","name":"Oller Pinturas y Revestimientos","description":"M\u00e1s de 50 a\u00f1os acompa\u00f1ando a profesionales y particulares con soluciones de pintura duraderas y sostenibles, seis tiendas de proximidad con servicio tintom\u00e9trico propio y un compromiso real con el oficio y las nuevas generaciones.","publisher":{"@id":"https:\/\/ollerpintures.com\/es\/#organization"},"alternateName":"Oller Grup","potentialAction":[{"@type":"SearchAction","target":{"@type":"EntryPoint","urlTemplate":"https:\/\/ollerpintures.com\/es\/?s={search_term_string}"},"query-input":{"@type":"PropertyValueSpecification","valueRequired":true,"valueName":"search_term_string"}}],"inLanguage":"es"},{"@type":"Organization","@id":"https:\/\/ollerpintures.com\/es\/#organization","name":"Oller Pintures i Revestiments","alternateName":"Oller Grup","url":"https:\/\/ollerpintures.com\/es\/","logo":{"@type":"ImageObject","inLanguage":"es","@id":"https:\/\/ollerpintures.com\/es\/#\/schema\/logo\/image\/","url":"https:\/\/ollerpintures.com\/wp-content\/uploads\/2024\/05\/newLogo.png","contentUrl":"https:\/\/ollerpintures.com\/wp-content\/uploads\/2024\/05\/newLogo.png","width":483,"height":244,"caption":"Oller Pintures i Revestiments"},"image":{"@id":"https:\/\/ollerpintures.com\/es\/#\/schema\/logo\/image\/"},"sameAs":["https:\/\/www.facebook.com\/people\/Oller-Pintures\/100063652056709\/","https:\/\/www.instagram.com\/ollerpintures\/","https:\/\/descriptor.es\/organization\/oller-grup\/"]}]}},"brands":[{"id":786,"name":"Blatem","slug":"blatem-es"}],"_links":{"self":[{"href":"https:\/\/ollerpintures.com\/es\/wp-json\/wp\/v2\/product\/20512","targetHints":{"allow":["GET"]}}],"collection":[{"href":"https:\/\/ollerpintures.com\/es\/wp-json\/wp\/v2\/product"}],"about":[{"href":"https:\/\/ollerpintures.com\/es\/wp-json\/wp\/v2\/types\/product"}],"wp:featuredmedia":[{"embeddable":true,"href":"https:\/\/ollerpintures.com\/es\/wp-json\/wp\/v2\/media\/20510"}],"wp:attachment":[{"href":"https:\/\/ollerpintures.com\/es\/wp-json\/wp\/v2\/media?parent=20512"}],"wp:term":[{"taxonomy":"pwb-brand","embeddable":true,"href":"https:\/\/ollerpintures.com\/es\/wp-json\/wp\/v2\/pwb-brand?post=20512"},{"taxonomy":"product_brand","embeddable":true,"href":"https:\/\/ollerpintures.com\/es\/wp-json\/wp\/v2\/product_brand?post=20512"},{"taxonomy":"product_cat","embeddable":true,"href":"https:\/\/ollerpintures.com\/es\/wp-json\/wp\/v2\/product_cat?post=20512"},{"taxonomy":"product_tag","embeddable":true,"href":"https:\/\/ollerpintures.com\/es\/wp-json\/wp\/v2\/product_tag?post=20512"}],"curies":[{"name":"wp","href":"https:\/\/api.w.org\/{rel}","templated":true}]}}