{"id":20321,"date":"2022-05-06T11:40:19","date_gmt":"2022-05-06T10:40:19","guid":{"rendered":"https:\/\/oller-pintures.c.wetopi.com\/?post_type=product&#038;p=20321"},"modified":"2023-02-28T13:14:02","modified_gmt":"2023-02-28T12:14:02","slug":"sigmadur-550-ral-5014-azul-colombino","status":"publish","type":"product","link":"https:\/\/ollerpintures.com\/es\/producto\/sigmadur-550-ral-5014-azul-colombino\/","title":{"rendered":"RAL 5014 Sigmadur 550 RAL Azul Colombino A+B 4L | Esmalte poliuretano de 2 componentes"},"content":{"rendered":"<p>Esmalte de poliuretano de 2 componentes PPG. Sigmadur 550 es un esmalte de alta calidad y puedes tenerlo en el color que quieras, \u00a1te lo hacemos a medida! Si necesitas una variante de RAL 5014 o no encuentras el RAL o producto concreto que buscas, cont\u00e1ctanos y p\u00eddenoslo.<\/p>\n<p><strong>Caracter\u00edsticas Sigmadur 550 RAL 5014 Azul Colombino:\u00a0<\/strong><\/p>\n<ul>\n<li>Sin l\u00edmite de repintabilidad<\/li>\n<li>Excelente resistencia a las condiciones de exposici\u00f3n atmosf\u00e9rica<\/li>\n<li>Excelente retenci\u00f3n de brillo y color<\/li>\n<li>No amarillea<\/li>\n<li>Resistente a salpicaduras de aceites minerales y vegetales, parafinas, productos de petr\u00f3leo <a href=\"https:\/\/es.wikipedia.org\/wiki\/Hidrocarburo_alif%C3%A1tico\" target=\"_blank\" rel=\"noopener\">alif\u00e1ticos <\/a>y productos qu\u00edmicos suaves<\/li>\n<li>Repintable incluso despu\u00e9s de fuertes exposiciones atmosf\u00e9ricas<\/li>\n<li>Buenas propiedades de aplicaci\u00f3n<\/li>\n<\/ul>\n<p><strong>Usos<\/strong>:<\/p>\n<ul>\n<li><a href=\"https:\/\/ollerpintures.com\/es\/mantenimiento-de-naves-y-suelos\/\" target=\"_blank\" rel=\"noopener\">Pintura para pavimentos<\/a><\/li>\n<li><a href=\"https:\/\/ollerpintures.com\/es\/pinturas-industriales\/\" target=\"_blank\" rel=\"noopener\">Pintura para maquinaria industrial<\/a><\/li>\n<li><a href=\"https:\/\/ollerpintures.com\/es\/producto\/kit-pintura-para-piscinas-poliester\/\" target=\"_blank\" rel=\"noopener\">Pintura para piscina de fibra<\/a><\/li>\n<li>Pintura para estructuras met\u00e1licas<\/li>\n<li><a href=\"https:\/\/ollerpintures.com\/es\/plantillas-personalizadas-para-senalizaciones\/\">Pintura para se\u00f1alizaci\u00f3n<\/a><\/li>\n<\/ul>\n<p><a href=\"https:\/\/ollerpintures.com\/es\/categoria-producto\/pintura-es\/pintura-segun-carta-ral\/ral-azul-ral-5000-azules\/\" target=\"_blank\" rel=\"noopener\">Tonos Azules Grupo RAL 5000<\/a><\/p>\n<p>Consulta la ficha t\u00e9cnica adjunta para m\u00e1s informaci\u00f3n.<\/p>\n","protected":false},"excerpt":{"rendered":"<p><strong>Caracter\u00edsticas Sigmadur 550 RAL 5014 Azul Colombino:\u00a0<\/strong><\/p>\n<ul>\n<li>Sin l\u00edmite de repintabilidad<\/li>\n<li>Excelente resistencia a las condiciones de exposici\u00f3n atmosf\u00e9rica<\/li>\n<li>Excelente retenci\u00f3n de brillo y color<\/li>\n<li>No amarillea<\/li>\n<li>Resistente a salpicaduras de aceites minerales y vegetales, parafinas, productos de petr\u00f3leo alif\u00e1ticos y productos qu\u00edmicos suaves<\/li>\n<li>Repintable incluso despu\u00e9s de fuertes exposiciones atmosf\u00e9ricas<\/li>\n<li>Buenas propiedades de aplicaci\u00f3n<\/li>\n<\/ul>\n","protected":false},"featured_media":20325,"template":"","meta":{"_acf_changed":false},"pwb-brand":[1896],"product_brand":[],"product_cat":[201,1884,1888,205],"product_tag":[1893,225,1894,1895],"class_list":{"0":"post-20321","1":"product","2":"type-product","3":"status-publish","4":"has-post-thumbnail","6":"pwb-brand-ppg-2","7":"product_cat-pintura-es","8":"product_cat-pintura-segun-carta-ral","9":"product_cat-ral-azul-ral-5000-azules","10":"product_cat-pintura-para-hierro","11":"product_tag-colores-ral","12":"product_tag-esmalte","13":"product_tag-poliuretano","14":"product_tag-ppg-2","15":"no-featured-image-padding","16":"resize-featured-image","17":"sales-flash-overlay","18":"woocommerce-text-align-left","19":"woocommerce-image-align-center","20":"do-quantity-buttons","21":"wc-has-gallery","23":"first","24":"instock","25":"shipping-taxable","26":"purchasable","27":"product-type-simple"},"acf":[],"yoast_head":"<!-- This site is optimized with the Yoast SEO plugin v27.1.1 - https:\/\/yoast.com\/product\/yoast-seo-wordpress\/ -->\n<title>RAL 5014 Sigmadur 550 RAL Azul Colombino 4L | Oller Pinturas<\/title>\n<meta name=\"description\" content=\"Compra RAL 5014 Sigmadur 550 RAL Azul Colombino A+B 4L en presentaci\u00f3n de 4 litros: esmalte de poliuretano de 2 componentes PPG, RAL o color a medida.\" \/>\n<meta name=\"robots\" content=\"index, follow, max-snippet:-1, max-image-preview:large, max-video-preview:-1\" \/>\n<link rel=\"canonical\" href=\"https:\/\/ollerpintures.com\/es\/producto\/sigmadur-550-ral-5014-azul-colombino\/\" \/>\n<meta property=\"og:locale\" content=\"es_ES\" \/>\n<meta property=\"og:type\" content=\"article\" \/>\n<meta property=\"og:title\" content=\"RAL 5014 Sigmadur 550 RAL Azul Colombino 4L | Oller Pinturas\" \/>\n<meta property=\"og:description\" content=\"Compra RAL 5014 Sigmadur 550 RAL Azul Colombino A+B 4L en presentaci\u00f3n de 4 litros: esmalte de poliuretano de 2 componentes PPG, RAL o color a medida.\" \/>\n<meta property=\"og:url\" content=\"https:\/\/ollerpintures.com\/es\/producto\/sigmadur-550-ral-5014-azul-colombino\/\" \/>\n<meta property=\"og:site_name\" content=\"Oller Pinturas y revestimientos\" \/>\n<meta property=\"article:publisher\" content=\"https:\/\/www.facebook.com\/people\/Oller-Pintures\/100063652056709\/\" \/>\n<meta property=\"article:modified_time\" content=\"2023-02-28T12:14:02+00:00\" \/>\n<meta property=\"og:image\" content=\"https:\/\/ollerpintures.com\/wp-content\/uploads\/2022\/05\/sigmadur-550-ral-5014-azul-colombino-comprar-online-oller.jpg\" \/>\n\t<meta property=\"og:image:width\" content=\"1080\" \/>\n\t<meta property=\"og:image:height\" content=\"1080\" \/>\n\t<meta property=\"og:image:type\" content=\"image\/jpeg\" \/>\n<meta name=\"twitter:card\" content=\"summary_large_image\" \/>\n<meta name=\"twitter:label1\" content=\"Tiempo de lectura\" \/>\n\t<meta name=\"twitter:data1\" content=\"1 minuto\" \/>\n<script type=\"application\/ld+json\" class=\"yoast-schema-graph\">{\"@context\":\"https:\/\/schema.org\",\"@graph\":[{\"@type\":\"WebPage\",\"@id\":\"https:\/\/ollerpintures.com\/es\/producto\/sigmadur-550-ral-5014-azul-colombino\/\",\"url\":\"https:\/\/ollerpintures.com\/es\/producto\/sigmadur-550-ral-5014-azul-colombino\/\",\"name\":\"RAL 5014 Sigmadur 550 RAL Azul Colombino 4L | Oller Pinturas\",\"isPartOf\":{\"@id\":\"https:\/\/ollerpintures.com\/es\/#website\"},\"primaryImageOfPage\":{\"@id\":\"https:\/\/ollerpintures.com\/es\/producto\/sigmadur-550-ral-5014-azul-colombino\/#primaryimage\"},\"image\":{\"@id\":\"https:\/\/ollerpintures.com\/es\/producto\/sigmadur-550-ral-5014-azul-colombino\/#primaryimage\"},\"thumbnailUrl\":\"https:\/\/ollerpintures.com\/wp-content\/uploads\/2022\/05\/sigmadur-550-ral-5014-azul-colombino-comprar-online-oller.jpg\",\"datePublished\":\"2022-05-06T10:40:19+00:00\",\"dateModified\":\"2023-02-28T12:14:02+00:00\",\"description\":\"Compra RAL 5014 Sigmadur 550 RAL Azul Colombino A+B 4L en presentaci\u00f3n de 4 litros: esmalte de poliuretano de 2 componentes PPG, RAL o color a medida.\",\"breadcrumb\":{\"@id\":\"https:\/\/ollerpintures.com\/es\/producto\/sigmadur-550-ral-5014-azul-colombino\/#breadcrumb\"},\"inLanguage\":\"es\",\"potentialAction\":[{\"@type\":\"ReadAction\",\"target\":[\"https:\/\/ollerpintures.com\/es\/producto\/sigmadur-550-ral-5014-azul-colombino\/\"]}]},{\"@type\":\"ImageObject\",\"inLanguage\":\"es\",\"@id\":\"https:\/\/ollerpintures.com\/es\/producto\/sigmadur-550-ral-5014-azul-colombino\/#primaryimage\",\"url\":\"https:\/\/ollerpintures.com\/wp-content\/uploads\/2022\/05\/sigmadur-550-ral-5014-azul-colombino-comprar-online-oller.jpg\",\"contentUrl\":\"https:\/\/ollerpintures.com\/wp-content\/uploads\/2022\/05\/sigmadur-550-ral-5014-azul-colombino-comprar-online-oller.jpg\",\"width\":1080,\"height\":1080,\"caption\":\"RAL 5014 Sigmadur 550 RAL Azul Colombino A+B 4L\"},{\"@type\":\"BreadcrumbList\",\"@id\":\"https:\/\/ollerpintures.com\/es\/producto\/sigmadur-550-ral-5014-azul-colombino\/#breadcrumb\",\"itemListElement\":[{\"@type\":\"ListItem\",\"position\":1,\"name\":\"Inici\",\"item\":\"https:\/\/ollerpintures.com\/es\/\"},{\"@type\":\"ListItem\",\"position\":2,\"name\":\"Tienda\",\"item\":\"https:\/\/ollerpintures.com\/es\/tienda\/\"},{\"@type\":\"ListItem\",\"position\":3,\"name\":\"RAL 5014 Sigmadur 550 RAL Azul Colombino A+B 4L | Esmalte poliuretano de 2 componentes\"}]},{\"@type\":\"WebSite\",\"@id\":\"https:\/\/ollerpintures.com\/es\/#website\",\"url\":\"https:\/\/ollerpintures.com\/es\/\",\"name\":\"Oller Pinturas y Revestimientos\",\"description\":\"M\u00e1s de 50 a\u00f1os acompa\u00f1ando a profesionales y particulares con soluciones de pintura duraderas y sostenibles, seis tiendas de proximidad con servicio tintom\u00e9trico propio y un compromiso real con el oficio y las nuevas generaciones.\",\"publisher\":{\"@id\":\"https:\/\/ollerpintures.com\/es\/#organization\"},\"alternateName\":\"Oller Grup\",\"potentialAction\":[{\"@type\":\"SearchAction\",\"target\":{\"@type\":\"EntryPoint\",\"urlTemplate\":\"https:\/\/ollerpintures.com\/es\/?s={search_term_string}\"},\"query-input\":{\"@type\":\"PropertyValueSpecification\",\"valueRequired\":true,\"valueName\":\"search_term_string\"}}],\"inLanguage\":\"es\"},{\"@type\":\"Organization\",\"@id\":\"https:\/\/ollerpintures.com\/es\/#organization\",\"name\":\"Oller Pintures i Revestiments\",\"alternateName\":\"Oller Grup\",\"url\":\"https:\/\/ollerpintures.com\/es\/\",\"logo\":{\"@type\":\"ImageObject\",\"inLanguage\":\"es\",\"@id\":\"https:\/\/ollerpintures.com\/es\/#\/schema\/logo\/image\/\",\"url\":\"https:\/\/ollerpintures.com\/wp-content\/uploads\/2024\/05\/newLogo.png\",\"contentUrl\":\"https:\/\/ollerpintures.com\/wp-content\/uploads\/2024\/05\/newLogo.png\",\"width\":483,\"height\":244,\"caption\":\"Oller Pintures i Revestiments\"},\"image\":{\"@id\":\"https:\/\/ollerpintures.com\/es\/#\/schema\/logo\/image\/\"},\"sameAs\":[\"https:\/\/www.facebook.com\/people\/Oller-Pintures\/100063652056709\/\",\"https:\/\/www.instagram.com\/ollerpintures\/\",\"https:\/\/descriptor.es\/organization\/oller-grup\/\"]}]}<\/script>\n<!-- \/ Yoast SEO plugin. -->","yoast_head_json":{"title":"RAL 5014 Sigmadur 550 RAL Azul Colombino 4L | Oller Pinturas","description":"Compra RAL 5014 Sigmadur 550 RAL Azul Colombino A+B 4L en presentaci\u00f3n de 4 litros: esmalte de poliuretano de 2 componentes PPG, RAL o color a medida.","robots":{"index":"index","follow":"follow","max-snippet":"max-snippet:-1","max-image-preview":"max-image-preview:large","max-video-preview":"max-video-preview:-1"},"canonical":"https:\/\/ollerpintures.com\/es\/producto\/sigmadur-550-ral-5014-azul-colombino\/","og_locale":"es_ES","og_type":"article","og_title":"RAL 5014 Sigmadur 550 RAL Azul Colombino 4L | Oller Pinturas","og_description":"Compra RAL 5014 Sigmadur 550 RAL Azul Colombino A+B 4L en presentaci\u00f3n de 4 litros: esmalte de poliuretano de 2 componentes PPG, RAL o color a medida.","og_url":"https:\/\/ollerpintures.com\/es\/producto\/sigmadur-550-ral-5014-azul-colombino\/","og_site_name":"Oller Pinturas y revestimientos","article_publisher":"https:\/\/www.facebook.com\/people\/Oller-Pintures\/100063652056709\/","article_modified_time":"2023-02-28T12:14:02+00:00","og_image":[{"width":1080,"height":1080,"url":"https:\/\/ollerpintures.com\/wp-content\/uploads\/2022\/05\/sigmadur-550-ral-5014-azul-colombino-comprar-online-oller.jpg","type":"image\/jpeg"}],"twitter_card":"summary_large_image","twitter_misc":{"Tiempo de lectura":"1 minuto"},"schema":{"@context":"https:\/\/schema.org","@graph":[{"@type":"WebPage","@id":"https:\/\/ollerpintures.com\/es\/producto\/sigmadur-550-ral-5014-azul-colombino\/","url":"https:\/\/ollerpintures.com\/es\/producto\/sigmadur-550-ral-5014-azul-colombino\/","name":"RAL 5014 Sigmadur 550 RAL Azul Colombino 4L | Oller Pinturas","isPartOf":{"@id":"https:\/\/ollerpintures.com\/es\/#website"},"primaryImageOfPage":{"@id":"https:\/\/ollerpintures.com\/es\/producto\/sigmadur-550-ral-5014-azul-colombino\/#primaryimage"},"image":{"@id":"https:\/\/ollerpintures.com\/es\/producto\/sigmadur-550-ral-5014-azul-colombino\/#primaryimage"},"thumbnailUrl":"https:\/\/ollerpintures.com\/wp-content\/uploads\/2022\/05\/sigmadur-550-ral-5014-azul-colombino-comprar-online-oller.jpg","datePublished":"2022-05-06T10:40:19+00:00","dateModified":"2023-02-28T12:14:02+00:00","description":"Compra RAL 5014 Sigmadur 550 RAL Azul Colombino A+B 4L en presentaci\u00f3n de 4 litros: esmalte de poliuretano de 2 componentes PPG, RAL o color a medida.","breadcrumb":{"@id":"https:\/\/ollerpintures.com\/es\/producto\/sigmadur-550-ral-5014-azul-colombino\/#breadcrumb"},"inLanguage":"es","potentialAction":[{"@type":"ReadAction","target":["https:\/\/ollerpintures.com\/es\/producto\/sigmadur-550-ral-5014-azul-colombino\/"]}]},{"@type":"ImageObject","inLanguage":"es","@id":"https:\/\/ollerpintures.com\/es\/producto\/sigmadur-550-ral-5014-azul-colombino\/#primaryimage","url":"https:\/\/ollerpintures.com\/wp-content\/uploads\/2022\/05\/sigmadur-550-ral-5014-azul-colombino-comprar-online-oller.jpg","contentUrl":"https:\/\/ollerpintures.com\/wp-content\/uploads\/2022\/05\/sigmadur-550-ral-5014-azul-colombino-comprar-online-oller.jpg","width":1080,"height":1080,"caption":"RAL 5014 Sigmadur 550 RAL Azul Colombino A+B 4L"},{"@type":"BreadcrumbList","@id":"https:\/\/ollerpintures.com\/es\/producto\/sigmadur-550-ral-5014-azul-colombino\/#breadcrumb","itemListElement":[{"@type":"ListItem","position":1,"name":"Inici","item":"https:\/\/ollerpintures.com\/es\/"},{"@type":"ListItem","position":2,"name":"Tienda","item":"https:\/\/ollerpintures.com\/es\/tienda\/"},{"@type":"ListItem","position":3,"name":"RAL 5014 Sigmadur 550 RAL Azul Colombino A+B 4L | Esmalte poliuretano de 2 componentes"}]},{"@type":"WebSite","@id":"https:\/\/ollerpintures.com\/es\/#website","url":"https:\/\/ollerpintures.com\/es\/","name":"Oller Pinturas y Revestimientos","description":"M\u00e1s de 50 a\u00f1os acompa\u00f1ando a profesionales y particulares con soluciones de pintura duraderas y sostenibles, seis tiendas de proximidad con servicio tintom\u00e9trico propio y un compromiso real con el oficio y las nuevas generaciones.","publisher":{"@id":"https:\/\/ollerpintures.com\/es\/#organization"},"alternateName":"Oller Grup","potentialAction":[{"@type":"SearchAction","target":{"@type":"EntryPoint","urlTemplate":"https:\/\/ollerpintures.com\/es\/?s={search_term_string}"},"query-input":{"@type":"PropertyValueSpecification","valueRequired":true,"valueName":"search_term_string"}}],"inLanguage":"es"},{"@type":"Organization","@id":"https:\/\/ollerpintures.com\/es\/#organization","name":"Oller Pintures i Revestiments","alternateName":"Oller Grup","url":"https:\/\/ollerpintures.com\/es\/","logo":{"@type":"ImageObject","inLanguage":"es","@id":"https:\/\/ollerpintures.com\/es\/#\/schema\/logo\/image\/","url":"https:\/\/ollerpintures.com\/wp-content\/uploads\/2024\/05\/newLogo.png","contentUrl":"https:\/\/ollerpintures.com\/wp-content\/uploads\/2024\/05\/newLogo.png","width":483,"height":244,"caption":"Oller Pintures i Revestiments"},"image":{"@id":"https:\/\/ollerpintures.com\/es\/#\/schema\/logo\/image\/"},"sameAs":["https:\/\/www.facebook.com\/people\/Oller-Pintures\/100063652056709\/","https:\/\/www.instagram.com\/ollerpintures\/","https:\/\/descriptor.es\/organization\/oller-grup\/"]}]}},"brands":[{"id":1896,"name":"PPG","slug":"ppg-2"}],"_links":{"self":[{"href":"https:\/\/ollerpintures.com\/es\/wp-json\/wp\/v2\/product\/20321","targetHints":{"allow":["GET"]}}],"collection":[{"href":"https:\/\/ollerpintures.com\/es\/wp-json\/wp\/v2\/product"}],"about":[{"href":"https:\/\/ollerpintures.com\/es\/wp-json\/wp\/v2\/types\/product"}],"wp:featuredmedia":[{"embeddable":true,"href":"https:\/\/ollerpintures.com\/es\/wp-json\/wp\/v2\/media\/20325"}],"wp:attachment":[{"href":"https:\/\/ollerpintures.com\/es\/wp-json\/wp\/v2\/media?parent=20321"}],"wp:term":[{"taxonomy":"pwb-brand","embeddable":true,"href":"https:\/\/ollerpintures.com\/es\/wp-json\/wp\/v2\/pwb-brand?post=20321"},{"taxonomy":"product_brand","embeddable":true,"href":"https:\/\/ollerpintures.com\/es\/wp-json\/wp\/v2\/product_brand?post=20321"},{"taxonomy":"product_cat","embeddable":true,"href":"https:\/\/ollerpintures.com\/es\/wp-json\/wp\/v2\/product_cat?post=20321"},{"taxonomy":"product_tag","embeddable":true,"href":"https:\/\/ollerpintures.com\/es\/wp-json\/wp\/v2\/product_tag?post=20321"}],"curies":[{"name":"wp","href":"https:\/\/api.w.org\/{rel}","templated":true}]}}