{"id":19852,"date":"2022-05-04T10:38:17","date_gmt":"2022-05-04T09:38:17","guid":{"rendered":"https:\/\/oller-pintures.c.wetopi.com\/?post_type=product&#038;p=19852"},"modified":"2025-03-17T18:11:30","modified_gmt":"2025-03-17T17:11:30","slug":"spray-mtn-pro-400ml-montana-colors","status":"publish","type":"product","link":"https:\/\/ollerpintures.com\/es\/producto\/spray-mtn-pro-400ml-montana-colors\/","title":{"rendered":"Spray MTN PRO 400ml | Montana Colors"},"content":{"rendered":"<p><strong>MTN PRO Pintura Color<\/strong> es una pintura en spray acr\u00edlica base disolvente brillante monocapa en aerosol, disponible en 43 colores RAL. Formulada con resinas acr\u00edlicas y pigmentos de alta calidad, adem\u00e1s de aditivos estabilizadores que ofrecen un acabado impecable. Conseguir\u00e1s perfectos resultados en interior y exterior.<\/p>\n<p>&nbsp;<\/p>\n<p>Debido a las caracter\u00edsticas del producto, es uno de los sprays m\u00e1s vers\u00e1tiles que existe hoy en d\u00eda. Es apto para muchos tipos de superficies.<\/p>\n<p><strong>Caracter\u00edsticas:<\/strong><\/p>\n<ul>\n<li>R\u00e1pido secado<\/li>\n<li>Buena elasticidad<\/li>\n<li>F\u00e1cil de aplicar y repintar<\/li>\n<li>Excelente adherencia<\/li>\n<li>Alto poder de cobertura<\/li>\n<li>Excelente brillo<\/li>\n<li>Elevada resistencia a la intemperie<\/li>\n<li>Resultados perfectos tanto en interior como en exterior<\/li>\n<\/ul>\n<p>&nbsp;<\/p>\n<p><strong>Aplicaciones destacadas:<\/strong><\/p>\n<ul>\n<li>Ideal para trabajos de bricolaje y profesionales sobre m\u00faltiples superficies: <strong>madera, <\/strong><strong>metal, acero inoxidable, vidrio, mimbre, yeso, cer\u00e1mica, piedra, tela, papel, papel <\/strong><strong>mach\u00e9 y pl\u00e1stico duro.<\/strong><\/li>\n<li>Sobre superficies complicadas prevenir una imprimaci\u00f3n o un ensayo previo.<\/li>\n<\/ul>\n<p><strong>C\u00f3mo pintar con MTN PRO Pintura Color:<\/strong><\/p>\n<ul>\n<li>Agite muy bien el aerosol antes de usar, aproximadamente un minuto despu\u00e9s<br \/>\nde o\u00edr el ruido del mezclador.<\/li>\n<li>Eliminar la corrosi\u00f3n con un cepillo de alambres.<\/li>\n<li>En pl\u00e1sticos como PS y PP aplicar una imprimaci\u00f3n de pl\u00e1sticos como anclaje.<\/li>\n<li>Aplicar en capas finas para obtener mejores resultados. Repintable a los diez minutos con la misma pintura.<\/li>\n<li>Permite un barnizado trasero.<\/li>\n<li>Despu\u00e9s de usar, invertir el aerosol para purgar la v\u00e1lvula. Si se atasca el difusor sustituirlo por otra vez.<\/li>\n<\/ul>\n<p>&nbsp;<\/p>\n<p><strong>*Los productos de pintura en aerosoles marca MTN BY MONTANA COLORS son posteriores al lote 22060<\/strong><\/p>\n","protected":false},"excerpt":{"rendered":"<p><strong>Caracter\u00edsticas:<\/strong><\/p>\n<ul>\n<li>R\u00e1pido secado<\/li>\n<li>Buena elasticidad<\/li>\n<li>F\u00e1cil de aplicar y repintar<\/li>\n<li>Excelente adherencia<\/li>\n<li>Alto poder de cobertura<\/li>\n<li>Excelente brillo<\/li>\n<li>Elevada resistencia a la intemperie<\/li>\n<li>Resultados perfectos tanto en interior como en exterior<\/li>\n<\/ul>\n<p><strong>*Los productos de pintura en aerosoles marca MTN BY MONTANA COLORS son posteriores al lote 22060<\/strong><\/p>\n","protected":false},"featured_media":20535,"template":"","meta":{"_acf_changed":false},"pwb-brand":[793],"product_brand":[],"product_cat":[633,709],"product_tag":[214,213,711,227,329],"class_list":{"0":"post-19852","1":"product","2":"type-product","3":"status-publish","4":"has-post-thumbnail","6":"pwb-brand-montana-es","7":"product_cat-sprays-es","8":"product_cat-spray-montana-es","9":"product_tag-exterior-es","10":"product_tag-interior-es","11":"product_tag-montana-es","12":"product_tag-multisuperficie-es","13":"product_tag-spray-es","14":"no-featured-image-padding","15":"resize-featured-image","16":"sales-flash-overlay","17":"woocommerce-text-align-left","18":"woocommerce-image-align-center","19":"do-quantity-buttons","20":"wc-has-gallery","22":"first","23":"instock","24":"featured","25":"shipping-taxable","26":"purchasable","27":"product-type-variable"},"acf":[],"yoast_head":"<!-- This site is optimized with the Yoast SEO plugin v27.1.1 - https:\/\/yoast.com\/product\/yoast-seo-wordpress\/ -->\n<title>Spray MTN PRO 400ml | Montana Colors - Oller Pinturas y revestimientos<\/title>\n<meta name=\"description\" content=\"Caracter\u00edsticas:   R\u00e1pido secado  Buena elasticidad  F\u00e1cil de aplicar y repintar  Excelente adherencia  Alto poder de cobertura  Excelente brillo  Elevada resistencia a la intemperie  Resultados perfectos tanto en interior como en exterior  *Los productos de pintura en aerosoles marca MTN BY MONTANA COLORS son posteriores al lote 22060\" \/>\n<meta name=\"robots\" content=\"index, follow, max-snippet:-1, max-image-preview:large, max-video-preview:-1\" \/>\n<link rel=\"canonical\" href=\"https:\/\/ollerpintures.com\/es\/producto\/spray-mtn-pro-400ml-montana-colors\/\" \/>\n<meta property=\"og:locale\" content=\"es_ES\" \/>\n<meta property=\"og:type\" content=\"article\" \/>\n<meta property=\"og:title\" content=\"Spray MTN PRO 400ml | Montana Colors - Oller Pinturas y revestimientos\" \/>\n<meta property=\"og:description\" content=\"Caracter\u00edsticas:   R\u00e1pido secado  Buena elasticidad  F\u00e1cil de aplicar y repintar  Excelente adherencia  Alto poder de cobertura  Excelente brillo  Elevada resistencia a la intemperie  Resultados perfectos tanto en interior como en exterior  *Los productos de pintura en aerosoles marca MTN BY MONTANA COLORS son posteriores al lote 22060\" \/>\n<meta property=\"og:url\" content=\"https:\/\/ollerpintures.com\/es\/producto\/spray-mtn-pro-400ml-montana-colors\/\" \/>\n<meta property=\"og:site_name\" content=\"Oller Pinturas y revestimientos\" \/>\n<meta property=\"article:publisher\" content=\"https:\/\/www.facebook.com\/people\/Oller-Pintures\/100063652056709\/\" \/>\n<meta property=\"article:modified_time\" content=\"2025-03-17T17:11:30+00:00\" \/>\n<meta property=\"og:image\" content=\"https:\/\/ollerpintures.com\/wp-content\/uploads\/2022\/05\/spray-mtn-PRO-comprar-online-oller-pintures-1.jpg\" \/>\n\t<meta property=\"og:image:width\" content=\"1080\" \/>\n\t<meta property=\"og:image:height\" content=\"1080\" \/>\n\t<meta property=\"og:image:type\" content=\"image\/jpeg\" \/>\n<meta name=\"twitter:card\" content=\"summary_large_image\" \/>\n<meta name=\"twitter:label1\" content=\"Tiempo de lectura\" \/>\n\t<meta name=\"twitter:data1\" content=\"1 minuto\" \/>\n<script type=\"application\/ld+json\" class=\"yoast-schema-graph\">{\"@context\":\"https:\/\/schema.org\",\"@graph\":[{\"@type\":\"WebPage\",\"@id\":\"https:\/\/ollerpintures.com\/es\/producto\/spray-mtn-pro-400ml-montana-colors\/\",\"url\":\"https:\/\/ollerpintures.com\/es\/producto\/spray-mtn-pro-400ml-montana-colors\/\",\"name\":\"Spray MTN PRO 400ml | Montana Colors - Oller Pinturas y revestimientos\",\"isPartOf\":{\"@id\":\"https:\/\/ollerpintures.com\/es\/#website\"},\"primaryImageOfPage\":{\"@id\":\"https:\/\/ollerpintures.com\/es\/producto\/spray-mtn-pro-400ml-montana-colors\/#primaryimage\"},\"image\":{\"@id\":\"https:\/\/ollerpintures.com\/es\/producto\/spray-mtn-pro-400ml-montana-colors\/#primaryimage\"},\"thumbnailUrl\":\"https:\/\/ollerpintures.com\/wp-content\/uploads\/2022\/05\/spray-mtn-PRO-comprar-online-oller-pintures-1.jpg\",\"datePublished\":\"2022-05-04T09:38:17+00:00\",\"dateModified\":\"2025-03-17T17:11:30+00:00\",\"description\":\"Caracter\u00edsticas: R\u00e1pido secado Buena elasticidad F\u00e1cil de aplicar y repintar Excelente adherencia Alto poder de cobertura Excelente brillo Elevada resistencia a la intemperie Resultados perfectos tanto en interior como en exterior *Los productos de pintura en aerosoles marca MTN BY MONTANA COLORS son posteriores al lote 22060\",\"breadcrumb\":{\"@id\":\"https:\/\/ollerpintures.com\/es\/producto\/spray-mtn-pro-400ml-montana-colors\/#breadcrumb\"},\"inLanguage\":\"es\",\"potentialAction\":[{\"@type\":\"ReadAction\",\"target\":[\"https:\/\/ollerpintures.com\/es\/producto\/spray-mtn-pro-400ml-montana-colors\/\"]}]},{\"@type\":\"ImageObject\",\"inLanguage\":\"es\",\"@id\":\"https:\/\/ollerpintures.com\/es\/producto\/spray-mtn-pro-400ml-montana-colors\/#primaryimage\",\"url\":\"https:\/\/ollerpintures.com\/wp-content\/uploads\/2022\/05\/spray-mtn-PRO-comprar-online-oller-pintures-1.jpg\",\"contentUrl\":\"https:\/\/ollerpintures.com\/wp-content\/uploads\/2022\/05\/spray-mtn-PRO-comprar-online-oller-pintures-1.jpg\",\"width\":1080,\"height\":1080,\"caption\":\"Spray MTN PRO Pintura Color\"},{\"@type\":\"BreadcrumbList\",\"@id\":\"https:\/\/ollerpintures.com\/es\/producto\/spray-mtn-pro-400ml-montana-colors\/#breadcrumb\",\"itemListElement\":[{\"@type\":\"ListItem\",\"position\":1,\"name\":\"Inici\",\"item\":\"https:\/\/ollerpintures.com\/es\/\"},{\"@type\":\"ListItem\",\"position\":2,\"name\":\"Tienda\",\"item\":\"https:\/\/ollerpintures.com\/es\/tienda\/\"},{\"@type\":\"ListItem\",\"position\":3,\"name\":\"Spray MTN PRO 400ml | Montana Colors\"}]},{\"@type\":\"WebSite\",\"@id\":\"https:\/\/ollerpintures.com\/es\/#website\",\"url\":\"https:\/\/ollerpintures.com\/es\/\",\"name\":\"Oller Pinturas y Revestimientos\",\"description\":\"M\u00e1s de 50 a\u00f1os acompa\u00f1ando a profesionales y particulares con soluciones de pintura duraderas y sostenibles, seis tiendas de proximidad con servicio tintom\u00e9trico propio y un compromiso real con el oficio y las nuevas generaciones.\",\"publisher\":{\"@id\":\"https:\/\/ollerpintures.com\/es\/#organization\"},\"alternateName\":\"Oller Grup\",\"potentialAction\":[{\"@type\":\"SearchAction\",\"target\":{\"@type\":\"EntryPoint\",\"urlTemplate\":\"https:\/\/ollerpintures.com\/es\/?s={search_term_string}\"},\"query-input\":{\"@type\":\"PropertyValueSpecification\",\"valueRequired\":true,\"valueName\":\"search_term_string\"}}],\"inLanguage\":\"es\"},{\"@type\":\"Organization\",\"@id\":\"https:\/\/ollerpintures.com\/es\/#organization\",\"name\":\"Oller Pintures i Revestiments\",\"alternateName\":\"Oller Grup\",\"url\":\"https:\/\/ollerpintures.com\/es\/\",\"logo\":{\"@type\":\"ImageObject\",\"inLanguage\":\"es\",\"@id\":\"https:\/\/ollerpintures.com\/es\/#\/schema\/logo\/image\/\",\"url\":\"https:\/\/ollerpintures.com\/wp-content\/uploads\/2024\/05\/newLogo.png\",\"contentUrl\":\"https:\/\/ollerpintures.com\/wp-content\/uploads\/2024\/05\/newLogo.png\",\"width\":483,\"height\":244,\"caption\":\"Oller Pintures i Revestiments\"},\"image\":{\"@id\":\"https:\/\/ollerpintures.com\/es\/#\/schema\/logo\/image\/\"},\"sameAs\":[\"https:\/\/www.facebook.com\/people\/Oller-Pintures\/100063652056709\/\",\"https:\/\/www.instagram.com\/ollerpintures\/\",\"https:\/\/descriptor.es\/organization\/oller-grup\/\"]}]}<\/script>\n<!-- \/ Yoast SEO plugin. -->","yoast_head_json":{"title":"Spray MTN PRO 400ml | Montana Colors - Oller Pinturas y revestimientos","description":"Caracter\u00edsticas:   R\u00e1pido secado  Buena elasticidad  F\u00e1cil de aplicar y repintar  Excelente adherencia  Alto poder de cobertura  Excelente brillo  Elevada resistencia a la intemperie  Resultados perfectos tanto en interior como en exterior  *Los productos de pintura en aerosoles marca MTN BY MONTANA COLORS son posteriores al lote 22060","robots":{"index":"index","follow":"follow","max-snippet":"max-snippet:-1","max-image-preview":"max-image-preview:large","max-video-preview":"max-video-preview:-1"},"canonical":"https:\/\/ollerpintures.com\/es\/producto\/spray-mtn-pro-400ml-montana-colors\/","og_locale":"es_ES","og_type":"article","og_title":"Spray MTN PRO 400ml | Montana Colors - Oller Pinturas y revestimientos","og_description":"Caracter\u00edsticas:   R\u00e1pido secado  Buena elasticidad  F\u00e1cil de aplicar y repintar  Excelente adherencia  Alto poder de cobertura  Excelente brillo  Elevada resistencia a la intemperie  Resultados perfectos tanto en interior como en exterior  *Los productos de pintura en aerosoles marca MTN BY MONTANA COLORS son posteriores al lote 22060","og_url":"https:\/\/ollerpintures.com\/es\/producto\/spray-mtn-pro-400ml-montana-colors\/","og_site_name":"Oller Pinturas y revestimientos","article_publisher":"https:\/\/www.facebook.com\/people\/Oller-Pintures\/100063652056709\/","article_modified_time":"2025-03-17T17:11:30+00:00","og_image":[{"width":1080,"height":1080,"url":"https:\/\/ollerpintures.com\/wp-content\/uploads\/2022\/05\/spray-mtn-PRO-comprar-online-oller-pintures-1.jpg","type":"image\/jpeg"}],"twitter_card":"summary_large_image","twitter_misc":{"Tiempo de lectura":"1 minuto"},"schema":{"@context":"https:\/\/schema.org","@graph":[{"@type":"WebPage","@id":"https:\/\/ollerpintures.com\/es\/producto\/spray-mtn-pro-400ml-montana-colors\/","url":"https:\/\/ollerpintures.com\/es\/producto\/spray-mtn-pro-400ml-montana-colors\/","name":"Spray MTN PRO 400ml | Montana Colors - Oller Pinturas y revestimientos","isPartOf":{"@id":"https:\/\/ollerpintures.com\/es\/#website"},"primaryImageOfPage":{"@id":"https:\/\/ollerpintures.com\/es\/producto\/spray-mtn-pro-400ml-montana-colors\/#primaryimage"},"image":{"@id":"https:\/\/ollerpintures.com\/es\/producto\/spray-mtn-pro-400ml-montana-colors\/#primaryimage"},"thumbnailUrl":"https:\/\/ollerpintures.com\/wp-content\/uploads\/2022\/05\/spray-mtn-PRO-comprar-online-oller-pintures-1.jpg","datePublished":"2022-05-04T09:38:17+00:00","dateModified":"2025-03-17T17:11:30+00:00","description":"Caracter\u00edsticas: R\u00e1pido secado Buena elasticidad F\u00e1cil de aplicar y repintar Excelente adherencia Alto poder de cobertura Excelente brillo Elevada resistencia a la intemperie Resultados perfectos tanto en interior como en exterior *Los productos de pintura en aerosoles marca MTN BY MONTANA COLORS son posteriores al lote 22060","breadcrumb":{"@id":"https:\/\/ollerpintures.com\/es\/producto\/spray-mtn-pro-400ml-montana-colors\/#breadcrumb"},"inLanguage":"es","potentialAction":[{"@type":"ReadAction","target":["https:\/\/ollerpintures.com\/es\/producto\/spray-mtn-pro-400ml-montana-colors\/"]}]},{"@type":"ImageObject","inLanguage":"es","@id":"https:\/\/ollerpintures.com\/es\/producto\/spray-mtn-pro-400ml-montana-colors\/#primaryimage","url":"https:\/\/ollerpintures.com\/wp-content\/uploads\/2022\/05\/spray-mtn-PRO-comprar-online-oller-pintures-1.jpg","contentUrl":"https:\/\/ollerpintures.com\/wp-content\/uploads\/2022\/05\/spray-mtn-PRO-comprar-online-oller-pintures-1.jpg","width":1080,"height":1080,"caption":"Spray MTN PRO Pintura Color"},{"@type":"BreadcrumbList","@id":"https:\/\/ollerpintures.com\/es\/producto\/spray-mtn-pro-400ml-montana-colors\/#breadcrumb","itemListElement":[{"@type":"ListItem","position":1,"name":"Inici","item":"https:\/\/ollerpintures.com\/es\/"},{"@type":"ListItem","position":2,"name":"Tienda","item":"https:\/\/ollerpintures.com\/es\/tienda\/"},{"@type":"ListItem","position":3,"name":"Spray MTN PRO 400ml | Montana Colors"}]},{"@type":"WebSite","@id":"https:\/\/ollerpintures.com\/es\/#website","url":"https:\/\/ollerpintures.com\/es\/","name":"Oller Pinturas y Revestimientos","description":"M\u00e1s de 50 a\u00f1os acompa\u00f1ando a profesionales y particulares con soluciones de pintura duraderas y sostenibles, seis tiendas de proximidad con servicio tintom\u00e9trico propio y un compromiso real con el oficio y las nuevas generaciones.","publisher":{"@id":"https:\/\/ollerpintures.com\/es\/#organization"},"alternateName":"Oller Grup","potentialAction":[{"@type":"SearchAction","target":{"@type":"EntryPoint","urlTemplate":"https:\/\/ollerpintures.com\/es\/?s={search_term_string}"},"query-input":{"@type":"PropertyValueSpecification","valueRequired":true,"valueName":"search_term_string"}}],"inLanguage":"es"},{"@type":"Organization","@id":"https:\/\/ollerpintures.com\/es\/#organization","name":"Oller Pintures i Revestiments","alternateName":"Oller Grup","url":"https:\/\/ollerpintures.com\/es\/","logo":{"@type":"ImageObject","inLanguage":"es","@id":"https:\/\/ollerpintures.com\/es\/#\/schema\/logo\/image\/","url":"https:\/\/ollerpintures.com\/wp-content\/uploads\/2024\/05\/newLogo.png","contentUrl":"https:\/\/ollerpintures.com\/wp-content\/uploads\/2024\/05\/newLogo.png","width":483,"height":244,"caption":"Oller Pintures i Revestiments"},"image":{"@id":"https:\/\/ollerpintures.com\/es\/#\/schema\/logo\/image\/"},"sameAs":["https:\/\/www.facebook.com\/people\/Oller-Pintures\/100063652056709\/","https:\/\/www.instagram.com\/ollerpintures\/","https:\/\/descriptor.es\/organization\/oller-grup\/"]}]}},"brands":[{"id":793,"name":"Montana","slug":"montana-es"}],"_links":{"self":[{"href":"https:\/\/ollerpintures.com\/es\/wp-json\/wp\/v2\/product\/19852","targetHints":{"allow":["GET"]}}],"collection":[{"href":"https:\/\/ollerpintures.com\/es\/wp-json\/wp\/v2\/product"}],"about":[{"href":"https:\/\/ollerpintures.com\/es\/wp-json\/wp\/v2\/types\/product"}],"wp:featuredmedia":[{"embeddable":true,"href":"https:\/\/ollerpintures.com\/es\/wp-json\/wp\/v2\/media\/20535"}],"wp:attachment":[{"href":"https:\/\/ollerpintures.com\/es\/wp-json\/wp\/v2\/media?parent=19852"}],"wp:term":[{"taxonomy":"pwb-brand","embeddable":true,"href":"https:\/\/ollerpintures.com\/es\/wp-json\/wp\/v2\/pwb-brand?post=19852"},{"taxonomy":"product_brand","embeddable":true,"href":"https:\/\/ollerpintures.com\/es\/wp-json\/wp\/v2\/product_brand?post=19852"},{"taxonomy":"product_cat","embeddable":true,"href":"https:\/\/ollerpintures.com\/es\/wp-json\/wp\/v2\/product_cat?post=19852"},{"taxonomy":"product_tag","embeddable":true,"href":"https:\/\/ollerpintures.com\/es\/wp-json\/wp\/v2\/product_tag?post=19852"}],"curies":[{"name":"wp","href":"https:\/\/api.w.org\/{rel}","templated":true}]}}