{"id":18375,"date":"2022-03-09T09:45:16","date_gmt":"2022-03-09T08:45:16","guid":{"rendered":"https:\/\/oller-pintures.c.wetopi.com\/?post_type=product&#038;p=18375"},"modified":"2023-02-28T10:08:15","modified_gmt":"2023-02-28T09:08:15","slug":"tratamiento-para-tarima-de-madera","status":"publish","type":"product","link":"https:\/\/ollerpintures.com\/es\/producto\/tratamiento-para-tarima-de-madera\/","title":{"rendered":"Pack PINTURA PARA TARIMA DE MADERA | Pack lasur para madera + limpiador biodegradable + herramientas"},"content":{"rendered":"<p>Te recomendamos todos los productos que necesitas para hacer un buen tratamiento de una tarima de madera de jard\u00edn. Te lo ponemos muy f\u00e1cil con este pack para tratar tarimas de madera con garant\u00eda. Asegura un buen resultado gracias a la calidad profesional de nuestra pintura:<\/p>\n<p><strong>\u00bfQu\u00e9 contempla este kit de pintura para tarima de madera?<\/strong><\/p>\n<p><img decoding=\"async\" class=\"emoji ls-is-cached lazyloaded\" role=\"img\" draggable=\"false\" src=\"https:\/\/s.w.org\/images\/core\/emoji\/13.1.0\/svg\/2705.svg\" alt=\"\u2705\" data-src=\"https:\/\/s.w.org\/images\/core\/emoji\/13.1.0\/svg\/2705.svg\" \/> <a href=\"https:\/\/ollerpintures.com\/producto\/limpiador-biodegradable-para-madera-net-trol-owatrol\/\" target=\"_blank\" rel=\"noopener\">Limpiador biodegradable* para madera Net-Trol OWATROL 2,5L<\/a><\/p>\n<p><img decoding=\"async\" class=\"emoji ls-is-cached lazyloaded\" role=\"img\" draggable=\"false\" src=\"https:\/\/s.w.org\/images\/core\/emoji\/13.1.0\/svg\/2705.svg\" alt=\"\u2705\" data-src=\"https:\/\/s.w.org\/images\/core\/emoji\/13.1.0\/svg\/2705.svg\" \/> 2 lasures para tarimas de madera SIKKENS Cetol BL Hydratol 2,5L<\/p>\n<ul>\n<li>Color <a href=\"https:\/\/ollerpintures.com\/producto\/pintura-para-tarimas-de-madera-lasur-sikkens-cetol-bl-hydratol-teka\/\" target=\"_blank\" rel=\"noopener\">Teka<\/a><\/li>\n<li>Color <a href=\"https:\/\/ollerpintures.com\/producto\/pintura-para-tarimas-de-madera-lasur-sikkens-cetol-bl-hydratol-roble-claro\/\" target=\"_blank\" rel=\"noopener\">Roble Claro<\/a><\/li>\n<\/ul>\n<p><img decoding=\"async\" class=\"emoji ls-is-cached lazyloaded\" role=\"img\" draggable=\"false\" src=\"https:\/\/s.w.org\/images\/core\/emoji\/13.1.0\/svg\/2705.svg\" alt=\"\u2705\" data-src=\"https:\/\/s.w.org\/images\/core\/emoji\/13.1.0\/svg\/2705.svg\" \/> <a href=\"https:\/\/ollerpintures.com\/producto\/pad-madera-hilo-largo\/\" target=\"_blank\" rel=\"noopener\">PAD<\/a> + <a href=\"https:\/\/ollerpintures.com\/producto\/alargo-aluminio-para-rodillo-2m\/\" target=\"_blank\" rel=\"noopener\">alargo de aluminio<\/a> \u2192 para la c\u00f3moda y correcta aplicaci\u00f3n del lasur<\/p>\n<p><img decoding=\"async\" class=\"emoji ls-is-cached lazyloaded\" role=\"img\" draggable=\"false\" src=\"https:\/\/s.w.org\/images\/core\/emoji\/13.1.0\/svg\/2705.svg\" alt=\"\u2705\" data-src=\"https:\/\/s.w.org\/images\/core\/emoji\/13.1.0\/svg\/2705.svg\" \/> <a href=\"https:\/\/ollerpintures.com\/producto\/cubeta-de-plastico-16l-con-rejilla-per-pintar\/\" target=\"_blank\" rel=\"noopener\">Cubeta de pl\u00e1stico de 16L con rejilla<\/a><\/p>\n<p><strong>Recomendaci\u00f3n<\/strong> <strong>extra:<\/strong><\/p>\n<p><img decoding=\"async\" class=\"emoji ls-is-cached lazyloaded\" role=\"img\" draggable=\"false\" src=\"https:\/\/s.w.org\/images\/core\/emoji\/13.1.0\/svg\/2705.svg\" alt=\"\u2705\" data-src=\"https:\/\/s.w.org\/images\/core\/emoji\/13.1.0\/svg\/2705.svg\" \/> <a href=\"https:\/\/ollerpintures.com\/producto\/hidrolimpiadora-stanley-1600w-125-bar-motor-420l-h-motor-universal\/\" target=\"_blank\" rel=\"noopener\">Hidrolimpiadora STANLEY<\/a> \u2192 Te ayudar\u00e1 con el primer paso del proceso: limpieza a fondo de la superficie. \u00a1Har\u00e1 el proceso m\u00e1s sencillo y r\u00e1pido y podr\u00e1s empezar a pintar mucho antes!<\/p>\n<p>&nbsp;<\/p>\n<p><a href=\"https:\/\/ollerpintures.com\/tarima-de-madera-para-piscina-tratamiento-de-la-madera\/\" target=\"_blank\" rel=\"noopener\"><strong>\u00bfC\u00f3mo hacer un buen tratamiento de una tarima de madera?<\/strong><\/a><\/p>\n<ol>\n<li><strong>Limpieza a fondo de la superficie<\/strong> \u2192 utiliza Net-Trol OWATROL despu\u00e9s de haber limpiado la tarima con agua a presi\u00f3n.<\/li>\n<li><strong>Aplica el lasur Cetol BL Hydratol<\/strong> con la ayuda de un PAD + alargo de aluminio.<\/li>\n<li>Respeta los tiempos de secado (<em>consultar fichas t\u00e9cnicas de la pintura para tarima de madera y materiales<\/em>) \u00a1y a disfrutar del jard\u00edn!<\/li>\n<\/ol>\n<p>* \u00bf<a href=\"https:\/\/es.wikipedia.org\/wiki\/Biodegradabilidad\" target=\"_blank\" rel=\"noopener\">Qu\u00e9 es<\/a> un producto biodegradable como el limpiador Net-Trol para madera?<\/p>\n","protected":false},"excerpt":{"rendered":"<p><strong>Kit para pintar tarimas de madera:<\/strong> limpiador biodegradable Net-Trol, pintura lasur para madera, cubeta con rejilla, PAD, extensi\u00f3n de aluminio para rodillo. <span style=\"color: #ff6600;\"><strong>\u00a1Escoge el color que prefieras para la tarima de madera y aprovecha el pack para pintar c\u00f3modamente y preparar el jard\u00edn antes que llegue verano!<\/strong><\/span><\/p>\n","protected":false},"featured_media":18379,"template":"","meta":{"_acf_changed":false},"pwb-brand":[788],"product_brand":[],"product_cat":[201,825,841,837,541,220],"product_tag":[738,537,675,827],"class_list":{"0":"post-18375","1":"product","2":"type-product","3":"status-publish","4":"has-post-thumbnail","6":"pwb-brand-zenko-es","7":"product_cat-pintura-es","8":"product_cat-tratamiento-para-madera-y-jardin","9":"product_cat-limpiadores-y-decapantes","10":"product_cat-lasur-protector-es","11":"product_cat-pintura-para-madera","12":"product_cat-productos-outlet","13":"product_tag-jardin","14":"product_tag-madera","15":"product_tag-pack-es","16":"product_tag-tarimas-de-madera","17":"no-featured-image-padding","18":"resize-featured-image","19":"sales-flash-overlay","20":"woocommerce-text-align-left","21":"woocommerce-image-align-center","22":"do-quantity-buttons","24":"first","25":"instock","26":"shipping-taxable","27":"purchasable","28":"product-type-variable"},"acf":[],"yoast_head":"<!-- This site is optimized with the Yoast SEO plugin v27.1.1 - https:\/\/yoast.com\/product\/yoast-seo-wordpress\/ -->\n<title>Pack pintura para tarima de madera | Pack lasur | Oller Pinturas<\/title>\n<meta name=\"description\" content=\"El Pack pintura para tarima de madera que te permite conservar y proteger tarimas y superficies verticales de madera con material y pinturas profesionales.\" \/>\n<meta name=\"robots\" content=\"index, follow, max-snippet:-1, max-image-preview:large, max-video-preview:-1\" \/>\n<link rel=\"canonical\" href=\"https:\/\/ollerpintures.com\/es\/producto\/tratamiento-para-tarima-de-madera\/\" \/>\n<meta property=\"og:locale\" content=\"es_ES\" \/>\n<meta property=\"og:type\" content=\"article\" \/>\n<meta property=\"og:title\" content=\"Pack pintura para tarima de madera | Pack lasur | Oller Pinturas\" \/>\n<meta property=\"og:description\" content=\"El Pack pintura para tarima de madera que te permite conservar y proteger tarimas y superficies verticales de madera con material y pinturas profesionales.\" \/>\n<meta property=\"og:url\" content=\"https:\/\/ollerpintures.com\/es\/producto\/tratamiento-para-tarima-de-madera\/\" \/>\n<meta property=\"og:site_name\" content=\"Oller Pinturas y revestimientos\" \/>\n<meta property=\"article:publisher\" content=\"https:\/\/www.facebook.com\/people\/Oller-Pintures\/100063652056709\/\" \/>\n<meta property=\"article:modified_time\" content=\"2023-02-28T09:08:15+00:00\" \/>\n<meta property=\"og:image\" content=\"https:\/\/ollerpintures.com\/wp-content\/uploads\/2022\/03\/pintura-piscina-fibra-pack-online-oller-290x290.jpg\" \/>\n<meta name=\"twitter:card\" content=\"summary_large_image\" \/>\n<meta name=\"twitter:label1\" content=\"Tiempo de lectura\" \/>\n\t<meta name=\"twitter:data1\" content=\"3 minutos\" \/>\n<script type=\"application\/ld+json\" class=\"yoast-schema-graph\">{\"@context\":\"https:\/\/schema.org\",\"@graph\":[{\"@type\":\"WebPage\",\"@id\":\"https:\/\/ollerpintures.com\/es\/producto\/tratamiento-para-tarima-de-madera\/\",\"url\":\"https:\/\/ollerpintures.com\/es\/producto\/tratamiento-para-tarima-de-madera\/\",\"name\":\"Pack pintura para tarima de madera | Pack lasur | Oller Pinturas\",\"isPartOf\":{\"@id\":\"https:\/\/ollerpintures.com\/es\/#website\"},\"primaryImageOfPage\":{\"@id\":\"https:\/\/ollerpintures.com\/es\/producto\/tratamiento-para-tarima-de-madera\/#primaryimage\"},\"image\":{\"@id\":\"https:\/\/ollerpintures.com\/es\/producto\/tratamiento-para-tarima-de-madera\/#primaryimage\"},\"thumbnailUrl\":\"https:\/\/ollerpintures.com\/wp-content\/uploads\/2022\/03\/pintura-para-tratamiento-tarima-de-madera-lasur-sikkens-hydratol-net-trol-comprar-online-oller-pintures.jpg\",\"datePublished\":\"2022-03-09T08:45:16+00:00\",\"dateModified\":\"2023-02-28T09:08:15+00:00\",\"description\":\"El Pack pintura para tarima de madera que te permite conservar y proteger tarimas y superficies verticales de madera con material y pinturas profesionales.\",\"breadcrumb\":{\"@id\":\"https:\/\/ollerpintures.com\/es\/producto\/tratamiento-para-tarima-de-madera\/#breadcrumb\"},\"inLanguage\":\"es\",\"potentialAction\":[{\"@type\":\"ReadAction\",\"target\":[\"https:\/\/ollerpintures.com\/es\/producto\/tratamiento-para-tarima-de-madera\/\"]}]},{\"@type\":\"ImageObject\",\"inLanguage\":\"es\",\"@id\":\"https:\/\/ollerpintures.com\/es\/producto\/tratamiento-para-tarima-de-madera\/#primaryimage\",\"url\":\"https:\/\/ollerpintures.com\/wp-content\/uploads\/2022\/03\/pintura-para-tratamiento-tarima-de-madera-lasur-sikkens-hydratol-net-trol-comprar-online-oller-pintures.jpg\",\"contentUrl\":\"https:\/\/ollerpintures.com\/wp-content\/uploads\/2022\/03\/pintura-para-tratamiento-tarima-de-madera-lasur-sikkens-hydratol-net-trol-comprar-online-oller-pintures.jpg\",\"width\":1080,\"height\":1080,\"caption\":\"El Pack pintura para tarima de madera que te permite conservar y proteger tarimas y superficies verticales de madera con material y pinturas profesionales.\"},{\"@type\":\"BreadcrumbList\",\"@id\":\"https:\/\/ollerpintures.com\/es\/producto\/tratamiento-para-tarima-de-madera\/#breadcrumb\",\"itemListElement\":[{\"@type\":\"ListItem\",\"position\":1,\"name\":\"Inici\",\"item\":\"https:\/\/ollerpintures.com\/es\/\"},{\"@type\":\"ListItem\",\"position\":2,\"name\":\"Tienda\",\"item\":\"https:\/\/ollerpintures.com\/es\/tienda\/\"},{\"@type\":\"ListItem\",\"position\":3,\"name\":\"Pack PINTURA PARA TARIMA DE MADERA | Pack lasur para madera + limpiador biodegradable + herramientas\"}]},{\"@type\":\"WebSite\",\"@id\":\"https:\/\/ollerpintures.com\/es\/#website\",\"url\":\"https:\/\/ollerpintures.com\/es\/\",\"name\":\"Oller Pinturas y Revestimientos\",\"description\":\"M\u00e1s de 50 a\u00f1os acompa\u00f1ando a profesionales y particulares con soluciones de pintura duraderas y sostenibles, seis tiendas de proximidad con servicio tintom\u00e9trico propio y un compromiso real con el oficio y las nuevas generaciones.\",\"publisher\":{\"@id\":\"https:\/\/ollerpintures.com\/es\/#organization\"},\"alternateName\":\"Oller Grup\",\"potentialAction\":[{\"@type\":\"SearchAction\",\"target\":{\"@type\":\"EntryPoint\",\"urlTemplate\":\"https:\/\/ollerpintures.com\/es\/?s={search_term_string}\"},\"query-input\":{\"@type\":\"PropertyValueSpecification\",\"valueRequired\":true,\"valueName\":\"search_term_string\"}}],\"inLanguage\":\"es\"},{\"@type\":\"Organization\",\"@id\":\"https:\/\/ollerpintures.com\/es\/#organization\",\"name\":\"Oller Pintures i Revestiments\",\"alternateName\":\"Oller Grup\",\"url\":\"https:\/\/ollerpintures.com\/es\/\",\"logo\":{\"@type\":\"ImageObject\",\"inLanguage\":\"es\",\"@id\":\"https:\/\/ollerpintures.com\/es\/#\/schema\/logo\/image\/\",\"url\":\"https:\/\/ollerpintures.com\/wp-content\/uploads\/2024\/05\/newLogo.png\",\"contentUrl\":\"https:\/\/ollerpintures.com\/wp-content\/uploads\/2024\/05\/newLogo.png\",\"width\":483,\"height\":244,\"caption\":\"Oller Pintures i Revestiments\"},\"image\":{\"@id\":\"https:\/\/ollerpintures.com\/es\/#\/schema\/logo\/image\/\"},\"sameAs\":[\"https:\/\/www.facebook.com\/people\/Oller-Pintures\/100063652056709\/\",\"https:\/\/www.instagram.com\/ollerpintures\/\",\"https:\/\/descriptor.es\/organization\/oller-grup\/\"]}]}<\/script>\n<!-- \/ Yoast SEO plugin. -->","yoast_head_json":{"title":"Pack pintura para tarima de madera | Pack lasur | Oller Pinturas","description":"El Pack pintura para tarima de madera que te permite conservar y proteger tarimas y superficies verticales de madera con material y pinturas profesionales.","robots":{"index":"index","follow":"follow","max-snippet":"max-snippet:-1","max-image-preview":"max-image-preview:large","max-video-preview":"max-video-preview:-1"},"canonical":"https:\/\/ollerpintures.com\/es\/producto\/tratamiento-para-tarima-de-madera\/","og_locale":"es_ES","og_type":"article","og_title":"Pack pintura para tarima de madera | Pack lasur | Oller Pinturas","og_description":"El Pack pintura para tarima de madera que te permite conservar y proteger tarimas y superficies verticales de madera con material y pinturas profesionales.","og_url":"https:\/\/ollerpintures.com\/es\/producto\/tratamiento-para-tarima-de-madera\/","og_site_name":"Oller Pinturas y revestimientos","article_publisher":"https:\/\/www.facebook.com\/people\/Oller-Pintures\/100063652056709\/","article_modified_time":"2023-02-28T09:08:15+00:00","og_image":[{"url":"https:\/\/ollerpintures.com\/wp-content\/uploads\/2022\/03\/pintura-piscina-fibra-pack-online-oller-290x290.jpg","type":"","width":"","height":""}],"twitter_card":"summary_large_image","twitter_misc":{"Tiempo de lectura":"3 minutos"},"schema":{"@context":"https:\/\/schema.org","@graph":[{"@type":"WebPage","@id":"https:\/\/ollerpintures.com\/es\/producto\/tratamiento-para-tarima-de-madera\/","url":"https:\/\/ollerpintures.com\/es\/producto\/tratamiento-para-tarima-de-madera\/","name":"Pack pintura para tarima de madera | Pack lasur | Oller Pinturas","isPartOf":{"@id":"https:\/\/ollerpintures.com\/es\/#website"},"primaryImageOfPage":{"@id":"https:\/\/ollerpintures.com\/es\/producto\/tratamiento-para-tarima-de-madera\/#primaryimage"},"image":{"@id":"https:\/\/ollerpintures.com\/es\/producto\/tratamiento-para-tarima-de-madera\/#primaryimage"},"thumbnailUrl":"https:\/\/ollerpintures.com\/wp-content\/uploads\/2022\/03\/pintura-para-tratamiento-tarima-de-madera-lasur-sikkens-hydratol-net-trol-comprar-online-oller-pintures.jpg","datePublished":"2022-03-09T08:45:16+00:00","dateModified":"2023-02-28T09:08:15+00:00","description":"El Pack pintura para tarima de madera que te permite conservar y proteger tarimas y superficies verticales de madera con material y pinturas profesionales.","breadcrumb":{"@id":"https:\/\/ollerpintures.com\/es\/producto\/tratamiento-para-tarima-de-madera\/#breadcrumb"},"inLanguage":"es","potentialAction":[{"@type":"ReadAction","target":["https:\/\/ollerpintures.com\/es\/producto\/tratamiento-para-tarima-de-madera\/"]}]},{"@type":"ImageObject","inLanguage":"es","@id":"https:\/\/ollerpintures.com\/es\/producto\/tratamiento-para-tarima-de-madera\/#primaryimage","url":"https:\/\/ollerpintures.com\/wp-content\/uploads\/2022\/03\/pintura-para-tratamiento-tarima-de-madera-lasur-sikkens-hydratol-net-trol-comprar-online-oller-pintures.jpg","contentUrl":"https:\/\/ollerpintures.com\/wp-content\/uploads\/2022\/03\/pintura-para-tratamiento-tarima-de-madera-lasur-sikkens-hydratol-net-trol-comprar-online-oller-pintures.jpg","width":1080,"height":1080,"caption":"El Pack pintura para tarima de madera que te permite conservar y proteger tarimas y superficies verticales de madera con material y pinturas profesionales."},{"@type":"BreadcrumbList","@id":"https:\/\/ollerpintures.com\/es\/producto\/tratamiento-para-tarima-de-madera\/#breadcrumb","itemListElement":[{"@type":"ListItem","position":1,"name":"Inici","item":"https:\/\/ollerpintures.com\/es\/"},{"@type":"ListItem","position":2,"name":"Tienda","item":"https:\/\/ollerpintures.com\/es\/tienda\/"},{"@type":"ListItem","position":3,"name":"Pack PINTURA PARA TARIMA DE MADERA | Pack lasur para madera + limpiador biodegradable + herramientas"}]},{"@type":"WebSite","@id":"https:\/\/ollerpintures.com\/es\/#website","url":"https:\/\/ollerpintures.com\/es\/","name":"Oller Pinturas y Revestimientos","description":"M\u00e1s de 50 a\u00f1os acompa\u00f1ando a profesionales y particulares con soluciones de pintura duraderas y sostenibles, seis tiendas de proximidad con servicio tintom\u00e9trico propio y un compromiso real con el oficio y las nuevas generaciones.","publisher":{"@id":"https:\/\/ollerpintures.com\/es\/#organization"},"alternateName":"Oller Grup","potentialAction":[{"@type":"SearchAction","target":{"@type":"EntryPoint","urlTemplate":"https:\/\/ollerpintures.com\/es\/?s={search_term_string}"},"query-input":{"@type":"PropertyValueSpecification","valueRequired":true,"valueName":"search_term_string"}}],"inLanguage":"es"},{"@type":"Organization","@id":"https:\/\/ollerpintures.com\/es\/#organization","name":"Oller Pintures i Revestiments","alternateName":"Oller Grup","url":"https:\/\/ollerpintures.com\/es\/","logo":{"@type":"ImageObject","inLanguage":"es","@id":"https:\/\/ollerpintures.com\/es\/#\/schema\/logo\/image\/","url":"https:\/\/ollerpintures.com\/wp-content\/uploads\/2024\/05\/newLogo.png","contentUrl":"https:\/\/ollerpintures.com\/wp-content\/uploads\/2024\/05\/newLogo.png","width":483,"height":244,"caption":"Oller Pintures i Revestiments"},"image":{"@id":"https:\/\/ollerpintures.com\/es\/#\/schema\/logo\/image\/"},"sameAs":["https:\/\/www.facebook.com\/people\/Oller-Pintures\/100063652056709\/","https:\/\/www.instagram.com\/ollerpintures\/","https:\/\/descriptor.es\/organization\/oller-grup\/"]}]}},"brands":[{"id":788,"name":"Zenko","slug":"zenko-es"}],"_links":{"self":[{"href":"https:\/\/ollerpintures.com\/es\/wp-json\/wp\/v2\/product\/18375","targetHints":{"allow":["GET"]}}],"collection":[{"href":"https:\/\/ollerpintures.com\/es\/wp-json\/wp\/v2\/product"}],"about":[{"href":"https:\/\/ollerpintures.com\/es\/wp-json\/wp\/v2\/types\/product"}],"wp:featuredmedia":[{"embeddable":true,"href":"https:\/\/ollerpintures.com\/es\/wp-json\/wp\/v2\/media\/18379"}],"wp:attachment":[{"href":"https:\/\/ollerpintures.com\/es\/wp-json\/wp\/v2\/media?parent=18375"}],"wp:term":[{"taxonomy":"pwb-brand","embeddable":true,"href":"https:\/\/ollerpintures.com\/es\/wp-json\/wp\/v2\/pwb-brand?post=18375"},{"taxonomy":"product_brand","embeddable":true,"href":"https:\/\/ollerpintures.com\/es\/wp-json\/wp\/v2\/product_brand?post=18375"},{"taxonomy":"product_cat","embeddable":true,"href":"https:\/\/ollerpintures.com\/es\/wp-json\/wp\/v2\/product_cat?post=18375"},{"taxonomy":"product_tag","embeddable":true,"href":"https:\/\/ollerpintures.com\/es\/wp-json\/wp\/v2\/product_tag?post=18375"}],"curies":[{"name":"wp","href":"https:\/\/api.w.org\/{rel}","templated":true}]}}