{"id":18346,"date":"2022-03-07T12:57:04","date_gmt":"2022-03-07T11:57:04","guid":{"rendered":"https:\/\/oller-pintures.c.wetopi.com\/?post_type=product&#038;p=18346"},"modified":"2023-02-28T09:44:11","modified_gmt":"2023-02-28T08:44:11","slug":"kit-tratamiento-para-tarima-madera","status":"publish","type":"product","link":"https:\/\/ollerpintures.com\/es\/producto\/kit-tratamiento-para-tarima-madera\/","title":{"rendered":"Pack para tratamiento de tarimas de madera | \u00a1Hazlo a tu gusto!"},"content":{"rendered":"<p>\u00bfTienes que reparar una tarima de madera de jard\u00edn? Te proponemos un kit de productos para el tratamiento de madera ideal si la tarima est\u00e1 cerca de una zona con c\u00e9sped. Utiliza productos biodegradables para no da\u00f1arla y mantener el jard\u00edn en perfecto estado de cara al buen tiempo. A continuaci\u00f3n puedes escoger los productos que mejor se ajusten a tu proyecto con las cantidades que necesites.<\/p>\n<p><strong>\u00bfQu\u00e9 te ofrecemos en este pack?\u00a0<\/strong><\/p>\n<p>El Pack para tratamiento de tarimas de madera incluye:<\/p>\n<p><img decoding=\"async\" class=\"emoji ls-is-cached lazyloaded\" role=\"img\" draggable=\"false\" src=\"https:\/\/s.w.org\/images\/core\/emoji\/13.1.0\/svg\/2705.svg\" alt=\"\u2705\" data-src=\"https:\/\/s.w.org\/images\/core\/emoji\/13.1.0\/svg\/2705.svg\" \/> <a href=\"https:\/\/ollerpintures.com\/producto\/limpiador-biodegradable-para-madera-net-trol-owatrol\/\" target=\"_blank\" rel=\"noopener\">Limpiador Biodegradable para madera Net-Trol OWATROL<\/a><\/p>\n<ul>\n<li>Limpiador de 1L<\/li>\n<li>Limpiador de 2,5L<\/li>\n<\/ul>\n<p><img decoding=\"async\" class=\"emoji ls-is-cached lazyloaded\" role=\"img\" draggable=\"false\" src=\"https:\/\/s.w.org\/images\/core\/emoji\/13.1.0\/svg\/2705.svg\" alt=\"\u2705\" data-src=\"https:\/\/s.w.org\/images\/core\/emoji\/13.1.0\/svg\/2705.svg\" \/> Lasur para tarimas de madera SIKKENS Cetol BL Hydratol<\/p>\n<ul>\n<li><a href=\"https:\/\/ollerpintures.com\/producto\/pintura-para-tarimas-de-madera-lasur-sikkens-cetol-bl-hydratol-teka\/\" target=\"_blank\" rel=\"noopener\">Color Teka<\/a>\n<ul>\n<li>Lasur de 1L<\/li>\n<li>Lasur de 2,5L<\/li>\n<li>Lasur de 10L<\/li>\n<\/ul>\n<\/li>\n<li><a href=\"https:\/\/ollerpintures.com\/producto\/pintura-para-tarimas-de-madera-lasur-sikkens-cetol-bl-hydratol-roble-claro\/\" target=\"_blank\" rel=\"noopener\">Color Roble Claro<\/a>\n<ul>\n<li>Lasur de 1L<\/li>\n<li>Lasur de 2,5L<\/li>\n<li>Lasur de 10L<\/li>\n<\/ul>\n<\/li>\n<\/ul>\n<p><img decoding=\"async\" class=\"emoji ls-is-cached lazyloaded\" role=\"img\" draggable=\"false\" src=\"https:\/\/s.w.org\/images\/core\/emoji\/13.1.0\/svg\/2705.svg\" alt=\"\u2705\" data-src=\"https:\/\/s.w.org\/images\/core\/emoji\/13.1.0\/svg\/2705.svg\" \/> <a href=\"https:\/\/ollerpintures.com\/producto\/pad-madera-hilo-largo\/\" target=\"_blank\" rel=\"noopener\">PAD<\/a> + <a href=\"https:\/\/ollerpintures.com\/producto\/alargo-aluminio-para-rodillo-2m\/\" target=\"_blank\" rel=\"noopener\">alargo de aluminio<\/a> \u2192 para la c\u00f3moda y correcta aplicaci\u00f3n del lasur<\/p>\n<p><img decoding=\"async\" class=\"emoji ls-is-cached lazyloaded\" role=\"img\" draggable=\"false\" src=\"https:\/\/s.w.org\/images\/core\/emoji\/13.1.0\/svg\/2705.svg\" alt=\"\u2705\" data-src=\"https:\/\/s.w.org\/images\/core\/emoji\/13.1.0\/svg\/2705.svg\" \/> <a href=\"https:\/\/ollerpintures.com\/producto\/cubeta-de-plastico-16l-con-rejilla-per-pintar\/\" target=\"_blank\" rel=\"noopener\">Cubeta de pl\u00e1stico de 16L con rejilla<\/a><\/p>\n<p><strong>Recomendaciones extra:<\/strong><\/p>\n<p><img decoding=\"async\" class=\"emoji ls-is-cached lazyloaded\" role=\"img\" draggable=\"false\" src=\"https:\/\/s.w.org\/images\/core\/emoji\/13.1.0\/svg\/2705.svg\" alt=\"\u2705\" data-src=\"https:\/\/s.w.org\/images\/core\/emoji\/13.1.0\/svg\/2705.svg\" \/> <a href=\"https:\/\/ollerpintures.com\/categoria-producto\/maquinaria-oferta\/hidrolimpiadoras\/\" target=\"_blank\" rel=\"noopener\">Hidrolimpiadora STANLEY<\/a> \u2192 Te ayudar\u00e1 a llevar a cabo el primer paso: limpieza a fondo de la superficie. Har\u00e1 el proceso m\u00e1s sencillo y r\u00e1pido y podr\u00e1s empezar a pinar mucho antes.<\/p>\n<p>&nbsp;<\/p>\n<p><strong>\u00bfC\u00f3mo tratar la madera de una tarima?<\/strong><\/p>\n<ol>\n<li>Limpia a fondo la superficie \u2192 utiliza Net-Trol OWATROL despu\u00e9s de haber limpiado con agua a presi\u00f3n la tarima.<\/li>\n<li>Aplica el lasur Cetol BL Hydratol con la ayuda del PAD + extensi\u00f3n de aluminio.<\/li>\n<li>Respeta los tiempos de secado (consultar las fichas t\u00e9cnicas de los productos) y a disfrutar del jard\u00edn.<\/li>\n<li>Puedes repasar el proceso en nuestro blog: <a href=\"https:\/\/ollerpintures.com\/es\/pintar-madera-para-exterior-verano-jardines-y-tarimas\/\" target=\"_blank\" rel=\"noopener\">conservaci\u00f3n de tarimas de jardin<\/a>.<\/li>\n<\/ol>\n<p>El Pack para tratamiento de tarimas de madera que te proponemos incluye la pintura y materiales m\u00e1s adecuados para la conservaci\u00f3n de tarimas de madera.<\/p>\n","protected":false},"excerpt":{"rendered":"<p>Kit para el tratamiento de tarimas de madera.<span style=\"color: #ff6600;\"><strong> \u00a1Escoge los productos que m\u00e1s se ajusten a tu proyecto y haz tu propio kit!<\/strong><\/span><\/p>\n","protected":false},"featured_media":18371,"template":"","meta":{"_acf_changed":false},"pwb-brand":[840,824],"product_brand":[],"product_cat":[825,841,837,855,541,815],"product_tag":[738,675,827],"class_list":{"0":"post-18346","1":"product","2":"type-product","3":"status-publish","4":"has-post-thumbnail","6":"pwb-brand-owatrol-es","7":"pwb-brand-sikkens-es","8":"product_cat-tratamiento-para-madera-y-jardin","9":"product_cat-limpiadores-y-decapantes","10":"product_cat-lasur-protector-es","11":"product_cat-herramientas-y-maquinas-para-madera-y-piscinas","12":"product_cat-pintura-para-madera","13":"product_cat-hidrolimpiadoras","14":"product_tag-jardin","15":"product_tag-pack-es","16":"product_tag-tarimas-de-madera","17":"no-featured-image-padding","18":"resize-featured-image","19":"sales-flash-overlay","20":"woocommerce-text-align-left","21":"woocommerce-image-align-center","22":"do-quantity-buttons","24":"first","25":"instock","26":"shipping-taxable","27":"product-type-grouped"},"acf":{"json-ld":"","dctermstitle":"","dctermsdescription":"","dctermsabstract":"","dctermsreferences":"https:\/\/ollerpintures.com\/es\/"},"yoast_head":"<!-- This site is optimized with the Yoast SEO plugin v27.1.1 - https:\/\/yoast.com\/product\/yoast-seo-wordpress\/ -->\n<title>Pack para tratamiento de tarimas de madera | Madera | Oller<\/title>\n<meta name=\"description\" content=\"El Pack para tratamiento de tarimas de madera que te proponemos incluye la pintura y materiales m\u00e1s adecuados para la conservaci\u00f3n de tarimas de madera.\" \/>\n<meta name=\"robots\" content=\"index, follow, max-snippet:-1, max-image-preview:large, max-video-preview:-1\" \/>\n<link rel=\"canonical\" href=\"https:\/\/ollerpintures.com\/es\/producto\/kit-tratamiento-para-tarima-madera\/\" \/>\n<meta property=\"og:locale\" content=\"es_ES\" \/>\n<meta property=\"og:type\" content=\"article\" \/>\n<meta property=\"og:title\" content=\"Pack para tratamiento de tarimas de madera | Madera | Oller\" \/>\n<meta property=\"og:description\" content=\"El Pack para tratamiento de tarimas de madera que te proponemos incluye la pintura y materiales m\u00e1s adecuados para la conservaci\u00f3n de tarimas de madera.\" \/>\n<meta property=\"og:url\" content=\"https:\/\/ollerpintures.com\/es\/producto\/kit-tratamiento-para-tarima-madera\/\" \/>\n<meta property=\"og:site_name\" content=\"Oller Pinturas y revestimientos\" \/>\n<meta property=\"article:publisher\" content=\"https:\/\/www.facebook.com\/people\/Oller-Pintures\/100063652056709\/\" \/>\n<meta property=\"article:modified_time\" content=\"2023-02-28T08:44:11+00:00\" \/>\n<meta property=\"og:image\" content=\"https:\/\/ollerpintures.com\/wp-content\/uploads\/2022\/03\/pintura-piscina-fibra-pack-online-oller-290x290.jpg\" \/>\n<meta name=\"twitter:card\" content=\"summary_large_image\" \/>\n<meta name=\"twitter:label1\" content=\"Tiempo de lectura\" \/>\n\t<meta name=\"twitter:data1\" content=\"3 minutos\" \/>\n<script type=\"application\/ld+json\" class=\"yoast-schema-graph\">{\"@context\":\"https:\/\/schema.org\",\"@graph\":[{\"@type\":\"WebPage\",\"@id\":\"https:\/\/ollerpintures.com\/es\/producto\/kit-tratamiento-para-tarima-madera\/\",\"url\":\"https:\/\/ollerpintures.com\/es\/producto\/kit-tratamiento-para-tarima-madera\/\",\"name\":\"Pack para tratamiento de tarimas de madera | Madera | Oller\",\"isPartOf\":{\"@id\":\"https:\/\/ollerpintures.com\/es\/#website\"},\"primaryImageOfPage\":{\"@id\":\"https:\/\/ollerpintures.com\/es\/producto\/kit-tratamiento-para-tarima-madera\/#primaryimage\"},\"image\":{\"@id\":\"https:\/\/ollerpintures.com\/es\/producto\/kit-tratamiento-para-tarima-madera\/#primaryimage\"},\"thumbnailUrl\":\"https:\/\/ollerpintures.com\/wp-content\/uploads\/2022\/03\/pintura-para-tarima-de-madera-lasur-net-trol-owatrol-comprar-online-oller-pintures.jpg\",\"datePublished\":\"2022-03-07T11:57:04+00:00\",\"dateModified\":\"2023-02-28T08:44:11+00:00\",\"description\":\"El Pack para tratamiento de tarimas de madera que te proponemos incluye la pintura y materiales m\u00e1s adecuados para la conservaci\u00f3n de tarimas de madera.\",\"breadcrumb\":{\"@id\":\"https:\/\/ollerpintures.com\/es\/producto\/kit-tratamiento-para-tarima-madera\/#breadcrumb\"},\"inLanguage\":\"es\",\"potentialAction\":[{\"@type\":\"ReadAction\",\"target\":[\"https:\/\/ollerpintures.com\/es\/producto\/kit-tratamiento-para-tarima-madera\/\"]}]},{\"@type\":\"ImageObject\",\"inLanguage\":\"es\",\"@id\":\"https:\/\/ollerpintures.com\/es\/producto\/kit-tratamiento-para-tarima-madera\/#primaryimage\",\"url\":\"https:\/\/ollerpintures.com\/wp-content\/uploads\/2022\/03\/pintura-para-tarima-de-madera-lasur-net-trol-owatrol-comprar-online-oller-pintures.jpg\",\"contentUrl\":\"https:\/\/ollerpintures.com\/wp-content\/uploads\/2022\/03\/pintura-para-tarima-de-madera-lasur-net-trol-owatrol-comprar-online-oller-pintures.jpg\",\"width\":1080,\"height\":1080,\"caption\":\"El Pack para tratamiento de tarimas de madera que te proponemos incluye la pintura y materiales m\u00e1s adecuados para la conservaci\u00f3n de tarimas de madera.\"},{\"@type\":\"BreadcrumbList\",\"@id\":\"https:\/\/ollerpintures.com\/es\/producto\/kit-tratamiento-para-tarima-madera\/#breadcrumb\",\"itemListElement\":[{\"@type\":\"ListItem\",\"position\":1,\"name\":\"Inici\",\"item\":\"https:\/\/ollerpintures.com\/es\/\"},{\"@type\":\"ListItem\",\"position\":2,\"name\":\"Tienda\",\"item\":\"https:\/\/ollerpintures.com\/es\/tienda\/\"},{\"@type\":\"ListItem\",\"position\":3,\"name\":\"Pack para tratamiento de tarimas de madera | \u00a1Hazlo a tu gusto!\"}]},{\"@type\":\"WebSite\",\"@id\":\"https:\/\/ollerpintures.com\/es\/#website\",\"url\":\"https:\/\/ollerpintures.com\/es\/\",\"name\":\"Oller Pinturas y Revestimientos\",\"description\":\"M\u00e1s de 50 a\u00f1os acompa\u00f1ando a profesionales y particulares con soluciones de pintura duraderas y sostenibles, seis tiendas de proximidad con servicio tintom\u00e9trico propio y un compromiso real con el oficio y las nuevas generaciones.\",\"publisher\":{\"@id\":\"https:\/\/ollerpintures.com\/es\/#organization\"},\"alternateName\":\"Oller Grup\",\"potentialAction\":[{\"@type\":\"SearchAction\",\"target\":{\"@type\":\"EntryPoint\",\"urlTemplate\":\"https:\/\/ollerpintures.com\/es\/?s={search_term_string}\"},\"query-input\":{\"@type\":\"PropertyValueSpecification\",\"valueRequired\":true,\"valueName\":\"search_term_string\"}}],\"inLanguage\":\"es\"},{\"@type\":\"Organization\",\"@id\":\"https:\/\/ollerpintures.com\/es\/#organization\",\"name\":\"Oller Pintures i Revestiments\",\"alternateName\":\"Oller Grup\",\"url\":\"https:\/\/ollerpintures.com\/es\/\",\"logo\":{\"@type\":\"ImageObject\",\"inLanguage\":\"es\",\"@id\":\"https:\/\/ollerpintures.com\/es\/#\/schema\/logo\/image\/\",\"url\":\"https:\/\/ollerpintures.com\/wp-content\/uploads\/2024\/05\/newLogo.png\",\"contentUrl\":\"https:\/\/ollerpintures.com\/wp-content\/uploads\/2024\/05\/newLogo.png\",\"width\":483,\"height\":244,\"caption\":\"Oller Pintures i Revestiments\"},\"image\":{\"@id\":\"https:\/\/ollerpintures.com\/es\/#\/schema\/logo\/image\/\"},\"sameAs\":[\"https:\/\/www.facebook.com\/people\/Oller-Pintures\/100063652056709\/\",\"https:\/\/www.instagram.com\/ollerpintures\/\",\"https:\/\/descriptor.es\/organization\/oller-grup\/\"]}]}<\/script>\n<!-- \/ Yoast SEO plugin. -->","yoast_head_json":{"title":"Pack para tratamiento de tarimas de madera | Madera | Oller","description":"El Pack para tratamiento de tarimas de madera que te proponemos incluye la pintura y materiales m\u00e1s adecuados para la conservaci\u00f3n de tarimas de madera.","robots":{"index":"index","follow":"follow","max-snippet":"max-snippet:-1","max-image-preview":"max-image-preview:large","max-video-preview":"max-video-preview:-1"},"canonical":"https:\/\/ollerpintures.com\/es\/producto\/kit-tratamiento-para-tarima-madera\/","og_locale":"es_ES","og_type":"article","og_title":"Pack para tratamiento de tarimas de madera | Madera | Oller","og_description":"El Pack para tratamiento de tarimas de madera que te proponemos incluye la pintura y materiales m\u00e1s adecuados para la conservaci\u00f3n de tarimas de madera.","og_url":"https:\/\/ollerpintures.com\/es\/producto\/kit-tratamiento-para-tarima-madera\/","og_site_name":"Oller Pinturas y revestimientos","article_publisher":"https:\/\/www.facebook.com\/people\/Oller-Pintures\/100063652056709\/","article_modified_time":"2023-02-28T08:44:11+00:00","og_image":[{"url":"https:\/\/ollerpintures.com\/wp-content\/uploads\/2022\/03\/pintura-piscina-fibra-pack-online-oller-290x290.jpg","type":"","width":"","height":""}],"twitter_card":"summary_large_image","twitter_misc":{"Tiempo de lectura":"3 minutos"},"schema":{"@context":"https:\/\/schema.org","@graph":[{"@type":"WebPage","@id":"https:\/\/ollerpintures.com\/es\/producto\/kit-tratamiento-para-tarima-madera\/","url":"https:\/\/ollerpintures.com\/es\/producto\/kit-tratamiento-para-tarima-madera\/","name":"Pack para tratamiento de tarimas de madera | Madera | Oller","isPartOf":{"@id":"https:\/\/ollerpintures.com\/es\/#website"},"primaryImageOfPage":{"@id":"https:\/\/ollerpintures.com\/es\/producto\/kit-tratamiento-para-tarima-madera\/#primaryimage"},"image":{"@id":"https:\/\/ollerpintures.com\/es\/producto\/kit-tratamiento-para-tarima-madera\/#primaryimage"},"thumbnailUrl":"https:\/\/ollerpintures.com\/wp-content\/uploads\/2022\/03\/pintura-para-tarima-de-madera-lasur-net-trol-owatrol-comprar-online-oller-pintures.jpg","datePublished":"2022-03-07T11:57:04+00:00","dateModified":"2023-02-28T08:44:11+00:00","description":"El Pack para tratamiento de tarimas de madera que te proponemos incluye la pintura y materiales m\u00e1s adecuados para la conservaci\u00f3n de tarimas de madera.","breadcrumb":{"@id":"https:\/\/ollerpintures.com\/es\/producto\/kit-tratamiento-para-tarima-madera\/#breadcrumb"},"inLanguage":"es","potentialAction":[{"@type":"ReadAction","target":["https:\/\/ollerpintures.com\/es\/producto\/kit-tratamiento-para-tarima-madera\/"]}]},{"@type":"ImageObject","inLanguage":"es","@id":"https:\/\/ollerpintures.com\/es\/producto\/kit-tratamiento-para-tarima-madera\/#primaryimage","url":"https:\/\/ollerpintures.com\/wp-content\/uploads\/2022\/03\/pintura-para-tarima-de-madera-lasur-net-trol-owatrol-comprar-online-oller-pintures.jpg","contentUrl":"https:\/\/ollerpintures.com\/wp-content\/uploads\/2022\/03\/pintura-para-tarima-de-madera-lasur-net-trol-owatrol-comprar-online-oller-pintures.jpg","width":1080,"height":1080,"caption":"El Pack para tratamiento de tarimas de madera que te proponemos incluye la pintura y materiales m\u00e1s adecuados para la conservaci\u00f3n de tarimas de madera."},{"@type":"BreadcrumbList","@id":"https:\/\/ollerpintures.com\/es\/producto\/kit-tratamiento-para-tarima-madera\/#breadcrumb","itemListElement":[{"@type":"ListItem","position":1,"name":"Inici","item":"https:\/\/ollerpintures.com\/es\/"},{"@type":"ListItem","position":2,"name":"Tienda","item":"https:\/\/ollerpintures.com\/es\/tienda\/"},{"@type":"ListItem","position":3,"name":"Pack para tratamiento de tarimas de madera | \u00a1Hazlo a tu gusto!"}]},{"@type":"WebSite","@id":"https:\/\/ollerpintures.com\/es\/#website","url":"https:\/\/ollerpintures.com\/es\/","name":"Oller Pinturas y Revestimientos","description":"M\u00e1s de 50 a\u00f1os acompa\u00f1ando a profesionales y particulares con soluciones de pintura duraderas y sostenibles, seis tiendas de proximidad con servicio tintom\u00e9trico propio y un compromiso real con el oficio y las nuevas generaciones.","publisher":{"@id":"https:\/\/ollerpintures.com\/es\/#organization"},"alternateName":"Oller Grup","potentialAction":[{"@type":"SearchAction","target":{"@type":"EntryPoint","urlTemplate":"https:\/\/ollerpintures.com\/es\/?s={search_term_string}"},"query-input":{"@type":"PropertyValueSpecification","valueRequired":true,"valueName":"search_term_string"}}],"inLanguage":"es"},{"@type":"Organization","@id":"https:\/\/ollerpintures.com\/es\/#organization","name":"Oller Pintures i Revestiments","alternateName":"Oller Grup","url":"https:\/\/ollerpintures.com\/es\/","logo":{"@type":"ImageObject","inLanguage":"es","@id":"https:\/\/ollerpintures.com\/es\/#\/schema\/logo\/image\/","url":"https:\/\/ollerpintures.com\/wp-content\/uploads\/2024\/05\/newLogo.png","contentUrl":"https:\/\/ollerpintures.com\/wp-content\/uploads\/2024\/05\/newLogo.png","width":483,"height":244,"caption":"Oller Pintures i Revestiments"},"image":{"@id":"https:\/\/ollerpintures.com\/es\/#\/schema\/logo\/image\/"},"sameAs":["https:\/\/www.facebook.com\/people\/Oller-Pintures\/100063652056709\/","https:\/\/www.instagram.com\/ollerpintures\/","https:\/\/descriptor.es\/organization\/oller-grup\/"]}]}},"brands":[{"id":840,"name":"Owatrol","slug":"owatrol-es"},{"id":824,"name":"Sikkens","slug":"sikkens-es"}],"_links":{"self":[{"href":"https:\/\/ollerpintures.com\/es\/wp-json\/wp\/v2\/product\/18346","targetHints":{"allow":["GET"]}}],"collection":[{"href":"https:\/\/ollerpintures.com\/es\/wp-json\/wp\/v2\/product"}],"about":[{"href":"https:\/\/ollerpintures.com\/es\/wp-json\/wp\/v2\/types\/product"}],"wp:featuredmedia":[{"embeddable":true,"href":"https:\/\/ollerpintures.com\/es\/wp-json\/wp\/v2\/media\/18371"}],"wp:attachment":[{"href":"https:\/\/ollerpintures.com\/es\/wp-json\/wp\/v2\/media?parent=18346"}],"wp:term":[{"taxonomy":"pwb-brand","embeddable":true,"href":"https:\/\/ollerpintures.com\/es\/wp-json\/wp\/v2\/pwb-brand?post=18346"},{"taxonomy":"product_brand","embeddable":true,"href":"https:\/\/ollerpintures.com\/es\/wp-json\/wp\/v2\/product_brand?post=18346"},{"taxonomy":"product_cat","embeddable":true,"href":"https:\/\/ollerpintures.com\/es\/wp-json\/wp\/v2\/product_cat?post=18346"},{"taxonomy":"product_tag","embeddable":true,"href":"https:\/\/ollerpintures.com\/es\/wp-json\/wp\/v2\/product_tag?post=18346"}],"curies":[{"name":"wp","href":"https:\/\/api.w.org\/{rel}","templated":true}]}}