{"id":18321,"date":"2022-03-07T10:44:16","date_gmt":"2022-03-07T09:44:16","guid":{"rendered":"https:\/\/oller-pintures.c.wetopi.com\/?post_type=product&#038;p=18321"},"modified":"2022-03-10T08:35:56","modified_gmt":"2022-03-10T07:35:56","slug":"kit-pintura-para-piscinas-clorocaucho","status":"publish","type":"product","link":"https:\/\/ollerpintures.com\/es\/producto\/kit-pintura-para-piscinas-clorocaucho\/","title":{"rendered":"Pack PINTURA PARA PISCINAS CLOROCAUCHO | \u00a1Hazlo a tu gusto!"},"content":{"rendered":"<p>Te recomendamos todos los productos que necesitas para pintar piscina de obra con \u00e9xito. Selecciona los productos y cantidades que necesites, \u00a1a tu gusto!<\/p>\n<p>Asegura un buen resultado gracias a nuestras recomendaciones.<\/p>\n<p><img decoding=\"async\" class=\"emoji ls-is-cached lazyloaded\" role=\"img\" draggable=\"false\" src=\"https:\/\/s.w.org\/images\/core\/emoji\/13.1.0\/svg\/2705.svg\" alt=\"\u2705\" data-src=\"https:\/\/s.w.org\/images\/core\/emoji\/13.1.0\/svg\/2705.svg\" \/><strong> Pintura al clorocaucho para piscinas<\/strong>\u00a0\u2192 Rendimiento: 7-11m2\/L\/capa \u2192 Color a escoger:<\/p>\n<ul>\n<li>Pintura para piscinas ZENKO Piscinas Clorocaucho Blanca 5kg<\/li>\n<li>Pintura para piscinas ZENKO Piscinas Clorocaucho Azul 5kg<\/li>\n<\/ul>\n<p><img decoding=\"async\" class=\"emoji ls-is-cached lazyloaded\" role=\"img\" draggable=\"false\" src=\"https:\/\/s.w.org\/images\/core\/emoji\/13.1.0\/svg\/2705.svg\" alt=\"\u2705\" data-src=\"https:\/\/s.w.org\/images\/core\/emoji\/13.1.0\/svg\/2705.svg\" \/> <strong>Disolvente clorocaucho<\/strong><\/p>\n<p><strong><img decoding=\"async\" class=\"emoji ls-is-cached lazyloaded\" role=\"img\" draggable=\"false\" src=\"https:\/\/s.w.org\/images\/core\/emoji\/13.1.0\/svg\/2705.svg\" alt=\"\u2705\" data-src=\"https:\/\/s.w.org\/images\/core\/emoji\/13.1.0\/svg\/2705.svg\" \/> Cubeta pl\u00e1stico 16L con rejilla\u00a0<\/strong><\/p>\n<p><strong><img decoding=\"async\" class=\"emoji ls-is-cached lazyloaded\" role=\"img\" draggable=\"false\" src=\"https:\/\/s.w.org\/images\/core\/emoji\/13.1.0\/svg\/2705.svg\" alt=\"\u2705\" data-src=\"https:\/\/s.w.org\/images\/core\/emoji\/13.1.0\/svg\/2705.svg\" \/> Rodillo especial para piscinas y suelos\u00a0<\/strong><\/p>\n<p><strong><img decoding=\"async\" class=\"emoji ls-is-cached lazyloaded\" role=\"img\" draggable=\"false\" src=\"https:\/\/s.w.org\/images\/core\/emoji\/13.1.0\/svg\/2705.svg\" alt=\"\u2705\" data-src=\"https:\/\/s.w.org\/images\/core\/emoji\/13.1.0\/svg\/2705.svg\" \/> Alargo de aluminio para rodillo\u00a0<\/strong><\/p>\n<p><strong><img decoding=\"async\" class=\"emoji ls-is-cached lazyloaded\" role=\"img\" draggable=\"false\" src=\"https:\/\/s.w.org\/images\/core\/emoji\/13.1.0\/svg\/2705.svg\" alt=\"\u2705\" data-src=\"https:\/\/s.w.org\/images\/core\/emoji\/13.1.0\/svg\/2705.svg\" \/> <a href=\"https:\/\/ollerpintures.com\/producto\/brocha-redonda-serie-315\/\" target=\"_blank\" rel=\"noopener\">Brocha para recortar esquinas<\/a>\u00a0<\/strong><\/p>\n<p><strong>\u00bfC\u00f3mo pintar una piscina de cemento?<\/strong>\u00a0<strong>\u2192 M\u00e1s informaci\u00f3n <a href=\"https:\/\/ollerpintures.com\/pintar-la-piscina\/\">AQU\u00cd<\/a><\/strong><\/p>\n<p>&nbsp;<\/p>\n","protected":false},"excerpt":{"rendered":"<p>\u00a1Escoge los productos y cantidades que necesites para tu<strong> piscina de cemento<\/strong>! Nosotrxs te recomendamos la <strong>pintura para piscina y complementos ideales<\/strong> para obtener un acabado de \u00e9xito.<\/p>\n","protected":false},"featured_media":18323,"template":"","meta":{"_acf_changed":false},"pwb-brand":[788],"product_brand":[],"product_cat":[825,735],"product_tag":[738,675,739,740],"class_list":{"0":"post-18321","1":"product","2":"type-product","3":"status-publish","4":"has-post-thumbnail","6":"pwb-brand-zenko-es","7":"product_cat-tratamiento-para-madera-y-jardin","8":"product_cat-pintura-para-piscinas","9":"product_tag-jardin","10":"product_tag-pack-es","11":"product_tag-pintura-para-piscina","12":"product_tag-piscina-es","13":"no-featured-image-padding","14":"resize-featured-image","15":"sales-flash-overlay","16":"woocommerce-text-align-left","17":"woocommerce-image-align-center","18":"do-quantity-buttons","19":"wc-has-gallery","21":"first","22":"instock","23":"shipping-taxable","24":"product-type-grouped"},"acf":[],"yoast_head":"<!-- This site is optimized with the Yoast SEO plugin v27.1.1 - https:\/\/yoast.com\/product\/yoast-seo-wordpress\/ -->\n<title>Pack PINTURA PARA PISCINAS CLOROCAUCHO | \u00a1Hazlo a tu gusto! - Oller Pinturas y revestimientos<\/title>\n<meta name=\"description\" content=\"\u00a1Escoge los productos y cantidades que necesites para tu piscina de cemento! Nosotrxs te recomendamos la pintura para piscina y complementos ideales para obtener un acabado de \u00e9xito.\" \/>\n<meta name=\"robots\" content=\"index, follow, max-snippet:-1, max-image-preview:large, max-video-preview:-1\" \/>\n<link rel=\"canonical\" href=\"https:\/\/ollerpintures.com\/es\/producto\/kit-pintura-para-piscinas-clorocaucho\/\" \/>\n<meta property=\"og:locale\" content=\"es_ES\" \/>\n<meta property=\"og:type\" content=\"article\" \/>\n<meta property=\"og:title\" content=\"Pack PINTURA PARA PISCINAS CLOROCAUCHO | \u00a1Hazlo a tu gusto! - Oller Pinturas y revestimientos\" \/>\n<meta property=\"og:description\" content=\"\u00a1Escoge los productos y cantidades que necesites para tu piscina de cemento! Nosotrxs te recomendamos la pintura para piscina y complementos ideales para obtener un acabado de \u00e9xito.\" \/>\n<meta property=\"og:url\" content=\"https:\/\/ollerpintures.com\/es\/producto\/kit-pintura-para-piscinas-clorocaucho\/\" \/>\n<meta property=\"og:site_name\" content=\"Oller Pinturas y revestimientos\" \/>\n<meta property=\"article:publisher\" content=\"https:\/\/www.facebook.com\/people\/Oller-Pintures\/100063652056709\/\" \/>\n<meta property=\"article:modified_time\" content=\"2022-03-10T07:35:56+00:00\" \/>\n<meta property=\"og:image\" content=\"https:\/\/ollerpintures.com\/wp-content\/uploads\/2022\/03\/pintura-piscina-fibra-pack-online-oller-290x290.jpg\" \/>\n<meta name=\"twitter:card\" content=\"summary_large_image\" \/>\n<script type=\"application\/ld+json\" class=\"yoast-schema-graph\">{\"@context\":\"https:\/\/schema.org\",\"@graph\":[{\"@type\":\"WebPage\",\"@id\":\"https:\/\/ollerpintures.com\/es\/producto\/kit-pintura-para-piscinas-clorocaucho\/\",\"url\":\"https:\/\/ollerpintures.com\/es\/producto\/kit-pintura-para-piscinas-clorocaucho\/\",\"name\":\"Pack PINTURA PARA PISCINAS CLOROCAUCHO | \u00a1Hazlo a tu gusto! - Oller Pinturas y revestimientos\",\"isPartOf\":{\"@id\":\"https:\/\/ollerpintures.com\/es\/#website\"},\"primaryImageOfPage\":{\"@id\":\"https:\/\/ollerpintures.com\/es\/producto\/kit-pintura-para-piscinas-clorocaucho\/#primaryimage\"},\"image\":{\"@id\":\"https:\/\/ollerpintures.com\/es\/producto\/kit-pintura-para-piscinas-clorocaucho\/#primaryimage\"},\"thumbnailUrl\":\"https:\/\/ollerpintures.com\/wp-content\/uploads\/2022\/03\/comprar-pintura-piscinas-clorocaucho-online-pack-economico-oller-pintures.jpg\",\"datePublished\":\"2022-03-07T09:44:16+00:00\",\"dateModified\":\"2022-03-10T07:35:56+00:00\",\"description\":\"\u00a1Escoge los productos y cantidades que necesites para tu piscina de cemento! Nosotrxs te recomendamos la pintura para piscina y complementos ideales para obtener un acabado de \u00e9xito.\",\"breadcrumb\":{\"@id\":\"https:\/\/ollerpintures.com\/es\/producto\/kit-pintura-para-piscinas-clorocaucho\/#breadcrumb\"},\"inLanguage\":\"es\",\"potentialAction\":[{\"@type\":\"ReadAction\",\"target\":[\"https:\/\/ollerpintures.com\/es\/producto\/kit-pintura-para-piscinas-clorocaucho\/\"]}]},{\"@type\":\"ImageObject\",\"inLanguage\":\"es\",\"@id\":\"https:\/\/ollerpintures.com\/es\/producto\/kit-pintura-para-piscinas-clorocaucho\/#primaryimage\",\"url\":\"https:\/\/ollerpintures.com\/wp-content\/uploads\/2022\/03\/comprar-pintura-piscinas-clorocaucho-online-pack-economico-oller-pintures.jpg\",\"contentUrl\":\"https:\/\/ollerpintures.com\/wp-content\/uploads\/2022\/03\/comprar-pintura-piscinas-clorocaucho-online-pack-economico-oller-pintures.jpg\",\"width\":1080,\"height\":1080,\"caption\":\"pintura per piscines al corocaucho\"},{\"@type\":\"BreadcrumbList\",\"@id\":\"https:\/\/ollerpintures.com\/es\/producto\/kit-pintura-para-piscinas-clorocaucho\/#breadcrumb\",\"itemListElement\":[{\"@type\":\"ListItem\",\"position\":1,\"name\":\"Inici\",\"item\":\"https:\/\/ollerpintures.com\/es\/\"},{\"@type\":\"ListItem\",\"position\":2,\"name\":\"Tienda\",\"item\":\"https:\/\/ollerpintures.com\/es\/tienda\/\"},{\"@type\":\"ListItem\",\"position\":3,\"name\":\"Pack PINTURA PARA PISCINAS CLOROCAUCHO | \u00a1Hazlo a tu gusto!\"}]},{\"@type\":\"WebSite\",\"@id\":\"https:\/\/ollerpintures.com\/es\/#website\",\"url\":\"https:\/\/ollerpintures.com\/es\/\",\"name\":\"Oller Pinturas y Revestimientos\",\"description\":\"M\u00e1s de 50 a\u00f1os acompa\u00f1ando a profesionales y particulares con soluciones de pintura duraderas y sostenibles, seis tiendas de proximidad con servicio tintom\u00e9trico propio y un compromiso real con el oficio y las nuevas generaciones.\",\"publisher\":{\"@id\":\"https:\/\/ollerpintures.com\/es\/#organization\"},\"alternateName\":\"Oller Grup\",\"potentialAction\":[{\"@type\":\"SearchAction\",\"target\":{\"@type\":\"EntryPoint\",\"urlTemplate\":\"https:\/\/ollerpintures.com\/es\/?s={search_term_string}\"},\"query-input\":{\"@type\":\"PropertyValueSpecification\",\"valueRequired\":true,\"valueName\":\"search_term_string\"}}],\"inLanguage\":\"es\"},{\"@type\":\"Organization\",\"@id\":\"https:\/\/ollerpintures.com\/es\/#organization\",\"name\":\"Oller Pintures i Revestiments\",\"alternateName\":\"Oller Grup\",\"url\":\"https:\/\/ollerpintures.com\/es\/\",\"logo\":{\"@type\":\"ImageObject\",\"inLanguage\":\"es\",\"@id\":\"https:\/\/ollerpintures.com\/es\/#\/schema\/logo\/image\/\",\"url\":\"https:\/\/ollerpintures.com\/wp-content\/uploads\/2024\/05\/newLogo.png\",\"contentUrl\":\"https:\/\/ollerpintures.com\/wp-content\/uploads\/2024\/05\/newLogo.png\",\"width\":483,\"height\":244,\"caption\":\"Oller Pintures i Revestiments\"},\"image\":{\"@id\":\"https:\/\/ollerpintures.com\/es\/#\/schema\/logo\/image\/\"},\"sameAs\":[\"https:\/\/www.facebook.com\/people\/Oller-Pintures\/100063652056709\/\",\"https:\/\/www.instagram.com\/ollerpintures\/\",\"https:\/\/descriptor.es\/organization\/oller-grup\/\"]}]}<\/script>\n<!-- \/ Yoast SEO plugin. -->","yoast_head_json":{"title":"Pack PINTURA PARA PISCINAS CLOROCAUCHO | \u00a1Hazlo a tu gusto! - Oller Pinturas y revestimientos","description":"\u00a1Escoge los productos y cantidades que necesites para tu piscina de cemento! Nosotrxs te recomendamos la pintura para piscina y complementos ideales para obtener un acabado de \u00e9xito.","robots":{"index":"index","follow":"follow","max-snippet":"max-snippet:-1","max-image-preview":"max-image-preview:large","max-video-preview":"max-video-preview:-1"},"canonical":"https:\/\/ollerpintures.com\/es\/producto\/kit-pintura-para-piscinas-clorocaucho\/","og_locale":"es_ES","og_type":"article","og_title":"Pack PINTURA PARA PISCINAS CLOROCAUCHO | \u00a1Hazlo a tu gusto! - Oller Pinturas y revestimientos","og_description":"\u00a1Escoge los productos y cantidades que necesites para tu piscina de cemento! Nosotrxs te recomendamos la pintura para piscina y complementos ideales para obtener un acabado de \u00e9xito.","og_url":"https:\/\/ollerpintures.com\/es\/producto\/kit-pintura-para-piscinas-clorocaucho\/","og_site_name":"Oller Pinturas y revestimientos","article_publisher":"https:\/\/www.facebook.com\/people\/Oller-Pintures\/100063652056709\/","article_modified_time":"2022-03-10T07:35:56+00:00","og_image":[{"url":"https:\/\/ollerpintures.com\/wp-content\/uploads\/2022\/03\/pintura-piscina-fibra-pack-online-oller-290x290.jpg","type":"","width":"","height":""}],"twitter_card":"summary_large_image","schema":{"@context":"https:\/\/schema.org","@graph":[{"@type":"WebPage","@id":"https:\/\/ollerpintures.com\/es\/producto\/kit-pintura-para-piscinas-clorocaucho\/","url":"https:\/\/ollerpintures.com\/es\/producto\/kit-pintura-para-piscinas-clorocaucho\/","name":"Pack PINTURA PARA PISCINAS CLOROCAUCHO | \u00a1Hazlo a tu gusto! - Oller Pinturas y revestimientos","isPartOf":{"@id":"https:\/\/ollerpintures.com\/es\/#website"},"primaryImageOfPage":{"@id":"https:\/\/ollerpintures.com\/es\/producto\/kit-pintura-para-piscinas-clorocaucho\/#primaryimage"},"image":{"@id":"https:\/\/ollerpintures.com\/es\/producto\/kit-pintura-para-piscinas-clorocaucho\/#primaryimage"},"thumbnailUrl":"https:\/\/ollerpintures.com\/wp-content\/uploads\/2022\/03\/comprar-pintura-piscinas-clorocaucho-online-pack-economico-oller-pintures.jpg","datePublished":"2022-03-07T09:44:16+00:00","dateModified":"2022-03-10T07:35:56+00:00","description":"\u00a1Escoge los productos y cantidades que necesites para tu piscina de cemento! Nosotrxs te recomendamos la pintura para piscina y complementos ideales para obtener un acabado de \u00e9xito.","breadcrumb":{"@id":"https:\/\/ollerpintures.com\/es\/producto\/kit-pintura-para-piscinas-clorocaucho\/#breadcrumb"},"inLanguage":"es","potentialAction":[{"@type":"ReadAction","target":["https:\/\/ollerpintures.com\/es\/producto\/kit-pintura-para-piscinas-clorocaucho\/"]}]},{"@type":"ImageObject","inLanguage":"es","@id":"https:\/\/ollerpintures.com\/es\/producto\/kit-pintura-para-piscinas-clorocaucho\/#primaryimage","url":"https:\/\/ollerpintures.com\/wp-content\/uploads\/2022\/03\/comprar-pintura-piscinas-clorocaucho-online-pack-economico-oller-pintures.jpg","contentUrl":"https:\/\/ollerpintures.com\/wp-content\/uploads\/2022\/03\/comprar-pintura-piscinas-clorocaucho-online-pack-economico-oller-pintures.jpg","width":1080,"height":1080,"caption":"pintura per piscines al corocaucho"},{"@type":"BreadcrumbList","@id":"https:\/\/ollerpintures.com\/es\/producto\/kit-pintura-para-piscinas-clorocaucho\/#breadcrumb","itemListElement":[{"@type":"ListItem","position":1,"name":"Inici","item":"https:\/\/ollerpintures.com\/es\/"},{"@type":"ListItem","position":2,"name":"Tienda","item":"https:\/\/ollerpintures.com\/es\/tienda\/"},{"@type":"ListItem","position":3,"name":"Pack PINTURA PARA PISCINAS CLOROCAUCHO | \u00a1Hazlo a tu gusto!"}]},{"@type":"WebSite","@id":"https:\/\/ollerpintures.com\/es\/#website","url":"https:\/\/ollerpintures.com\/es\/","name":"Oller Pinturas y Revestimientos","description":"M\u00e1s de 50 a\u00f1os acompa\u00f1ando a profesionales y particulares con soluciones de pintura duraderas y sostenibles, seis tiendas de proximidad con servicio tintom\u00e9trico propio y un compromiso real con el oficio y las nuevas generaciones.","publisher":{"@id":"https:\/\/ollerpintures.com\/es\/#organization"},"alternateName":"Oller Grup","potentialAction":[{"@type":"SearchAction","target":{"@type":"EntryPoint","urlTemplate":"https:\/\/ollerpintures.com\/es\/?s={search_term_string}"},"query-input":{"@type":"PropertyValueSpecification","valueRequired":true,"valueName":"search_term_string"}}],"inLanguage":"es"},{"@type":"Organization","@id":"https:\/\/ollerpintures.com\/es\/#organization","name":"Oller Pintures i Revestiments","alternateName":"Oller Grup","url":"https:\/\/ollerpintures.com\/es\/","logo":{"@type":"ImageObject","inLanguage":"es","@id":"https:\/\/ollerpintures.com\/es\/#\/schema\/logo\/image\/","url":"https:\/\/ollerpintures.com\/wp-content\/uploads\/2024\/05\/newLogo.png","contentUrl":"https:\/\/ollerpintures.com\/wp-content\/uploads\/2024\/05\/newLogo.png","width":483,"height":244,"caption":"Oller Pintures i Revestiments"},"image":{"@id":"https:\/\/ollerpintures.com\/es\/#\/schema\/logo\/image\/"},"sameAs":["https:\/\/www.facebook.com\/people\/Oller-Pintures\/100063652056709\/","https:\/\/www.instagram.com\/ollerpintures\/","https:\/\/descriptor.es\/organization\/oller-grup\/"]}]}},"brands":[{"id":788,"name":"Zenko","slug":"zenko-es"}],"_links":{"self":[{"href":"https:\/\/ollerpintures.com\/es\/wp-json\/wp\/v2\/product\/18321","targetHints":{"allow":["GET"]}}],"collection":[{"href":"https:\/\/ollerpintures.com\/es\/wp-json\/wp\/v2\/product"}],"about":[{"href":"https:\/\/ollerpintures.com\/es\/wp-json\/wp\/v2\/types\/product"}],"wp:featuredmedia":[{"embeddable":true,"href":"https:\/\/ollerpintures.com\/es\/wp-json\/wp\/v2\/media\/18323"}],"wp:attachment":[{"href":"https:\/\/ollerpintures.com\/es\/wp-json\/wp\/v2\/media?parent=18321"}],"wp:term":[{"taxonomy":"pwb-brand","embeddable":true,"href":"https:\/\/ollerpintures.com\/es\/wp-json\/wp\/v2\/pwb-brand?post=18321"},{"taxonomy":"product_brand","embeddable":true,"href":"https:\/\/ollerpintures.com\/es\/wp-json\/wp\/v2\/product_brand?post=18321"},{"taxonomy":"product_cat","embeddable":true,"href":"https:\/\/ollerpintures.com\/es\/wp-json\/wp\/v2\/product_cat?post=18321"},{"taxonomy":"product_tag","embeddable":true,"href":"https:\/\/ollerpintures.com\/es\/wp-json\/wp\/v2\/product_tag?post=18321"}],"curies":[{"name":"wp","href":"https:\/\/api.w.org\/{rel}","templated":true}]}}