{"id":18317,"date":"2022-03-07T09:12:57","date_gmt":"2022-03-07T08:12:57","guid":{"rendered":"https:\/\/oller-pintures.c.wetopi.com\/?post_type=product&#038;p=18317"},"modified":"2022-03-10T08:31:06","modified_gmt":"2022-03-10T07:31:06","slug":"kit-pintura-para-piscinas-acrilica","status":"publish","type":"product","link":"https:\/\/ollerpintures.com\/es\/producto\/kit-pintura-para-piscinas-acrilica\/","title":{"rendered":"Pack  PINTURA PARA PISCINAS ACR\u00cdLICAS | \u00a1Hazlo a tu gusto!"},"content":{"rendered":"<p>Te recomendamos todos los productos que necesitas para pintar piscina de obra con \u00e9xito. Selecciona los productos y cantidades que necesites, \u00a1a tu gusto!<\/p>\n<p>Asegura un buen resultado gracias a nuestras recomendaciones.<\/p>\n<p><img decoding=\"async\" class=\"emoji ls-is-cached lazyloaded\" role=\"img\" draggable=\"false\" src=\"https:\/\/s.w.org\/images\/core\/emoji\/13.1.0\/svg\/2705.svg\" alt=\"\u2705\" data-src=\"https:\/\/s.w.org\/images\/core\/emoji\/13.1.0\/svg\/2705.svg\" \/><strong> Pintura para piscinas acr\u00edlica al agua<\/strong> \u2192 Rendimiento: 7-11m2\/L\/capa \u2192 Color a escoger:<\/p>\n<ul>\n<li>Pintura para piscinas acr\u00edlica <strong>AZUL<\/strong> de Zenko<\/li>\n<li>Pintura para piscinas acr\u00edlica <strong>BLANCA<\/strong> de Blatem<\/li>\n<\/ul>\n<p><img decoding=\"async\" class=\"emoji ls-is-cached lazyloaded\" role=\"img\" draggable=\"false\" src=\"https:\/\/s.w.org\/images\/core\/emoji\/13.1.0\/svg\/2705.svg\" alt=\"\u2705\" data-src=\"https:\/\/s.w.org\/images\/core\/emoji\/13.1.0\/svg\/2705.svg\" \/><strong> Cubeta pl\u00e1stico 16L con rejilla\u00a0<\/strong><\/p>\n<p><strong><img decoding=\"async\" class=\"emoji ls-is-cached lazyloaded\" role=\"img\" draggable=\"false\" src=\"https:\/\/s.w.org\/images\/core\/emoji\/13.1.0\/svg\/2705.svg\" alt=\"\u2705\" data-src=\"https:\/\/s.w.org\/images\/core\/emoji\/13.1.0\/svg\/2705.svg\" \/> Rodillo especial para piscinas y suelos\u00a0<\/strong><\/p>\n<p><strong><img decoding=\"async\" class=\"emoji ls-is-cached lazyloaded\" role=\"img\" draggable=\"false\" src=\"https:\/\/s.w.org\/images\/core\/emoji\/13.1.0\/svg\/2705.svg\" alt=\"\u2705\" data-src=\"https:\/\/s.w.org\/images\/core\/emoji\/13.1.0\/svg\/2705.svg\" \/> Alargo de aluminio para rodillo\u00a0<\/strong><\/p>\n<p><strong><img decoding=\"async\" class=\"emoji ls-is-cached lazyloaded\" role=\"img\" draggable=\"false\" src=\"https:\/\/s.w.org\/images\/core\/emoji\/13.1.0\/svg\/2705.svg\" alt=\"\u2705\" data-src=\"https:\/\/s.w.org\/images\/core\/emoji\/13.1.0\/svg\/2705.svg\" \/> <a href=\"https:\/\/ollerpintures.com\/producto\/brocha-redonda-serie-315\/\" target=\"_blank\" rel=\"noopener\">Brocha para recortar esquinas<\/a>\u00a0<\/strong><\/p>\n<p><strong>\u00bfC\u00f3mo pintar una piscina de cemento?<\/strong>\u00a0<strong>\u2192 M\u00e1s informaci\u00f3n <a href=\"https:\/\/ollerpintures.com\/pintar-la-piscina\/\">AQU\u00cd<\/a><\/strong><\/p>\n<p>&nbsp;<\/p>\n","protected":false},"excerpt":{"rendered":"<p>\u00a1Escoge los productos y cantidades que necesites para tu<strong> piscina de cemento<\/strong>! Nosotrxs te recomendamos la <strong>pintura para piscina y complementos ideales<\/strong> para obtener un acabado de \u00e9xito.<\/p>\n","protected":false},"featured_media":18319,"template":"","meta":{"_acf_changed":false},"pwb-brand":[],"product_brand":[],"product_cat":[825,735],"product_tag":[738,675,739,740],"class_list":{"0":"post-18317","1":"product","2":"type-product","3":"status-publish","4":"has-post-thumbnail","6":"product_cat-tratamiento-para-madera-y-jardin","7":"product_cat-pintura-para-piscinas","8":"product_tag-jardin","9":"product_tag-pack-es","10":"product_tag-pintura-para-piscina","11":"product_tag-piscina-es","12":"no-featured-image-padding","13":"resize-featured-image","14":"sales-flash-overlay","15":"woocommerce-text-align-left","16":"woocommerce-image-align-center","17":"do-quantity-buttons","18":"wc-has-gallery","20":"first","21":"instock","22":"shipping-taxable","23":"product-type-grouped"},"acf":[],"yoast_head":"<!-- This site is optimized with the Yoast SEO plugin v27.1.1 - https:\/\/yoast.com\/product\/yoast-seo-wordpress\/ -->\n<title>Pack PINTURA PARA PISCINAS ACR\u00cdLICAS | \u00a1Hazlo a tu gusto! - Oller Pinturas y revestimientos<\/title>\n<meta name=\"description\" content=\"\u00a1Escoge los productos y cantidades que necesites para tu piscina de cemento! Nosotrxs te recomendamos la pintura para piscina y complementos ideales para obtener un acabado de \u00e9xito.\" \/>\n<meta name=\"robots\" content=\"index, follow, max-snippet:-1, max-image-preview:large, max-video-preview:-1\" \/>\n<link rel=\"canonical\" href=\"https:\/\/ollerpintures.com\/es\/producto\/kit-pintura-para-piscinas-acrilica\/\" \/>\n<meta property=\"og:locale\" content=\"es_ES\" \/>\n<meta property=\"og:type\" content=\"article\" \/>\n<meta property=\"og:title\" content=\"Pack PINTURA PARA PISCINAS ACR\u00cdLICAS | \u00a1Hazlo a tu gusto! - Oller Pinturas y revestimientos\" \/>\n<meta property=\"og:description\" content=\"\u00a1Escoge los productos y cantidades que necesites para tu piscina de cemento! Nosotrxs te recomendamos la pintura para piscina y complementos ideales para obtener un acabado de \u00e9xito.\" \/>\n<meta property=\"og:url\" content=\"https:\/\/ollerpintures.com\/es\/producto\/kit-pintura-para-piscinas-acrilica\/\" \/>\n<meta property=\"og:site_name\" content=\"Oller Pinturas y revestimientos\" \/>\n<meta property=\"article:publisher\" content=\"https:\/\/www.facebook.com\/people\/Oller-Pintures\/100063652056709\/\" \/>\n<meta property=\"article:modified_time\" content=\"2022-03-10T07:31:06+00:00\" \/>\n<meta property=\"og:image\" content=\"https:\/\/ollerpintures.com\/wp-content\/uploads\/2022\/03\/pintura-piscina-fibra-pack-online-oller-290x290.jpg\" \/>\n<meta name=\"twitter:card\" content=\"summary_large_image\" \/>\n<script type=\"application\/ld+json\" class=\"yoast-schema-graph\">{\"@context\":\"https:\/\/schema.org\",\"@graph\":[{\"@type\":\"WebPage\",\"@id\":\"https:\/\/ollerpintures.com\/es\/producto\/kit-pintura-para-piscinas-acrilica\/\",\"url\":\"https:\/\/ollerpintures.com\/es\/producto\/kit-pintura-para-piscinas-acrilica\/\",\"name\":\"Pack PINTURA PARA PISCINAS ACR\u00cdLICAS | \u00a1Hazlo a tu gusto! - Oller Pinturas y revestimientos\",\"isPartOf\":{\"@id\":\"https:\/\/ollerpintures.com\/es\/#website\"},\"primaryImageOfPage\":{\"@id\":\"https:\/\/ollerpintures.com\/es\/producto\/kit-pintura-para-piscinas-acrilica\/#primaryimage\"},\"image\":{\"@id\":\"https:\/\/ollerpintures.com\/es\/producto\/kit-pintura-para-piscinas-acrilica\/#primaryimage\"},\"thumbnailUrl\":\"https:\/\/ollerpintures.com\/wp-content\/uploads\/2022\/03\/comprar-pintura-piscina-acrilica-al-agua-kit-oller-pintures.jpg\",\"datePublished\":\"2022-03-07T08:12:57+00:00\",\"dateModified\":\"2022-03-10T07:31:06+00:00\",\"description\":\"\u00a1Escoge los productos y cantidades que necesites para tu piscina de cemento! Nosotrxs te recomendamos la pintura para piscina y complementos ideales para obtener un acabado de \u00e9xito.\",\"breadcrumb\":{\"@id\":\"https:\/\/ollerpintures.com\/es\/producto\/kit-pintura-para-piscinas-acrilica\/#breadcrumb\"},\"inLanguage\":\"es\",\"potentialAction\":[{\"@type\":\"ReadAction\",\"target\":[\"https:\/\/ollerpintures.com\/es\/producto\/kit-pintura-para-piscinas-acrilica\/\"]}]},{\"@type\":\"ImageObject\",\"inLanguage\":\"es\",\"@id\":\"https:\/\/ollerpintures.com\/es\/producto\/kit-pintura-para-piscinas-acrilica\/#primaryimage\",\"url\":\"https:\/\/ollerpintures.com\/wp-content\/uploads\/2022\/03\/comprar-pintura-piscina-acrilica-al-agua-kit-oller-pintures.jpg\",\"contentUrl\":\"https:\/\/ollerpintures.com\/wp-content\/uploads\/2022\/03\/comprar-pintura-piscina-acrilica-al-agua-kit-oller-pintures.jpg\",\"width\":1080,\"height\":1080,\"caption\":\"pintura per piscines acrilica\"},{\"@type\":\"BreadcrumbList\",\"@id\":\"https:\/\/ollerpintures.com\/es\/producto\/kit-pintura-para-piscinas-acrilica\/#breadcrumb\",\"itemListElement\":[{\"@type\":\"ListItem\",\"position\":1,\"name\":\"Inici\",\"item\":\"https:\/\/ollerpintures.com\/es\/\"},{\"@type\":\"ListItem\",\"position\":2,\"name\":\"Tienda\",\"item\":\"https:\/\/ollerpintures.com\/es\/tienda\/\"},{\"@type\":\"ListItem\",\"position\":3,\"name\":\"Pack PINTURA PARA PISCINAS ACR\u00cdLICAS | \u00a1Hazlo a tu gusto!\"}]},{\"@type\":\"WebSite\",\"@id\":\"https:\/\/ollerpintures.com\/es\/#website\",\"url\":\"https:\/\/ollerpintures.com\/es\/\",\"name\":\"Oller Pinturas y Revestimientos\",\"description\":\"M\u00e1s de 50 a\u00f1os acompa\u00f1ando a profesionales y particulares con soluciones de pintura duraderas y sostenibles, seis tiendas de proximidad con servicio tintom\u00e9trico propio y un compromiso real con el oficio y las nuevas generaciones.\",\"publisher\":{\"@id\":\"https:\/\/ollerpintures.com\/es\/#organization\"},\"alternateName\":\"Oller Grup\",\"potentialAction\":[{\"@type\":\"SearchAction\",\"target\":{\"@type\":\"EntryPoint\",\"urlTemplate\":\"https:\/\/ollerpintures.com\/es\/?s={search_term_string}\"},\"query-input\":{\"@type\":\"PropertyValueSpecification\",\"valueRequired\":true,\"valueName\":\"search_term_string\"}}],\"inLanguage\":\"es\"},{\"@type\":\"Organization\",\"@id\":\"https:\/\/ollerpintures.com\/es\/#organization\",\"name\":\"Oller Pintures i Revestiments\",\"alternateName\":\"Oller Grup\",\"url\":\"https:\/\/ollerpintures.com\/es\/\",\"logo\":{\"@type\":\"ImageObject\",\"inLanguage\":\"es\",\"@id\":\"https:\/\/ollerpintures.com\/es\/#\/schema\/logo\/image\/\",\"url\":\"https:\/\/ollerpintures.com\/wp-content\/uploads\/2024\/05\/newLogo.png\",\"contentUrl\":\"https:\/\/ollerpintures.com\/wp-content\/uploads\/2024\/05\/newLogo.png\",\"width\":483,\"height\":244,\"caption\":\"Oller Pintures i Revestiments\"},\"image\":{\"@id\":\"https:\/\/ollerpintures.com\/es\/#\/schema\/logo\/image\/\"},\"sameAs\":[\"https:\/\/www.facebook.com\/people\/Oller-Pintures\/100063652056709\/\",\"https:\/\/www.instagram.com\/ollerpintures\/\",\"https:\/\/descriptor.es\/organization\/oller-grup\/\"]}]}<\/script>\n<!-- \/ Yoast SEO plugin. -->","yoast_head_json":{"title":"Pack PINTURA PARA PISCINAS ACR\u00cdLICAS | \u00a1Hazlo a tu gusto! - Oller Pinturas y revestimientos","description":"\u00a1Escoge los productos y cantidades que necesites para tu piscina de cemento! Nosotrxs te recomendamos la pintura para piscina y complementos ideales para obtener un acabado de \u00e9xito.","robots":{"index":"index","follow":"follow","max-snippet":"max-snippet:-1","max-image-preview":"max-image-preview:large","max-video-preview":"max-video-preview:-1"},"canonical":"https:\/\/ollerpintures.com\/es\/producto\/kit-pintura-para-piscinas-acrilica\/","og_locale":"es_ES","og_type":"article","og_title":"Pack PINTURA PARA PISCINAS ACR\u00cdLICAS | \u00a1Hazlo a tu gusto! - Oller Pinturas y revestimientos","og_description":"\u00a1Escoge los productos y cantidades que necesites para tu piscina de cemento! Nosotrxs te recomendamos la pintura para piscina y complementos ideales para obtener un acabado de \u00e9xito.","og_url":"https:\/\/ollerpintures.com\/es\/producto\/kit-pintura-para-piscinas-acrilica\/","og_site_name":"Oller Pinturas y revestimientos","article_publisher":"https:\/\/www.facebook.com\/people\/Oller-Pintures\/100063652056709\/","article_modified_time":"2022-03-10T07:31:06+00:00","og_image":[{"url":"https:\/\/ollerpintures.com\/wp-content\/uploads\/2022\/03\/pintura-piscina-fibra-pack-online-oller-290x290.jpg","type":"","width":"","height":""}],"twitter_card":"summary_large_image","schema":{"@context":"https:\/\/schema.org","@graph":[{"@type":"WebPage","@id":"https:\/\/ollerpintures.com\/es\/producto\/kit-pintura-para-piscinas-acrilica\/","url":"https:\/\/ollerpintures.com\/es\/producto\/kit-pintura-para-piscinas-acrilica\/","name":"Pack PINTURA PARA PISCINAS ACR\u00cdLICAS | \u00a1Hazlo a tu gusto! - Oller Pinturas y revestimientos","isPartOf":{"@id":"https:\/\/ollerpintures.com\/es\/#website"},"primaryImageOfPage":{"@id":"https:\/\/ollerpintures.com\/es\/producto\/kit-pintura-para-piscinas-acrilica\/#primaryimage"},"image":{"@id":"https:\/\/ollerpintures.com\/es\/producto\/kit-pintura-para-piscinas-acrilica\/#primaryimage"},"thumbnailUrl":"https:\/\/ollerpintures.com\/wp-content\/uploads\/2022\/03\/comprar-pintura-piscina-acrilica-al-agua-kit-oller-pintures.jpg","datePublished":"2022-03-07T08:12:57+00:00","dateModified":"2022-03-10T07:31:06+00:00","description":"\u00a1Escoge los productos y cantidades que necesites para tu piscina de cemento! Nosotrxs te recomendamos la pintura para piscina y complementos ideales para obtener un acabado de \u00e9xito.","breadcrumb":{"@id":"https:\/\/ollerpintures.com\/es\/producto\/kit-pintura-para-piscinas-acrilica\/#breadcrumb"},"inLanguage":"es","potentialAction":[{"@type":"ReadAction","target":["https:\/\/ollerpintures.com\/es\/producto\/kit-pintura-para-piscinas-acrilica\/"]}]},{"@type":"ImageObject","inLanguage":"es","@id":"https:\/\/ollerpintures.com\/es\/producto\/kit-pintura-para-piscinas-acrilica\/#primaryimage","url":"https:\/\/ollerpintures.com\/wp-content\/uploads\/2022\/03\/comprar-pintura-piscina-acrilica-al-agua-kit-oller-pintures.jpg","contentUrl":"https:\/\/ollerpintures.com\/wp-content\/uploads\/2022\/03\/comprar-pintura-piscina-acrilica-al-agua-kit-oller-pintures.jpg","width":1080,"height":1080,"caption":"pintura per piscines acrilica"},{"@type":"BreadcrumbList","@id":"https:\/\/ollerpintures.com\/es\/producto\/kit-pintura-para-piscinas-acrilica\/#breadcrumb","itemListElement":[{"@type":"ListItem","position":1,"name":"Inici","item":"https:\/\/ollerpintures.com\/es\/"},{"@type":"ListItem","position":2,"name":"Tienda","item":"https:\/\/ollerpintures.com\/es\/tienda\/"},{"@type":"ListItem","position":3,"name":"Pack PINTURA PARA PISCINAS ACR\u00cdLICAS | \u00a1Hazlo a tu gusto!"}]},{"@type":"WebSite","@id":"https:\/\/ollerpintures.com\/es\/#website","url":"https:\/\/ollerpintures.com\/es\/","name":"Oller Pinturas y Revestimientos","description":"M\u00e1s de 50 a\u00f1os acompa\u00f1ando a profesionales y particulares con soluciones de pintura duraderas y sostenibles, seis tiendas de proximidad con servicio tintom\u00e9trico propio y un compromiso real con el oficio y las nuevas generaciones.","publisher":{"@id":"https:\/\/ollerpintures.com\/es\/#organization"},"alternateName":"Oller Grup","potentialAction":[{"@type":"SearchAction","target":{"@type":"EntryPoint","urlTemplate":"https:\/\/ollerpintures.com\/es\/?s={search_term_string}"},"query-input":{"@type":"PropertyValueSpecification","valueRequired":true,"valueName":"search_term_string"}}],"inLanguage":"es"},{"@type":"Organization","@id":"https:\/\/ollerpintures.com\/es\/#organization","name":"Oller Pintures i Revestiments","alternateName":"Oller Grup","url":"https:\/\/ollerpintures.com\/es\/","logo":{"@type":"ImageObject","inLanguage":"es","@id":"https:\/\/ollerpintures.com\/es\/#\/schema\/logo\/image\/","url":"https:\/\/ollerpintures.com\/wp-content\/uploads\/2024\/05\/newLogo.png","contentUrl":"https:\/\/ollerpintures.com\/wp-content\/uploads\/2024\/05\/newLogo.png","width":483,"height":244,"caption":"Oller Pintures i Revestiments"},"image":{"@id":"https:\/\/ollerpintures.com\/es\/#\/schema\/logo\/image\/"},"sameAs":["https:\/\/www.facebook.com\/people\/Oller-Pintures\/100063652056709\/","https:\/\/www.instagram.com\/ollerpintures\/","https:\/\/descriptor.es\/organization\/oller-grup\/"]}]}},"brands":[],"_links":{"self":[{"href":"https:\/\/ollerpintures.com\/es\/wp-json\/wp\/v2\/product\/18317","targetHints":{"allow":["GET"]}}],"collection":[{"href":"https:\/\/ollerpintures.com\/es\/wp-json\/wp\/v2\/product"}],"about":[{"href":"https:\/\/ollerpintures.com\/es\/wp-json\/wp\/v2\/types\/product"}],"wp:featuredmedia":[{"embeddable":true,"href":"https:\/\/ollerpintures.com\/es\/wp-json\/wp\/v2\/media\/18319"}],"wp:attachment":[{"href":"https:\/\/ollerpintures.com\/es\/wp-json\/wp\/v2\/media?parent=18317"}],"wp:term":[{"taxonomy":"pwb-brand","embeddable":true,"href":"https:\/\/ollerpintures.com\/es\/wp-json\/wp\/v2\/pwb-brand?post=18317"},{"taxonomy":"product_brand","embeddable":true,"href":"https:\/\/ollerpintures.com\/es\/wp-json\/wp\/v2\/product_brand?post=18317"},{"taxonomy":"product_cat","embeddable":true,"href":"https:\/\/ollerpintures.com\/es\/wp-json\/wp\/v2\/product_cat?post=18317"},{"taxonomy":"product_tag","embeddable":true,"href":"https:\/\/ollerpintures.com\/es\/wp-json\/wp\/v2\/product_tag?post=18317"}],"curies":[{"name":"wp","href":"https:\/\/api.w.org\/{rel}","templated":true}]}}