{"id":18308,"date":"2022-03-07T08:12:21","date_gmt":"2022-03-07T07:12:21","guid":{"rendered":"https:\/\/oller-pintures.c.wetopi.com\/?post_type=product&#038;p=18308"},"modified":"2024-04-04T10:50:33","modified_gmt":"2024-04-04T09:50:33","slug":"kit-pintura-para-piscinas-poliester","status":"publish","type":"product","link":"https:\/\/ollerpintures.com\/es\/producto\/kit-pintura-para-piscinas-poliester\/","title":{"rendered":"Pack PINTURA PARA PISCINA DE POLI\u00c9STER | Pack completo para pintar piscinas"},"content":{"rendered":"<p>Kit para pintar piscinas de poli\u00e9ster o piscinas de fibra con \u00e9xito. Asegura un buen resultado gracias a nuestras recomendaciones. El pack incluye:<\/p>\n<p>\u2705 <a href=\"https:\/\/ollerpintures.com\/producto\/esmalte-brillante-para-piscinas-de-fibra-blatempur-piscinas-poliester-azul-4l\/\" target=\"_blank\" rel=\"noopener\"><strong> Pintura para piscinas de poliester fibra<\/strong> 4L azul<\/a> (3 unidades) \u2192 Rendimiento: 9-12m2\/L<\/p>\n<p>\u2705 <a href=\"https:\/\/ollerpintures.com\/producto\/disolvente-poliuretano-1l\/\" target=\"_blank\" rel=\"noopener\"><strong>Disolvente de poliuretano 1L<\/strong><\/a><\/p>\n<p>\u2705 <a href=\"https:\/\/ollerpintures.com\/producto\/cubeta-de-plastico-16l-con-rejilla-per-pintar\/\" target=\"_blank\" rel=\"noopener\"><strong> Cubeta pl\u00e1stico 16L con rejilla<\/strong><\/a><\/p>\n<p>\u2705 <a href=\"https:\/\/ollerpintures.com\/producto\/rodillo-para-piscinas-y-suelos-22cm\/\" target=\"_blank\" rel=\"noopener\"><strong>2 Rodillos especiales para piscinas y suelos<\/strong><\/a><\/p>\n<p>\u2705 <a href=\"https:\/\/ollerpintures.com\/producto\/brocha-redonda-serie-315\/\" target=\"_blank\" rel=\"noopener\"><strong>Brocha para recortar esquinas<\/strong><\/a><\/p>\n<p>\u2705 <a href=\"https:\/\/ollerpintures.com\/es\/producto\/lija-en-rollo-115x5\/\" target=\"_blank\" rel=\"noopener\"><strong>1 Rollo de lija P100<\/strong><\/a><\/p>\n<p>Adem\u00e1s, te recomendamos utilizar el <a href=\"https:\/\/ollerpintures.com\/producto\/disolvente-poliuretano-1l\/\" target=\"_blank\" rel=\"noopener\"><strong>disolvente de poliuretano<\/strong><\/a> para conseguir una buena limpieza posterior.<\/p>\n<h4>Cosas que debes saber: <a href=\"https:\/\/ollerpintures.com\/es\/pintar-la-piscina\/\" target=\"_blank\" rel=\"noopener\">\u00bfC\u00f3mo pintar una piscina de fibra?<\/a><\/h4>\n<p>Para pintar correctamente una piscina de fibra, lo ideal es utilizar una pintura para piscinas de poliuretano (<a href=\"https:\/\/es.wikipedia.org\/wiki\/Poliuretano\" target=\"_blank\" rel=\"noopener\">+<\/a>) con 2 componentes. Es la \u00fanica pintura con adherencia adecuada para superficies como la piscina de fibra.<\/p>\n<p>Antes de aplicarla, recuerda <strong>limpiar bien la piscina y hacer un lijado previo<\/strong> para que la superficie quede totalmente lisa y fina cuando pases el rodillo.<\/p>\n","protected":false},"excerpt":{"rendered":"<p><strong>Kit para pintar piscina de poli\u00e9ster: pintura para piscina azul, disolvente poliuretano, cubeta con rejilla, rodillos especiales para piscinas, brocha redonda y rollo de lija P100.\u00a0<\/strong><\/p>\n","protected":false},"featured_media":24672,"template":"","meta":{"_acf_changed":false},"pwb-brand":[786],"product_brand":[],"product_cat":[825,735],"product_tag":[738,675,739,740],"class_list":{"0":"post-18308","1":"product","2":"type-product","3":"status-publish","4":"has-post-thumbnail","6":"pwb-brand-blatem-es","7":"product_cat-tratamiento-para-madera-y-jardin","8":"product_cat-pintura-para-piscinas","9":"product_tag-jardin","10":"product_tag-pack-es","11":"product_tag-pintura-para-piscina","12":"product_tag-piscina-es","13":"no-featured-image-padding","14":"resize-featured-image","15":"sales-flash-overlay","16":"woocommerce-text-align-left","17":"woocommerce-image-align-center","18":"do-quantity-buttons","19":"wc-has-gallery","21":"first","22":"instock","23":"shipping-taxable","24":"purchasable","25":"product-type-simple"},"acf":{"json-ld":"","dctermstitle":"","dctermsdescription":"","dctermsabstract":"","dctermsreferences":"https:\/\/ollerpintures.com\/es\/"},"yoast_head":"<!-- This site is optimized with the Yoast SEO plugin v27.1.1 - https:\/\/yoast.com\/product\/yoast-seo-wordpress\/ -->\n<title>Pack pintura para piscinas de poli\u00e9ster o fibra | Oller Grup<\/title>\n<meta name=\"description\" content=\"Pack pintura para piscinas de poli\u00e9ster o piscinas de fibra, aseg\u00farate un buen resultado gracias a las recomendaciones y lo mejor en pintura para piscinas.\" \/>\n<meta name=\"robots\" content=\"index, follow, max-snippet:-1, max-image-preview:large, max-video-preview:-1\" \/>\n<link rel=\"canonical\" href=\"https:\/\/ollerpintures.com\/es\/producto\/kit-pintura-para-piscinas-poliester\/\" \/>\n<meta property=\"og:locale\" content=\"es_ES\" \/>\n<meta property=\"og:type\" content=\"article\" \/>\n<meta property=\"og:title\" content=\"Pack pintura para piscinas de poli\u00e9ster o fibra | Oller Grup\" \/>\n<meta property=\"og:description\" content=\"Pack pintura para piscinas de poli\u00e9ster o piscinas de fibra, aseg\u00farate un buen resultado gracias a las recomendaciones y lo mejor en pintura para piscinas.\" \/>\n<meta property=\"og:url\" content=\"https:\/\/ollerpintures.com\/es\/producto\/kit-pintura-para-piscinas-poliester\/\" \/>\n<meta property=\"og:site_name\" content=\"Oller Pinturas y revestimientos\" \/>\n<meta property=\"article:publisher\" content=\"https:\/\/www.facebook.com\/people\/Oller-Pintures\/100063652056709\/\" \/>\n<meta property=\"article:modified_time\" content=\"2024-04-04T09:50:33+00:00\" \/>\n<meta property=\"og:image\" content=\"https:\/\/ollerpintures.com\/wp-content\/uploads\/2022\/03\/pintura-piscina-fibra-pack-online-oller-290x290.jpg\" \/>\n<meta name=\"twitter:card\" content=\"summary_large_image\" \/>\n<meta name=\"twitter:label1\" content=\"Tiempo de lectura\" \/>\n\t<meta name=\"twitter:data1\" content=\"2 minutos\" \/>\n<script type=\"application\/ld+json\" class=\"yoast-schema-graph\">{\"@context\":\"https:\/\/schema.org\",\"@graph\":[{\"@type\":\"WebPage\",\"@id\":\"https:\/\/ollerpintures.com\/es\/producto\/kit-pintura-para-piscinas-poliester\/\",\"url\":\"https:\/\/ollerpintures.com\/es\/producto\/kit-pintura-para-piscinas-poliester\/\",\"name\":\"Pack pintura para piscinas de poli\u00e9ster o fibra | Oller Grup\",\"isPartOf\":{\"@id\":\"https:\/\/ollerpintures.com\/es\/#website\"},\"primaryImageOfPage\":{\"@id\":\"https:\/\/ollerpintures.com\/es\/producto\/kit-pintura-para-piscinas-poliester\/#primaryimage\"},\"image\":{\"@id\":\"https:\/\/ollerpintures.com\/es\/producto\/kit-pintura-para-piscinas-poliester\/#primaryimage\"},\"thumbnailUrl\":\"https:\/\/ollerpintures.com\/wp-content\/uploads\/2022\/03\/pintura-para-pintar-piscina-de-fibra-azul.jpg\",\"datePublished\":\"2022-03-07T07:12:21+00:00\",\"dateModified\":\"2024-04-04T09:50:33+00:00\",\"description\":\"Pack pintura para piscinas de poli\u00e9ster o piscinas de fibra, aseg\u00farate un buen resultado gracias a las recomendaciones y lo mejor en pintura para piscinas.\",\"breadcrumb\":{\"@id\":\"https:\/\/ollerpintures.com\/es\/producto\/kit-pintura-para-piscinas-poliester\/#breadcrumb\"},\"inLanguage\":\"es\",\"potentialAction\":[{\"@type\":\"ReadAction\",\"target\":[\"https:\/\/ollerpintures.com\/es\/producto\/kit-pintura-para-piscinas-poliester\/\"]}]},{\"@type\":\"ImageObject\",\"inLanguage\":\"es\",\"@id\":\"https:\/\/ollerpintures.com\/es\/producto\/kit-pintura-para-piscinas-poliester\/#primaryimage\",\"url\":\"https:\/\/ollerpintures.com\/wp-content\/uploads\/2022\/03\/pintura-para-pintar-piscina-de-fibra-azul.jpg\",\"contentUrl\":\"https:\/\/ollerpintures.com\/wp-content\/uploads\/2022\/03\/pintura-para-pintar-piscina-de-fibra-azul.jpg\",\"width\":1080,\"height\":1080,\"caption\":\"pintura para piscinas de fibra o poli\u00e9ster\"},{\"@type\":\"BreadcrumbList\",\"@id\":\"https:\/\/ollerpintures.com\/es\/producto\/kit-pintura-para-piscinas-poliester\/#breadcrumb\",\"itemListElement\":[{\"@type\":\"ListItem\",\"position\":1,\"name\":\"Inici\",\"item\":\"https:\/\/ollerpintures.com\/es\/\"},{\"@type\":\"ListItem\",\"position\":2,\"name\":\"Tienda\",\"item\":\"https:\/\/ollerpintures.com\/es\/tienda\/\"},{\"@type\":\"ListItem\",\"position\":3,\"name\":\"Pack PINTURA PARA PISCINA DE POLI\u00c9STER | Pack completo para pintar piscinas\"}]},{\"@type\":\"WebSite\",\"@id\":\"https:\/\/ollerpintures.com\/es\/#website\",\"url\":\"https:\/\/ollerpintures.com\/es\/\",\"name\":\"Oller Pinturas y Revestimientos\",\"description\":\"M\u00e1s de 50 a\u00f1os acompa\u00f1ando a profesionales y particulares con soluciones de pintura duraderas y sostenibles, seis tiendas de proximidad con servicio tintom\u00e9trico propio y un compromiso real con el oficio y las nuevas generaciones.\",\"publisher\":{\"@id\":\"https:\/\/ollerpintures.com\/es\/#organization\"},\"alternateName\":\"Oller Grup\",\"potentialAction\":[{\"@type\":\"SearchAction\",\"target\":{\"@type\":\"EntryPoint\",\"urlTemplate\":\"https:\/\/ollerpintures.com\/es\/?s={search_term_string}\"},\"query-input\":{\"@type\":\"PropertyValueSpecification\",\"valueRequired\":true,\"valueName\":\"search_term_string\"}}],\"inLanguage\":\"es\"},{\"@type\":\"Organization\",\"@id\":\"https:\/\/ollerpintures.com\/es\/#organization\",\"name\":\"Oller Pintures i Revestiments\",\"alternateName\":\"Oller Grup\",\"url\":\"https:\/\/ollerpintures.com\/es\/\",\"logo\":{\"@type\":\"ImageObject\",\"inLanguage\":\"es\",\"@id\":\"https:\/\/ollerpintures.com\/es\/#\/schema\/logo\/image\/\",\"url\":\"https:\/\/ollerpintures.com\/wp-content\/uploads\/2024\/05\/newLogo.png\",\"contentUrl\":\"https:\/\/ollerpintures.com\/wp-content\/uploads\/2024\/05\/newLogo.png\",\"width\":483,\"height\":244,\"caption\":\"Oller Pintures i Revestiments\"},\"image\":{\"@id\":\"https:\/\/ollerpintures.com\/es\/#\/schema\/logo\/image\/\"},\"sameAs\":[\"https:\/\/www.facebook.com\/people\/Oller-Pintures\/100063652056709\/\",\"https:\/\/www.instagram.com\/ollerpintures\/\",\"https:\/\/descriptor.es\/organization\/oller-grup\/\"]}]}<\/script>\n<!-- \/ Yoast SEO plugin. -->","yoast_head_json":{"title":"Pack pintura para piscinas de poli\u00e9ster o fibra | Oller Grup","description":"Pack pintura para piscinas de poli\u00e9ster o piscinas de fibra, aseg\u00farate un buen resultado gracias a las recomendaciones y lo mejor en pintura para piscinas.","robots":{"index":"index","follow":"follow","max-snippet":"max-snippet:-1","max-image-preview":"max-image-preview:large","max-video-preview":"max-video-preview:-1"},"canonical":"https:\/\/ollerpintures.com\/es\/producto\/kit-pintura-para-piscinas-poliester\/","og_locale":"es_ES","og_type":"article","og_title":"Pack pintura para piscinas de poli\u00e9ster o fibra | Oller Grup","og_description":"Pack pintura para piscinas de poli\u00e9ster o piscinas de fibra, aseg\u00farate un buen resultado gracias a las recomendaciones y lo mejor en pintura para piscinas.","og_url":"https:\/\/ollerpintures.com\/es\/producto\/kit-pintura-para-piscinas-poliester\/","og_site_name":"Oller Pinturas y revestimientos","article_publisher":"https:\/\/www.facebook.com\/people\/Oller-Pintures\/100063652056709\/","article_modified_time":"2024-04-04T09:50:33+00:00","og_image":[{"url":"https:\/\/ollerpintures.com\/wp-content\/uploads\/2022\/03\/pintura-piscina-fibra-pack-online-oller-290x290.jpg","type":"","width":"","height":""}],"twitter_card":"summary_large_image","twitter_misc":{"Tiempo de lectura":"2 minutos"},"schema":{"@context":"https:\/\/schema.org","@graph":[{"@type":"WebPage","@id":"https:\/\/ollerpintures.com\/es\/producto\/kit-pintura-para-piscinas-poliester\/","url":"https:\/\/ollerpintures.com\/es\/producto\/kit-pintura-para-piscinas-poliester\/","name":"Pack pintura para piscinas de poli\u00e9ster o fibra | Oller Grup","isPartOf":{"@id":"https:\/\/ollerpintures.com\/es\/#website"},"primaryImageOfPage":{"@id":"https:\/\/ollerpintures.com\/es\/producto\/kit-pintura-para-piscinas-poliester\/#primaryimage"},"image":{"@id":"https:\/\/ollerpintures.com\/es\/producto\/kit-pintura-para-piscinas-poliester\/#primaryimage"},"thumbnailUrl":"https:\/\/ollerpintures.com\/wp-content\/uploads\/2022\/03\/pintura-para-pintar-piscina-de-fibra-azul.jpg","datePublished":"2022-03-07T07:12:21+00:00","dateModified":"2024-04-04T09:50:33+00:00","description":"Pack pintura para piscinas de poli\u00e9ster o piscinas de fibra, aseg\u00farate un buen resultado gracias a las recomendaciones y lo mejor en pintura para piscinas.","breadcrumb":{"@id":"https:\/\/ollerpintures.com\/es\/producto\/kit-pintura-para-piscinas-poliester\/#breadcrumb"},"inLanguage":"es","potentialAction":[{"@type":"ReadAction","target":["https:\/\/ollerpintures.com\/es\/producto\/kit-pintura-para-piscinas-poliester\/"]}]},{"@type":"ImageObject","inLanguage":"es","@id":"https:\/\/ollerpintures.com\/es\/producto\/kit-pintura-para-piscinas-poliester\/#primaryimage","url":"https:\/\/ollerpintures.com\/wp-content\/uploads\/2022\/03\/pintura-para-pintar-piscina-de-fibra-azul.jpg","contentUrl":"https:\/\/ollerpintures.com\/wp-content\/uploads\/2022\/03\/pintura-para-pintar-piscina-de-fibra-azul.jpg","width":1080,"height":1080,"caption":"pintura para piscinas de fibra o poli\u00e9ster"},{"@type":"BreadcrumbList","@id":"https:\/\/ollerpintures.com\/es\/producto\/kit-pintura-para-piscinas-poliester\/#breadcrumb","itemListElement":[{"@type":"ListItem","position":1,"name":"Inici","item":"https:\/\/ollerpintures.com\/es\/"},{"@type":"ListItem","position":2,"name":"Tienda","item":"https:\/\/ollerpintures.com\/es\/tienda\/"},{"@type":"ListItem","position":3,"name":"Pack PINTURA PARA PISCINA DE POLI\u00c9STER | Pack completo para pintar piscinas"}]},{"@type":"WebSite","@id":"https:\/\/ollerpintures.com\/es\/#website","url":"https:\/\/ollerpintures.com\/es\/","name":"Oller Pinturas y Revestimientos","description":"M\u00e1s de 50 a\u00f1os acompa\u00f1ando a profesionales y particulares con soluciones de pintura duraderas y sostenibles, seis tiendas de proximidad con servicio tintom\u00e9trico propio y un compromiso real con el oficio y las nuevas generaciones.","publisher":{"@id":"https:\/\/ollerpintures.com\/es\/#organization"},"alternateName":"Oller Grup","potentialAction":[{"@type":"SearchAction","target":{"@type":"EntryPoint","urlTemplate":"https:\/\/ollerpintures.com\/es\/?s={search_term_string}"},"query-input":{"@type":"PropertyValueSpecification","valueRequired":true,"valueName":"search_term_string"}}],"inLanguage":"es"},{"@type":"Organization","@id":"https:\/\/ollerpintures.com\/es\/#organization","name":"Oller Pintures i Revestiments","alternateName":"Oller Grup","url":"https:\/\/ollerpintures.com\/es\/","logo":{"@type":"ImageObject","inLanguage":"es","@id":"https:\/\/ollerpintures.com\/es\/#\/schema\/logo\/image\/","url":"https:\/\/ollerpintures.com\/wp-content\/uploads\/2024\/05\/newLogo.png","contentUrl":"https:\/\/ollerpintures.com\/wp-content\/uploads\/2024\/05\/newLogo.png","width":483,"height":244,"caption":"Oller Pintures i Revestiments"},"image":{"@id":"https:\/\/ollerpintures.com\/es\/#\/schema\/logo\/image\/"},"sameAs":["https:\/\/www.facebook.com\/people\/Oller-Pintures\/100063652056709\/","https:\/\/www.instagram.com\/ollerpintures\/","https:\/\/descriptor.es\/organization\/oller-grup\/"]}]}},"brands":[{"id":786,"name":"Blatem","slug":"blatem-es"}],"_links":{"self":[{"href":"https:\/\/ollerpintures.com\/es\/wp-json\/wp\/v2\/product\/18308","targetHints":{"allow":["GET"]}}],"collection":[{"href":"https:\/\/ollerpintures.com\/es\/wp-json\/wp\/v2\/product"}],"about":[{"href":"https:\/\/ollerpintures.com\/es\/wp-json\/wp\/v2\/types\/product"}],"wp:featuredmedia":[{"embeddable":true,"href":"https:\/\/ollerpintures.com\/es\/wp-json\/wp\/v2\/media\/24672"}],"wp:attachment":[{"href":"https:\/\/ollerpintures.com\/es\/wp-json\/wp\/v2\/media?parent=18308"}],"wp:term":[{"taxonomy":"pwb-brand","embeddable":true,"href":"https:\/\/ollerpintures.com\/es\/wp-json\/wp\/v2\/pwb-brand?post=18308"},{"taxonomy":"product_brand","embeddable":true,"href":"https:\/\/ollerpintures.com\/es\/wp-json\/wp\/v2\/product_brand?post=18308"},{"taxonomy":"product_cat","embeddable":true,"href":"https:\/\/ollerpintures.com\/es\/wp-json\/wp\/v2\/product_cat?post=18308"},{"taxonomy":"product_tag","embeddable":true,"href":"https:\/\/ollerpintures.com\/es\/wp-json\/wp\/v2\/product_tag?post=18308"}],"curies":[{"name":"wp","href":"https:\/\/api.w.org\/{rel}","templated":true}]}}