{"id":18306,"date":"2022-03-04T12:15:22","date_gmt":"2022-03-04T11:15:22","guid":{"rendered":"https:\/\/oller-pintures.c.wetopi.com\/producte\/pack-pintura-para-piscina-de-fibra-hazlo-a-tu-gusto\/"},"modified":"2022-03-10T08:27:51","modified_gmt":"2022-03-10T07:27:51","slug":"kit-pintura-para-piscina-de-poliester-azul","status":"publish","type":"product","link":"https:\/\/ollerpintures.com\/es\/producto\/kit-pintura-para-piscina-de-poliester-azul\/","title":{"rendered":"Pack PINTURA PARA PISCINA DE POLI\u00c9STER | \u00a1Hazlo a tu gusto!"},"content":{"rendered":"<p>Te recomendamos todos los productos que necesitas para pintar piscina de fibra con \u00e9xito. Selecciona los productos y cantidades que necesites, \u00a1a t u gusto!<\/p>\n<p>Asegura un buen resultado gracias a nuestras recomendaciones.<\/p>\n<p><img decoding=\"async\" class=\"emoji ls-is-cached lazyloaded\" role=\"img\" draggable=\"false\" src=\"https:\/\/s.w.org\/images\/core\/emoji\/13.1.0\/svg\/2705.svg\" alt=\"\u2705\" data-src=\"https:\/\/s.w.org\/images\/core\/emoji\/13.1.0\/svg\/2705.svg\" \/><strong> Pintura para piscinas de poli\u00e9ster fibra azul<\/strong> \u2192 Rendimiento: 9-12m2\/L<\/p>\n<p><img decoding=\"async\" class=\"emoji ls-is-cached lazyloaded\" role=\"img\" draggable=\"false\" src=\"https:\/\/s.w.org\/images\/core\/emoji\/13.1.0\/svg\/2705.svg\" alt=\"\u2705\" data-src=\"https:\/\/s.w.org\/images\/core\/emoji\/13.1.0\/svg\/2705.svg\" \/> <strong>Disolvente poliuretano<\/strong><\/p>\n<p><strong><img decoding=\"async\" class=\"emoji ls-is-cached lazyloaded\" role=\"img\" draggable=\"false\" src=\"https:\/\/s.w.org\/images\/core\/emoji\/13.1.0\/svg\/2705.svg\" alt=\"\u2705\" data-src=\"https:\/\/s.w.org\/images\/core\/emoji\/13.1.0\/svg\/2705.svg\" \/> Cubeta pl\u00e1stico 16L con rejilla\u00a0<\/strong><\/p>\n<p><strong><img decoding=\"async\" class=\"emoji ls-is-cached lazyloaded\" role=\"img\" draggable=\"false\" src=\"https:\/\/s.w.org\/images\/core\/emoji\/13.1.0\/svg\/2705.svg\" alt=\"\u2705\" data-src=\"https:\/\/s.w.org\/images\/core\/emoji\/13.1.0\/svg\/2705.svg\" \/> Rodillo especial para piscinas y suelos\u00a0<\/strong><\/p>\n<p><strong><img decoding=\"async\" class=\"emoji ls-is-cached lazyloaded\" role=\"img\" draggable=\"false\" src=\"https:\/\/s.w.org\/images\/core\/emoji\/13.1.0\/svg\/2705.svg\" alt=\"\u2705\" data-src=\"https:\/\/s.w.org\/images\/core\/emoji\/13.1.0\/svg\/2705.svg\" \/> Alargo de aluminio para rodillo\u00a0<\/strong><\/p>\n<p><strong><img decoding=\"async\" class=\"emoji ls-is-cached lazyloaded\" role=\"img\" draggable=\"false\" src=\"https:\/\/s.w.org\/images\/core\/emoji\/13.1.0\/svg\/2705.svg\" alt=\"\u2705\" data-src=\"https:\/\/s.w.org\/images\/core\/emoji\/13.1.0\/svg\/2705.svg\" \/> <a href=\"https:\/\/ollerpintures.com\/producto\/brocha-redonda-serie-315\/\" target=\"_blank\" rel=\"noopener\">Brocha para recortar esquinas<\/a>\u00a0<\/strong><\/p>\n<p><strong>\u00bfC\u00f3mo pintar una piscina de fibra?<\/strong>\u00a0<strong>\u2192 M\u00e1s informaci\u00f3n <a href=\"https:\/\/ollerpintures.com\/pintar-la-piscina\/\">AQU\u00cd<\/a><\/strong><\/p>\n<p>Para pintar correctamente una piscina de fibra, lo ideal es utilizar una pintura para piscina de poliuretano con 2 componentes. Es la \u00fanica pintura con adherencia adecuada para superficies como la piscina de fibra.<\/p>\n<p>Antes de aplicarla, recuerda limpiar bien la piscina y hacer un lijado previo para que la superficie quede totalmente lisa y fina cuando pases el rodillo.<\/p>\n<p>&nbsp;<\/p>\n","protected":false},"excerpt":{"rendered":"<p>\u00a1Escoge los productos y cantidades que necesites para tu<strong> piscina de fibra<\/strong>! Nosotrxs te recomendamos la <strong>pintura para piscina y complementos ideales<\/strong> para obtener un acabado de \u00e9xito.<\/p>\n","protected":false},"featured_media":18297,"template":"","meta":{"_acf_changed":false},"pwb-brand":[],"product_brand":[],"product_cat":[825,735],"product_tag":[738,675,739,740],"class_list":{"0":"post-18306","1":"product","2":"type-product","3":"status-publish","4":"has-post-thumbnail","6":"product_cat-tratamiento-para-madera-y-jardin","7":"product_cat-pintura-para-piscinas","8":"product_tag-jardin","9":"product_tag-pack-es","10":"product_tag-pintura-para-piscina","11":"product_tag-piscina-es","12":"no-featured-image-padding","13":"resize-featured-image","14":"sales-flash-overlay","15":"woocommerce-text-align-left","16":"woocommerce-image-align-center","17":"do-quantity-buttons","18":"wc-has-gallery","20":"first","21":"instock","22":"shipping-taxable","23":"product-type-grouped"},"acf":[],"yoast_head":"<!-- This site is optimized with the Yoast SEO plugin v27.1.1 - https:\/\/yoast.com\/product\/yoast-seo-wordpress\/ -->\n<title>Pack PINTURA PARA PISCINA DE POLI\u00c9STER | \u00a1Hazlo a tu gusto! - Oller Pinturas y revestimientos<\/title>\n<meta name=\"description\" content=\"\u00a1Escoge los productos y cantidades que necesites para tu piscina de fibra! Nosotrxs te recomendamos la pintura para piscina y complementos ideales para obtener un acabado de \u00e9xito.\" \/>\n<meta name=\"robots\" content=\"index, follow, max-snippet:-1, max-image-preview:large, max-video-preview:-1\" \/>\n<link rel=\"canonical\" href=\"https:\/\/ollerpintures.com\/es\/producto\/kit-pintura-para-piscina-de-poliester-azul\/\" \/>\n<meta property=\"og:locale\" content=\"es_ES\" \/>\n<meta property=\"og:type\" content=\"article\" \/>\n<meta property=\"og:title\" content=\"Pack PINTURA PARA PISCINA DE POLI\u00c9STER | \u00a1Hazlo a tu gusto! - Oller Pinturas y revestimientos\" \/>\n<meta property=\"og:description\" content=\"\u00a1Escoge los productos y cantidades que necesites para tu piscina de fibra! Nosotrxs te recomendamos la pintura para piscina y complementos ideales para obtener un acabado de \u00e9xito.\" \/>\n<meta property=\"og:url\" content=\"https:\/\/ollerpintures.com\/es\/producto\/kit-pintura-para-piscina-de-poliester-azul\/\" \/>\n<meta property=\"og:site_name\" content=\"Oller Pinturas y revestimientos\" \/>\n<meta property=\"article:publisher\" content=\"https:\/\/www.facebook.com\/people\/Oller-Pintures\/100063652056709\/\" \/>\n<meta property=\"article:modified_time\" content=\"2022-03-10T07:27:51+00:00\" \/>\n<meta property=\"og:image\" content=\"https:\/\/ollerpintures.com\/wp-content\/uploads\/2022\/03\/pintura-piscina-fibra-pack-online-oller-290x290.jpg\" \/>\n<meta name=\"twitter:card\" content=\"summary_large_image\" \/>\n<meta name=\"twitter:label1\" content=\"Tiempo de lectura\" \/>\n\t<meta name=\"twitter:data1\" content=\"1 minuto\" \/>\n<script type=\"application\/ld+json\" class=\"yoast-schema-graph\">{\"@context\":\"https:\/\/schema.org\",\"@graph\":[{\"@type\":\"WebPage\",\"@id\":\"https:\/\/ollerpintures.com\/es\/producto\/kit-pintura-para-piscina-de-poliester-azul\/\",\"url\":\"https:\/\/ollerpintures.com\/es\/producto\/kit-pintura-para-piscina-de-poliester-azul\/\",\"name\":\"Pack PINTURA PARA PISCINA DE POLI\u00c9STER | \u00a1Hazlo a tu gusto! - Oller Pinturas y revestimientos\",\"isPartOf\":{\"@id\":\"https:\/\/ollerpintures.com\/es\/#website\"},\"primaryImageOfPage\":{\"@id\":\"https:\/\/ollerpintures.com\/es\/producto\/kit-pintura-para-piscina-de-poliester-azul\/#primaryimage\"},\"image\":{\"@id\":\"https:\/\/ollerpintures.com\/es\/producto\/kit-pintura-para-piscina-de-poliester-azul\/#primaryimage\"},\"thumbnailUrl\":\"https:\/\/ollerpintures.com\/wp-content\/uploads\/2022\/03\/pintura-piscina-fibra-pack-online-oller.jpg\",\"datePublished\":\"2022-03-04T11:15:22+00:00\",\"dateModified\":\"2022-03-10T07:27:51+00:00\",\"description\":\"\u00a1Escoge los productos y cantidades que necesites para tu piscina de fibra! Nosotrxs te recomendamos la pintura para piscina y complementos ideales para obtener un acabado de \u00e9xito.\",\"breadcrumb\":{\"@id\":\"https:\/\/ollerpintures.com\/es\/producto\/kit-pintura-para-piscina-de-poliester-azul\/#breadcrumb\"},\"inLanguage\":\"es\",\"potentialAction\":[{\"@type\":\"ReadAction\",\"target\":[\"https:\/\/ollerpintures.com\/es\/producto\/kit-pintura-para-piscina-de-poliester-azul\/\"]}]},{\"@type\":\"ImageObject\",\"inLanguage\":\"es\",\"@id\":\"https:\/\/ollerpintures.com\/es\/producto\/kit-pintura-para-piscina-de-poliester-azul\/#primaryimage\",\"url\":\"https:\/\/ollerpintures.com\/wp-content\/uploads\/2022\/03\/pintura-piscina-fibra-pack-online-oller.jpg\",\"contentUrl\":\"https:\/\/ollerpintures.com\/wp-content\/uploads\/2022\/03\/pintura-piscina-fibra-pack-online-oller.jpg\",\"width\":1080,\"height\":1080,\"caption\":\"pintura piscina fibra pack\"},{\"@type\":\"BreadcrumbList\",\"@id\":\"https:\/\/ollerpintures.com\/es\/producto\/kit-pintura-para-piscina-de-poliester-azul\/#breadcrumb\",\"itemListElement\":[{\"@type\":\"ListItem\",\"position\":1,\"name\":\"Inici\",\"item\":\"https:\/\/ollerpintures.com\/es\/\"},{\"@type\":\"ListItem\",\"position\":2,\"name\":\"Tienda\",\"item\":\"https:\/\/ollerpintures.com\/es\/tienda\/\"},{\"@type\":\"ListItem\",\"position\":3,\"name\":\"Pack PINTURA PARA PISCINA DE POLI\u00c9STER | \u00a1Hazlo a tu gusto!\"}]},{\"@type\":\"WebSite\",\"@id\":\"https:\/\/ollerpintures.com\/es\/#website\",\"url\":\"https:\/\/ollerpintures.com\/es\/\",\"name\":\"Oller Pinturas y Revestimientos\",\"description\":\"M\u00e1s de 50 a\u00f1os acompa\u00f1ando a profesionales y particulares con soluciones de pintura duraderas y sostenibles, seis tiendas de proximidad con servicio tintom\u00e9trico propio y un compromiso real con el oficio y las nuevas generaciones.\",\"publisher\":{\"@id\":\"https:\/\/ollerpintures.com\/es\/#organization\"},\"alternateName\":\"Oller Grup\",\"potentialAction\":[{\"@type\":\"SearchAction\",\"target\":{\"@type\":\"EntryPoint\",\"urlTemplate\":\"https:\/\/ollerpintures.com\/es\/?s={search_term_string}\"},\"query-input\":{\"@type\":\"PropertyValueSpecification\",\"valueRequired\":true,\"valueName\":\"search_term_string\"}}],\"inLanguage\":\"es\"},{\"@type\":\"Organization\",\"@id\":\"https:\/\/ollerpintures.com\/es\/#organization\",\"name\":\"Oller Pintures i Revestiments\",\"alternateName\":\"Oller Grup\",\"url\":\"https:\/\/ollerpintures.com\/es\/\",\"logo\":{\"@type\":\"ImageObject\",\"inLanguage\":\"es\",\"@id\":\"https:\/\/ollerpintures.com\/es\/#\/schema\/logo\/image\/\",\"url\":\"https:\/\/ollerpintures.com\/wp-content\/uploads\/2024\/05\/newLogo.png\",\"contentUrl\":\"https:\/\/ollerpintures.com\/wp-content\/uploads\/2024\/05\/newLogo.png\",\"width\":483,\"height\":244,\"caption\":\"Oller Pintures i Revestiments\"},\"image\":{\"@id\":\"https:\/\/ollerpintures.com\/es\/#\/schema\/logo\/image\/\"},\"sameAs\":[\"https:\/\/www.facebook.com\/people\/Oller-Pintures\/100063652056709\/\",\"https:\/\/www.instagram.com\/ollerpintures\/\",\"https:\/\/descriptor.es\/organization\/oller-grup\/\"]}]}<\/script>\n<!-- \/ Yoast SEO plugin. -->","yoast_head_json":{"title":"Pack PINTURA PARA PISCINA DE POLI\u00c9STER | \u00a1Hazlo a tu gusto! - Oller Pinturas y revestimientos","description":"\u00a1Escoge los productos y cantidades que necesites para tu piscina de fibra! Nosotrxs te recomendamos la pintura para piscina y complementos ideales para obtener un acabado de \u00e9xito.","robots":{"index":"index","follow":"follow","max-snippet":"max-snippet:-1","max-image-preview":"max-image-preview:large","max-video-preview":"max-video-preview:-1"},"canonical":"https:\/\/ollerpintures.com\/es\/producto\/kit-pintura-para-piscina-de-poliester-azul\/","og_locale":"es_ES","og_type":"article","og_title":"Pack PINTURA PARA PISCINA DE POLI\u00c9STER | \u00a1Hazlo a tu gusto! - Oller Pinturas y revestimientos","og_description":"\u00a1Escoge los productos y cantidades que necesites para tu piscina de fibra! Nosotrxs te recomendamos la pintura para piscina y complementos ideales para obtener un acabado de \u00e9xito.","og_url":"https:\/\/ollerpintures.com\/es\/producto\/kit-pintura-para-piscina-de-poliester-azul\/","og_site_name":"Oller Pinturas y revestimientos","article_publisher":"https:\/\/www.facebook.com\/people\/Oller-Pintures\/100063652056709\/","article_modified_time":"2022-03-10T07:27:51+00:00","og_image":[{"url":"https:\/\/ollerpintures.com\/wp-content\/uploads\/2022\/03\/pintura-piscina-fibra-pack-online-oller-290x290.jpg","type":"","width":"","height":""}],"twitter_card":"summary_large_image","twitter_misc":{"Tiempo de lectura":"1 minuto"},"schema":{"@context":"https:\/\/schema.org","@graph":[{"@type":"WebPage","@id":"https:\/\/ollerpintures.com\/es\/producto\/kit-pintura-para-piscina-de-poliester-azul\/","url":"https:\/\/ollerpintures.com\/es\/producto\/kit-pintura-para-piscina-de-poliester-azul\/","name":"Pack PINTURA PARA PISCINA DE POLI\u00c9STER | \u00a1Hazlo a tu gusto! - Oller Pinturas y revestimientos","isPartOf":{"@id":"https:\/\/ollerpintures.com\/es\/#website"},"primaryImageOfPage":{"@id":"https:\/\/ollerpintures.com\/es\/producto\/kit-pintura-para-piscina-de-poliester-azul\/#primaryimage"},"image":{"@id":"https:\/\/ollerpintures.com\/es\/producto\/kit-pintura-para-piscina-de-poliester-azul\/#primaryimage"},"thumbnailUrl":"https:\/\/ollerpintures.com\/wp-content\/uploads\/2022\/03\/pintura-piscina-fibra-pack-online-oller.jpg","datePublished":"2022-03-04T11:15:22+00:00","dateModified":"2022-03-10T07:27:51+00:00","description":"\u00a1Escoge los productos y cantidades que necesites para tu piscina de fibra! Nosotrxs te recomendamos la pintura para piscina y complementos ideales para obtener un acabado de \u00e9xito.","breadcrumb":{"@id":"https:\/\/ollerpintures.com\/es\/producto\/kit-pintura-para-piscina-de-poliester-azul\/#breadcrumb"},"inLanguage":"es","potentialAction":[{"@type":"ReadAction","target":["https:\/\/ollerpintures.com\/es\/producto\/kit-pintura-para-piscina-de-poliester-azul\/"]}]},{"@type":"ImageObject","inLanguage":"es","@id":"https:\/\/ollerpintures.com\/es\/producto\/kit-pintura-para-piscina-de-poliester-azul\/#primaryimage","url":"https:\/\/ollerpintures.com\/wp-content\/uploads\/2022\/03\/pintura-piscina-fibra-pack-online-oller.jpg","contentUrl":"https:\/\/ollerpintures.com\/wp-content\/uploads\/2022\/03\/pintura-piscina-fibra-pack-online-oller.jpg","width":1080,"height":1080,"caption":"pintura piscina fibra pack"},{"@type":"BreadcrumbList","@id":"https:\/\/ollerpintures.com\/es\/producto\/kit-pintura-para-piscina-de-poliester-azul\/#breadcrumb","itemListElement":[{"@type":"ListItem","position":1,"name":"Inici","item":"https:\/\/ollerpintures.com\/es\/"},{"@type":"ListItem","position":2,"name":"Tienda","item":"https:\/\/ollerpintures.com\/es\/tienda\/"},{"@type":"ListItem","position":3,"name":"Pack PINTURA PARA PISCINA DE POLI\u00c9STER | \u00a1Hazlo a tu gusto!"}]},{"@type":"WebSite","@id":"https:\/\/ollerpintures.com\/es\/#website","url":"https:\/\/ollerpintures.com\/es\/","name":"Oller Pinturas y Revestimientos","description":"M\u00e1s de 50 a\u00f1os acompa\u00f1ando a profesionales y particulares con soluciones de pintura duraderas y sostenibles, seis tiendas de proximidad con servicio tintom\u00e9trico propio y un compromiso real con el oficio y las nuevas generaciones.","publisher":{"@id":"https:\/\/ollerpintures.com\/es\/#organization"},"alternateName":"Oller Grup","potentialAction":[{"@type":"SearchAction","target":{"@type":"EntryPoint","urlTemplate":"https:\/\/ollerpintures.com\/es\/?s={search_term_string}"},"query-input":{"@type":"PropertyValueSpecification","valueRequired":true,"valueName":"search_term_string"}}],"inLanguage":"es"},{"@type":"Organization","@id":"https:\/\/ollerpintures.com\/es\/#organization","name":"Oller Pintures i Revestiments","alternateName":"Oller Grup","url":"https:\/\/ollerpintures.com\/es\/","logo":{"@type":"ImageObject","inLanguage":"es","@id":"https:\/\/ollerpintures.com\/es\/#\/schema\/logo\/image\/","url":"https:\/\/ollerpintures.com\/wp-content\/uploads\/2024\/05\/newLogo.png","contentUrl":"https:\/\/ollerpintures.com\/wp-content\/uploads\/2024\/05\/newLogo.png","width":483,"height":244,"caption":"Oller Pintures i Revestiments"},"image":{"@id":"https:\/\/ollerpintures.com\/es\/#\/schema\/logo\/image\/"},"sameAs":["https:\/\/www.facebook.com\/people\/Oller-Pintures\/100063652056709\/","https:\/\/www.instagram.com\/ollerpintures\/","https:\/\/descriptor.es\/organization\/oller-grup\/"]}]}},"brands":[],"_links":{"self":[{"href":"https:\/\/ollerpintures.com\/es\/wp-json\/wp\/v2\/product\/18306","targetHints":{"allow":["GET"]}}],"collection":[{"href":"https:\/\/ollerpintures.com\/es\/wp-json\/wp\/v2\/product"}],"about":[{"href":"https:\/\/ollerpintures.com\/es\/wp-json\/wp\/v2\/types\/product"}],"wp:featuredmedia":[{"embeddable":true,"href":"https:\/\/ollerpintures.com\/es\/wp-json\/wp\/v2\/media\/18297"}],"wp:attachment":[{"href":"https:\/\/ollerpintures.com\/es\/wp-json\/wp\/v2\/media?parent=18306"}],"wp:term":[{"taxonomy":"pwb-brand","embeddable":true,"href":"https:\/\/ollerpintures.com\/es\/wp-json\/wp\/v2\/pwb-brand?post=18306"},{"taxonomy":"product_brand","embeddable":true,"href":"https:\/\/ollerpintures.com\/es\/wp-json\/wp\/v2\/product_brand?post=18306"},{"taxonomy":"product_cat","embeddable":true,"href":"https:\/\/ollerpintures.com\/es\/wp-json\/wp\/v2\/product_cat?post=18306"},{"taxonomy":"product_tag","embeddable":true,"href":"https:\/\/ollerpintures.com\/es\/wp-json\/wp\/v2\/product_tag?post=18306"}],"curies":[{"name":"wp","href":"https:\/\/api.w.org\/{rel}","templated":true}]}}