{"id":18258,"date":"2022-02-23T08:22:55","date_gmt":"2022-02-23T07:22:55","guid":{"rendered":"https:\/\/oller-pintures.c.wetopi.com\/producte\/transfer-cap-mtn-montana-colors\/"},"modified":"2025-12-12T21:45:17","modified_gmt":"2025-12-12T20:45:17","slug":"transfer-cap-mtn-montana-colors","status":"publish","type":"product","link":"https:\/\/ollerpintures.com\/es\/producto\/transfer-cap-mtn-montana-colors\/","title":{"rendered":"Transfer Cap MTN | Montana Colors"},"content":{"rendered":"<p>Difusor boquilla para spray Montana Colors Transfer Cap. Con este difusor conseguir\u00e1s l\u00edneas de 2,5cm.<\/p>\n","protected":false},"excerpt":{"rendered":"<div class=\"woocommerce-variation single_variation\">\n<div class=\"woocommerce-variation-description\">\n<div class=\"woocommerce-variation single_variation\">\n<div class=\"woocommerce-variation-description\">\n<div class=\"woocommerce-variation single_variation\">\n<div class=\"woocommerce-variation-description\">\n<div class=\"woocommerce-variation single_variation\">\n<div class=\"woocommerce-variation-description\">\n<div class=\"woocommerce-variation single_variation\">\n<div class=\"woocommerce-variation-description\">\n<div class=\"woocommerce-variation single_variation\">\n<div class=\"woocommerce-variation-description\">\n<div class=\"woocommerce-variation single_variation\">\n<div class=\"woocommerce-variation-description\">\n<div class=\"woocommerce-variation single_variation\">\n<div class=\"woocommerce-variation-description\">\n<p><img decoding=\"async\" class=\"emoji\" role=\"img\" draggable=\"false\" src=\"https:\/\/s.w.org\/images\/core\/emoji\/13.1.0\/svg\/2705.svg\" alt=\"\u2705\" \/>\u00a02,5cm.<\/p>\n<\/div>\n<div class=\"woocommerce-variation-price\"><\/div>\n<div class=\"woocommerce-variation-availability\"><\/div>\n<\/div>\n<\/div>\n<\/div>\n<\/div>\n<\/div>\n<\/div>\n<\/div>\n<\/div>\n<div class=\"woocommerce-variation-availability\"><\/div>\n<\/div>\n<\/div>\n<div class=\"woocommerce-variation-price\"><\/div>\n<div class=\"woocommerce-variation-availability\"><\/div>\n<\/div>\n<\/div>\n<div class=\"woocommerce-variation-price\"><\/div>\n<div class=\"woocommerce-variation-availability\"><\/div>\n<\/div>\n<\/div>\n<\/div>\n","protected":false},"featured_media":18189,"template":"","meta":{"_acf_changed":false},"pwb-brand":[793],"product_brand":[],"product_cat":[633,709],"product_tag":[1787,1788,329],"class_list":{"0":"post-18258","1":"product","2":"type-product","3":"status-publish","4":"has-post-thumbnail","6":"pwb-brand-montana-es","7":"product_cat-sprays-es","8":"product_cat-spray-montana-es","9":"product_tag-mtn-2","10":"product_tag-mtn-caps-2","11":"product_tag-spray-es","12":"no-featured-image-padding","13":"resize-featured-image","14":"sales-flash-overlay","15":"woocommerce-text-align-left","16":"woocommerce-image-align-center","17":"do-quantity-buttons","18":"wc-has-gallery","20":"first","21":"instock","22":"shipping-taxable","23":"purchasable","24":"product-type-simple"},"acf":[],"yoast_head":"<!-- This site is optimized with the Yoast SEO plugin v27.1.1 - https:\/\/yoast.com\/product\/yoast-seo-wordpress\/ -->\n<title>Transfer Cap MTN | Montana Colors - Oller Pinturas y revestimientos<\/title>\n<meta name=\"description\" content=\"\u00a02,5cm.\" \/>\n<meta name=\"robots\" content=\"index, follow, max-snippet:-1, max-image-preview:large, max-video-preview:-1\" \/>\n<link rel=\"canonical\" href=\"https:\/\/ollerpintures.com\/es\/producto\/transfer-cap-mtn-montana-colors\/\" \/>\n<meta property=\"og:locale\" content=\"es_ES\" \/>\n<meta property=\"og:type\" content=\"article\" \/>\n<meta property=\"og:title\" content=\"Transfer Cap MTN | Montana Colors - Oller Pinturas y revestimientos\" \/>\n<meta property=\"og:description\" content=\"\u00a02,5cm.\" \/>\n<meta property=\"og:url\" content=\"https:\/\/ollerpintures.com\/es\/producto\/transfer-cap-mtn-montana-colors\/\" \/>\n<meta property=\"og:site_name\" content=\"Oller Pinturas y revestimientos\" \/>\n<meta property=\"article:publisher\" content=\"https:\/\/www.facebook.com\/people\/Oller-Pintures\/100063652056709\/\" \/>\n<meta property=\"article:modified_time\" content=\"2025-12-12T20:45:17+00:00\" \/>\n<meta property=\"og:image\" content=\"https:\/\/ollerpintures.com\/wp-content\/uploads\/2022\/02\/boquilla-spray-montana-transfer-cap-mtn-trazo.png\" \/>\n\t<meta property=\"og:image:width\" content=\"427\" \/>\n\t<meta property=\"og:image:height\" content=\"367\" \/>\n\t<meta property=\"og:image:type\" content=\"image\/png\" \/>\n<meta name=\"twitter:card\" content=\"summary_large_image\" \/>\n<script type=\"application\/ld+json\" class=\"yoast-schema-graph\">{\"@context\":\"https:\/\/schema.org\",\"@graph\":[{\"@type\":\"WebPage\",\"@id\":\"https:\/\/ollerpintures.com\/es\/producto\/transfer-cap-mtn-montana-colors\/\",\"url\":\"https:\/\/ollerpintures.com\/es\/producto\/transfer-cap-mtn-montana-colors\/\",\"name\":\"Transfer Cap MTN | Montana Colors - Oller Pinturas y revestimientos\",\"isPartOf\":{\"@id\":\"https:\/\/ollerpintures.com\/es\/#website\"},\"primaryImageOfPage\":{\"@id\":\"https:\/\/ollerpintures.com\/es\/producto\/transfer-cap-mtn-montana-colors\/#primaryimage\"},\"image\":{\"@id\":\"https:\/\/ollerpintures.com\/es\/producto\/transfer-cap-mtn-montana-colors\/#primaryimage\"},\"thumbnailUrl\":\"https:\/\/ollerpintures.com\/wp-content\/uploads\/2022\/02\/boquilla-spray-montana-transfer-cap-mtn-trazo.png\",\"datePublished\":\"2022-02-23T07:22:55+00:00\",\"dateModified\":\"2025-12-12T20:45:17+00:00\",\"description\":\"\u00a02,5cm.\",\"breadcrumb\":{\"@id\":\"https:\/\/ollerpintures.com\/es\/producto\/transfer-cap-mtn-montana-colors\/#breadcrumb\"},\"inLanguage\":\"es\",\"potentialAction\":[{\"@type\":\"ReadAction\",\"target\":[\"https:\/\/ollerpintures.com\/es\/producto\/transfer-cap-mtn-montana-colors\/\"]}]},{\"@type\":\"ImageObject\",\"inLanguage\":\"es\",\"@id\":\"https:\/\/ollerpintures.com\/es\/producto\/transfer-cap-mtn-montana-colors\/#primaryimage\",\"url\":\"https:\/\/ollerpintures.com\/wp-content\/uploads\/2022\/02\/boquilla-spray-montana-transfer-cap-mtn-trazo.png\",\"contentUrl\":\"https:\/\/ollerpintures.com\/wp-content\/uploads\/2022\/02\/boquilla-spray-montana-transfer-cap-mtn-trazo.png\",\"width\":427,\"height\":367,\"caption\":\"boquilla spray transfer cap mtn\"},{\"@type\":\"BreadcrumbList\",\"@id\":\"https:\/\/ollerpintures.com\/es\/producto\/transfer-cap-mtn-montana-colors\/#breadcrumb\",\"itemListElement\":[{\"@type\":\"ListItem\",\"position\":1,\"name\":\"Inici\",\"item\":\"https:\/\/ollerpintures.com\/es\/\"},{\"@type\":\"ListItem\",\"position\":2,\"name\":\"Tienda\",\"item\":\"https:\/\/ollerpintures.com\/es\/tienda\/\"},{\"@type\":\"ListItem\",\"position\":3,\"name\":\"Transfer Cap MTN | Montana Colors\"}]},{\"@type\":\"WebSite\",\"@id\":\"https:\/\/ollerpintures.com\/es\/#website\",\"url\":\"https:\/\/ollerpintures.com\/es\/\",\"name\":\"Oller Pinturas y Revestimientos\",\"description\":\"M\u00e1s de 50 a\u00f1os acompa\u00f1ando a profesionales y particulares con soluciones de pintura duraderas y sostenibles, seis tiendas de proximidad con servicio tintom\u00e9trico propio y un compromiso real con el oficio y las nuevas generaciones.\",\"publisher\":{\"@id\":\"https:\/\/ollerpintures.com\/es\/#organization\"},\"alternateName\":\"Oller Grup\",\"potentialAction\":[{\"@type\":\"SearchAction\",\"target\":{\"@type\":\"EntryPoint\",\"urlTemplate\":\"https:\/\/ollerpintures.com\/es\/?s={search_term_string}\"},\"query-input\":{\"@type\":\"PropertyValueSpecification\",\"valueRequired\":true,\"valueName\":\"search_term_string\"}}],\"inLanguage\":\"es\"},{\"@type\":\"Organization\",\"@id\":\"https:\/\/ollerpintures.com\/es\/#organization\",\"name\":\"Oller Pintures i Revestiments\",\"alternateName\":\"Oller Grup\",\"url\":\"https:\/\/ollerpintures.com\/es\/\",\"logo\":{\"@type\":\"ImageObject\",\"inLanguage\":\"es\",\"@id\":\"https:\/\/ollerpintures.com\/es\/#\/schema\/logo\/image\/\",\"url\":\"https:\/\/ollerpintures.com\/wp-content\/uploads\/2024\/05\/newLogo.png\",\"contentUrl\":\"https:\/\/ollerpintures.com\/wp-content\/uploads\/2024\/05\/newLogo.png\",\"width\":483,\"height\":244,\"caption\":\"Oller Pintures i Revestiments\"},\"image\":{\"@id\":\"https:\/\/ollerpintures.com\/es\/#\/schema\/logo\/image\/\"},\"sameAs\":[\"https:\/\/www.facebook.com\/people\/Oller-Pintures\/100063652056709\/\",\"https:\/\/www.instagram.com\/ollerpintures\/\",\"https:\/\/descriptor.es\/organization\/oller-grup\/\"]}]}<\/script>\n<!-- \/ Yoast SEO plugin. -->","yoast_head_json":{"title":"Transfer Cap MTN | Montana Colors - Oller Pinturas y revestimientos","description":"\u00a02,5cm.","robots":{"index":"index","follow":"follow","max-snippet":"max-snippet:-1","max-image-preview":"max-image-preview:large","max-video-preview":"max-video-preview:-1"},"canonical":"https:\/\/ollerpintures.com\/es\/producto\/transfer-cap-mtn-montana-colors\/","og_locale":"es_ES","og_type":"article","og_title":"Transfer Cap MTN | Montana Colors - Oller Pinturas y revestimientos","og_description":"\u00a02,5cm.","og_url":"https:\/\/ollerpintures.com\/es\/producto\/transfer-cap-mtn-montana-colors\/","og_site_name":"Oller Pinturas y revestimientos","article_publisher":"https:\/\/www.facebook.com\/people\/Oller-Pintures\/100063652056709\/","article_modified_time":"2025-12-12T20:45:17+00:00","og_image":[{"width":427,"height":367,"url":"https:\/\/ollerpintures.com\/wp-content\/uploads\/2022\/02\/boquilla-spray-montana-transfer-cap-mtn-trazo.png","type":"image\/png"}],"twitter_card":"summary_large_image","schema":{"@context":"https:\/\/schema.org","@graph":[{"@type":"WebPage","@id":"https:\/\/ollerpintures.com\/es\/producto\/transfer-cap-mtn-montana-colors\/","url":"https:\/\/ollerpintures.com\/es\/producto\/transfer-cap-mtn-montana-colors\/","name":"Transfer Cap MTN | Montana Colors - Oller Pinturas y revestimientos","isPartOf":{"@id":"https:\/\/ollerpintures.com\/es\/#website"},"primaryImageOfPage":{"@id":"https:\/\/ollerpintures.com\/es\/producto\/transfer-cap-mtn-montana-colors\/#primaryimage"},"image":{"@id":"https:\/\/ollerpintures.com\/es\/producto\/transfer-cap-mtn-montana-colors\/#primaryimage"},"thumbnailUrl":"https:\/\/ollerpintures.com\/wp-content\/uploads\/2022\/02\/boquilla-spray-montana-transfer-cap-mtn-trazo.png","datePublished":"2022-02-23T07:22:55+00:00","dateModified":"2025-12-12T20:45:17+00:00","description":"\u00a02,5cm.","breadcrumb":{"@id":"https:\/\/ollerpintures.com\/es\/producto\/transfer-cap-mtn-montana-colors\/#breadcrumb"},"inLanguage":"es","potentialAction":[{"@type":"ReadAction","target":["https:\/\/ollerpintures.com\/es\/producto\/transfer-cap-mtn-montana-colors\/"]}]},{"@type":"ImageObject","inLanguage":"es","@id":"https:\/\/ollerpintures.com\/es\/producto\/transfer-cap-mtn-montana-colors\/#primaryimage","url":"https:\/\/ollerpintures.com\/wp-content\/uploads\/2022\/02\/boquilla-spray-montana-transfer-cap-mtn-trazo.png","contentUrl":"https:\/\/ollerpintures.com\/wp-content\/uploads\/2022\/02\/boquilla-spray-montana-transfer-cap-mtn-trazo.png","width":427,"height":367,"caption":"boquilla spray transfer cap mtn"},{"@type":"BreadcrumbList","@id":"https:\/\/ollerpintures.com\/es\/producto\/transfer-cap-mtn-montana-colors\/#breadcrumb","itemListElement":[{"@type":"ListItem","position":1,"name":"Inici","item":"https:\/\/ollerpintures.com\/es\/"},{"@type":"ListItem","position":2,"name":"Tienda","item":"https:\/\/ollerpintures.com\/es\/tienda\/"},{"@type":"ListItem","position":3,"name":"Transfer Cap MTN | Montana Colors"}]},{"@type":"WebSite","@id":"https:\/\/ollerpintures.com\/es\/#website","url":"https:\/\/ollerpintures.com\/es\/","name":"Oller Pinturas y Revestimientos","description":"M\u00e1s de 50 a\u00f1os acompa\u00f1ando a profesionales y particulares con soluciones de pintura duraderas y sostenibles, seis tiendas de proximidad con servicio tintom\u00e9trico propio y un compromiso real con el oficio y las nuevas generaciones.","publisher":{"@id":"https:\/\/ollerpintures.com\/es\/#organization"},"alternateName":"Oller Grup","potentialAction":[{"@type":"SearchAction","target":{"@type":"EntryPoint","urlTemplate":"https:\/\/ollerpintures.com\/es\/?s={search_term_string}"},"query-input":{"@type":"PropertyValueSpecification","valueRequired":true,"valueName":"search_term_string"}}],"inLanguage":"es"},{"@type":"Organization","@id":"https:\/\/ollerpintures.com\/es\/#organization","name":"Oller Pintures i Revestiments","alternateName":"Oller Grup","url":"https:\/\/ollerpintures.com\/es\/","logo":{"@type":"ImageObject","inLanguage":"es","@id":"https:\/\/ollerpintures.com\/es\/#\/schema\/logo\/image\/","url":"https:\/\/ollerpintures.com\/wp-content\/uploads\/2024\/05\/newLogo.png","contentUrl":"https:\/\/ollerpintures.com\/wp-content\/uploads\/2024\/05\/newLogo.png","width":483,"height":244,"caption":"Oller Pintures i Revestiments"},"image":{"@id":"https:\/\/ollerpintures.com\/es\/#\/schema\/logo\/image\/"},"sameAs":["https:\/\/www.facebook.com\/people\/Oller-Pintures\/100063652056709\/","https:\/\/www.instagram.com\/ollerpintures\/","https:\/\/descriptor.es\/organization\/oller-grup\/"]}]}},"brands":[{"id":793,"name":"Montana","slug":"montana-es"}],"_links":{"self":[{"href":"https:\/\/ollerpintures.com\/es\/wp-json\/wp\/v2\/product\/18258","targetHints":{"allow":["GET"]}}],"collection":[{"href":"https:\/\/ollerpintures.com\/es\/wp-json\/wp\/v2\/product"}],"about":[{"href":"https:\/\/ollerpintures.com\/es\/wp-json\/wp\/v2\/types\/product"}],"wp:featuredmedia":[{"embeddable":true,"href":"https:\/\/ollerpintures.com\/es\/wp-json\/wp\/v2\/media\/18189"}],"wp:attachment":[{"href":"https:\/\/ollerpintures.com\/es\/wp-json\/wp\/v2\/media?parent=18258"}],"wp:term":[{"taxonomy":"pwb-brand","embeddable":true,"href":"https:\/\/ollerpintures.com\/es\/wp-json\/wp\/v2\/pwb-brand?post=18258"},{"taxonomy":"product_brand","embeddable":true,"href":"https:\/\/ollerpintures.com\/es\/wp-json\/wp\/v2\/product_brand?post=18258"},{"taxonomy":"product_cat","embeddable":true,"href":"https:\/\/ollerpintures.com\/es\/wp-json\/wp\/v2\/product_cat?post=18258"},{"taxonomy":"product_tag","embeddable":true,"href":"https:\/\/ollerpintures.com\/es\/wp-json\/wp\/v2\/product_tag?post=18258"}],"curies":[{"name":"wp","href":"https:\/\/api.w.org\/{rel}","templated":true}]}}