{"id":16633,"date":"2022-01-18T10:13:35","date_gmt":"2022-01-18T09:13:35","guid":{"rendered":"https:\/\/oller-pintures.c.wetopi.com\/?post_type=product&#038;p=16633"},"modified":"2025-09-15T08:47:30","modified_gmt":"2025-09-15T07:47:30","slug":"spray-mtn-94-400ml-montana-colors","status":"publish","type":"product","link":"https:\/\/ollerpintures.com\/es\/producto\/spray-mtn-94-400ml-montana-colors\/","title":{"rendered":"Spray MTN 94 400ml | Montana Colors Spray"},"content":{"rendered":"<p><strong>MTN 94<\/strong> es uno de los <strong>sprays<\/strong> <strong>m\u00e1s vers\u00e1tiles<\/strong> que existe hoy en d\u00eda. Es apto para muchos tipos de superficie. Utiliza <span class=\"fw-normal\">Montana Colors<\/span>\u00a0spray para conseguir un <strong>pintado de calidad, secado r\u00e1pido y c\u00f3modo con acabado mate<\/strong>, comprar sprays <strong>MTN 94 es tu mejor opci\u00f3n. <\/strong><\/p>\n<p>Fabricados con resinas alqu\u00eddicas modificadas de \u00faltima generaci\u00f3n y dise\u00f1ados para desafiar las exigencias del mercado de <strong>bellas<\/strong> <strong>artes, graffiti y pintura. Comprar sprays Montana mejor precio es posible gracias a la oferta de Oller Pintures.<\/strong><\/p>\n<p><strong>Caracter\u00edsticas:\u00a0<\/strong><\/p>\n<ul>\n<li>217 colores disponibles<\/li>\n<li>Acabado mate<\/li>\n<li>Secado r\u00e1pido<\/li>\n<li>Buen endurimiento<\/li>\n<li>No contiene plomo ni otros metales pesados<\/li>\n<li>Durabilidad del color<\/li>\n<li>F\u00e1cil aplicaci\u00f3n y repintado<\/li>\n<li>Buen comportamiento en la intemperie<\/li>\n<li>Muy buena resistencia a los rayos UV<\/li>\n<\/ul>\n<p><strong>Aplicaciones destacadas:\u00a0<\/strong><\/p>\n<ul>\n<li>Bricolaje<\/li>\n<li>Jardiner\u00eda<\/li>\n<li>Automoci\u00f3n<\/li>\n<li>Bellas Artes<\/li>\n<li>Graffiti<\/li>\n<li>Rotulaci\u00f3n<\/li>\n<li>Fontaner\u00eda<\/li>\n<li>Industria<\/li>\n<li>Muralismo<\/li>\n<\/ul>\n<p><strong>TUTORIAL: C\u00f3mo pintar y barnizar un objeto con MTN 94<\/strong><\/p>\n<div style=\"width: 1200px;\" class=\"wp-video\"><video class=\"wp-video-shortcode\" id=\"video-16633-1\" width=\"1200\" height=\"675\" preload=\"metadata\" controls=\"controls\"><source type=\"video\/mp4\" src=\"https:\/\/ollerpintures.com\/wp-content\/uploads\/2022\/01\/Como-pintar-y-barnizar-un-objeto-con-Montana-Colors.mp4?_=1\" \/><a href=\"https:\/\/ollerpintures.com\/wp-content\/uploads\/2022\/01\/Como-pintar-y-barnizar-un-objeto-con-Montana-Colors.mp4\">https:\/\/ollerpintures.com\/wp-content\/uploads\/2022\/01\/Como-pintar-y-barnizar-un-objeto-con-Montana-Colors.mp4<\/a><\/video><\/div>\n<p><strong>*Los productos de pintura en aerosoles marca MTN BY MONTANA COLORS son posteriores al lote 22060<\/strong><\/p>\n","protected":false},"excerpt":{"rendered":"<p><em>*Por motivos t\u00e9cnicos, esta carta de colores puede no mostrar los colores reales. Para una referencia m\u00e1s fiel, ver el &#8220;donut&#8221; del spray.\u00a0<\/em><\/p>\n<p><strong>*Los productos de pintura en aerosoles marca MTN BY MONTANA COLORS son posteriores al lote 22060<\/strong><\/p>\n","protected":false},"featured_media":16915,"template":"","meta":{"_acf_changed":false},"pwb-brand":[793],"product_brand":[],"product_cat":[633,709],"product_tag":[214,213,711,227,329],"class_list":{"0":"post-16633","1":"product","2":"type-product","3":"status-publish","4":"has-post-thumbnail","6":"pwb-brand-montana-es","7":"product_cat-sprays-es","8":"product_cat-spray-montana-es","9":"product_tag-exterior-es","10":"product_tag-interior-es","11":"product_tag-montana-es","12":"product_tag-multisuperficie-es","13":"product_tag-spray-es","14":"product_shipping_class-sprays-mtn-2","15":"no-featured-image-padding","16":"resize-featured-image","17":"sales-flash-overlay","18":"woocommerce-text-align-left","19":"woocommerce-image-align-center","20":"do-quantity-buttons","21":"wc-has-gallery","23":"first","24":"instock","25":"shipping-taxable","26":"purchasable","27":"product-type-variable"},"acf":[],"yoast_head":"<!-- This site is optimized with the Yoast SEO plugin v27.1.1 - https:\/\/yoast.com\/product\/yoast-seo-wordpress\/ -->\n<title>Spray MTN 94 400ml | Montana Colors Spray - Oller Pinturas<\/title>\n<meta name=\"description\" content=\"Montana Colors spray MTN 94 bote 400ml, colores brillantes y duraderos en toda la gama Montana Colors, colores y caps disponibles en tiendas Oller y online.\" \/>\n<meta name=\"robots\" content=\"index, follow, max-snippet:-1, max-image-preview:large, max-video-preview:-1\" \/>\n<link rel=\"canonical\" href=\"https:\/\/ollerpintures.com\/es\/producto\/spray-mtn-94-400ml-montana-colors\/\" \/>\n<meta property=\"og:locale\" content=\"es_ES\" \/>\n<meta property=\"og:type\" content=\"article\" \/>\n<meta property=\"og:title\" content=\"Spray MTN 94 400ml | Montana Colors Spray - Oller Pinturas\" \/>\n<meta property=\"og:description\" content=\"Montana Colors spray MTN 94 bote 400ml, colores brillantes y duraderos en toda la gama Montana Colors, colores y caps disponibles en tiendas Oller y online.\" \/>\n<meta property=\"og:url\" content=\"https:\/\/ollerpintures.com\/es\/producto\/spray-mtn-94-400ml-montana-colors\/\" \/>\n<meta property=\"og:site_name\" content=\"Oller Pinturas y revestimientos\" \/>\n<meta property=\"article:publisher\" content=\"https:\/\/www.facebook.com\/people\/Oller-Pintures\/100063652056709\/\" \/>\n<meta property=\"article:modified_time\" content=\"2025-09-15T07:47:30+00:00\" \/>\n<meta property=\"og:image\" content=\"https:\/\/ollerpintures.com\/wp-content\/uploads\/2022\/01\/spray-mtn-94-comprar-online-oller-pintures.jpg\" \/>\n\t<meta property=\"og:image:width\" content=\"1080\" \/>\n\t<meta property=\"og:image:height\" content=\"1080\" \/>\n\t<meta property=\"og:image:type\" content=\"image\/jpeg\" \/>\n<meta name=\"twitter:card\" content=\"summary_large_image\" \/>\n<meta name=\"twitter:label1\" content=\"Tiempo de lectura\" \/>\n\t<meta name=\"twitter:data1\" content=\"2 minutos\" \/>\n<script type=\"application\/ld+json\" class=\"yoast-schema-graph\">{\"@context\":\"https:\/\/schema.org\",\"@graph\":[{\"@type\":\"WebPage\",\"@id\":\"https:\/\/ollerpintures.com\/es\/producto\/spray-mtn-94-400ml-montana-colors\/\",\"url\":\"https:\/\/ollerpintures.com\/es\/producto\/spray-mtn-94-400ml-montana-colors\/\",\"name\":\"Spray MTN 94 400ml | Montana Colors Spray - Oller Pinturas\",\"isPartOf\":{\"@id\":\"https:\/\/ollerpintures.com\/es\/#website\"},\"primaryImageOfPage\":{\"@id\":\"https:\/\/ollerpintures.com\/es\/producto\/spray-mtn-94-400ml-montana-colors\/#primaryimage\"},\"image\":{\"@id\":\"https:\/\/ollerpintures.com\/es\/producto\/spray-mtn-94-400ml-montana-colors\/#primaryimage\"},\"thumbnailUrl\":\"https:\/\/ollerpintures.com\/wp-content\/uploads\/2022\/01\/spray-mtn-94-comprar-online-oller-pintures.jpg\",\"datePublished\":\"2022-01-18T09:13:35+00:00\",\"dateModified\":\"2025-09-15T07:47:30+00:00\",\"description\":\"Montana Colors spray MTN 94 bote 400ml, colores brillantes y duraderos en toda la gama Montana Colors, colores y caps disponibles en tiendas Oller y online.\",\"breadcrumb\":{\"@id\":\"https:\/\/ollerpintures.com\/es\/producto\/spray-mtn-94-400ml-montana-colors\/#breadcrumb\"},\"inLanguage\":\"es\",\"potentialAction\":[{\"@type\":\"ReadAction\",\"target\":[\"https:\/\/ollerpintures.com\/es\/producto\/spray-mtn-94-400ml-montana-colors\/\"]}]},{\"@type\":\"ImageObject\",\"inLanguage\":\"es\",\"@id\":\"https:\/\/ollerpintures.com\/es\/producto\/spray-mtn-94-400ml-montana-colors\/#primaryimage\",\"url\":\"https:\/\/ollerpintures.com\/wp-content\/uploads\/2022\/01\/spray-mtn-94-comprar-online-oller-pintures.jpg\",\"contentUrl\":\"https:\/\/ollerpintures.com\/wp-content\/uploads\/2022\/01\/spray-mtn-94-comprar-online-oller-pintures.jpg\",\"width\":1080,\"height\":1080,\"caption\":\"Montana Colors spray MTN 94\"},{\"@type\":\"BreadcrumbList\",\"@id\":\"https:\/\/ollerpintures.com\/es\/producto\/spray-mtn-94-400ml-montana-colors\/#breadcrumb\",\"itemListElement\":[{\"@type\":\"ListItem\",\"position\":1,\"name\":\"Inici\",\"item\":\"https:\/\/ollerpintures.com\/es\/\"},{\"@type\":\"ListItem\",\"position\":2,\"name\":\"Tienda\",\"item\":\"https:\/\/ollerpintures.com\/es\/tienda\/\"},{\"@type\":\"ListItem\",\"position\":3,\"name\":\"Spray MTN 94 400ml | Montana Colors Spray\"}]},{\"@type\":\"WebSite\",\"@id\":\"https:\/\/ollerpintures.com\/es\/#website\",\"url\":\"https:\/\/ollerpintures.com\/es\/\",\"name\":\"Oller Pinturas y Revestimientos\",\"description\":\"M\u00e1s de 50 a\u00f1os acompa\u00f1ando a profesionales y particulares con soluciones de pintura duraderas y sostenibles, seis tiendas de proximidad con servicio tintom\u00e9trico propio y un compromiso real con el oficio y las nuevas generaciones.\",\"publisher\":{\"@id\":\"https:\/\/ollerpintures.com\/es\/#organization\"},\"alternateName\":\"Oller Grup\",\"potentialAction\":[{\"@type\":\"SearchAction\",\"target\":{\"@type\":\"EntryPoint\",\"urlTemplate\":\"https:\/\/ollerpintures.com\/es\/?s={search_term_string}\"},\"query-input\":{\"@type\":\"PropertyValueSpecification\",\"valueRequired\":true,\"valueName\":\"search_term_string\"}}],\"inLanguage\":\"es\"},{\"@type\":\"Organization\",\"@id\":\"https:\/\/ollerpintures.com\/es\/#organization\",\"name\":\"Oller Pintures i Revestiments\",\"alternateName\":\"Oller Grup\",\"url\":\"https:\/\/ollerpintures.com\/es\/\",\"logo\":{\"@type\":\"ImageObject\",\"inLanguage\":\"es\",\"@id\":\"https:\/\/ollerpintures.com\/es\/#\/schema\/logo\/image\/\",\"url\":\"https:\/\/ollerpintures.com\/wp-content\/uploads\/2024\/05\/newLogo.png\",\"contentUrl\":\"https:\/\/ollerpintures.com\/wp-content\/uploads\/2024\/05\/newLogo.png\",\"width\":483,\"height\":244,\"caption\":\"Oller Pintures i Revestiments\"},\"image\":{\"@id\":\"https:\/\/ollerpintures.com\/es\/#\/schema\/logo\/image\/\"},\"sameAs\":[\"https:\/\/www.facebook.com\/people\/Oller-Pintures\/100063652056709\/\",\"https:\/\/www.instagram.com\/ollerpintures\/\",\"https:\/\/descriptor.es\/organization\/oller-grup\/\"]}]}<\/script>\n<!-- \/ Yoast SEO plugin. -->","yoast_head_json":{"title":"Spray MTN 94 400ml | Montana Colors Spray - Oller Pinturas","description":"Montana Colors spray MTN 94 bote 400ml, colores brillantes y duraderos en toda la gama Montana Colors, colores y caps disponibles en tiendas Oller y online.","robots":{"index":"index","follow":"follow","max-snippet":"max-snippet:-1","max-image-preview":"max-image-preview:large","max-video-preview":"max-video-preview:-1"},"canonical":"https:\/\/ollerpintures.com\/es\/producto\/spray-mtn-94-400ml-montana-colors\/","og_locale":"es_ES","og_type":"article","og_title":"Spray MTN 94 400ml | Montana Colors Spray - Oller Pinturas","og_description":"Montana Colors spray MTN 94 bote 400ml, colores brillantes y duraderos en toda la gama Montana Colors, colores y caps disponibles en tiendas Oller y online.","og_url":"https:\/\/ollerpintures.com\/es\/producto\/spray-mtn-94-400ml-montana-colors\/","og_site_name":"Oller Pinturas y revestimientos","article_publisher":"https:\/\/www.facebook.com\/people\/Oller-Pintures\/100063652056709\/","article_modified_time":"2025-09-15T07:47:30+00:00","og_image":[{"width":1080,"height":1080,"url":"https:\/\/ollerpintures.com\/wp-content\/uploads\/2022\/01\/spray-mtn-94-comprar-online-oller-pintures.jpg","type":"image\/jpeg"}],"twitter_card":"summary_large_image","twitter_misc":{"Tiempo de lectura":"2 minutos"},"schema":{"@context":"https:\/\/schema.org","@graph":[{"@type":"WebPage","@id":"https:\/\/ollerpintures.com\/es\/producto\/spray-mtn-94-400ml-montana-colors\/","url":"https:\/\/ollerpintures.com\/es\/producto\/spray-mtn-94-400ml-montana-colors\/","name":"Spray MTN 94 400ml | Montana Colors Spray - Oller Pinturas","isPartOf":{"@id":"https:\/\/ollerpintures.com\/es\/#website"},"primaryImageOfPage":{"@id":"https:\/\/ollerpintures.com\/es\/producto\/spray-mtn-94-400ml-montana-colors\/#primaryimage"},"image":{"@id":"https:\/\/ollerpintures.com\/es\/producto\/spray-mtn-94-400ml-montana-colors\/#primaryimage"},"thumbnailUrl":"https:\/\/ollerpintures.com\/wp-content\/uploads\/2022\/01\/spray-mtn-94-comprar-online-oller-pintures.jpg","datePublished":"2022-01-18T09:13:35+00:00","dateModified":"2025-09-15T07:47:30+00:00","description":"Montana Colors spray MTN 94 bote 400ml, colores brillantes y duraderos en toda la gama Montana Colors, colores y caps disponibles en tiendas Oller y online.","breadcrumb":{"@id":"https:\/\/ollerpintures.com\/es\/producto\/spray-mtn-94-400ml-montana-colors\/#breadcrumb"},"inLanguage":"es","potentialAction":[{"@type":"ReadAction","target":["https:\/\/ollerpintures.com\/es\/producto\/spray-mtn-94-400ml-montana-colors\/"]}]},{"@type":"ImageObject","inLanguage":"es","@id":"https:\/\/ollerpintures.com\/es\/producto\/spray-mtn-94-400ml-montana-colors\/#primaryimage","url":"https:\/\/ollerpintures.com\/wp-content\/uploads\/2022\/01\/spray-mtn-94-comprar-online-oller-pintures.jpg","contentUrl":"https:\/\/ollerpintures.com\/wp-content\/uploads\/2022\/01\/spray-mtn-94-comprar-online-oller-pintures.jpg","width":1080,"height":1080,"caption":"Montana Colors spray MTN 94"},{"@type":"BreadcrumbList","@id":"https:\/\/ollerpintures.com\/es\/producto\/spray-mtn-94-400ml-montana-colors\/#breadcrumb","itemListElement":[{"@type":"ListItem","position":1,"name":"Inici","item":"https:\/\/ollerpintures.com\/es\/"},{"@type":"ListItem","position":2,"name":"Tienda","item":"https:\/\/ollerpintures.com\/es\/tienda\/"},{"@type":"ListItem","position":3,"name":"Spray MTN 94 400ml | Montana Colors Spray"}]},{"@type":"WebSite","@id":"https:\/\/ollerpintures.com\/es\/#website","url":"https:\/\/ollerpintures.com\/es\/","name":"Oller Pinturas y Revestimientos","description":"M\u00e1s de 50 a\u00f1os acompa\u00f1ando a profesionales y particulares con soluciones de pintura duraderas y sostenibles, seis tiendas de proximidad con servicio tintom\u00e9trico propio y un compromiso real con el oficio y las nuevas generaciones.","publisher":{"@id":"https:\/\/ollerpintures.com\/es\/#organization"},"alternateName":"Oller Grup","potentialAction":[{"@type":"SearchAction","target":{"@type":"EntryPoint","urlTemplate":"https:\/\/ollerpintures.com\/es\/?s={search_term_string}"},"query-input":{"@type":"PropertyValueSpecification","valueRequired":true,"valueName":"search_term_string"}}],"inLanguage":"es"},{"@type":"Organization","@id":"https:\/\/ollerpintures.com\/es\/#organization","name":"Oller Pintures i Revestiments","alternateName":"Oller Grup","url":"https:\/\/ollerpintures.com\/es\/","logo":{"@type":"ImageObject","inLanguage":"es","@id":"https:\/\/ollerpintures.com\/es\/#\/schema\/logo\/image\/","url":"https:\/\/ollerpintures.com\/wp-content\/uploads\/2024\/05\/newLogo.png","contentUrl":"https:\/\/ollerpintures.com\/wp-content\/uploads\/2024\/05\/newLogo.png","width":483,"height":244,"caption":"Oller Pintures i Revestiments"},"image":{"@id":"https:\/\/ollerpintures.com\/es\/#\/schema\/logo\/image\/"},"sameAs":["https:\/\/www.facebook.com\/people\/Oller-Pintures\/100063652056709\/","https:\/\/www.instagram.com\/ollerpintures\/","https:\/\/descriptor.es\/organization\/oller-grup\/"]}]}},"brands":[{"id":793,"name":"Montana","slug":"montana-es"}],"_links":{"self":[{"href":"https:\/\/ollerpintures.com\/es\/wp-json\/wp\/v2\/product\/16633","targetHints":{"allow":["GET"]}}],"collection":[{"href":"https:\/\/ollerpintures.com\/es\/wp-json\/wp\/v2\/product"}],"about":[{"href":"https:\/\/ollerpintures.com\/es\/wp-json\/wp\/v2\/types\/product"}],"wp:featuredmedia":[{"embeddable":true,"href":"https:\/\/ollerpintures.com\/es\/wp-json\/wp\/v2\/media\/16915"}],"wp:attachment":[{"href":"https:\/\/ollerpintures.com\/es\/wp-json\/wp\/v2\/media?parent=16633"}],"wp:term":[{"taxonomy":"pwb-brand","embeddable":true,"href":"https:\/\/ollerpintures.com\/es\/wp-json\/wp\/v2\/pwb-brand?post=16633"},{"taxonomy":"product_brand","embeddable":true,"href":"https:\/\/ollerpintures.com\/es\/wp-json\/wp\/v2\/product_brand?post=16633"},{"taxonomy":"product_cat","embeddable":true,"href":"https:\/\/ollerpintures.com\/es\/wp-json\/wp\/v2\/product_cat?post=16633"},{"taxonomy":"product_tag","embeddable":true,"href":"https:\/\/ollerpintures.com\/es\/wp-json\/wp\/v2\/product_tag?post=16633"}],"curies":[{"name":"wp","href":"https:\/\/api.w.org\/{rel}","templated":true}]}}