{"id":15500,"date":"2021-11-08T08:51:59","date_gmt":"2021-11-08T07:51:59","guid":{"rendered":"https:\/\/oller-pintures.c.wetopi.com\/?post_type=product&#038;p=15500"},"modified":"2025-12-18T08:58:03","modified_gmt":"2025-12-18T07:58:03","slug":"spray-montana-hardcore-mtn-metalizado-400ml","status":"publish","type":"product","link":"https:\/\/ollerpintures.com\/es\/producto\/spray-montana-hardcore-mtn-metalizado-400ml\/","title":{"rendered":"Spray Hardcore MTN Metalizado 400ml | Montana Colors"},"content":{"rendered":"<p>Montana ofrece una calidad excelente con su spray Hardcore Metalizado MTN. Conseguir\u00e1s un trazo homog\u00e9neo hasta el final. Con estos colores metalizados obtendr\u00e1s un acabado vistoso y de calidad. Colores metalizados disponibles: oro metalizado y cobre metalizado.<\/p>\n<p><strong>Caracter\u00edsticas:\u00a0<\/strong><\/p>\n<ul>\n<li>R\u00e1pido secado<\/li>\n<li>Flexibilidad excelente<\/li>\n<li>Gran resistencia al rallado<\/li>\n<li>Endurecimiento total en 24-48h<\/li>\n<li>No contiene plomo ni otros metales pesados<\/li>\n<li>Muy buen comportamiento en la intemperie<\/li>\n<li>Muy buena resistencia a los rayos UV<\/li>\n<\/ul>\n<p>Con el aerosol Hardcore de Montana Colors obtendr\u00e1s una pintura en spray brillante con perfecta cubrici\u00f3n y secado ultra r\u00e1pido. Son pinturas formuladas con resinas alqu\u00eddicas al disolvente, que han transformado la concepci\u00f3n del graffiti a nivel mundial.<\/p>\n<p><strong>*Los productos de pintura en aerosoles marca MTN BY MONTANA COLORS son posteriores al lote 22060<\/strong><\/p>\n","protected":false},"excerpt":{"rendered":"<p><b>Caracter\u00edsticas:<\/b><\/p>\n<ul>\n<li>Secado r\u00e1pido<\/li>\n<li>Excelente flexibilidad<\/li>\n<li>Gran resistencia al rallado<\/li>\n<li>Endurecimiento total en 24-48h<\/li>\n<li>No contiene plomo ni otros metales pesados<\/li>\n<li>Muy buen comportamiento en la intemperie<\/li>\n<li>Muy buena resistencia a los rayos UV<\/li>\n<\/ul>\n<p><strong>*Los productos de pintura en aerosoles marca MTN BY MONTANA COLORS son posteriores al lote 22060<\/strong><\/p>\n","protected":false},"featured_media":15644,"template":"","meta":{"_acf_changed":false},"pwb-brand":[793],"product_brand":[],"product_cat":[633,709],"product_tag":[214,213,711,227,329],"class_list":{"0":"post-15500","1":"product","2":"type-product","3":"status-publish","4":"has-post-thumbnail","6":"pwb-brand-montana-es","7":"product_cat-sprays-es","8":"product_cat-spray-montana-es","9":"product_tag-exterior-es","10":"product_tag-interior-es","11":"product_tag-montana-es","12":"product_tag-multisuperficie-es","13":"product_tag-spray-es","14":"no-featured-image-padding","15":"resize-featured-image","16":"sales-flash-overlay","17":"woocommerce-text-align-left","18":"woocommerce-image-align-center","19":"do-quantity-buttons","21":"first","22":"instock","23":"shipping-taxable","24":"purchasable","25":"product-type-variable"},"acf":[],"yoast_head":"<!-- This site is optimized with the Yoast SEO plugin v27.1.1 - https:\/\/yoast.com\/product\/yoast-seo-wordpress\/ -->\n<title>Spray Hardcore MTN Metalizado 400ml | Montana Colors - Oller Pinturas y revestimientos<\/title>\n<meta name=\"description\" content=\"Caracter\u00edsticas:   Secado r\u00e1pido  Excelente flexibilidad  Gran resistencia al rallado  Endurecimiento total en 24-48h  No contiene plomo ni otros metales pesados  Muy buen comportamiento en la intemperie  Muy buena resistencia a los rayos UV  *Los productos de pintura en aerosoles marca MTN BY MONTANA COLORS son posteriores al lote 22060\" \/>\n<meta name=\"robots\" content=\"index, follow, max-snippet:-1, max-image-preview:large, max-video-preview:-1\" \/>\n<link rel=\"canonical\" href=\"https:\/\/ollerpintures.com\/es\/producto\/spray-montana-hardcore-mtn-metalizado-400ml\/\" \/>\n<meta property=\"og:locale\" content=\"es_ES\" \/>\n<meta property=\"og:type\" content=\"article\" \/>\n<meta property=\"og:title\" content=\"Spray Hardcore MTN Metalizado 400ml | Montana Colors - Oller Pinturas y revestimientos\" \/>\n<meta property=\"og:description\" content=\"Caracter\u00edsticas:   Secado r\u00e1pido  Excelente flexibilidad  Gran resistencia al rallado  Endurecimiento total en 24-48h  No contiene plomo ni otros metales pesados  Muy buen comportamiento en la intemperie  Muy buena resistencia a los rayos UV  *Los productos de pintura en aerosoles marca MTN BY MONTANA COLORS son posteriores al lote 22060\" \/>\n<meta property=\"og:url\" content=\"https:\/\/ollerpintures.com\/es\/producto\/spray-montana-hardcore-mtn-metalizado-400ml\/\" \/>\n<meta property=\"og:site_name\" content=\"Oller Pinturas y revestimientos\" \/>\n<meta property=\"article:publisher\" content=\"https:\/\/www.facebook.com\/people\/Oller-Pintures\/100063652056709\/\" \/>\n<meta property=\"article:modified_time\" content=\"2025-12-18T07:58:03+00:00\" \/>\n<meta property=\"og:image\" content=\"https:\/\/ollerpintures.com\/wp-content\/uploads\/2021\/11\/spray-montana-mtn-harcdore-metalizado-oro-cobre-comprar-online-oller-pintures.jpg\" \/>\n\t<meta property=\"og:image:width\" content=\"1080\" \/>\n\t<meta property=\"og:image:height\" content=\"1080\" \/>\n\t<meta property=\"og:image:type\" content=\"image\/jpeg\" \/>\n<meta name=\"twitter:card\" content=\"summary_large_image\" \/>\n<meta name=\"twitter:label1\" content=\"Tiempo de lectura\" \/>\n\t<meta name=\"twitter:data1\" content=\"1 minuto\" \/>\n<script type=\"application\/ld+json\" class=\"yoast-schema-graph\">{\"@context\":\"https:\/\/schema.org\",\"@graph\":[{\"@type\":\"WebPage\",\"@id\":\"https:\/\/ollerpintures.com\/es\/producto\/spray-montana-hardcore-mtn-metalizado-400ml\/\",\"url\":\"https:\/\/ollerpintures.com\/es\/producto\/spray-montana-hardcore-mtn-metalizado-400ml\/\",\"name\":\"Spray Hardcore MTN Metalizado 400ml | Montana Colors - Oller Pinturas y revestimientos\",\"isPartOf\":{\"@id\":\"https:\/\/ollerpintures.com\/es\/#website\"},\"primaryImageOfPage\":{\"@id\":\"https:\/\/ollerpintures.com\/es\/producto\/spray-montana-hardcore-mtn-metalizado-400ml\/#primaryimage\"},\"image\":{\"@id\":\"https:\/\/ollerpintures.com\/es\/producto\/spray-montana-hardcore-mtn-metalizado-400ml\/#primaryimage\"},\"thumbnailUrl\":\"https:\/\/ollerpintures.com\/wp-content\/uploads\/2021\/11\/spray-montana-mtn-harcdore-metalizado-oro-cobre-comprar-online-oller-pintures.jpg\",\"datePublished\":\"2021-11-08T07:51:59+00:00\",\"dateModified\":\"2025-12-18T07:58:03+00:00\",\"description\":\"Caracter\u00edsticas: Secado r\u00e1pido Excelente flexibilidad Gran resistencia al rallado Endurecimiento total en 24-48h No contiene plomo ni otros metales pesados Muy buen comportamiento en la intemperie Muy buena resistencia a los rayos UV *Los productos de pintura en aerosoles marca MTN BY MONTANA COLORS son posteriores al lote 22060\",\"breadcrumb\":{\"@id\":\"https:\/\/ollerpintures.com\/es\/producto\/spray-montana-hardcore-mtn-metalizado-400ml\/#breadcrumb\"},\"inLanguage\":\"es\",\"potentialAction\":[{\"@type\":\"ReadAction\",\"target\":[\"https:\/\/ollerpintures.com\/es\/producto\/spray-montana-hardcore-mtn-metalizado-400ml\/\"]}]},{\"@type\":\"ImageObject\",\"inLanguage\":\"es\",\"@id\":\"https:\/\/ollerpintures.com\/es\/producto\/spray-montana-hardcore-mtn-metalizado-400ml\/#primaryimage\",\"url\":\"https:\/\/ollerpintures.com\/wp-content\/uploads\/2021\/11\/spray-montana-mtn-harcdore-metalizado-oro-cobre-comprar-online-oller-pintures.jpg\",\"contentUrl\":\"https:\/\/ollerpintures.com\/wp-content\/uploads\/2021\/11\/spray-montana-mtn-harcdore-metalizado-oro-cobre-comprar-online-oller-pintures.jpg\",\"width\":1080,\"height\":1080,\"caption\":\"Spray MTN Harcdore Metalizado\"},{\"@type\":\"BreadcrumbList\",\"@id\":\"https:\/\/ollerpintures.com\/es\/producto\/spray-montana-hardcore-mtn-metalizado-400ml\/#breadcrumb\",\"itemListElement\":[{\"@type\":\"ListItem\",\"position\":1,\"name\":\"Inici\",\"item\":\"https:\/\/ollerpintures.com\/es\/\"},{\"@type\":\"ListItem\",\"position\":2,\"name\":\"Tienda\",\"item\":\"https:\/\/ollerpintures.com\/es\/tienda\/\"},{\"@type\":\"ListItem\",\"position\":3,\"name\":\"Spray Hardcore MTN Metalizado 400ml | Montana Colors\"}]},{\"@type\":\"WebSite\",\"@id\":\"https:\/\/ollerpintures.com\/es\/#website\",\"url\":\"https:\/\/ollerpintures.com\/es\/\",\"name\":\"Oller Pinturas y Revestimientos\",\"description\":\"M\u00e1s de 50 a\u00f1os acompa\u00f1ando a profesionales y particulares con soluciones de pintura duraderas y sostenibles, seis tiendas de proximidad con servicio tintom\u00e9trico propio y un compromiso real con el oficio y las nuevas generaciones.\",\"publisher\":{\"@id\":\"https:\/\/ollerpintures.com\/es\/#organization\"},\"alternateName\":\"Oller Grup\",\"potentialAction\":[{\"@type\":\"SearchAction\",\"target\":{\"@type\":\"EntryPoint\",\"urlTemplate\":\"https:\/\/ollerpintures.com\/es\/?s={search_term_string}\"},\"query-input\":{\"@type\":\"PropertyValueSpecification\",\"valueRequired\":true,\"valueName\":\"search_term_string\"}}],\"inLanguage\":\"es\"},{\"@type\":\"Organization\",\"@id\":\"https:\/\/ollerpintures.com\/es\/#organization\",\"name\":\"Oller Pintures i Revestiments\",\"alternateName\":\"Oller Grup\",\"url\":\"https:\/\/ollerpintures.com\/es\/\",\"logo\":{\"@type\":\"ImageObject\",\"inLanguage\":\"es\",\"@id\":\"https:\/\/ollerpintures.com\/es\/#\/schema\/logo\/image\/\",\"url\":\"https:\/\/ollerpintures.com\/wp-content\/uploads\/2024\/05\/newLogo.png\",\"contentUrl\":\"https:\/\/ollerpintures.com\/wp-content\/uploads\/2024\/05\/newLogo.png\",\"width\":483,\"height\":244,\"caption\":\"Oller Pintures i Revestiments\"},\"image\":{\"@id\":\"https:\/\/ollerpintures.com\/es\/#\/schema\/logo\/image\/\"},\"sameAs\":[\"https:\/\/www.facebook.com\/people\/Oller-Pintures\/100063652056709\/\",\"https:\/\/www.instagram.com\/ollerpintures\/\",\"https:\/\/descriptor.es\/organization\/oller-grup\/\"]}]}<\/script>\n<!-- \/ Yoast SEO plugin. -->","yoast_head_json":{"title":"Spray Hardcore MTN Metalizado 400ml | Montana Colors - Oller Pinturas y revestimientos","description":"Caracter\u00edsticas:   Secado r\u00e1pido  Excelente flexibilidad  Gran resistencia al rallado  Endurecimiento total en 24-48h  No contiene plomo ni otros metales pesados  Muy buen comportamiento en la intemperie  Muy buena resistencia a los rayos UV  *Los productos de pintura en aerosoles marca MTN BY MONTANA COLORS son posteriores al lote 22060","robots":{"index":"index","follow":"follow","max-snippet":"max-snippet:-1","max-image-preview":"max-image-preview:large","max-video-preview":"max-video-preview:-1"},"canonical":"https:\/\/ollerpintures.com\/es\/producto\/spray-montana-hardcore-mtn-metalizado-400ml\/","og_locale":"es_ES","og_type":"article","og_title":"Spray Hardcore MTN Metalizado 400ml | Montana Colors - Oller Pinturas y revestimientos","og_description":"Caracter\u00edsticas:   Secado r\u00e1pido  Excelente flexibilidad  Gran resistencia al rallado  Endurecimiento total en 24-48h  No contiene plomo ni otros metales pesados  Muy buen comportamiento en la intemperie  Muy buena resistencia a los rayos UV  *Los productos de pintura en aerosoles marca MTN BY MONTANA COLORS son posteriores al lote 22060","og_url":"https:\/\/ollerpintures.com\/es\/producto\/spray-montana-hardcore-mtn-metalizado-400ml\/","og_site_name":"Oller Pinturas y revestimientos","article_publisher":"https:\/\/www.facebook.com\/people\/Oller-Pintures\/100063652056709\/","article_modified_time":"2025-12-18T07:58:03+00:00","og_image":[{"width":1080,"height":1080,"url":"https:\/\/ollerpintures.com\/wp-content\/uploads\/2021\/11\/spray-montana-mtn-harcdore-metalizado-oro-cobre-comprar-online-oller-pintures.jpg","type":"image\/jpeg"}],"twitter_card":"summary_large_image","twitter_misc":{"Tiempo de lectura":"1 minuto"},"schema":{"@context":"https:\/\/schema.org","@graph":[{"@type":"WebPage","@id":"https:\/\/ollerpintures.com\/es\/producto\/spray-montana-hardcore-mtn-metalizado-400ml\/","url":"https:\/\/ollerpintures.com\/es\/producto\/spray-montana-hardcore-mtn-metalizado-400ml\/","name":"Spray Hardcore MTN Metalizado 400ml | Montana Colors - Oller Pinturas y revestimientos","isPartOf":{"@id":"https:\/\/ollerpintures.com\/es\/#website"},"primaryImageOfPage":{"@id":"https:\/\/ollerpintures.com\/es\/producto\/spray-montana-hardcore-mtn-metalizado-400ml\/#primaryimage"},"image":{"@id":"https:\/\/ollerpintures.com\/es\/producto\/spray-montana-hardcore-mtn-metalizado-400ml\/#primaryimage"},"thumbnailUrl":"https:\/\/ollerpintures.com\/wp-content\/uploads\/2021\/11\/spray-montana-mtn-harcdore-metalizado-oro-cobre-comprar-online-oller-pintures.jpg","datePublished":"2021-11-08T07:51:59+00:00","dateModified":"2025-12-18T07:58:03+00:00","description":"Caracter\u00edsticas: Secado r\u00e1pido Excelente flexibilidad Gran resistencia al rallado Endurecimiento total en 24-48h No contiene plomo ni otros metales pesados Muy buen comportamiento en la intemperie Muy buena resistencia a los rayos UV *Los productos de pintura en aerosoles marca MTN BY MONTANA COLORS son posteriores al lote 22060","breadcrumb":{"@id":"https:\/\/ollerpintures.com\/es\/producto\/spray-montana-hardcore-mtn-metalizado-400ml\/#breadcrumb"},"inLanguage":"es","potentialAction":[{"@type":"ReadAction","target":["https:\/\/ollerpintures.com\/es\/producto\/spray-montana-hardcore-mtn-metalizado-400ml\/"]}]},{"@type":"ImageObject","inLanguage":"es","@id":"https:\/\/ollerpintures.com\/es\/producto\/spray-montana-hardcore-mtn-metalizado-400ml\/#primaryimage","url":"https:\/\/ollerpintures.com\/wp-content\/uploads\/2021\/11\/spray-montana-mtn-harcdore-metalizado-oro-cobre-comprar-online-oller-pintures.jpg","contentUrl":"https:\/\/ollerpintures.com\/wp-content\/uploads\/2021\/11\/spray-montana-mtn-harcdore-metalizado-oro-cobre-comprar-online-oller-pintures.jpg","width":1080,"height":1080,"caption":"Spray MTN Harcdore Metalizado"},{"@type":"BreadcrumbList","@id":"https:\/\/ollerpintures.com\/es\/producto\/spray-montana-hardcore-mtn-metalizado-400ml\/#breadcrumb","itemListElement":[{"@type":"ListItem","position":1,"name":"Inici","item":"https:\/\/ollerpintures.com\/es\/"},{"@type":"ListItem","position":2,"name":"Tienda","item":"https:\/\/ollerpintures.com\/es\/tienda\/"},{"@type":"ListItem","position":3,"name":"Spray Hardcore MTN Metalizado 400ml | Montana Colors"}]},{"@type":"WebSite","@id":"https:\/\/ollerpintures.com\/es\/#website","url":"https:\/\/ollerpintures.com\/es\/","name":"Oller Pinturas y Revestimientos","description":"M\u00e1s de 50 a\u00f1os acompa\u00f1ando a profesionales y particulares con soluciones de pintura duraderas y sostenibles, seis tiendas de proximidad con servicio tintom\u00e9trico propio y un compromiso real con el oficio y las nuevas generaciones.","publisher":{"@id":"https:\/\/ollerpintures.com\/es\/#organization"},"alternateName":"Oller Grup","potentialAction":[{"@type":"SearchAction","target":{"@type":"EntryPoint","urlTemplate":"https:\/\/ollerpintures.com\/es\/?s={search_term_string}"},"query-input":{"@type":"PropertyValueSpecification","valueRequired":true,"valueName":"search_term_string"}}],"inLanguage":"es"},{"@type":"Organization","@id":"https:\/\/ollerpintures.com\/es\/#organization","name":"Oller Pintures i Revestiments","alternateName":"Oller Grup","url":"https:\/\/ollerpintures.com\/es\/","logo":{"@type":"ImageObject","inLanguage":"es","@id":"https:\/\/ollerpintures.com\/es\/#\/schema\/logo\/image\/","url":"https:\/\/ollerpintures.com\/wp-content\/uploads\/2024\/05\/newLogo.png","contentUrl":"https:\/\/ollerpintures.com\/wp-content\/uploads\/2024\/05\/newLogo.png","width":483,"height":244,"caption":"Oller Pintures i Revestiments"},"image":{"@id":"https:\/\/ollerpintures.com\/es\/#\/schema\/logo\/image\/"},"sameAs":["https:\/\/www.facebook.com\/people\/Oller-Pintures\/100063652056709\/","https:\/\/www.instagram.com\/ollerpintures\/","https:\/\/descriptor.es\/organization\/oller-grup\/"]}]}},"brands":[{"id":793,"name":"Montana","slug":"montana-es"}],"_links":{"self":[{"href":"https:\/\/ollerpintures.com\/es\/wp-json\/wp\/v2\/product\/15500","targetHints":{"allow":["GET"]}}],"collection":[{"href":"https:\/\/ollerpintures.com\/es\/wp-json\/wp\/v2\/product"}],"about":[{"href":"https:\/\/ollerpintures.com\/es\/wp-json\/wp\/v2\/types\/product"}],"wp:featuredmedia":[{"embeddable":true,"href":"https:\/\/ollerpintures.com\/es\/wp-json\/wp\/v2\/media\/15644"}],"wp:attachment":[{"href":"https:\/\/ollerpintures.com\/es\/wp-json\/wp\/v2\/media?parent=15500"}],"wp:term":[{"taxonomy":"pwb-brand","embeddable":true,"href":"https:\/\/ollerpintures.com\/es\/wp-json\/wp\/v2\/pwb-brand?post=15500"},{"taxonomy":"product_brand","embeddable":true,"href":"https:\/\/ollerpintures.com\/es\/wp-json\/wp\/v2\/product_brand?post=15500"},{"taxonomy":"product_cat","embeddable":true,"href":"https:\/\/ollerpintures.com\/es\/wp-json\/wp\/v2\/product_cat?post=15500"},{"taxonomy":"product_tag","embeddable":true,"href":"https:\/\/ollerpintures.com\/es\/wp-json\/wp\/v2\/product_tag?post=15500"}],"curies":[{"name":"wp","href":"https:\/\/api.w.org\/{rel}","templated":true}]}}