{"id":13361,"date":"2021-09-13T11:21:30","date_gmt":"2021-09-13T10:21:30","guid":{"rendered":"https:\/\/oller-pintures.c.wetopi.com\/?post_type=product&#038;p=13361"},"modified":"2022-11-21T12:38:37","modified_gmt":"2022-11-21T11:38:37","slug":"masilla-renovacion-multiusos-zenko-15-kg","status":"publish","type":"product","link":"https:\/\/ollerpintures.com\/es\/producto\/masilla-renovacion-multiusos-zenko-15-kg\/","title":{"rendered":"Masilla Renovaci\u00f3n Multiusos ZENKO 15kg"},"content":{"rendered":"<p>Masilla Renovaci\u00f3n Multiusos ZENKO 15kg<\/p>\n","protected":false},"excerpt":{"rendered":"<p>Masilla Renovaci\u00f3n Multiusos ZENKO 15kg<\/p>\n","protected":false},"featured_media":13365,"template":"","meta":{"_acf_changed":false},"pwb-brand":[788],"product_brand":[],"product_cat":[112,198,870],"product_tag":[410,411,412],"class_list":{"0":"post-13361","1":"product","2":"type-product","3":"status-publish","4":"has-post-thumbnail","6":"pwb-brand-zenko-es","7":"product_cat-herramientas-y-complementos","8":"product_cat-antes-de-pintar-prepara-la-superficie","9":"product_cat-masillas","10":"product_tag-complementos","11":"product_tag-masilla-es","12":"product_tag-preparacion","13":"no-featured-image-padding","14":"resize-featured-image","15":"sales-flash-overlay","16":"woocommerce-text-align-left","17":"woocommerce-image-align-center","18":"do-quantity-buttons","20":"first","21":"instock","22":"shipping-taxable","23":"purchasable","24":"product-type-simple"},"acf":[],"yoast_head":"<!-- This site is optimized with the Yoast SEO plugin v27.1.1 - https:\/\/yoast.com\/product\/yoast-seo-wordpress\/ -->\n<title>Masilla Renovaci\u00f3n Multiusos ZENKO 15kg - Oller Pinturas y revestimientos<\/title>\n<meta name=\"description\" content=\"Masilla Renovaci\u00f3n Multiusos ZENKO 15kg\" \/>\n<meta name=\"robots\" content=\"index, follow, max-snippet:-1, max-image-preview:large, max-video-preview:-1\" \/>\n<link rel=\"canonical\" href=\"https:\/\/ollerpintures.com\/es\/producto\/masilla-renovacion-multiusos-zenko-15-kg\/\" \/>\n<meta property=\"og:locale\" content=\"es_ES\" \/>\n<meta property=\"og:type\" content=\"article\" \/>\n<meta property=\"og:title\" content=\"Masilla Renovaci\u00f3n Multiusos ZENKO 15kg - Oller Pinturas y revestimientos\" \/>\n<meta property=\"og:description\" content=\"Masilla Renovaci\u00f3n Multiusos ZENKO 15kg\" \/>\n<meta property=\"og:url\" content=\"https:\/\/ollerpintures.com\/es\/producto\/masilla-renovacion-multiusos-zenko-15-kg\/\" \/>\n<meta property=\"og:site_name\" content=\"Oller Pinturas y revestimientos\" \/>\n<meta property=\"article:publisher\" content=\"https:\/\/www.facebook.com\/people\/Oller-Pintures\/100063652056709\/\" \/>\n<meta property=\"article:modified_time\" content=\"2022-11-21T11:38:37+00:00\" \/>\n<meta property=\"og:image\" content=\"https:\/\/ollerpintures.com\/wp-content\/uploads\/2021\/09\/masilla-renovacion-zenko-multiusos-comprar-online-oller-pintures.jpg\" \/>\n\t<meta property=\"og:image:width\" content=\"1080\" \/>\n\t<meta property=\"og:image:height\" content=\"1080\" \/>\n\t<meta property=\"og:image:type\" content=\"image\/jpeg\" \/>\n<meta name=\"twitter:card\" content=\"summary_large_image\" \/>\n<meta name=\"twitter:label1\" content=\"Tiempo de lectura\" \/>\n\t<meta name=\"twitter:data1\" content=\"1 minuto\" \/>\n<script type=\"application\/ld+json\" class=\"yoast-schema-graph\">{\"@context\":\"https:\/\/schema.org\",\"@graph\":[{\"@type\":\"WebPage\",\"@id\":\"https:\/\/ollerpintures.com\/es\/producto\/masilla-renovacion-multiusos-zenko-15-kg\/\",\"url\":\"https:\/\/ollerpintures.com\/es\/producto\/masilla-renovacion-multiusos-zenko-15-kg\/\",\"name\":\"Masilla Renovaci\u00f3n Multiusos ZENKO 15kg - Oller Pinturas y revestimientos\",\"isPartOf\":{\"@id\":\"https:\/\/ollerpintures.com\/es\/#website\"},\"primaryImageOfPage\":{\"@id\":\"https:\/\/ollerpintures.com\/es\/producto\/masilla-renovacion-multiusos-zenko-15-kg\/#primaryimage\"},\"image\":{\"@id\":\"https:\/\/ollerpintures.com\/es\/producto\/masilla-renovacion-multiusos-zenko-15-kg\/#primaryimage\"},\"thumbnailUrl\":\"https:\/\/ollerpintures.com\/wp-content\/uploads\/2021\/09\/masilla-renovacion-zenko-multiusos-comprar-online-oller-pintures.jpg\",\"datePublished\":\"2021-09-13T10:21:30+00:00\",\"dateModified\":\"2022-11-21T11:38:37+00:00\",\"description\":\"Masilla Renovaci\u00f3n Multiusos ZENKO 15kg\",\"breadcrumb\":{\"@id\":\"https:\/\/ollerpintures.com\/es\/producto\/masilla-renovacion-multiusos-zenko-15-kg\/#breadcrumb\"},\"inLanguage\":\"es\",\"potentialAction\":[{\"@type\":\"ReadAction\",\"target\":[\"https:\/\/ollerpintures.com\/es\/producto\/masilla-renovacion-multiusos-zenko-15-kg\/\"]}]},{\"@type\":\"ImageObject\",\"inLanguage\":\"es\",\"@id\":\"https:\/\/ollerpintures.com\/es\/producto\/masilla-renovacion-multiusos-zenko-15-kg\/#primaryimage\",\"url\":\"https:\/\/ollerpintures.com\/wp-content\/uploads\/2021\/09\/masilla-renovacion-zenko-multiusos-comprar-online-oller-pintures.jpg\",\"contentUrl\":\"https:\/\/ollerpintures.com\/wp-content\/uploads\/2021\/09\/masilla-renovacion-zenko-multiusos-comprar-online-oller-pintures.jpg\",\"width\":1080,\"height\":1080,\"caption\":\"masilla renovacion multiusos zenko\"},{\"@type\":\"BreadcrumbList\",\"@id\":\"https:\/\/ollerpintures.com\/es\/producto\/masilla-renovacion-multiusos-zenko-15-kg\/#breadcrumb\",\"itemListElement\":[{\"@type\":\"ListItem\",\"position\":1,\"name\":\"Inici\",\"item\":\"https:\/\/ollerpintures.com\/es\/\"},{\"@type\":\"ListItem\",\"position\":2,\"name\":\"Tienda\",\"item\":\"https:\/\/ollerpintures.com\/es\/tienda\/\"},{\"@type\":\"ListItem\",\"position\":3,\"name\":\"Masilla Renovaci\u00f3n Multiusos ZENKO 15kg\"}]},{\"@type\":\"WebSite\",\"@id\":\"https:\/\/ollerpintures.com\/es\/#website\",\"url\":\"https:\/\/ollerpintures.com\/es\/\",\"name\":\"Oller Pinturas y Revestimientos\",\"description\":\"M\u00e1s de 50 a\u00f1os acompa\u00f1ando a profesionales y particulares con soluciones de pintura duraderas y sostenibles, seis tiendas de proximidad con servicio tintom\u00e9trico propio y un compromiso real con el oficio y las nuevas generaciones.\",\"publisher\":{\"@id\":\"https:\/\/ollerpintures.com\/es\/#organization\"},\"alternateName\":\"Oller Grup\",\"potentialAction\":[{\"@type\":\"SearchAction\",\"target\":{\"@type\":\"EntryPoint\",\"urlTemplate\":\"https:\/\/ollerpintures.com\/es\/?s={search_term_string}\"},\"query-input\":{\"@type\":\"PropertyValueSpecification\",\"valueRequired\":true,\"valueName\":\"search_term_string\"}}],\"inLanguage\":\"es\"},{\"@type\":\"Organization\",\"@id\":\"https:\/\/ollerpintures.com\/es\/#organization\",\"name\":\"Oller Pintures i Revestiments\",\"alternateName\":\"Oller Grup\",\"url\":\"https:\/\/ollerpintures.com\/es\/\",\"logo\":{\"@type\":\"ImageObject\",\"inLanguage\":\"es\",\"@id\":\"https:\/\/ollerpintures.com\/es\/#\/schema\/logo\/image\/\",\"url\":\"https:\/\/ollerpintures.com\/wp-content\/uploads\/2024\/05\/newLogo.png\",\"contentUrl\":\"https:\/\/ollerpintures.com\/wp-content\/uploads\/2024\/05\/newLogo.png\",\"width\":483,\"height\":244,\"caption\":\"Oller Pintures i Revestiments\"},\"image\":{\"@id\":\"https:\/\/ollerpintures.com\/es\/#\/schema\/logo\/image\/\"},\"sameAs\":[\"https:\/\/www.facebook.com\/people\/Oller-Pintures\/100063652056709\/\",\"https:\/\/www.instagram.com\/ollerpintures\/\",\"https:\/\/descriptor.es\/organization\/oller-grup\/\"]}]}<\/script>\n<!-- \/ Yoast SEO plugin. -->","yoast_head_json":{"title":"Masilla Renovaci\u00f3n Multiusos ZENKO 15kg - Oller Pinturas y revestimientos","description":"Masilla Renovaci\u00f3n Multiusos ZENKO 15kg","robots":{"index":"index","follow":"follow","max-snippet":"max-snippet:-1","max-image-preview":"max-image-preview:large","max-video-preview":"max-video-preview:-1"},"canonical":"https:\/\/ollerpintures.com\/es\/producto\/masilla-renovacion-multiusos-zenko-15-kg\/","og_locale":"es_ES","og_type":"article","og_title":"Masilla Renovaci\u00f3n Multiusos ZENKO 15kg - Oller Pinturas y revestimientos","og_description":"Masilla Renovaci\u00f3n Multiusos ZENKO 15kg","og_url":"https:\/\/ollerpintures.com\/es\/producto\/masilla-renovacion-multiusos-zenko-15-kg\/","og_site_name":"Oller Pinturas y revestimientos","article_publisher":"https:\/\/www.facebook.com\/people\/Oller-Pintures\/100063652056709\/","article_modified_time":"2022-11-21T11:38:37+00:00","og_image":[{"width":1080,"height":1080,"url":"https:\/\/ollerpintures.com\/wp-content\/uploads\/2021\/09\/masilla-renovacion-zenko-multiusos-comprar-online-oller-pintures.jpg","type":"image\/jpeg"}],"twitter_card":"summary_large_image","twitter_misc":{"Tiempo de lectura":"1 minuto"},"schema":{"@context":"https:\/\/schema.org","@graph":[{"@type":"WebPage","@id":"https:\/\/ollerpintures.com\/es\/producto\/masilla-renovacion-multiusos-zenko-15-kg\/","url":"https:\/\/ollerpintures.com\/es\/producto\/masilla-renovacion-multiusos-zenko-15-kg\/","name":"Masilla Renovaci\u00f3n Multiusos ZENKO 15kg - Oller Pinturas y revestimientos","isPartOf":{"@id":"https:\/\/ollerpintures.com\/es\/#website"},"primaryImageOfPage":{"@id":"https:\/\/ollerpintures.com\/es\/producto\/masilla-renovacion-multiusos-zenko-15-kg\/#primaryimage"},"image":{"@id":"https:\/\/ollerpintures.com\/es\/producto\/masilla-renovacion-multiusos-zenko-15-kg\/#primaryimage"},"thumbnailUrl":"https:\/\/ollerpintures.com\/wp-content\/uploads\/2021\/09\/masilla-renovacion-zenko-multiusos-comprar-online-oller-pintures.jpg","datePublished":"2021-09-13T10:21:30+00:00","dateModified":"2022-11-21T11:38:37+00:00","description":"Masilla Renovaci\u00f3n Multiusos ZENKO 15kg","breadcrumb":{"@id":"https:\/\/ollerpintures.com\/es\/producto\/masilla-renovacion-multiusos-zenko-15-kg\/#breadcrumb"},"inLanguage":"es","potentialAction":[{"@type":"ReadAction","target":["https:\/\/ollerpintures.com\/es\/producto\/masilla-renovacion-multiusos-zenko-15-kg\/"]}]},{"@type":"ImageObject","inLanguage":"es","@id":"https:\/\/ollerpintures.com\/es\/producto\/masilla-renovacion-multiusos-zenko-15-kg\/#primaryimage","url":"https:\/\/ollerpintures.com\/wp-content\/uploads\/2021\/09\/masilla-renovacion-zenko-multiusos-comprar-online-oller-pintures.jpg","contentUrl":"https:\/\/ollerpintures.com\/wp-content\/uploads\/2021\/09\/masilla-renovacion-zenko-multiusos-comprar-online-oller-pintures.jpg","width":1080,"height":1080,"caption":"masilla renovacion multiusos zenko"},{"@type":"BreadcrumbList","@id":"https:\/\/ollerpintures.com\/es\/producto\/masilla-renovacion-multiusos-zenko-15-kg\/#breadcrumb","itemListElement":[{"@type":"ListItem","position":1,"name":"Inici","item":"https:\/\/ollerpintures.com\/es\/"},{"@type":"ListItem","position":2,"name":"Tienda","item":"https:\/\/ollerpintures.com\/es\/tienda\/"},{"@type":"ListItem","position":3,"name":"Masilla Renovaci\u00f3n Multiusos ZENKO 15kg"}]},{"@type":"WebSite","@id":"https:\/\/ollerpintures.com\/es\/#website","url":"https:\/\/ollerpintures.com\/es\/","name":"Oller Pinturas y Revestimientos","description":"M\u00e1s de 50 a\u00f1os acompa\u00f1ando a profesionales y particulares con soluciones de pintura duraderas y sostenibles, seis tiendas de proximidad con servicio tintom\u00e9trico propio y un compromiso real con el oficio y las nuevas generaciones.","publisher":{"@id":"https:\/\/ollerpintures.com\/es\/#organization"},"alternateName":"Oller Grup","potentialAction":[{"@type":"SearchAction","target":{"@type":"EntryPoint","urlTemplate":"https:\/\/ollerpintures.com\/es\/?s={search_term_string}"},"query-input":{"@type":"PropertyValueSpecification","valueRequired":true,"valueName":"search_term_string"}}],"inLanguage":"es"},{"@type":"Organization","@id":"https:\/\/ollerpintures.com\/es\/#organization","name":"Oller Pintures i Revestiments","alternateName":"Oller Grup","url":"https:\/\/ollerpintures.com\/es\/","logo":{"@type":"ImageObject","inLanguage":"es","@id":"https:\/\/ollerpintures.com\/es\/#\/schema\/logo\/image\/","url":"https:\/\/ollerpintures.com\/wp-content\/uploads\/2024\/05\/newLogo.png","contentUrl":"https:\/\/ollerpintures.com\/wp-content\/uploads\/2024\/05\/newLogo.png","width":483,"height":244,"caption":"Oller Pintures i Revestiments"},"image":{"@id":"https:\/\/ollerpintures.com\/es\/#\/schema\/logo\/image\/"},"sameAs":["https:\/\/www.facebook.com\/people\/Oller-Pintures\/100063652056709\/","https:\/\/www.instagram.com\/ollerpintures\/","https:\/\/descriptor.es\/organization\/oller-grup\/"]}]}},"brands":[{"id":788,"name":"Zenko","slug":"zenko-es"}],"_links":{"self":[{"href":"https:\/\/ollerpintures.com\/es\/wp-json\/wp\/v2\/product\/13361","targetHints":{"allow":["GET"]}}],"collection":[{"href":"https:\/\/ollerpintures.com\/es\/wp-json\/wp\/v2\/product"}],"about":[{"href":"https:\/\/ollerpintures.com\/es\/wp-json\/wp\/v2\/types\/product"}],"wp:featuredmedia":[{"embeddable":true,"href":"https:\/\/ollerpintures.com\/es\/wp-json\/wp\/v2\/media\/13365"}],"wp:attachment":[{"href":"https:\/\/ollerpintures.com\/es\/wp-json\/wp\/v2\/media?parent=13361"}],"wp:term":[{"taxonomy":"pwb-brand","embeddable":true,"href":"https:\/\/ollerpintures.com\/es\/wp-json\/wp\/v2\/pwb-brand?post=13361"},{"taxonomy":"product_brand","embeddable":true,"href":"https:\/\/ollerpintures.com\/es\/wp-json\/wp\/v2\/product_brand?post=13361"},{"taxonomy":"product_cat","embeddable":true,"href":"https:\/\/ollerpintures.com\/es\/wp-json\/wp\/v2\/product_cat?post=13361"},{"taxonomy":"product_tag","embeddable":true,"href":"https:\/\/ollerpintures.com\/es\/wp-json\/wp\/v2\/product_tag?post=13361"}],"curies":[{"name":"wp","href":"https:\/\/api.w.org\/{rel}","templated":true}]}}