{"id":13299,"date":"2021-09-07T17:31:37","date_gmt":"2021-09-07T16:31:37","guid":{"rendered":"https:\/\/oller-pintures.c.wetopi.com\/producte\/disco-de-lijar-granat-stf-d150-48-p60-gr-50-festool-ref-575161\/"},"modified":"2021-09-10T09:09:30","modified_gmt":"2021-09-10T08:09:30","slug":"disco-de-lijar-granat-stf-d150-48-p60-gr-50-festool-ref-575161","status":"publish","type":"product","link":"https:\/\/ollerpintures.com\/es\/producto\/disco-de-lijar-granat-stf-d150-48-p60-gr-50-festool-ref-575161\/","title":{"rendered":"Disco de lijar Granat STF D150\/48 P60 GR\/50 FESTOOL Ref. 575161"},"content":{"rendered":"<p>Disco apto para RO 150, ES 150, ETS 150, ETS EC 150, LEX 150, WTS 150, HSK-D 150. <strong>150mm de di\u00e1metro y grano P60. Packs de 50 unidades.\u00a0<\/strong><\/p>\n<p><strong>Aplicaciones principales:\u00a0<\/strong><\/p>\n<ul>\n<li>Sistemas de barnizado m\u00e1s modernos<\/li>\n<li>Especialmente recomendado para barnices VOC<\/li>\n<li>Pl\u00e1sticos, materiales minerales y acr\u00edlicos<\/li>\n<li>Bases duras<\/li>\n<\/ul>\n<p><strong>Disco de lijar Granat STF D150\/48 P60 GR\/50 REF. 575161 FESTOOL<\/strong><\/p>\n<p><strong>Abrasivo Festool de primera calidad.<\/strong><\/p>\n<p><strong>Marca: Festool<\/strong><\/p>\n<p><strong>Referencia: 575161<\/strong><\/p>\n","protected":false},"excerpt":{"rendered":"<p>Disco apto para RO 150, ES 150, ETS 150, ETS EC 150, LEX 150, WTS 150, HSK-D 150. <strong>150mm de di\u00e1metro y grano P60. Packs de 50 unidades.\u00a0<\/strong><\/p>\n<p><strong>Aplicaciones principales:\u00a0<\/strong><\/p>\n<ul>\n<li>Sistemas de barnizado m\u00e1s modernos<\/li>\n<li>Especialmente recomendado para barnices VOC<\/li>\n<li>Pl\u00e1sticos, materiales minerales y acr\u00edlicos<\/li>\n<li>Bases duras<\/li>\n<\/ul>\n<p><strong>Disco de lijar Granat STF D150\/48 P60 GR\/50 REF. 575161 FESTOOL<\/strong><\/p>\n<p><strong>Abrasivo Festool de primera calidad.<\/strong><\/p>\n<p><strong>Marca: Festool<\/strong><\/p>\n<p><strong>Referencia: 575161<\/strong><\/p>\n","protected":false},"featured_media":13265,"template":"","meta":{"_acf_changed":false},"pwb-brand":[912],"product_brand":[],"product_cat":[112,198,987,813,1961],"product_tag":[990,988,914,210,817],"class_list":{"0":"post-13299","1":"product","2":"type-product","3":"status-publish","4":"has-post-thumbnail","6":"pwb-brand-festool-es","7":"product_cat-herramientas-y-complementos","8":"product_cat-antes-de-pintar-prepara-la-superficie","9":"product_cat-discos-para-lijar","10":"product_cat-maquinaria-oferta","11":"product_cat-festool-2","12":"product_tag-abrasivo","13":"product_tag-discos-lija","14":"product_tag-festool-es","15":"product_tag-herramientas","16":"product_tag-maquinaria-es","17":"no-featured-image-padding","18":"resize-featured-image","19":"sales-flash-overlay","20":"woocommerce-text-align-left","21":"woocommerce-image-align-center","22":"do-quantity-buttons","24":"first","25":"instock","26":"shipping-taxable","27":"purchasable","28":"product-type-simple"},"acf":[],"yoast_head":"<!-- This site is optimized with the Yoast SEO plugin v27.1.1 - https:\/\/yoast.com\/product\/yoast-seo-wordpress\/ -->\n<title>Disco de lijar Granat STF D150\/48 P60 GR\/50 FESTOOL Ref. 575161 - Oller Pinturas y revestimientos<\/title>\n<meta name=\"description\" content=\"Disco apto para RO 150, ES 150, ETS 150, ETS EC 150, LEX 150, WTS 150, HSK-D 150. 150mm de di\u00e1metro y grano P60. Packs de 50 unidades.\u00a0  Aplicaciones principales:\u00a0   Sistemas de barnizado m\u00e1s modernos  Especialmente recomendado para barnices VOC  Pl\u00e1sticos, materiales minerales y acr\u00edlicos  Bases duras  Disco de lijar Granat STF D150\/48 P60 GR\/50 REF. 575161 FESTOOL  Abrasivo Festool de primera calidad.  Marca: Festool  Referencia: 575161\" \/>\n<meta name=\"robots\" content=\"index, follow, max-snippet:-1, max-image-preview:large, max-video-preview:-1\" \/>\n<link rel=\"canonical\" href=\"https:\/\/ollerpintures.com\/es\/producto\/disco-de-lijar-granat-stf-d150-48-p60-gr-50-festool-ref-575161\/\" \/>\n<meta property=\"og:locale\" content=\"es_ES\" \/>\n<meta property=\"og:type\" content=\"article\" \/>\n<meta property=\"og:title\" content=\"Disco de lijar Granat STF D150\/48 P60 GR\/50 FESTOOL Ref. 575161 - Oller Pinturas y revestimientos\" \/>\n<meta property=\"og:description\" content=\"Disco apto para RO 150, ES 150, ETS 150, ETS EC 150, LEX 150, WTS 150, HSK-D 150. 150mm de di\u00e1metro y grano P60. Packs de 50 unidades.\u00a0  Aplicaciones principales:\u00a0   Sistemas de barnizado m\u00e1s modernos  Especialmente recomendado para barnices VOC  Pl\u00e1sticos, materiales minerales y acr\u00edlicos  Bases duras  Disco de lijar Granat STF D150\/48 P60 GR\/50 REF. 575161 FESTOOL  Abrasivo Festool de primera calidad.  Marca: Festool  Referencia: 575161\" \/>\n<meta property=\"og:url\" content=\"https:\/\/ollerpintures.com\/es\/producto\/disco-de-lijar-granat-stf-d150-48-p60-gr-50-festool-ref-575161\/\" \/>\n<meta property=\"og:site_name\" content=\"Oller Pinturas y revestimientos\" \/>\n<meta property=\"article:publisher\" content=\"https:\/\/www.facebook.com\/people\/Oller-Pintures\/100063652056709\/\" \/>\n<meta property=\"article:modified_time\" content=\"2021-09-10T08:09:30+00:00\" \/>\n<meta property=\"og:image\" content=\"https:\/\/ollerpintures.com\/wp-content\/uploads\/2021\/09\/disco-lija-granat-festool-150-diametro-stf-d150-p-60-comprar-online-lijadora-profesional-oller-pintures-preu.jpg\" \/>\n\t<meta property=\"og:image:width\" content=\"1080\" \/>\n\t<meta property=\"og:image:height\" content=\"1080\" \/>\n\t<meta property=\"og:image:type\" content=\"image\/jpeg\" \/>\n<meta name=\"twitter:card\" content=\"summary_large_image\" \/>\n<script type=\"application\/ld+json\" class=\"yoast-schema-graph\">{\"@context\":\"https:\/\/schema.org\",\"@graph\":[{\"@type\":\"WebPage\",\"@id\":\"https:\/\/ollerpintures.com\/es\/producto\/disco-de-lijar-granat-stf-d150-48-p60-gr-50-festool-ref-575161\/\",\"url\":\"https:\/\/ollerpintures.com\/es\/producto\/disco-de-lijar-granat-stf-d150-48-p60-gr-50-festool-ref-575161\/\",\"name\":\"Disco de lijar Granat STF D150\/48 P60 GR\/50 FESTOOL Ref. 575161 - Oller Pinturas y revestimientos\",\"isPartOf\":{\"@id\":\"https:\/\/ollerpintures.com\/es\/#website\"},\"primaryImageOfPage\":{\"@id\":\"https:\/\/ollerpintures.com\/es\/producto\/disco-de-lijar-granat-stf-d150-48-p60-gr-50-festool-ref-575161\/#primaryimage\"},\"image\":{\"@id\":\"https:\/\/ollerpintures.com\/es\/producto\/disco-de-lijar-granat-stf-d150-48-p60-gr-50-festool-ref-575161\/#primaryimage\"},\"thumbnailUrl\":\"https:\/\/ollerpintures.com\/wp-content\/uploads\/2021\/09\/disco-lija-granat-festool-150-diametro-stf-d150-p-60-comprar-online-lijadora-profesional-oller-pintures-preu.jpg\",\"datePublished\":\"2021-09-07T16:31:37+00:00\",\"dateModified\":\"2021-09-10T08:09:30+00:00\",\"description\":\"Disco apto para RO 150, ES 150, ETS 150, ETS EC 150, LEX 150, WTS 150, HSK-D 150. 150mm de di\u00e1metro y grano P60. Packs de 50 unidades.\u00a0 Aplicaciones principales:\u00a0 Sistemas de barnizado m\u00e1s modernos Especialmente recomendado para barnices VOC Pl\u00e1sticos, materiales minerales y acr\u00edlicos Bases duras Disco de lijar Granat STF D150\/48 P60 GR\/50 REF. 575161 FESTOOL Abrasivo Festool de primera calidad. Marca: Festool Referencia: 575161\",\"breadcrumb\":{\"@id\":\"https:\/\/ollerpintures.com\/es\/producto\/disco-de-lijar-granat-stf-d150-48-p60-gr-50-festool-ref-575161\/#breadcrumb\"},\"inLanguage\":\"es\",\"potentialAction\":[{\"@type\":\"ReadAction\",\"target\":[\"https:\/\/ollerpintures.com\/es\/producto\/disco-de-lijar-granat-stf-d150-48-p60-gr-50-festool-ref-575161\/\"]}]},{\"@type\":\"ImageObject\",\"inLanguage\":\"es\",\"@id\":\"https:\/\/ollerpintures.com\/es\/producto\/disco-de-lijar-granat-stf-d150-48-p60-gr-50-festool-ref-575161\/#primaryimage\",\"url\":\"https:\/\/ollerpintures.com\/wp-content\/uploads\/2021\/09\/disco-lija-granat-festool-150-diametro-stf-d150-p-60-comprar-online-lijadora-profesional-oller-pintures-preu.jpg\",\"contentUrl\":\"https:\/\/ollerpintures.com\/wp-content\/uploads\/2021\/09\/disco-lija-granat-festool-150-diametro-stf-d150-p-60-comprar-online-lijadora-profesional-oller-pintures-preu.jpg\",\"width\":1080,\"height\":1080,\"caption\":\"Disco lija Festool ref. 575161\"},{\"@type\":\"BreadcrumbList\",\"@id\":\"https:\/\/ollerpintures.com\/es\/producto\/disco-de-lijar-granat-stf-d150-48-p60-gr-50-festool-ref-575161\/#breadcrumb\",\"itemListElement\":[{\"@type\":\"ListItem\",\"position\":1,\"name\":\"Inici\",\"item\":\"https:\/\/ollerpintures.com\/es\/\"},{\"@type\":\"ListItem\",\"position\":2,\"name\":\"Tienda\",\"item\":\"https:\/\/ollerpintures.com\/es\/tienda\/\"},{\"@type\":\"ListItem\",\"position\":3,\"name\":\"Disco de lijar Granat STF D150\/48 P60 GR\/50 FESTOOL Ref. 575161\"}]},{\"@type\":\"WebSite\",\"@id\":\"https:\/\/ollerpintures.com\/es\/#website\",\"url\":\"https:\/\/ollerpintures.com\/es\/\",\"name\":\"Oller Pinturas y Revestimientos\",\"description\":\"M\u00e1s de 50 a\u00f1os acompa\u00f1ando a profesionales y particulares con soluciones de pintura duraderas y sostenibles, seis tiendas de proximidad con servicio tintom\u00e9trico propio y un compromiso real con el oficio y las nuevas generaciones.\",\"publisher\":{\"@id\":\"https:\/\/ollerpintures.com\/es\/#organization\"},\"alternateName\":\"Oller Grup\",\"potentialAction\":[{\"@type\":\"SearchAction\",\"target\":{\"@type\":\"EntryPoint\",\"urlTemplate\":\"https:\/\/ollerpintures.com\/es\/?s={search_term_string}\"},\"query-input\":{\"@type\":\"PropertyValueSpecification\",\"valueRequired\":true,\"valueName\":\"search_term_string\"}}],\"inLanguage\":\"es\"},{\"@type\":\"Organization\",\"@id\":\"https:\/\/ollerpintures.com\/es\/#organization\",\"name\":\"Oller Pintures i Revestiments\",\"alternateName\":\"Oller Grup\",\"url\":\"https:\/\/ollerpintures.com\/es\/\",\"logo\":{\"@type\":\"ImageObject\",\"inLanguage\":\"es\",\"@id\":\"https:\/\/ollerpintures.com\/es\/#\/schema\/logo\/image\/\",\"url\":\"https:\/\/ollerpintures.com\/wp-content\/uploads\/2024\/05\/newLogo.png\",\"contentUrl\":\"https:\/\/ollerpintures.com\/wp-content\/uploads\/2024\/05\/newLogo.png\",\"width\":483,\"height\":244,\"caption\":\"Oller Pintures i Revestiments\"},\"image\":{\"@id\":\"https:\/\/ollerpintures.com\/es\/#\/schema\/logo\/image\/\"},\"sameAs\":[\"https:\/\/www.facebook.com\/people\/Oller-Pintures\/100063652056709\/\",\"https:\/\/www.instagram.com\/ollerpintures\/\",\"https:\/\/descriptor.es\/organization\/oller-grup\/\"]}]}<\/script>\n<!-- \/ Yoast SEO plugin. -->","yoast_head_json":{"title":"Disco de lijar Granat STF D150\/48 P60 GR\/50 FESTOOL Ref. 575161 - Oller Pinturas y revestimientos","description":"Disco apto para RO 150, ES 150, ETS 150, ETS EC 150, LEX 150, WTS 150, HSK-D 150. 150mm de di\u00e1metro y grano P60. Packs de 50 unidades.\u00a0  Aplicaciones principales:\u00a0   Sistemas de barnizado m\u00e1s modernos  Especialmente recomendado para barnices VOC  Pl\u00e1sticos, materiales minerales y acr\u00edlicos  Bases duras  Disco de lijar Granat STF D150\/48 P60 GR\/50 REF. 575161 FESTOOL  Abrasivo Festool de primera calidad.  Marca: Festool  Referencia: 575161","robots":{"index":"index","follow":"follow","max-snippet":"max-snippet:-1","max-image-preview":"max-image-preview:large","max-video-preview":"max-video-preview:-1"},"canonical":"https:\/\/ollerpintures.com\/es\/producto\/disco-de-lijar-granat-stf-d150-48-p60-gr-50-festool-ref-575161\/","og_locale":"es_ES","og_type":"article","og_title":"Disco de lijar Granat STF D150\/48 P60 GR\/50 FESTOOL Ref. 575161 - Oller Pinturas y revestimientos","og_description":"Disco apto para RO 150, ES 150, ETS 150, ETS EC 150, LEX 150, WTS 150, HSK-D 150. 150mm de di\u00e1metro y grano P60. Packs de 50 unidades.\u00a0  Aplicaciones principales:\u00a0   Sistemas de barnizado m\u00e1s modernos  Especialmente recomendado para barnices VOC  Pl\u00e1sticos, materiales minerales y acr\u00edlicos  Bases duras  Disco de lijar Granat STF D150\/48 P60 GR\/50 REF. 575161 FESTOOL  Abrasivo Festool de primera calidad.  Marca: Festool  Referencia: 575161","og_url":"https:\/\/ollerpintures.com\/es\/producto\/disco-de-lijar-granat-stf-d150-48-p60-gr-50-festool-ref-575161\/","og_site_name":"Oller Pinturas y revestimientos","article_publisher":"https:\/\/www.facebook.com\/people\/Oller-Pintures\/100063652056709\/","article_modified_time":"2021-09-10T08:09:30+00:00","og_image":[{"width":1080,"height":1080,"url":"https:\/\/ollerpintures.com\/wp-content\/uploads\/2021\/09\/disco-lija-granat-festool-150-diametro-stf-d150-p-60-comprar-online-lijadora-profesional-oller-pintures-preu.jpg","type":"image\/jpeg"}],"twitter_card":"summary_large_image","schema":{"@context":"https:\/\/schema.org","@graph":[{"@type":"WebPage","@id":"https:\/\/ollerpintures.com\/es\/producto\/disco-de-lijar-granat-stf-d150-48-p60-gr-50-festool-ref-575161\/","url":"https:\/\/ollerpintures.com\/es\/producto\/disco-de-lijar-granat-stf-d150-48-p60-gr-50-festool-ref-575161\/","name":"Disco de lijar Granat STF D150\/48 P60 GR\/50 FESTOOL Ref. 575161 - Oller Pinturas y revestimientos","isPartOf":{"@id":"https:\/\/ollerpintures.com\/es\/#website"},"primaryImageOfPage":{"@id":"https:\/\/ollerpintures.com\/es\/producto\/disco-de-lijar-granat-stf-d150-48-p60-gr-50-festool-ref-575161\/#primaryimage"},"image":{"@id":"https:\/\/ollerpintures.com\/es\/producto\/disco-de-lijar-granat-stf-d150-48-p60-gr-50-festool-ref-575161\/#primaryimage"},"thumbnailUrl":"https:\/\/ollerpintures.com\/wp-content\/uploads\/2021\/09\/disco-lija-granat-festool-150-diametro-stf-d150-p-60-comprar-online-lijadora-profesional-oller-pintures-preu.jpg","datePublished":"2021-09-07T16:31:37+00:00","dateModified":"2021-09-10T08:09:30+00:00","description":"Disco apto para RO 150, ES 150, ETS 150, ETS EC 150, LEX 150, WTS 150, HSK-D 150. 150mm de di\u00e1metro y grano P60. Packs de 50 unidades.\u00a0 Aplicaciones principales:\u00a0 Sistemas de barnizado m\u00e1s modernos Especialmente recomendado para barnices VOC Pl\u00e1sticos, materiales minerales y acr\u00edlicos Bases duras Disco de lijar Granat STF D150\/48 P60 GR\/50 REF. 575161 FESTOOL Abrasivo Festool de primera calidad. Marca: Festool Referencia: 575161","breadcrumb":{"@id":"https:\/\/ollerpintures.com\/es\/producto\/disco-de-lijar-granat-stf-d150-48-p60-gr-50-festool-ref-575161\/#breadcrumb"},"inLanguage":"es","potentialAction":[{"@type":"ReadAction","target":["https:\/\/ollerpintures.com\/es\/producto\/disco-de-lijar-granat-stf-d150-48-p60-gr-50-festool-ref-575161\/"]}]},{"@type":"ImageObject","inLanguage":"es","@id":"https:\/\/ollerpintures.com\/es\/producto\/disco-de-lijar-granat-stf-d150-48-p60-gr-50-festool-ref-575161\/#primaryimage","url":"https:\/\/ollerpintures.com\/wp-content\/uploads\/2021\/09\/disco-lija-granat-festool-150-diametro-stf-d150-p-60-comprar-online-lijadora-profesional-oller-pintures-preu.jpg","contentUrl":"https:\/\/ollerpintures.com\/wp-content\/uploads\/2021\/09\/disco-lija-granat-festool-150-diametro-stf-d150-p-60-comprar-online-lijadora-profesional-oller-pintures-preu.jpg","width":1080,"height":1080,"caption":"Disco lija Festool ref. 575161"},{"@type":"BreadcrumbList","@id":"https:\/\/ollerpintures.com\/es\/producto\/disco-de-lijar-granat-stf-d150-48-p60-gr-50-festool-ref-575161\/#breadcrumb","itemListElement":[{"@type":"ListItem","position":1,"name":"Inici","item":"https:\/\/ollerpintures.com\/es\/"},{"@type":"ListItem","position":2,"name":"Tienda","item":"https:\/\/ollerpintures.com\/es\/tienda\/"},{"@type":"ListItem","position":3,"name":"Disco de lijar Granat STF D150\/48 P60 GR\/50 FESTOOL Ref. 575161"}]},{"@type":"WebSite","@id":"https:\/\/ollerpintures.com\/es\/#website","url":"https:\/\/ollerpintures.com\/es\/","name":"Oller Pinturas y Revestimientos","description":"M\u00e1s de 50 a\u00f1os acompa\u00f1ando a profesionales y particulares con soluciones de pintura duraderas y sostenibles, seis tiendas de proximidad con servicio tintom\u00e9trico propio y un compromiso real con el oficio y las nuevas generaciones.","publisher":{"@id":"https:\/\/ollerpintures.com\/es\/#organization"},"alternateName":"Oller Grup","potentialAction":[{"@type":"SearchAction","target":{"@type":"EntryPoint","urlTemplate":"https:\/\/ollerpintures.com\/es\/?s={search_term_string}"},"query-input":{"@type":"PropertyValueSpecification","valueRequired":true,"valueName":"search_term_string"}}],"inLanguage":"es"},{"@type":"Organization","@id":"https:\/\/ollerpintures.com\/es\/#organization","name":"Oller Pintures i Revestiments","alternateName":"Oller Grup","url":"https:\/\/ollerpintures.com\/es\/","logo":{"@type":"ImageObject","inLanguage":"es","@id":"https:\/\/ollerpintures.com\/es\/#\/schema\/logo\/image\/","url":"https:\/\/ollerpintures.com\/wp-content\/uploads\/2024\/05\/newLogo.png","contentUrl":"https:\/\/ollerpintures.com\/wp-content\/uploads\/2024\/05\/newLogo.png","width":483,"height":244,"caption":"Oller Pintures i Revestiments"},"image":{"@id":"https:\/\/ollerpintures.com\/es\/#\/schema\/logo\/image\/"},"sameAs":["https:\/\/www.facebook.com\/people\/Oller-Pintures\/100063652056709\/","https:\/\/www.instagram.com\/ollerpintures\/","https:\/\/descriptor.es\/organization\/oller-grup\/"]}]}},"brands":[{"id":912,"name":"Festool","slug":"festool-es"}],"_links":{"self":[{"href":"https:\/\/ollerpintures.com\/es\/wp-json\/wp\/v2\/product\/13299","targetHints":{"allow":["GET"]}}],"collection":[{"href":"https:\/\/ollerpintures.com\/es\/wp-json\/wp\/v2\/product"}],"about":[{"href":"https:\/\/ollerpintures.com\/es\/wp-json\/wp\/v2\/types\/product"}],"wp:featuredmedia":[{"embeddable":true,"href":"https:\/\/ollerpintures.com\/es\/wp-json\/wp\/v2\/media\/13265"}],"wp:attachment":[{"href":"https:\/\/ollerpintures.com\/es\/wp-json\/wp\/v2\/media?parent=13299"}],"wp:term":[{"taxonomy":"pwb-brand","embeddable":true,"href":"https:\/\/ollerpintures.com\/es\/wp-json\/wp\/v2\/pwb-brand?post=13299"},{"taxonomy":"product_brand","embeddable":true,"href":"https:\/\/ollerpintures.com\/es\/wp-json\/wp\/v2\/product_brand?post=13299"},{"taxonomy":"product_cat","embeddable":true,"href":"https:\/\/ollerpintures.com\/es\/wp-json\/wp\/v2\/product_cat?post=13299"},{"taxonomy":"product_tag","embeddable":true,"href":"https:\/\/ollerpintures.com\/es\/wp-json\/wp\/v2\/product_tag?post=13299"}],"curies":[{"name":"wp","href":"https:\/\/api.w.org\/{rel}","templated":true}]}}