{"id":13230,"date":"2021-09-07T11:05:22","date_gmt":"2021-09-07T10:05:22","guid":{"rendered":"https:\/\/oller-pintures.c.wetopi.com\/producte\/pintura-revestimiento-para-fachadas-acrilico-mate-litocril-procolor-15l-carta-colores\/"},"modified":"2022-07-28T15:56:11","modified_gmt":"2022-07-28T14:56:11","slug":"pintura-revestimiento-para-fachadas-acrilico-mate-litocril-procolor-15l-carta-colores","status":"publish","type":"product","link":"https:\/\/ollerpintures.com\/es\/producto\/pintura-revestimiento-para-fachadas-acrilico-mate-litocril-procolor-15l-carta-colores\/","title":{"rendered":"Pintura Revestimiento para fachadas acr\u00edlico mate Litocril PROCOLOR 15L &#8211; CARTA COLORES"},"content":{"rendered":"<p>El Revestimiento acr\u00edlico mate para fachadas Litocril es un producto de Procolor especialmente indicado para la protecci\u00f3n y decoraci\u00f3n de exterior como cementos o morteros, entre otros.<\/p>\n<p><strong>Propiedades<\/strong>:<\/p>\n<ul>\n<li>Acabado liso<\/li>\n<li>Conservante antimoho<\/li>\n<li>Buena impermeabilidad al agua W2<\/li>\n<li>Transpirabilidad al vapor de agua V2<\/li>\n<li>Colores resistentes a la intemperie<\/li>\n<li>Buena cubrici\u00f3n y rendimiento<\/li>\n<li>Alta resistencia a la alcalinidad<\/li>\n<li>F\u00e1cil aplicaci\u00f3n<\/li>\n<li>No salpica<\/li>\n<\/ul>\n<p><em><strong>\u00a1Consulta toda la informaci\u00f3n detallada del producto en la ficha t\u00e9cnica y de seguridad!<\/strong><\/em><\/p>\n","protected":false},"excerpt":{"rendered":"<ul>\n<li>Acabado liso<\/li>\n<li>Conservante antimoho<\/li>\n<li>Buena impermeabilidad al agua W2<\/li>\n<li>Transpirabilidad al vapor de agua V2<\/li>\n<li>Colores resistentes a la intemperie<\/li>\n<li>Buena cubrici\u00f3n y rendimiento<\/li>\n<li>Alta resistencia a la alcalinidad<\/li>\n<li>F\u00e1cil aplicaci\u00f3n<\/li>\n<li>No salpica<\/li>\n<\/ul>\n","protected":false},"featured_media":13201,"template":"","meta":{"_acf_changed":false},"pwb-brand":[787],"product_brand":[],"product_cat":[201,202,204],"product_tag":[322,215,231,241],"class_list":{"0":"post-13230","1":"product","2":"type-product","3":"status-publish","4":"has-post-thumbnail","6":"pwb-brand-procolor-es","7":"product_cat-pintura-es","8":"product_cat-pintura-exterior","9":"product_cat-pintura-para-fachadas","10":"product_tag-fachadas-es","11":"product_tag-pintura-es","12":"product_tag-procolor-es","13":"product_tag-revestimiento","14":"no-featured-image-padding","15":"resize-featured-image","16":"sales-flash-overlay","17":"woocommerce-text-align-left","18":"woocommerce-image-align-center","19":"do-quantity-buttons","21":"first","22":"instock","23":"shipping-taxable","24":"purchasable","25":"product-type-variable"},"acf":[],"yoast_head":"<!-- This site is optimized with the Yoast SEO plugin v27.1.1 - https:\/\/yoast.com\/product\/yoast-seo-wordpress\/ -->\n<title>Pintura Revestimiento para fachadas acr\u00edlico mate Litocril PROCOLOR 15L - CARTA COLORES - Oller Pinturas y revestimientos<\/title>\n<meta name=\"description\" content=\"Acabado liso  Conservante antimoho  Buena impermeabilidad al agua W2  Transpirabilidad al vapor de agua V2  Colores resistentes a la intemperie  Buena cubrici\u00f3n y rendimiento  Alta resistencia a la alcalinidad  F\u00e1cil aplicaci\u00f3n  No salpica\" \/>\n<meta name=\"robots\" content=\"index, follow, max-snippet:-1, max-image-preview:large, max-video-preview:-1\" \/>\n<link rel=\"canonical\" href=\"https:\/\/ollerpintures.com\/es\/producto\/pintura-revestimiento-para-fachadas-acrilico-mate-litocril-procolor-15l-carta-colores\/\" \/>\n<meta property=\"og:locale\" content=\"es_ES\" \/>\n<meta property=\"og:type\" content=\"article\" \/>\n<meta property=\"og:title\" content=\"Pintura Revestimiento para fachadas acr\u00edlico mate Litocril PROCOLOR 15L - CARTA COLORES - Oller Pinturas y revestimientos\" \/>\n<meta property=\"og:description\" content=\"Acabado liso  Conservante antimoho  Buena impermeabilidad al agua W2  Transpirabilidad al vapor de agua V2  Colores resistentes a la intemperie  Buena cubrici\u00f3n y rendimiento  Alta resistencia a la alcalinidad  F\u00e1cil aplicaci\u00f3n  No salpica\" \/>\n<meta property=\"og:url\" content=\"https:\/\/ollerpintures.com\/es\/producto\/pintura-revestimiento-para-fachadas-acrilico-mate-litocril-procolor-15l-carta-colores\/\" \/>\n<meta property=\"og:site_name\" content=\"Oller Pinturas y revestimientos\" \/>\n<meta property=\"article:publisher\" content=\"https:\/\/www.facebook.com\/people\/Oller-Pintures\/100063652056709\/\" \/>\n<meta property=\"article:modified_time\" content=\"2022-07-28T14:56:11+00:00\" \/>\n<meta property=\"og:image\" content=\"https:\/\/ollerpintures.com\/wp-content\/uploads\/2021\/09\/pintura-para-fachadas-litocril-procolor-comprar-online-oller-pintures.jpg\" \/>\n\t<meta property=\"og:image:width\" content=\"1080\" \/>\n\t<meta property=\"og:image:height\" content=\"1080\" \/>\n\t<meta property=\"og:image:type\" content=\"image\/jpeg\" \/>\n<meta name=\"twitter:card\" content=\"summary_large_image\" \/>\n<script type=\"application\/ld+json\" class=\"yoast-schema-graph\">{\"@context\":\"https:\/\/schema.org\",\"@graph\":[{\"@type\":\"WebPage\",\"@id\":\"https:\/\/ollerpintures.com\/es\/producto\/pintura-revestimiento-para-fachadas-acrilico-mate-litocril-procolor-15l-carta-colores\/\",\"url\":\"https:\/\/ollerpintures.com\/es\/producto\/pintura-revestimiento-para-fachadas-acrilico-mate-litocril-procolor-15l-carta-colores\/\",\"name\":\"Pintura Revestimiento para fachadas acr\u00edlico mate Litocril PROCOLOR 15L - CARTA COLORES - Oller Pinturas y revestimientos\",\"isPartOf\":{\"@id\":\"https:\/\/ollerpintures.com\/es\/#website\"},\"primaryImageOfPage\":{\"@id\":\"https:\/\/ollerpintures.com\/es\/producto\/pintura-revestimiento-para-fachadas-acrilico-mate-litocril-procolor-15l-carta-colores\/#primaryimage\"},\"image\":{\"@id\":\"https:\/\/ollerpintures.com\/es\/producto\/pintura-revestimiento-para-fachadas-acrilico-mate-litocril-procolor-15l-carta-colores\/#primaryimage\"},\"thumbnailUrl\":\"https:\/\/ollerpintures.com\/wp-content\/uploads\/2021\/09\/pintura-para-fachadas-litocril-procolor-comprar-online-oller-pintures.jpg\",\"datePublished\":\"2021-09-07T10:05:22+00:00\",\"dateModified\":\"2022-07-28T14:56:11+00:00\",\"description\":\"Acabado liso Conservante antimoho Buena impermeabilidad al agua W2 Transpirabilidad al vapor de agua V2 Colores resistentes a la intemperie Buena cubrici\u00f3n y rendimiento Alta resistencia a la alcalinidad F\u00e1cil aplicaci\u00f3n No salpica\",\"breadcrumb\":{\"@id\":\"https:\/\/ollerpintures.com\/es\/producto\/pintura-revestimiento-para-fachadas-acrilico-mate-litocril-procolor-15l-carta-colores\/#breadcrumb\"},\"inLanguage\":\"es\",\"potentialAction\":[{\"@type\":\"ReadAction\",\"target\":[\"https:\/\/ollerpintures.com\/es\/producto\/pintura-revestimiento-para-fachadas-acrilico-mate-litocril-procolor-15l-carta-colores\/\"]}]},{\"@type\":\"ImageObject\",\"inLanguage\":\"es\",\"@id\":\"https:\/\/ollerpintures.com\/es\/producto\/pintura-revestimiento-para-fachadas-acrilico-mate-litocril-procolor-15l-carta-colores\/#primaryimage\",\"url\":\"https:\/\/ollerpintures.com\/wp-content\/uploads\/2021\/09\/pintura-para-fachadas-litocril-procolor-comprar-online-oller-pintures.jpg\",\"contentUrl\":\"https:\/\/ollerpintures.com\/wp-content\/uploads\/2021\/09\/pintura-para-fachadas-litocril-procolor-comprar-online-oller-pintures.jpg\",\"width\":1080,\"height\":1080,\"caption\":\"Litocril PROCOLOR 15L Acr\u00edlic Mate per Fa\u00e7anes | Oller Pintures\"},{\"@type\":\"BreadcrumbList\",\"@id\":\"https:\/\/ollerpintures.com\/es\/producto\/pintura-revestimiento-para-fachadas-acrilico-mate-litocril-procolor-15l-carta-colores\/#breadcrumb\",\"itemListElement\":[{\"@type\":\"ListItem\",\"position\":1,\"name\":\"Inici\",\"item\":\"https:\/\/ollerpintures.com\/es\/\"},{\"@type\":\"ListItem\",\"position\":2,\"name\":\"Tienda\",\"item\":\"https:\/\/ollerpintures.com\/es\/tienda\/\"},{\"@type\":\"ListItem\",\"position\":3,\"name\":\"Pintura Revestimiento para fachadas acr\u00edlico mate Litocril PROCOLOR 15L &#8211; CARTA COLORES\"}]},{\"@type\":\"WebSite\",\"@id\":\"https:\/\/ollerpintures.com\/es\/#website\",\"url\":\"https:\/\/ollerpintures.com\/es\/\",\"name\":\"Oller Pinturas y Revestimientos\",\"description\":\"M\u00e1s de 50 a\u00f1os acompa\u00f1ando a profesionales y particulares con soluciones de pintura duraderas y sostenibles, seis tiendas de proximidad con servicio tintom\u00e9trico propio y un compromiso real con el oficio y las nuevas generaciones.\",\"publisher\":{\"@id\":\"https:\/\/ollerpintures.com\/es\/#organization\"},\"alternateName\":\"Oller Grup\",\"potentialAction\":[{\"@type\":\"SearchAction\",\"target\":{\"@type\":\"EntryPoint\",\"urlTemplate\":\"https:\/\/ollerpintures.com\/es\/?s={search_term_string}\"},\"query-input\":{\"@type\":\"PropertyValueSpecification\",\"valueRequired\":true,\"valueName\":\"search_term_string\"}}],\"inLanguage\":\"es\"},{\"@type\":\"Organization\",\"@id\":\"https:\/\/ollerpintures.com\/es\/#organization\",\"name\":\"Oller Pintures i Revestiments\",\"alternateName\":\"Oller Grup\",\"url\":\"https:\/\/ollerpintures.com\/es\/\",\"logo\":{\"@type\":\"ImageObject\",\"inLanguage\":\"es\",\"@id\":\"https:\/\/ollerpintures.com\/es\/#\/schema\/logo\/image\/\",\"url\":\"https:\/\/ollerpintures.com\/wp-content\/uploads\/2024\/05\/newLogo.png\",\"contentUrl\":\"https:\/\/ollerpintures.com\/wp-content\/uploads\/2024\/05\/newLogo.png\",\"width\":483,\"height\":244,\"caption\":\"Oller Pintures i Revestiments\"},\"image\":{\"@id\":\"https:\/\/ollerpintures.com\/es\/#\/schema\/logo\/image\/\"},\"sameAs\":[\"https:\/\/www.facebook.com\/people\/Oller-Pintures\/100063652056709\/\",\"https:\/\/www.instagram.com\/ollerpintures\/\",\"https:\/\/descriptor.es\/organization\/oller-grup\/\"]}]}<\/script>\n<!-- \/ Yoast SEO plugin. -->","yoast_head_json":{"title":"Pintura Revestimiento para fachadas acr\u00edlico mate Litocril PROCOLOR 15L - CARTA COLORES - Oller Pinturas y revestimientos","description":"Acabado liso  Conservante antimoho  Buena impermeabilidad al agua W2  Transpirabilidad al vapor de agua V2  Colores resistentes a la intemperie  Buena cubrici\u00f3n y rendimiento  Alta resistencia a la alcalinidad  F\u00e1cil aplicaci\u00f3n  No salpica","robots":{"index":"index","follow":"follow","max-snippet":"max-snippet:-1","max-image-preview":"max-image-preview:large","max-video-preview":"max-video-preview:-1"},"canonical":"https:\/\/ollerpintures.com\/es\/producto\/pintura-revestimiento-para-fachadas-acrilico-mate-litocril-procolor-15l-carta-colores\/","og_locale":"es_ES","og_type":"article","og_title":"Pintura Revestimiento para fachadas acr\u00edlico mate Litocril PROCOLOR 15L - CARTA COLORES - Oller Pinturas y revestimientos","og_description":"Acabado liso  Conservante antimoho  Buena impermeabilidad al agua W2  Transpirabilidad al vapor de agua V2  Colores resistentes a la intemperie  Buena cubrici\u00f3n y rendimiento  Alta resistencia a la alcalinidad  F\u00e1cil aplicaci\u00f3n  No salpica","og_url":"https:\/\/ollerpintures.com\/es\/producto\/pintura-revestimiento-para-fachadas-acrilico-mate-litocril-procolor-15l-carta-colores\/","og_site_name":"Oller Pinturas y revestimientos","article_publisher":"https:\/\/www.facebook.com\/people\/Oller-Pintures\/100063652056709\/","article_modified_time":"2022-07-28T14:56:11+00:00","og_image":[{"width":1080,"height":1080,"url":"https:\/\/ollerpintures.com\/wp-content\/uploads\/2021\/09\/pintura-para-fachadas-litocril-procolor-comprar-online-oller-pintures.jpg","type":"image\/jpeg"}],"twitter_card":"summary_large_image","schema":{"@context":"https:\/\/schema.org","@graph":[{"@type":"WebPage","@id":"https:\/\/ollerpintures.com\/es\/producto\/pintura-revestimiento-para-fachadas-acrilico-mate-litocril-procolor-15l-carta-colores\/","url":"https:\/\/ollerpintures.com\/es\/producto\/pintura-revestimiento-para-fachadas-acrilico-mate-litocril-procolor-15l-carta-colores\/","name":"Pintura Revestimiento para fachadas acr\u00edlico mate Litocril PROCOLOR 15L - CARTA COLORES - Oller Pinturas y revestimientos","isPartOf":{"@id":"https:\/\/ollerpintures.com\/es\/#website"},"primaryImageOfPage":{"@id":"https:\/\/ollerpintures.com\/es\/producto\/pintura-revestimiento-para-fachadas-acrilico-mate-litocril-procolor-15l-carta-colores\/#primaryimage"},"image":{"@id":"https:\/\/ollerpintures.com\/es\/producto\/pintura-revestimiento-para-fachadas-acrilico-mate-litocril-procolor-15l-carta-colores\/#primaryimage"},"thumbnailUrl":"https:\/\/ollerpintures.com\/wp-content\/uploads\/2021\/09\/pintura-para-fachadas-litocril-procolor-comprar-online-oller-pintures.jpg","datePublished":"2021-09-07T10:05:22+00:00","dateModified":"2022-07-28T14:56:11+00:00","description":"Acabado liso Conservante antimoho Buena impermeabilidad al agua W2 Transpirabilidad al vapor de agua V2 Colores resistentes a la intemperie Buena cubrici\u00f3n y rendimiento Alta resistencia a la alcalinidad F\u00e1cil aplicaci\u00f3n No salpica","breadcrumb":{"@id":"https:\/\/ollerpintures.com\/es\/producto\/pintura-revestimiento-para-fachadas-acrilico-mate-litocril-procolor-15l-carta-colores\/#breadcrumb"},"inLanguage":"es","potentialAction":[{"@type":"ReadAction","target":["https:\/\/ollerpintures.com\/es\/producto\/pintura-revestimiento-para-fachadas-acrilico-mate-litocril-procolor-15l-carta-colores\/"]}]},{"@type":"ImageObject","inLanguage":"es","@id":"https:\/\/ollerpintures.com\/es\/producto\/pintura-revestimiento-para-fachadas-acrilico-mate-litocril-procolor-15l-carta-colores\/#primaryimage","url":"https:\/\/ollerpintures.com\/wp-content\/uploads\/2021\/09\/pintura-para-fachadas-litocril-procolor-comprar-online-oller-pintures.jpg","contentUrl":"https:\/\/ollerpintures.com\/wp-content\/uploads\/2021\/09\/pintura-para-fachadas-litocril-procolor-comprar-online-oller-pintures.jpg","width":1080,"height":1080,"caption":"Litocril PROCOLOR 15L Acr\u00edlic Mate per Fa\u00e7anes | Oller Pintures"},{"@type":"BreadcrumbList","@id":"https:\/\/ollerpintures.com\/es\/producto\/pintura-revestimiento-para-fachadas-acrilico-mate-litocril-procolor-15l-carta-colores\/#breadcrumb","itemListElement":[{"@type":"ListItem","position":1,"name":"Inici","item":"https:\/\/ollerpintures.com\/es\/"},{"@type":"ListItem","position":2,"name":"Tienda","item":"https:\/\/ollerpintures.com\/es\/tienda\/"},{"@type":"ListItem","position":3,"name":"Pintura Revestimiento para fachadas acr\u00edlico mate Litocril PROCOLOR 15L &#8211; CARTA COLORES"}]},{"@type":"WebSite","@id":"https:\/\/ollerpintures.com\/es\/#website","url":"https:\/\/ollerpintures.com\/es\/","name":"Oller Pinturas y Revestimientos","description":"M\u00e1s de 50 a\u00f1os acompa\u00f1ando a profesionales y particulares con soluciones de pintura duraderas y sostenibles, seis tiendas de proximidad con servicio tintom\u00e9trico propio y un compromiso real con el oficio y las nuevas generaciones.","publisher":{"@id":"https:\/\/ollerpintures.com\/es\/#organization"},"alternateName":"Oller Grup","potentialAction":[{"@type":"SearchAction","target":{"@type":"EntryPoint","urlTemplate":"https:\/\/ollerpintures.com\/es\/?s={search_term_string}"},"query-input":{"@type":"PropertyValueSpecification","valueRequired":true,"valueName":"search_term_string"}}],"inLanguage":"es"},{"@type":"Organization","@id":"https:\/\/ollerpintures.com\/es\/#organization","name":"Oller Pintures i Revestiments","alternateName":"Oller Grup","url":"https:\/\/ollerpintures.com\/es\/","logo":{"@type":"ImageObject","inLanguage":"es","@id":"https:\/\/ollerpintures.com\/es\/#\/schema\/logo\/image\/","url":"https:\/\/ollerpintures.com\/wp-content\/uploads\/2024\/05\/newLogo.png","contentUrl":"https:\/\/ollerpintures.com\/wp-content\/uploads\/2024\/05\/newLogo.png","width":483,"height":244,"caption":"Oller Pintures i Revestiments"},"image":{"@id":"https:\/\/ollerpintures.com\/es\/#\/schema\/logo\/image\/"},"sameAs":["https:\/\/www.facebook.com\/people\/Oller-Pintures\/100063652056709\/","https:\/\/www.instagram.com\/ollerpintures\/","https:\/\/descriptor.es\/organization\/oller-grup\/"]}]}},"brands":[{"id":787,"name":"Procolor","slug":"procolor-es"}],"_links":{"self":[{"href":"https:\/\/ollerpintures.com\/es\/wp-json\/wp\/v2\/product\/13230","targetHints":{"allow":["GET"]}}],"collection":[{"href":"https:\/\/ollerpintures.com\/es\/wp-json\/wp\/v2\/product"}],"about":[{"href":"https:\/\/ollerpintures.com\/es\/wp-json\/wp\/v2\/types\/product"}],"wp:featuredmedia":[{"embeddable":true,"href":"https:\/\/ollerpintures.com\/es\/wp-json\/wp\/v2\/media\/13201"}],"wp:attachment":[{"href":"https:\/\/ollerpintures.com\/es\/wp-json\/wp\/v2\/media?parent=13230"}],"wp:term":[{"taxonomy":"pwb-brand","embeddable":true,"href":"https:\/\/ollerpintures.com\/es\/wp-json\/wp\/v2\/pwb-brand?post=13230"},{"taxonomy":"product_brand","embeddable":true,"href":"https:\/\/ollerpintures.com\/es\/wp-json\/wp\/v2\/product_brand?post=13230"},{"taxonomy":"product_cat","embeddable":true,"href":"https:\/\/ollerpintures.com\/es\/wp-json\/wp\/v2\/product_cat?post=13230"},{"taxonomy":"product_tag","embeddable":true,"href":"https:\/\/ollerpintures.com\/es\/wp-json\/wp\/v2\/product_tag?post=13230"}],"curies":[{"name":"wp","href":"https:\/\/api.w.org\/{rel}","templated":true}]}}