{"id":13112,"date":"2021-09-06T15:57:34","date_gmt":"2021-09-06T14:57:34","guid":{"rendered":"https:\/\/oller-pintures.c.wetopi.com\/producte\/pintura-para-fachadas-zenko-revestimiento-liso-fachadas-premium-15l\/"},"modified":"2025-10-31T05:31:37","modified_gmt":"2025-10-31T04:31:37","slug":"pintura-para-fachadas-zenko-revestimiento-liso-fachadas-premium-15l","status":"publish","type":"product","link":"https:\/\/ollerpintures.com\/es\/producto\/pintura-para-fachadas-zenko-revestimiento-liso-fachadas-premium-15l\/","title":{"rendered":"Pintura para fachadas ZENKO Revestimiento Liso Fachadas Premium 15L"},"content":{"rendered":"<p>Pintura &#8211; revestimiento liso para fachadas: Fachadas Zenko Premium es una<strong> pintura mate de alta calidad para exteriores en general<\/strong>. Est\u00e1 formulado con tecnolog\u00eda avanzada en copol\u00edmeros acr\u00edlicos (<a href=\"https:\/\/es.wikipedia.org\/wiki\/Pol%C3%ADmero_de_acrilato\" target=\"_blank\" rel=\"noopener\">\u27a5<\/a>) con pigmentos y extenders de <strong>m\u00e1xima solidez en la intemperie.<\/strong> Adem\u00e1s, contiene conservante <strong>antimoho<\/strong>, lo que la hace a\u00fan m\u00e1s <strong>resistente y duradera ante humedades.\u00a0<\/strong><\/p>\n<p>Se puede aplicar sobre diferentes superficies:<\/p>\n<ul>\n<li><strong>Hormig\u00f3n<\/strong><\/li>\n<li><strong>Cemento<\/strong><\/li>\n<li><strong>Ladrillo<\/strong><\/li>\n<li><strong>Fibrocemento<\/strong><\/li>\n<\/ul>\n<p>En conjunto, la pintura revestimiento para fachadas Zenko Premium es una muy buena soluci\u00f3n para pintar y renovar superficies exteriores. \u00a1Muy buena relaci\u00f3n calidad-precio!<\/p>\n<p>Adem\u00e1s puede interesarte otra soluci\u00f3n innovadora y pr\u00e1ctica, las <a href=\"https:\/\/ollerpintures.com\/es\/microcemento-para-fachadas\/\">fachadas de microcemento<\/a>.<\/p>\n<p>Para profesionales que enfrentan proyectos de gran escala, la Pintura ZENKO Revestimiento Liso Fachadas Premium en su presentaci\u00f3n de 15 litros es la elecci\u00f3n indiscutible. Dise\u00f1ada para cubrir \u00e1reas extensas con eficiencia, esta opci\u00f3n no solo optimiza los tiempos de trabajo, sino que tambi\u00e9n reduce la necesidad de comprar m\u00faltiples envases menores. Su formulaci\u00f3n avanzada ofrece un acabado mate elegante y es resistente a las m\u00e1s adversas condiciones clim\u00e1ticas, protegiendo las fachadas contra la humedad, el moho y las algas.<\/p>\n<p><a href=\"https:\/\/ollerpintures.com\/es\/producto\/pintura-para-fachadas-zenko-revestimiento-liso-fachadas-premium-4l\/\">Opci\u00f3n de 4 Litros para Proyectos Menores<\/a><\/p>\n<p>Para aquellos proyectos m\u00e1s peque\u00f1os o para retoques espec\u00edficos, ofrecemos la misma pintura de alta calidad en una presentaci\u00f3n de 4 litros. Esta opci\u00f3n es ideal para trabajos que requieren menos material sin comprometer la calidad y la resistencia que caracterizan a ZENKO. Al igual que la presentaci\u00f3n de 15 litros, garantiza un acabado profesional que realza la est\u00e9tica del exterior y proporciona una protecci\u00f3n duradera contra los elementos.<\/p>\n<p>Opte por la Pintura para Fachadas ZENKO Revestimiento Liso Fachadas Premium, ya sea en su presentaci\u00f3n de 15 litros o en la m\u00e1s peque\u00f1a de 4 litros, y asegure un resultado excepcional que mantendr\u00e1 sus fachadas vi\u00e9ndose impecables y protegidas a\u00f1o tras a\u00f1o.<\/p>\n","protected":false},"excerpt":{"rendered":"<ul>\n<li>Pintura al agua<\/li>\n<li>Acabado mate<\/li>\n<li>Carta de colores<\/li>\n<li>Conservante antimoho<\/li>\n<li>M\u00e1xima resistencia a la intemperie<\/li>\n<li>Apto para aplicar sobre hormig\u00f3n, cemento, ladrillo, fibrocemento&#8230;<\/li>\n<\/ul>\n","protected":false},"featured_media":29992,"template":"","meta":{"_acf_changed":false},"pwb-brand":[788],"product_brand":[],"product_cat":[201,202,204],"product_tag":[322,215,241,551],"class_list":{"0":"post-13112","1":"product","2":"type-product","3":"status-publish","4":"has-post-thumbnail","6":"pwb-brand-zenko-es","7":"product_cat-pintura-es","8":"product_cat-pintura-exterior","9":"product_cat-pintura-para-fachadas","10":"product_tag-fachadas-es","11":"product_tag-pintura-es","12":"product_tag-revestimiento","13":"product_tag-zenko-es","14":"no-featured-image-padding","15":"resize-featured-image","16":"sales-flash-overlay","17":"woocommerce-text-align-left","18":"woocommerce-image-align-center","19":"do-quantity-buttons","20":"wc-has-gallery","22":"first","23":"instock","24":"shipping-taxable","25":"purchasable","26":"product-type-variable"},"acf":[],"yoast_head":"<!-- This site is optimized with the Yoast SEO plugin v27.1.1 - https:\/\/yoast.com\/product\/yoast-seo-wordpress\/ -->\n<title>Pintura para fachadas ZENKO Revestimiento Liso - Oller Pinturas<\/title>\n<meta name=\"description\" content=\"Pintura para fachadas ZENKO Revestimiento Liso Fachadas Premium 15L, pintura mate de alta calidad para exteriores, soporte duradero a intemperie, antimoho.\" \/>\n<meta name=\"robots\" content=\"index, follow, max-snippet:-1, max-image-preview:large, max-video-preview:-1\" \/>\n<link rel=\"canonical\" href=\"https:\/\/ollerpintures.com\/es\/producto\/pintura-para-fachadas-zenko-revestimiento-liso-fachadas-premium-15l\/\" \/>\n<meta property=\"og:locale\" content=\"es_ES\" \/>\n<meta property=\"og:type\" content=\"article\" \/>\n<meta property=\"og:title\" content=\"Pintura para fachadas ZENKO Revestimiento Liso - Oller Pinturas\" \/>\n<meta property=\"og:description\" content=\"Pintura para fachadas ZENKO Revestimiento Liso Fachadas Premium 15L, pintura mate de alta calidad para exteriores, soporte duradero a intemperie, antimoho.\" \/>\n<meta property=\"og:url\" content=\"https:\/\/ollerpintures.com\/es\/producto\/pintura-para-fachadas-zenko-revestimiento-liso-fachadas-premium-15l\/\" \/>\n<meta property=\"og:site_name\" content=\"Oller Pinturas y revestimientos\" \/>\n<meta property=\"article:publisher\" content=\"https:\/\/www.facebook.com\/people\/Oller-Pintures\/100063652056709\/\" \/>\n<meta property=\"article:modified_time\" content=\"2025-10-31T04:31:37+00:00\" \/>\n<meta property=\"og:image\" content=\"https:\/\/ollerpintures.com\/wp-content\/uploads\/2021\/09\/Productes-WEB-E-Commerce-Oller-1.png\" \/>\n\t<meta property=\"og:image:width\" content=\"1080\" \/>\n\t<meta property=\"og:image:height\" content=\"1080\" \/>\n\t<meta property=\"og:image:type\" content=\"image\/png\" \/>\n<meta name=\"twitter:card\" content=\"summary_large_image\" \/>\n<meta name=\"twitter:label1\" content=\"Tiempo de lectura\" \/>\n\t<meta name=\"twitter:data1\" content=\"2 minutos\" \/>\n<script type=\"application\/ld+json\" class=\"yoast-schema-graph\">{\"@context\":\"https:\/\/schema.org\",\"@graph\":[{\"@type\":\"WebPage\",\"@id\":\"https:\/\/ollerpintures.com\/es\/producto\/pintura-para-fachadas-zenko-revestimiento-liso-fachadas-premium-15l\/\",\"url\":\"https:\/\/ollerpintures.com\/es\/producto\/pintura-para-fachadas-zenko-revestimiento-liso-fachadas-premium-15l\/\",\"name\":\"Pintura para fachadas ZENKO Revestimiento Liso - Oller Pinturas\",\"isPartOf\":{\"@id\":\"https:\/\/ollerpintures.com\/es\/#website\"},\"primaryImageOfPage\":{\"@id\":\"https:\/\/ollerpintures.com\/es\/producto\/pintura-para-fachadas-zenko-revestimiento-liso-fachadas-premium-15l\/#primaryimage\"},\"image\":{\"@id\":\"https:\/\/ollerpintures.com\/es\/producto\/pintura-para-fachadas-zenko-revestimiento-liso-fachadas-premium-15l\/#primaryimage\"},\"thumbnailUrl\":\"https:\/\/ollerpintures.com\/wp-content\/uploads\/2021\/09\/Productes-WEB-E-Commerce-Oller-1.png\",\"datePublished\":\"2021-09-06T14:57:34+00:00\",\"dateModified\":\"2025-10-31T04:31:37+00:00\",\"description\":\"Pintura para fachadas ZENKO Revestimiento Liso Fachadas Premium 15L, pintura mate de alta calidad para exteriores, soporte duradero a intemperie, antimoho.\",\"breadcrumb\":{\"@id\":\"https:\/\/ollerpintures.com\/es\/producto\/pintura-para-fachadas-zenko-revestimiento-liso-fachadas-premium-15l\/#breadcrumb\"},\"inLanguage\":\"es\",\"potentialAction\":[{\"@type\":\"ReadAction\",\"target\":[\"https:\/\/ollerpintures.com\/es\/producto\/pintura-para-fachadas-zenko-revestimiento-liso-fachadas-premium-15l\/\"]}]},{\"@type\":\"ImageObject\",\"inLanguage\":\"es\",\"@id\":\"https:\/\/ollerpintures.com\/es\/producto\/pintura-para-fachadas-zenko-revestimiento-liso-fachadas-premium-15l\/#primaryimage\",\"url\":\"https:\/\/ollerpintures.com\/wp-content\/uploads\/2021\/09\/Productes-WEB-E-Commerce-Oller-1.png\",\"contentUrl\":\"https:\/\/ollerpintures.com\/wp-content\/uploads\/2021\/09\/Productes-WEB-E-Commerce-Oller-1.png\",\"width\":1080,\"height\":1080},{\"@type\":\"BreadcrumbList\",\"@id\":\"https:\/\/ollerpintures.com\/es\/producto\/pintura-para-fachadas-zenko-revestimiento-liso-fachadas-premium-15l\/#breadcrumb\",\"itemListElement\":[{\"@type\":\"ListItem\",\"position\":1,\"name\":\"Inici\",\"item\":\"https:\/\/ollerpintures.com\/es\/\"},{\"@type\":\"ListItem\",\"position\":2,\"name\":\"Tienda\",\"item\":\"https:\/\/ollerpintures.com\/es\/tienda\/\"},{\"@type\":\"ListItem\",\"position\":3,\"name\":\"Pintura para fachadas ZENKO Revestimiento Liso Fachadas Premium 15L\"}]},{\"@type\":\"WebSite\",\"@id\":\"https:\/\/ollerpintures.com\/es\/#website\",\"url\":\"https:\/\/ollerpintures.com\/es\/\",\"name\":\"Oller Pinturas y Revestimientos\",\"description\":\"M\u00e1s de 50 a\u00f1os acompa\u00f1ando a profesionales y particulares con soluciones de pintura duraderas y sostenibles, seis tiendas de proximidad con servicio tintom\u00e9trico propio y un compromiso real con el oficio y las nuevas generaciones.\",\"publisher\":{\"@id\":\"https:\/\/ollerpintures.com\/es\/#organization\"},\"alternateName\":\"Oller Grup\",\"potentialAction\":[{\"@type\":\"SearchAction\",\"target\":{\"@type\":\"EntryPoint\",\"urlTemplate\":\"https:\/\/ollerpintures.com\/es\/?s={search_term_string}\"},\"query-input\":{\"@type\":\"PropertyValueSpecification\",\"valueRequired\":true,\"valueName\":\"search_term_string\"}}],\"inLanguage\":\"es\"},{\"@type\":\"Organization\",\"@id\":\"https:\/\/ollerpintures.com\/es\/#organization\",\"name\":\"Oller Pintures i Revestiments\",\"alternateName\":\"Oller Grup\",\"url\":\"https:\/\/ollerpintures.com\/es\/\",\"logo\":{\"@type\":\"ImageObject\",\"inLanguage\":\"es\",\"@id\":\"https:\/\/ollerpintures.com\/es\/#\/schema\/logo\/image\/\",\"url\":\"https:\/\/ollerpintures.com\/wp-content\/uploads\/2024\/05\/newLogo.png\",\"contentUrl\":\"https:\/\/ollerpintures.com\/wp-content\/uploads\/2024\/05\/newLogo.png\",\"width\":483,\"height\":244,\"caption\":\"Oller Pintures i Revestiments\"},\"image\":{\"@id\":\"https:\/\/ollerpintures.com\/es\/#\/schema\/logo\/image\/\"},\"sameAs\":[\"https:\/\/www.facebook.com\/people\/Oller-Pintures\/100063652056709\/\",\"https:\/\/www.instagram.com\/ollerpintures\/\",\"https:\/\/descriptor.es\/organization\/oller-grup\/\"]}]}<\/script>\n<!-- \/ Yoast SEO plugin. -->","yoast_head_json":{"title":"Pintura para fachadas ZENKO Revestimiento Liso - Oller Pinturas","description":"Pintura para fachadas ZENKO Revestimiento Liso Fachadas Premium 15L, pintura mate de alta calidad para exteriores, soporte duradero a intemperie, antimoho.","robots":{"index":"index","follow":"follow","max-snippet":"max-snippet:-1","max-image-preview":"max-image-preview:large","max-video-preview":"max-video-preview:-1"},"canonical":"https:\/\/ollerpintures.com\/es\/producto\/pintura-para-fachadas-zenko-revestimiento-liso-fachadas-premium-15l\/","og_locale":"es_ES","og_type":"article","og_title":"Pintura para fachadas ZENKO Revestimiento Liso - Oller Pinturas","og_description":"Pintura para fachadas ZENKO Revestimiento Liso Fachadas Premium 15L, pintura mate de alta calidad para exteriores, soporte duradero a intemperie, antimoho.","og_url":"https:\/\/ollerpintures.com\/es\/producto\/pintura-para-fachadas-zenko-revestimiento-liso-fachadas-premium-15l\/","og_site_name":"Oller Pinturas y revestimientos","article_publisher":"https:\/\/www.facebook.com\/people\/Oller-Pintures\/100063652056709\/","article_modified_time":"2025-10-31T04:31:37+00:00","og_image":[{"width":1080,"height":1080,"url":"https:\/\/ollerpintures.com\/wp-content\/uploads\/2021\/09\/Productes-WEB-E-Commerce-Oller-1.png","type":"image\/png"}],"twitter_card":"summary_large_image","twitter_misc":{"Tiempo de lectura":"2 minutos"},"schema":{"@context":"https:\/\/schema.org","@graph":[{"@type":"WebPage","@id":"https:\/\/ollerpintures.com\/es\/producto\/pintura-para-fachadas-zenko-revestimiento-liso-fachadas-premium-15l\/","url":"https:\/\/ollerpintures.com\/es\/producto\/pintura-para-fachadas-zenko-revestimiento-liso-fachadas-premium-15l\/","name":"Pintura para fachadas ZENKO Revestimiento Liso - Oller Pinturas","isPartOf":{"@id":"https:\/\/ollerpintures.com\/es\/#website"},"primaryImageOfPage":{"@id":"https:\/\/ollerpintures.com\/es\/producto\/pintura-para-fachadas-zenko-revestimiento-liso-fachadas-premium-15l\/#primaryimage"},"image":{"@id":"https:\/\/ollerpintures.com\/es\/producto\/pintura-para-fachadas-zenko-revestimiento-liso-fachadas-premium-15l\/#primaryimage"},"thumbnailUrl":"https:\/\/ollerpintures.com\/wp-content\/uploads\/2021\/09\/Productes-WEB-E-Commerce-Oller-1.png","datePublished":"2021-09-06T14:57:34+00:00","dateModified":"2025-10-31T04:31:37+00:00","description":"Pintura para fachadas ZENKO Revestimiento Liso Fachadas Premium 15L, pintura mate de alta calidad para exteriores, soporte duradero a intemperie, antimoho.","breadcrumb":{"@id":"https:\/\/ollerpintures.com\/es\/producto\/pintura-para-fachadas-zenko-revestimiento-liso-fachadas-premium-15l\/#breadcrumb"},"inLanguage":"es","potentialAction":[{"@type":"ReadAction","target":["https:\/\/ollerpintures.com\/es\/producto\/pintura-para-fachadas-zenko-revestimiento-liso-fachadas-premium-15l\/"]}]},{"@type":"ImageObject","inLanguage":"es","@id":"https:\/\/ollerpintures.com\/es\/producto\/pintura-para-fachadas-zenko-revestimiento-liso-fachadas-premium-15l\/#primaryimage","url":"https:\/\/ollerpintures.com\/wp-content\/uploads\/2021\/09\/Productes-WEB-E-Commerce-Oller-1.png","contentUrl":"https:\/\/ollerpintures.com\/wp-content\/uploads\/2021\/09\/Productes-WEB-E-Commerce-Oller-1.png","width":1080,"height":1080},{"@type":"BreadcrumbList","@id":"https:\/\/ollerpintures.com\/es\/producto\/pintura-para-fachadas-zenko-revestimiento-liso-fachadas-premium-15l\/#breadcrumb","itemListElement":[{"@type":"ListItem","position":1,"name":"Inici","item":"https:\/\/ollerpintures.com\/es\/"},{"@type":"ListItem","position":2,"name":"Tienda","item":"https:\/\/ollerpintures.com\/es\/tienda\/"},{"@type":"ListItem","position":3,"name":"Pintura para fachadas ZENKO Revestimiento Liso Fachadas Premium 15L"}]},{"@type":"WebSite","@id":"https:\/\/ollerpintures.com\/es\/#website","url":"https:\/\/ollerpintures.com\/es\/","name":"Oller Pinturas y Revestimientos","description":"M\u00e1s de 50 a\u00f1os acompa\u00f1ando a profesionales y particulares con soluciones de pintura duraderas y sostenibles, seis tiendas de proximidad con servicio tintom\u00e9trico propio y un compromiso real con el oficio y las nuevas generaciones.","publisher":{"@id":"https:\/\/ollerpintures.com\/es\/#organization"},"alternateName":"Oller Grup","potentialAction":[{"@type":"SearchAction","target":{"@type":"EntryPoint","urlTemplate":"https:\/\/ollerpintures.com\/es\/?s={search_term_string}"},"query-input":{"@type":"PropertyValueSpecification","valueRequired":true,"valueName":"search_term_string"}}],"inLanguage":"es"},{"@type":"Organization","@id":"https:\/\/ollerpintures.com\/es\/#organization","name":"Oller Pintures i Revestiments","alternateName":"Oller Grup","url":"https:\/\/ollerpintures.com\/es\/","logo":{"@type":"ImageObject","inLanguage":"es","@id":"https:\/\/ollerpintures.com\/es\/#\/schema\/logo\/image\/","url":"https:\/\/ollerpintures.com\/wp-content\/uploads\/2024\/05\/newLogo.png","contentUrl":"https:\/\/ollerpintures.com\/wp-content\/uploads\/2024\/05\/newLogo.png","width":483,"height":244,"caption":"Oller Pintures i Revestiments"},"image":{"@id":"https:\/\/ollerpintures.com\/es\/#\/schema\/logo\/image\/"},"sameAs":["https:\/\/www.facebook.com\/people\/Oller-Pintures\/100063652056709\/","https:\/\/www.instagram.com\/ollerpintures\/","https:\/\/descriptor.es\/organization\/oller-grup\/"]}]}},"brands":[{"id":788,"name":"Zenko","slug":"zenko-es"}],"_links":{"self":[{"href":"https:\/\/ollerpintures.com\/es\/wp-json\/wp\/v2\/product\/13112","targetHints":{"allow":["GET"]}}],"collection":[{"href":"https:\/\/ollerpintures.com\/es\/wp-json\/wp\/v2\/product"}],"about":[{"href":"https:\/\/ollerpintures.com\/es\/wp-json\/wp\/v2\/types\/product"}],"wp:featuredmedia":[{"embeddable":true,"href":"https:\/\/ollerpintures.com\/es\/wp-json\/wp\/v2\/media\/29992"}],"wp:attachment":[{"href":"https:\/\/ollerpintures.com\/es\/wp-json\/wp\/v2\/media?parent=13112"}],"wp:term":[{"taxonomy":"pwb-brand","embeddable":true,"href":"https:\/\/ollerpintures.com\/es\/wp-json\/wp\/v2\/pwb-brand?post=13112"},{"taxonomy":"product_brand","embeddable":true,"href":"https:\/\/ollerpintures.com\/es\/wp-json\/wp\/v2\/product_brand?post=13112"},{"taxonomy":"product_cat","embeddable":true,"href":"https:\/\/ollerpintures.com\/es\/wp-json\/wp\/v2\/product_cat?post=13112"},{"taxonomy":"product_tag","embeddable":true,"href":"https:\/\/ollerpintures.com\/es\/wp-json\/wp\/v2\/product_tag?post=13112"}],"curies":[{"name":"wp","href":"https:\/\/api.w.org\/{rel}","templated":true}]}}