{"id":12848,"date":"2021-08-16T11:18:55","date_gmt":"2021-08-16T10:18:55","guid":{"rendered":"https:\/\/oller-pintures.c.wetopi.com\/producte\/amoladora-de-saneamiento-rg-130-e-set-dia-hd-festool\/"},"modified":"2022-10-17T11:26:06","modified_gmt":"2022-10-17T10:26:06","slug":"amoladora-de-saneamiento-rg-130-e-set-dia-hd-festool","status":"publish","type":"product","link":"https:\/\/ollerpintures.com\/es\/producto\/amoladora-de-saneamiento-rg-130-e-set-dia-hd-festool\/","title":{"rendered":"Amoladora de Saneamiento RG 130 E-Set DIA HD FESTOOL Ref. 768977"},"content":{"rendered":"<p>Gracias a la Amoladora de Saneamiento RG 130 E-Set DIA HD de FESTOOL podr\u00e1s <strong>lijar superficies de manera c\u00f3moda, no perjudicial y limpia.\u00a0<\/strong><\/p>\n<p><b>Lijar suelos de pared a pared: No perjudicial para su salud, limpio para sus clientes.<\/b><\/p>\n<p><b>Ventajas y beneficios<\/b><\/p>\n<ul>\n<li>Amoladora de saneamiento robusta y duradera para eliminar restos persistentes de adhesivo de baldosas y de parquet<\/li>\n<li>Excelente aspiraci\u00f3n del polvo en combinaci\u00f3n con el sistema de aspiraci\u00f3n m\u00f3vil CTM 36 AC RENOFIX<\/li>\n<li>El motor de 1.600\u00a0W garantiza un arranque de material y un avance del trabajo r\u00e1pidos<\/li>\n<li>Lijar suelos a ras de pared gracias a una banda de cepillo plegable<\/li>\n<li>El mango adicional y la mesa de guiado permiten un manejo c\u00f3modo<\/li>\n<li>Con disco de diamante DIA THERMO, ideal para arrancar materiales termoel\u00e1sticos<\/li>\n<\/ul>\n<p><b>Aplicaciones principales<\/b><\/p>\n<ul>\n<li>El especialista en herramientas de diamante<\/li>\n<li>La soluci\u00f3n \u00f3ptima para eliminar material en renovaciones y saneamiento<\/li>\n<li>Para arrancar hormig\u00f3n, solados y revestimientos sobre bases duras<\/li>\n<li>Para \u00e1reas grandes o aplicaciones locales en pared, techo y suelo<\/li>\n<li>Siempre la herramienta adecuada para cada aplicaci\u00f3n y cada material: DIA THERMO incluido en la dotaci\u00f3n de suministro, puede cambiarse por cualquier otro disco de diamante con solo unas pocas operaciones<\/li>\n<\/ul>\n<p><strong>Datos t\u00e9cnicos<\/strong><\/p>\n<ul>\n<li class=\"table-element__cell tableCell\"><em>Lijado de superficies: Valor total medio vibraci\u00f3n ah 5,20 m\/s\u00b2<\/em><\/li>\n<li class=\"table-element__cell tableCell\"><em>Lijado de superficies: Incertidumbre (ruido) K 3,00 dB<\/em><\/li>\n<li class=\"table-element__cell tableCell\"><em>Lijado de superficies: Incertidumbre (vibraci\u00f3n) K 1,50 m\/s\u00b2<\/em><\/li>\n<li><em>Lijado de superficies: Nivel de potencia sonora LWA en dB(A) 106,00 dB(A)<\/em><\/li>\n<li><em>Lijado de superficies: Serie de normas EN 60745-2-3<\/em><\/li>\n<li><em>Lijado de superficies: Nivel de intensidad sonora LpA en dB(A) 95,00 dB(A)<\/em><\/li>\n<\/ul>\n<p><strong>Marca: Festool<\/strong><\/p>\n<p><strong>Referencia: 768977<\/strong><\/p>\n","protected":false},"excerpt":{"rendered":"<p>Gracias a la Amoladora de Saneamiento RG 130 E-Set DIA HD de FESTOOL podr\u00e1s <strong>lijar superficies de manera c\u00f3moda, no perjudicial y limpia.\u00a0<\/strong><\/p>\n<p>&nbsp;<\/p>\n<p><strong>Marca: Festool<\/strong><\/p>\n<p><strong>Referencia: 768977<\/strong><\/p>\n<p>&nbsp;<\/p>\n<p><strong>\u00a1Descubre todas las ventajas a continuaci\u00f3n!<\/strong><\/p>\n","protected":false},"featured_media":12844,"template":"","meta":{"_acf_changed":false},"pwb-brand":[912],"product_brand":[],"product_cat":[813,1961,913],"product_tag":[914,915,817],"class_list":{"0":"post-12848","1":"product","2":"type-product","3":"status-publish","4":"has-post-thumbnail","6":"pwb-brand-festool-es","7":"product_cat-maquinaria-oferta","8":"product_cat-festool-2","9":"product_cat-lijadora-saneadora","10":"product_tag-festool-es","11":"product_tag-lijar-es","12":"product_tag-maquinaria-es","13":"no-featured-image-padding","14":"resize-featured-image","15":"sales-flash-overlay","16":"woocommerce-text-align-left","17":"woocommerce-image-align-center","18":"do-quantity-buttons","19":"wc-has-gallery","21":"first","22":"outofstock","23":"shipping-taxable","24":"purchasable","25":"product-type-simple"},"acf":[],"yoast_head":"<!-- This site is optimized with the Yoast SEO plugin v27.1.1 - https:\/\/yoast.com\/product\/yoast-seo-wordpress\/ -->\n<title>Amoladora de Saneamiento RG 130 E-Set DIA HD FESTOOL Ref. 768977 - Oller Pinturas y revestimientos<\/title>\n<meta name=\"description\" content=\"Gracias a la Amoladora de Saneamiento RG 130 E-Set DIA HD de FESTOOL podr\u00e1s lijar superficies de manera c\u00f3moda, no perjudicial y limpia.\u00a0  &nbsp;  Marca: Festool  Referencia: 768977  &nbsp;  \u00a1Descubre todas las ventajas a continuaci\u00f3n!\" \/>\n<meta name=\"robots\" content=\"index, follow, max-snippet:-1, max-image-preview:large, max-video-preview:-1\" \/>\n<link rel=\"canonical\" href=\"https:\/\/ollerpintures.com\/es\/producto\/amoladora-de-saneamiento-rg-130-e-set-dia-hd-festool\/\" \/>\n<meta property=\"og:locale\" content=\"es_ES\" \/>\n<meta property=\"og:type\" content=\"article\" \/>\n<meta property=\"og:title\" content=\"Amoladora de Saneamiento RG 130 E-Set DIA HD FESTOOL Ref. 768977 - Oller Pinturas y revestimientos\" \/>\n<meta property=\"og:description\" content=\"Gracias a la Amoladora de Saneamiento RG 130 E-Set DIA HD de FESTOOL podr\u00e1s lijar superficies de manera c\u00f3moda, no perjudicial y limpia.\u00a0  &nbsp;  Marca: Festool  Referencia: 768977  &nbsp;  \u00a1Descubre todas las ventajas a continuaci\u00f3n!\" \/>\n<meta property=\"og:url\" content=\"https:\/\/ollerpintures.com\/es\/producto\/amoladora-de-saneamiento-rg-130-e-set-dia-hd-festool\/\" \/>\n<meta property=\"og:site_name\" content=\"Oller Pinturas y revestimientos\" \/>\n<meta property=\"article:publisher\" content=\"https:\/\/www.facebook.com\/people\/Oller-Pintures\/100063652056709\/\" \/>\n<meta property=\"article:modified_time\" content=\"2022-10-17T10:26:06+00:00\" \/>\n<meta property=\"og:image\" content=\"https:\/\/ollerpintures.com\/wp-content\/uploads\/2021\/08\/amoladora-saneamiento-rg-130-e-set-dia-hd-festool-comprar-online-oller-maquinaria.jpg\" \/>\n\t<meta property=\"og:image:width\" content=\"1080\" \/>\n\t<meta property=\"og:image:height\" content=\"1080\" \/>\n\t<meta property=\"og:image:type\" content=\"image\/jpeg\" \/>\n<meta name=\"twitter:card\" content=\"summary_large_image\" \/>\n<meta name=\"twitter:label1\" content=\"Tiempo de lectura\" \/>\n\t<meta name=\"twitter:data1\" content=\"1 minuto\" \/>\n<script type=\"application\/ld+json\" class=\"yoast-schema-graph\">{\"@context\":\"https:\/\/schema.org\",\"@graph\":[{\"@type\":\"WebPage\",\"@id\":\"https:\/\/ollerpintures.com\/es\/producto\/amoladora-de-saneamiento-rg-130-e-set-dia-hd-festool\/\",\"url\":\"https:\/\/ollerpintures.com\/es\/producto\/amoladora-de-saneamiento-rg-130-e-set-dia-hd-festool\/\",\"name\":\"Amoladora de Saneamiento RG 130 E-Set DIA HD FESTOOL Ref. 768977 - Oller Pinturas y revestimientos\",\"isPartOf\":{\"@id\":\"https:\/\/ollerpintures.com\/es\/#website\"},\"primaryImageOfPage\":{\"@id\":\"https:\/\/ollerpintures.com\/es\/producto\/amoladora-de-saneamiento-rg-130-e-set-dia-hd-festool\/#primaryimage\"},\"image\":{\"@id\":\"https:\/\/ollerpintures.com\/es\/producto\/amoladora-de-saneamiento-rg-130-e-set-dia-hd-festool\/#primaryimage\"},\"thumbnailUrl\":\"https:\/\/ollerpintures.com\/wp-content\/uploads\/2021\/08\/amoladora-saneamiento-rg-130-e-set-dia-hd-festool-comprar-online-oller-maquinaria.jpg\",\"datePublished\":\"2021-08-16T10:18:55+00:00\",\"dateModified\":\"2022-10-17T10:26:06+00:00\",\"description\":\"Gracias a la Amoladora de Saneamiento RG 130 E-Set DIA HD de FESTOOL podr\u00e1s lijar superficies de manera c\u00f3moda, no perjudicial y limpia.\u00a0 &nbsp; Marca: Festool Referencia: 768977 &nbsp; \u00a1Descubre todas las ventajas a continuaci\u00f3n!\",\"breadcrumb\":{\"@id\":\"https:\/\/ollerpintures.com\/es\/producto\/amoladora-de-saneamiento-rg-130-e-set-dia-hd-festool\/#breadcrumb\"},\"inLanguage\":\"es\",\"potentialAction\":[{\"@type\":\"ReadAction\",\"target\":[\"https:\/\/ollerpintures.com\/es\/producto\/amoladora-de-saneamiento-rg-130-e-set-dia-hd-festool\/\"]}]},{\"@type\":\"ImageObject\",\"inLanguage\":\"es\",\"@id\":\"https:\/\/ollerpintures.com\/es\/producto\/amoladora-de-saneamiento-rg-130-e-set-dia-hd-festool\/#primaryimage\",\"url\":\"https:\/\/ollerpintures.com\/wp-content\/uploads\/2021\/08\/amoladora-saneamiento-rg-130-e-set-dia-hd-festool-comprar-online-oller-maquinaria.jpg\",\"contentUrl\":\"https:\/\/ollerpintures.com\/wp-content\/uploads\/2021\/08\/amoladora-saneamiento-rg-130-e-set-dia-hd-festool-comprar-online-oller-maquinaria.jpg\",\"width\":1080,\"height\":1080,\"caption\":\"Amoladora saneamiento RG 130 E-Set DIA HD\"},{\"@type\":\"BreadcrumbList\",\"@id\":\"https:\/\/ollerpintures.com\/es\/producto\/amoladora-de-saneamiento-rg-130-e-set-dia-hd-festool\/#breadcrumb\",\"itemListElement\":[{\"@type\":\"ListItem\",\"position\":1,\"name\":\"Inici\",\"item\":\"https:\/\/ollerpintures.com\/es\/\"},{\"@type\":\"ListItem\",\"position\":2,\"name\":\"Tienda\",\"item\":\"https:\/\/ollerpintures.com\/es\/tienda\/\"},{\"@type\":\"ListItem\",\"position\":3,\"name\":\"Amoladora de Saneamiento RG 130 E-Set DIA HD FESTOOL Ref. 768977\"}]},{\"@type\":\"WebSite\",\"@id\":\"https:\/\/ollerpintures.com\/es\/#website\",\"url\":\"https:\/\/ollerpintures.com\/es\/\",\"name\":\"Oller Pinturas y Revestimientos\",\"description\":\"M\u00e1s de 50 a\u00f1os acompa\u00f1ando a profesionales y particulares con soluciones de pintura duraderas y sostenibles, seis tiendas de proximidad con servicio tintom\u00e9trico propio y un compromiso real con el oficio y las nuevas generaciones.\",\"publisher\":{\"@id\":\"https:\/\/ollerpintures.com\/es\/#organization\"},\"alternateName\":\"Oller Grup\",\"potentialAction\":[{\"@type\":\"SearchAction\",\"target\":{\"@type\":\"EntryPoint\",\"urlTemplate\":\"https:\/\/ollerpintures.com\/es\/?s={search_term_string}\"},\"query-input\":{\"@type\":\"PropertyValueSpecification\",\"valueRequired\":true,\"valueName\":\"search_term_string\"}}],\"inLanguage\":\"es\"},{\"@type\":\"Organization\",\"@id\":\"https:\/\/ollerpintures.com\/es\/#organization\",\"name\":\"Oller Pintures i Revestiments\",\"alternateName\":\"Oller Grup\",\"url\":\"https:\/\/ollerpintures.com\/es\/\",\"logo\":{\"@type\":\"ImageObject\",\"inLanguage\":\"es\",\"@id\":\"https:\/\/ollerpintures.com\/es\/#\/schema\/logo\/image\/\",\"url\":\"https:\/\/ollerpintures.com\/wp-content\/uploads\/2024\/05\/newLogo.png\",\"contentUrl\":\"https:\/\/ollerpintures.com\/wp-content\/uploads\/2024\/05\/newLogo.png\",\"width\":483,\"height\":244,\"caption\":\"Oller Pintures i Revestiments\"},\"image\":{\"@id\":\"https:\/\/ollerpintures.com\/es\/#\/schema\/logo\/image\/\"},\"sameAs\":[\"https:\/\/www.facebook.com\/people\/Oller-Pintures\/100063652056709\/\",\"https:\/\/www.instagram.com\/ollerpintures\/\",\"https:\/\/descriptor.es\/organization\/oller-grup\/\"]}]}<\/script>\n<!-- \/ Yoast SEO plugin. -->","yoast_head_json":{"title":"Amoladora de Saneamiento RG 130 E-Set DIA HD FESTOOL Ref. 768977 - Oller Pinturas y revestimientos","description":"Gracias a la Amoladora de Saneamiento RG 130 E-Set DIA HD de FESTOOL podr\u00e1s lijar superficies de manera c\u00f3moda, no perjudicial y limpia.\u00a0  &nbsp;  Marca: Festool  Referencia: 768977  &nbsp;  \u00a1Descubre todas las ventajas a continuaci\u00f3n!","robots":{"index":"index","follow":"follow","max-snippet":"max-snippet:-1","max-image-preview":"max-image-preview:large","max-video-preview":"max-video-preview:-1"},"canonical":"https:\/\/ollerpintures.com\/es\/producto\/amoladora-de-saneamiento-rg-130-e-set-dia-hd-festool\/","og_locale":"es_ES","og_type":"article","og_title":"Amoladora de Saneamiento RG 130 E-Set DIA HD FESTOOL Ref. 768977 - Oller Pinturas y revestimientos","og_description":"Gracias a la Amoladora de Saneamiento RG 130 E-Set DIA HD de FESTOOL podr\u00e1s lijar superficies de manera c\u00f3moda, no perjudicial y limpia.\u00a0  &nbsp;  Marca: Festool  Referencia: 768977  &nbsp;  \u00a1Descubre todas las ventajas a continuaci\u00f3n!","og_url":"https:\/\/ollerpintures.com\/es\/producto\/amoladora-de-saneamiento-rg-130-e-set-dia-hd-festool\/","og_site_name":"Oller Pinturas y revestimientos","article_publisher":"https:\/\/www.facebook.com\/people\/Oller-Pintures\/100063652056709\/","article_modified_time":"2022-10-17T10:26:06+00:00","og_image":[{"width":1080,"height":1080,"url":"https:\/\/ollerpintures.com\/wp-content\/uploads\/2021\/08\/amoladora-saneamiento-rg-130-e-set-dia-hd-festool-comprar-online-oller-maquinaria.jpg","type":"image\/jpeg"}],"twitter_card":"summary_large_image","twitter_misc":{"Tiempo de lectura":"1 minuto"},"schema":{"@context":"https:\/\/schema.org","@graph":[{"@type":"WebPage","@id":"https:\/\/ollerpintures.com\/es\/producto\/amoladora-de-saneamiento-rg-130-e-set-dia-hd-festool\/","url":"https:\/\/ollerpintures.com\/es\/producto\/amoladora-de-saneamiento-rg-130-e-set-dia-hd-festool\/","name":"Amoladora de Saneamiento RG 130 E-Set DIA HD FESTOOL Ref. 768977 - Oller Pinturas y revestimientos","isPartOf":{"@id":"https:\/\/ollerpintures.com\/es\/#website"},"primaryImageOfPage":{"@id":"https:\/\/ollerpintures.com\/es\/producto\/amoladora-de-saneamiento-rg-130-e-set-dia-hd-festool\/#primaryimage"},"image":{"@id":"https:\/\/ollerpintures.com\/es\/producto\/amoladora-de-saneamiento-rg-130-e-set-dia-hd-festool\/#primaryimage"},"thumbnailUrl":"https:\/\/ollerpintures.com\/wp-content\/uploads\/2021\/08\/amoladora-saneamiento-rg-130-e-set-dia-hd-festool-comprar-online-oller-maquinaria.jpg","datePublished":"2021-08-16T10:18:55+00:00","dateModified":"2022-10-17T10:26:06+00:00","description":"Gracias a la Amoladora de Saneamiento RG 130 E-Set DIA HD de FESTOOL podr\u00e1s lijar superficies de manera c\u00f3moda, no perjudicial y limpia.\u00a0 &nbsp; Marca: Festool Referencia: 768977 &nbsp; \u00a1Descubre todas las ventajas a continuaci\u00f3n!","breadcrumb":{"@id":"https:\/\/ollerpintures.com\/es\/producto\/amoladora-de-saneamiento-rg-130-e-set-dia-hd-festool\/#breadcrumb"},"inLanguage":"es","potentialAction":[{"@type":"ReadAction","target":["https:\/\/ollerpintures.com\/es\/producto\/amoladora-de-saneamiento-rg-130-e-set-dia-hd-festool\/"]}]},{"@type":"ImageObject","inLanguage":"es","@id":"https:\/\/ollerpintures.com\/es\/producto\/amoladora-de-saneamiento-rg-130-e-set-dia-hd-festool\/#primaryimage","url":"https:\/\/ollerpintures.com\/wp-content\/uploads\/2021\/08\/amoladora-saneamiento-rg-130-e-set-dia-hd-festool-comprar-online-oller-maquinaria.jpg","contentUrl":"https:\/\/ollerpintures.com\/wp-content\/uploads\/2021\/08\/amoladora-saneamiento-rg-130-e-set-dia-hd-festool-comprar-online-oller-maquinaria.jpg","width":1080,"height":1080,"caption":"Amoladora saneamiento RG 130 E-Set DIA HD"},{"@type":"BreadcrumbList","@id":"https:\/\/ollerpintures.com\/es\/producto\/amoladora-de-saneamiento-rg-130-e-set-dia-hd-festool\/#breadcrumb","itemListElement":[{"@type":"ListItem","position":1,"name":"Inici","item":"https:\/\/ollerpintures.com\/es\/"},{"@type":"ListItem","position":2,"name":"Tienda","item":"https:\/\/ollerpintures.com\/es\/tienda\/"},{"@type":"ListItem","position":3,"name":"Amoladora de Saneamiento RG 130 E-Set DIA HD FESTOOL Ref. 768977"}]},{"@type":"WebSite","@id":"https:\/\/ollerpintures.com\/es\/#website","url":"https:\/\/ollerpintures.com\/es\/","name":"Oller Pinturas y Revestimientos","description":"M\u00e1s de 50 a\u00f1os acompa\u00f1ando a profesionales y particulares con soluciones de pintura duraderas y sostenibles, seis tiendas de proximidad con servicio tintom\u00e9trico propio y un compromiso real con el oficio y las nuevas generaciones.","publisher":{"@id":"https:\/\/ollerpintures.com\/es\/#organization"},"alternateName":"Oller Grup","potentialAction":[{"@type":"SearchAction","target":{"@type":"EntryPoint","urlTemplate":"https:\/\/ollerpintures.com\/es\/?s={search_term_string}"},"query-input":{"@type":"PropertyValueSpecification","valueRequired":true,"valueName":"search_term_string"}}],"inLanguage":"es"},{"@type":"Organization","@id":"https:\/\/ollerpintures.com\/es\/#organization","name":"Oller Pintures i Revestiments","alternateName":"Oller Grup","url":"https:\/\/ollerpintures.com\/es\/","logo":{"@type":"ImageObject","inLanguage":"es","@id":"https:\/\/ollerpintures.com\/es\/#\/schema\/logo\/image\/","url":"https:\/\/ollerpintures.com\/wp-content\/uploads\/2024\/05\/newLogo.png","contentUrl":"https:\/\/ollerpintures.com\/wp-content\/uploads\/2024\/05\/newLogo.png","width":483,"height":244,"caption":"Oller Pintures i Revestiments"},"image":{"@id":"https:\/\/ollerpintures.com\/es\/#\/schema\/logo\/image\/"},"sameAs":["https:\/\/www.facebook.com\/people\/Oller-Pintures\/100063652056709\/","https:\/\/www.instagram.com\/ollerpintures\/","https:\/\/descriptor.es\/organization\/oller-grup\/"]}]}},"brands":[{"id":912,"name":"Festool","slug":"festool-es"}],"_links":{"self":[{"href":"https:\/\/ollerpintures.com\/es\/wp-json\/wp\/v2\/product\/12848","targetHints":{"allow":["GET"]}}],"collection":[{"href":"https:\/\/ollerpintures.com\/es\/wp-json\/wp\/v2\/product"}],"about":[{"href":"https:\/\/ollerpintures.com\/es\/wp-json\/wp\/v2\/types\/product"}],"wp:featuredmedia":[{"embeddable":true,"href":"https:\/\/ollerpintures.com\/es\/wp-json\/wp\/v2\/media\/12844"}],"wp:attachment":[{"href":"https:\/\/ollerpintures.com\/es\/wp-json\/wp\/v2\/media?parent=12848"}],"wp:term":[{"taxonomy":"pwb-brand","embeddable":true,"href":"https:\/\/ollerpintures.com\/es\/wp-json\/wp\/v2\/pwb-brand?post=12848"},{"taxonomy":"product_brand","embeddable":true,"href":"https:\/\/ollerpintures.com\/es\/wp-json\/wp\/v2\/product_brand?post=12848"},{"taxonomy":"product_cat","embeddable":true,"href":"https:\/\/ollerpintures.com\/es\/wp-json\/wp\/v2\/product_cat?post=12848"},{"taxonomy":"product_tag","embeddable":true,"href":"https:\/\/ollerpintures.com\/es\/wp-json\/wp\/v2\/product_tag?post=12848"}],"curies":[{"name":"wp","href":"https:\/\/api.w.org\/{rel}","templated":true}]}}