{"id":12162,"date":"2021-06-08T08:46:24","date_gmt":"2021-06-08T07:46:24","guid":{"rendered":"https:\/\/oller-pintures.c.wetopi.com\/producte\/limpiador-biodegradable-para-madera-net-trol-owatrol\/"},"modified":"2023-04-20T21:38:03","modified_gmt":"2023-04-20T20:38:03","slug":"limpiador-biodegradable-para-madera-net-trol-owatrol","status":"publish","type":"product","link":"https:\/\/ollerpintures.com\/es\/producto\/limpiador-biodegradable-para-madera-net-trol-owatrol\/","title":{"rendered":"Limpiador Biodegradable para madera Net-Trol OWATROL"},"content":{"rendered":"<p>El Limpiador Biodegradable NET-TROL para madera est\u00e1 pensado especialmente para restaurar la madera. Es la mejor opci\u00f3n para reparar maderas agrisadas: un producto de base agua y biodegradable que funciona r\u00e1pidamente. Si quieres reparar una tarima que tiene c\u00e9sped cerca, te recomendamos 100% hacerlo con Net-Trol para no da\u00f1ar el jard\u00edn con otros productos que contengan disolvente.<\/p>\n<p>Para un proyecto m\u00e1s completo, puedes aplicar previamente el <a href=\"https:\/\/ollerpintures.com\/producto\/decapante-de-lasur-owatrol-prepdeck-para-madera\/\" target=\"_blank\" rel=\"noopener\">Decapante PrepDeck.\u00a0<\/a><\/p>\n<p><strong>Caracter\u00edsticas<\/strong>:<\/p>\n<ul>\n<li>Gel limpiador y recuperador de soportes<\/li>\n<li>Recupera todas las maderas oxidadas<\/li>\n<li>Limpia trazos t\u00e9cnicos de ciertas maderas<\/li>\n<li>Elimina rastros causados por el mal tiempo, moho, \u00f3xido, contaminaci\u00f3n, etc.<\/li>\n<li>Producto no agresivo<\/li>\n<li>Biodegradable<\/li>\n<\/ul>\n<p><strong>\u00bfD\u00f3nde puedo aplicarlo?<\/strong><\/p>\n<ul>\n<li>Maderas exteriores agrisadas o sucias<\/li>\n<li>Superficies horizontales o verticales: terrazas, revestimientos, vallas, cubiertas de barcos, muebles de jard\u00edn&#8230;<\/li>\n<li>Otros: cimiento oxidado, piedras con moho, pl\u00e1sticos con polvo<\/li>\n<\/ul>\n","protected":false},"excerpt":{"rendered":"<p>El Limpiador Biodegradable NET-TROL para madera est\u00e1 pensado especialmente para restaurar la madera. Es la mejor opci\u00f3n para reparar maderas agrisadas: un producto de base agua y biodegradable que funciona r\u00e1pidamente. Si quieres reparar una tarima que tiene c\u00e9sped cerca, te recomendamos 100% hacerlo con Net-Trol para no da\u00f1ar el jard\u00edn con otros productos que contengan disolvente.<\/p>\n","protected":false},"featured_media":11854,"template":"","meta":{"_acf_changed":false},"pwb-brand":[839,840],"product_brand":[],"product_cat":[821,825,841,838],"product_tag":[518,732,738,537,827,823,741,743],"class_list":{"0":"post-12162","1":"product","2":"type-product","3":"status-publish","4":"has-post-thumbnail","6":"pwb-brand-owatrol","7":"pwb-brand-owatrol-es","8":"product_cat-tractament-per-fusta-i-jardi","9":"product_cat-tratamiento-para-madera-y-jardin","10":"product_cat-limpiadores-y-decapantes","11":"product_cat-netejadors-i-decapants","12":"product_tag-fusta","13":"product_tag-jardi","14":"product_tag-jardin","15":"product_tag-madera","16":"product_tag-tarimas-de-madera","17":"product_tag-tarimes-de-fusta","18":"product_tag-tractament-per-fusta","19":"product_tag-tratamiento-para-madera","20":"no-featured-image-padding","21":"resize-featured-image","22":"sales-flash-overlay","23":"woocommerce-text-align-left","24":"woocommerce-image-align-center","25":"do-quantity-buttons","26":"wc-has-gallery","28":"first","29":"instock","30":"shipping-taxable","31":"purchasable","32":"product-type-variable"},"acf":[],"yoast_head":"<!-- This site is optimized with the Yoast SEO plugin v27.1.1 - https:\/\/yoast.com\/product\/yoast-seo-wordpress\/ -->\n<title>Limpiador Biodegradable para madera Net-Trol OWATROL - Oller Pinturas y revestimientos<\/title>\n<meta name=\"description\" content=\"El Limpiador Biodegradable NET-TROL para madera est\u00e1 pensado especialmente para restaurar la madera. Es la mejor opci\u00f3n para reparar maderas agrisadas: un producto de base agua y biodegradable que funciona r\u00e1pidamente. Si quieres reparar una tarima que tiene c\u00e9sped cerca, te recomendamos 100% hacerlo con Net-Trol para no da\u00f1ar el jard\u00edn con otros productos que contengan disolvente.\" \/>\n<meta name=\"robots\" content=\"index, follow, max-snippet:-1, max-image-preview:large, max-video-preview:-1\" \/>\n<link rel=\"canonical\" href=\"https:\/\/ollerpintures.com\/es\/producto\/limpiador-biodegradable-para-madera-net-trol-owatrol\/\" \/>\n<meta property=\"og:locale\" content=\"es_ES\" \/>\n<meta property=\"og:type\" content=\"article\" \/>\n<meta property=\"og:title\" content=\"Limpiador Biodegradable para madera Net-Trol OWATROL - Oller Pinturas y revestimientos\" \/>\n<meta property=\"og:description\" content=\"El Limpiador Biodegradable NET-TROL para madera est\u00e1 pensado especialmente para restaurar la madera. Es la mejor opci\u00f3n para reparar maderas agrisadas: un producto de base agua y biodegradable que funciona r\u00e1pidamente. Si quieres reparar una tarima que tiene c\u00e9sped cerca, te recomendamos 100% hacerlo con Net-Trol para no da\u00f1ar el jard\u00edn con otros productos que contengan disolvente.\" \/>\n<meta property=\"og:url\" content=\"https:\/\/ollerpintures.com\/es\/producto\/limpiador-biodegradable-para-madera-net-trol-owatrol\/\" \/>\n<meta property=\"og:site_name\" content=\"Oller Pinturas y revestimientos\" \/>\n<meta property=\"article:publisher\" content=\"https:\/\/www.facebook.com\/people\/Oller-Pintures\/100063652056709\/\" \/>\n<meta property=\"article:modified_time\" content=\"2023-04-20T20:38:03+00:00\" \/>\n<meta property=\"og:image\" content=\"https:\/\/ollerpintures.com\/wp-content\/uploads\/2021\/06\/limpiador-madera-netrol-net-trol-owatrol-tarima-tarimas-online-oller.jpg\" \/>\n\t<meta property=\"og:image:width\" content=\"1080\" \/>\n\t<meta property=\"og:image:height\" content=\"1080\" \/>\n\t<meta property=\"og:image:type\" content=\"image\/jpeg\" \/>\n<meta name=\"twitter:card\" content=\"summary_large_image\" \/>\n<meta name=\"twitter:label1\" content=\"Tiempo de lectura\" \/>\n\t<meta name=\"twitter:data1\" content=\"1 minuto\" \/>\n<script type=\"application\/ld+json\" class=\"yoast-schema-graph\">{\"@context\":\"https:\/\/schema.org\",\"@graph\":[{\"@type\":\"WebPage\",\"@id\":\"https:\/\/ollerpintures.com\/es\/producto\/limpiador-biodegradable-para-madera-net-trol-owatrol\/\",\"url\":\"https:\/\/ollerpintures.com\/es\/producto\/limpiador-biodegradable-para-madera-net-trol-owatrol\/\",\"name\":\"Limpiador Biodegradable para madera Net-Trol OWATROL - Oller Pinturas y revestimientos\",\"isPartOf\":{\"@id\":\"https:\/\/ollerpintures.com\/es\/#website\"},\"primaryImageOfPage\":{\"@id\":\"https:\/\/ollerpintures.com\/es\/producto\/limpiador-biodegradable-para-madera-net-trol-owatrol\/#primaryimage\"},\"image\":{\"@id\":\"https:\/\/ollerpintures.com\/es\/producto\/limpiador-biodegradable-para-madera-net-trol-owatrol\/#primaryimage\"},\"thumbnailUrl\":\"https:\/\/ollerpintures.com\/wp-content\/uploads\/2021\/06\/limpiador-madera-netrol-net-trol-owatrol-tarima-tarimas-online-oller.jpg\",\"datePublished\":\"2021-06-08T07:46:24+00:00\",\"dateModified\":\"2023-04-20T20:38:03+00:00\",\"description\":\"El Limpiador Biodegradable NET-TROL para madera est\u00e1 pensado especialmente para restaurar la madera. Es la mejor opci\u00f3n para reparar maderas agrisadas: un producto de base agua y biodegradable que funciona r\u00e1pidamente. Si quieres reparar una tarima que tiene c\u00e9sped cerca, te recomendamos 100% hacerlo con Net-Trol para no da\u00f1ar el jard\u00edn con otros productos que contengan disolvente.\",\"breadcrumb\":{\"@id\":\"https:\/\/ollerpintures.com\/es\/producto\/limpiador-biodegradable-para-madera-net-trol-owatrol\/#breadcrumb\"},\"inLanguage\":\"es\",\"potentialAction\":[{\"@type\":\"ReadAction\",\"target\":[\"https:\/\/ollerpintures.com\/es\/producto\/limpiador-biodegradable-para-madera-net-trol-owatrol\/\"]}]},{\"@type\":\"ImageObject\",\"inLanguage\":\"es\",\"@id\":\"https:\/\/ollerpintures.com\/es\/producto\/limpiador-biodegradable-para-madera-net-trol-owatrol\/#primaryimage\",\"url\":\"https:\/\/ollerpintures.com\/wp-content\/uploads\/2021\/06\/limpiador-madera-netrol-net-trol-owatrol-tarima-tarimas-online-oller.jpg\",\"contentUrl\":\"https:\/\/ollerpintures.com\/wp-content\/uploads\/2021\/06\/limpiador-madera-netrol-net-trol-owatrol-tarima-tarimas-online-oller.jpg\",\"width\":1080,\"height\":1080,\"caption\":\"Limpiador madera OWATROL Net-Trol\"},{\"@type\":\"BreadcrumbList\",\"@id\":\"https:\/\/ollerpintures.com\/es\/producto\/limpiador-biodegradable-para-madera-net-trol-owatrol\/#breadcrumb\",\"itemListElement\":[{\"@type\":\"ListItem\",\"position\":1,\"name\":\"Inici\",\"item\":\"https:\/\/ollerpintures.com\/es\/\"},{\"@type\":\"ListItem\",\"position\":2,\"name\":\"Tienda\",\"item\":\"https:\/\/ollerpintures.com\/es\/tienda\/\"},{\"@type\":\"ListItem\",\"position\":3,\"name\":\"Limpiador Biodegradable para madera Net-Trol OWATROL\"}]},{\"@type\":\"WebSite\",\"@id\":\"https:\/\/ollerpintures.com\/es\/#website\",\"url\":\"https:\/\/ollerpintures.com\/es\/\",\"name\":\"Oller Pinturas y Revestimientos\",\"description\":\"M\u00e1s de 50 a\u00f1os acompa\u00f1ando a profesionales y particulares con soluciones de pintura duraderas y sostenibles, seis tiendas de proximidad con servicio tintom\u00e9trico propio y un compromiso real con el oficio y las nuevas generaciones.\",\"publisher\":{\"@id\":\"https:\/\/ollerpintures.com\/es\/#organization\"},\"alternateName\":\"Oller Grup\",\"potentialAction\":[{\"@type\":\"SearchAction\",\"target\":{\"@type\":\"EntryPoint\",\"urlTemplate\":\"https:\/\/ollerpintures.com\/es\/?s={search_term_string}\"},\"query-input\":{\"@type\":\"PropertyValueSpecification\",\"valueRequired\":true,\"valueName\":\"search_term_string\"}}],\"inLanguage\":\"es\"},{\"@type\":\"Organization\",\"@id\":\"https:\/\/ollerpintures.com\/es\/#organization\",\"name\":\"Oller Pintures i Revestiments\",\"alternateName\":\"Oller Grup\",\"url\":\"https:\/\/ollerpintures.com\/es\/\",\"logo\":{\"@type\":\"ImageObject\",\"inLanguage\":\"es\",\"@id\":\"https:\/\/ollerpintures.com\/es\/#\/schema\/logo\/image\/\",\"url\":\"https:\/\/ollerpintures.com\/wp-content\/uploads\/2024\/05\/newLogo.png\",\"contentUrl\":\"https:\/\/ollerpintures.com\/wp-content\/uploads\/2024\/05\/newLogo.png\",\"width\":483,\"height\":244,\"caption\":\"Oller Pintures i Revestiments\"},\"image\":{\"@id\":\"https:\/\/ollerpintures.com\/es\/#\/schema\/logo\/image\/\"},\"sameAs\":[\"https:\/\/www.facebook.com\/people\/Oller-Pintures\/100063652056709\/\",\"https:\/\/www.instagram.com\/ollerpintures\/\",\"https:\/\/descriptor.es\/organization\/oller-grup\/\"]}]}<\/script>\n<!-- \/ Yoast SEO plugin. -->","yoast_head_json":{"title":"Limpiador Biodegradable para madera Net-Trol OWATROL - Oller Pinturas y revestimientos","description":"El Limpiador Biodegradable NET-TROL para madera est\u00e1 pensado especialmente para restaurar la madera. Es la mejor opci\u00f3n para reparar maderas agrisadas: un producto de base agua y biodegradable que funciona r\u00e1pidamente. Si quieres reparar una tarima que tiene c\u00e9sped cerca, te recomendamos 100% hacerlo con Net-Trol para no da\u00f1ar el jard\u00edn con otros productos que contengan disolvente.","robots":{"index":"index","follow":"follow","max-snippet":"max-snippet:-1","max-image-preview":"max-image-preview:large","max-video-preview":"max-video-preview:-1"},"canonical":"https:\/\/ollerpintures.com\/es\/producto\/limpiador-biodegradable-para-madera-net-trol-owatrol\/","og_locale":"es_ES","og_type":"article","og_title":"Limpiador Biodegradable para madera Net-Trol OWATROL - Oller Pinturas y revestimientos","og_description":"El Limpiador Biodegradable NET-TROL para madera est\u00e1 pensado especialmente para restaurar la madera. Es la mejor opci\u00f3n para reparar maderas agrisadas: un producto de base agua y biodegradable que funciona r\u00e1pidamente. Si quieres reparar una tarima que tiene c\u00e9sped cerca, te recomendamos 100% hacerlo con Net-Trol para no da\u00f1ar el jard\u00edn con otros productos que contengan disolvente.","og_url":"https:\/\/ollerpintures.com\/es\/producto\/limpiador-biodegradable-para-madera-net-trol-owatrol\/","og_site_name":"Oller Pinturas y revestimientos","article_publisher":"https:\/\/www.facebook.com\/people\/Oller-Pintures\/100063652056709\/","article_modified_time":"2023-04-20T20:38:03+00:00","og_image":[{"width":1080,"height":1080,"url":"https:\/\/ollerpintures.com\/wp-content\/uploads\/2021\/06\/limpiador-madera-netrol-net-trol-owatrol-tarima-tarimas-online-oller.jpg","type":"image\/jpeg"}],"twitter_card":"summary_large_image","twitter_misc":{"Tiempo de lectura":"1 minuto"},"schema":{"@context":"https:\/\/schema.org","@graph":[{"@type":"WebPage","@id":"https:\/\/ollerpintures.com\/es\/producto\/limpiador-biodegradable-para-madera-net-trol-owatrol\/","url":"https:\/\/ollerpintures.com\/es\/producto\/limpiador-biodegradable-para-madera-net-trol-owatrol\/","name":"Limpiador Biodegradable para madera Net-Trol OWATROL - Oller Pinturas y revestimientos","isPartOf":{"@id":"https:\/\/ollerpintures.com\/es\/#website"},"primaryImageOfPage":{"@id":"https:\/\/ollerpintures.com\/es\/producto\/limpiador-biodegradable-para-madera-net-trol-owatrol\/#primaryimage"},"image":{"@id":"https:\/\/ollerpintures.com\/es\/producto\/limpiador-biodegradable-para-madera-net-trol-owatrol\/#primaryimage"},"thumbnailUrl":"https:\/\/ollerpintures.com\/wp-content\/uploads\/2021\/06\/limpiador-madera-netrol-net-trol-owatrol-tarima-tarimas-online-oller.jpg","datePublished":"2021-06-08T07:46:24+00:00","dateModified":"2023-04-20T20:38:03+00:00","description":"El Limpiador Biodegradable NET-TROL para madera est\u00e1 pensado especialmente para restaurar la madera. Es la mejor opci\u00f3n para reparar maderas agrisadas: un producto de base agua y biodegradable que funciona r\u00e1pidamente. Si quieres reparar una tarima que tiene c\u00e9sped cerca, te recomendamos 100% hacerlo con Net-Trol para no da\u00f1ar el jard\u00edn con otros productos que contengan disolvente.","breadcrumb":{"@id":"https:\/\/ollerpintures.com\/es\/producto\/limpiador-biodegradable-para-madera-net-trol-owatrol\/#breadcrumb"},"inLanguage":"es","potentialAction":[{"@type":"ReadAction","target":["https:\/\/ollerpintures.com\/es\/producto\/limpiador-biodegradable-para-madera-net-trol-owatrol\/"]}]},{"@type":"ImageObject","inLanguage":"es","@id":"https:\/\/ollerpintures.com\/es\/producto\/limpiador-biodegradable-para-madera-net-trol-owatrol\/#primaryimage","url":"https:\/\/ollerpintures.com\/wp-content\/uploads\/2021\/06\/limpiador-madera-netrol-net-trol-owatrol-tarima-tarimas-online-oller.jpg","contentUrl":"https:\/\/ollerpintures.com\/wp-content\/uploads\/2021\/06\/limpiador-madera-netrol-net-trol-owatrol-tarima-tarimas-online-oller.jpg","width":1080,"height":1080,"caption":"Limpiador madera OWATROL Net-Trol"},{"@type":"BreadcrumbList","@id":"https:\/\/ollerpintures.com\/es\/producto\/limpiador-biodegradable-para-madera-net-trol-owatrol\/#breadcrumb","itemListElement":[{"@type":"ListItem","position":1,"name":"Inici","item":"https:\/\/ollerpintures.com\/es\/"},{"@type":"ListItem","position":2,"name":"Tienda","item":"https:\/\/ollerpintures.com\/es\/tienda\/"},{"@type":"ListItem","position":3,"name":"Limpiador Biodegradable para madera Net-Trol OWATROL"}]},{"@type":"WebSite","@id":"https:\/\/ollerpintures.com\/es\/#website","url":"https:\/\/ollerpintures.com\/es\/","name":"Oller Pinturas y Revestimientos","description":"M\u00e1s de 50 a\u00f1os acompa\u00f1ando a profesionales y particulares con soluciones de pintura duraderas y sostenibles, seis tiendas de proximidad con servicio tintom\u00e9trico propio y un compromiso real con el oficio y las nuevas generaciones.","publisher":{"@id":"https:\/\/ollerpintures.com\/es\/#organization"},"alternateName":"Oller Grup","potentialAction":[{"@type":"SearchAction","target":{"@type":"EntryPoint","urlTemplate":"https:\/\/ollerpintures.com\/es\/?s={search_term_string}"},"query-input":{"@type":"PropertyValueSpecification","valueRequired":true,"valueName":"search_term_string"}}],"inLanguage":"es"},{"@type":"Organization","@id":"https:\/\/ollerpintures.com\/es\/#organization","name":"Oller Pintures i Revestiments","alternateName":"Oller Grup","url":"https:\/\/ollerpintures.com\/es\/","logo":{"@type":"ImageObject","inLanguage":"es","@id":"https:\/\/ollerpintures.com\/es\/#\/schema\/logo\/image\/","url":"https:\/\/ollerpintures.com\/wp-content\/uploads\/2024\/05\/newLogo.png","contentUrl":"https:\/\/ollerpintures.com\/wp-content\/uploads\/2024\/05\/newLogo.png","width":483,"height":244,"caption":"Oller Pintures i Revestiments"},"image":{"@id":"https:\/\/ollerpintures.com\/es\/#\/schema\/logo\/image\/"},"sameAs":["https:\/\/www.facebook.com\/people\/Oller-Pintures\/100063652056709\/","https:\/\/www.instagram.com\/ollerpintures\/","https:\/\/descriptor.es\/organization\/oller-grup\/"]}]}},"brands":[{"id":839,"name":"Owatrol","slug":"owatrol"},{"id":840,"name":"Owatrol","slug":"owatrol-es"}],"_links":{"self":[{"href":"https:\/\/ollerpintures.com\/es\/wp-json\/wp\/v2\/product\/12162","targetHints":{"allow":["GET"]}}],"collection":[{"href":"https:\/\/ollerpintures.com\/es\/wp-json\/wp\/v2\/product"}],"about":[{"href":"https:\/\/ollerpintures.com\/es\/wp-json\/wp\/v2\/types\/product"}],"wp:featuredmedia":[{"embeddable":true,"href":"https:\/\/ollerpintures.com\/es\/wp-json\/wp\/v2\/media\/11854"}],"wp:attachment":[{"href":"https:\/\/ollerpintures.com\/es\/wp-json\/wp\/v2\/media?parent=12162"}],"wp:term":[{"taxonomy":"pwb-brand","embeddable":true,"href":"https:\/\/ollerpintures.com\/es\/wp-json\/wp\/v2\/pwb-brand?post=12162"},{"taxonomy":"product_brand","embeddable":true,"href":"https:\/\/ollerpintures.com\/es\/wp-json\/wp\/v2\/product_brand?post=12162"},{"taxonomy":"product_cat","embeddable":true,"href":"https:\/\/ollerpintures.com\/es\/wp-json\/wp\/v2\/product_cat?post=12162"},{"taxonomy":"product_tag","embeddable":true,"href":"https:\/\/ollerpintures.com\/es\/wp-json\/wp\/v2\/product_tag?post=12162"}],"curies":[{"name":"wp","href":"https:\/\/api.w.org\/{rel}","templated":true}]}}