{"id":11807,"date":"2021-06-07T10:27:25","date_gmt":"2021-06-07T09:27:25","guid":{"rendered":"https:\/\/oller-pintures.c.wetopi.com\/producte\/decapante-de-lasur-owatrol-prepdeck-para-madera\/"},"modified":"2024-05-09T19:39:21","modified_gmt":"2024-05-09T18:39:21","slug":"decapante-de-lasur-owatrol-prepdeck-para-madera","status":"publish","type":"product","link":"https:\/\/ollerpintures.com\/es\/producto\/decapante-de-lasur-owatrol-prepdeck-para-madera\/","title":{"rendered":"Decapante madera Lasur OWATROL PrepDeck"},"content":{"rendered":"<p>El <strong>Decapante OWATROL PrepDeck<\/strong> es un producto profesional dise\u00f1ado espec\u00edficamente para <strong>eliminar viejas manchas s\u00f3lidas y semitransparentes, marcas de clasificaci\u00f3n y otros acabados en madera.<\/strong> Si buscas cambiar la apariencia de tarimas de madera y partir desde cero, utiliza decapante previo al limpiador para eliminar cualquier capa y resto de producto que pueda tener a\u00fan la madera.<\/p>\n<h3>Caracter\u00edsticas del Decapante madera PrepDeck<\/h3>\n<ul>\n<li>Decapa los acabados antiguos de la madera exterior, incluso los 100% <a href=\"https:\/\/es.wikipedia.org\/wiki\/Pintura_acr%C3%ADlica\" target=\"_blank\" rel=\"noopener\">acr\u00edlicos<\/a>.<\/li>\n<li>Reduce el glaseado de la madera nueva.<\/li>\n<li>Mejora la penetraci\u00f3n de los acabados en madera no porosa.<\/li>\n<li>Limpia la madera envejecida.<\/li>\n<li>Elimina las marcas de clasificaci\u00f3n.<\/li>\n<li>Puede utilizarse s\u00f3lido o diluido.<\/li>\n<li>Es apto para todas las maderas exteriores.<\/li>\n<li>Ideal para <a href=\"https:\/\/ollerpintures.com\/es\/tarima-de-madera-para-piscina-tratamiento-de-la-madera\/\" target=\"_blank\" rel=\"noopener\">tarimas<\/a>, revestimientos y otras superficies de madera.<\/li>\n<\/ul>\n<h3>Algunas aplicaciones adicionales<\/h3>\n<p>Un ejemplo adicional de aplicaci\u00f3n del Decapante para Madera OWATROL PrepDeck podr\u00eda ser la <strong>renovaci\u00f3n de puertas y ventanas de madera exterior<\/strong> que han sido afectadas por el paso del tiempo y las inclemencias del clima. Con el tiempo, estas superficies pueden acumular m\u00faltiples capas de pintura y barnices que no solo deterioran su aspecto, sino que tambi\u00e9n comprometen la protecci\u00f3n de la madera.<\/p>\n<p>Utilizando el Decapante OWATROL PrepDeck, es posible eliminar completamente estos acabados viejos y deteriorados, dejando la madera desnuda y lista para recibir un nuevo tratamiento.<\/p>\n<p>Esto no solo mejora la est\u00e9tica de las puertas y ventanas, sino que tambi\u00e9n extiende su vida \u00fatil al permitir que tratamientos protectores penetren eficazmente y protejan mejor la madera contra futuros da\u00f1os ambientales. PrepDeck es, por lo tanto, una herramienta <strong>esencial en cualquier proyecto de restauraci\u00f3n de madera exterior<\/strong>, asegurando que las superficies tratadas no solo luzcan bien, sino que permanezcan funcionales y seguras por m\u00e1s tiempo.<\/p>\n<p>El Decapante para Madera OWATROL PrepDeck est\u00e1 <strong>formulado para ser vers\u00e1til y efectivo en una amplia gama de maderas exteriores<\/strong>.<br \/>\nSu eficacia no se limita a tipos espec\u00edficos de madera, lo que lo convierte en una opci\u00f3n ideal para proyectos donde se tratan diversas superficies de madera exterior.<\/p>\n<p>Desde maderas blandas como el pino y el abeto, que son com\u00fanmente utilizadas en construcciones y acabados exteriores, hasta maderas duras como la teca y el roble, que suelen encontrarse en muebles de jard\u00edn y decks, PrepDeck ofrece un rendimiento excepcional. Adem\u00e1s, es especialmente \u00fatil en maderas que han sido previamente tratadas o que tienen capas m\u00faltiples de pintura o acabados protectores, facilitando la eliminaci\u00f3n de estos sin da\u00f1ar la estructura de la madera subyacente.<\/p>\n<p>Esto hace que PrepDeck no solo sea adecuado para la renovaci\u00f3n de tarimas, puertas y ventanas, sino tambi\u00e9n para una <strong>variedad de aplicaciones en maderas exteriores como cercas, p\u00e9rgolas y mobiliario de jard\u00edn<\/strong>, donde el objetivo es restaurar la belleza natural de la madera y prepararla para nuevos tratamientos que prolonguen su durabilidad y est\u00e9tica.<\/p>\n<p>En cualquier caso, aprovecha nuestra larga experiencia para asesorarte ante tu pr\u00f3ximo proyecto.<\/p>\n","protected":false},"excerpt":{"rendered":"<div title=\"decapante madera\" aria-label=\"decapante madera\">El <strong>Decapante OWATROL PrepDeck<\/strong> es un producto profesional dise\u00f1ado espec\u00edficamente para <strong>eliminar viejas manchas s\u00f3lidas y semitransparentes, marcas de clasificaci\u00f3n y otros acabados en madera.<\/strong> Si buscas cambiar la apariencia de tarimas de madera y partir desde cero, utiliza decapante previo al limpiador para eliminar cualquier capa y resto de producto que pueda tener a\u00fan la madera.<\/div>\n","protected":false},"featured_media":11805,"template":"","meta":{"_acf_changed":false},"pwb-brand":[840],"product_brand":[],"product_cat":[201,825,841],"product_tag":[214,537,770,712,827,743],"class_list":{"0":"post-11807","1":"product","2":"type-product","3":"status-publish","4":"has-post-thumbnail","6":"pwb-brand-owatrol-es","7":"product_cat-pintura-es","8":"product_cat-tratamiento-para-madera-y-jardin","9":"product_cat-limpiadores-y-decapantes","10":"product_tag-exterior-es","11":"product_tag-madera","12":"product_tag-pintura-exterior-es","13":"product_tag-proteccion-para-madera","14":"product_tag-tarimas-de-madera","15":"product_tag-tratamiento-para-madera","16":"no-featured-image-padding","17":"resize-featured-image","18":"sales-flash-overlay","19":"woocommerce-text-align-left","20":"woocommerce-image-align-center","21":"do-quantity-buttons","23":"first","24":"instock","25":"shipping-taxable","26":"purchasable","27":"product-type-variable"},"acf":[],"yoast_head":"<!-- This site is optimized with the Yoast SEO plugin v27.1.1 - https:\/\/yoast.com\/product\/yoast-seo-wordpress\/ -->\n<title>Decapante madera Lasur OWATROL PrepDeck - Oller Pinturas<\/title>\n<meta name=\"description\" content=\"Decapante madera para eliminar viejas manchas s\u00f3lidas y semitransparentes, marcas de clasificaci\u00f3n y otros acabados en madera, compra y aprende a usarlo.\" \/>\n<meta name=\"robots\" content=\"index, follow, max-snippet:-1, max-image-preview:large, max-video-preview:-1\" \/>\n<link rel=\"canonical\" href=\"https:\/\/ollerpintures.com\/es\/producto\/decapante-de-lasur-owatrol-prepdeck-para-madera\/\" \/>\n<meta property=\"og:locale\" content=\"es_ES\" \/>\n<meta property=\"og:type\" content=\"article\" \/>\n<meta property=\"og:title\" content=\"Decapante madera Lasur OWATROL PrepDeck - Oller Pinturas\" \/>\n<meta property=\"og:description\" content=\"Decapante madera para eliminar viejas manchas s\u00f3lidas y semitransparentes, marcas de clasificaci\u00f3n y otros acabados en madera, compra y aprende a usarlo.\" \/>\n<meta property=\"og:url\" content=\"https:\/\/ollerpintures.com\/es\/producto\/decapante-de-lasur-owatrol-prepdeck-para-madera\/\" \/>\n<meta property=\"og:site_name\" content=\"Oller Pinturas y revestimientos\" \/>\n<meta property=\"article:publisher\" content=\"https:\/\/www.facebook.com\/people\/Oller-Pintures\/100063652056709\/\" \/>\n<meta property=\"article:modified_time\" content=\"2024-05-09T18:39:21+00:00\" \/>\n<meta property=\"og:image\" content=\"https:\/\/ollerpintures.com\/wp-content\/uploads\/2021\/06\/decapante-protector-madera-lasur-owatrol-prepdeck-online-oller.jpg\" \/>\n\t<meta property=\"og:image:width\" content=\"1080\" \/>\n\t<meta property=\"og:image:height\" content=\"1080\" \/>\n\t<meta property=\"og:image:type\" content=\"image\/jpeg\" \/>\n<meta name=\"twitter:card\" content=\"summary_large_image\" \/>\n<meta name=\"twitter:label1\" content=\"Tiempo de lectura\" \/>\n\t<meta name=\"twitter:data1\" content=\"3 minutos\" \/>\n<script type=\"application\/ld+json\" class=\"yoast-schema-graph\">{\"@context\":\"https:\/\/schema.org\",\"@graph\":[{\"@type\":\"WebPage\",\"@id\":\"https:\/\/ollerpintures.com\/es\/producto\/decapante-de-lasur-owatrol-prepdeck-para-madera\/\",\"url\":\"https:\/\/ollerpintures.com\/es\/producto\/decapante-de-lasur-owatrol-prepdeck-para-madera\/\",\"name\":\"Decapante madera Lasur OWATROL PrepDeck - Oller Pinturas\",\"isPartOf\":{\"@id\":\"https:\/\/ollerpintures.com\/es\/#website\"},\"primaryImageOfPage\":{\"@id\":\"https:\/\/ollerpintures.com\/es\/producto\/decapante-de-lasur-owatrol-prepdeck-para-madera\/#primaryimage\"},\"image\":{\"@id\":\"https:\/\/ollerpintures.com\/es\/producto\/decapante-de-lasur-owatrol-prepdeck-para-madera\/#primaryimage\"},\"thumbnailUrl\":\"https:\/\/ollerpintures.com\/wp-content\/uploads\/2021\/06\/decapante-protector-madera-lasur-owatrol-prepdeck-online-oller.jpg\",\"datePublished\":\"2021-06-07T09:27:25+00:00\",\"dateModified\":\"2024-05-09T18:39:21+00:00\",\"description\":\"Decapante madera para eliminar viejas manchas s\u00f3lidas y semitransparentes, marcas de clasificaci\u00f3n y otros acabados en madera, compra y aprende a usarlo.\",\"breadcrumb\":{\"@id\":\"https:\/\/ollerpintures.com\/es\/producto\/decapante-de-lasur-owatrol-prepdeck-para-madera\/#breadcrumb\"},\"inLanguage\":\"es\",\"potentialAction\":[{\"@type\":\"ReadAction\",\"target\":[\"https:\/\/ollerpintures.com\/es\/producto\/decapante-de-lasur-owatrol-prepdeck-para-madera\/\"]}]},{\"@type\":\"ImageObject\",\"inLanguage\":\"es\",\"@id\":\"https:\/\/ollerpintures.com\/es\/producto\/decapante-de-lasur-owatrol-prepdeck-para-madera\/#primaryimage\",\"url\":\"https:\/\/ollerpintures.com\/wp-content\/uploads\/2021\/06\/decapante-protector-madera-lasur-owatrol-prepdeck-online-oller.jpg\",\"contentUrl\":\"https:\/\/ollerpintures.com\/wp-content\/uploads\/2021\/06\/decapante-protector-madera-lasur-owatrol-prepdeck-online-oller.jpg\",\"width\":1080,\"height\":1080,\"caption\":\"decapante madera owatrol prepdeck\"},{\"@type\":\"BreadcrumbList\",\"@id\":\"https:\/\/ollerpintures.com\/es\/producto\/decapante-de-lasur-owatrol-prepdeck-para-madera\/#breadcrumb\",\"itemListElement\":[{\"@type\":\"ListItem\",\"position\":1,\"name\":\"Inici\",\"item\":\"https:\/\/ollerpintures.com\/es\/\"},{\"@type\":\"ListItem\",\"position\":2,\"name\":\"Tienda\",\"item\":\"https:\/\/ollerpintures.com\/es\/tienda\/\"},{\"@type\":\"ListItem\",\"position\":3,\"name\":\"Decapante madera Lasur OWATROL PrepDeck\"}]},{\"@type\":\"WebSite\",\"@id\":\"https:\/\/ollerpintures.com\/es\/#website\",\"url\":\"https:\/\/ollerpintures.com\/es\/\",\"name\":\"Oller Pinturas y Revestimientos\",\"description\":\"M\u00e1s de 50 a\u00f1os acompa\u00f1ando a profesionales y particulares con soluciones de pintura duraderas y sostenibles, seis tiendas de proximidad con servicio tintom\u00e9trico propio y un compromiso real con el oficio y las nuevas generaciones.\",\"publisher\":{\"@id\":\"https:\/\/ollerpintures.com\/es\/#organization\"},\"alternateName\":\"Oller Grup\",\"potentialAction\":[{\"@type\":\"SearchAction\",\"target\":{\"@type\":\"EntryPoint\",\"urlTemplate\":\"https:\/\/ollerpintures.com\/es\/?s={search_term_string}\"},\"query-input\":{\"@type\":\"PropertyValueSpecification\",\"valueRequired\":true,\"valueName\":\"search_term_string\"}}],\"inLanguage\":\"es\"},{\"@type\":\"Organization\",\"@id\":\"https:\/\/ollerpintures.com\/es\/#organization\",\"name\":\"Oller Pintures i Revestiments\",\"alternateName\":\"Oller Grup\",\"url\":\"https:\/\/ollerpintures.com\/es\/\",\"logo\":{\"@type\":\"ImageObject\",\"inLanguage\":\"es\",\"@id\":\"https:\/\/ollerpintures.com\/es\/#\/schema\/logo\/image\/\",\"url\":\"https:\/\/ollerpintures.com\/wp-content\/uploads\/2024\/05\/newLogo.png\",\"contentUrl\":\"https:\/\/ollerpintures.com\/wp-content\/uploads\/2024\/05\/newLogo.png\",\"width\":483,\"height\":244,\"caption\":\"Oller Pintures i Revestiments\"},\"image\":{\"@id\":\"https:\/\/ollerpintures.com\/es\/#\/schema\/logo\/image\/\"},\"sameAs\":[\"https:\/\/www.facebook.com\/people\/Oller-Pintures\/100063652056709\/\",\"https:\/\/www.instagram.com\/ollerpintures\/\",\"https:\/\/descriptor.es\/organization\/oller-grup\/\"]}]}<\/script>\n<!-- \/ Yoast SEO plugin. -->","yoast_head_json":{"title":"Decapante madera Lasur OWATROL PrepDeck - Oller Pinturas","description":"Decapante madera para eliminar viejas manchas s\u00f3lidas y semitransparentes, marcas de clasificaci\u00f3n y otros acabados en madera, compra y aprende a usarlo.","robots":{"index":"index","follow":"follow","max-snippet":"max-snippet:-1","max-image-preview":"max-image-preview:large","max-video-preview":"max-video-preview:-1"},"canonical":"https:\/\/ollerpintures.com\/es\/producto\/decapante-de-lasur-owatrol-prepdeck-para-madera\/","og_locale":"es_ES","og_type":"article","og_title":"Decapante madera Lasur OWATROL PrepDeck - Oller Pinturas","og_description":"Decapante madera para eliminar viejas manchas s\u00f3lidas y semitransparentes, marcas de clasificaci\u00f3n y otros acabados en madera, compra y aprende a usarlo.","og_url":"https:\/\/ollerpintures.com\/es\/producto\/decapante-de-lasur-owatrol-prepdeck-para-madera\/","og_site_name":"Oller Pinturas y revestimientos","article_publisher":"https:\/\/www.facebook.com\/people\/Oller-Pintures\/100063652056709\/","article_modified_time":"2024-05-09T18:39:21+00:00","og_image":[{"width":1080,"height":1080,"url":"https:\/\/ollerpintures.com\/wp-content\/uploads\/2021\/06\/decapante-protector-madera-lasur-owatrol-prepdeck-online-oller.jpg","type":"image\/jpeg"}],"twitter_card":"summary_large_image","twitter_misc":{"Tiempo de lectura":"3 minutos"},"schema":{"@context":"https:\/\/schema.org","@graph":[{"@type":"WebPage","@id":"https:\/\/ollerpintures.com\/es\/producto\/decapante-de-lasur-owatrol-prepdeck-para-madera\/","url":"https:\/\/ollerpintures.com\/es\/producto\/decapante-de-lasur-owatrol-prepdeck-para-madera\/","name":"Decapante madera Lasur OWATROL PrepDeck - Oller Pinturas","isPartOf":{"@id":"https:\/\/ollerpintures.com\/es\/#website"},"primaryImageOfPage":{"@id":"https:\/\/ollerpintures.com\/es\/producto\/decapante-de-lasur-owatrol-prepdeck-para-madera\/#primaryimage"},"image":{"@id":"https:\/\/ollerpintures.com\/es\/producto\/decapante-de-lasur-owatrol-prepdeck-para-madera\/#primaryimage"},"thumbnailUrl":"https:\/\/ollerpintures.com\/wp-content\/uploads\/2021\/06\/decapante-protector-madera-lasur-owatrol-prepdeck-online-oller.jpg","datePublished":"2021-06-07T09:27:25+00:00","dateModified":"2024-05-09T18:39:21+00:00","description":"Decapante madera para eliminar viejas manchas s\u00f3lidas y semitransparentes, marcas de clasificaci\u00f3n y otros acabados en madera, compra y aprende a usarlo.","breadcrumb":{"@id":"https:\/\/ollerpintures.com\/es\/producto\/decapante-de-lasur-owatrol-prepdeck-para-madera\/#breadcrumb"},"inLanguage":"es","potentialAction":[{"@type":"ReadAction","target":["https:\/\/ollerpintures.com\/es\/producto\/decapante-de-lasur-owatrol-prepdeck-para-madera\/"]}]},{"@type":"ImageObject","inLanguage":"es","@id":"https:\/\/ollerpintures.com\/es\/producto\/decapante-de-lasur-owatrol-prepdeck-para-madera\/#primaryimage","url":"https:\/\/ollerpintures.com\/wp-content\/uploads\/2021\/06\/decapante-protector-madera-lasur-owatrol-prepdeck-online-oller.jpg","contentUrl":"https:\/\/ollerpintures.com\/wp-content\/uploads\/2021\/06\/decapante-protector-madera-lasur-owatrol-prepdeck-online-oller.jpg","width":1080,"height":1080,"caption":"decapante madera owatrol prepdeck"},{"@type":"BreadcrumbList","@id":"https:\/\/ollerpintures.com\/es\/producto\/decapante-de-lasur-owatrol-prepdeck-para-madera\/#breadcrumb","itemListElement":[{"@type":"ListItem","position":1,"name":"Inici","item":"https:\/\/ollerpintures.com\/es\/"},{"@type":"ListItem","position":2,"name":"Tienda","item":"https:\/\/ollerpintures.com\/es\/tienda\/"},{"@type":"ListItem","position":3,"name":"Decapante madera Lasur OWATROL PrepDeck"}]},{"@type":"WebSite","@id":"https:\/\/ollerpintures.com\/es\/#website","url":"https:\/\/ollerpintures.com\/es\/","name":"Oller Pinturas y Revestimientos","description":"M\u00e1s de 50 a\u00f1os acompa\u00f1ando a profesionales y particulares con soluciones de pintura duraderas y sostenibles, seis tiendas de proximidad con servicio tintom\u00e9trico propio y un compromiso real con el oficio y las nuevas generaciones.","publisher":{"@id":"https:\/\/ollerpintures.com\/es\/#organization"},"alternateName":"Oller Grup","potentialAction":[{"@type":"SearchAction","target":{"@type":"EntryPoint","urlTemplate":"https:\/\/ollerpintures.com\/es\/?s={search_term_string}"},"query-input":{"@type":"PropertyValueSpecification","valueRequired":true,"valueName":"search_term_string"}}],"inLanguage":"es"},{"@type":"Organization","@id":"https:\/\/ollerpintures.com\/es\/#organization","name":"Oller Pintures i Revestiments","alternateName":"Oller Grup","url":"https:\/\/ollerpintures.com\/es\/","logo":{"@type":"ImageObject","inLanguage":"es","@id":"https:\/\/ollerpintures.com\/es\/#\/schema\/logo\/image\/","url":"https:\/\/ollerpintures.com\/wp-content\/uploads\/2024\/05\/newLogo.png","contentUrl":"https:\/\/ollerpintures.com\/wp-content\/uploads\/2024\/05\/newLogo.png","width":483,"height":244,"caption":"Oller Pintures i Revestiments"},"image":{"@id":"https:\/\/ollerpintures.com\/es\/#\/schema\/logo\/image\/"},"sameAs":["https:\/\/www.facebook.com\/people\/Oller-Pintures\/100063652056709\/","https:\/\/www.instagram.com\/ollerpintures\/","https:\/\/descriptor.es\/organization\/oller-grup\/"]}]}},"brands":[{"id":840,"name":"Owatrol","slug":"owatrol-es"}],"_links":{"self":[{"href":"https:\/\/ollerpintures.com\/es\/wp-json\/wp\/v2\/product\/11807","targetHints":{"allow":["GET"]}}],"collection":[{"href":"https:\/\/ollerpintures.com\/es\/wp-json\/wp\/v2\/product"}],"about":[{"href":"https:\/\/ollerpintures.com\/es\/wp-json\/wp\/v2\/types\/product"}],"wp:featuredmedia":[{"embeddable":true,"href":"https:\/\/ollerpintures.com\/es\/wp-json\/wp\/v2\/media\/11805"}],"wp:attachment":[{"href":"https:\/\/ollerpintures.com\/es\/wp-json\/wp\/v2\/media?parent=11807"}],"wp:term":[{"taxonomy":"pwb-brand","embeddable":true,"href":"https:\/\/ollerpintures.com\/es\/wp-json\/wp\/v2\/pwb-brand?post=11807"},{"taxonomy":"product_brand","embeddable":true,"href":"https:\/\/ollerpintures.com\/es\/wp-json\/wp\/v2\/product_brand?post=11807"},{"taxonomy":"product_cat","embeddable":true,"href":"https:\/\/ollerpintures.com\/es\/wp-json\/wp\/v2\/product_cat?post=11807"},{"taxonomy":"product_tag","embeddable":true,"href":"https:\/\/ollerpintures.com\/es\/wp-json\/wp\/v2\/product_tag?post=11807"}],"curies":[{"name":"wp","href":"https:\/\/api.w.org\/{rel}","templated":true}]}}