{"id":11788,"date":"2021-06-07T07:29:49","date_gmt":"2021-06-07T06:29:49","guid":{"rendered":"https:\/\/oller-pintures.c.wetopi.com\/producte\/aceite-de-teca-para-madera-xyladecor-miel\/"},"modified":"2026-02-19T15:10:26","modified_gmt":"2026-02-19T14:10:26","slug":"aceite-de-teca-para-madera-xyladecor-miel","status":"publish","type":"product","link":"https:\/\/ollerpintures.com\/es\/producto\/aceite-de-teca-para-madera-xyladecor-miel\/","title":{"rendered":"Aceite de Teca para madera XYLADECOR Miel"},"content":{"rendered":"<p>El Aceite de Teca XYLADECOR Miel es el mejor producto para proteger la madera de teca del exterior. Escoge el tama\u00f1o que m\u00e1s te convenga seg\u00fan la superficie a pintar y protege los muebles a la perfecci\u00f3n: la relaci\u00f3n habitual son 13m2\/litro. Es un producto que recomendamos para maderas tropicales de exterior.<\/p>\n<p>Este Aceite de Teca est\u00e1 hecho de aceites naturales y resinas que dan la nutrici\u00f3n necesaria a la madera y absorben los rayos UV. Gracias a ello,<strong> protege la madera de los rayos del sol.\u00a0<\/strong><\/p>\n","protected":false},"excerpt":{"rendered":"<p>El Aceite de Teca XYLADECOR Miel es el mejor producto para proteger la madera de teca del exterior. Escoge el tama\u00f1o que m\u00e1s te convenga seg\u00fan la superficie a pintar y protege los muebles a la perfecci\u00f3n: la relaci\u00f3n habitual son 13m2\/litro. Es un producto que recomendamos para maderas tropicales de exterior.<\/p>\n","protected":false},"featured_media":11764,"template":"","meta":{"_acf_changed":false},"pwb-brand":[794,691],"product_brand":[],"product_cat":[201,24,821,825,834,832],"product_tag":[835,518,537,833,698,712,827,823,741,743],"class_list":{"0":"post-11788","1":"product","2":"type-product","3":"status-publish","4":"has-post-thumbnail","6":"pwb-brand-xyladecor-es","7":"pwb-brand-xyladecor","8":"product_cat-pintura-es","9":"product_cat-pintura","10":"product_cat-tractament-per-fusta-i-jardi","11":"product_cat-tratamiento-para-madera-y-jardin","12":"product_cat-aceite-de-teca","13":"product_cat-oli-de-teca","14":"product_tag-aceite-de-teca","15":"product_tag-fusta","16":"product_tag-madera","17":"product_tag-oli-de-teca","18":"product_tag-proteccio-per-fusta","19":"product_tag-proteccion-para-madera","20":"product_tag-tarimas-de-madera","21":"product_tag-tarimes-de-fusta","22":"product_tag-tractament-per-fusta","23":"product_tag-tratamiento-para-madera","24":"no-featured-image-padding","25":"resize-featured-image","26":"sales-flash-overlay","27":"woocommerce-text-align-left","28":"woocommerce-image-align-center","29":"do-quantity-buttons","31":"first","32":"instock","33":"shipping-taxable","34":"purchasable","35":"product-type-variable"},"acf":[],"yoast_head":"<!-- This site is optimized with the Yoast SEO plugin v27.1.1 - https:\/\/yoast.com\/product\/yoast-seo-wordpress\/ -->\n<title>Aceite de Teca para madera XYLADECOR Miel - Oller Pinturas y revestimientos<\/title>\n<meta name=\"description\" content=\"El Aceite de Teca XYLADECOR Miel es el mejor producto para proteger la madera de teca del exterior. Escoge el tama\u00f1o que m\u00e1s te convenga seg\u00fan la superficie a pintar y protege los muebles a la perfecci\u00f3n: la relaci\u00f3n habitual son 13m2\/litro. Es un producto que recomendamos para maderas tropicales de exterior.\" \/>\n<meta name=\"robots\" content=\"index, follow, max-snippet:-1, max-image-preview:large, max-video-preview:-1\" \/>\n<link rel=\"canonical\" href=\"https:\/\/ollerpintures.com\/es\/producto\/aceite-de-teca-para-madera-xyladecor-miel\/\" \/>\n<meta property=\"og:locale\" content=\"es_ES\" \/>\n<meta property=\"og:type\" content=\"article\" \/>\n<meta property=\"og:title\" content=\"Aceite de Teca para madera XYLADECOR Miel - Oller Pinturas y revestimientos\" \/>\n<meta property=\"og:description\" content=\"El Aceite de Teca XYLADECOR Miel es el mejor producto para proteger la madera de teca del exterior. Escoge el tama\u00f1o que m\u00e1s te convenga seg\u00fan la superficie a pintar y protege los muebles a la perfecci\u00f3n: la relaci\u00f3n habitual son 13m2\/litro. Es un producto que recomendamos para maderas tropicales de exterior.\" \/>\n<meta property=\"og:url\" content=\"https:\/\/ollerpintures.com\/es\/producto\/aceite-de-teca-para-madera-xyladecor-miel\/\" \/>\n<meta property=\"og:site_name\" content=\"Oller Pinturas y revestimientos\" \/>\n<meta property=\"article:publisher\" content=\"https:\/\/www.facebook.com\/people\/Oller-Pintures\/100063652056709\/\" \/>\n<meta property=\"article:modified_time\" content=\"2026-02-19T14:10:26+00:00\" \/>\n<meta property=\"og:image\" content=\"https:\/\/ollerpintures.com\/wp-content\/uploads\/2021\/06\/aceite-para-teca-miel-xyladecor-online-oller-comprar-pintura.jpg\" \/>\n\t<meta property=\"og:image:width\" content=\"1080\" \/>\n\t<meta property=\"og:image:height\" content=\"1080\" \/>\n\t<meta property=\"og:image:type\" content=\"image\/jpeg\" \/>\n<meta name=\"twitter:card\" content=\"summary_large_image\" \/>\n<script type=\"application\/ld+json\" class=\"yoast-schema-graph\">{\"@context\":\"https:\/\/schema.org\",\"@graph\":[{\"@type\":\"WebPage\",\"@id\":\"https:\/\/ollerpintures.com\/es\/producto\/aceite-de-teca-para-madera-xyladecor-miel\/\",\"url\":\"https:\/\/ollerpintures.com\/es\/producto\/aceite-de-teca-para-madera-xyladecor-miel\/\",\"name\":\"Aceite de Teca para madera XYLADECOR Miel - Oller Pinturas y revestimientos\",\"isPartOf\":{\"@id\":\"https:\/\/ollerpintures.com\/es\/#website\"},\"primaryImageOfPage\":{\"@id\":\"https:\/\/ollerpintures.com\/es\/producto\/aceite-de-teca-para-madera-xyladecor-miel\/#primaryimage\"},\"image\":{\"@id\":\"https:\/\/ollerpintures.com\/es\/producto\/aceite-de-teca-para-madera-xyladecor-miel\/#primaryimage\"},\"thumbnailUrl\":\"https:\/\/ollerpintures.com\/wp-content\/uploads\/2021\/06\/aceite-para-teca-miel-xyladecor-online-oller-comprar-pintura.jpg\",\"datePublished\":\"2021-06-07T06:29:49+00:00\",\"dateModified\":\"2026-02-19T14:10:26+00:00\",\"description\":\"El Aceite de Teca XYLADECOR Miel es el mejor producto para proteger la madera de teca del exterior. Escoge el tama\u00f1o que m\u00e1s te convenga seg\u00fan la superficie a pintar y protege los muebles a la perfecci\u00f3n: la relaci\u00f3n habitual son 13m2\/litro. Es un producto que recomendamos para maderas tropicales de exterior.\",\"breadcrumb\":{\"@id\":\"https:\/\/ollerpintures.com\/es\/producto\/aceite-de-teca-para-madera-xyladecor-miel\/#breadcrumb\"},\"inLanguage\":\"es\",\"potentialAction\":[{\"@type\":\"ReadAction\",\"target\":[\"https:\/\/ollerpintures.com\/es\/producto\/aceite-de-teca-para-madera-xyladecor-miel\/\"]}]},{\"@type\":\"ImageObject\",\"inLanguage\":\"es\",\"@id\":\"https:\/\/ollerpintures.com\/es\/producto\/aceite-de-teca-para-madera-xyladecor-miel\/#primaryimage\",\"url\":\"https:\/\/ollerpintures.com\/wp-content\/uploads\/2021\/06\/aceite-para-teca-miel-xyladecor-online-oller-comprar-pintura.jpg\",\"contentUrl\":\"https:\/\/ollerpintures.com\/wp-content\/uploads\/2021\/06\/aceite-para-teca-miel-xyladecor-online-oller-comprar-pintura.jpg\",\"width\":1080,\"height\":1080,\"caption\":\"Aceite de Teca Miel XYLADECOR\"},{\"@type\":\"BreadcrumbList\",\"@id\":\"https:\/\/ollerpintures.com\/es\/producto\/aceite-de-teca-para-madera-xyladecor-miel\/#breadcrumb\",\"itemListElement\":[{\"@type\":\"ListItem\",\"position\":1,\"name\":\"Inici\",\"item\":\"https:\/\/ollerpintures.com\/es\/\"},{\"@type\":\"ListItem\",\"position\":2,\"name\":\"Tienda\",\"item\":\"https:\/\/ollerpintures.com\/es\/tienda\/\"},{\"@type\":\"ListItem\",\"position\":3,\"name\":\"Aceite de Teca para madera XYLADECOR Miel\"}]},{\"@type\":\"WebSite\",\"@id\":\"https:\/\/ollerpintures.com\/es\/#website\",\"url\":\"https:\/\/ollerpintures.com\/es\/\",\"name\":\"Oller Pinturas y Revestimientos\",\"description\":\"M\u00e1s de 50 a\u00f1os acompa\u00f1ando a profesionales y particulares con soluciones de pintura duraderas y sostenibles, seis tiendas de proximidad con servicio tintom\u00e9trico propio y un compromiso real con el oficio y las nuevas generaciones.\",\"publisher\":{\"@id\":\"https:\/\/ollerpintures.com\/es\/#organization\"},\"alternateName\":\"Oller Grup\",\"potentialAction\":[{\"@type\":\"SearchAction\",\"target\":{\"@type\":\"EntryPoint\",\"urlTemplate\":\"https:\/\/ollerpintures.com\/es\/?s={search_term_string}\"},\"query-input\":{\"@type\":\"PropertyValueSpecification\",\"valueRequired\":true,\"valueName\":\"search_term_string\"}}],\"inLanguage\":\"es\"},{\"@type\":\"Organization\",\"@id\":\"https:\/\/ollerpintures.com\/es\/#organization\",\"name\":\"Oller Pintures i Revestiments\",\"alternateName\":\"Oller Grup\",\"url\":\"https:\/\/ollerpintures.com\/es\/\",\"logo\":{\"@type\":\"ImageObject\",\"inLanguage\":\"es\",\"@id\":\"https:\/\/ollerpintures.com\/es\/#\/schema\/logo\/image\/\",\"url\":\"https:\/\/ollerpintures.com\/wp-content\/uploads\/2024\/05\/newLogo.png\",\"contentUrl\":\"https:\/\/ollerpintures.com\/wp-content\/uploads\/2024\/05\/newLogo.png\",\"width\":483,\"height\":244,\"caption\":\"Oller Pintures i Revestiments\"},\"image\":{\"@id\":\"https:\/\/ollerpintures.com\/es\/#\/schema\/logo\/image\/\"},\"sameAs\":[\"https:\/\/www.facebook.com\/people\/Oller-Pintures\/100063652056709\/\",\"https:\/\/www.instagram.com\/ollerpintures\/\",\"https:\/\/descriptor.es\/organization\/oller-grup\/\"]}]}<\/script>\n<!-- \/ Yoast SEO plugin. -->","yoast_head_json":{"title":"Aceite de Teca para madera XYLADECOR Miel - Oller Pinturas y revestimientos","description":"El Aceite de Teca XYLADECOR Miel es el mejor producto para proteger la madera de teca del exterior. Escoge el tama\u00f1o que m\u00e1s te convenga seg\u00fan la superficie a pintar y protege los muebles a la perfecci\u00f3n: la relaci\u00f3n habitual son 13m2\/litro. Es un producto que recomendamos para maderas tropicales de exterior.","robots":{"index":"index","follow":"follow","max-snippet":"max-snippet:-1","max-image-preview":"max-image-preview:large","max-video-preview":"max-video-preview:-1"},"canonical":"https:\/\/ollerpintures.com\/es\/producto\/aceite-de-teca-para-madera-xyladecor-miel\/","og_locale":"es_ES","og_type":"article","og_title":"Aceite de Teca para madera XYLADECOR Miel - Oller Pinturas y revestimientos","og_description":"El Aceite de Teca XYLADECOR Miel es el mejor producto para proteger la madera de teca del exterior. Escoge el tama\u00f1o que m\u00e1s te convenga seg\u00fan la superficie a pintar y protege los muebles a la perfecci\u00f3n: la relaci\u00f3n habitual son 13m2\/litro. Es un producto que recomendamos para maderas tropicales de exterior.","og_url":"https:\/\/ollerpintures.com\/es\/producto\/aceite-de-teca-para-madera-xyladecor-miel\/","og_site_name":"Oller Pinturas y revestimientos","article_publisher":"https:\/\/www.facebook.com\/people\/Oller-Pintures\/100063652056709\/","article_modified_time":"2026-02-19T14:10:26+00:00","og_image":[{"width":1080,"height":1080,"url":"https:\/\/ollerpintures.com\/wp-content\/uploads\/2021\/06\/aceite-para-teca-miel-xyladecor-online-oller-comprar-pintura.jpg","type":"image\/jpeg"}],"twitter_card":"summary_large_image","schema":{"@context":"https:\/\/schema.org","@graph":[{"@type":"WebPage","@id":"https:\/\/ollerpintures.com\/es\/producto\/aceite-de-teca-para-madera-xyladecor-miel\/","url":"https:\/\/ollerpintures.com\/es\/producto\/aceite-de-teca-para-madera-xyladecor-miel\/","name":"Aceite de Teca para madera XYLADECOR Miel - Oller Pinturas y revestimientos","isPartOf":{"@id":"https:\/\/ollerpintures.com\/es\/#website"},"primaryImageOfPage":{"@id":"https:\/\/ollerpintures.com\/es\/producto\/aceite-de-teca-para-madera-xyladecor-miel\/#primaryimage"},"image":{"@id":"https:\/\/ollerpintures.com\/es\/producto\/aceite-de-teca-para-madera-xyladecor-miel\/#primaryimage"},"thumbnailUrl":"https:\/\/ollerpintures.com\/wp-content\/uploads\/2021\/06\/aceite-para-teca-miel-xyladecor-online-oller-comprar-pintura.jpg","datePublished":"2021-06-07T06:29:49+00:00","dateModified":"2026-02-19T14:10:26+00:00","description":"El Aceite de Teca XYLADECOR Miel es el mejor producto para proteger la madera de teca del exterior. Escoge el tama\u00f1o que m\u00e1s te convenga seg\u00fan la superficie a pintar y protege los muebles a la perfecci\u00f3n: la relaci\u00f3n habitual son 13m2\/litro. Es un producto que recomendamos para maderas tropicales de exterior.","breadcrumb":{"@id":"https:\/\/ollerpintures.com\/es\/producto\/aceite-de-teca-para-madera-xyladecor-miel\/#breadcrumb"},"inLanguage":"es","potentialAction":[{"@type":"ReadAction","target":["https:\/\/ollerpintures.com\/es\/producto\/aceite-de-teca-para-madera-xyladecor-miel\/"]}]},{"@type":"ImageObject","inLanguage":"es","@id":"https:\/\/ollerpintures.com\/es\/producto\/aceite-de-teca-para-madera-xyladecor-miel\/#primaryimage","url":"https:\/\/ollerpintures.com\/wp-content\/uploads\/2021\/06\/aceite-para-teca-miel-xyladecor-online-oller-comprar-pintura.jpg","contentUrl":"https:\/\/ollerpintures.com\/wp-content\/uploads\/2021\/06\/aceite-para-teca-miel-xyladecor-online-oller-comprar-pintura.jpg","width":1080,"height":1080,"caption":"Aceite de Teca Miel XYLADECOR"},{"@type":"BreadcrumbList","@id":"https:\/\/ollerpintures.com\/es\/producto\/aceite-de-teca-para-madera-xyladecor-miel\/#breadcrumb","itemListElement":[{"@type":"ListItem","position":1,"name":"Inici","item":"https:\/\/ollerpintures.com\/es\/"},{"@type":"ListItem","position":2,"name":"Tienda","item":"https:\/\/ollerpintures.com\/es\/tienda\/"},{"@type":"ListItem","position":3,"name":"Aceite de Teca para madera XYLADECOR Miel"}]},{"@type":"WebSite","@id":"https:\/\/ollerpintures.com\/es\/#website","url":"https:\/\/ollerpintures.com\/es\/","name":"Oller Pinturas y Revestimientos","description":"M\u00e1s de 50 a\u00f1os acompa\u00f1ando a profesionales y particulares con soluciones de pintura duraderas y sostenibles, seis tiendas de proximidad con servicio tintom\u00e9trico propio y un compromiso real con el oficio y las nuevas generaciones.","publisher":{"@id":"https:\/\/ollerpintures.com\/es\/#organization"},"alternateName":"Oller Grup","potentialAction":[{"@type":"SearchAction","target":{"@type":"EntryPoint","urlTemplate":"https:\/\/ollerpintures.com\/es\/?s={search_term_string}"},"query-input":{"@type":"PropertyValueSpecification","valueRequired":true,"valueName":"search_term_string"}}],"inLanguage":"es"},{"@type":"Organization","@id":"https:\/\/ollerpintures.com\/es\/#organization","name":"Oller Pintures i Revestiments","alternateName":"Oller Grup","url":"https:\/\/ollerpintures.com\/es\/","logo":{"@type":"ImageObject","inLanguage":"es","@id":"https:\/\/ollerpintures.com\/es\/#\/schema\/logo\/image\/","url":"https:\/\/ollerpintures.com\/wp-content\/uploads\/2024\/05\/newLogo.png","contentUrl":"https:\/\/ollerpintures.com\/wp-content\/uploads\/2024\/05\/newLogo.png","width":483,"height":244,"caption":"Oller Pintures i Revestiments"},"image":{"@id":"https:\/\/ollerpintures.com\/es\/#\/schema\/logo\/image\/"},"sameAs":["https:\/\/www.facebook.com\/people\/Oller-Pintures\/100063652056709\/","https:\/\/www.instagram.com\/ollerpintures\/","https:\/\/descriptor.es\/organization\/oller-grup\/"]}]}},"brands":[{"id":794,"name":"Xyladecor","slug":"xyladecor-es"},{"id":691,"name":"Xyladecor","slug":"xyladecor"}],"_links":{"self":[{"href":"https:\/\/ollerpintures.com\/es\/wp-json\/wp\/v2\/product\/11788","targetHints":{"allow":["GET"]}}],"collection":[{"href":"https:\/\/ollerpintures.com\/es\/wp-json\/wp\/v2\/product"}],"about":[{"href":"https:\/\/ollerpintures.com\/es\/wp-json\/wp\/v2\/types\/product"}],"wp:featuredmedia":[{"embeddable":true,"href":"https:\/\/ollerpintures.com\/es\/wp-json\/wp\/v2\/media\/11764"}],"wp:attachment":[{"href":"https:\/\/ollerpintures.com\/es\/wp-json\/wp\/v2\/media?parent=11788"}],"wp:term":[{"taxonomy":"pwb-brand","embeddable":true,"href":"https:\/\/ollerpintures.com\/es\/wp-json\/wp\/v2\/pwb-brand?post=11788"},{"taxonomy":"product_brand","embeddable":true,"href":"https:\/\/ollerpintures.com\/es\/wp-json\/wp\/v2\/product_brand?post=11788"},{"taxonomy":"product_cat","embeddable":true,"href":"https:\/\/ollerpintures.com\/es\/wp-json\/wp\/v2\/product_cat?post=11788"},{"taxonomy":"product_tag","embeddable":true,"href":"https:\/\/ollerpintures.com\/es\/wp-json\/wp\/v2\/product_tag?post=11788"}],"curies":[{"name":"wp","href":"https:\/\/api.w.org\/{rel}","templated":true}]}}