{"id":11670,"date":"2021-06-02T09:03:43","date_gmt":"2021-06-02T08:03:43","guid":{"rendered":"https:\/\/oller-pintures.c.wetopi.com\/producte\/pintura-para-tarimas-de-madera-lasur-sikkens-cetol-bl-hydratol-teka\/"},"modified":"2025-05-29T10:13:36","modified_gmt":"2025-05-29T09:13:36","slug":"pintura-para-tarimas-de-madera-lasur-sikkens-cetol-bl-hydratol-teka","status":"publish","type":"product","link":"https:\/\/ollerpintures.com\/es\/producto\/pintura-para-tarimas-de-madera-lasur-sikkens-cetol-bl-hydratol-teka\/","title":{"rendered":"Pintura para tarimas de madera Lasur SIKKENS Cetol BL Hydratol &#8211; Teka"},"content":{"rendered":"<p>Pintura para madera lasur al agua mate. El\u00a0<strong>Lasur SIKKENS teka Cetol BL Hydratol es el producto estrella para cuidar jardines y reparar maderas agrisadas<\/strong>: protector para <a href=\"\/es\/tarima-de-madera-para-piscina-tratamiento-de-la-madera\/\">tarimas de madera<\/a> y superficies verticales de grandes dimensiones. Tiene muy buena resistencia a los <a href=\"https:\/\/es.wikipedia.org\/wiki\/Radiaci%C3%B3n_ultravioleta\" target=\"_blank\" rel=\"noopener\">rayos UV<\/a> y es muy f\u00e1cil de aplicar.<\/p>\n<blockquote><p>\u00a1Consigue jardines impecables gracias al Lasur SIKKENS teka, la <a href=\"https:\/\/ollerpintures.com\/categoria-producto\/pintura-es\/tratamiento-para-madera-y-jardin\/pintura-para-piscinas\/\">pintura para piscina<\/a> y los mejores accesorios para el proyecto: <a href=\"https:\/\/ollerpintures.com\/producto\/pad-madera-hilo-largo\/\" target=\"_blank\" rel=\"noopener\">PADs<\/a>,\u00a0<a href=\"https:\/\/ollerpintures.com\/categoria-producto\/maquinaria-oferta\/hidrolimpiadoras\/\" target=\"_blank\" rel=\"noopener\">hidrolimpiadoras<\/a>,\u00a0<a href=\"https:\/\/ollerpintures.com\/categoria-producto\/herramientas-y-complementos\/para-pintar\/brochas-y-pinceles\/\" target=\"_blank\" rel=\"noopener\">pinceles<\/a>,\u00a0<a href=\"https:\/\/ollerpintures.com\/categoria-producto\/herramientas-y-complementos\/para-pintar\/cubetas\/\">cubetas<\/a>\u2026<\/p><\/blockquote>\n<h3>Caracter\u00edsticas Lasur SIKKENS teka:<\/h3>\n<ul>\n<li>F\u00e1cil de aplicar<\/li>\n<li>Acabado mate<\/li>\n<li>Buena resistencia a los rayos ultravioleta (UV)<\/li>\n<li>Buen poder de penetraci\u00f3n al soporte<\/li>\n<li>Producto al agua: olor m\u00ednimo<\/li>\n<li>Microporoso, poder regulador de la humedad<\/li>\n<li>Muy transl\u00facido: realza la textura de la madera<\/li>\n<\/ul>\n<p><em>\u00a1Consulta la ficha t\u00e9cnica para m\u00e1s informaci\u00f3n sobre el producto y su aplicaci\u00f3n!<\/em><\/p>\n<p>Tambi\u00e9n disponible en color <a href=\"https:\/\/ollerpintures.com\/es\/producto\/pintura-para-tarimas-de-madera-lasur-sikkens-cetol-bl-hydratol-roble-claro\/\">roble claro<\/a><\/p>\n","protected":false},"excerpt":{"rendered":"<p>Pintura para madera lasur al agua mate. El producto <strong>Lasur SIKKENS teka Cetol BL Hydratol es el producto estrella para cuidar jardines y reparar maderas agrisadas<\/strong>: protector para tarimas de madera y superficies verticales de grandes dimensiones. Tiene muy buena resistencia a la radiaci\u00f3n UV y es muy f\u00e1cil de aplicar.<\/p>\n","protected":false},"featured_media":12755,"template":"","meta":{"_acf_changed":false},"pwb-brand":[824],"product_brand":[],"product_cat":[201,825,837,541],"product_tag":[738,826,537,712,827,743],"class_list":{"0":"post-11670","1":"product","2":"type-product","3":"status-publish","4":"has-post-thumbnail","6":"pwb-brand-sikkens-es","7":"product_cat-pintura-es","8":"product_cat-tratamiento-para-madera-y-jardin","9":"product_cat-lasur-protector-es","10":"product_cat-pintura-para-madera","11":"product_tag-jardin","12":"product_tag-lasur-es","13":"product_tag-madera","14":"product_tag-proteccion-para-madera","15":"product_tag-tarimas-de-madera","16":"product_tag-tratamiento-para-madera","17":"no-featured-image-padding","18":"resize-featured-image","19":"sales-flash-overlay","20":"woocommerce-text-align-left","21":"woocommerce-image-align-center","22":"do-quantity-buttons","23":"wc-has-gallery","25":"first","26":"instock","27":"shipping-taxable","28":"purchasable","29":"product-type-variable"},"acf":[],"yoast_head":"<!-- This site is optimized with the Yoast SEO plugin v27.1.1 - https:\/\/yoast.com\/product\/yoast-seo-wordpress\/ -->\n<title>Lasur SIKKENS teka | Protecci\u00f3n madera | Oller Pinturas<\/title>\n<meta name=\"description\" content=\"Lasur SIKKENS teka al agua con acabado mate es el producto estrella protector para tarimas de madera y superficies verticales de grandes dimensiones.\" \/>\n<meta name=\"robots\" content=\"index, follow, max-snippet:-1, max-image-preview:large, max-video-preview:-1\" \/>\n<link rel=\"canonical\" href=\"https:\/\/ollerpintures.com\/es\/producto\/pintura-para-tarimas-de-madera-lasur-sikkens-cetol-bl-hydratol-teka\/\" \/>\n<meta property=\"og:locale\" content=\"es_ES\" \/>\n<meta property=\"og:type\" content=\"article\" \/>\n<meta property=\"og:title\" content=\"Lasur SIKKENS teka | Protecci\u00f3n madera | Oller Pinturas\" \/>\n<meta property=\"og:description\" content=\"Lasur SIKKENS teka al agua con acabado mate es el producto estrella protector para tarimas de madera y superficies verticales de grandes dimensiones.\" \/>\n<meta property=\"og:url\" content=\"https:\/\/ollerpintures.com\/es\/producto\/pintura-para-tarimas-de-madera-lasur-sikkens-cetol-bl-hydratol-teka\/\" \/>\n<meta property=\"og:site_name\" content=\"Oller Pinturas y revestimientos\" \/>\n<meta property=\"article:publisher\" content=\"https:\/\/www.facebook.com\/people\/Oller-Pintures\/100063652056709\/\" \/>\n<meta property=\"article:modified_time\" content=\"2025-05-29T09:13:36+00:00\" \/>\n<meta property=\"og:image\" content=\"https:\/\/ollerpintures.com\/wp-content\/uploads\/2021\/06\/sikkens-cetol-hydratol-lasur-para-madera-oller-comprar-online-tekka.jpg\" \/>\n\t<meta property=\"og:image:width\" content=\"1080\" \/>\n\t<meta property=\"og:image:height\" content=\"1080\" \/>\n\t<meta property=\"og:image:type\" content=\"image\/jpeg\" \/>\n<meta name=\"twitter:card\" content=\"summary_large_image\" \/>\n<meta name=\"twitter:label1\" content=\"Tiempo de lectura\" \/>\n\t<meta name=\"twitter:data1\" content=\"1 minuto\" \/>\n<script type=\"application\/ld+json\" class=\"yoast-schema-graph\">{\"@context\":\"https:\/\/schema.org\",\"@graph\":[{\"@type\":\"WebPage\",\"@id\":\"https:\/\/ollerpintures.com\/es\/producto\/pintura-para-tarimas-de-madera-lasur-sikkens-cetol-bl-hydratol-teka\/\",\"url\":\"https:\/\/ollerpintures.com\/es\/producto\/pintura-para-tarimas-de-madera-lasur-sikkens-cetol-bl-hydratol-teka\/\",\"name\":\"Lasur SIKKENS teka | Protecci\u00f3n madera | Oller Pinturas\",\"isPartOf\":{\"@id\":\"https:\/\/ollerpintures.com\/es\/#website\"},\"primaryImageOfPage\":{\"@id\":\"https:\/\/ollerpintures.com\/es\/producto\/pintura-para-tarimas-de-madera-lasur-sikkens-cetol-bl-hydratol-teka\/#primaryimage\"},\"image\":{\"@id\":\"https:\/\/ollerpintures.com\/es\/producto\/pintura-para-tarimas-de-madera-lasur-sikkens-cetol-bl-hydratol-teka\/#primaryimage\"},\"thumbnailUrl\":\"https:\/\/ollerpintures.com\/wp-content\/uploads\/2021\/06\/sikkens-cetol-hydratol-lasur-para-madera-oller-comprar-online-tekka.jpg\",\"datePublished\":\"2021-06-02T08:03:43+00:00\",\"dateModified\":\"2025-05-29T09:13:36+00:00\",\"description\":\"Lasur SIKKENS teka al agua con acabado mate es el producto estrella protector para tarimas de madera y superficies verticales de grandes dimensiones.\",\"breadcrumb\":{\"@id\":\"https:\/\/ollerpintures.com\/es\/producto\/pintura-para-tarimas-de-madera-lasur-sikkens-cetol-bl-hydratol-teka\/#breadcrumb\"},\"inLanguage\":\"es\",\"potentialAction\":[{\"@type\":\"ReadAction\",\"target\":[\"https:\/\/ollerpintures.com\/es\/producto\/pintura-para-tarimas-de-madera-lasur-sikkens-cetol-bl-hydratol-teka\/\"]}]},{\"@type\":\"ImageObject\",\"inLanguage\":\"es\",\"@id\":\"https:\/\/ollerpintures.com\/es\/producto\/pintura-para-tarimas-de-madera-lasur-sikkens-cetol-bl-hydratol-teka\/#primaryimage\",\"url\":\"https:\/\/ollerpintures.com\/wp-content\/uploads\/2021\/06\/sikkens-cetol-hydratol-lasur-para-madera-oller-comprar-online-tekka.jpg\",\"contentUrl\":\"https:\/\/ollerpintures.com\/wp-content\/uploads\/2021\/06\/sikkens-cetol-hydratol-lasur-para-madera-oller-comprar-online-tekka.jpg\",\"width\":1080,\"height\":1080,\"caption\":\"Lasur SIKKENS teka\"},{\"@type\":\"BreadcrumbList\",\"@id\":\"https:\/\/ollerpintures.com\/es\/producto\/pintura-para-tarimas-de-madera-lasur-sikkens-cetol-bl-hydratol-teka\/#breadcrumb\",\"itemListElement\":[{\"@type\":\"ListItem\",\"position\":1,\"name\":\"Inici\",\"item\":\"https:\/\/ollerpintures.com\/es\/\"},{\"@type\":\"ListItem\",\"position\":2,\"name\":\"Tienda\",\"item\":\"https:\/\/ollerpintures.com\/es\/tienda\/\"},{\"@type\":\"ListItem\",\"position\":3,\"name\":\"Pintura para tarimas de madera Lasur SIKKENS Cetol BL Hydratol &#8211; Teka\"}]},{\"@type\":\"WebSite\",\"@id\":\"https:\/\/ollerpintures.com\/es\/#website\",\"url\":\"https:\/\/ollerpintures.com\/es\/\",\"name\":\"Oller Pinturas y Revestimientos\",\"description\":\"M\u00e1s de 50 a\u00f1os acompa\u00f1ando a profesionales y particulares con soluciones de pintura duraderas y sostenibles, seis tiendas de proximidad con servicio tintom\u00e9trico propio y un compromiso real con el oficio y las nuevas generaciones.\",\"publisher\":{\"@id\":\"https:\/\/ollerpintures.com\/es\/#organization\"},\"alternateName\":\"Oller Grup\",\"potentialAction\":[{\"@type\":\"SearchAction\",\"target\":{\"@type\":\"EntryPoint\",\"urlTemplate\":\"https:\/\/ollerpintures.com\/es\/?s={search_term_string}\"},\"query-input\":{\"@type\":\"PropertyValueSpecification\",\"valueRequired\":true,\"valueName\":\"search_term_string\"}}],\"inLanguage\":\"es\"},{\"@type\":\"Organization\",\"@id\":\"https:\/\/ollerpintures.com\/es\/#organization\",\"name\":\"Oller Pintures i Revestiments\",\"alternateName\":\"Oller Grup\",\"url\":\"https:\/\/ollerpintures.com\/es\/\",\"logo\":{\"@type\":\"ImageObject\",\"inLanguage\":\"es\",\"@id\":\"https:\/\/ollerpintures.com\/es\/#\/schema\/logo\/image\/\",\"url\":\"https:\/\/ollerpintures.com\/wp-content\/uploads\/2024\/05\/newLogo.png\",\"contentUrl\":\"https:\/\/ollerpintures.com\/wp-content\/uploads\/2024\/05\/newLogo.png\",\"width\":483,\"height\":244,\"caption\":\"Oller Pintures i Revestiments\"},\"image\":{\"@id\":\"https:\/\/ollerpintures.com\/es\/#\/schema\/logo\/image\/\"},\"sameAs\":[\"https:\/\/www.facebook.com\/people\/Oller-Pintures\/100063652056709\/\",\"https:\/\/www.instagram.com\/ollerpintures\/\",\"https:\/\/descriptor.es\/organization\/oller-grup\/\"]}]}<\/script>\n<!-- \/ Yoast SEO plugin. -->","yoast_head_json":{"title":"Lasur SIKKENS teka | Protecci\u00f3n madera | Oller Pinturas","description":"Lasur SIKKENS teka al agua con acabado mate es el producto estrella protector para tarimas de madera y superficies verticales de grandes dimensiones.","robots":{"index":"index","follow":"follow","max-snippet":"max-snippet:-1","max-image-preview":"max-image-preview:large","max-video-preview":"max-video-preview:-1"},"canonical":"https:\/\/ollerpintures.com\/es\/producto\/pintura-para-tarimas-de-madera-lasur-sikkens-cetol-bl-hydratol-teka\/","og_locale":"es_ES","og_type":"article","og_title":"Lasur SIKKENS teka | Protecci\u00f3n madera | Oller Pinturas","og_description":"Lasur SIKKENS teka al agua con acabado mate es el producto estrella protector para tarimas de madera y superficies verticales de grandes dimensiones.","og_url":"https:\/\/ollerpintures.com\/es\/producto\/pintura-para-tarimas-de-madera-lasur-sikkens-cetol-bl-hydratol-teka\/","og_site_name":"Oller Pinturas y revestimientos","article_publisher":"https:\/\/www.facebook.com\/people\/Oller-Pintures\/100063652056709\/","article_modified_time":"2025-05-29T09:13:36+00:00","og_image":[{"width":1080,"height":1080,"url":"https:\/\/ollerpintures.com\/wp-content\/uploads\/2021\/06\/sikkens-cetol-hydratol-lasur-para-madera-oller-comprar-online-tekka.jpg","type":"image\/jpeg"}],"twitter_card":"summary_large_image","twitter_misc":{"Tiempo de lectura":"1 minuto"},"schema":{"@context":"https:\/\/schema.org","@graph":[{"@type":"WebPage","@id":"https:\/\/ollerpintures.com\/es\/producto\/pintura-para-tarimas-de-madera-lasur-sikkens-cetol-bl-hydratol-teka\/","url":"https:\/\/ollerpintures.com\/es\/producto\/pintura-para-tarimas-de-madera-lasur-sikkens-cetol-bl-hydratol-teka\/","name":"Lasur SIKKENS teka | Protecci\u00f3n madera | Oller Pinturas","isPartOf":{"@id":"https:\/\/ollerpintures.com\/es\/#website"},"primaryImageOfPage":{"@id":"https:\/\/ollerpintures.com\/es\/producto\/pintura-para-tarimas-de-madera-lasur-sikkens-cetol-bl-hydratol-teka\/#primaryimage"},"image":{"@id":"https:\/\/ollerpintures.com\/es\/producto\/pintura-para-tarimas-de-madera-lasur-sikkens-cetol-bl-hydratol-teka\/#primaryimage"},"thumbnailUrl":"https:\/\/ollerpintures.com\/wp-content\/uploads\/2021\/06\/sikkens-cetol-hydratol-lasur-para-madera-oller-comprar-online-tekka.jpg","datePublished":"2021-06-02T08:03:43+00:00","dateModified":"2025-05-29T09:13:36+00:00","description":"Lasur SIKKENS teka al agua con acabado mate es el producto estrella protector para tarimas de madera y superficies verticales de grandes dimensiones.","breadcrumb":{"@id":"https:\/\/ollerpintures.com\/es\/producto\/pintura-para-tarimas-de-madera-lasur-sikkens-cetol-bl-hydratol-teka\/#breadcrumb"},"inLanguage":"es","potentialAction":[{"@type":"ReadAction","target":["https:\/\/ollerpintures.com\/es\/producto\/pintura-para-tarimas-de-madera-lasur-sikkens-cetol-bl-hydratol-teka\/"]}]},{"@type":"ImageObject","inLanguage":"es","@id":"https:\/\/ollerpintures.com\/es\/producto\/pintura-para-tarimas-de-madera-lasur-sikkens-cetol-bl-hydratol-teka\/#primaryimage","url":"https:\/\/ollerpintures.com\/wp-content\/uploads\/2021\/06\/sikkens-cetol-hydratol-lasur-para-madera-oller-comprar-online-tekka.jpg","contentUrl":"https:\/\/ollerpintures.com\/wp-content\/uploads\/2021\/06\/sikkens-cetol-hydratol-lasur-para-madera-oller-comprar-online-tekka.jpg","width":1080,"height":1080,"caption":"Lasur SIKKENS teka"},{"@type":"BreadcrumbList","@id":"https:\/\/ollerpintures.com\/es\/producto\/pintura-para-tarimas-de-madera-lasur-sikkens-cetol-bl-hydratol-teka\/#breadcrumb","itemListElement":[{"@type":"ListItem","position":1,"name":"Inici","item":"https:\/\/ollerpintures.com\/es\/"},{"@type":"ListItem","position":2,"name":"Tienda","item":"https:\/\/ollerpintures.com\/es\/tienda\/"},{"@type":"ListItem","position":3,"name":"Pintura para tarimas de madera Lasur SIKKENS Cetol BL Hydratol &#8211; Teka"}]},{"@type":"WebSite","@id":"https:\/\/ollerpintures.com\/es\/#website","url":"https:\/\/ollerpintures.com\/es\/","name":"Oller Pinturas y Revestimientos","description":"M\u00e1s de 50 a\u00f1os acompa\u00f1ando a profesionales y particulares con soluciones de pintura duraderas y sostenibles, seis tiendas de proximidad con servicio tintom\u00e9trico propio y un compromiso real con el oficio y las nuevas generaciones.","publisher":{"@id":"https:\/\/ollerpintures.com\/es\/#organization"},"alternateName":"Oller Grup","potentialAction":[{"@type":"SearchAction","target":{"@type":"EntryPoint","urlTemplate":"https:\/\/ollerpintures.com\/es\/?s={search_term_string}"},"query-input":{"@type":"PropertyValueSpecification","valueRequired":true,"valueName":"search_term_string"}}],"inLanguage":"es"},{"@type":"Organization","@id":"https:\/\/ollerpintures.com\/es\/#organization","name":"Oller Pintures i Revestiments","alternateName":"Oller Grup","url":"https:\/\/ollerpintures.com\/es\/","logo":{"@type":"ImageObject","inLanguage":"es","@id":"https:\/\/ollerpintures.com\/es\/#\/schema\/logo\/image\/","url":"https:\/\/ollerpintures.com\/wp-content\/uploads\/2024\/05\/newLogo.png","contentUrl":"https:\/\/ollerpintures.com\/wp-content\/uploads\/2024\/05\/newLogo.png","width":483,"height":244,"caption":"Oller Pintures i Revestiments"},"image":{"@id":"https:\/\/ollerpintures.com\/es\/#\/schema\/logo\/image\/"},"sameAs":["https:\/\/www.facebook.com\/people\/Oller-Pintures\/100063652056709\/","https:\/\/www.instagram.com\/ollerpintures\/","https:\/\/descriptor.es\/organization\/oller-grup\/"]}]}},"brands":[{"id":824,"name":"Sikkens","slug":"sikkens-es"}],"_links":{"self":[{"href":"https:\/\/ollerpintures.com\/es\/wp-json\/wp\/v2\/product\/11670","targetHints":{"allow":["GET"]}}],"collection":[{"href":"https:\/\/ollerpintures.com\/es\/wp-json\/wp\/v2\/product"}],"about":[{"href":"https:\/\/ollerpintures.com\/es\/wp-json\/wp\/v2\/types\/product"}],"wp:featuredmedia":[{"embeddable":true,"href":"https:\/\/ollerpintures.com\/es\/wp-json\/wp\/v2\/media\/12755"}],"wp:attachment":[{"href":"https:\/\/ollerpintures.com\/es\/wp-json\/wp\/v2\/media?parent=11670"}],"wp:term":[{"taxonomy":"pwb-brand","embeddable":true,"href":"https:\/\/ollerpintures.com\/es\/wp-json\/wp\/v2\/pwb-brand?post=11670"},{"taxonomy":"product_brand","embeddable":true,"href":"https:\/\/ollerpintures.com\/es\/wp-json\/wp\/v2\/product_brand?post=11670"},{"taxonomy":"product_cat","embeddable":true,"href":"https:\/\/ollerpintures.com\/es\/wp-json\/wp\/v2\/product_cat?post=11670"},{"taxonomy":"product_tag","embeddable":true,"href":"https:\/\/ollerpintures.com\/es\/wp-json\/wp\/v2\/product_tag?post=11670"}],"curies":[{"name":"wp","href":"https:\/\/api.w.org\/{rel}","templated":true}]}}