{"id":11551,"date":"2021-05-28T11:37:53","date_gmt":"2021-05-28T10:37:53","guid":{"rendered":"https:\/\/oller-pintures.c.wetopi.com\/producte\/rodillo-para-piscinas-y-suelos-22cm\/"},"modified":"2026-02-13T20:15:41","modified_gmt":"2026-02-13T19:15:41","slug":"rodillo-para-piscinas-y-suelos-22cm","status":"publish","type":"product","link":"https:\/\/ollerpintures.com\/es\/producto\/rodillo-para-piscinas-y-suelos-22cm\/","title":{"rendered":"Rodillo para piscinas y suelos 22cm"},"content":{"rendered":"<p>Este es un rodillo especial para pintar piscinas y suelos. Conseguir\u00e1s un acabado fino y podr\u00e1s pintar con comodidad sin dejar marcas en la superficie. Te lo recomendamos para pintar con epoxis, resinas, clorocaucho y poliuretano.<strong> \u00a1Es la opci\u00f3n que necesitas si buscas un rodillo para pintar piscinas y suelos!<\/strong><\/p>\n<p>Es el complemento perfecto para trabajar con <a href=\"https:\/\/ollerpintures.com\/producto\/pintura-para-piscinas-zenko-piscinas-clorocaucho-blanca-5kg-copia\/\">Pintura para piscinas ZENKO Piscinas Clorocaucho Azul 5Kg<\/a> o <a href=\"https:\/\/ollerpintures.com\/es\/producto\/pintura-para-piscinas-zenko-piscinas-clorocaucho-azul-5kg\/\" target=\"_blank\" rel=\"noopener\">Pintura para piscinas de fibra BLATEMPUR Piscinas Poliester Azul 4L<\/a>, entre otras.<\/p>\n<p>Para conseguir un mejor acabado y experiencia con piscinas de fibra, recuerda lijar antes la superficie con una <a href=\"https:\/\/ollerpintures.com\/producte\/lija-en-rotllo-115x5\/\" target=\"_blank\" rel=\"noopener\">lija de P80 o P100<\/a><\/p>\n","protected":false},"excerpt":{"rendered":"<p>Este es un rodillo especial para pintar piscinas y suelos. Conseguir\u00e1s un acabado fino y podr\u00e1s pintar con comodidad sin dejar marcas en la superficie. Te lo recomendamos para pintar con epoxis, resinas, clorocaucho y poliuretano.<strong> \u00a1Es la opci\u00f3n que necesitas si buscas un rodillo para pintar piscinas y suelos!<\/strong><\/p>\n","protected":false},"featured_media":11550,"template":"","meta":{"_acf_changed":false},"pwb-brand":[],"product_brand":[],"product_cat":[825,855,112,199,200],"product_tag":[210,740,209],"class_list":{"0":"post-11551","1":"product","2":"type-product","3":"status-publish","4":"has-post-thumbnail","6":"product_cat-tratamiento-para-madera-y-jardin","7":"product_cat-herramientas-y-maquinas-para-madera-y-piscinas","8":"product_cat-herramientas-y-complementos","9":"product_cat-para-pintar","10":"product_cat-rodillos","11":"product_tag-herramientas","12":"product_tag-piscina-es","13":"product_tag-rodillo","14":"no-featured-image-padding","15":"resize-featured-image","16":"sales-flash-overlay","17":"woocommerce-text-align-left","18":"woocommerce-image-align-center","19":"do-quantity-buttons","21":"first","22":"instock","23":"shipping-taxable","24":"purchasable","25":"product-type-simple"},"acf":[],"yoast_head":"<!-- This site is optimized with the Yoast SEO plugin v27.1.1 - https:\/\/yoast.com\/product\/yoast-seo-wordpress\/ -->\n<title>Rodillo para piscinas y suelos 22cm - Pintar Piscinas - Oller Grup<\/title>\n<meta name=\"description\" content=\"Este es un rodillo especial para pintar piscinas y suelos. Conseguir\u00e1s un acabado fino y podr\u00e1s pintar con comodidad sin dejar marcas en la superficie. Te lo recomendamos para pintar con epoxis, resinas, clorocaucho y poliuretano. \u00a1Es la opci\u00f3n que necesitas si buscas un rodillo para pintar piscinas y suelos!\" \/>\n<meta name=\"robots\" content=\"index, follow, max-snippet:-1, max-image-preview:large, max-video-preview:-1\" \/>\n<link rel=\"canonical\" href=\"https:\/\/ollerpintures.com\/es\/producto\/rodillo-para-piscinas-y-suelos-22cm\/\" \/>\n<meta property=\"og:locale\" content=\"es_ES\" \/>\n<meta property=\"og:type\" content=\"article\" \/>\n<meta property=\"og:title\" content=\"Rodillo para piscinas y suelos 22cm - Pintar Piscinas - Oller Grup\" \/>\n<meta property=\"og:description\" content=\"Este es un rodillo especial para pintar piscinas y suelos. Conseguir\u00e1s un acabado fino y podr\u00e1s pintar con comodidad sin dejar marcas en la superficie. Te lo recomendamos para pintar con epoxis, resinas, clorocaucho y poliuretano. \u00a1Es la opci\u00f3n que necesitas si buscas un rodillo para pintar piscinas y suelos!\" \/>\n<meta property=\"og:url\" content=\"https:\/\/ollerpintures.com\/es\/producto\/rodillo-para-piscinas-y-suelos-22cm\/\" \/>\n<meta property=\"og:site_name\" content=\"Oller Pinturas y revestimientos\" \/>\n<meta property=\"article:publisher\" content=\"https:\/\/www.facebook.com\/people\/Oller-Pintures\/100063652056709\/\" \/>\n<meta property=\"article:modified_time\" content=\"2026-02-13T19:15:41+00:00\" \/>\n<meta property=\"og:image\" content=\"https:\/\/ollerpintures.com\/wp-content\/uploads\/2021\/05\/rodillo-especial-piscinas-suelos-comprar-online-oller-pintura-pintar.jpg\" \/>\n\t<meta property=\"og:image:width\" content=\"1080\" \/>\n\t<meta property=\"og:image:height\" content=\"1080\" \/>\n\t<meta property=\"og:image:type\" content=\"image\/jpeg\" \/>\n<meta name=\"twitter:card\" content=\"summary_large_image\" \/>\n<meta name=\"twitter:label1\" content=\"Tiempo de lectura\" \/>\n\t<meta name=\"twitter:data1\" content=\"1 minuto\" \/>\n<script type=\"application\/ld+json\" class=\"yoast-schema-graph\">{\"@context\":\"https:\/\/schema.org\",\"@graph\":[{\"@type\":\"WebPage\",\"@id\":\"https:\/\/ollerpintures.com\/es\/producto\/rodillo-para-piscinas-y-suelos-22cm\/\",\"url\":\"https:\/\/ollerpintures.com\/es\/producto\/rodillo-para-piscinas-y-suelos-22cm\/\",\"name\":\"Rodillo para piscinas y suelos 22cm - Pintar Piscinas - Oller Grup\",\"isPartOf\":{\"@id\":\"https:\/\/ollerpintures.com\/es\/#website\"},\"primaryImageOfPage\":{\"@id\":\"https:\/\/ollerpintures.com\/es\/producto\/rodillo-para-piscinas-y-suelos-22cm\/#primaryimage\"},\"image\":{\"@id\":\"https:\/\/ollerpintures.com\/es\/producto\/rodillo-para-piscinas-y-suelos-22cm\/#primaryimage\"},\"thumbnailUrl\":\"https:\/\/ollerpintures.com\/wp-content\/uploads\/2021\/05\/rodillo-especial-piscinas-suelos-comprar-online-oller-pintura-pintar.jpg\",\"datePublished\":\"2021-05-28T10:37:53+00:00\",\"dateModified\":\"2026-02-13T19:15:41+00:00\",\"description\":\"Este es un rodillo especial para pintar piscinas y suelos. Conseguir\u00e1s un acabado fino y podr\u00e1s pintar con comodidad sin dejar marcas en la superficie. Te lo recomendamos para pintar con epoxis, resinas, clorocaucho y poliuretano. \u00a1Es la opci\u00f3n que necesitas si buscas un rodillo para pintar piscinas y suelos!\",\"breadcrumb\":{\"@id\":\"https:\/\/ollerpintures.com\/es\/producto\/rodillo-para-piscinas-y-suelos-22cm\/#breadcrumb\"},\"inLanguage\":\"es\",\"potentialAction\":[{\"@type\":\"ReadAction\",\"target\":[\"https:\/\/ollerpintures.com\/es\/producto\/rodillo-para-piscinas-y-suelos-22cm\/\"]}]},{\"@type\":\"ImageObject\",\"inLanguage\":\"es\",\"@id\":\"https:\/\/ollerpintures.com\/es\/producto\/rodillo-para-piscinas-y-suelos-22cm\/#primaryimage\",\"url\":\"https:\/\/ollerpintures.com\/wp-content\/uploads\/2021\/05\/rodillo-especial-piscinas-suelos-comprar-online-oller-pintura-pintar.jpg\",\"contentUrl\":\"https:\/\/ollerpintures.com\/wp-content\/uploads\/2021\/05\/rodillo-especial-piscinas-suelos-comprar-online-oller-pintura-pintar.jpg\",\"width\":1080,\"height\":1080,\"caption\":\"Rodillo para piscinas y suelos 22cm\"},{\"@type\":\"BreadcrumbList\",\"@id\":\"https:\/\/ollerpintures.com\/es\/producto\/rodillo-para-piscinas-y-suelos-22cm\/#breadcrumb\",\"itemListElement\":[{\"@type\":\"ListItem\",\"position\":1,\"name\":\"Inici\",\"item\":\"https:\/\/ollerpintures.com\/es\/\"},{\"@type\":\"ListItem\",\"position\":2,\"name\":\"Tienda\",\"item\":\"https:\/\/ollerpintures.com\/es\/tienda\/\"},{\"@type\":\"ListItem\",\"position\":3,\"name\":\"Rodillo para piscinas y suelos 22cm\"}]},{\"@type\":\"WebSite\",\"@id\":\"https:\/\/ollerpintures.com\/es\/#website\",\"url\":\"https:\/\/ollerpintures.com\/es\/\",\"name\":\"Oller Pinturas y Revestimientos\",\"description\":\"M\u00e1s de 50 a\u00f1os acompa\u00f1ando a profesionales y particulares con soluciones de pintura duraderas y sostenibles, seis tiendas de proximidad con servicio tintom\u00e9trico propio y un compromiso real con el oficio y las nuevas generaciones.\",\"publisher\":{\"@id\":\"https:\/\/ollerpintures.com\/es\/#organization\"},\"alternateName\":\"Oller Grup\",\"potentialAction\":[{\"@type\":\"SearchAction\",\"target\":{\"@type\":\"EntryPoint\",\"urlTemplate\":\"https:\/\/ollerpintures.com\/es\/?s={search_term_string}\"},\"query-input\":{\"@type\":\"PropertyValueSpecification\",\"valueRequired\":true,\"valueName\":\"search_term_string\"}}],\"inLanguage\":\"es\"},{\"@type\":\"Organization\",\"@id\":\"https:\/\/ollerpintures.com\/es\/#organization\",\"name\":\"Oller Pintures i Revestiments\",\"alternateName\":\"Oller Grup\",\"url\":\"https:\/\/ollerpintures.com\/es\/\",\"logo\":{\"@type\":\"ImageObject\",\"inLanguage\":\"es\",\"@id\":\"https:\/\/ollerpintures.com\/es\/#\/schema\/logo\/image\/\",\"url\":\"https:\/\/ollerpintures.com\/wp-content\/uploads\/2024\/05\/newLogo.png\",\"contentUrl\":\"https:\/\/ollerpintures.com\/wp-content\/uploads\/2024\/05\/newLogo.png\",\"width\":483,\"height\":244,\"caption\":\"Oller Pintures i Revestiments\"},\"image\":{\"@id\":\"https:\/\/ollerpintures.com\/es\/#\/schema\/logo\/image\/\"},\"sameAs\":[\"https:\/\/www.facebook.com\/people\/Oller-Pintures\/100063652056709\/\",\"https:\/\/www.instagram.com\/ollerpintures\/\",\"https:\/\/descriptor.es\/organization\/oller-grup\/\"]}]}<\/script>\n<!-- \/ Yoast SEO plugin. -->","yoast_head_json":{"title":"Rodillo para piscinas y suelos 22cm - Pintar Piscinas - Oller Grup","description":"Este es un rodillo especial para pintar piscinas y suelos. Conseguir\u00e1s un acabado fino y podr\u00e1s pintar con comodidad sin dejar marcas en la superficie. Te lo recomendamos para pintar con epoxis, resinas, clorocaucho y poliuretano. \u00a1Es la opci\u00f3n que necesitas si buscas un rodillo para pintar piscinas y suelos!","robots":{"index":"index","follow":"follow","max-snippet":"max-snippet:-1","max-image-preview":"max-image-preview:large","max-video-preview":"max-video-preview:-1"},"canonical":"https:\/\/ollerpintures.com\/es\/producto\/rodillo-para-piscinas-y-suelos-22cm\/","og_locale":"es_ES","og_type":"article","og_title":"Rodillo para piscinas y suelos 22cm - Pintar Piscinas - Oller Grup","og_description":"Este es un rodillo especial para pintar piscinas y suelos. Conseguir\u00e1s un acabado fino y podr\u00e1s pintar con comodidad sin dejar marcas en la superficie. Te lo recomendamos para pintar con epoxis, resinas, clorocaucho y poliuretano. \u00a1Es la opci\u00f3n que necesitas si buscas un rodillo para pintar piscinas y suelos!","og_url":"https:\/\/ollerpintures.com\/es\/producto\/rodillo-para-piscinas-y-suelos-22cm\/","og_site_name":"Oller Pinturas y revestimientos","article_publisher":"https:\/\/www.facebook.com\/people\/Oller-Pintures\/100063652056709\/","article_modified_time":"2026-02-13T19:15:41+00:00","og_image":[{"width":1080,"height":1080,"url":"https:\/\/ollerpintures.com\/wp-content\/uploads\/2021\/05\/rodillo-especial-piscinas-suelos-comprar-online-oller-pintura-pintar.jpg","type":"image\/jpeg"}],"twitter_card":"summary_large_image","twitter_misc":{"Tiempo de lectura":"1 minuto"},"schema":{"@context":"https:\/\/schema.org","@graph":[{"@type":"WebPage","@id":"https:\/\/ollerpintures.com\/es\/producto\/rodillo-para-piscinas-y-suelos-22cm\/","url":"https:\/\/ollerpintures.com\/es\/producto\/rodillo-para-piscinas-y-suelos-22cm\/","name":"Rodillo para piscinas y suelos 22cm - Pintar Piscinas - Oller Grup","isPartOf":{"@id":"https:\/\/ollerpintures.com\/es\/#website"},"primaryImageOfPage":{"@id":"https:\/\/ollerpintures.com\/es\/producto\/rodillo-para-piscinas-y-suelos-22cm\/#primaryimage"},"image":{"@id":"https:\/\/ollerpintures.com\/es\/producto\/rodillo-para-piscinas-y-suelos-22cm\/#primaryimage"},"thumbnailUrl":"https:\/\/ollerpintures.com\/wp-content\/uploads\/2021\/05\/rodillo-especial-piscinas-suelos-comprar-online-oller-pintura-pintar.jpg","datePublished":"2021-05-28T10:37:53+00:00","dateModified":"2026-02-13T19:15:41+00:00","description":"Este es un rodillo especial para pintar piscinas y suelos. Conseguir\u00e1s un acabado fino y podr\u00e1s pintar con comodidad sin dejar marcas en la superficie. Te lo recomendamos para pintar con epoxis, resinas, clorocaucho y poliuretano. \u00a1Es la opci\u00f3n que necesitas si buscas un rodillo para pintar piscinas y suelos!","breadcrumb":{"@id":"https:\/\/ollerpintures.com\/es\/producto\/rodillo-para-piscinas-y-suelos-22cm\/#breadcrumb"},"inLanguage":"es","potentialAction":[{"@type":"ReadAction","target":["https:\/\/ollerpintures.com\/es\/producto\/rodillo-para-piscinas-y-suelos-22cm\/"]}]},{"@type":"ImageObject","inLanguage":"es","@id":"https:\/\/ollerpintures.com\/es\/producto\/rodillo-para-piscinas-y-suelos-22cm\/#primaryimage","url":"https:\/\/ollerpintures.com\/wp-content\/uploads\/2021\/05\/rodillo-especial-piscinas-suelos-comprar-online-oller-pintura-pintar.jpg","contentUrl":"https:\/\/ollerpintures.com\/wp-content\/uploads\/2021\/05\/rodillo-especial-piscinas-suelos-comprar-online-oller-pintura-pintar.jpg","width":1080,"height":1080,"caption":"Rodillo para piscinas y suelos 22cm"},{"@type":"BreadcrumbList","@id":"https:\/\/ollerpintures.com\/es\/producto\/rodillo-para-piscinas-y-suelos-22cm\/#breadcrumb","itemListElement":[{"@type":"ListItem","position":1,"name":"Inici","item":"https:\/\/ollerpintures.com\/es\/"},{"@type":"ListItem","position":2,"name":"Tienda","item":"https:\/\/ollerpintures.com\/es\/tienda\/"},{"@type":"ListItem","position":3,"name":"Rodillo para piscinas y suelos 22cm"}]},{"@type":"WebSite","@id":"https:\/\/ollerpintures.com\/es\/#website","url":"https:\/\/ollerpintures.com\/es\/","name":"Oller Pinturas y Revestimientos","description":"M\u00e1s de 50 a\u00f1os acompa\u00f1ando a profesionales y particulares con soluciones de pintura duraderas y sostenibles, seis tiendas de proximidad con servicio tintom\u00e9trico propio y un compromiso real con el oficio y las nuevas generaciones.","publisher":{"@id":"https:\/\/ollerpintures.com\/es\/#organization"},"alternateName":"Oller Grup","potentialAction":[{"@type":"SearchAction","target":{"@type":"EntryPoint","urlTemplate":"https:\/\/ollerpintures.com\/es\/?s={search_term_string}"},"query-input":{"@type":"PropertyValueSpecification","valueRequired":true,"valueName":"search_term_string"}}],"inLanguage":"es"},{"@type":"Organization","@id":"https:\/\/ollerpintures.com\/es\/#organization","name":"Oller Pintures i Revestiments","alternateName":"Oller Grup","url":"https:\/\/ollerpintures.com\/es\/","logo":{"@type":"ImageObject","inLanguage":"es","@id":"https:\/\/ollerpintures.com\/es\/#\/schema\/logo\/image\/","url":"https:\/\/ollerpintures.com\/wp-content\/uploads\/2024\/05\/newLogo.png","contentUrl":"https:\/\/ollerpintures.com\/wp-content\/uploads\/2024\/05\/newLogo.png","width":483,"height":244,"caption":"Oller Pintures i Revestiments"},"image":{"@id":"https:\/\/ollerpintures.com\/es\/#\/schema\/logo\/image\/"},"sameAs":["https:\/\/www.facebook.com\/people\/Oller-Pintures\/100063652056709\/","https:\/\/www.instagram.com\/ollerpintures\/","https:\/\/descriptor.es\/organization\/oller-grup\/"]}]}},"brands":[],"_links":{"self":[{"href":"https:\/\/ollerpintures.com\/es\/wp-json\/wp\/v2\/product\/11551","targetHints":{"allow":["GET"]}}],"collection":[{"href":"https:\/\/ollerpintures.com\/es\/wp-json\/wp\/v2\/product"}],"about":[{"href":"https:\/\/ollerpintures.com\/es\/wp-json\/wp\/v2\/types\/product"}],"wp:featuredmedia":[{"embeddable":true,"href":"https:\/\/ollerpintures.com\/es\/wp-json\/wp\/v2\/media\/11550"}],"wp:attachment":[{"href":"https:\/\/ollerpintures.com\/es\/wp-json\/wp\/v2\/media?parent=11551"}],"wp:term":[{"taxonomy":"pwb-brand","embeddable":true,"href":"https:\/\/ollerpintures.com\/es\/wp-json\/wp\/v2\/pwb-brand?post=11551"},{"taxonomy":"product_brand","embeddable":true,"href":"https:\/\/ollerpintures.com\/es\/wp-json\/wp\/v2\/product_brand?post=11551"},{"taxonomy":"product_cat","embeddable":true,"href":"https:\/\/ollerpintures.com\/es\/wp-json\/wp\/v2\/product_cat?post=11551"},{"taxonomy":"product_tag","embeddable":true,"href":"https:\/\/ollerpintures.com\/es\/wp-json\/wp\/v2\/product_tag?post=11551"}],"curies":[{"name":"wp","href":"https:\/\/api.w.org\/{rel}","templated":true}]}}