{"id":11468,"date":"2021-05-21T10:59:32","date_gmt":"2021-05-21T09:59:32","guid":{"rendered":"https:\/\/oller-pintures.c.wetopi.com\/?post_type=product&#038;p=11468"},"modified":"2023-04-17T21:48:46","modified_gmt":"2023-04-17T20:48:46","slug":"pintura-para-piscinas-zenko-piscinas-clorocaucho-blanca-5kg","status":"publish","type":"product","link":"https:\/\/ollerpintures.com\/es\/producto\/pintura-para-piscinas-zenko-piscinas-clorocaucho-blanca-5kg\/","title":{"rendered":"Pintura para piscinas ZENKO Piscinas Clorocaucho Blanca 5kg"},"content":{"rendered":"<p>Pintura para piscinas de obra nueva o ya pintadas con pintura de coloraucho. <strong>Sobre todo, no aplicar ZENKO Piscinas Clorocaucho en piscinas anteriormente pintadas con soluciones de base agua<\/strong>. Tiene una adherencia excelente, seca r\u00e1pidamente e incluye propiedades antialgas.<\/p>\n<p>Recomendamos mezclas el producto antes de aplicarlo, hasta que obteng\u00e1is una textura homog\u00e9nea.<strong> \u00a1Y recuerda esperar m\u00ednimo 7 d\u00edas despu\u00e9s de pintar para llenar la piscina de agua!<\/strong><\/p>\n<h4>Caracter\u00edsticas<\/h4>\n<ul>\n<li>Acabado: blanco, liso, mate<\/li>\n<li>Secado en 15 minutos aproximadamente<\/li>\n<li>Repintado: 5h m\u00ednimo<\/li>\n<\/ul>\n<p><em><strong>\u00a1Puedes consultar toda la informaci\u00f3n en la ficha t\u00e9cnica adjunta!<\/strong><\/em><\/p>\n","protected":false},"excerpt":{"rendered":"<p>Pintura para piscinas de obra nueva o ya pintadas con pintura de coloraucho. Sobre todo, no aplicar ZENKO Piscinas Clorocaucho en piscinas anteriormente pintadas con &#8230; <\/p>\n<p class=\"read-more-container\"><a title=\"Pintura para piscinas ZENKO Piscinas Clorocaucho Blanca 5kg\" class=\"read-more button\" href=\"https:\/\/ollerpintures.com\/es\/producto\/pintura-para-piscinas-zenko-piscinas-clorocaucho-blanca-5kg\/#more-11468\" aria-label=\"Leer m\u00e1s sobre Pintura para piscinas ZENKO Piscinas Clorocaucho Blanca 5kg\">Leer m\u00e1s<\/a><\/p>\n","protected":false},"featured_media":11470,"template":"","meta":{"_acf_changed":false},"pwb-brand":[788],"product_brand":[],"product_cat":[201,735],"product_tag":[214,213,738,588,215,739,740,551],"class_list":{"0":"post-11468","1":"product","2":"type-product","3":"status-publish","4":"has-post-thumbnail","6":"pwb-brand-zenko-es","7":"product_cat-pintura-es","8":"product_cat-pintura-para-piscinas","9":"product_tag-exterior-es","10":"product_tag-interior-es","11":"product_tag-jardin","12":"product_tag-ok-product-es","13":"product_tag-pintura-es","14":"product_tag-pintura-para-piscina","15":"product_tag-piscina-es","16":"product_tag-zenko-es","17":"no-featured-image-padding","18":"resize-featured-image","19":"sales-flash-overlay","20":"woocommerce-text-align-left","21":"woocommerce-image-align-center","22":"do-quantity-buttons","24":"first","25":"instock","26":"shipping-taxable","27":"purchasable","28":"product-type-simple"},"acf":[],"yoast_head":"<!-- This site is optimized with the Yoast SEO plugin v27.1.1 - https:\/\/yoast.com\/product\/yoast-seo-wordpress\/ -->\n<title>Pintura clorocaucho ZENKO blanca para piscinas 5kg | Oller Pinturas<\/title>\n<meta name=\"description\" content=\"Pintura ZENKO clorocaucho blanca para piscinas 5kg. Pintura para piscinas de obra nueva o ya pintadas con pintura de coloraucho.\" \/>\n<meta name=\"robots\" content=\"index, follow, max-snippet:-1, max-image-preview:large, max-video-preview:-1\" \/>\n<link rel=\"canonical\" href=\"https:\/\/ollerpintures.com\/es\/producto\/pintura-para-piscinas-zenko-piscinas-clorocaucho-blanca-5kg\/\" \/>\n<meta property=\"og:locale\" content=\"es_ES\" \/>\n<meta property=\"og:type\" content=\"article\" \/>\n<meta property=\"og:title\" content=\"Pintura clorocaucho ZENKO blanca para piscinas 5kg | Oller Pinturas\" \/>\n<meta property=\"og:description\" content=\"Pintura ZENKO clorocaucho blanca para piscinas 5kg. Pintura para piscinas de obra nueva o ya pintadas con pintura de coloraucho.\" \/>\n<meta property=\"og:url\" content=\"https:\/\/ollerpintures.com\/es\/producto\/pintura-para-piscinas-zenko-piscinas-clorocaucho-blanca-5kg\/\" \/>\n<meta property=\"og:site_name\" content=\"Oller Pinturas y revestimientos\" \/>\n<meta property=\"article:publisher\" content=\"https:\/\/www.facebook.com\/people\/Oller-Pintures\/100063652056709\/\" \/>\n<meta property=\"article:modified_time\" content=\"2023-04-17T20:48:46+00:00\" \/>\n<meta property=\"og:image\" content=\"https:\/\/ollerpintures.com\/wp-content\/uploads\/2021\/05\/pintura-para-piscinas-clorocaucho-blanca-online-zenko-oller.jpg\" \/>\n\t<meta property=\"og:image:width\" content=\"1080\" \/>\n\t<meta property=\"og:image:height\" content=\"1080\" \/>\n\t<meta property=\"og:image:type\" content=\"image\/jpeg\" \/>\n<meta name=\"twitter:card\" content=\"summary_large_image\" \/>\n<script type=\"application\/ld+json\" class=\"yoast-schema-graph\">{\"@context\":\"https:\/\/schema.org\",\"@graph\":[{\"@type\":\"WebPage\",\"@id\":\"https:\/\/ollerpintures.com\/es\/producto\/pintura-para-piscinas-zenko-piscinas-clorocaucho-blanca-5kg\/\",\"url\":\"https:\/\/ollerpintures.com\/es\/producto\/pintura-para-piscinas-zenko-piscinas-clorocaucho-blanca-5kg\/\",\"name\":\"Pintura clorocaucho ZENKO blanca para piscinas 5kg | Oller Pinturas\",\"isPartOf\":{\"@id\":\"https:\/\/ollerpintures.com\/es\/#website\"},\"primaryImageOfPage\":{\"@id\":\"https:\/\/ollerpintures.com\/es\/producto\/pintura-para-piscinas-zenko-piscinas-clorocaucho-blanca-5kg\/#primaryimage\"},\"image\":{\"@id\":\"https:\/\/ollerpintures.com\/es\/producto\/pintura-para-piscinas-zenko-piscinas-clorocaucho-blanca-5kg\/#primaryimage\"},\"thumbnailUrl\":\"https:\/\/ollerpintures.com\/wp-content\/uploads\/2021\/05\/pintura-para-piscinas-clorocaucho-blanca-online-zenko-oller.jpg\",\"datePublished\":\"2021-05-21T09:59:32+00:00\",\"dateModified\":\"2023-04-17T20:48:46+00:00\",\"description\":\"Pintura ZENKO clorocaucho blanca para piscinas 5kg. Pintura para piscinas de obra nueva o ya pintadas con pintura de coloraucho.\",\"breadcrumb\":{\"@id\":\"https:\/\/ollerpintures.com\/es\/producto\/pintura-para-piscinas-zenko-piscinas-clorocaucho-blanca-5kg\/#breadcrumb\"},\"inLanguage\":\"es\",\"potentialAction\":[{\"@type\":\"ReadAction\",\"target\":[\"https:\/\/ollerpintures.com\/es\/producto\/pintura-para-piscinas-zenko-piscinas-clorocaucho-blanca-5kg\/\"]}]},{\"@type\":\"ImageObject\",\"inLanguage\":\"es\",\"@id\":\"https:\/\/ollerpintures.com\/es\/producto\/pintura-para-piscinas-zenko-piscinas-clorocaucho-blanca-5kg\/#primaryimage\",\"url\":\"https:\/\/ollerpintures.com\/wp-content\/uploads\/2021\/05\/pintura-para-piscinas-clorocaucho-blanca-online-zenko-oller.jpg\",\"contentUrl\":\"https:\/\/ollerpintures.com\/wp-content\/uploads\/2021\/05\/pintura-para-piscinas-clorocaucho-blanca-online-zenko-oller.jpg\",\"width\":1080,\"height\":1080,\"caption\":\"Pintura para piscinas blanca clorocaucho ZENKO\"},{\"@type\":\"BreadcrumbList\",\"@id\":\"https:\/\/ollerpintures.com\/es\/producto\/pintura-para-piscinas-zenko-piscinas-clorocaucho-blanca-5kg\/#breadcrumb\",\"itemListElement\":[{\"@type\":\"ListItem\",\"position\":1,\"name\":\"Inici\",\"item\":\"https:\/\/ollerpintures.com\/es\/\"},{\"@type\":\"ListItem\",\"position\":2,\"name\":\"Tienda\",\"item\":\"https:\/\/ollerpintures.com\/es\/tienda\/\"},{\"@type\":\"ListItem\",\"position\":3,\"name\":\"Pintura para piscinas ZENKO Piscinas Clorocaucho Blanca 5kg\"}]},{\"@type\":\"WebSite\",\"@id\":\"https:\/\/ollerpintures.com\/es\/#website\",\"url\":\"https:\/\/ollerpintures.com\/es\/\",\"name\":\"Oller Pinturas y Revestimientos\",\"description\":\"M\u00e1s de 50 a\u00f1os acompa\u00f1ando a profesionales y particulares con soluciones de pintura duraderas y sostenibles, seis tiendas de proximidad con servicio tintom\u00e9trico propio y un compromiso real con el oficio y las nuevas generaciones.\",\"publisher\":{\"@id\":\"https:\/\/ollerpintures.com\/es\/#organization\"},\"alternateName\":\"Oller Grup\",\"potentialAction\":[{\"@type\":\"SearchAction\",\"target\":{\"@type\":\"EntryPoint\",\"urlTemplate\":\"https:\/\/ollerpintures.com\/es\/?s={search_term_string}\"},\"query-input\":{\"@type\":\"PropertyValueSpecification\",\"valueRequired\":true,\"valueName\":\"search_term_string\"}}],\"inLanguage\":\"es\"},{\"@type\":\"Organization\",\"@id\":\"https:\/\/ollerpintures.com\/es\/#organization\",\"name\":\"Oller Pintures i Revestiments\",\"alternateName\":\"Oller Grup\",\"url\":\"https:\/\/ollerpintures.com\/es\/\",\"logo\":{\"@type\":\"ImageObject\",\"inLanguage\":\"es\",\"@id\":\"https:\/\/ollerpintures.com\/es\/#\/schema\/logo\/image\/\",\"url\":\"https:\/\/ollerpintures.com\/wp-content\/uploads\/2024\/05\/newLogo.png\",\"contentUrl\":\"https:\/\/ollerpintures.com\/wp-content\/uploads\/2024\/05\/newLogo.png\",\"width\":483,\"height\":244,\"caption\":\"Oller Pintures i Revestiments\"},\"image\":{\"@id\":\"https:\/\/ollerpintures.com\/es\/#\/schema\/logo\/image\/\"},\"sameAs\":[\"https:\/\/www.facebook.com\/people\/Oller-Pintures\/100063652056709\/\",\"https:\/\/www.instagram.com\/ollerpintures\/\",\"https:\/\/descriptor.es\/organization\/oller-grup\/\"]}]}<\/script>\n<!-- \/ Yoast SEO plugin. -->","yoast_head_json":{"title":"Pintura clorocaucho ZENKO blanca para piscinas 5kg | Oller Pinturas","description":"Pintura ZENKO clorocaucho blanca para piscinas 5kg. Pintura para piscinas de obra nueva o ya pintadas con pintura de coloraucho.","robots":{"index":"index","follow":"follow","max-snippet":"max-snippet:-1","max-image-preview":"max-image-preview:large","max-video-preview":"max-video-preview:-1"},"canonical":"https:\/\/ollerpintures.com\/es\/producto\/pintura-para-piscinas-zenko-piscinas-clorocaucho-blanca-5kg\/","og_locale":"es_ES","og_type":"article","og_title":"Pintura clorocaucho ZENKO blanca para piscinas 5kg | Oller Pinturas","og_description":"Pintura ZENKO clorocaucho blanca para piscinas 5kg. Pintura para piscinas de obra nueva o ya pintadas con pintura de coloraucho.","og_url":"https:\/\/ollerpintures.com\/es\/producto\/pintura-para-piscinas-zenko-piscinas-clorocaucho-blanca-5kg\/","og_site_name":"Oller Pinturas y revestimientos","article_publisher":"https:\/\/www.facebook.com\/people\/Oller-Pintures\/100063652056709\/","article_modified_time":"2023-04-17T20:48:46+00:00","og_image":[{"width":1080,"height":1080,"url":"https:\/\/ollerpintures.com\/wp-content\/uploads\/2021\/05\/pintura-para-piscinas-clorocaucho-blanca-online-zenko-oller.jpg","type":"image\/jpeg"}],"twitter_card":"summary_large_image","schema":{"@context":"https:\/\/schema.org","@graph":[{"@type":"WebPage","@id":"https:\/\/ollerpintures.com\/es\/producto\/pintura-para-piscinas-zenko-piscinas-clorocaucho-blanca-5kg\/","url":"https:\/\/ollerpintures.com\/es\/producto\/pintura-para-piscinas-zenko-piscinas-clorocaucho-blanca-5kg\/","name":"Pintura clorocaucho ZENKO blanca para piscinas 5kg | Oller Pinturas","isPartOf":{"@id":"https:\/\/ollerpintures.com\/es\/#website"},"primaryImageOfPage":{"@id":"https:\/\/ollerpintures.com\/es\/producto\/pintura-para-piscinas-zenko-piscinas-clorocaucho-blanca-5kg\/#primaryimage"},"image":{"@id":"https:\/\/ollerpintures.com\/es\/producto\/pintura-para-piscinas-zenko-piscinas-clorocaucho-blanca-5kg\/#primaryimage"},"thumbnailUrl":"https:\/\/ollerpintures.com\/wp-content\/uploads\/2021\/05\/pintura-para-piscinas-clorocaucho-blanca-online-zenko-oller.jpg","datePublished":"2021-05-21T09:59:32+00:00","dateModified":"2023-04-17T20:48:46+00:00","description":"Pintura ZENKO clorocaucho blanca para piscinas 5kg. Pintura para piscinas de obra nueva o ya pintadas con pintura de coloraucho.","breadcrumb":{"@id":"https:\/\/ollerpintures.com\/es\/producto\/pintura-para-piscinas-zenko-piscinas-clorocaucho-blanca-5kg\/#breadcrumb"},"inLanguage":"es","potentialAction":[{"@type":"ReadAction","target":["https:\/\/ollerpintures.com\/es\/producto\/pintura-para-piscinas-zenko-piscinas-clorocaucho-blanca-5kg\/"]}]},{"@type":"ImageObject","inLanguage":"es","@id":"https:\/\/ollerpintures.com\/es\/producto\/pintura-para-piscinas-zenko-piscinas-clorocaucho-blanca-5kg\/#primaryimage","url":"https:\/\/ollerpintures.com\/wp-content\/uploads\/2021\/05\/pintura-para-piscinas-clorocaucho-blanca-online-zenko-oller.jpg","contentUrl":"https:\/\/ollerpintures.com\/wp-content\/uploads\/2021\/05\/pintura-para-piscinas-clorocaucho-blanca-online-zenko-oller.jpg","width":1080,"height":1080,"caption":"Pintura para piscinas blanca clorocaucho ZENKO"},{"@type":"BreadcrumbList","@id":"https:\/\/ollerpintures.com\/es\/producto\/pintura-para-piscinas-zenko-piscinas-clorocaucho-blanca-5kg\/#breadcrumb","itemListElement":[{"@type":"ListItem","position":1,"name":"Inici","item":"https:\/\/ollerpintures.com\/es\/"},{"@type":"ListItem","position":2,"name":"Tienda","item":"https:\/\/ollerpintures.com\/es\/tienda\/"},{"@type":"ListItem","position":3,"name":"Pintura para piscinas ZENKO Piscinas Clorocaucho Blanca 5kg"}]},{"@type":"WebSite","@id":"https:\/\/ollerpintures.com\/es\/#website","url":"https:\/\/ollerpintures.com\/es\/","name":"Oller Pinturas y Revestimientos","description":"M\u00e1s de 50 a\u00f1os acompa\u00f1ando a profesionales y particulares con soluciones de pintura duraderas y sostenibles, seis tiendas de proximidad con servicio tintom\u00e9trico propio y un compromiso real con el oficio y las nuevas generaciones.","publisher":{"@id":"https:\/\/ollerpintures.com\/es\/#organization"},"alternateName":"Oller Grup","potentialAction":[{"@type":"SearchAction","target":{"@type":"EntryPoint","urlTemplate":"https:\/\/ollerpintures.com\/es\/?s={search_term_string}"},"query-input":{"@type":"PropertyValueSpecification","valueRequired":true,"valueName":"search_term_string"}}],"inLanguage":"es"},{"@type":"Organization","@id":"https:\/\/ollerpintures.com\/es\/#organization","name":"Oller Pintures i Revestiments","alternateName":"Oller Grup","url":"https:\/\/ollerpintures.com\/es\/","logo":{"@type":"ImageObject","inLanguage":"es","@id":"https:\/\/ollerpintures.com\/es\/#\/schema\/logo\/image\/","url":"https:\/\/ollerpintures.com\/wp-content\/uploads\/2024\/05\/newLogo.png","contentUrl":"https:\/\/ollerpintures.com\/wp-content\/uploads\/2024\/05\/newLogo.png","width":483,"height":244,"caption":"Oller Pintures i Revestiments"},"image":{"@id":"https:\/\/ollerpintures.com\/es\/#\/schema\/logo\/image\/"},"sameAs":["https:\/\/www.facebook.com\/people\/Oller-Pintures\/100063652056709\/","https:\/\/www.instagram.com\/ollerpintures\/","https:\/\/descriptor.es\/organization\/oller-grup\/"]}]}},"brands":[{"id":788,"name":"Zenko","slug":"zenko-es"}],"_links":{"self":[{"href":"https:\/\/ollerpintures.com\/es\/wp-json\/wp\/v2\/product\/11468","targetHints":{"allow":["GET"]}}],"collection":[{"href":"https:\/\/ollerpintures.com\/es\/wp-json\/wp\/v2\/product"}],"about":[{"href":"https:\/\/ollerpintures.com\/es\/wp-json\/wp\/v2\/types\/product"}],"wp:featuredmedia":[{"embeddable":true,"href":"https:\/\/ollerpintures.com\/es\/wp-json\/wp\/v2\/media\/11470"}],"wp:attachment":[{"href":"https:\/\/ollerpintures.com\/es\/wp-json\/wp\/v2\/media?parent=11468"}],"wp:term":[{"taxonomy":"pwb-brand","embeddable":true,"href":"https:\/\/ollerpintures.com\/es\/wp-json\/wp\/v2\/pwb-brand?post=11468"},{"taxonomy":"product_brand","embeddable":true,"href":"https:\/\/ollerpintures.com\/es\/wp-json\/wp\/v2\/product_brand?post=11468"},{"taxonomy":"product_cat","embeddable":true,"href":"https:\/\/ollerpintures.com\/es\/wp-json\/wp\/v2\/product_cat?post=11468"},{"taxonomy":"product_tag","embeddable":true,"href":"https:\/\/ollerpintures.com\/es\/wp-json\/wp\/v2\/product_tag?post=11468"}],"curies":[{"name":"wp","href":"https:\/\/api.w.org\/{rel}","templated":true}]}}