{"id":11346,"date":"2021-05-12T07:46:55","date_gmt":"2021-05-12T06:46:55","guid":{"rendered":"https:\/\/oller-pintures.c.wetopi.com\/?post_type=product&#038;p=11346"},"modified":"2025-07-08T19:20:03","modified_gmt":"2025-07-08T18:20:03","slug":"pintura-colores-del-mundo-bruguer-peru-contrast-zumo-de-guayaba-25l","status":"publish","type":"product","link":"https:\/\/ollerpintures.com\/es\/producto\/pintura-colores-del-mundo-bruguer-peru-contrast-zumo-de-guayaba-25l\/","title":{"rendered":"Pintura Paredes Zumo de Guayaba Per\u00fa &#8211; Colores del Mundo 2,5L"},"content":{"rendered":"<h2>Pintura Paredes Zumo de Guayaba &#8211; Colores del Mundo<\/h2>\n<p>La Pintura Paredes Zumo de Guayaba Per\u00fa de Bruguer es una pintura pl\u00e1stica mate especialmente formulada para la decoraci\u00f3n de interiores. Ideal para <a href=\"https:\/\/es.wikipedia.org\/wiki\/Pared\" target=\"_blank\" rel=\"noopener\">paredes<\/a> y techos, esta pintura ofrece una excelente cubrici\u00f3n y un acabado de alta calidad. Su formulaci\u00f3n ecol\u00f3gica y su f\u00e1cil aplicaci\u00f3n la convierten en una opci\u00f3n perfecta para crear ambientes hogare\u00f1os y arm\u00f3nicos.<\/p>\n<h2>Caracter\u00edsticas<\/h2>\n<ul>\n<li>Cubrici\u00f3n total con una mano: Formulada para aplicarla directamente sin necesidad de a\u00f1adir agua, obteniendo una cubrici\u00f3n total en una sola mano.<\/li>\n<li>Secado r\u00e1pido: Secado al tacto en 30 minutos y lista para una segunda capa despu\u00e9s de 3 horas.<\/li>\n<li>Lavable y durable: F\u00e1cil de limpiar y con una excelente resistencia a la luz y al lavado.<\/li>\n<li>No salpica: F\u00e1cil aplicaci\u00f3n con brocha, rodillo o pistola.<\/li>\n<li>Bloquea manchas y humedad: Formulada con resinas acr\u00edlicas especiales que permite una muy buena penetraci\u00f3n y adherencia en superficies porosas, bloqueando manchas provocadas por la presencia de humedad en las paredes y evitando la eflorescencia de sales.<\/li>\n<li>Rendimiento: 10-12 m\u00b2 por litro y capa.<\/li>\n<li>Diluyentes: Agua.<\/li>\n<li>Tama\u00f1os: Disponible en 2,5 L.<\/li>\n<li>Acabado: Mate.<\/li>\n<\/ul>\n<h2>Propuesta de color de la Pintura Paredes Zumo de Guayaba<\/h2>\n<p>Colores del Mundo de Bruguer te inspira a trav\u00e9s de sus destinos, ofreci\u00e9ndote una amplia gama de colores para tus ambientes de interior. Combina los tonos de cada destino entre s\u00ed para una propuesta arm\u00f3nica, y si deseas una combinaci\u00f3n m\u00e1s contrastada y estimulante, elige el Contrast Color del destino. El color Zumo de Guayaba de Bruguer es una pintura de contraste que te ayudar\u00e1 a crear una atm\u00f3sfera hogare\u00f1a si lo combinas con los tonos neutros y piedra de la paleta Colores del Mundo &#8211; Per\u00fa.<\/p>\n<h2>Informaci\u00f3n adicional<\/h2>\n<ul>\n<li>Peso: 4,00 kg.<\/li>\n<li>Uso en interiores: Ideal para paredes y techos.<\/li>\n<\/ul>\n<h3>Productos Relacionados<\/h3>\n<p>Tambi\u00e9n puedes explorar otras opciones de colores inspiradores para complementar y realzar la belleza de tus espacios:<\/p>\n<p>La <a href=\"https:\/\/ollerpintures.com\/es\/producto\/pintura-colores-del-mundo-bruguer-japon-contrast-verde-bambu-25l\/\" target=\"_blank\" rel=\"noopener\">Pintura Paredes Verde Bamb\u00fa<\/a> es ideal para crear ambientes serenos y relajantes, inspirados en la tranquilidad de los paisajes naturales de Jap\u00f3n.<\/p>\n<p>Transforma tus espacios con la elegancia y calidez de la <a href=\"https:\/\/ollerpintures.com\/es\/producto\/pintura-colores-del-mundo-bruguer-nepal-contrast-rojo-pashmina-25l\/\" target=\"_blank\" rel=\"noopener\">Pintura Paredes Rojo Pashmina<\/a>, inspirada en los ricos tonos y texturas de Nepal.<\/p>\n","protected":false},"excerpt":{"rendered":"<p>Posiblemente <strong>la mejor cubeta de colores monocapa del mercado<\/strong>. Colores del Mundo de Bruguer te da la oportunidad de pintar tus paredes con una pintura <strong>ecol\u00f3gica<\/strong>, rentable y que <strong>no huele<\/strong>; \u00a1podr\u00e1s volver a instalarte en la habitaci\u00f3n pintada sin tener que esperar un tiempo a que se diluya el olor!<\/p>\n","protected":false},"featured_media":11348,"template":"","meta":{"_acf_changed":false},"pwb-brand":[785],"product_brand":[],"product_cat":[201,206,851],"product_tag":[217,219,213,216,215],"class_list":{"0":"post-11346","1":"product","2":"type-product","3":"status-publish","4":"has-post-thumbnail","6":"pwb-brand-bruguer","7":"product_cat-pintura-es","8":"product_cat-interior","9":"product_cat-colores-del-mundo-bruguer","10":"product_tag-bruguer-es","11":"product_tag-colores-del-mundo-es","12":"product_tag-interior-es","13":"product_tag-pared","14":"product_tag-pintura-es","15":"no-featured-image-padding","16":"resize-featured-image","17":"sales-flash-overlay","18":"woocommerce-text-align-left","19":"woocommerce-image-align-center","20":"do-quantity-buttons","22":"first","23":"instock","24":"shipping-taxable","25":"purchasable","26":"product-type-simple"},"acf":[],"yoast_head":"<!-- This site is optimized with the Yoast SEO plugin v27.1.1 - https:\/\/yoast.com\/product\/yoast-seo-wordpress\/ -->\n<title>Pintura Paredes Zumo de Guayaba: Ideal para Interiores | Oller<\/title>\n<meta name=\"description\" content=\"Descubre la pintura Zumo de Guayaba de Bruguer con una excelente cubrici\u00f3n y acabado mate para tus paredes, ideal para crear ambientes hogare\u00f1os y arm\u00f3nicos\" \/>\n<meta name=\"robots\" content=\"index, follow, max-snippet:-1, max-image-preview:large, max-video-preview:-1\" \/>\n<link rel=\"canonical\" href=\"https:\/\/ollerpintures.com\/es\/producto\/pintura-colores-del-mundo-bruguer-peru-contrast-zumo-de-guayaba-25l\/\" \/>\n<meta property=\"og:locale\" content=\"es_ES\" \/>\n<meta property=\"og:type\" content=\"article\" \/>\n<meta property=\"og:title\" content=\"Pintura Paredes Zumo de Guayaba: Ideal para Interiores | Oller\" \/>\n<meta property=\"og:description\" content=\"Descubre la pintura Zumo de Guayaba de Bruguer con una excelente cubrici\u00f3n y acabado mate para tus paredes, ideal para crear ambientes hogare\u00f1os y arm\u00f3nicos\" \/>\n<meta property=\"og:url\" content=\"https:\/\/ollerpintures.com\/es\/producto\/pintura-colores-del-mundo-bruguer-peru-contrast-zumo-de-guayaba-25l\/\" \/>\n<meta property=\"og:site_name\" content=\"Oller Pinturas y revestimientos\" \/>\n<meta property=\"article:publisher\" content=\"https:\/\/www.facebook.com\/people\/Oller-Pintures\/100063652056709\/\" \/>\n<meta property=\"article:modified_time\" content=\"2025-07-08T18:20:03+00:00\" \/>\n<meta property=\"og:image\" content=\"https:\/\/ollerpintures.com\/wp-content\/uploads\/2021\/05\/001-Frontal-Zumo-de-Guayaba.jpg\" \/>\n\t<meta property=\"og:image:width\" content=\"1920\" \/>\n\t<meta property=\"og:image:height\" content=\"1920\" \/>\n\t<meta property=\"og:image:type\" content=\"image\/jpeg\" \/>\n<meta name=\"twitter:card\" content=\"summary_large_image\" \/>\n<meta name=\"twitter:label1\" content=\"Tiempo de lectura\" \/>\n\t<meta name=\"twitter:data1\" content=\"3 minutos\" \/>\n<script type=\"application\/ld+json\" class=\"yoast-schema-graph\">{\"@context\":\"https:\/\/schema.org\",\"@graph\":[{\"@type\":\"WebPage\",\"@id\":\"https:\/\/ollerpintures.com\/es\/producto\/pintura-colores-del-mundo-bruguer-peru-contrast-zumo-de-guayaba-25l\/\",\"url\":\"https:\/\/ollerpintures.com\/es\/producto\/pintura-colores-del-mundo-bruguer-peru-contrast-zumo-de-guayaba-25l\/\",\"name\":\"Pintura Paredes Zumo de Guayaba: Ideal para Interiores | Oller\",\"isPartOf\":{\"@id\":\"https:\/\/ollerpintures.com\/es\/#website\"},\"primaryImageOfPage\":{\"@id\":\"https:\/\/ollerpintures.com\/es\/producto\/pintura-colores-del-mundo-bruguer-peru-contrast-zumo-de-guayaba-25l\/#primaryimage\"},\"image\":{\"@id\":\"https:\/\/ollerpintures.com\/es\/producto\/pintura-colores-del-mundo-bruguer-peru-contrast-zumo-de-guayaba-25l\/#primaryimage\"},\"thumbnailUrl\":\"https:\/\/ollerpintures.com\/wp-content\/uploads\/2021\/05\/001-Frontal-Zumo-de-Guayaba.jpg\",\"datePublished\":\"2021-05-12T06:46:55+00:00\",\"dateModified\":\"2025-07-08T18:20:03+00:00\",\"description\":\"Descubre la pintura Zumo de Guayaba de Bruguer con una excelente cubrici\u00f3n y acabado mate para tus paredes, ideal para crear ambientes hogare\u00f1os y arm\u00f3nicos\",\"breadcrumb\":{\"@id\":\"https:\/\/ollerpintures.com\/es\/producto\/pintura-colores-del-mundo-bruguer-peru-contrast-zumo-de-guayaba-25l\/#breadcrumb\"},\"inLanguage\":\"es\",\"potentialAction\":[{\"@type\":\"ReadAction\",\"target\":[\"https:\/\/ollerpintures.com\/es\/producto\/pintura-colores-del-mundo-bruguer-peru-contrast-zumo-de-guayaba-25l\/\"]}]},{\"@type\":\"ImageObject\",\"inLanguage\":\"es\",\"@id\":\"https:\/\/ollerpintures.com\/es\/producto\/pintura-colores-del-mundo-bruguer-peru-contrast-zumo-de-guayaba-25l\/#primaryimage\",\"url\":\"https:\/\/ollerpintures.com\/wp-content\/uploads\/2021\/05\/001-Frontal-Zumo-de-Guayaba.jpg\",\"contentUrl\":\"https:\/\/ollerpintures.com\/wp-content\/uploads\/2021\/05\/001-Frontal-Zumo-de-Guayaba.jpg\",\"width\":1920,\"height\":1920,\"caption\":\"Descubre la pintura Zumo de Guayaba de Bruguer con una excelente cubrici\u00f3n y acabado mate para tus paredes, ideal para crear ambientes hogare\u00f1os y arm\u00f3nicos\"},{\"@type\":\"BreadcrumbList\",\"@id\":\"https:\/\/ollerpintures.com\/es\/producto\/pintura-colores-del-mundo-bruguer-peru-contrast-zumo-de-guayaba-25l\/#breadcrumb\",\"itemListElement\":[{\"@type\":\"ListItem\",\"position\":1,\"name\":\"Inici\",\"item\":\"https:\/\/ollerpintures.com\/es\/\"},{\"@type\":\"ListItem\",\"position\":2,\"name\":\"Tienda\",\"item\":\"https:\/\/ollerpintures.com\/es\/tienda\/\"},{\"@type\":\"ListItem\",\"position\":3,\"name\":\"Pintura Paredes Zumo de Guayaba Per\u00fa &#8211; Colores del Mundo 2,5L\"}]},{\"@type\":\"WebSite\",\"@id\":\"https:\/\/ollerpintures.com\/es\/#website\",\"url\":\"https:\/\/ollerpintures.com\/es\/\",\"name\":\"Oller Pinturas y Revestimientos\",\"description\":\"M\u00e1s de 50 a\u00f1os acompa\u00f1ando a profesionales y particulares con soluciones de pintura duraderas y sostenibles, seis tiendas de proximidad con servicio tintom\u00e9trico propio y un compromiso real con el oficio y las nuevas generaciones.\",\"publisher\":{\"@id\":\"https:\/\/ollerpintures.com\/es\/#organization\"},\"alternateName\":\"Oller Grup\",\"potentialAction\":[{\"@type\":\"SearchAction\",\"target\":{\"@type\":\"EntryPoint\",\"urlTemplate\":\"https:\/\/ollerpintures.com\/es\/?s={search_term_string}\"},\"query-input\":{\"@type\":\"PropertyValueSpecification\",\"valueRequired\":true,\"valueName\":\"search_term_string\"}}],\"inLanguage\":\"es\"},{\"@type\":\"Organization\",\"@id\":\"https:\/\/ollerpintures.com\/es\/#organization\",\"name\":\"Oller Pintures i Revestiments\",\"alternateName\":\"Oller Grup\",\"url\":\"https:\/\/ollerpintures.com\/es\/\",\"logo\":{\"@type\":\"ImageObject\",\"inLanguage\":\"es\",\"@id\":\"https:\/\/ollerpintures.com\/es\/#\/schema\/logo\/image\/\",\"url\":\"https:\/\/ollerpintures.com\/wp-content\/uploads\/2024\/05\/newLogo.png\",\"contentUrl\":\"https:\/\/ollerpintures.com\/wp-content\/uploads\/2024\/05\/newLogo.png\",\"width\":483,\"height\":244,\"caption\":\"Oller Pintures i Revestiments\"},\"image\":{\"@id\":\"https:\/\/ollerpintures.com\/es\/#\/schema\/logo\/image\/\"},\"sameAs\":[\"https:\/\/www.facebook.com\/people\/Oller-Pintures\/100063652056709\/\",\"https:\/\/www.instagram.com\/ollerpintures\/\",\"https:\/\/descriptor.es\/organization\/oller-grup\/\"]}]}<\/script>\n<!-- \/ Yoast SEO plugin. -->","yoast_head_json":{"title":"Pintura Paredes Zumo de Guayaba: Ideal para Interiores | Oller","description":"Descubre la pintura Zumo de Guayaba de Bruguer con una excelente cubrici\u00f3n y acabado mate para tus paredes, ideal para crear ambientes hogare\u00f1os y arm\u00f3nicos","robots":{"index":"index","follow":"follow","max-snippet":"max-snippet:-1","max-image-preview":"max-image-preview:large","max-video-preview":"max-video-preview:-1"},"canonical":"https:\/\/ollerpintures.com\/es\/producto\/pintura-colores-del-mundo-bruguer-peru-contrast-zumo-de-guayaba-25l\/","og_locale":"es_ES","og_type":"article","og_title":"Pintura Paredes Zumo de Guayaba: Ideal para Interiores | Oller","og_description":"Descubre la pintura Zumo de Guayaba de Bruguer con una excelente cubrici\u00f3n y acabado mate para tus paredes, ideal para crear ambientes hogare\u00f1os y arm\u00f3nicos","og_url":"https:\/\/ollerpintures.com\/es\/producto\/pintura-colores-del-mundo-bruguer-peru-contrast-zumo-de-guayaba-25l\/","og_site_name":"Oller Pinturas y revestimientos","article_publisher":"https:\/\/www.facebook.com\/people\/Oller-Pintures\/100063652056709\/","article_modified_time":"2025-07-08T18:20:03+00:00","og_image":[{"width":1920,"height":1920,"url":"https:\/\/ollerpintures.com\/wp-content\/uploads\/2021\/05\/001-Frontal-Zumo-de-Guayaba.jpg","type":"image\/jpeg"}],"twitter_card":"summary_large_image","twitter_misc":{"Tiempo de lectura":"3 minutos"},"schema":{"@context":"https:\/\/schema.org","@graph":[{"@type":"WebPage","@id":"https:\/\/ollerpintures.com\/es\/producto\/pintura-colores-del-mundo-bruguer-peru-contrast-zumo-de-guayaba-25l\/","url":"https:\/\/ollerpintures.com\/es\/producto\/pintura-colores-del-mundo-bruguer-peru-contrast-zumo-de-guayaba-25l\/","name":"Pintura Paredes Zumo de Guayaba: Ideal para Interiores | Oller","isPartOf":{"@id":"https:\/\/ollerpintures.com\/es\/#website"},"primaryImageOfPage":{"@id":"https:\/\/ollerpintures.com\/es\/producto\/pintura-colores-del-mundo-bruguer-peru-contrast-zumo-de-guayaba-25l\/#primaryimage"},"image":{"@id":"https:\/\/ollerpintures.com\/es\/producto\/pintura-colores-del-mundo-bruguer-peru-contrast-zumo-de-guayaba-25l\/#primaryimage"},"thumbnailUrl":"https:\/\/ollerpintures.com\/wp-content\/uploads\/2021\/05\/001-Frontal-Zumo-de-Guayaba.jpg","datePublished":"2021-05-12T06:46:55+00:00","dateModified":"2025-07-08T18:20:03+00:00","description":"Descubre la pintura Zumo de Guayaba de Bruguer con una excelente cubrici\u00f3n y acabado mate para tus paredes, ideal para crear ambientes hogare\u00f1os y arm\u00f3nicos","breadcrumb":{"@id":"https:\/\/ollerpintures.com\/es\/producto\/pintura-colores-del-mundo-bruguer-peru-contrast-zumo-de-guayaba-25l\/#breadcrumb"},"inLanguage":"es","potentialAction":[{"@type":"ReadAction","target":["https:\/\/ollerpintures.com\/es\/producto\/pintura-colores-del-mundo-bruguer-peru-contrast-zumo-de-guayaba-25l\/"]}]},{"@type":"ImageObject","inLanguage":"es","@id":"https:\/\/ollerpintures.com\/es\/producto\/pintura-colores-del-mundo-bruguer-peru-contrast-zumo-de-guayaba-25l\/#primaryimage","url":"https:\/\/ollerpintures.com\/wp-content\/uploads\/2021\/05\/001-Frontal-Zumo-de-Guayaba.jpg","contentUrl":"https:\/\/ollerpintures.com\/wp-content\/uploads\/2021\/05\/001-Frontal-Zumo-de-Guayaba.jpg","width":1920,"height":1920,"caption":"Descubre la pintura Zumo de Guayaba de Bruguer con una excelente cubrici\u00f3n y acabado mate para tus paredes, ideal para crear ambientes hogare\u00f1os y arm\u00f3nicos"},{"@type":"BreadcrumbList","@id":"https:\/\/ollerpintures.com\/es\/producto\/pintura-colores-del-mundo-bruguer-peru-contrast-zumo-de-guayaba-25l\/#breadcrumb","itemListElement":[{"@type":"ListItem","position":1,"name":"Inici","item":"https:\/\/ollerpintures.com\/es\/"},{"@type":"ListItem","position":2,"name":"Tienda","item":"https:\/\/ollerpintures.com\/es\/tienda\/"},{"@type":"ListItem","position":3,"name":"Pintura Paredes Zumo de Guayaba Per\u00fa &#8211; Colores del Mundo 2,5L"}]},{"@type":"WebSite","@id":"https:\/\/ollerpintures.com\/es\/#website","url":"https:\/\/ollerpintures.com\/es\/","name":"Oller Pinturas y Revestimientos","description":"M\u00e1s de 50 a\u00f1os acompa\u00f1ando a profesionales y particulares con soluciones de pintura duraderas y sostenibles, seis tiendas de proximidad con servicio tintom\u00e9trico propio y un compromiso real con el oficio y las nuevas generaciones.","publisher":{"@id":"https:\/\/ollerpintures.com\/es\/#organization"},"alternateName":"Oller Grup","potentialAction":[{"@type":"SearchAction","target":{"@type":"EntryPoint","urlTemplate":"https:\/\/ollerpintures.com\/es\/?s={search_term_string}"},"query-input":{"@type":"PropertyValueSpecification","valueRequired":true,"valueName":"search_term_string"}}],"inLanguage":"es"},{"@type":"Organization","@id":"https:\/\/ollerpintures.com\/es\/#organization","name":"Oller Pintures i Revestiments","alternateName":"Oller Grup","url":"https:\/\/ollerpintures.com\/es\/","logo":{"@type":"ImageObject","inLanguage":"es","@id":"https:\/\/ollerpintures.com\/es\/#\/schema\/logo\/image\/","url":"https:\/\/ollerpintures.com\/wp-content\/uploads\/2024\/05\/newLogo.png","contentUrl":"https:\/\/ollerpintures.com\/wp-content\/uploads\/2024\/05\/newLogo.png","width":483,"height":244,"caption":"Oller Pintures i Revestiments"},"image":{"@id":"https:\/\/ollerpintures.com\/es\/#\/schema\/logo\/image\/"},"sameAs":["https:\/\/www.facebook.com\/people\/Oller-Pintures\/100063652056709\/","https:\/\/www.instagram.com\/ollerpintures\/","https:\/\/descriptor.es\/organization\/oller-grup\/"]}]}},"brands":[{"id":785,"name":"Bruguer","slug":"bruguer"}],"_links":{"self":[{"href":"https:\/\/ollerpintures.com\/es\/wp-json\/wp\/v2\/product\/11346","targetHints":{"allow":["GET"]}}],"collection":[{"href":"https:\/\/ollerpintures.com\/es\/wp-json\/wp\/v2\/product"}],"about":[{"href":"https:\/\/ollerpintures.com\/es\/wp-json\/wp\/v2\/types\/product"}],"wp:featuredmedia":[{"embeddable":true,"href":"https:\/\/ollerpintures.com\/es\/wp-json\/wp\/v2\/media\/11348"}],"wp:attachment":[{"href":"https:\/\/ollerpintures.com\/es\/wp-json\/wp\/v2\/media?parent=11346"}],"wp:term":[{"taxonomy":"pwb-brand","embeddable":true,"href":"https:\/\/ollerpintures.com\/es\/wp-json\/wp\/v2\/pwb-brand?post=11346"},{"taxonomy":"product_brand","embeddable":true,"href":"https:\/\/ollerpintures.com\/es\/wp-json\/wp\/v2\/product_brand?post=11346"},{"taxonomy":"product_cat","embeddable":true,"href":"https:\/\/ollerpintures.com\/es\/wp-json\/wp\/v2\/product_cat?post=11346"},{"taxonomy":"product_tag","embeddable":true,"href":"https:\/\/ollerpintures.com\/es\/wp-json\/wp\/v2\/product_tag?post=11346"}],"curies":[{"name":"wp","href":"https:\/\/api.w.org\/{rel}","templated":true}]}}