{"id":11332,"date":"2021-05-11T11:58:09","date_gmt":"2021-05-11T10:58:09","guid":{"rendered":"https:\/\/oller-pintures.c.wetopi.com\/?post_type=product&#038;p=11332"},"modified":"2025-07-16T09:53:56","modified_gmt":"2025-07-16T08:53:56","slug":"pintura-colores-del-mundo-bruguer-nepal-contrast-rojo-pashmina-25l","status":"publish","type":"product","link":"https:\/\/ollerpintures.com\/es\/producto\/pintura-colores-del-mundo-bruguer-nepal-contrast-rojo-pashmina-25l\/","title":{"rendered":"Pintura Paredes Rojo Pashmina Nepal &#8211; Colores del Mundo 2,5L"},"content":{"rendered":"<h2>Pintura Paredes Rojo Pashmina Nepal &#8211; Colores del Mundo<\/h2>\n<p>Posiblemente la mejor cubeta de colores monocapa del mercado. La Pintura Paredes Rojo Pashmina de Bruguer te da la oportunidad de pintar tus paredes con una pintura ecol\u00f3gica, rentable y sin olor; \u00a1podr\u00e1s volver a instalarte en la habitaci\u00f3n pintada sin tener que esperar a que se diluya el olor!<\/p>\n<h2>Caracter\u00edsticas de la Pintura Paredes Rojo Pashmina<\/h2>\n<ul>\n<li>Ecol\u00f3gica: Pintura respetuosa con el medio ambiente.<\/li>\n<li>Sin olor: No tendr\u00e1s que esperar para volver a usar la habitaci\u00f3n.<\/li>\n<li>F\u00e1cil aplicaci\u00f3n: No salpica y no deja marcas de las pasadas.<\/li>\n<li>Alta cobertura: Consigue una cobertura total en una sola mano.<\/li>\n<li>Acabado mate: Proporciona un aspecto elegante y sofisticado.<\/li>\n<li>Secado r\u00e1pido: Secado al tacto en 30 minutos.<\/li>\n<li>Lavable y durable: F\u00e1cil de limpiar y con excelente resistencia.<\/li>\n<li>Rendimiento: 10-12 m\u00b2 por litro y capa.<\/li>\n<li>Diluyentes: Agua.<\/li>\n<li>Tama\u00f1os: Disponible en 2,5 L.<\/li>\n<\/ul>\n<h2>Consejos de Aplicaci\u00f3n<\/h2>\n<p>Consejo Oller: Si quieres pintar sobre una pared de color claro o parecido al que vas a aplicar, tendr\u00e1s suficiente con una capa. Si quieres pintar sobre colores muy intensos, te aconsejamos pintar 2 capas para obtener un mejor resultado.<\/p>\n<h2>Colecci\u00f3n Colores del Mundo<\/h2>\n<p>Colores del Mundo es una colecci\u00f3n de pinturas que nos transporta, con sus colores, a los rincones m\u00e1s ins\u00f3litos del mundo. Pintura mate, ecol\u00f3gica, de alta calidad, fabricada para conseguir una cobertura total en una sola mano. El Rojo Pashmina, inspirado en Nepal, aporta un toque de elegancia y calidez a tus espacios.<\/p>\n<h2>Usos Recomendados<\/h2>\n<ul>\n<li>Paredes interiores: Ideal para cualquier habitaci\u00f3n de tu hogar.<\/li>\n<li>Techos: Perfecta para dar un acabado uniforme y elegante.<\/li>\n<li>Superficies de madera y yeso: Vers\u00e1til y f\u00e1cil de aplicar en diferentes materiales.<\/li>\n<\/ul>\n<h2>Beneficios de la Pintura Paredes Rojo Pashmina<\/h2>\n<ul>\n<li>Sin salpicaduras: Aplicaci\u00f3n limpia y c\u00f3moda.<\/li>\n<li>Sin marcas: Acabado uniforme sin marcas de pasadas.<\/li>\n<li>R\u00e1pida instalaci\u00f3n: No tendr\u00e1s que esperar para volver a usar la habitaci\u00f3n.<\/li>\n<li>Bloquea manchas y humedad: Formulada con resinas <a href=\"https:\/\/es.wikipedia.org\/wiki\/Pintura_acr%C3%ADlica\" target=\"_blank\" rel=\"noopener\">acr\u00edlicas<\/a> especiales que permiten una muy buena penetraci\u00f3n y adherencia en superficies porosas.<\/li>\n<\/ul>\n<h2>Informaci\u00f3n Adicional<\/h2>\n<ul>\n<li>Peso: 4 kg (aproximadamente, dependiendo de la densidad del producto).<\/li>\n<li>Uso en interiores: Ideal para paredes y techos.<\/li>\n<\/ul>\n<h3>Transforma tu Hogar<\/h3>\n<p>\u00a1Sue\u00f1a un destino y ll\u00e9valo a tu hogar! Con la Pintura Paredes Rojo Pashmina de Bruguer, podr\u00e1s transformar tus espacios con colores inspirados en los rincones m\u00e1s ins\u00f3litos del mundo. Combina los tonos de cada destino entre s\u00ed para una propuesta arm\u00f3nica, y si deseas una combinaci\u00f3n m\u00e1s contrastada y estimulante, elige el Contrast Color del destino.<\/p>\n<h2>Productos Relacionados<\/h2>\n<p>Tambi\u00e9n puedes explorar otras opciones de colores inspiradores para complementar y realzar la belleza de tus espacios:<\/p>\n<p>Descubre la vibrante <a href=\"https:\/\/ollerpintures.com\/es\/producto\/pintura-colores-del-mundo-bruguer-peru-contrast-zumo-de-guayaba-25l\/\" target=\"_blank\" rel=\"noopener\">Pintura Paredes Zumo de Guayaba<\/a>, perfecta para a\u00f1adir un toque de frescura y energ\u00eda a cualquier habitaci\u00f3n de tu hogar.<\/p>\n<p>La <a href=\"https:\/\/ollerpintures.com\/es\/producto\/pintura-colores-del-mundo-bruguer-japon-contrast-verde-bambu-25l\/\" target=\"_blank\" rel=\"noopener\">Pintura Paredes Verde Bamb\u00fa<\/a> es ideal para crear ambientes serenos y relajantes, inspirados en la tranquilidad de los paisajes naturales de Jap\u00f3n.<\/p>\n<p><a href=\"https:\/\/ollerpintures.com\/es\/producto\/pintura-colores-del-mundo-bruguer-mediterraneo-contrast-morado-capri-25l\/\" target=\"_blank\" rel=\"noopener\">Descubre la elegancia y sofisticaci\u00f3n de la Pintura Paredes Morado Capri<\/a>, perfecta para a\u00f1adir un toque de distinci\u00f3n y frescura a cualquier habitaci\u00f3n de tu hogar.<\/p>\n","protected":false},"excerpt":{"rendered":"<p>Posiblemente <strong>la mejor cubeta de colores monocapa del mercado<\/strong>. Colores del Mundo de Bruguer te da la oportunidad de pintar tus paredes con una pintura <strong>ecol\u00f3gica<\/strong>, rentable y que <strong>no huele<\/strong>; \u00a1podr\u00e1s volver a instalarte en la habitaci\u00f3n pintada sin tener que esperar un tiempo a que se diluya el olor!<\/p>\n","protected":false},"featured_media":11334,"template":"","meta":{"_acf_changed":false},"pwb-brand":[785],"product_brand":[],"product_cat":[201,206,851],"product_tag":[217,219,213,216,215],"class_list":{"0":"post-11332","1":"product","2":"type-product","3":"status-publish","4":"has-post-thumbnail","6":"pwb-brand-bruguer","7":"product_cat-pintura-es","8":"product_cat-interior","9":"product_cat-colores-del-mundo-bruguer","10":"product_tag-bruguer-es","11":"product_tag-colores-del-mundo-es","12":"product_tag-interior-es","13":"product_tag-pared","14":"product_tag-pintura-es","15":"no-featured-image-padding","16":"resize-featured-image","17":"sales-flash-overlay","18":"woocommerce-text-align-left","19":"woocommerce-image-align-center","20":"do-quantity-buttons","22":"first","23":"outofstock","24":"shipping-taxable","25":"purchasable","26":"product-type-simple"},"acf":[],"yoast_head":"<!-- This site is optimized with the Yoast SEO plugin v27.1.1 - https:\/\/yoast.com\/product\/yoast-seo-wordpress\/ -->\n<title>Pintura Paredes Rojo Pashmina: Elegancia y Estilo | Oller Pintures<\/title>\n<meta name=\"description\" content=\"Descubre la Pintura Rojo Pashmina para paredes de Bruguer Ecol\u00f3gica, sin olor y alta cobertura, transforma tus espacios con elegancia, estilo y calidad!\" \/>\n<meta name=\"robots\" content=\"index, follow, max-snippet:-1, max-image-preview:large, max-video-preview:-1\" \/>\n<link rel=\"canonical\" href=\"https:\/\/ollerpintures.com\/es\/producto\/pintura-colores-del-mundo-bruguer-nepal-contrast-rojo-pashmina-25l\/\" \/>\n<meta property=\"og:locale\" content=\"es_ES\" \/>\n<meta property=\"og:type\" content=\"article\" \/>\n<meta property=\"og:title\" content=\"Pintura Paredes Rojo Pashmina: Elegancia y Estilo | Oller Pintures\" \/>\n<meta property=\"og:description\" content=\"Descubre la Pintura Rojo Pashmina para paredes de Bruguer Ecol\u00f3gica, sin olor y alta cobertura, transforma tus espacios con elegancia, estilo y calidad!\" \/>\n<meta property=\"og:url\" content=\"https:\/\/ollerpintures.com\/es\/producto\/pintura-colores-del-mundo-bruguer-nepal-contrast-rojo-pashmina-25l\/\" \/>\n<meta property=\"og:site_name\" content=\"Oller Pinturas y revestimientos\" \/>\n<meta property=\"article:publisher\" content=\"https:\/\/www.facebook.com\/people\/Oller-Pintures\/100063652056709\/\" \/>\n<meta property=\"article:modified_time\" content=\"2025-07-16T08:53:56+00:00\" \/>\n<meta property=\"og:image\" content=\"https:\/\/ollerpintures.com\/wp-content\/uploads\/2021\/05\/001-Frontal-Rojo-Pashmina.jpg\" \/>\n\t<meta property=\"og:image:width\" content=\"1920\" \/>\n\t<meta property=\"og:image:height\" content=\"1920\" \/>\n\t<meta property=\"og:image:type\" content=\"image\/jpeg\" \/>\n<meta name=\"twitter:card\" content=\"summary_large_image\" \/>\n<meta name=\"twitter:label1\" content=\"Tiempo de lectura\" \/>\n\t<meta name=\"twitter:data1\" content=\"3 minutos\" \/>\n<script type=\"application\/ld+json\" class=\"yoast-schema-graph\">{\"@context\":\"https:\/\/schema.org\",\"@graph\":[{\"@type\":\"WebPage\",\"@id\":\"https:\/\/ollerpintures.com\/es\/producto\/pintura-colores-del-mundo-bruguer-nepal-contrast-rojo-pashmina-25l\/\",\"url\":\"https:\/\/ollerpintures.com\/es\/producto\/pintura-colores-del-mundo-bruguer-nepal-contrast-rojo-pashmina-25l\/\",\"name\":\"Pintura Paredes Rojo Pashmina: Elegancia y Estilo | Oller Pintures\",\"isPartOf\":{\"@id\":\"https:\/\/ollerpintures.com\/es\/#website\"},\"primaryImageOfPage\":{\"@id\":\"https:\/\/ollerpintures.com\/es\/producto\/pintura-colores-del-mundo-bruguer-nepal-contrast-rojo-pashmina-25l\/#primaryimage\"},\"image\":{\"@id\":\"https:\/\/ollerpintures.com\/es\/producto\/pintura-colores-del-mundo-bruguer-nepal-contrast-rojo-pashmina-25l\/#primaryimage\"},\"thumbnailUrl\":\"https:\/\/ollerpintures.com\/wp-content\/uploads\/2021\/05\/001-Frontal-Rojo-Pashmina.jpg\",\"datePublished\":\"2021-05-11T10:58:09+00:00\",\"dateModified\":\"2025-07-16T08:53:56+00:00\",\"description\":\"Descubre la Pintura Rojo Pashmina para paredes de Bruguer Ecol\u00f3gica, sin olor y alta cobertura, transforma tus espacios con elegancia, estilo y calidad!\",\"breadcrumb\":{\"@id\":\"https:\/\/ollerpintures.com\/es\/producto\/pintura-colores-del-mundo-bruguer-nepal-contrast-rojo-pashmina-25l\/#breadcrumb\"},\"inLanguage\":\"es\",\"potentialAction\":[{\"@type\":\"ReadAction\",\"target\":[\"https:\/\/ollerpintures.com\/es\/producto\/pintura-colores-del-mundo-bruguer-nepal-contrast-rojo-pashmina-25l\/\"]}]},{\"@type\":\"ImageObject\",\"inLanguage\":\"es\",\"@id\":\"https:\/\/ollerpintures.com\/es\/producto\/pintura-colores-del-mundo-bruguer-nepal-contrast-rojo-pashmina-25l\/#primaryimage\",\"url\":\"https:\/\/ollerpintures.com\/wp-content\/uploads\/2021\/05\/001-Frontal-Rojo-Pashmina.jpg\",\"contentUrl\":\"https:\/\/ollerpintures.com\/wp-content\/uploads\/2021\/05\/001-Frontal-Rojo-Pashmina.jpg\",\"width\":1920,\"height\":1920,\"caption\":\"Descubre la Pintura Rojo Pashmina para paredes de Bruguer Ecol\u00f3gica, sin olor y alta cobertura, transforma tus espacios con elegancia, estilo y calidad!\"},{\"@type\":\"BreadcrumbList\",\"@id\":\"https:\/\/ollerpintures.com\/es\/producto\/pintura-colores-del-mundo-bruguer-nepal-contrast-rojo-pashmina-25l\/#breadcrumb\",\"itemListElement\":[{\"@type\":\"ListItem\",\"position\":1,\"name\":\"Inici\",\"item\":\"https:\/\/ollerpintures.com\/es\/\"},{\"@type\":\"ListItem\",\"position\":2,\"name\":\"Tienda\",\"item\":\"https:\/\/ollerpintures.com\/es\/tienda\/\"},{\"@type\":\"ListItem\",\"position\":3,\"name\":\"Pintura Paredes Rojo Pashmina Nepal &#8211; Colores del Mundo 2,5L\"}]},{\"@type\":\"WebSite\",\"@id\":\"https:\/\/ollerpintures.com\/es\/#website\",\"url\":\"https:\/\/ollerpintures.com\/es\/\",\"name\":\"Oller Pinturas y Revestimientos\",\"description\":\"M\u00e1s de 50 a\u00f1os acompa\u00f1ando a profesionales y particulares con soluciones de pintura duraderas y sostenibles, seis tiendas de proximidad con servicio tintom\u00e9trico propio y un compromiso real con el oficio y las nuevas generaciones.\",\"publisher\":{\"@id\":\"https:\/\/ollerpintures.com\/es\/#organization\"},\"alternateName\":\"Oller Grup\",\"potentialAction\":[{\"@type\":\"SearchAction\",\"target\":{\"@type\":\"EntryPoint\",\"urlTemplate\":\"https:\/\/ollerpintures.com\/es\/?s={search_term_string}\"},\"query-input\":{\"@type\":\"PropertyValueSpecification\",\"valueRequired\":true,\"valueName\":\"search_term_string\"}}],\"inLanguage\":\"es\"},{\"@type\":\"Organization\",\"@id\":\"https:\/\/ollerpintures.com\/es\/#organization\",\"name\":\"Oller Pintures i Revestiments\",\"alternateName\":\"Oller Grup\",\"url\":\"https:\/\/ollerpintures.com\/es\/\",\"logo\":{\"@type\":\"ImageObject\",\"inLanguage\":\"es\",\"@id\":\"https:\/\/ollerpintures.com\/es\/#\/schema\/logo\/image\/\",\"url\":\"https:\/\/ollerpintures.com\/wp-content\/uploads\/2024\/05\/newLogo.png\",\"contentUrl\":\"https:\/\/ollerpintures.com\/wp-content\/uploads\/2024\/05\/newLogo.png\",\"width\":483,\"height\":244,\"caption\":\"Oller Pintures i Revestiments\"},\"image\":{\"@id\":\"https:\/\/ollerpintures.com\/es\/#\/schema\/logo\/image\/\"},\"sameAs\":[\"https:\/\/www.facebook.com\/people\/Oller-Pintures\/100063652056709\/\",\"https:\/\/www.instagram.com\/ollerpintures\/\",\"https:\/\/descriptor.es\/organization\/oller-grup\/\"]}]}<\/script>\n<!-- \/ Yoast SEO plugin. -->","yoast_head_json":{"title":"Pintura Paredes Rojo Pashmina: Elegancia y Estilo | Oller Pintures","description":"Descubre la Pintura Rojo Pashmina para paredes de Bruguer Ecol\u00f3gica, sin olor y alta cobertura, transforma tus espacios con elegancia, estilo y calidad!","robots":{"index":"index","follow":"follow","max-snippet":"max-snippet:-1","max-image-preview":"max-image-preview:large","max-video-preview":"max-video-preview:-1"},"canonical":"https:\/\/ollerpintures.com\/es\/producto\/pintura-colores-del-mundo-bruguer-nepal-contrast-rojo-pashmina-25l\/","og_locale":"es_ES","og_type":"article","og_title":"Pintura Paredes Rojo Pashmina: Elegancia y Estilo | Oller Pintures","og_description":"Descubre la Pintura Rojo Pashmina para paredes de Bruguer Ecol\u00f3gica, sin olor y alta cobertura, transforma tus espacios con elegancia, estilo y calidad!","og_url":"https:\/\/ollerpintures.com\/es\/producto\/pintura-colores-del-mundo-bruguer-nepal-contrast-rojo-pashmina-25l\/","og_site_name":"Oller Pinturas y revestimientos","article_publisher":"https:\/\/www.facebook.com\/people\/Oller-Pintures\/100063652056709\/","article_modified_time":"2025-07-16T08:53:56+00:00","og_image":[{"width":1920,"height":1920,"url":"https:\/\/ollerpintures.com\/wp-content\/uploads\/2021\/05\/001-Frontal-Rojo-Pashmina.jpg","type":"image\/jpeg"}],"twitter_card":"summary_large_image","twitter_misc":{"Tiempo de lectura":"3 minutos"},"schema":{"@context":"https:\/\/schema.org","@graph":[{"@type":"WebPage","@id":"https:\/\/ollerpintures.com\/es\/producto\/pintura-colores-del-mundo-bruguer-nepal-contrast-rojo-pashmina-25l\/","url":"https:\/\/ollerpintures.com\/es\/producto\/pintura-colores-del-mundo-bruguer-nepal-contrast-rojo-pashmina-25l\/","name":"Pintura Paredes Rojo Pashmina: Elegancia y Estilo | Oller Pintures","isPartOf":{"@id":"https:\/\/ollerpintures.com\/es\/#website"},"primaryImageOfPage":{"@id":"https:\/\/ollerpintures.com\/es\/producto\/pintura-colores-del-mundo-bruguer-nepal-contrast-rojo-pashmina-25l\/#primaryimage"},"image":{"@id":"https:\/\/ollerpintures.com\/es\/producto\/pintura-colores-del-mundo-bruguer-nepal-contrast-rojo-pashmina-25l\/#primaryimage"},"thumbnailUrl":"https:\/\/ollerpintures.com\/wp-content\/uploads\/2021\/05\/001-Frontal-Rojo-Pashmina.jpg","datePublished":"2021-05-11T10:58:09+00:00","dateModified":"2025-07-16T08:53:56+00:00","description":"Descubre la Pintura Rojo Pashmina para paredes de Bruguer Ecol\u00f3gica, sin olor y alta cobertura, transforma tus espacios con elegancia, estilo y calidad!","breadcrumb":{"@id":"https:\/\/ollerpintures.com\/es\/producto\/pintura-colores-del-mundo-bruguer-nepal-contrast-rojo-pashmina-25l\/#breadcrumb"},"inLanguage":"es","potentialAction":[{"@type":"ReadAction","target":["https:\/\/ollerpintures.com\/es\/producto\/pintura-colores-del-mundo-bruguer-nepal-contrast-rojo-pashmina-25l\/"]}]},{"@type":"ImageObject","inLanguage":"es","@id":"https:\/\/ollerpintures.com\/es\/producto\/pintura-colores-del-mundo-bruguer-nepal-contrast-rojo-pashmina-25l\/#primaryimage","url":"https:\/\/ollerpintures.com\/wp-content\/uploads\/2021\/05\/001-Frontal-Rojo-Pashmina.jpg","contentUrl":"https:\/\/ollerpintures.com\/wp-content\/uploads\/2021\/05\/001-Frontal-Rojo-Pashmina.jpg","width":1920,"height":1920,"caption":"Descubre la Pintura Rojo Pashmina para paredes de Bruguer Ecol\u00f3gica, sin olor y alta cobertura, transforma tus espacios con elegancia, estilo y calidad!"},{"@type":"BreadcrumbList","@id":"https:\/\/ollerpintures.com\/es\/producto\/pintura-colores-del-mundo-bruguer-nepal-contrast-rojo-pashmina-25l\/#breadcrumb","itemListElement":[{"@type":"ListItem","position":1,"name":"Inici","item":"https:\/\/ollerpintures.com\/es\/"},{"@type":"ListItem","position":2,"name":"Tienda","item":"https:\/\/ollerpintures.com\/es\/tienda\/"},{"@type":"ListItem","position":3,"name":"Pintura Paredes Rojo Pashmina Nepal &#8211; Colores del Mundo 2,5L"}]},{"@type":"WebSite","@id":"https:\/\/ollerpintures.com\/es\/#website","url":"https:\/\/ollerpintures.com\/es\/","name":"Oller Pinturas y Revestimientos","description":"M\u00e1s de 50 a\u00f1os acompa\u00f1ando a profesionales y particulares con soluciones de pintura duraderas y sostenibles, seis tiendas de proximidad con servicio tintom\u00e9trico propio y un compromiso real con el oficio y las nuevas generaciones.","publisher":{"@id":"https:\/\/ollerpintures.com\/es\/#organization"},"alternateName":"Oller Grup","potentialAction":[{"@type":"SearchAction","target":{"@type":"EntryPoint","urlTemplate":"https:\/\/ollerpintures.com\/es\/?s={search_term_string}"},"query-input":{"@type":"PropertyValueSpecification","valueRequired":true,"valueName":"search_term_string"}}],"inLanguage":"es"},{"@type":"Organization","@id":"https:\/\/ollerpintures.com\/es\/#organization","name":"Oller Pintures i Revestiments","alternateName":"Oller Grup","url":"https:\/\/ollerpintures.com\/es\/","logo":{"@type":"ImageObject","inLanguage":"es","@id":"https:\/\/ollerpintures.com\/es\/#\/schema\/logo\/image\/","url":"https:\/\/ollerpintures.com\/wp-content\/uploads\/2024\/05\/newLogo.png","contentUrl":"https:\/\/ollerpintures.com\/wp-content\/uploads\/2024\/05\/newLogo.png","width":483,"height":244,"caption":"Oller Pintures i Revestiments"},"image":{"@id":"https:\/\/ollerpintures.com\/es\/#\/schema\/logo\/image\/"},"sameAs":["https:\/\/www.facebook.com\/people\/Oller-Pintures\/100063652056709\/","https:\/\/www.instagram.com\/ollerpintures\/","https:\/\/descriptor.es\/organization\/oller-grup\/"]}]}},"brands":[{"id":785,"name":"Bruguer","slug":"bruguer"}],"_links":{"self":[{"href":"https:\/\/ollerpintures.com\/es\/wp-json\/wp\/v2\/product\/11332","targetHints":{"allow":["GET"]}}],"collection":[{"href":"https:\/\/ollerpintures.com\/es\/wp-json\/wp\/v2\/product"}],"about":[{"href":"https:\/\/ollerpintures.com\/es\/wp-json\/wp\/v2\/types\/product"}],"wp:featuredmedia":[{"embeddable":true,"href":"https:\/\/ollerpintures.com\/es\/wp-json\/wp\/v2\/media\/11334"}],"wp:attachment":[{"href":"https:\/\/ollerpintures.com\/es\/wp-json\/wp\/v2\/media?parent=11332"}],"wp:term":[{"taxonomy":"pwb-brand","embeddable":true,"href":"https:\/\/ollerpintures.com\/es\/wp-json\/wp\/v2\/pwb-brand?post=11332"},{"taxonomy":"product_brand","embeddable":true,"href":"https:\/\/ollerpintures.com\/es\/wp-json\/wp\/v2\/product_brand?post=11332"},{"taxonomy":"product_cat","embeddable":true,"href":"https:\/\/ollerpintures.com\/es\/wp-json\/wp\/v2\/product_cat?post=11332"},{"taxonomy":"product_tag","embeddable":true,"href":"https:\/\/ollerpintures.com\/es\/wp-json\/wp\/v2\/product_tag?post=11332"}],"curies":[{"name":"wp","href":"https:\/\/api.w.org\/{rel}","templated":true}]}}