{"id":11315,"date":"2021-05-11T11:45:35","date_gmt":"2021-05-11T10:45:35","guid":{"rendered":"https:\/\/oller-pintures.c.wetopi.com\/?post_type=product&#038;p=11315"},"modified":"2025-07-09T17:03:01","modified_gmt":"2025-07-09T16:03:01","slug":"pintura-colores-del-mundo-bruguer-india-contrast-magenta-sari-25l","status":"publish","type":"product","link":"https:\/\/ollerpintures.com\/es\/producto\/pintura-colores-del-mundo-bruguer-india-contrast-magenta-sari-25l\/","title":{"rendered":"Pintura Paredes Magenta Sari &#8211; Colores del Mundo 2,5L"},"content":{"rendered":"<h2>Pintura Paredes Magenta Sari &#8211; Colores del Mundo<\/h2>\n<p>La Pintura Paredes Magenta Sari, posiblemente es la mejor cubeta de colores monocapa del mercado. Colores del Mundo de Bruguer te da la oportunidad de pintar tus paredes con una pintura ecol\u00f3gica, rentable y que no huele; \u00a1podr\u00e1s volver a instalarte en la habitaci\u00f3n pintada sin tener que esperar un tiempo a que se disipe el <a href=\"https:\/\/es.wikipedia.org\/wiki\/Olor\" target=\"_blank\" rel=\"noopener\">olor<\/a>!<\/p>\n<h2>Caracter\u00edsticas Principales<\/h2>\n<p>Ecol\u00f3gica: Pintura respetuosa con el medio ambiente.<\/p>\n<p>Sin Olores: No tendr\u00e1s que esperar para volver a usar la habitaci\u00f3n.<\/p>\n<p>F\u00e1cil Aplicaci\u00f3n: No salpica y no deja marcas de las pasadas.<\/p>\n<p>Alta Cobertura: Consigue una cobertura total en una sola mano.<\/p>\n<p>Acabado Mate: Proporciona un aspecto elegante y sofisticado.<\/p>\n<p>Secado R\u00e1pido: Secado al tacto en solo 30 minutos.<\/p>\n<p>Lavable y Durable: F\u00e1cil de limpiar y con excelente resistencia.<\/p>\n<p>Rendimiento: 10-12 m\u00b2 por litro y capa.<\/p>\n<p>Diluyente: <a href=\"https:\/\/es.wikipedia.org\/wiki\/Agua\" target=\"_blank\" rel=\"noopener\">Agua<\/a>.<\/p>\n<p>Tama\u00f1os Disponibles: 2,5 L.<\/p>\n<h2>Consejos de la Pintura Paredes Magenta Sari<\/h2>\n<p>Consejo Oller: Si quer\u00e9is pintar sobre una pared de color claro o parecido al que vais a aplicar, tendr\u00e9is suficiente con una capa. Si quer\u00e9is pintar sobre colores muy intensos, os aconsejamos pintar 2 capas para tener mejor resultado.<\/p>\n<h2>Inspiraci\u00f3n India<\/h2>\n<p>Colores del Mundo es una colecci\u00f3n de pinturas que nos transporta, con sus colores, a los rincones m\u00e1s ins\u00f3litos del mundo. Pintura mate, ecol\u00f3gica, de alta calidad, fabricada para conseguir una cobertura total en una sola mano.<\/p>\n<h2>Transforma tu Hogar<\/h2>\n<p>\u00a1Sue\u00f1a un destino y ll\u00e9valo a tu hogar! Con la Pintura Paredes Magenta Sari de Bruguer, podr\u00e1s transformar tus espacios con colores inspirados en los rincones m\u00e1s bellos del mundo. Combina los tonos de cada destino para una propuesta arm\u00f3nica, o elige el Contrast Color del destino para una combinaci\u00f3n m\u00e1s contrastada y estimulante.<\/p>\n<h3>Productos Relacionados<\/h3>\n<p>Descubre la vibrante <a href=\"https:\/\/ollerpintures.com\/es\/producto\/pintura-colores-del-mundo-bruguer-nepal-contrast-rojo-pashmina-25l\/\" target=\"_blank\" rel=\"noopener\">Pintura Paredes Rojo Pashmina<\/a>, perfecta para a\u00f1adir un toque de calidez y energ\u00eda a cualquier habitaci\u00f3n de tu hogar.<\/p>\n<p>Transforma tus espacios con la serenidad y frescura de la <a href=\"https:\/\/ollerpintures.com\/es\/producto\/pintura-colores-del-mundo-bruguer-japon-contrast-verde-bambu-25l\/\" target=\"_blank\" rel=\"noopener\">Pintura Paredes Verde Bamb\u00fa<\/a>, inspirada en los paisajes naturales de Jap\u00f3n.<\/p>\n<p>A\u00f1ade un toque de frescura y energ\u00eda con la <a href=\"https:\/\/ollerpintures.com\/es\/producto\/pintura-colores-del-mundo-bruguer-peru-contrast-zumo-de-guayaba-25l\/\" target=\"_blank\" rel=\"noopener\">Pintura Paredes Zumo de Guayaba<\/a>, perfecta para cualquier habitaci\u00f3n de tu hogar.<\/p>\n<p>Descubre la elegancia y sofisticaci\u00f3n de la <a href=\"https:\/\/ollerpintures.com\/es\/producto\/pintura-colores-del-mundo-bruguer-mediterraneo-contrast-morado-capri-25l\/\" target=\"_blank\" rel=\"noopener\">Pintura Paredes Morado Capri<\/a>, perfecta para a\u00f1adir un toque de distinci\u00f3n y frescura a cualquier habitaci\u00f3n de tu hogar.<\/p>\n","protected":false},"excerpt":{"rendered":"<p>Posiblemente <strong>la mejor cubeta de colores monocapa del mercado<\/strong>. Colores del Mundo de Bruguer te da la oportunidad de pintar tus paredes con una pintura <strong>ecol\u00f3gica<\/strong>, rentable y que <strong>no huele<\/strong>; \u00a1podr\u00e1s volver a instalarte en la habitaci\u00f3n pintada sin tener que esperar un tiempo a que se diluya el olor!<\/p>\n","protected":false},"featured_media":11317,"template":"","meta":{"_acf_changed":false},"pwb-brand":[785],"product_brand":[],"product_cat":[201,206,851],"product_tag":[217,219,213,216,215],"class_list":{"0":"post-11315","1":"product","2":"type-product","3":"status-publish","4":"has-post-thumbnail","6":"pwb-brand-bruguer","7":"product_cat-pintura-es","8":"product_cat-interior","9":"product_cat-colores-del-mundo-bruguer","10":"product_tag-bruguer-es","11":"product_tag-colores-del-mundo-es","12":"product_tag-interior-es","13":"product_tag-pared","14":"product_tag-pintura-es","15":"no-featured-image-padding","16":"resize-featured-image","17":"sales-flash-overlay","18":"woocommerce-text-align-left","19":"woocommerce-image-align-center","20":"do-quantity-buttons","22":"first","23":"instock","24":"shipping-taxable","25":"purchasable","26":"product-type-simple"},"acf":[],"yoast_head":"<!-- This site is optimized with the Yoast SEO plugin v27.1.1 - https:\/\/yoast.com\/product\/yoast-seo-wordpress\/ -->\n<title>Pintura Paredes Magenta Sari 2,5L: Ecologica y de Calidad | Oller<\/title>\n<meta name=\"description\" content=\"Ya puedes comprar la Pintura Paredes Magenta Sari de la colecci\u00f3n Colores del Mundo de Bruguer en formato de 2,5L: compra online de forma f\u00e1cil y segura.\" \/>\n<meta name=\"robots\" content=\"index, follow, max-snippet:-1, max-image-preview:large, max-video-preview:-1\" \/>\n<link rel=\"canonical\" href=\"https:\/\/ollerpintures.com\/es\/producto\/pintura-colores-del-mundo-bruguer-india-contrast-magenta-sari-25l\/\" \/>\n<meta property=\"og:locale\" content=\"es_ES\" \/>\n<meta property=\"og:type\" content=\"article\" \/>\n<meta property=\"og:title\" content=\"Pintura Paredes Magenta Sari 2,5L: Ecologica y de Calidad | Oller\" \/>\n<meta property=\"og:description\" content=\"Ya puedes comprar la Pintura Paredes Magenta Sari de la colecci\u00f3n Colores del Mundo de Bruguer en formato de 2,5L: compra online de forma f\u00e1cil y segura.\" \/>\n<meta property=\"og:url\" content=\"https:\/\/ollerpintures.com\/es\/producto\/pintura-colores-del-mundo-bruguer-india-contrast-magenta-sari-25l\/\" \/>\n<meta property=\"og:site_name\" content=\"Oller Pinturas y revestimientos\" \/>\n<meta property=\"article:publisher\" content=\"https:\/\/www.facebook.com\/people\/Oller-Pintures\/100063652056709\/\" \/>\n<meta property=\"article:modified_time\" content=\"2025-07-09T16:03:01+00:00\" \/>\n<meta property=\"og:image\" content=\"https:\/\/ollerpintures.com\/wp-content\/uploads\/2021\/05\/001-Frontales-India-Magenta-Sari.jpg\" \/>\n\t<meta property=\"og:image:width\" content=\"1920\" \/>\n\t<meta property=\"og:image:height\" content=\"1920\" \/>\n\t<meta property=\"og:image:type\" content=\"image\/jpeg\" \/>\n<meta name=\"twitter:card\" content=\"summary_large_image\" \/>\n<meta name=\"twitter:label1\" content=\"Tiempo de lectura\" \/>\n\t<meta name=\"twitter:data1\" content=\"3 minutos\" \/>\n<script type=\"application\/ld+json\" class=\"yoast-schema-graph\">{\"@context\":\"https:\/\/schema.org\",\"@graph\":[{\"@type\":\"WebPage\",\"@id\":\"https:\/\/ollerpintures.com\/es\/producto\/pintura-colores-del-mundo-bruguer-india-contrast-magenta-sari-25l\/\",\"url\":\"https:\/\/ollerpintures.com\/es\/producto\/pintura-colores-del-mundo-bruguer-india-contrast-magenta-sari-25l\/\",\"name\":\"Pintura Paredes Magenta Sari 2,5L: Ecologica y de Calidad | Oller\",\"isPartOf\":{\"@id\":\"https:\/\/ollerpintures.com\/es\/#website\"},\"primaryImageOfPage\":{\"@id\":\"https:\/\/ollerpintures.com\/es\/producto\/pintura-colores-del-mundo-bruguer-india-contrast-magenta-sari-25l\/#primaryimage\"},\"image\":{\"@id\":\"https:\/\/ollerpintures.com\/es\/producto\/pintura-colores-del-mundo-bruguer-india-contrast-magenta-sari-25l\/#primaryimage\"},\"thumbnailUrl\":\"https:\/\/ollerpintures.com\/wp-content\/uploads\/2021\/05\/001-Frontales-India-Magenta-Sari.jpg\",\"datePublished\":\"2021-05-11T10:45:35+00:00\",\"dateModified\":\"2025-07-09T16:03:01+00:00\",\"description\":\"Ya puedes comprar la Pintura Paredes Magenta Sari de la colecci\u00f3n Colores del Mundo de Bruguer en formato de 2,5L: compra online de forma f\u00e1cil y segura.\",\"breadcrumb\":{\"@id\":\"https:\/\/ollerpintures.com\/es\/producto\/pintura-colores-del-mundo-bruguer-india-contrast-magenta-sari-25l\/#breadcrumb\"},\"inLanguage\":\"es\",\"potentialAction\":[{\"@type\":\"ReadAction\",\"target\":[\"https:\/\/ollerpintures.com\/es\/producto\/pintura-colores-del-mundo-bruguer-india-contrast-magenta-sari-25l\/\"]}]},{\"@type\":\"ImageObject\",\"inLanguage\":\"es\",\"@id\":\"https:\/\/ollerpintures.com\/es\/producto\/pintura-colores-del-mundo-bruguer-india-contrast-magenta-sari-25l\/#primaryimage\",\"url\":\"https:\/\/ollerpintures.com\/wp-content\/uploads\/2021\/05\/001-Frontales-India-Magenta-Sari.jpg\",\"contentUrl\":\"https:\/\/ollerpintures.com\/wp-content\/uploads\/2021\/05\/001-Frontales-India-Magenta-Sari.jpg\",\"width\":1920,\"height\":1920,\"caption\":\"Ya puedes comprar la Pintura Paredes Magenta Sari de la colecci\u00f3n Colores del Mundo de Bruguer en formato de 2,5L: compra online de forma f\u00e1cil y segura.\"},{\"@type\":\"BreadcrumbList\",\"@id\":\"https:\/\/ollerpintures.com\/es\/producto\/pintura-colores-del-mundo-bruguer-india-contrast-magenta-sari-25l\/#breadcrumb\",\"itemListElement\":[{\"@type\":\"ListItem\",\"position\":1,\"name\":\"Inici\",\"item\":\"https:\/\/ollerpintures.com\/es\/\"},{\"@type\":\"ListItem\",\"position\":2,\"name\":\"Tienda\",\"item\":\"https:\/\/ollerpintures.com\/es\/tienda\/\"},{\"@type\":\"ListItem\",\"position\":3,\"name\":\"Pintura Paredes Magenta Sari &#8211; Colores del Mundo 2,5L\"}]},{\"@type\":\"WebSite\",\"@id\":\"https:\/\/ollerpintures.com\/es\/#website\",\"url\":\"https:\/\/ollerpintures.com\/es\/\",\"name\":\"Oller Pinturas y Revestimientos\",\"description\":\"M\u00e1s de 50 a\u00f1os acompa\u00f1ando a profesionales y particulares con soluciones de pintura duraderas y sostenibles, seis tiendas de proximidad con servicio tintom\u00e9trico propio y un compromiso real con el oficio y las nuevas generaciones.\",\"publisher\":{\"@id\":\"https:\/\/ollerpintures.com\/es\/#organization\"},\"alternateName\":\"Oller Grup\",\"potentialAction\":[{\"@type\":\"SearchAction\",\"target\":{\"@type\":\"EntryPoint\",\"urlTemplate\":\"https:\/\/ollerpintures.com\/es\/?s={search_term_string}\"},\"query-input\":{\"@type\":\"PropertyValueSpecification\",\"valueRequired\":true,\"valueName\":\"search_term_string\"}}],\"inLanguage\":\"es\"},{\"@type\":\"Organization\",\"@id\":\"https:\/\/ollerpintures.com\/es\/#organization\",\"name\":\"Oller Pintures i Revestiments\",\"alternateName\":\"Oller Grup\",\"url\":\"https:\/\/ollerpintures.com\/es\/\",\"logo\":{\"@type\":\"ImageObject\",\"inLanguage\":\"es\",\"@id\":\"https:\/\/ollerpintures.com\/es\/#\/schema\/logo\/image\/\",\"url\":\"https:\/\/ollerpintures.com\/wp-content\/uploads\/2024\/05\/newLogo.png\",\"contentUrl\":\"https:\/\/ollerpintures.com\/wp-content\/uploads\/2024\/05\/newLogo.png\",\"width\":483,\"height\":244,\"caption\":\"Oller Pintures i Revestiments\"},\"image\":{\"@id\":\"https:\/\/ollerpintures.com\/es\/#\/schema\/logo\/image\/\"},\"sameAs\":[\"https:\/\/www.facebook.com\/people\/Oller-Pintures\/100063652056709\/\",\"https:\/\/www.instagram.com\/ollerpintures\/\",\"https:\/\/descriptor.es\/organization\/oller-grup\/\"]}]}<\/script>\n<!-- \/ Yoast SEO plugin. -->","yoast_head_json":{"title":"Pintura Paredes Magenta Sari 2,5L: Ecologica y de Calidad | Oller","description":"Ya puedes comprar la Pintura Paredes Magenta Sari de la colecci\u00f3n Colores del Mundo de Bruguer en formato de 2,5L: compra online de forma f\u00e1cil y segura.","robots":{"index":"index","follow":"follow","max-snippet":"max-snippet:-1","max-image-preview":"max-image-preview:large","max-video-preview":"max-video-preview:-1"},"canonical":"https:\/\/ollerpintures.com\/es\/producto\/pintura-colores-del-mundo-bruguer-india-contrast-magenta-sari-25l\/","og_locale":"es_ES","og_type":"article","og_title":"Pintura Paredes Magenta Sari 2,5L: Ecologica y de Calidad | Oller","og_description":"Ya puedes comprar la Pintura Paredes Magenta Sari de la colecci\u00f3n Colores del Mundo de Bruguer en formato de 2,5L: compra online de forma f\u00e1cil y segura.","og_url":"https:\/\/ollerpintures.com\/es\/producto\/pintura-colores-del-mundo-bruguer-india-contrast-magenta-sari-25l\/","og_site_name":"Oller Pinturas y revestimientos","article_publisher":"https:\/\/www.facebook.com\/people\/Oller-Pintures\/100063652056709\/","article_modified_time":"2025-07-09T16:03:01+00:00","og_image":[{"width":1920,"height":1920,"url":"https:\/\/ollerpintures.com\/wp-content\/uploads\/2021\/05\/001-Frontales-India-Magenta-Sari.jpg","type":"image\/jpeg"}],"twitter_card":"summary_large_image","twitter_misc":{"Tiempo de lectura":"3 minutos"},"schema":{"@context":"https:\/\/schema.org","@graph":[{"@type":"WebPage","@id":"https:\/\/ollerpintures.com\/es\/producto\/pintura-colores-del-mundo-bruguer-india-contrast-magenta-sari-25l\/","url":"https:\/\/ollerpintures.com\/es\/producto\/pintura-colores-del-mundo-bruguer-india-contrast-magenta-sari-25l\/","name":"Pintura Paredes Magenta Sari 2,5L: Ecologica y de Calidad | Oller","isPartOf":{"@id":"https:\/\/ollerpintures.com\/es\/#website"},"primaryImageOfPage":{"@id":"https:\/\/ollerpintures.com\/es\/producto\/pintura-colores-del-mundo-bruguer-india-contrast-magenta-sari-25l\/#primaryimage"},"image":{"@id":"https:\/\/ollerpintures.com\/es\/producto\/pintura-colores-del-mundo-bruguer-india-contrast-magenta-sari-25l\/#primaryimage"},"thumbnailUrl":"https:\/\/ollerpintures.com\/wp-content\/uploads\/2021\/05\/001-Frontales-India-Magenta-Sari.jpg","datePublished":"2021-05-11T10:45:35+00:00","dateModified":"2025-07-09T16:03:01+00:00","description":"Ya puedes comprar la Pintura Paredes Magenta Sari de la colecci\u00f3n Colores del Mundo de Bruguer en formato de 2,5L: compra online de forma f\u00e1cil y segura.","breadcrumb":{"@id":"https:\/\/ollerpintures.com\/es\/producto\/pintura-colores-del-mundo-bruguer-india-contrast-magenta-sari-25l\/#breadcrumb"},"inLanguage":"es","potentialAction":[{"@type":"ReadAction","target":["https:\/\/ollerpintures.com\/es\/producto\/pintura-colores-del-mundo-bruguer-india-contrast-magenta-sari-25l\/"]}]},{"@type":"ImageObject","inLanguage":"es","@id":"https:\/\/ollerpintures.com\/es\/producto\/pintura-colores-del-mundo-bruguer-india-contrast-magenta-sari-25l\/#primaryimage","url":"https:\/\/ollerpintures.com\/wp-content\/uploads\/2021\/05\/001-Frontales-India-Magenta-Sari.jpg","contentUrl":"https:\/\/ollerpintures.com\/wp-content\/uploads\/2021\/05\/001-Frontales-India-Magenta-Sari.jpg","width":1920,"height":1920,"caption":"Ya puedes comprar la Pintura Paredes Magenta Sari de la colecci\u00f3n Colores del Mundo de Bruguer en formato de 2,5L: compra online de forma f\u00e1cil y segura."},{"@type":"BreadcrumbList","@id":"https:\/\/ollerpintures.com\/es\/producto\/pintura-colores-del-mundo-bruguer-india-contrast-magenta-sari-25l\/#breadcrumb","itemListElement":[{"@type":"ListItem","position":1,"name":"Inici","item":"https:\/\/ollerpintures.com\/es\/"},{"@type":"ListItem","position":2,"name":"Tienda","item":"https:\/\/ollerpintures.com\/es\/tienda\/"},{"@type":"ListItem","position":3,"name":"Pintura Paredes Magenta Sari &#8211; Colores del Mundo 2,5L"}]},{"@type":"WebSite","@id":"https:\/\/ollerpintures.com\/es\/#website","url":"https:\/\/ollerpintures.com\/es\/","name":"Oller Pinturas y Revestimientos","description":"M\u00e1s de 50 a\u00f1os acompa\u00f1ando a profesionales y particulares con soluciones de pintura duraderas y sostenibles, seis tiendas de proximidad con servicio tintom\u00e9trico propio y un compromiso real con el oficio y las nuevas generaciones.","publisher":{"@id":"https:\/\/ollerpintures.com\/es\/#organization"},"alternateName":"Oller Grup","potentialAction":[{"@type":"SearchAction","target":{"@type":"EntryPoint","urlTemplate":"https:\/\/ollerpintures.com\/es\/?s={search_term_string}"},"query-input":{"@type":"PropertyValueSpecification","valueRequired":true,"valueName":"search_term_string"}}],"inLanguage":"es"},{"@type":"Organization","@id":"https:\/\/ollerpintures.com\/es\/#organization","name":"Oller Pintures i Revestiments","alternateName":"Oller Grup","url":"https:\/\/ollerpintures.com\/es\/","logo":{"@type":"ImageObject","inLanguage":"es","@id":"https:\/\/ollerpintures.com\/es\/#\/schema\/logo\/image\/","url":"https:\/\/ollerpintures.com\/wp-content\/uploads\/2024\/05\/newLogo.png","contentUrl":"https:\/\/ollerpintures.com\/wp-content\/uploads\/2024\/05\/newLogo.png","width":483,"height":244,"caption":"Oller Pintures i Revestiments"},"image":{"@id":"https:\/\/ollerpintures.com\/es\/#\/schema\/logo\/image\/"},"sameAs":["https:\/\/www.facebook.com\/people\/Oller-Pintures\/100063652056709\/","https:\/\/www.instagram.com\/ollerpintures\/","https:\/\/descriptor.es\/organization\/oller-grup\/"]}]}},"brands":[{"id":785,"name":"Bruguer","slug":"bruguer"}],"_links":{"self":[{"href":"https:\/\/ollerpintures.com\/es\/wp-json\/wp\/v2\/product\/11315","targetHints":{"allow":["GET"]}}],"collection":[{"href":"https:\/\/ollerpintures.com\/es\/wp-json\/wp\/v2\/product"}],"about":[{"href":"https:\/\/ollerpintures.com\/es\/wp-json\/wp\/v2\/types\/product"}],"wp:featuredmedia":[{"embeddable":true,"href":"https:\/\/ollerpintures.com\/es\/wp-json\/wp\/v2\/media\/11317"}],"wp:attachment":[{"href":"https:\/\/ollerpintures.com\/es\/wp-json\/wp\/v2\/media?parent=11315"}],"wp:term":[{"taxonomy":"pwb-brand","embeddable":true,"href":"https:\/\/ollerpintures.com\/es\/wp-json\/wp\/v2\/pwb-brand?post=11315"},{"taxonomy":"product_brand","embeddable":true,"href":"https:\/\/ollerpintures.com\/es\/wp-json\/wp\/v2\/product_brand?post=11315"},{"taxonomy":"product_cat","embeddable":true,"href":"https:\/\/ollerpintures.com\/es\/wp-json\/wp\/v2\/product_cat?post=11315"},{"taxonomy":"product_tag","embeddable":true,"href":"https:\/\/ollerpintures.com\/es\/wp-json\/wp\/v2\/product_tag?post=11315"}],"curies":[{"name":"wp","href":"https:\/\/api.w.org\/{rel}","templated":true}]}}