{"id":11305,"date":"2021-05-11T11:39:14","date_gmt":"2021-05-11T10:39:14","guid":{"rendered":"https:\/\/oller-pintures.c.wetopi.com\/?post_type=product&#038;p=11305"},"modified":"2022-10-25T10:09:36","modified_gmt":"2022-10-25T09:09:36","slug":"pintura-colores-del-mundo-bruguer-patagonia-contrast-azul-atlantico-25l","status":"publish","type":"product","link":"https:\/\/ollerpintures.com\/es\/producto\/pintura-colores-del-mundo-bruguer-patagonia-contrast-azul-atlantico-25l\/","title":{"rendered":"Pintura Colores del Mundo BRUGUER Patagonia Contrast &#8211; Azul Atl\u00e1ntico 2,5L"},"content":{"rendered":"<p>Posiblemente <strong>la mejor cubeta de colores monocapa del mercado<\/strong>. Colores del Mundo de Bruguer te da la oportunidad de pintar tus paredes color Azul Atl\u00e1ntico con una pintura <strong>ecol\u00f3gica<\/strong>, rentable y que <strong>no huele<\/strong>; \u00a1podr\u00e1s volver a instalarte en la habitaci\u00f3n pintada sin tener que esperar un tiempo a que se diluya el olor!<\/p>\n<p>Adem\u00e1s, te permitir\u00e1 pintar muy c\u00f3modamente: <strong>no salpica<\/strong> y<strong> no deja marcas de las pasadas.<\/strong> \u00a1Nadie notar\u00e1 d\u00f3nde terminan los m\u00e1rgenes de las esquinas y techos!<\/p>\n<hr \/>\n<p><span style=\"color: #ff6600;\"><strong>Consejo Oller<\/strong><\/span>: si quer\u00e9is pintar sobre una pared de color claro o parecido al que vais a aplicar, tendr\u00e9is suficiente con una capa. Si quer\u00e9is pintar sobre colores muy intensos, os aconsejamos pintar 2 capas para tener mejor resultado.<\/p>\n<hr \/>\n<h4>\u00a1Sue\u00f1a un destino y ll\u00e9valo a tu hogar!<\/h4>\n<p>Colores del Mundo es una colecci\u00f3n de pinturas que nos transporta, con sus colores, a los rincones m\u00e1s ins\u00f3litos del mundo. Patagonia Contrast Azul Atl\u00e1ntico es una pintura mate, ecol\u00f3gica, de alta calidad, fabricada para conseguir una cobertura total en una sola mano.<\/p>\n","protected":false},"excerpt":{"rendered":"<p>Posiblemente <strong>la mejor cubeta de colores monocapa del mercado<\/strong>. Colores del Mundo de Bruguer te da la oportunidad de pintar tus paredes con una pintura <strong>ecol\u00f3gica<\/strong>, rentable y que <strong>no huele<\/strong>; \u00a1podr\u00e1s volver a instalarte en la habitaci\u00f3n pintada sin tener que esperar un tiempo a que se diluya el olor!<\/p>\n","protected":false},"featured_media":11309,"template":"","meta":{"_acf_changed":false},"pwb-brand":[785],"product_brand":[],"product_cat":[201,206,851],"product_tag":[217,219,213,216,215],"class_list":{"0":"post-11305","1":"product","2":"type-product","3":"status-publish","4":"has-post-thumbnail","6":"pwb-brand-bruguer","7":"product_cat-pintura-es","8":"product_cat-interior","9":"product_cat-colores-del-mundo-bruguer","10":"product_tag-bruguer-es","11":"product_tag-colores-del-mundo-es","12":"product_tag-interior-es","13":"product_tag-pared","14":"product_tag-pintura-es","15":"no-featured-image-padding","16":"resize-featured-image","17":"sales-flash-overlay","18":"woocommerce-text-align-left","19":"woocommerce-image-align-center","20":"do-quantity-buttons","22":"first","23":"outofstock","24":"shipping-taxable","25":"purchasable","26":"product-type-simple"},"acf":[],"yoast_head":"<!-- This site is optimized with the Yoast SEO plugin v27.1.1 - https:\/\/yoast.com\/product\/yoast-seo-wordpress\/ -->\n<title>Colores del Mundo BRUGUER Patagonia Contrast Azul Atl\u00e1ntico<\/title>\n<meta name=\"description\" content=\"El Azul Atl\u00e1ntico Patagonia Contrast de los Colores del Mundo de Bruguer te permite pintar tus paredes con una pintura ecol\u00f3gica, rentable y que no huele.\" \/>\n<meta name=\"robots\" content=\"index, follow, max-snippet:-1, max-image-preview:large, max-video-preview:-1\" \/>\n<link rel=\"canonical\" href=\"https:\/\/ollerpintures.com\/es\/producto\/pintura-colores-del-mundo-bruguer-patagonia-contrast-azul-atlantico-25l\/\" \/>\n<meta property=\"og:locale\" content=\"es_ES\" \/>\n<meta property=\"og:type\" content=\"article\" \/>\n<meta property=\"og:title\" content=\"Colores del Mundo BRUGUER Patagonia Contrast Azul Atl\u00e1ntico\" \/>\n<meta property=\"og:description\" content=\"El Azul Atl\u00e1ntico Patagonia Contrast de los Colores del Mundo de Bruguer te permite pintar tus paredes con una pintura ecol\u00f3gica, rentable y que no huele.\" \/>\n<meta property=\"og:url\" content=\"https:\/\/ollerpintures.com\/es\/producto\/pintura-colores-del-mundo-bruguer-patagonia-contrast-azul-atlantico-25l\/\" \/>\n<meta property=\"og:site_name\" content=\"Oller Pinturas y revestimientos\" \/>\n<meta property=\"article:publisher\" content=\"https:\/\/www.facebook.com\/people\/Oller-Pintures\/100063652056709\/\" \/>\n<meta property=\"article:modified_time\" content=\"2022-10-25T09:09:36+00:00\" \/>\n<meta property=\"og:image\" content=\"https:\/\/ollerpintures.com\/wp-content\/uploads\/2021\/05\/001-Frontal-Azul-Atlantico.jpg\" \/>\n\t<meta property=\"og:image:width\" content=\"1920\" \/>\n\t<meta property=\"og:image:height\" content=\"1920\" \/>\n\t<meta property=\"og:image:type\" content=\"image\/jpeg\" \/>\n<meta name=\"twitter:card\" content=\"summary_large_image\" \/>\n<meta name=\"twitter:label1\" content=\"Tiempo de lectura\" \/>\n\t<meta name=\"twitter:data1\" content=\"1 minuto\" \/>\n<script type=\"application\/ld+json\" class=\"yoast-schema-graph\">{\"@context\":\"https:\/\/schema.org\",\"@graph\":[{\"@type\":\"WebPage\",\"@id\":\"https:\/\/ollerpintures.com\/es\/producto\/pintura-colores-del-mundo-bruguer-patagonia-contrast-azul-atlantico-25l\/\",\"url\":\"https:\/\/ollerpintures.com\/es\/producto\/pintura-colores-del-mundo-bruguer-patagonia-contrast-azul-atlantico-25l\/\",\"name\":\"Colores del Mundo BRUGUER Patagonia Contrast Azul Atl\u00e1ntico\",\"isPartOf\":{\"@id\":\"https:\/\/ollerpintures.com\/es\/#website\"},\"primaryImageOfPage\":{\"@id\":\"https:\/\/ollerpintures.com\/es\/producto\/pintura-colores-del-mundo-bruguer-patagonia-contrast-azul-atlantico-25l\/#primaryimage\"},\"image\":{\"@id\":\"https:\/\/ollerpintures.com\/es\/producto\/pintura-colores-del-mundo-bruguer-patagonia-contrast-azul-atlantico-25l\/#primaryimage\"},\"thumbnailUrl\":\"https:\/\/ollerpintures.com\/wp-content\/uploads\/2021\/05\/001-Frontal-Azul-Atlantico.jpg\",\"datePublished\":\"2021-05-11T10:39:14+00:00\",\"dateModified\":\"2022-10-25T09:09:36+00:00\",\"description\":\"El Azul Atl\u00e1ntico Patagonia Contrast de los Colores del Mundo de Bruguer te permite pintar tus paredes con una pintura ecol\u00f3gica, rentable y que no huele.\",\"breadcrumb\":{\"@id\":\"https:\/\/ollerpintures.com\/es\/producto\/pintura-colores-del-mundo-bruguer-patagonia-contrast-azul-atlantico-25l\/#breadcrumb\"},\"inLanguage\":\"es\",\"potentialAction\":[{\"@type\":\"ReadAction\",\"target\":[\"https:\/\/ollerpintures.com\/es\/producto\/pintura-colores-del-mundo-bruguer-patagonia-contrast-azul-atlantico-25l\/\"]}]},{\"@type\":\"ImageObject\",\"inLanguage\":\"es\",\"@id\":\"https:\/\/ollerpintures.com\/es\/producto\/pintura-colores-del-mundo-bruguer-patagonia-contrast-azul-atlantico-25l\/#primaryimage\",\"url\":\"https:\/\/ollerpintures.com\/wp-content\/uploads\/2021\/05\/001-Frontal-Azul-Atlantico.jpg\",\"contentUrl\":\"https:\/\/ollerpintures.com\/wp-content\/uploads\/2021\/05\/001-Frontal-Azul-Atlantico.jpg\",\"width\":1920,\"height\":1920,\"caption\":\"El Azul Atl\u00e1ntico Patagonia Contrast de los Colores del Mundo de Bruguer te permite pintar tus paredes con una pintura ecol\u00f3gica, rentable y que no huele.\"},{\"@type\":\"BreadcrumbList\",\"@id\":\"https:\/\/ollerpintures.com\/es\/producto\/pintura-colores-del-mundo-bruguer-patagonia-contrast-azul-atlantico-25l\/#breadcrumb\",\"itemListElement\":[{\"@type\":\"ListItem\",\"position\":1,\"name\":\"Inici\",\"item\":\"https:\/\/ollerpintures.com\/es\/\"},{\"@type\":\"ListItem\",\"position\":2,\"name\":\"Tienda\",\"item\":\"https:\/\/ollerpintures.com\/es\/tienda\/\"},{\"@type\":\"ListItem\",\"position\":3,\"name\":\"Pintura Colores del Mundo BRUGUER Patagonia Contrast &#8211; Azul Atl\u00e1ntico 2,5L\"}]},{\"@type\":\"WebSite\",\"@id\":\"https:\/\/ollerpintures.com\/es\/#website\",\"url\":\"https:\/\/ollerpintures.com\/es\/\",\"name\":\"Oller Pinturas y Revestimientos\",\"description\":\"M\u00e1s de 50 a\u00f1os acompa\u00f1ando a profesionales y particulares con soluciones de pintura duraderas y sostenibles, seis tiendas de proximidad con servicio tintom\u00e9trico propio y un compromiso real con el oficio y las nuevas generaciones.\",\"publisher\":{\"@id\":\"https:\/\/ollerpintures.com\/es\/#organization\"},\"alternateName\":\"Oller Grup\",\"potentialAction\":[{\"@type\":\"SearchAction\",\"target\":{\"@type\":\"EntryPoint\",\"urlTemplate\":\"https:\/\/ollerpintures.com\/es\/?s={search_term_string}\"},\"query-input\":{\"@type\":\"PropertyValueSpecification\",\"valueRequired\":true,\"valueName\":\"search_term_string\"}}],\"inLanguage\":\"es\"},{\"@type\":\"Organization\",\"@id\":\"https:\/\/ollerpintures.com\/es\/#organization\",\"name\":\"Oller Pintures i Revestiments\",\"alternateName\":\"Oller Grup\",\"url\":\"https:\/\/ollerpintures.com\/es\/\",\"logo\":{\"@type\":\"ImageObject\",\"inLanguage\":\"es\",\"@id\":\"https:\/\/ollerpintures.com\/es\/#\/schema\/logo\/image\/\",\"url\":\"https:\/\/ollerpintures.com\/wp-content\/uploads\/2024\/05\/newLogo.png\",\"contentUrl\":\"https:\/\/ollerpintures.com\/wp-content\/uploads\/2024\/05\/newLogo.png\",\"width\":483,\"height\":244,\"caption\":\"Oller Pintures i Revestiments\"},\"image\":{\"@id\":\"https:\/\/ollerpintures.com\/es\/#\/schema\/logo\/image\/\"},\"sameAs\":[\"https:\/\/www.facebook.com\/people\/Oller-Pintures\/100063652056709\/\",\"https:\/\/www.instagram.com\/ollerpintures\/\",\"https:\/\/descriptor.es\/organization\/oller-grup\/\"]}]}<\/script>\n<!-- \/ Yoast SEO plugin. -->","yoast_head_json":{"title":"Colores del Mundo BRUGUER Patagonia Contrast Azul Atl\u00e1ntico","description":"El Azul Atl\u00e1ntico Patagonia Contrast de los Colores del Mundo de Bruguer te permite pintar tus paredes con una pintura ecol\u00f3gica, rentable y que no huele.","robots":{"index":"index","follow":"follow","max-snippet":"max-snippet:-1","max-image-preview":"max-image-preview:large","max-video-preview":"max-video-preview:-1"},"canonical":"https:\/\/ollerpintures.com\/es\/producto\/pintura-colores-del-mundo-bruguer-patagonia-contrast-azul-atlantico-25l\/","og_locale":"es_ES","og_type":"article","og_title":"Colores del Mundo BRUGUER Patagonia Contrast Azul Atl\u00e1ntico","og_description":"El Azul Atl\u00e1ntico Patagonia Contrast de los Colores del Mundo de Bruguer te permite pintar tus paredes con una pintura ecol\u00f3gica, rentable y que no huele.","og_url":"https:\/\/ollerpintures.com\/es\/producto\/pintura-colores-del-mundo-bruguer-patagonia-contrast-azul-atlantico-25l\/","og_site_name":"Oller Pinturas y revestimientos","article_publisher":"https:\/\/www.facebook.com\/people\/Oller-Pintures\/100063652056709\/","article_modified_time":"2022-10-25T09:09:36+00:00","og_image":[{"width":1920,"height":1920,"url":"https:\/\/ollerpintures.com\/wp-content\/uploads\/2021\/05\/001-Frontal-Azul-Atlantico.jpg","type":"image\/jpeg"}],"twitter_card":"summary_large_image","twitter_misc":{"Tiempo de lectura":"1 minuto"},"schema":{"@context":"https:\/\/schema.org","@graph":[{"@type":"WebPage","@id":"https:\/\/ollerpintures.com\/es\/producto\/pintura-colores-del-mundo-bruguer-patagonia-contrast-azul-atlantico-25l\/","url":"https:\/\/ollerpintures.com\/es\/producto\/pintura-colores-del-mundo-bruguer-patagonia-contrast-azul-atlantico-25l\/","name":"Colores del Mundo BRUGUER Patagonia Contrast Azul Atl\u00e1ntico","isPartOf":{"@id":"https:\/\/ollerpintures.com\/es\/#website"},"primaryImageOfPage":{"@id":"https:\/\/ollerpintures.com\/es\/producto\/pintura-colores-del-mundo-bruguer-patagonia-contrast-azul-atlantico-25l\/#primaryimage"},"image":{"@id":"https:\/\/ollerpintures.com\/es\/producto\/pintura-colores-del-mundo-bruguer-patagonia-contrast-azul-atlantico-25l\/#primaryimage"},"thumbnailUrl":"https:\/\/ollerpintures.com\/wp-content\/uploads\/2021\/05\/001-Frontal-Azul-Atlantico.jpg","datePublished":"2021-05-11T10:39:14+00:00","dateModified":"2022-10-25T09:09:36+00:00","description":"El Azul Atl\u00e1ntico Patagonia Contrast de los Colores del Mundo de Bruguer te permite pintar tus paredes con una pintura ecol\u00f3gica, rentable y que no huele.","breadcrumb":{"@id":"https:\/\/ollerpintures.com\/es\/producto\/pintura-colores-del-mundo-bruguer-patagonia-contrast-azul-atlantico-25l\/#breadcrumb"},"inLanguage":"es","potentialAction":[{"@type":"ReadAction","target":["https:\/\/ollerpintures.com\/es\/producto\/pintura-colores-del-mundo-bruguer-patagonia-contrast-azul-atlantico-25l\/"]}]},{"@type":"ImageObject","inLanguage":"es","@id":"https:\/\/ollerpintures.com\/es\/producto\/pintura-colores-del-mundo-bruguer-patagonia-contrast-azul-atlantico-25l\/#primaryimage","url":"https:\/\/ollerpintures.com\/wp-content\/uploads\/2021\/05\/001-Frontal-Azul-Atlantico.jpg","contentUrl":"https:\/\/ollerpintures.com\/wp-content\/uploads\/2021\/05\/001-Frontal-Azul-Atlantico.jpg","width":1920,"height":1920,"caption":"El Azul Atl\u00e1ntico Patagonia Contrast de los Colores del Mundo de Bruguer te permite pintar tus paredes con una pintura ecol\u00f3gica, rentable y que no huele."},{"@type":"BreadcrumbList","@id":"https:\/\/ollerpintures.com\/es\/producto\/pintura-colores-del-mundo-bruguer-patagonia-contrast-azul-atlantico-25l\/#breadcrumb","itemListElement":[{"@type":"ListItem","position":1,"name":"Inici","item":"https:\/\/ollerpintures.com\/es\/"},{"@type":"ListItem","position":2,"name":"Tienda","item":"https:\/\/ollerpintures.com\/es\/tienda\/"},{"@type":"ListItem","position":3,"name":"Pintura Colores del Mundo BRUGUER Patagonia Contrast &#8211; Azul Atl\u00e1ntico 2,5L"}]},{"@type":"WebSite","@id":"https:\/\/ollerpintures.com\/es\/#website","url":"https:\/\/ollerpintures.com\/es\/","name":"Oller Pinturas y Revestimientos","description":"M\u00e1s de 50 a\u00f1os acompa\u00f1ando a profesionales y particulares con soluciones de pintura duraderas y sostenibles, seis tiendas de proximidad con servicio tintom\u00e9trico propio y un compromiso real con el oficio y las nuevas generaciones.","publisher":{"@id":"https:\/\/ollerpintures.com\/es\/#organization"},"alternateName":"Oller Grup","potentialAction":[{"@type":"SearchAction","target":{"@type":"EntryPoint","urlTemplate":"https:\/\/ollerpintures.com\/es\/?s={search_term_string}"},"query-input":{"@type":"PropertyValueSpecification","valueRequired":true,"valueName":"search_term_string"}}],"inLanguage":"es"},{"@type":"Organization","@id":"https:\/\/ollerpintures.com\/es\/#organization","name":"Oller Pintures i Revestiments","alternateName":"Oller Grup","url":"https:\/\/ollerpintures.com\/es\/","logo":{"@type":"ImageObject","inLanguage":"es","@id":"https:\/\/ollerpintures.com\/es\/#\/schema\/logo\/image\/","url":"https:\/\/ollerpintures.com\/wp-content\/uploads\/2024\/05\/newLogo.png","contentUrl":"https:\/\/ollerpintures.com\/wp-content\/uploads\/2024\/05\/newLogo.png","width":483,"height":244,"caption":"Oller Pintures i Revestiments"},"image":{"@id":"https:\/\/ollerpintures.com\/es\/#\/schema\/logo\/image\/"},"sameAs":["https:\/\/www.facebook.com\/people\/Oller-Pintures\/100063652056709\/","https:\/\/www.instagram.com\/ollerpintures\/","https:\/\/descriptor.es\/organization\/oller-grup\/"]}]}},"brands":[{"id":785,"name":"Bruguer","slug":"bruguer"}],"_links":{"self":[{"href":"https:\/\/ollerpintures.com\/es\/wp-json\/wp\/v2\/product\/11305","targetHints":{"allow":["GET"]}}],"collection":[{"href":"https:\/\/ollerpintures.com\/es\/wp-json\/wp\/v2\/product"}],"about":[{"href":"https:\/\/ollerpintures.com\/es\/wp-json\/wp\/v2\/types\/product"}],"wp:featuredmedia":[{"embeddable":true,"href":"https:\/\/ollerpintures.com\/es\/wp-json\/wp\/v2\/media\/11309"}],"wp:attachment":[{"href":"https:\/\/ollerpintures.com\/es\/wp-json\/wp\/v2\/media?parent=11305"}],"wp:term":[{"taxonomy":"pwb-brand","embeddable":true,"href":"https:\/\/ollerpintures.com\/es\/wp-json\/wp\/v2\/pwb-brand?post=11305"},{"taxonomy":"product_brand","embeddable":true,"href":"https:\/\/ollerpintures.com\/es\/wp-json\/wp\/v2\/product_brand?post=11305"},{"taxonomy":"product_cat","embeddable":true,"href":"https:\/\/ollerpintures.com\/es\/wp-json\/wp\/v2\/product_cat?post=11305"},{"taxonomy":"product_tag","embeddable":true,"href":"https:\/\/ollerpintures.com\/es\/wp-json\/wp\/v2\/product_tag?post=11305"}],"curies":[{"name":"wp","href":"https:\/\/api.w.org\/{rel}","templated":true}]}}