{"id":11091,"date":"2021-05-11T10:20:09","date_gmt":"2021-05-11T09:20:09","guid":{"rendered":"https:\/\/oller-pintures.c.wetopi.com\/?post_type=product&#038;p=11091"},"modified":"2025-07-09T18:04:47","modified_gmt":"2025-07-09T17:04:47","slug":"pintura-colores-del-mundo-bruguer-japon-4l","status":"publish","type":"product","link":"https:\/\/ollerpintures.com\/es\/producto\/pintura-colores-del-mundo-bruguer-japon-4l\/","title":{"rendered":"Pintura Bruguer Jap\u00f3n 4L &#8211; Colores del Mundo"},"content":{"rendered":"<p>&nbsp;<\/p>\n<h2>Pintura Bruguer Jap\u00f3n 4L &#8211; Colores del Mundo<\/h2>\n<p>La Pintura Bruguer Jap\u00f3n 4L es posiblemente la mejor cubeta de colores monocapa del mercado. Colores del Mundo de Bruguer te da la oportunidad de pintar tus paredes con una pintura ecol\u00f3gica, rentable y que no huele; \u00a1podr\u00e1s volver a instalarte en la habitaci\u00f3n pintada sin tener que esperar un tiempo a que se diluya el olor!<\/p>\n<h2>Caracter\u00edsticas Principales<\/h2>\n<p>Ecol\u00f3gica: Pintura respetuosa con el medio ambiente.<\/p>\n<p>Sin Olores: No tendr\u00e1s que esperar para volver a usar la habitaci\u00f3n.<\/p>\n<p>F\u00e1cil Aplicaci\u00f3n: No salpica y no deja marcas de las pasadas.<\/p>\n<p>Alta Cobertura: Consigue una cobertura total en una sola mano.<\/p>\n<p>Acabado Mate: Proporciona un aspecto elegante y sofisticado.<\/p>\n<p>Secado R\u00e1pido: Secado al tacto en solo 30 minutos.<\/p>\n<p>Lavable y Durable: F\u00e1cil de limpiar y con excelente resistencia.<\/p>\n<p>Rendimiento: 10-12 m\u00b2 por litro y capa.<\/p>\n<p>Diluyente: <a href=\"https:\/\/es.wikipedia.org\/wiki\/Agua\" target=\"_blank\" rel=\"noopener\">Agua<\/a>.<\/p>\n<p>Tama\u00f1os Disponibles: 4 L.<\/p>\n<h2>Consejos de Pintura Bruguer Jap\u00f3n 4L<\/h2>\n<p>Consejo Oller: Si quer\u00e9is pintar sobre una pared de color claro o parecido al que vais a aplicar, tendr\u00e9is suficiente con una capa. Si quer\u00e9is pintar sobre colores muy intensos, os aconsejamos pintar 2 capas para tener mejor resultado.<\/p>\n<h2>Inspiraci\u00f3n Jap\u00f3n<\/h2>\n<p>Colores del Mundo es una colecci\u00f3n de pinturas que nos transporta, con sus colores, a los rincones m\u00e1s ins\u00f3litos del mundo. Pintura mate, ecol\u00f3gica, de alta calidad, fabricada para conseguir una cobertura total en una sola mano.<\/p>\n<h3>Transforma tus Espacios<\/h3>\n<p>\u00a1Sue\u00f1a un destino y ll\u00e9valo a tu hogar! Con la Pintura Bruguer Jap\u00f3n 4L de Colores del Mundo, podr\u00e1s transformar tus espacios con colores inspirados en los rincones m\u00e1s bellos del mundo. Combina los tonos de cada destino para una propuesta arm\u00f3nica, o elige el Contrast Color del destino para una combinaci\u00f3n m\u00e1s contrastada y estimulante.<\/p>\n<h3>Productos Relacionados<\/h3>\n<p>Descubre la vibrante <a href=\"https:\/\/ollerpintures.com\/es\/producto\/pintura-colores-del-mundo-bruguer-nepal-4l\/\" target=\"_blank\" rel=\"noopener\">Pintura Bruguer Nepal 4L<\/a>, perfecta para a\u00f1adir un toque de calidez y energ\u00eda a cualquier habitaci\u00f3n de tu hogar.<\/p>\n<p>A\u00f1ade un toque de frescura y energ\u00eda con la <a href=\"https:\/\/ollerpintures.com\/es\/producto\/pintura-colores-del-mundo-bruguer-kenia-4l\/\" target=\"_blank\" rel=\"noopener\">Pintura Bruguer Kenia 4L<\/a>, perfecta para cualquier habitaci\u00f3n de tu hogar.<\/p>\n<p>Descubre la elegancia y sofisticaci\u00f3n de la <a href=\"https:\/\/ollerpintures.com\/es\/producto\/pintura-colores-del-mundo-bruguer-escandinavia-4l\/\">Pintura Bruguer Escandinavia 4L<\/a>, perfecta para a\u00f1adir un toque de distinci\u00f3n y frescura a cualquier habitaci\u00f3n de tu hogar.<\/p>\n<p>Explora la misteriosa belleza de la <a href=\"https:\/\/ollerpintures.com\/es\/producto\/pintura-colores-del-mundo-bruguer-egipto-4l\/\" target=\"_blank\" rel=\"noopener\">Pintura Bruguer Egipto 4L<\/a>, ideal para crear ambientes \u00fanicos y llenos de personalidad.<\/p>\n<p>Sum\u00e9rgete en la exuberancia de la <a href=\"https:\/\/ollerpintures.com\/es\/producto\/pintura-colores-del-mundo-bruguer-amazonas-4l\/\" target=\"_blank\" rel=\"noopener\">Pintura Bruguer Amazonas 4L<\/a>, perfecta para traer la naturaleza a tus espacios.<\/p>\n<p>Disfruta de la frescura y pureza de la <a href=\"https:\/\/ollerpintures.com\/es\/producto\/pintura-colores-del-mundo-bruguer-alaska-4l\/\" target=\"_blank\" rel=\"noopener\">Pintura Bruguer Alaska 4L<\/a>, ideal para ambientes tranquilos y relajantes.<\/p>\n<p>Vive la aventura con la <a href=\"https:\/\/ollerpintures.com\/es\/producto\/pintura-colores-del-mundo-bruguer-patagonia-4l\/\" target=\"_blank\" rel=\"noopener\">Pintura Bruguer Patagonia 4L<\/a>, perfecta para espacios llenos de energ\u00eda y vitalidad.<\/p>\n<p>Descubre la calidez y luminosidad de la <a href=\"https:\/\/ollerpintures.com\/es\/producto\/pintura-colores-del-mundo-bruguer-mediterraneo-4l\/\" target=\"_blank\" rel=\"noopener\">Pintura Bruguer Mediterr\u00e1neo 4L<\/a>, ideal para crear ambientes acogedores y llenos de luz.<\/p>\n","protected":false},"excerpt":{"rendered":"<p>Posiblemente <strong>la mejor cubeta de colores monocapa del mercado<\/strong>. Colores del Mundo de Bruguer te da la oportunidad de pintar tus paredes con una pintura <strong>ecol\u00f3gica<\/strong>, rentable y que <strong>no huele<\/strong>;<\/p>\n","protected":false},"featured_media":11059,"template":"","meta":{"_acf_changed":false},"pwb-brand":[785],"product_brand":[],"product_cat":[201,206,851],"product_tag":[217,219,213,216,215],"class_list":{"0":"post-11091","1":"product","2":"type-product","3":"status-publish","4":"has-post-thumbnail","6":"pwb-brand-bruguer","7":"product_cat-pintura-es","8":"product_cat-interior","9":"product_cat-colores-del-mundo-bruguer","10":"product_tag-bruguer-es","11":"product_tag-colores-del-mundo-es","12":"product_tag-interior-es","13":"product_tag-pared","14":"product_tag-pintura-es","15":"no-featured-image-padding","16":"resize-featured-image","17":"sales-flash-overlay","18":"woocommerce-text-align-left","19":"woocommerce-image-align-center","20":"do-quantity-buttons","22":"first","23":"instock","24":"shipping-taxable","25":"purchasable","26":"product-type-variable"},"acf":[],"yoast_head":"<!-- This site is optimized with the Yoast SEO plugin v27.1.1 - https:\/\/yoast.com\/product\/yoast-seo-wordpress\/ -->\n<title>Pintura Bruguer Jap\u00f3n 4L: Armon\u00eda y Serenidad | Oller Pintures<\/title>\n<meta name=\"description\" content=\"Descubre la Pintura Bruguer Jap\u00f3n 4L y transforma tus espacios con armon\u00eda y serenidad. \u00a1Dale un toque de elegancia a tus paredes con Oller Pintures!\" \/>\n<meta name=\"robots\" content=\"index, follow, max-snippet:-1, max-image-preview:large, max-video-preview:-1\" \/>\n<link rel=\"canonical\" href=\"https:\/\/ollerpintures.com\/es\/producto\/pintura-colores-del-mundo-bruguer-japon-4l\/\" \/>\n<meta property=\"og:locale\" content=\"es_ES\" \/>\n<meta property=\"og:type\" content=\"article\" \/>\n<meta property=\"og:title\" content=\"Pintura Bruguer Jap\u00f3n 4L: Armon\u00eda y Serenidad | Oller Pintures\" \/>\n<meta property=\"og:description\" content=\"Descubre la Pintura Bruguer Jap\u00f3n 4L y transforma tus espacios con armon\u00eda y serenidad. \u00a1Dale un toque de elegancia a tus paredes con Oller Pintures!\" \/>\n<meta property=\"og:url\" content=\"https:\/\/ollerpintures.com\/es\/producto\/pintura-colores-del-mundo-bruguer-japon-4l\/\" \/>\n<meta property=\"og:site_name\" content=\"Oller Pinturas y revestimientos\" \/>\n<meta property=\"article:publisher\" content=\"https:\/\/www.facebook.com\/people\/Oller-Pintures\/100063652056709\/\" \/>\n<meta property=\"article:modified_time\" content=\"2025-07-09T17:04:47+00:00\" \/>\n<meta property=\"og:image\" content=\"https:\/\/ollerpintures.com\/wp-content\/uploads\/2021\/05\/pintura-colores-del-mundo-bruguer-japon-online-oller.jpg\" \/>\n\t<meta property=\"og:image:width\" content=\"1080\" \/>\n\t<meta property=\"og:image:height\" content=\"1080\" \/>\n\t<meta property=\"og:image:type\" content=\"image\/jpeg\" \/>\n<meta name=\"twitter:card\" content=\"summary_large_image\" \/>\n<meta name=\"twitter:label1\" content=\"Tiempo de lectura\" \/>\n\t<meta name=\"twitter:data1\" content=\"3 minutos\" \/>\n<script type=\"application\/ld+json\" class=\"yoast-schema-graph\">{\"@context\":\"https:\/\/schema.org\",\"@graph\":[{\"@type\":\"WebPage\",\"@id\":\"https:\/\/ollerpintures.com\/es\/producto\/pintura-colores-del-mundo-bruguer-japon-4l\/\",\"url\":\"https:\/\/ollerpintures.com\/es\/producto\/pintura-colores-del-mundo-bruguer-japon-4l\/\",\"name\":\"Pintura Bruguer Jap\u00f3n 4L: Armon\u00eda y Serenidad | Oller Pintures\",\"isPartOf\":{\"@id\":\"https:\/\/ollerpintures.com\/es\/#website\"},\"primaryImageOfPage\":{\"@id\":\"https:\/\/ollerpintures.com\/es\/producto\/pintura-colores-del-mundo-bruguer-japon-4l\/#primaryimage\"},\"image\":{\"@id\":\"https:\/\/ollerpintures.com\/es\/producto\/pintura-colores-del-mundo-bruguer-japon-4l\/#primaryimage\"},\"thumbnailUrl\":\"https:\/\/ollerpintures.com\/wp-content\/uploads\/2021\/05\/pintura-colores-del-mundo-bruguer-japon-online-oller.jpg\",\"datePublished\":\"2021-05-11T09:20:09+00:00\",\"dateModified\":\"2025-07-09T17:04:47+00:00\",\"description\":\"Descubre la Pintura Bruguer Jap\u00f3n 4L y transforma tus espacios con armon\u00eda y serenidad. \u00a1Dale un toque de elegancia a tus paredes con Oller Pintures!\",\"breadcrumb\":{\"@id\":\"https:\/\/ollerpintures.com\/es\/producto\/pintura-colores-del-mundo-bruguer-japon-4l\/#breadcrumb\"},\"inLanguage\":\"es\",\"potentialAction\":[{\"@type\":\"ReadAction\",\"target\":[\"https:\/\/ollerpintures.com\/es\/producto\/pintura-colores-del-mundo-bruguer-japon-4l\/\"]}]},{\"@type\":\"ImageObject\",\"inLanguage\":\"es\",\"@id\":\"https:\/\/ollerpintures.com\/es\/producto\/pintura-colores-del-mundo-bruguer-japon-4l\/#primaryimage\",\"url\":\"https:\/\/ollerpintures.com\/wp-content\/uploads\/2021\/05\/pintura-colores-del-mundo-bruguer-japon-online-oller.jpg\",\"contentUrl\":\"https:\/\/ollerpintures.com\/wp-content\/uploads\/2021\/05\/pintura-colores-del-mundo-bruguer-japon-online-oller.jpg\",\"width\":1080,\"height\":1080,\"caption\":\"Descubre la Pintura Bruguer Jap\u00f3n 4L y transforma tus espacios con armon\u00eda y serenidad. \u00a1Dale un toque de elegancia a tus paredes con Oller Pintures!\"},{\"@type\":\"BreadcrumbList\",\"@id\":\"https:\/\/ollerpintures.com\/es\/producto\/pintura-colores-del-mundo-bruguer-japon-4l\/#breadcrumb\",\"itemListElement\":[{\"@type\":\"ListItem\",\"position\":1,\"name\":\"Inici\",\"item\":\"https:\/\/ollerpintures.com\/es\/\"},{\"@type\":\"ListItem\",\"position\":2,\"name\":\"Tienda\",\"item\":\"https:\/\/ollerpintures.com\/es\/tienda\/\"},{\"@type\":\"ListItem\",\"position\":3,\"name\":\"Pintura Bruguer Jap\u00f3n 4L &#8211; Colores del Mundo\"}]},{\"@type\":\"WebSite\",\"@id\":\"https:\/\/ollerpintures.com\/es\/#website\",\"url\":\"https:\/\/ollerpintures.com\/es\/\",\"name\":\"Oller Pinturas y Revestimientos\",\"description\":\"M\u00e1s de 50 a\u00f1os acompa\u00f1ando a profesionales y particulares con soluciones de pintura duraderas y sostenibles, seis tiendas de proximidad con servicio tintom\u00e9trico propio y un compromiso real con el oficio y las nuevas generaciones.\",\"publisher\":{\"@id\":\"https:\/\/ollerpintures.com\/es\/#organization\"},\"alternateName\":\"Oller Grup\",\"potentialAction\":[{\"@type\":\"SearchAction\",\"target\":{\"@type\":\"EntryPoint\",\"urlTemplate\":\"https:\/\/ollerpintures.com\/es\/?s={search_term_string}\"},\"query-input\":{\"@type\":\"PropertyValueSpecification\",\"valueRequired\":true,\"valueName\":\"search_term_string\"}}],\"inLanguage\":\"es\"},{\"@type\":\"Organization\",\"@id\":\"https:\/\/ollerpintures.com\/es\/#organization\",\"name\":\"Oller Pintures i Revestiments\",\"alternateName\":\"Oller Grup\",\"url\":\"https:\/\/ollerpintures.com\/es\/\",\"logo\":{\"@type\":\"ImageObject\",\"inLanguage\":\"es\",\"@id\":\"https:\/\/ollerpintures.com\/es\/#\/schema\/logo\/image\/\",\"url\":\"https:\/\/ollerpintures.com\/wp-content\/uploads\/2024\/05\/newLogo.png\",\"contentUrl\":\"https:\/\/ollerpintures.com\/wp-content\/uploads\/2024\/05\/newLogo.png\",\"width\":483,\"height\":244,\"caption\":\"Oller Pintures i Revestiments\"},\"image\":{\"@id\":\"https:\/\/ollerpintures.com\/es\/#\/schema\/logo\/image\/\"},\"sameAs\":[\"https:\/\/www.facebook.com\/people\/Oller-Pintures\/100063652056709\/\",\"https:\/\/www.instagram.com\/ollerpintures\/\",\"https:\/\/descriptor.es\/organization\/oller-grup\/\"]}]}<\/script>\n<!-- \/ Yoast SEO plugin. -->","yoast_head_json":{"title":"Pintura Bruguer Jap\u00f3n 4L: Armon\u00eda y Serenidad | Oller Pintures","description":"Descubre la Pintura Bruguer Jap\u00f3n 4L y transforma tus espacios con armon\u00eda y serenidad. \u00a1Dale un toque de elegancia a tus paredes con Oller Pintures!","robots":{"index":"index","follow":"follow","max-snippet":"max-snippet:-1","max-image-preview":"max-image-preview:large","max-video-preview":"max-video-preview:-1"},"canonical":"https:\/\/ollerpintures.com\/es\/producto\/pintura-colores-del-mundo-bruguer-japon-4l\/","og_locale":"es_ES","og_type":"article","og_title":"Pintura Bruguer Jap\u00f3n 4L: Armon\u00eda y Serenidad | Oller Pintures","og_description":"Descubre la Pintura Bruguer Jap\u00f3n 4L y transforma tus espacios con armon\u00eda y serenidad. \u00a1Dale un toque de elegancia a tus paredes con Oller Pintures!","og_url":"https:\/\/ollerpintures.com\/es\/producto\/pintura-colores-del-mundo-bruguer-japon-4l\/","og_site_name":"Oller Pinturas y revestimientos","article_publisher":"https:\/\/www.facebook.com\/people\/Oller-Pintures\/100063652056709\/","article_modified_time":"2025-07-09T17:04:47+00:00","og_image":[{"width":1080,"height":1080,"url":"https:\/\/ollerpintures.com\/wp-content\/uploads\/2021\/05\/pintura-colores-del-mundo-bruguer-japon-online-oller.jpg","type":"image\/jpeg"}],"twitter_card":"summary_large_image","twitter_misc":{"Tiempo de lectura":"3 minutos"},"schema":{"@context":"https:\/\/schema.org","@graph":[{"@type":"WebPage","@id":"https:\/\/ollerpintures.com\/es\/producto\/pintura-colores-del-mundo-bruguer-japon-4l\/","url":"https:\/\/ollerpintures.com\/es\/producto\/pintura-colores-del-mundo-bruguer-japon-4l\/","name":"Pintura Bruguer Jap\u00f3n 4L: Armon\u00eda y Serenidad | Oller Pintures","isPartOf":{"@id":"https:\/\/ollerpintures.com\/es\/#website"},"primaryImageOfPage":{"@id":"https:\/\/ollerpintures.com\/es\/producto\/pintura-colores-del-mundo-bruguer-japon-4l\/#primaryimage"},"image":{"@id":"https:\/\/ollerpintures.com\/es\/producto\/pintura-colores-del-mundo-bruguer-japon-4l\/#primaryimage"},"thumbnailUrl":"https:\/\/ollerpintures.com\/wp-content\/uploads\/2021\/05\/pintura-colores-del-mundo-bruguer-japon-online-oller.jpg","datePublished":"2021-05-11T09:20:09+00:00","dateModified":"2025-07-09T17:04:47+00:00","description":"Descubre la Pintura Bruguer Jap\u00f3n 4L y transforma tus espacios con armon\u00eda y serenidad. \u00a1Dale un toque de elegancia a tus paredes con Oller Pintures!","breadcrumb":{"@id":"https:\/\/ollerpintures.com\/es\/producto\/pintura-colores-del-mundo-bruguer-japon-4l\/#breadcrumb"},"inLanguage":"es","potentialAction":[{"@type":"ReadAction","target":["https:\/\/ollerpintures.com\/es\/producto\/pintura-colores-del-mundo-bruguer-japon-4l\/"]}]},{"@type":"ImageObject","inLanguage":"es","@id":"https:\/\/ollerpintures.com\/es\/producto\/pintura-colores-del-mundo-bruguer-japon-4l\/#primaryimage","url":"https:\/\/ollerpintures.com\/wp-content\/uploads\/2021\/05\/pintura-colores-del-mundo-bruguer-japon-online-oller.jpg","contentUrl":"https:\/\/ollerpintures.com\/wp-content\/uploads\/2021\/05\/pintura-colores-del-mundo-bruguer-japon-online-oller.jpg","width":1080,"height":1080,"caption":"Descubre la Pintura Bruguer Jap\u00f3n 4L y transforma tus espacios con armon\u00eda y serenidad. \u00a1Dale un toque de elegancia a tus paredes con Oller Pintures!"},{"@type":"BreadcrumbList","@id":"https:\/\/ollerpintures.com\/es\/producto\/pintura-colores-del-mundo-bruguer-japon-4l\/#breadcrumb","itemListElement":[{"@type":"ListItem","position":1,"name":"Inici","item":"https:\/\/ollerpintures.com\/es\/"},{"@type":"ListItem","position":2,"name":"Tienda","item":"https:\/\/ollerpintures.com\/es\/tienda\/"},{"@type":"ListItem","position":3,"name":"Pintura Bruguer Jap\u00f3n 4L &#8211; Colores del Mundo"}]},{"@type":"WebSite","@id":"https:\/\/ollerpintures.com\/es\/#website","url":"https:\/\/ollerpintures.com\/es\/","name":"Oller Pinturas y Revestimientos","description":"M\u00e1s de 50 a\u00f1os acompa\u00f1ando a profesionales y particulares con soluciones de pintura duraderas y sostenibles, seis tiendas de proximidad con servicio tintom\u00e9trico propio y un compromiso real con el oficio y las nuevas generaciones.","publisher":{"@id":"https:\/\/ollerpintures.com\/es\/#organization"},"alternateName":"Oller Grup","potentialAction":[{"@type":"SearchAction","target":{"@type":"EntryPoint","urlTemplate":"https:\/\/ollerpintures.com\/es\/?s={search_term_string}"},"query-input":{"@type":"PropertyValueSpecification","valueRequired":true,"valueName":"search_term_string"}}],"inLanguage":"es"},{"@type":"Organization","@id":"https:\/\/ollerpintures.com\/es\/#organization","name":"Oller Pintures i Revestiments","alternateName":"Oller Grup","url":"https:\/\/ollerpintures.com\/es\/","logo":{"@type":"ImageObject","inLanguage":"es","@id":"https:\/\/ollerpintures.com\/es\/#\/schema\/logo\/image\/","url":"https:\/\/ollerpintures.com\/wp-content\/uploads\/2024\/05\/newLogo.png","contentUrl":"https:\/\/ollerpintures.com\/wp-content\/uploads\/2024\/05\/newLogo.png","width":483,"height":244,"caption":"Oller Pintures i Revestiments"},"image":{"@id":"https:\/\/ollerpintures.com\/es\/#\/schema\/logo\/image\/"},"sameAs":["https:\/\/www.facebook.com\/people\/Oller-Pintures\/100063652056709\/","https:\/\/www.instagram.com\/ollerpintures\/","https:\/\/descriptor.es\/organization\/oller-grup\/"]}]}},"brands":[{"id":785,"name":"Bruguer","slug":"bruguer"}],"_links":{"self":[{"href":"https:\/\/ollerpintures.com\/es\/wp-json\/wp\/v2\/product\/11091","targetHints":{"allow":["GET"]}}],"collection":[{"href":"https:\/\/ollerpintures.com\/es\/wp-json\/wp\/v2\/product"}],"about":[{"href":"https:\/\/ollerpintures.com\/es\/wp-json\/wp\/v2\/types\/product"}],"wp:featuredmedia":[{"embeddable":true,"href":"https:\/\/ollerpintures.com\/es\/wp-json\/wp\/v2\/media\/11059"}],"wp:attachment":[{"href":"https:\/\/ollerpintures.com\/es\/wp-json\/wp\/v2\/media?parent=11091"}],"wp:term":[{"taxonomy":"pwb-brand","embeddable":true,"href":"https:\/\/ollerpintures.com\/es\/wp-json\/wp\/v2\/pwb-brand?post=11091"},{"taxonomy":"product_brand","embeddable":true,"href":"https:\/\/ollerpintures.com\/es\/wp-json\/wp\/v2\/product_brand?post=11091"},{"taxonomy":"product_cat","embeddable":true,"href":"https:\/\/ollerpintures.com\/es\/wp-json\/wp\/v2\/product_cat?post=11091"},{"taxonomy":"product_tag","embeddable":true,"href":"https:\/\/ollerpintures.com\/es\/wp-json\/wp\/v2\/product_tag?post=11091"}],"curies":[{"name":"wp","href":"https:\/\/api.w.org\/{rel}","templated":true}]}}