{"id":10039,"date":"2021-04-09T11:47:50","date_gmt":"2021-04-09T10:47:50","guid":{"rendered":"https:\/\/oller-pintures.c.wetopi.com\/producte\/no-encuentras-lo-que-buscas-haz-click-en-la-imagen-y-lee-la-descripcion-del-producto-te-ayudamos\/"},"modified":"2021-04-09T11:47:50","modified_gmt":"2021-04-09T10:47:50","slug":"no-encuentras-lo-que-buscas-haz-click-en-la-imagen-y-lee-la-descripcion-del-producto-te-ayudamos","status":"publish","type":"product","link":"https:\/\/ollerpintures.com\/es\/producto\/no-encuentras-lo-que-buscas-haz-click-en-la-imagen-y-lee-la-descripcion-del-producto-te-ayudamos\/","title":{"rendered":"\u00bfNO ENCUENTRAS LO QUE BUSCAS? HAZ CLICK EN LA IMAGEN Y LEE LA DESCRIPCI\u00d3N DEL PRODUCTO. \u00a1TE AYUDAMOS!"},"content":{"rendered":"<p>\u00a1Hola! Nos tienes al otro lado de la pantalla: si ya has buscado el producto deseado y no lo consigues encontrar, \u00a1tranquil@! Escr\u00edbenos o ll\u00e1manos y te ayudaremos encantados a encontrar tu mejor soluci\u00f3n.<\/p>\n<p>&nbsp;<\/p>\n<p><a class=\"button\" href=\"https:\/\/ollerpintures.com\/contacto-oller-pintures\/\" target=\"_blank\" rel=\"noopener\">\u00a1P\u00eddenos lo que quieres!<\/a>\u00a0<a class=\"button\" href=\"https:\/\/ollerpintures.com\/comprar-pinturas-online\/\" target=\"_blank\" rel=\"noopener\">Sigue comprando &gt;<\/a><\/p>\n<pre><span style=\"color: #ff6600;\"><strong>TELF. 93 870 92 11<\/strong><\/span><\/pre>\n<p>&nbsp;<\/p>\n","protected":false},"excerpt":{"rendered":"<p>\u00a1Hola! Nos tienes al otro lado de la pantalla: si ya has buscado el producto deseado y no lo consigues encontrar, \u00a1tranquil@! Escr\u00edbenos o ll\u00e1manos &#8230; <\/p>\n<p class=\"read-more-container\"><a title=\"\u00bfNO ENCUENTRAS LO QUE BUSCAS? HAZ CLICK EN LA IMAGEN Y LEE LA DESCRIPCI\u00d3N DEL PRODUCTO. \u00a1TE AYUDAMOS!\" class=\"read-more button\" href=\"https:\/\/ollerpintures.com\/es\/producto\/no-encuentras-lo-que-buscas-haz-click-en-la-imagen-y-lee-la-descripcion-del-producto-te-ayudamos\/#more-10039\" aria-label=\"Leer m\u00e1s sobre \u00bfNO ENCUENTRAS LO QUE BUSCAS? HAZ CLICK EN LA IMAGEN Y LEE LA DESCRIPCI\u00d3N DEL PRODUCTO. \u00a1TE AYUDAMOS!\">Leer m\u00e1s<\/a><\/p>\n","protected":false},"featured_media":9699,"template":"","meta":{"_acf_changed":false},"pwb-brand":[],"product_brand":[],"product_cat":[21],"product_tag":[768,769,215],"class_list":{"0":"post-10039","1":"product","2":"type-product","3":"status-publish","4":"has-post-thumbnail","6":"product_cat-sin-categorizar","7":"product_tag-ayuda","8":"product_tag-informacion","9":"product_tag-pintura-es","10":"no-featured-image-padding","11":"resize-featured-image","12":"sales-flash-overlay","13":"woocommerce-text-align-left","14":"woocommerce-image-align-center","15":"do-quantity-buttons","17":"first","18":"instock","19":"shipping-taxable","20":"purchasable","21":"product-type-simple"},"acf":[],"yoast_head":"<!-- This site is optimized with the Yoast SEO plugin v27.1.1 - https:\/\/yoast.com\/product\/yoast-seo-wordpress\/ -->\n<title>\u00bfNO ENCUENTRAS LO QUE BUSCAS? HAZ CLICK EN LA IMAGEN Y LEE LA DESCRIPCI\u00d3N DEL PRODUCTO. \u00a1TE AYUDAMOS! - Oller Pinturas y revestimientos<\/title>\n<meta name=\"description\" content=\"\u00a1Hola! Nos tienes al otro lado de la pantalla: si ya has buscado el producto deseado y no lo consigues encontrar, \u00a1tranquil@! Escr\u00edbenos o ll\u00e1manos y te\" \/>\n<meta name=\"robots\" content=\"index, follow, max-snippet:-1, max-image-preview:large, max-video-preview:-1\" \/>\n<link rel=\"canonical\" href=\"https:\/\/ollerpintures.com\/es\/producto\/no-encuentras-lo-que-buscas-haz-click-en-la-imagen-y-lee-la-descripcion-del-producto-te-ayudamos\/\" \/>\n<meta property=\"og:locale\" content=\"es_ES\" \/>\n<meta property=\"og:type\" content=\"article\" \/>\n<meta property=\"og:title\" content=\"\u00bfNO ENCUENTRAS LO QUE BUSCAS? HAZ CLICK EN LA IMAGEN Y LEE LA DESCRIPCI\u00d3N DEL PRODUCTO. \u00a1TE AYUDAMOS! - Oller Pinturas y revestimientos\" \/>\n<meta property=\"og:description\" content=\"\u00a1Hola! Nos tienes al otro lado de la pantalla: si ya has buscado el producto deseado y no lo consigues encontrar, \u00a1tranquil@! Escr\u00edbenos o ll\u00e1manos y te\" \/>\n<meta property=\"og:url\" content=\"https:\/\/ollerpintures.com\/es\/producto\/no-encuentras-lo-que-buscas-haz-click-en-la-imagen-y-lee-la-descripcion-del-producto-te-ayudamos\/\" \/>\n<meta property=\"og:site_name\" content=\"Oller Pinturas y revestimientos\" \/>\n<meta property=\"article:publisher\" content=\"https:\/\/www.facebook.com\/people\/Oller-Pintures\/100063652056709\/\" \/>\n<meta property=\"og:image\" content=\"https:\/\/ollerpintures.com\/wp-content\/uploads\/2021\/04\/comprar-pintura-online-oller-dudas-contacto-ayuda-prescripcion.png\" \/>\n\t<meta property=\"og:image:width\" content=\"1080\" \/>\n\t<meta property=\"og:image:height\" content=\"1080\" \/>\n\t<meta property=\"og:image:type\" content=\"image\/png\" \/>\n<meta name=\"twitter:card\" content=\"summary_large_image\" \/>\n<script type=\"application\/ld+json\" class=\"yoast-schema-graph\">{\"@context\":\"https:\/\/schema.org\",\"@graph\":[{\"@type\":\"WebPage\",\"@id\":\"https:\/\/ollerpintures.com\/es\/producto\/no-encuentras-lo-que-buscas-haz-click-en-la-imagen-y-lee-la-descripcion-del-producto-te-ayudamos\/\",\"url\":\"https:\/\/ollerpintures.com\/es\/producto\/no-encuentras-lo-que-buscas-haz-click-en-la-imagen-y-lee-la-descripcion-del-producto-te-ayudamos\/\",\"name\":\"\u00bfNO ENCUENTRAS LO QUE BUSCAS? HAZ CLICK EN LA IMAGEN Y LEE LA DESCRIPCI\u00d3N DEL PRODUCTO. \u00a1TE AYUDAMOS! - Oller Pinturas y revestimientos\",\"isPartOf\":{\"@id\":\"https:\/\/ollerpintures.com\/es\/#website\"},\"primaryImageOfPage\":{\"@id\":\"https:\/\/ollerpintures.com\/es\/producto\/no-encuentras-lo-que-buscas-haz-click-en-la-imagen-y-lee-la-descripcion-del-producto-te-ayudamos\/#primaryimage\"},\"image\":{\"@id\":\"https:\/\/ollerpintures.com\/es\/producto\/no-encuentras-lo-que-buscas-haz-click-en-la-imagen-y-lee-la-descripcion-del-producto-te-ayudamos\/#primaryimage\"},\"thumbnailUrl\":\"https:\/\/ollerpintures.com\/wp-content\/uploads\/2021\/04\/comprar-pintura-online-oller-dudas-contacto-ayuda-prescripcion.png\",\"datePublished\":\"2021-04-09T10:47:50+00:00\",\"description\":\"\u00a1Hola! Nos tienes al otro lado de la pantalla: si ya has buscado el producto deseado y no lo consigues encontrar, \u00a1tranquil@! Escr\u00edbenos o ll\u00e1manos y te\",\"breadcrumb\":{\"@id\":\"https:\/\/ollerpintures.com\/es\/producto\/no-encuentras-lo-que-buscas-haz-click-en-la-imagen-y-lee-la-descripcion-del-producto-te-ayudamos\/#breadcrumb\"},\"inLanguage\":\"es\",\"potentialAction\":[{\"@type\":\"ReadAction\",\"target\":[\"https:\/\/ollerpintures.com\/es\/producto\/no-encuentras-lo-que-buscas-haz-click-en-la-imagen-y-lee-la-descripcion-del-producto-te-ayudamos\/\"]}]},{\"@type\":\"ImageObject\",\"inLanguage\":\"es\",\"@id\":\"https:\/\/ollerpintures.com\/es\/producto\/no-encuentras-lo-que-buscas-haz-click-en-la-imagen-y-lee-la-descripcion-del-producto-te-ayudamos\/#primaryimage\",\"url\":\"https:\/\/ollerpintures.com\/wp-content\/uploads\/2021\/04\/comprar-pintura-online-oller-dudas-contacto-ayuda-prescripcion.png\",\"contentUrl\":\"https:\/\/ollerpintures.com\/wp-content\/uploads\/2021\/04\/comprar-pintura-online-oller-dudas-contacto-ayuda-prescripcion.png\",\"width\":1080,\"height\":1080,\"caption\":\"comprar pintura ayuda\"},{\"@type\":\"BreadcrumbList\",\"@id\":\"https:\/\/ollerpintures.com\/es\/producto\/no-encuentras-lo-que-buscas-haz-click-en-la-imagen-y-lee-la-descripcion-del-producto-te-ayudamos\/#breadcrumb\",\"itemListElement\":[{\"@type\":\"ListItem\",\"position\":1,\"name\":\"Inici\",\"item\":\"https:\/\/ollerpintures.com\/es\/\"},{\"@type\":\"ListItem\",\"position\":2,\"name\":\"Tienda\",\"item\":\"https:\/\/ollerpintures.com\/es\/tienda\/\"},{\"@type\":\"ListItem\",\"position\":3,\"name\":\"\u00bfNO ENCUENTRAS LO QUE BUSCAS? HAZ CLICK EN LA IMAGEN Y LEE LA DESCRIPCI\u00d3N DEL PRODUCTO. \u00a1TE AYUDAMOS!\"}]},{\"@type\":\"WebSite\",\"@id\":\"https:\/\/ollerpintures.com\/es\/#website\",\"url\":\"https:\/\/ollerpintures.com\/es\/\",\"name\":\"Oller Pinturas y Revestimientos\",\"description\":\"M\u00e1s de 50 a\u00f1os acompa\u00f1ando a profesionales y particulares con soluciones de pintura duraderas y sostenibles, seis tiendas de proximidad con servicio tintom\u00e9trico propio y un compromiso real con el oficio y las nuevas generaciones.\",\"publisher\":{\"@id\":\"https:\/\/ollerpintures.com\/es\/#organization\"},\"alternateName\":\"Oller Grup\",\"potentialAction\":[{\"@type\":\"SearchAction\",\"target\":{\"@type\":\"EntryPoint\",\"urlTemplate\":\"https:\/\/ollerpintures.com\/es\/?s={search_term_string}\"},\"query-input\":{\"@type\":\"PropertyValueSpecification\",\"valueRequired\":true,\"valueName\":\"search_term_string\"}}],\"inLanguage\":\"es\"},{\"@type\":\"Organization\",\"@id\":\"https:\/\/ollerpintures.com\/es\/#organization\",\"name\":\"Oller Pintures i Revestiments\",\"alternateName\":\"Oller Grup\",\"url\":\"https:\/\/ollerpintures.com\/es\/\",\"logo\":{\"@type\":\"ImageObject\",\"inLanguage\":\"es\",\"@id\":\"https:\/\/ollerpintures.com\/es\/#\/schema\/logo\/image\/\",\"url\":\"https:\/\/ollerpintures.com\/wp-content\/uploads\/2024\/05\/newLogo.png\",\"contentUrl\":\"https:\/\/ollerpintures.com\/wp-content\/uploads\/2024\/05\/newLogo.png\",\"width\":483,\"height\":244,\"caption\":\"Oller Pintures i Revestiments\"},\"image\":{\"@id\":\"https:\/\/ollerpintures.com\/es\/#\/schema\/logo\/image\/\"},\"sameAs\":[\"https:\/\/www.facebook.com\/people\/Oller-Pintures\/100063652056709\/\",\"https:\/\/www.instagram.com\/ollerpintures\/\",\"https:\/\/descriptor.es\/organization\/oller-grup\/\"]}]}<\/script>\n<!-- \/ Yoast SEO plugin. -->","yoast_head_json":{"title":"\u00bfNO ENCUENTRAS LO QUE BUSCAS? HAZ CLICK EN LA IMAGEN Y LEE LA DESCRIPCI\u00d3N DEL PRODUCTO. \u00a1TE AYUDAMOS! - Oller Pinturas y revestimientos","description":"\u00a1Hola! Nos tienes al otro lado de la pantalla: si ya has buscado el producto deseado y no lo consigues encontrar, \u00a1tranquil@! Escr\u00edbenos o ll\u00e1manos y te","robots":{"index":"index","follow":"follow","max-snippet":"max-snippet:-1","max-image-preview":"max-image-preview:large","max-video-preview":"max-video-preview:-1"},"canonical":"https:\/\/ollerpintures.com\/es\/producto\/no-encuentras-lo-que-buscas-haz-click-en-la-imagen-y-lee-la-descripcion-del-producto-te-ayudamos\/","og_locale":"es_ES","og_type":"article","og_title":"\u00bfNO ENCUENTRAS LO QUE BUSCAS? HAZ CLICK EN LA IMAGEN Y LEE LA DESCRIPCI\u00d3N DEL PRODUCTO. \u00a1TE AYUDAMOS! - Oller Pinturas y revestimientos","og_description":"\u00a1Hola! Nos tienes al otro lado de la pantalla: si ya has buscado el producto deseado y no lo consigues encontrar, \u00a1tranquil@! Escr\u00edbenos o ll\u00e1manos y te","og_url":"https:\/\/ollerpintures.com\/es\/producto\/no-encuentras-lo-que-buscas-haz-click-en-la-imagen-y-lee-la-descripcion-del-producto-te-ayudamos\/","og_site_name":"Oller Pinturas y revestimientos","article_publisher":"https:\/\/www.facebook.com\/people\/Oller-Pintures\/100063652056709\/","og_image":[{"width":1080,"height":1080,"url":"https:\/\/ollerpintures.com\/wp-content\/uploads\/2021\/04\/comprar-pintura-online-oller-dudas-contacto-ayuda-prescripcion.png","type":"image\/png"}],"twitter_card":"summary_large_image","schema":{"@context":"https:\/\/schema.org","@graph":[{"@type":"WebPage","@id":"https:\/\/ollerpintures.com\/es\/producto\/no-encuentras-lo-que-buscas-haz-click-en-la-imagen-y-lee-la-descripcion-del-producto-te-ayudamos\/","url":"https:\/\/ollerpintures.com\/es\/producto\/no-encuentras-lo-que-buscas-haz-click-en-la-imagen-y-lee-la-descripcion-del-producto-te-ayudamos\/","name":"\u00bfNO ENCUENTRAS LO QUE BUSCAS? HAZ CLICK EN LA IMAGEN Y LEE LA DESCRIPCI\u00d3N DEL PRODUCTO. \u00a1TE AYUDAMOS! - Oller Pinturas y revestimientos","isPartOf":{"@id":"https:\/\/ollerpintures.com\/es\/#website"},"primaryImageOfPage":{"@id":"https:\/\/ollerpintures.com\/es\/producto\/no-encuentras-lo-que-buscas-haz-click-en-la-imagen-y-lee-la-descripcion-del-producto-te-ayudamos\/#primaryimage"},"image":{"@id":"https:\/\/ollerpintures.com\/es\/producto\/no-encuentras-lo-que-buscas-haz-click-en-la-imagen-y-lee-la-descripcion-del-producto-te-ayudamos\/#primaryimage"},"thumbnailUrl":"https:\/\/ollerpintures.com\/wp-content\/uploads\/2021\/04\/comprar-pintura-online-oller-dudas-contacto-ayuda-prescripcion.png","datePublished":"2021-04-09T10:47:50+00:00","description":"\u00a1Hola! Nos tienes al otro lado de la pantalla: si ya has buscado el producto deseado y no lo consigues encontrar, \u00a1tranquil@! Escr\u00edbenos o ll\u00e1manos y te","breadcrumb":{"@id":"https:\/\/ollerpintures.com\/es\/producto\/no-encuentras-lo-que-buscas-haz-click-en-la-imagen-y-lee-la-descripcion-del-producto-te-ayudamos\/#breadcrumb"},"inLanguage":"es","potentialAction":[{"@type":"ReadAction","target":["https:\/\/ollerpintures.com\/es\/producto\/no-encuentras-lo-que-buscas-haz-click-en-la-imagen-y-lee-la-descripcion-del-producto-te-ayudamos\/"]}]},{"@type":"ImageObject","inLanguage":"es","@id":"https:\/\/ollerpintures.com\/es\/producto\/no-encuentras-lo-que-buscas-haz-click-en-la-imagen-y-lee-la-descripcion-del-producto-te-ayudamos\/#primaryimage","url":"https:\/\/ollerpintures.com\/wp-content\/uploads\/2021\/04\/comprar-pintura-online-oller-dudas-contacto-ayuda-prescripcion.png","contentUrl":"https:\/\/ollerpintures.com\/wp-content\/uploads\/2021\/04\/comprar-pintura-online-oller-dudas-contacto-ayuda-prescripcion.png","width":1080,"height":1080,"caption":"comprar pintura ayuda"},{"@type":"BreadcrumbList","@id":"https:\/\/ollerpintures.com\/es\/producto\/no-encuentras-lo-que-buscas-haz-click-en-la-imagen-y-lee-la-descripcion-del-producto-te-ayudamos\/#breadcrumb","itemListElement":[{"@type":"ListItem","position":1,"name":"Inici","item":"https:\/\/ollerpintures.com\/es\/"},{"@type":"ListItem","position":2,"name":"Tienda","item":"https:\/\/ollerpintures.com\/es\/tienda\/"},{"@type":"ListItem","position":3,"name":"\u00bfNO ENCUENTRAS LO QUE BUSCAS? HAZ CLICK EN LA IMAGEN Y LEE LA DESCRIPCI\u00d3N DEL PRODUCTO. \u00a1TE AYUDAMOS!"}]},{"@type":"WebSite","@id":"https:\/\/ollerpintures.com\/es\/#website","url":"https:\/\/ollerpintures.com\/es\/","name":"Oller Pinturas y Revestimientos","description":"M\u00e1s de 50 a\u00f1os acompa\u00f1ando a profesionales y particulares con soluciones de pintura duraderas y sostenibles, seis tiendas de proximidad con servicio tintom\u00e9trico propio y un compromiso real con el oficio y las nuevas generaciones.","publisher":{"@id":"https:\/\/ollerpintures.com\/es\/#organization"},"alternateName":"Oller Grup","potentialAction":[{"@type":"SearchAction","target":{"@type":"EntryPoint","urlTemplate":"https:\/\/ollerpintures.com\/es\/?s={search_term_string}"},"query-input":{"@type":"PropertyValueSpecification","valueRequired":true,"valueName":"search_term_string"}}],"inLanguage":"es"},{"@type":"Organization","@id":"https:\/\/ollerpintures.com\/es\/#organization","name":"Oller Pintures i Revestiments","alternateName":"Oller Grup","url":"https:\/\/ollerpintures.com\/es\/","logo":{"@type":"ImageObject","inLanguage":"es","@id":"https:\/\/ollerpintures.com\/es\/#\/schema\/logo\/image\/","url":"https:\/\/ollerpintures.com\/wp-content\/uploads\/2024\/05\/newLogo.png","contentUrl":"https:\/\/ollerpintures.com\/wp-content\/uploads\/2024\/05\/newLogo.png","width":483,"height":244,"caption":"Oller Pintures i Revestiments"},"image":{"@id":"https:\/\/ollerpintures.com\/es\/#\/schema\/logo\/image\/"},"sameAs":["https:\/\/www.facebook.com\/people\/Oller-Pintures\/100063652056709\/","https:\/\/www.instagram.com\/ollerpintures\/","https:\/\/descriptor.es\/organization\/oller-grup\/"]}]}},"brands":[],"_links":{"self":[{"href":"https:\/\/ollerpintures.com\/es\/wp-json\/wp\/v2\/product\/10039","targetHints":{"allow":["GET"]}}],"collection":[{"href":"https:\/\/ollerpintures.com\/es\/wp-json\/wp\/v2\/product"}],"about":[{"href":"https:\/\/ollerpintures.com\/es\/wp-json\/wp\/v2\/types\/product"}],"wp:featuredmedia":[{"embeddable":true,"href":"https:\/\/ollerpintures.com\/es\/wp-json\/wp\/v2\/media\/9699"}],"wp:attachment":[{"href":"https:\/\/ollerpintures.com\/es\/wp-json\/wp\/v2\/media?parent=10039"}],"wp:term":[{"taxonomy":"pwb-brand","embeddable":true,"href":"https:\/\/ollerpintures.com\/es\/wp-json\/wp\/v2\/pwb-brand?post=10039"},{"taxonomy":"product_brand","embeddable":true,"href":"https:\/\/ollerpintures.com\/es\/wp-json\/wp\/v2\/product_brand?post=10039"},{"taxonomy":"product_cat","embeddable":true,"href":"https:\/\/ollerpintures.com\/es\/wp-json\/wp\/v2\/product_cat?post=10039"},{"taxonomy":"product_tag","embeddable":true,"href":"https:\/\/ollerpintures.com\/es\/wp-json\/wp\/v2\/product_tag?post=10039"}],"curies":[{"name":"wp","href":"https:\/\/api.w.org\/{rel}","templated":true}]}}