{"id":10037,"date":"2021-05-04T08:51:47","date_gmt":"2021-05-04T07:51:47","guid":{"rendered":"https:\/\/oller-pintures.c.wetopi.com\/producte\/pintura-impermeabilizante-membrana-hibrida-grn-roja-15l\/"},"modified":"2022-07-21T10:37:41","modified_gmt":"2022-07-21T09:37:41","slug":"impermeabilizante-membrana-hibrida-grn-roja","status":"publish","type":"product","link":"https:\/\/ollerpintures.com\/es\/producto\/impermeabilizante-membrana-hibrida-grn-roja\/","title":{"rendered":"Pintura Impermeabilizante Membrana H\u00edbrida GRN Roja 15L"},"content":{"rendered":"<p>La<strong>\u00a0Membrana H\u00edbrida GRN<\/strong>\u00a0es la \u00faltima tendencia en\u00a0<strong>impermeabilizaci\u00f3n de superficies<\/strong>\u00a0y da un resultado excelente: ha solucionado hasta el 80% de los casos de\u00a0<strong>goteras y humedades<\/strong>. Se trata de una membrana h\u00edbrida de poliuretano con una elasticidad superior al 600% y propiedades transitables. Tiene gran capacidad de resistencia y es id\u00f3nea para impermeabilizar terrazas y azoteas donde haya fisuras o microfisuras.<\/p>\n<p>Si est\u00e1s hart@ de las goteras, este es tu producto ideal: 100% transitable lo que te permitir\u00e1 hacer vida normal en la superficie a impermeabilizar, sin sufrir por su desgaste o deterioro.<\/p>\n<p><a href=\"https:\/\/ollerpintures.com\/impermeabilizante-de-terrazas-soluciones-con-pintura-para-terrazas\/#57132b14eefa\" target=\"_blank\" rel=\"noopener\"><strong>\u00a1M\u00e1s informaci\u00f3n sobre c\u00f3mo impermeabilizar una terraza en nuestro blog!<\/strong><\/a><\/p>\n","protected":false},"excerpt":{"rendered":"<p>La\u00a0Membrana H\u00edbrida GRN\u00a0es la \u00faltima tendencia en\u00a0impermeabilizaci\u00f3n de superficies\u00a0y da un resultado excelente: ha solucionado hasta el 80% de los casos de\u00a0goteras y humedades. Se &#8230; <\/p>\n<p class=\"read-more-container\"><a title=\"Pintura Impermeabilizante Membrana H\u00edbrida GRN Roja 15L\" class=\"read-more button\" href=\"https:\/\/ollerpintures.com\/es\/producto\/impermeabilizante-membrana-hibrida-grn-roja\/#more-10037\" aria-label=\"Leer m\u00e1s sobre Pintura Impermeabilizante Membrana H\u00edbrida GRN Roja 15L\">Leer m\u00e1s<\/a><\/p>\n","protected":false},"featured_media":18690,"template":"","meta":{"_acf_changed":false},"pwb-brand":[795],"product_brand":[],"product_cat":[201,202,766],"product_tag":[214,767,770,771,772],"class_list":{"0":"post-10037","1":"product","2":"type-product","3":"status-publish","4":"has-post-thumbnail","6":"pwb-brand-grn-es","7":"product_cat-pintura-es","8":"product_cat-pintura-exterior","9":"product_cat-pintura-impermeabilizante","10":"product_tag-exterior-es","11":"product_tag-grn-es","12":"product_tag-pintura-exterior-es","13":"product_tag-pintura-impermeabilizante","14":"product_tag-terraza","15":"no-featured-image-padding","16":"resize-featured-image","17":"sales-flash-overlay","18":"woocommerce-text-align-left","19":"woocommerce-image-align-center","20":"do-quantity-buttons","21":"wc-has-gallery","23":"first","24":"instock","25":"shipping-taxable","26":"purchasable","27":"product-type-simple"},"acf":[],"yoast_head":"<!-- This site is optimized with the Yoast SEO plugin v27.1.1 - https:\/\/yoast.com\/product\/yoast-seo-wordpress\/ -->\n<title>Pintura impermeabilizante terrazas | Oller Pinturas<\/title>\n<meta name=\"description\" content=\"Pintura Impermeabilizante Membrana H\u00edbrida GRN Roja 15L. La \u00faltima tendencia en impermeabilizaci\u00f3n de superficies con un resultado excelente.\" \/>\n<meta name=\"robots\" content=\"index, follow, max-snippet:-1, max-image-preview:large, max-video-preview:-1\" \/>\n<link rel=\"canonical\" href=\"https:\/\/ollerpintures.com\/es\/producto\/impermeabilizante-membrana-hibrida-grn-roja\/\" \/>\n<meta property=\"og:locale\" content=\"es_ES\" \/>\n<meta property=\"og:type\" content=\"article\" \/>\n<meta property=\"og:title\" content=\"Pintura impermeabilizante terrazas | Oller Pinturas\" \/>\n<meta property=\"og:description\" content=\"Pintura Impermeabilizante Membrana H\u00edbrida GRN Roja 15L. La \u00faltima tendencia en impermeabilizaci\u00f3n de superficies con un resultado excelente.\" \/>\n<meta property=\"og:url\" content=\"https:\/\/ollerpintures.com\/es\/producto\/impermeabilizante-membrana-hibrida-grn-roja\/\" \/>\n<meta property=\"og:site_name\" content=\"Oller Pinturas y revestimientos\" \/>\n<meta property=\"article:publisher\" content=\"https:\/\/www.facebook.com\/people\/Oller-Pintures\/100063652056709\/\" \/>\n<meta property=\"article:modified_time\" content=\"2022-07-21T09:37:41+00:00\" \/>\n<meta property=\"og:image\" content=\"https:\/\/ollerpintures.com\/wp-content\/uploads\/2021\/05\/pintura-impermeabilizante-roja-membrana-hibrida-grn-online.jpg\" \/>\n\t<meta property=\"og:image:width\" content=\"1080\" \/>\n\t<meta property=\"og:image:height\" content=\"1080\" \/>\n\t<meta property=\"og:image:type\" content=\"image\/jpeg\" \/>\n<meta name=\"twitter:card\" content=\"summary_large_image\" \/>\n<meta name=\"twitter:label1\" content=\"Tiempo de lectura\" \/>\n\t<meta name=\"twitter:data1\" content=\"1 minuto\" \/>\n<script type=\"application\/ld+json\" class=\"yoast-schema-graph\">{\"@context\":\"https:\/\/schema.org\",\"@graph\":[{\"@type\":\"WebPage\",\"@id\":\"https:\/\/ollerpintures.com\/es\/producto\/impermeabilizante-membrana-hibrida-grn-roja\/\",\"url\":\"https:\/\/ollerpintures.com\/es\/producto\/impermeabilizante-membrana-hibrida-grn-roja\/\",\"name\":\"Pintura impermeabilizante terrazas | Oller Pinturas\",\"isPartOf\":{\"@id\":\"https:\/\/ollerpintures.com\/es\/#website\"},\"primaryImageOfPage\":{\"@id\":\"https:\/\/ollerpintures.com\/es\/producto\/impermeabilizante-membrana-hibrida-grn-roja\/#primaryimage\"},\"image\":{\"@id\":\"https:\/\/ollerpintures.com\/es\/producto\/impermeabilizante-membrana-hibrida-grn-roja\/#primaryimage\"},\"thumbnailUrl\":\"https:\/\/ollerpintures.com\/wp-content\/uploads\/2021\/05\/pintura-impermeabilizante-roja-membrana-hibrida-grn-online.jpg\",\"datePublished\":\"2021-05-04T07:51:47+00:00\",\"dateModified\":\"2022-07-21T09:37:41+00:00\",\"description\":\"Pintura Impermeabilizante Membrana H\u00edbrida GRN Roja 15L. La \u00faltima tendencia en impermeabilizaci\u00f3n de superficies con un resultado excelente.\",\"breadcrumb\":{\"@id\":\"https:\/\/ollerpintures.com\/es\/producto\/impermeabilizante-membrana-hibrida-grn-roja\/#breadcrumb\"},\"inLanguage\":\"es\",\"potentialAction\":[{\"@type\":\"ReadAction\",\"target\":[\"https:\/\/ollerpintures.com\/es\/producto\/impermeabilizante-membrana-hibrida-grn-roja\/\"]}]},{\"@type\":\"ImageObject\",\"inLanguage\":\"es\",\"@id\":\"https:\/\/ollerpintures.com\/es\/producto\/impermeabilizante-membrana-hibrida-grn-roja\/#primaryimage\",\"url\":\"https:\/\/ollerpintures.com\/wp-content\/uploads\/2021\/05\/pintura-impermeabilizante-roja-membrana-hibrida-grn-online.jpg\",\"contentUrl\":\"https:\/\/ollerpintures.com\/wp-content\/uploads\/2021\/05\/pintura-impermeabilizante-roja-membrana-hibrida-grn-online.jpg\",\"width\":1080,\"height\":1080,\"caption\":\"pintura impermeabilitzant vermella membrana h\u00edbrida grn\"},{\"@type\":\"BreadcrumbList\",\"@id\":\"https:\/\/ollerpintures.com\/es\/producto\/impermeabilizante-membrana-hibrida-grn-roja\/#breadcrumb\",\"itemListElement\":[{\"@type\":\"ListItem\",\"position\":1,\"name\":\"Inici\",\"item\":\"https:\/\/ollerpintures.com\/es\/\"},{\"@type\":\"ListItem\",\"position\":2,\"name\":\"Tienda\",\"item\":\"https:\/\/ollerpintures.com\/es\/tienda\/\"},{\"@type\":\"ListItem\",\"position\":3,\"name\":\"Pintura Impermeabilizante Membrana H\u00edbrida GRN Roja 15L\"}]},{\"@type\":\"WebSite\",\"@id\":\"https:\/\/ollerpintures.com\/es\/#website\",\"url\":\"https:\/\/ollerpintures.com\/es\/\",\"name\":\"Oller Pinturas y Revestimientos\",\"description\":\"M\u00e1s de 50 a\u00f1os acompa\u00f1ando a profesionales y particulares con soluciones de pintura duraderas y sostenibles, seis tiendas de proximidad con servicio tintom\u00e9trico propio y un compromiso real con el oficio y las nuevas generaciones.\",\"publisher\":{\"@id\":\"https:\/\/ollerpintures.com\/es\/#organization\"},\"alternateName\":\"Oller Grup\",\"potentialAction\":[{\"@type\":\"SearchAction\",\"target\":{\"@type\":\"EntryPoint\",\"urlTemplate\":\"https:\/\/ollerpintures.com\/es\/?s={search_term_string}\"},\"query-input\":{\"@type\":\"PropertyValueSpecification\",\"valueRequired\":true,\"valueName\":\"search_term_string\"}}],\"inLanguage\":\"es\"},{\"@type\":\"Organization\",\"@id\":\"https:\/\/ollerpintures.com\/es\/#organization\",\"name\":\"Oller Pintures i Revestiments\",\"alternateName\":\"Oller Grup\",\"url\":\"https:\/\/ollerpintures.com\/es\/\",\"logo\":{\"@type\":\"ImageObject\",\"inLanguage\":\"es\",\"@id\":\"https:\/\/ollerpintures.com\/es\/#\/schema\/logo\/image\/\",\"url\":\"https:\/\/ollerpintures.com\/wp-content\/uploads\/2024\/05\/newLogo.png\",\"contentUrl\":\"https:\/\/ollerpintures.com\/wp-content\/uploads\/2024\/05\/newLogo.png\",\"width\":483,\"height\":244,\"caption\":\"Oller Pintures i Revestiments\"},\"image\":{\"@id\":\"https:\/\/ollerpintures.com\/es\/#\/schema\/logo\/image\/\"},\"sameAs\":[\"https:\/\/www.facebook.com\/people\/Oller-Pintures\/100063652056709\/\",\"https:\/\/www.instagram.com\/ollerpintures\/\",\"https:\/\/descriptor.es\/organization\/oller-grup\/\"]}]}<\/script>\n<!-- \/ Yoast SEO plugin. -->","yoast_head_json":{"title":"Pintura impermeabilizante terrazas | Oller Pinturas","description":"Pintura Impermeabilizante Membrana H\u00edbrida GRN Roja 15L. La \u00faltima tendencia en impermeabilizaci\u00f3n de superficies con un resultado excelente.","robots":{"index":"index","follow":"follow","max-snippet":"max-snippet:-1","max-image-preview":"max-image-preview:large","max-video-preview":"max-video-preview:-1"},"canonical":"https:\/\/ollerpintures.com\/es\/producto\/impermeabilizante-membrana-hibrida-grn-roja\/","og_locale":"es_ES","og_type":"article","og_title":"Pintura impermeabilizante terrazas | Oller Pinturas","og_description":"Pintura Impermeabilizante Membrana H\u00edbrida GRN Roja 15L. La \u00faltima tendencia en impermeabilizaci\u00f3n de superficies con un resultado excelente.","og_url":"https:\/\/ollerpintures.com\/es\/producto\/impermeabilizante-membrana-hibrida-grn-roja\/","og_site_name":"Oller Pinturas y revestimientos","article_publisher":"https:\/\/www.facebook.com\/people\/Oller-Pintures\/100063652056709\/","article_modified_time":"2022-07-21T09:37:41+00:00","og_image":[{"width":1080,"height":1080,"url":"https:\/\/ollerpintures.com\/wp-content\/uploads\/2021\/05\/pintura-impermeabilizante-roja-membrana-hibrida-grn-online.jpg","type":"image\/jpeg"}],"twitter_card":"summary_large_image","twitter_misc":{"Tiempo de lectura":"1 minuto"},"schema":{"@context":"https:\/\/schema.org","@graph":[{"@type":"WebPage","@id":"https:\/\/ollerpintures.com\/es\/producto\/impermeabilizante-membrana-hibrida-grn-roja\/","url":"https:\/\/ollerpintures.com\/es\/producto\/impermeabilizante-membrana-hibrida-grn-roja\/","name":"Pintura impermeabilizante terrazas | Oller Pinturas","isPartOf":{"@id":"https:\/\/ollerpintures.com\/es\/#website"},"primaryImageOfPage":{"@id":"https:\/\/ollerpintures.com\/es\/producto\/impermeabilizante-membrana-hibrida-grn-roja\/#primaryimage"},"image":{"@id":"https:\/\/ollerpintures.com\/es\/producto\/impermeabilizante-membrana-hibrida-grn-roja\/#primaryimage"},"thumbnailUrl":"https:\/\/ollerpintures.com\/wp-content\/uploads\/2021\/05\/pintura-impermeabilizante-roja-membrana-hibrida-grn-online.jpg","datePublished":"2021-05-04T07:51:47+00:00","dateModified":"2022-07-21T09:37:41+00:00","description":"Pintura Impermeabilizante Membrana H\u00edbrida GRN Roja 15L. La \u00faltima tendencia en impermeabilizaci\u00f3n de superficies con un resultado excelente.","breadcrumb":{"@id":"https:\/\/ollerpintures.com\/es\/producto\/impermeabilizante-membrana-hibrida-grn-roja\/#breadcrumb"},"inLanguage":"es","potentialAction":[{"@type":"ReadAction","target":["https:\/\/ollerpintures.com\/es\/producto\/impermeabilizante-membrana-hibrida-grn-roja\/"]}]},{"@type":"ImageObject","inLanguage":"es","@id":"https:\/\/ollerpintures.com\/es\/producto\/impermeabilizante-membrana-hibrida-grn-roja\/#primaryimage","url":"https:\/\/ollerpintures.com\/wp-content\/uploads\/2021\/05\/pintura-impermeabilizante-roja-membrana-hibrida-grn-online.jpg","contentUrl":"https:\/\/ollerpintures.com\/wp-content\/uploads\/2021\/05\/pintura-impermeabilizante-roja-membrana-hibrida-grn-online.jpg","width":1080,"height":1080,"caption":"pintura impermeabilitzant vermella membrana h\u00edbrida grn"},{"@type":"BreadcrumbList","@id":"https:\/\/ollerpintures.com\/es\/producto\/impermeabilizante-membrana-hibrida-grn-roja\/#breadcrumb","itemListElement":[{"@type":"ListItem","position":1,"name":"Inici","item":"https:\/\/ollerpintures.com\/es\/"},{"@type":"ListItem","position":2,"name":"Tienda","item":"https:\/\/ollerpintures.com\/es\/tienda\/"},{"@type":"ListItem","position":3,"name":"Pintura Impermeabilizante Membrana H\u00edbrida GRN Roja 15L"}]},{"@type":"WebSite","@id":"https:\/\/ollerpintures.com\/es\/#website","url":"https:\/\/ollerpintures.com\/es\/","name":"Oller Pinturas y Revestimientos","description":"M\u00e1s de 50 a\u00f1os acompa\u00f1ando a profesionales y particulares con soluciones de pintura duraderas y sostenibles, seis tiendas de proximidad con servicio tintom\u00e9trico propio y un compromiso real con el oficio y las nuevas generaciones.","publisher":{"@id":"https:\/\/ollerpintures.com\/es\/#organization"},"alternateName":"Oller Grup","potentialAction":[{"@type":"SearchAction","target":{"@type":"EntryPoint","urlTemplate":"https:\/\/ollerpintures.com\/es\/?s={search_term_string}"},"query-input":{"@type":"PropertyValueSpecification","valueRequired":true,"valueName":"search_term_string"}}],"inLanguage":"es"},{"@type":"Organization","@id":"https:\/\/ollerpintures.com\/es\/#organization","name":"Oller Pintures i Revestiments","alternateName":"Oller Grup","url":"https:\/\/ollerpintures.com\/es\/","logo":{"@type":"ImageObject","inLanguage":"es","@id":"https:\/\/ollerpintures.com\/es\/#\/schema\/logo\/image\/","url":"https:\/\/ollerpintures.com\/wp-content\/uploads\/2024\/05\/newLogo.png","contentUrl":"https:\/\/ollerpintures.com\/wp-content\/uploads\/2024\/05\/newLogo.png","width":483,"height":244,"caption":"Oller Pintures i Revestiments"},"image":{"@id":"https:\/\/ollerpintures.com\/es\/#\/schema\/logo\/image\/"},"sameAs":["https:\/\/www.facebook.com\/people\/Oller-Pintures\/100063652056709\/","https:\/\/www.instagram.com\/ollerpintures\/","https:\/\/descriptor.es\/organization\/oller-grup\/"]}]}},"brands":[{"id":795,"name":"GRN","slug":"grn-es"}],"_links":{"self":[{"href":"https:\/\/ollerpintures.com\/es\/wp-json\/wp\/v2\/product\/10037","targetHints":{"allow":["GET"]}}],"collection":[{"href":"https:\/\/ollerpintures.com\/es\/wp-json\/wp\/v2\/product"}],"about":[{"href":"https:\/\/ollerpintures.com\/es\/wp-json\/wp\/v2\/types\/product"}],"wp:featuredmedia":[{"embeddable":true,"href":"https:\/\/ollerpintures.com\/es\/wp-json\/wp\/v2\/media\/18690"}],"wp:attachment":[{"href":"https:\/\/ollerpintures.com\/es\/wp-json\/wp\/v2\/media?parent=10037"}],"wp:term":[{"taxonomy":"pwb-brand","embeddable":true,"href":"https:\/\/ollerpintures.com\/es\/wp-json\/wp\/v2\/pwb-brand?post=10037"},{"taxonomy":"product_brand","embeddable":true,"href":"https:\/\/ollerpintures.com\/es\/wp-json\/wp\/v2\/product_brand?post=10037"},{"taxonomy":"product_cat","embeddable":true,"href":"https:\/\/ollerpintures.com\/es\/wp-json\/wp\/v2\/product_cat?post=10037"},{"taxonomy":"product_tag","embeddable":true,"href":"https:\/\/ollerpintures.com\/es\/wp-json\/wp\/v2\/product_tag?post=10037"}],"curies":[{"name":"wp","href":"https:\/\/api.w.org\/{rel}","templated":true}]}}