{"id":6599,"date":"2021-01-12T12:56:35","date_gmt":"2021-01-12T11:56:35","guid":{"rendered":"https:\/\/oller-pintures.c.wetopi.com\/web-proves\/?page_id=6599"},"modified":"2024-04-19T06:28:28","modified_gmt":"2024-04-19T05:28:28","slug":"condiciones-de-compra-envios-y-devoluciones","status":"publish","type":"page","link":"https:\/\/ollerpintures.com\/es\/condiciones-de-compra-envios-y-devoluciones\/","title":{"rendered":"Condiciones de compra, env\u00edos y devoluciones"},"content":{"rendered":"\n<h4 class=\"wp-block-heading\">Forma de env\u00edo<\/h4>\n\n\n\n<p>Oller Pintures realizamos env\u00edos a toda Espa\u00f1a, excepto Baleares, Ceuta y Melilla, a trav\u00e9s de servicio de env\u00edo propio y externo.<\/p>\n\n\n\n<p>Trabajamos con plazos de entrega de<strong> 24h-72h laborables<\/strong>, desde que se formaliza el pedido haci\u00e9ndose efectivo su pago. Si se escoge el m\u00e9todo de pago a trav\u00e9s de transferencia bancaria, el plazo de entrega puede demorarse. El proceso se activa con la confirmaci\u00f3n de pago. La entrega del pedido se efectuar\u00e1 entre las 10h y las 18h, a pie de calle. <strong>Para env\u00edos de mercanc\u00edas paletizadas los plazos de entrega pueden demorarse m\u00e1s de lo mencionado. <\/strong><\/p>\n\n\n\n<p><strong>Si la direcci\u00f3n postal indicada como destinataria es incompleta o incorrecta, se aplicar\u00e1 un coste a\u00f1adido de 10\u20ac en concepto de tr\u00e1mites necesarios para llevar a cabo la entrega correctamente, que correr\u00e1n a cargo del\/la cliente\/a. Es importante revisar las direcciones introducidas para no dar lugar a error.<\/strong><\/p>\n\n\n\n<p>Podr\u00e9is ver el seguimiento de vuestro pedido desde vuestro perfil de usuario en la web de Oller Pintures. Adem\u00e1s, recibir\u00e9is un correo electr\u00f3nico notificando cualquier movimiento o modificaci\u00f3n en referencia al pedido.<\/p>\n\n\n\n<p>El paquete se env\u00eda debidamente embalado, en cajas de cart\u00f3n y, si fuera necesario seg\u00fan tama\u00f1o y peso, podr\u00eda prepararse con un mini-pal\u00e9 como plataforma para facilitar su transporte y carga.<\/p>\n\n\n\n<p>En caso de no poder realizar la entrega a causa de la no-respuesta en el domicilio indicado, la empresa de transporte se pondr\u00e1 en contacto con el\/la cliente\/a a trav\u00e9s del tel\u00e9fono indicado. Habr\u00e1 un m\u00e1ximo de 2 intentos de env\u00edo. En caso de no poder efectuarse la entrega, el pedido ser\u00e1 devuelto a nuestros almacenes. Podr\u00eda suponer costes a\u00f1adidos a cargo del\/la cliente\/a. Desde Oller Pintures nos pondremos en contacto con vosotros\/as.<\/p>\n\n\n\n<p>Ponemos a vuestra disposici\u00f3n la opci\u00f3n <strong>\u201cRecogida en tienda\u201d. <\/strong>En este caso, os enviaremos un e-mail cuando vuestro pedido est\u00e9 listo, dentro de las pr\u00f3ximas 24h-36h laborables, y tendr\u00e9is un plazo m\u00e1ximo de 7 d\u00edas para venir a recoger el paquete, en la tienda Oller que escoj\u00e1is, dentro del horario de 8h a 13h y de 15.30h a 19.00h. Si no se recoge el pedido en este plazo, se proceder\u00e1 a su abono con un m\u00e9rito de 12\u20ac en concepto de preparaci\u00f3n.<\/p>\n\n\n\n<div class=\"wp-block-spacer\" style=\"height: 10px;\" aria-hidden=\"true\">\u00a0<\/div>\n\n\n\n<h4 class=\"wp-block-heading\">Costes de env\u00edo<\/h4>\n\n\n\n<p>Para compras con un importe superior a los 75\u20ac, el env\u00edo ser\u00e1 gratuito. Para compras con un importe inferior a 75\u20ac, el env\u00edo tendr\u00e1 un coste de 5.95\u20ac a cargo del\/la cliente\/a. Estos importes aparecer\u00e1n debidamente detallados en la secci\u00f3n Ir a Caja &gt; Pedido, con los importes totales de la compra.<\/p>\n\n\n\n<div class=\"wp-block-spacer\" style=\"height: 10px;\" aria-hidden=\"true\">\u00a0<\/div>\n\n\n\n<h4 class=\"wp-block-heading\">Devoluciones<\/h4>\n\n\n\n<p>Trabajamos con detalle para que todas las entregas sean exitosas. Sin embargo, si es necesario efectuar una devoluci\u00f3n, el coste de env\u00edo correr\u00e1 a cargo del\/la cliente\/a, excepto en caso de error de env\u00edo o mercanc\u00eda defectuosa. Se abonar\u00e1 el precio del pedido, en un per\u00edodo de 15 d\u00edas, al n\u00famero de cuenta indicado en los datos de facturaci\u00f3n de dicho pedido. Para tramitar una devoluci\u00f3n, deber\u00e9is poneros en contacto directamente con nosotros a trav\u00e9s de <a href=\"mailto:news@ollerpintures.com\">news@ollerpintures.com<\/a> o rellenando el formulario web, con un plazo m\u00e1ximo de 15 d\u00edas desde la fecha de compra.<\/p>\n\n\n\n<div class=\"wp-block-spacer\" style=\"height: 10px;\" aria-hidden=\"true\">\u00a0<\/div>\n\n\n\n<h4 class=\"wp-block-heading\">Forma de pago<\/h4>\n\n\n\n<p>Ofrecemos 2 opciones de pago.<\/p>\n\n\n\n<ul class=\"wp-block-list\">\n<li><strong>Tarjeta bancaria. <\/strong>Se gestiona a trav\u00e9s de una plataforma de pago de total seguridad, a trav\u00e9s de Redsys. Los datos introducidos no ser\u00e1n bajo ning\u00fan concepto utilizados por Oller Pintures con ninguna finalidad. El sistema de env\u00edo de mercader\u00eda no se activar\u00e1 hasta que se reciba la confirmaci\u00f3n del pago.<\/li>\n\n\n\n<li><strong>Transferencia bancaria.<\/strong> Si se escoge esta opci\u00f3n, se recibir\u00e1 un correo electr\u00f3nico de confirmaci\u00f3n a la direcci\u00f3n indicada, con los datos de facturaci\u00f3n (n\u00ba de cuenta donde efectuar el pago) y el n\u00famero de pedido. Deber\u00e9is indicar el n\u00famero de pedido en el Concepto de la transferencia. El pago podr\u00e1 demorarse un m\u00e1ximo de 5 d\u00edas h\u00e1biles, seg\u00fan la entidad bancaria desde donde se realice el pago. El sistema de env\u00edo de mercanc\u00eda no se activar\u00e1 hasta que no se reciba la confirmaci\u00f3n del pago.<\/li>\n<\/ul>\n\n\n\n<p>Aceptaci\u00f3n de las condiciones de compra, env\u00edo y devoluciones. La formalizaci\u00f3n de cualquier compra online efectuada desde la web de Oller Pinturas evidencia el conocimiento y aceptaci\u00f3n de las condiciones legales detalladas, por parte del\/la cliente\/a.<\/p>\n","protected":false},"excerpt":{"rendered":"<p>Forma de env\u00edo Oller Pintures realizamos env\u00edos a toda Espa\u00f1a, excepto Baleares, Ceuta y Melilla, a trav\u00e9s de servicio de env\u00edo propio y externo. Trabajamos &#8230; <\/p>\n<p class=\"read-more-container\"><a title=\"Condiciones de compra, env\u00edos y devoluciones\" class=\"read-more button\" href=\"https:\/\/ollerpintures.com\/es\/condiciones-de-compra-envios-y-devoluciones\/#more-6599\" aria-label=\"Leer m\u00e1s sobre Condiciones de compra, env\u00edos y devoluciones\">Leer m\u00e1s<\/a><\/p>\n","protected":false},"author":3,"featured_media":0,"parent":0,"menu_order":0,"comment_status":"closed","ping_status":"closed","template":"","meta":{"_acf_changed":false,"footnotes":""},"class_list":{"0":"post-6599","1":"page","2":"type-page","3":"status-publish","5":"no-featured-image-padding"},"acf":[],"yoast_head":"<!-- This site is optimized with the Yoast SEO plugin v27.1.1 - https:\/\/yoast.com\/product\/yoast-seo-wordpress\/ -->\n<title>Condiciones de compra, env\u00edos y devoluciones - Oller Pinturas y revestimientos<\/title>\n<meta name=\"description\" content=\"Oller Pinturas y revestimientos per a professionals, ind\u00fastries, obres p\u00fabliques, bricolatge. Pintures de qualitat professional i molt m\u00e9s!\" \/>\n<meta name=\"robots\" content=\"noindex, nofollow\" \/>\n<meta property=\"og:locale\" content=\"es_ES\" \/>\n<meta property=\"og:type\" content=\"article\" \/>\n<meta property=\"og:title\" content=\"Condiciones de compra, env\u00edos y devoluciones - Oller Pinturas y revestimientos\" \/>\n<meta property=\"og:description\" content=\"Oller Pinturas y revestimientos per a professionals, ind\u00fastries, obres p\u00fabliques, bricolatge. Pintures de qualitat professional i molt m\u00e9s!\" \/>\n<meta property=\"og:url\" content=\"https:\/\/ollerpintures.com\/es\/condiciones-de-compra-envios-y-devoluciones\/\" \/>\n<meta property=\"og:site_name\" content=\"Oller Pinturas y revestimientos\" \/>\n<meta property=\"article:publisher\" content=\"https:\/\/www.facebook.com\/people\/Oller-Pintures\/100063652056709\/\" \/>\n<meta property=\"article:modified_time\" content=\"2024-04-19T05:28:28+00:00\" \/>\n<meta property=\"og:image\" content=\"https:\/\/ollerpintures.com\/wp-content\/uploads\/2022\/05\/pinturas-venta-pinturas-distribuidores-mayorista-oller-pintures-granollers-tienda.jpg\" \/>\n\t<meta property=\"og:image:width\" content=\"1920\" \/>\n\t<meta property=\"og:image:height\" content=\"866\" \/>\n\t<meta property=\"og:image:type\" content=\"image\/jpeg\" \/>\n<meta name=\"twitter:card\" content=\"summary_large_image\" \/>\n<meta name=\"twitter:label1\" content=\"Tiempo de lectura\" \/>\n\t<meta name=\"twitter:data1\" content=\"4 minutos\" \/>\n<script type=\"application\/ld+json\" class=\"yoast-schema-graph\">{\"@context\":\"https:\/\/schema.org\",\"@graph\":[{\"@type\":\"WebPage\",\"@id\":\"https:\/\/ollerpintures.com\/es\/condiciones-de-compra-envios-y-devoluciones\/\",\"url\":\"https:\/\/ollerpintures.com\/es\/condiciones-de-compra-envios-y-devoluciones\/\",\"name\":\"Condiciones de compra, env\u00edos y devoluciones - Oller Pinturas y revestimientos\",\"isPartOf\":{\"@id\":\"https:\/\/ollerpintures.com\/es\/#website\"},\"datePublished\":\"2021-01-12T11:56:35+00:00\",\"dateModified\":\"2024-04-19T05:28:28+00:00\",\"description\":\"Oller Pinturas y revestimientos per a professionals, ind\u00fastries, obres p\u00fabliques, bricolatge. Pintures de qualitat professional i molt m\u00e9s!\",\"breadcrumb\":{\"@id\":\"https:\/\/ollerpintures.com\/es\/condiciones-de-compra-envios-y-devoluciones\/#breadcrumb\"},\"inLanguage\":\"es\",\"potentialAction\":[{\"@type\":\"ReadAction\",\"target\":[\"https:\/\/ollerpintures.com\/es\/condiciones-de-compra-envios-y-devoluciones\/\"]}]},{\"@type\":\"BreadcrumbList\",\"@id\":\"https:\/\/ollerpintures.com\/es\/condiciones-de-compra-envios-y-devoluciones\/#breadcrumb\",\"itemListElement\":[{\"@type\":\"ListItem\",\"position\":1,\"name\":\"Inici\",\"item\":\"https:\/\/ollerpintures.com\/es\/\"},{\"@type\":\"ListItem\",\"position\":2,\"name\":\"Condiciones de compra, env\u00edos y devoluciones\"}]},{\"@type\":\"WebSite\",\"@id\":\"https:\/\/ollerpintures.com\/es\/#website\",\"url\":\"https:\/\/ollerpintures.com\/es\/\",\"name\":\"Oller Pinturas y Revestimientos\",\"description\":\"M\u00e1s de 50 a\u00f1os acompa\u00f1ando a profesionales y particulares con soluciones de pintura duraderas y sostenibles, seis tiendas de proximidad con servicio tintom\u00e9trico propio y un compromiso real con el oficio y las nuevas generaciones.\",\"publisher\":{\"@id\":\"https:\/\/ollerpintures.com\/es\/#organization\"},\"alternateName\":\"Oller Grup\",\"potentialAction\":[{\"@type\":\"SearchAction\",\"target\":{\"@type\":\"EntryPoint\",\"urlTemplate\":\"https:\/\/ollerpintures.com\/es\/?s={search_term_string}\"},\"query-input\":{\"@type\":\"PropertyValueSpecification\",\"valueRequired\":true,\"valueName\":\"search_term_string\"}}],\"inLanguage\":\"es\"},{\"@type\":\"Organization\",\"@id\":\"https:\/\/ollerpintures.com\/es\/#organization\",\"name\":\"Oller Pintures i Revestiments\",\"alternateName\":\"Oller Grup\",\"url\":\"https:\/\/ollerpintures.com\/es\/\",\"logo\":{\"@type\":\"ImageObject\",\"inLanguage\":\"es\",\"@id\":\"https:\/\/ollerpintures.com\/es\/#\/schema\/logo\/image\/\",\"url\":\"https:\/\/ollerpintures.com\/wp-content\/uploads\/2024\/05\/newLogo.png\",\"contentUrl\":\"https:\/\/ollerpintures.com\/wp-content\/uploads\/2024\/05\/newLogo.png\",\"width\":483,\"height\":244,\"caption\":\"Oller Pintures i Revestiments\"},\"image\":{\"@id\":\"https:\/\/ollerpintures.com\/es\/#\/schema\/logo\/image\/\"},\"sameAs\":[\"https:\/\/www.facebook.com\/people\/Oller-Pintures\/100063652056709\/\",\"https:\/\/www.instagram.com\/ollerpintures\/\",\"https:\/\/descriptor.es\/organization\/oller-grup\/\"]}]}<\/script>\n<!-- \/ Yoast SEO plugin. -->","yoast_head_json":{"title":"Condiciones de compra, env\u00edos y devoluciones - Oller Pinturas y revestimientos","description":"Oller Pinturas y revestimientos per a professionals, ind\u00fastries, obres p\u00fabliques, bricolatge. Pintures de qualitat professional i molt m\u00e9s!","robots":{"index":"noindex","follow":"nofollow"},"og_locale":"es_ES","og_type":"article","og_title":"Condiciones de compra, env\u00edos y devoluciones - Oller Pinturas y revestimientos","og_description":"Oller Pinturas y revestimientos per a professionals, ind\u00fastries, obres p\u00fabliques, bricolatge. Pintures de qualitat professional i molt m\u00e9s!","og_url":"https:\/\/ollerpintures.com\/es\/condiciones-de-compra-envios-y-devoluciones\/","og_site_name":"Oller Pinturas y revestimientos","article_publisher":"https:\/\/www.facebook.com\/people\/Oller-Pintures\/100063652056709\/","article_modified_time":"2024-04-19T05:28:28+00:00","og_image":[{"width":1920,"height":866,"url":"https:\/\/ollerpintures.com\/wp-content\/uploads\/2022\/05\/pinturas-venta-pinturas-distribuidores-mayorista-oller-pintures-granollers-tienda.jpg","type":"image\/jpeg"}],"twitter_card":"summary_large_image","twitter_misc":{"Tiempo de lectura":"4 minutos"},"schema":{"@context":"https:\/\/schema.org","@graph":[{"@type":"WebPage","@id":"https:\/\/ollerpintures.com\/es\/condiciones-de-compra-envios-y-devoluciones\/","url":"https:\/\/ollerpintures.com\/es\/condiciones-de-compra-envios-y-devoluciones\/","name":"Condiciones de compra, env\u00edos y devoluciones - Oller Pinturas y revestimientos","isPartOf":{"@id":"https:\/\/ollerpintures.com\/es\/#website"},"datePublished":"2021-01-12T11:56:35+00:00","dateModified":"2024-04-19T05:28:28+00:00","description":"Oller Pinturas y revestimientos per a professionals, ind\u00fastries, obres p\u00fabliques, bricolatge. Pintures de qualitat professional i molt m\u00e9s!","breadcrumb":{"@id":"https:\/\/ollerpintures.com\/es\/condiciones-de-compra-envios-y-devoluciones\/#breadcrumb"},"inLanguage":"es","potentialAction":[{"@type":"ReadAction","target":["https:\/\/ollerpintures.com\/es\/condiciones-de-compra-envios-y-devoluciones\/"]}]},{"@type":"BreadcrumbList","@id":"https:\/\/ollerpintures.com\/es\/condiciones-de-compra-envios-y-devoluciones\/#breadcrumb","itemListElement":[{"@type":"ListItem","position":1,"name":"Inici","item":"https:\/\/ollerpintures.com\/es\/"},{"@type":"ListItem","position":2,"name":"Condiciones de compra, env\u00edos y devoluciones"}]},{"@type":"WebSite","@id":"https:\/\/ollerpintures.com\/es\/#website","url":"https:\/\/ollerpintures.com\/es\/","name":"Oller Pinturas y Revestimientos","description":"M\u00e1s de 50 a\u00f1os acompa\u00f1ando a profesionales y particulares con soluciones de pintura duraderas y sostenibles, seis tiendas de proximidad con servicio tintom\u00e9trico propio y un compromiso real con el oficio y las nuevas generaciones.","publisher":{"@id":"https:\/\/ollerpintures.com\/es\/#organization"},"alternateName":"Oller Grup","potentialAction":[{"@type":"SearchAction","target":{"@type":"EntryPoint","urlTemplate":"https:\/\/ollerpintures.com\/es\/?s={search_term_string}"},"query-input":{"@type":"PropertyValueSpecification","valueRequired":true,"valueName":"search_term_string"}}],"inLanguage":"es"},{"@type":"Organization","@id":"https:\/\/ollerpintures.com\/es\/#organization","name":"Oller Pintures i Revestiments","alternateName":"Oller Grup","url":"https:\/\/ollerpintures.com\/es\/","logo":{"@type":"ImageObject","inLanguage":"es","@id":"https:\/\/ollerpintures.com\/es\/#\/schema\/logo\/image\/","url":"https:\/\/ollerpintures.com\/wp-content\/uploads\/2024\/05\/newLogo.png","contentUrl":"https:\/\/ollerpintures.com\/wp-content\/uploads\/2024\/05\/newLogo.png","width":483,"height":244,"caption":"Oller Pintures i Revestiments"},"image":{"@id":"https:\/\/ollerpintures.com\/es\/#\/schema\/logo\/image\/"},"sameAs":["https:\/\/www.facebook.com\/people\/Oller-Pintures\/100063652056709\/","https:\/\/www.instagram.com\/ollerpintures\/","https:\/\/descriptor.es\/organization\/oller-grup\/"]}]}},"_links":{"self":[{"href":"https:\/\/ollerpintures.com\/es\/wp-json\/wp\/v2\/pages\/6599","targetHints":{"allow":["GET"]}}],"collection":[{"href":"https:\/\/ollerpintures.com\/es\/wp-json\/wp\/v2\/pages"}],"about":[{"href":"https:\/\/ollerpintures.com\/es\/wp-json\/wp\/v2\/types\/page"}],"author":[{"embeddable":true,"href":"https:\/\/ollerpintures.com\/es\/wp-json\/wp\/v2\/users\/3"}],"replies":[{"embeddable":true,"href":"https:\/\/ollerpintures.com\/es\/wp-json\/wp\/v2\/comments?post=6599"}],"version-history":[{"count":4,"href":"https:\/\/ollerpintures.com\/es\/wp-json\/wp\/v2\/pages\/6599\/revisions"}],"predecessor-version":[{"id":25821,"href":"https:\/\/ollerpintures.com\/es\/wp-json\/wp\/v2\/pages\/6599\/revisions\/25821"}],"wp:attachment":[{"href":"https:\/\/ollerpintures.com\/es\/wp-json\/wp\/v2\/media?parent=6599"}],"curies":[{"name":"wp","href":"https:\/\/api.w.org\/{rel}","templated":true}]}}