{"id":4066,"date":"2020-12-03T10:48:26","date_gmt":"2020-12-03T09:48:26","guid":{"rendered":"https:\/\/novaweb.oller-pintures.c.wetopi.com\/?page_id=4066"},"modified":"2024-04-19T06:28:27","modified_gmt":"2024-04-19T05:28:27","slug":"aviso-legal","status":"publish","type":"page","link":"https:\/\/ollerpintures.com\/es\/aviso-legal\/","title":{"rendered":"Aviso legal"},"content":{"rendered":"\n<p><strong>CONDICIONES GENERALES DE USO<\/strong><\/p>\n\n\n\n<p>Oller Comercial de Pintures del Vall\u00e8s, S.L. le informa de que el acceso y uso de esta p\u00e1gina web y todos los subdominios y directorios incluidos bajo la misma (en adelante el website), as\u00ed como los servicios o contenidos que a trav\u00e9s de \u00e9l se puedan obtener, est\u00e1n sujetos a los t\u00e9rminos que se detallan en este aviso legal, sin perjuicio de que el acceso a alguno de dichos servicios o contenidos pueda precisar de la aceptaci\u00f3n de unas Condiciones Generales, o particulares, adicionales.<\/p>\n\n\n\n<p>Oller Comercial de Pintures del Vall\u00e8s, S.L. se reserva el derecho a realizar cambios en el website sin previo aviso, con el objeto de actualizar, corregir, modificar, a\u00f1adir o eliminar los contenidos del website o de su dise\u00f1o. Los contenidos y servicios del website se actualizan peri\u00f3dicamente, por lo que sugerimos que compruebe siempre la vigencia y exactitud de la informaci\u00f3n, servicios y contenidos recogidos en el website, as\u00ed como la revisi\u00f3n del presente aviso legal.<\/p>\n\n\n\n<p>El c\u00f3digo fuente, los dise\u00f1os gr\u00e1ficos, las im\u00e1genes, las fotograf\u00edas, los sonidos, las animaciones, el software, los textos, los nombres de dominio, los signos distintivos, as\u00ed como la informaci\u00f3n y los contenidos recogidos a lo largo de todo el website pertenecen a Oller Comercial de Pintures del Vall\u00e8s, S.L. y est\u00e1n protegidos por los correspondientes derechos de propiedad intelectual e industrial.<\/p>\n\n\n\n<p>Su utilizaci\u00f3n, reproducci\u00f3n, distribuci\u00f3n, comunicaci\u00f3n p\u00fablica, transformaci\u00f3n o cualquier otra actividad similar o an\u00e1loga, queda totalmente prohibida salvo que medie expresa autorizaci\u00f3n de Oller Comercial de Pintures del Vall\u00e8s, S.L. El usuario, \u00fanica y exclusivamente, puede utilizar el material que aparezca en el website para su uso personal y privado, quedando prohibido su uso con fines comerciales o cualquier otro uso que no sea personal y privado.<\/p>\n\n\n\n<p>Oller Comercial de Pintures del Vall\u00e8s, S.L. declara su respeto a los derechos de propiedad intelectual e industrial de terceros. Si considera que este website pudiera estar violando sus derechos, rogamos se ponga en contacto con Oller Comercial de Pintures del Vall\u00e8s, S.L. enviando un correo electr\u00f3nico a la direcci\u00f3n info@ollerpintures.com indicando en el asunto del correo \u201cRef. Website\u201d.<\/p>\n\n\n\n<p><strong>INFORMACI\u00d3N GENERAL<\/strong><\/p>\n\n\n\n<p>En cumplimiento de lo previsto en la Ley 34\/2002, de 11 de julio, de Servicios de la Sociedad de la Informaci\u00f3n y de Comercio Electr\u00f3nico se informa al usuario que la p\u00e1gina web corporativa de Oller Comercial de Pintures del Vall\u00e8s, S.L. se encuentra alojada en el dominio www.ollerpintures.com, propiedad de la sociedad Oller Comercial de Pintures del Vall\u00e8s, S.L.<\/p>\n\n\n\n<p>Oller Comercial de Pintures del Vall\u00e8s, S.L. es una Sociedad Limitada cuya sede social se encuentra ubicada en Granollers, Avinguda d\u2019Europa, 19, Granollers (Barcelona), CP: 08401 con CIF: B-60.734.068. Oller Comercial de Pintures del Vall\u00e8s, S.L. es una sociedad inscrita en el registro mercantil de Barcelona TOMO 31048, FOLIO 213, HOJA B-133.544, Inscripci\u00f3n 5\u00aa.<\/p>\n\n\n\n<p>Oller Comercial de Pintures del Vall\u00e8s, S.L. es una empresa dedicada a la comercializaci\u00f3n de pinturas, papel pintado, complementos para la decoraci\u00f3n, protecci\u00f3n y conservaci\u00f3n de superficies. Para establecer una comunicaci\u00f3n directa y efectiva con Oller Comercial de Pintures del Vall\u00e8s, S.L. puede llamar al tel\u00e9fono 93 870 92 11 o escribir a la direcci\u00f3n de correo electr\u00f3nico info@ollerpintures.com indicando en el asunto del correo \u201cRef. Aviso Legal\u201d.<\/p>\n\n\n\n<p><strong>LINKS O ENLACES A OTROS SITIOS WEBS<\/strong><\/p>\n\n\n\n<p>Oller Comercial de Pintures del Vall\u00e8s, S.L. ha incluido en el website enlaces a otras p\u00e1ginas web que considera pueden ser de su inter\u00e9s. El objetivo de dichos enlaces es \u00fanicamente facilitarle la b\u00fasqueda de otros recursos de su inter\u00e9s a trav\u00e9s de Internet. Dichas p\u00e1ginas no pertenecen a Oller Comercial de Pintures del Vall\u00e8s, S.L. y no hace una revisi\u00f3n de sus contenidos, por lo que, Oller Comercial de Pintures del Vall\u00e8s, S.L. no puede hacerse responsable de los contenidos, del funcionamiento de la p\u00e1gina enlazada o de los posibles da\u00f1os que puedan derivarse del acceso o uso de la misma. Oller Comercial de Pintures del Vall\u00e8s, S.L. se muestra plenamente respetuosa con los derechos de propiedad intelectual o industrial que le puedan corresponder, a terceras personas, sobre las p\u00e1ginas web a las que se refieran los links insertados en el website. Por tal motivo, si considera que la inclusi\u00f3n de dichos enlaces en el website pudiera estar violando sus derechos, le rogamos se ponga en contacto con Oller Comercial de Pintures del Vall\u00e8s, S.L. enviando un correo electr\u00f3nico a la direcci\u00f3n info@ollerpintures.com indicando en el asunto del correo \u201cRef. Website\u201d.<\/p>\n\n\n\n<p>Por otro lado, con car\u00e1cter general se autoriza el enlace de p\u00e1ginas web o de direcciones de correo electr\u00f3nico al website, a excepci\u00f3n de aquellos supuestos en los que expresamente Oller Comercial de Pintures del Vall\u00e8s, S.L. manifieste lo contrario. Adicionalmente, y en todo caso para entender aplicable dicha autorizaci\u00f3n general, dichos enlaces deber\u00e1n respetar, necesariamente, la siguiente condici\u00f3n: el establecimiento del enlace no supondr\u00e1, por s\u00ed mismo, ning\u00fan tipo de acuerdo, contrato, patrocinio ni recomendaci\u00f3n por parte de Oller Comercial de Pintures del Vall\u00e8s, S.L. de la p\u00e1gina que realiza el enlace.<\/p>\n\n\n\n<p>No obstante lo anterior, en cualquier momento Oller Comercial de Pintures del Vall\u00e8s, S.L. podr\u00e1 retirar la autorizaci\u00f3n mencionada en el p\u00e1rrafo anterior, sin necesidad de alegar causa alguna. En tal caso, la p\u00e1gina que haya realizado el enlace deber\u00e1 proceder a su inmediata supresi\u00f3n, tan pronto como reciba la notificaci\u00f3n de la revocaci\u00f3n de la autorizaci\u00f3n por parte de Oller Comercial de Pintures del Vall\u00e8s, S.L.<\/p>\n\n\n\n<p><strong>COOKIES<\/strong><\/p>\n\n\n\n<p>Para ver la <strong><a href=\"https:\/\/ollerpintures.com\/politica-de-cookies\" target=\"_blank\" rel=\"noreferrer noopener\">pol\u00edtica de cookies<\/a><\/strong> del website, le emplazamos a que se dirija a la secci\u00f3n concreta del website donde le informamos de forma m\u00e1s particular sobre las cookies utilizadas, su finalidad, y c\u00f3mo puede bloquearlas.<\/p>\n\n\n\n<p><strong>PROTECCI\u00d3N DE DATOS<\/strong><\/p>\n\n\n\n<p>Para consultar el detalle sobre la identidad del responsable del tratamiento, los tratamientos de datos personales que efectuamos, las finalidades con las que se efect\u00faan los tratamientos, los per\u00edodos de retenci\u00f3n y sobre el ejercicio de sus derechos, le emplazamos a que se dirija a la secci\u00f3n concreta del website donde se describe la<strong><a href=\"https:\/\/ollerpintures.com\/politica-de-privacidad\/\" target=\"_blank\" rel=\"noreferrer noopener\"> pol\u00edtica de privacidad<\/a><\/strong>.<\/p>\n","protected":false},"excerpt":{"rendered":"<p>CONDICIONES GENERALES DE USO Oller Comercial de Pintures del Vall\u00e8s, S.L. le informa de que el acceso y uso de esta p\u00e1gina web y todos &#8230; <\/p>\n<p class=\"read-more-container\"><a title=\"Aviso legal\" class=\"read-more button\" href=\"https:\/\/ollerpintures.com\/es\/aviso-legal\/#more-4066\" aria-label=\"Leer m\u00e1s sobre Aviso legal\">Leer m\u00e1s<\/a><\/p>\n","protected":false},"author":3,"featured_media":0,"parent":0,"menu_order":0,"comment_status":"closed","ping_status":"open","template":"","meta":{"_acf_changed":false,"footnotes":""},"class_list":{"0":"post-4066","1":"page","2":"type-page","3":"status-publish","5":"no-featured-image-padding"},"acf":[],"yoast_head":"<!-- This site is optimized with the Yoast SEO plugin v27.1.1 - https:\/\/yoast.com\/product\/yoast-seo-wordpress\/ -->\n<title>Aviso legal - Oller Pinturas y revestimientos<\/title>\n<meta name=\"description\" content=\"Oller Pinturas y revestimientos per a professionals, ind\u00fastries, obres p\u00fabliques, bricolatge. Pintures de qualitat professional i molt m\u00e9s!\" \/>\n<meta name=\"robots\" content=\"noindex, nofollow\" \/>\n<meta property=\"og:locale\" content=\"es_ES\" \/>\n<meta property=\"og:type\" content=\"article\" \/>\n<meta property=\"og:title\" content=\"Aviso legal - Oller Pinturas y revestimientos\" \/>\n<meta property=\"og:description\" content=\"Oller Pinturas y revestimientos per a professionals, ind\u00fastries, obres p\u00fabliques, bricolatge. Pintures de qualitat professional i molt m\u00e9s!\" \/>\n<meta property=\"og:url\" content=\"https:\/\/ollerpintures.com\/es\/aviso-legal\/\" \/>\n<meta property=\"og:site_name\" content=\"Oller Pinturas y revestimientos\" \/>\n<meta property=\"article:publisher\" content=\"https:\/\/www.facebook.com\/people\/Oller-Pintures\/100063652056709\/\" \/>\n<meta property=\"article:modified_time\" content=\"2024-04-19T05:28:27+00:00\" \/>\n<meta property=\"og:image\" content=\"https:\/\/ollerpintures.com\/wp-content\/uploads\/2022\/05\/pinturas-venta-pinturas-distribuidores-mayorista-oller-pintures-granollers-tienda.jpg\" \/>\n\t<meta property=\"og:image:width\" content=\"1920\" \/>\n\t<meta property=\"og:image:height\" content=\"866\" \/>\n\t<meta property=\"og:image:type\" content=\"image\/jpeg\" \/>\n<meta name=\"twitter:card\" content=\"summary_large_image\" \/>\n<meta name=\"twitter:label1\" content=\"Tiempo de lectura\" \/>\n\t<meta name=\"twitter:data1\" content=\"6 minutos\" \/>\n<script type=\"application\/ld+json\" class=\"yoast-schema-graph\">{\"@context\":\"https:\/\/schema.org\",\"@graph\":[{\"@type\":\"WebPage\",\"@id\":\"https:\/\/ollerpintures.com\/es\/aviso-legal\/\",\"url\":\"https:\/\/ollerpintures.com\/es\/aviso-legal\/\",\"name\":\"Aviso legal - Oller Pinturas y revestimientos\",\"isPartOf\":{\"@id\":\"https:\/\/ollerpintures.com\/es\/#website\"},\"datePublished\":\"2020-12-03T09:48:26+00:00\",\"dateModified\":\"2024-04-19T05:28:27+00:00\",\"description\":\"Oller Pinturas y revestimientos per a professionals, ind\u00fastries, obres p\u00fabliques, bricolatge. Pintures de qualitat professional i molt m\u00e9s!\",\"breadcrumb\":{\"@id\":\"https:\/\/ollerpintures.com\/es\/aviso-legal\/#breadcrumb\"},\"inLanguage\":\"es\",\"potentialAction\":[{\"@type\":\"ReadAction\",\"target\":[\"https:\/\/ollerpintures.com\/es\/aviso-legal\/\"]}]},{\"@type\":\"BreadcrumbList\",\"@id\":\"https:\/\/ollerpintures.com\/es\/aviso-legal\/#breadcrumb\",\"itemListElement\":[{\"@type\":\"ListItem\",\"position\":1,\"name\":\"Inici\",\"item\":\"https:\/\/ollerpintures.com\/es\/\"},{\"@type\":\"ListItem\",\"position\":2,\"name\":\"Aviso legal\"}]},{\"@type\":\"WebSite\",\"@id\":\"https:\/\/ollerpintures.com\/es\/#website\",\"url\":\"https:\/\/ollerpintures.com\/es\/\",\"name\":\"Oller Pinturas y Revestimientos\",\"description\":\"M\u00e1s de 50 a\u00f1os acompa\u00f1ando a profesionales y particulares con soluciones de pintura duraderas y sostenibles, seis tiendas de proximidad con servicio tintom\u00e9trico propio y un compromiso real con el oficio y las nuevas generaciones.\",\"publisher\":{\"@id\":\"https:\/\/ollerpintures.com\/es\/#organization\"},\"alternateName\":\"Oller Grup\",\"potentialAction\":[{\"@type\":\"SearchAction\",\"target\":{\"@type\":\"EntryPoint\",\"urlTemplate\":\"https:\/\/ollerpintures.com\/es\/?s={search_term_string}\"},\"query-input\":{\"@type\":\"PropertyValueSpecification\",\"valueRequired\":true,\"valueName\":\"search_term_string\"}}],\"inLanguage\":\"es\"},{\"@type\":\"Organization\",\"@id\":\"https:\/\/ollerpintures.com\/es\/#organization\",\"name\":\"Oller Pintures i Revestiments\",\"alternateName\":\"Oller Grup\",\"url\":\"https:\/\/ollerpintures.com\/es\/\",\"logo\":{\"@type\":\"ImageObject\",\"inLanguage\":\"es\",\"@id\":\"https:\/\/ollerpintures.com\/es\/#\/schema\/logo\/image\/\",\"url\":\"https:\/\/ollerpintures.com\/wp-content\/uploads\/2024\/05\/newLogo.png\",\"contentUrl\":\"https:\/\/ollerpintures.com\/wp-content\/uploads\/2024\/05\/newLogo.png\",\"width\":483,\"height\":244,\"caption\":\"Oller Pintures i Revestiments\"},\"image\":{\"@id\":\"https:\/\/ollerpintures.com\/es\/#\/schema\/logo\/image\/\"},\"sameAs\":[\"https:\/\/www.facebook.com\/people\/Oller-Pintures\/100063652056709\/\",\"https:\/\/www.instagram.com\/ollerpintures\/\",\"https:\/\/descriptor.es\/organization\/oller-grup\/\"]}]}<\/script>\n<!-- \/ Yoast SEO plugin. -->","yoast_head_json":{"title":"Aviso legal - Oller Pinturas y revestimientos","description":"Oller Pinturas y revestimientos per a professionals, ind\u00fastries, obres p\u00fabliques, bricolatge. Pintures de qualitat professional i molt m\u00e9s!","robots":{"index":"noindex","follow":"nofollow"},"og_locale":"es_ES","og_type":"article","og_title":"Aviso legal - Oller Pinturas y revestimientos","og_description":"Oller Pinturas y revestimientos per a professionals, ind\u00fastries, obres p\u00fabliques, bricolatge. Pintures de qualitat professional i molt m\u00e9s!","og_url":"https:\/\/ollerpintures.com\/es\/aviso-legal\/","og_site_name":"Oller Pinturas y revestimientos","article_publisher":"https:\/\/www.facebook.com\/people\/Oller-Pintures\/100063652056709\/","article_modified_time":"2024-04-19T05:28:27+00:00","og_image":[{"width":1920,"height":866,"url":"https:\/\/ollerpintures.com\/wp-content\/uploads\/2022\/05\/pinturas-venta-pinturas-distribuidores-mayorista-oller-pintures-granollers-tienda.jpg","type":"image\/jpeg"}],"twitter_card":"summary_large_image","twitter_misc":{"Tiempo de lectura":"6 minutos"},"schema":{"@context":"https:\/\/schema.org","@graph":[{"@type":"WebPage","@id":"https:\/\/ollerpintures.com\/es\/aviso-legal\/","url":"https:\/\/ollerpintures.com\/es\/aviso-legal\/","name":"Aviso legal - Oller Pinturas y revestimientos","isPartOf":{"@id":"https:\/\/ollerpintures.com\/es\/#website"},"datePublished":"2020-12-03T09:48:26+00:00","dateModified":"2024-04-19T05:28:27+00:00","description":"Oller Pinturas y revestimientos per a professionals, ind\u00fastries, obres p\u00fabliques, bricolatge. Pintures de qualitat professional i molt m\u00e9s!","breadcrumb":{"@id":"https:\/\/ollerpintures.com\/es\/aviso-legal\/#breadcrumb"},"inLanguage":"es","potentialAction":[{"@type":"ReadAction","target":["https:\/\/ollerpintures.com\/es\/aviso-legal\/"]}]},{"@type":"BreadcrumbList","@id":"https:\/\/ollerpintures.com\/es\/aviso-legal\/#breadcrumb","itemListElement":[{"@type":"ListItem","position":1,"name":"Inici","item":"https:\/\/ollerpintures.com\/es\/"},{"@type":"ListItem","position":2,"name":"Aviso legal"}]},{"@type":"WebSite","@id":"https:\/\/ollerpintures.com\/es\/#website","url":"https:\/\/ollerpintures.com\/es\/","name":"Oller Pinturas y Revestimientos","description":"M\u00e1s de 50 a\u00f1os acompa\u00f1ando a profesionales y particulares con soluciones de pintura duraderas y sostenibles, seis tiendas de proximidad con servicio tintom\u00e9trico propio y un compromiso real con el oficio y las nuevas generaciones.","publisher":{"@id":"https:\/\/ollerpintures.com\/es\/#organization"},"alternateName":"Oller Grup","potentialAction":[{"@type":"SearchAction","target":{"@type":"EntryPoint","urlTemplate":"https:\/\/ollerpintures.com\/es\/?s={search_term_string}"},"query-input":{"@type":"PropertyValueSpecification","valueRequired":true,"valueName":"search_term_string"}}],"inLanguage":"es"},{"@type":"Organization","@id":"https:\/\/ollerpintures.com\/es\/#organization","name":"Oller Pintures i Revestiments","alternateName":"Oller Grup","url":"https:\/\/ollerpintures.com\/es\/","logo":{"@type":"ImageObject","inLanguage":"es","@id":"https:\/\/ollerpintures.com\/es\/#\/schema\/logo\/image\/","url":"https:\/\/ollerpintures.com\/wp-content\/uploads\/2024\/05\/newLogo.png","contentUrl":"https:\/\/ollerpintures.com\/wp-content\/uploads\/2024\/05\/newLogo.png","width":483,"height":244,"caption":"Oller Pintures i Revestiments"},"image":{"@id":"https:\/\/ollerpintures.com\/es\/#\/schema\/logo\/image\/"},"sameAs":["https:\/\/www.facebook.com\/people\/Oller-Pintures\/100063652056709\/","https:\/\/www.instagram.com\/ollerpintures\/","https:\/\/descriptor.es\/organization\/oller-grup\/"]}]}},"_links":{"self":[{"href":"https:\/\/ollerpintures.com\/es\/wp-json\/wp\/v2\/pages\/4066","targetHints":{"allow":["GET"]}}],"collection":[{"href":"https:\/\/ollerpintures.com\/es\/wp-json\/wp\/v2\/pages"}],"about":[{"href":"https:\/\/ollerpintures.com\/es\/wp-json\/wp\/v2\/types\/page"}],"author":[{"embeddable":true,"href":"https:\/\/ollerpintures.com\/es\/wp-json\/wp\/v2\/users\/3"}],"replies":[{"embeddable":true,"href":"https:\/\/ollerpintures.com\/es\/wp-json\/wp\/v2\/comments?post=4066"}],"version-history":[{"count":1,"href":"https:\/\/ollerpintures.com\/es\/wp-json\/wp\/v2\/pages\/4066\/revisions"}],"predecessor-version":[{"id":26819,"href":"https:\/\/ollerpintures.com\/es\/wp-json\/wp\/v2\/pages\/4066\/revisions\/26819"}],"wp:attachment":[{"href":"https:\/\/ollerpintures.com\/es\/wp-json\/wp\/v2\/media?parent=4066"}],"curies":[{"name":"wp","href":"https:\/\/api.w.org\/{rel}","templated":true}]}}