{"id":4058,"date":"2020-10-26T17:11:22","date_gmt":"2020-10-26T16:11:22","guid":{"rendered":"https:\/\/novaweb.oller-pintures.c.wetopi.com\/?page_id=4058"},"modified":"2024-04-19T06:28:31","modified_gmt":"2024-04-19T05:28:31","slug":"politica-de-privacidad","status":"publish","type":"page","link":"https:\/\/ollerpintures.com\/es\/politica-de-privacidad\/","title":{"rendered":"Pol\u00edtica de privacidad"},"content":{"rendered":"\n<p>Oller Comercial de Pintures del Vall\u00e8s, S.L., como Responsable del Tratamiento, con CIF: B-60.734.068, le informa en virtud de la legislaci\u00f3n vigente en materia de Protecci\u00f3n de Datos de Car\u00e1cter Personal, que los datos personales recogidos mediante los diferentes formularios del website, y los que haga llegar a las direcciones de correo electr\u00f3nico de contacto ser\u00e1n tratados con las siguientes finalidades:<\/p>\n\n\n\n<ul class=\"wp-block-list\">\n<li>Atender los comentarios o consultas que haga llegar a nuestra organizaci\u00f3n.<\/li>\n\n\n\n<li>Gestionar sus pedidos.<\/li>\n\n\n\n<li>Recibir comunicaciones de novedades e informaci\u00f3n comercial de productos y servicios ofertados por Oller Comercial de Pintures del Vall\u00e8s, S.L., si usted lo ha autorizado expresamente.<\/li>\n<\/ul>\n\n\n\n<p>Los datos que nos facilite se conservar\u00e1n durante el tiempo estrictamente necesario para atender su solicitud (inferior a seis meses, salvo que de su solicitud se derive una actuaci\u00f3n que requiera por motivos legales conservarla durante un per\u00edodo m\u00e1s largo de tiempo) o durante los a\u00f1os necesarios para cumplir con las obligaciones legales, como la legislaci\u00f3n laboral y tributaria.<\/p>\n\n\n\n<p>Le informamos que usted puede ejercer los derechos de acceso, rectificaci\u00f3n, supresi\u00f3n, oposici\u00f3n, limitaci\u00f3n del tratamiento y portabilidad sobre los datos personales que nos ha facilitado. Para ello, puede hacer llegar su solicitud a nuestra organizaci\u00f3n, haci\u00e9ndonos llegar su solicitud por correo postal a Oller Comercial de Pintures del Vall\u00e8s, S.L., Ref. Protecci\u00f3n de Datos, Avinguda d\u2019Europa, 19, Granollers (Barcelona), o bien enviar su solicitud por correo electr\u00f3nico a la direcci\u00f3n info@ollerpintures.com.<\/p>\n\n\n\n<p>El usuario garantiza la autenticidad de todos aquellos datos que comunique a trav\u00e9s de www.ollerpintures.com y mantendr\u00e1 actualizada la informaci\u00f3n que facilite a Oller Comercial de Pintures del Vall\u00e8s, S.L., de forma que responda en todo momento a su situaci\u00f3n real, siendo el \u00fanico responsable de las manifestaciones falsas o inexactas que realice, as\u00ed como de los perjuicios que cause por ello a Oller Comercial de Pintures del Vall\u00e8s, S.L. o a terceros.<\/p>\n\n\n\n<p>A continuaci\u00f3n, se ampl\u00eda la informaci\u00f3n sobre los tratamientos de datos personales efectuados por parte de nuestra organizaci\u00f3n.<\/p>\n\n\n\n<ol class=\"wp-block-list\" type=\"1\">\n<li><strong>Responsable del Tratamiento<\/strong><\/li>\n<\/ol>\n\n\n\n<p>Oller Comercial de Pintures del Vall\u00e8s, S.L., con CIF: B-60.734.068, sociedad inscrita en el Registro Mercantil de Barcelona, Tomo 31048, Folio 213, Hoja B-133.544, inscripci\u00f3n 5\u00aa. Usted puede ponerse en contacto con nuestra organizaci\u00f3n, de forma efectiva, por correo postal en nuestra sede social: Avinguda d\u2019Europa, 19, Granollers (Barcelona). Asimismo, usted puede obtener informaci\u00f3n adicional sobre los tratamientos efectuados, enviando un correo electr\u00f3nico a la direcci\u00f3n info@ollerpintures.com.<\/p>\n\n\n\n<ol class=\"wp-block-list\" type=\"1\" start=\"2\">\n<li><strong>Relaci\u00f3n de actividades de tratamiento de datos personales llevadas a cabo por nuestra organizaci\u00f3n<\/strong><\/li>\n<\/ol>\n\n\n\n<p>Nuestra organizaci\u00f3n trata diferentes datos personales de los interesados, con diferentes finalidades. A continuaci\u00f3n se describen los diferentes tratamientos efectuados, su finalidad, la base que legitima cada tratamiento, las cesiones previstas a terceros, y los per\u00edodos de conservaci\u00f3n de la informaci\u00f3n:<\/p>\n\n\n\n<ol class=\"wp-block-list\" type=\"1\">\n<li><strong>Atenci\u00f3n de comentarios y consultas que haga llegar a nuestra organizaci\u00f3n.<\/strong>\n<ul class=\"wp-block-list\">\n<li>Origen de los datos: facilitados por el propio interesado, mediante formularios habilitados a tal efecto en el website, o informaci\u00f3n transmitida a la organizaci\u00f3n por correo electr\u00f3nico o por tel\u00e9fono.<\/li>\n\n\n\n<li>Finalidad del tratamiento: gestionar los comentarios y consultas que el interesado hace llegar a nuestra organizaci\u00f3n.<\/li>\n\n\n\n<li>Base que legitima el tratamiento: inter\u00e9s leg\u00edtimo de nuestra organizaci\u00f3n (el tratamiento es necesario para la ejecuci\u00f3n de un contrato en el que el&nbsp; interesado&nbsp; es&nbsp; parte&nbsp; o&nbsp; para&nbsp; la aplicaci\u00f3n&nbsp; a&nbsp; petici\u00f3n&nbsp; de&nbsp; este&nbsp; de medidas precontractuales), y consentimiento expreso del interesado para aquellos casos en los que as\u00ed se le solicite.<\/li>\n\n\n\n<li>Cesiones de datos a terceros: no se contemplan cesiones de la informaci\u00f3n facilitada a terceros que sean ajenos a nuestra organizaci\u00f3n.<\/li>\n\n\n\n<li>Per\u00edodo de conservaci\u00f3n de los datos: inferior a seis meses, salvo que de su solicitud se derive una actuaci\u00f3n que requiera por motivos legales conservarla durante un per\u00edodo m\u00e1s largo de tiempo.<\/li>\n<\/ul>\n<\/li>\n\n\n\n<li><strong>Gestionar sus pedidos.<\/strong>\n<ul class=\"wp-block-list\">\n<li>Origen de los datos: facilitados por el propio interesado, mediante formularios habilitados a tal efecto en el website, o informaci\u00f3n transmitida a la organizaci\u00f3n por correo electr\u00f3nico o por tel\u00e9fono.<\/li>\n\n\n\n<li>Finalidad del tratamiento: gestionar los pedidos de productos y servicios efectuados por el interesado.<\/li>\n\n\n\n<li>Base que legitima el tratamiento: inter\u00e9s leg\u00edtimo de nuestra organizaci\u00f3n (el tratamiento es necesario para la ejecuci\u00f3n de un contrato en el que el interesado es parte o para la aplicaci\u00f3n a petici\u00f3n de \u00e9ste de medidas precontractuales, y el tratamiento es necesario para el cumplimiento de una obligaci\u00f3n legal aplicable al responsable del tratamiento).<\/li>\n\n\n\n<li>Cesiones de datos a terceros: en caso de que sea necesario, a la administraci\u00f3n p\u00fablica con competencia en la materia, como puede ser la Agencia Tributaria o Seguridad Social.<\/li>\n\n\n\n<li>Per\u00edodo de conservaci\u00f3n de los datos: el requerido por la administraci\u00f3n p\u00fablica hasta la extinci\u00f3n de las responsabilidades.<\/li>\n<\/ul>\n<\/li>\n\n\n\n<li><strong>Recibir comunicaciones de novedades e informaci\u00f3n comercial de productos y servicios ofertados por Oller Comercial de Pintures del Vall\u00e8s, S.L., si usted lo ha autorizado expresamente.<\/strong>\n<ul class=\"wp-block-list\">\n<li>Origen de los datos: facilitados por el propio interesado, mediante formularios habilitados a tal efecto en el website.<\/li>\n\n\n\n<li>Finalidad del tratamiento: env\u00edo de novedades e informaci\u00f3n comercial de productos y servicios ofrecidos, en el caso de que el interesado lo haya autorizado expresamente.<\/li>\n\n\n\n<li>Base que legitima el tratamiento: consentimiento expreso del interesado para aquellos casos en los que as\u00ed se le solicite.<\/li>\n\n\n\n<li>Cesiones de datos a terceros: no se contemplan cesiones de la informaci\u00f3n facilitada a terceros que sean ajenos a nuestra organizaci\u00f3n.<\/li>\n\n\n\n<li>Per\u00edodo de conservaci\u00f3n de los datos: inferior a seis meses, salvo que de su solicitud se derive una actuaci\u00f3n que requiera por motivos legales conservarla durante un per\u00edodo m\u00e1s largo de tiempo.<\/li>\n<\/ul>\n<\/li>\n<\/ol>\n\n\n\n<h2 class=\"wp-block-heading\">Derechos de Protecci\u00f3n de datos:<\/h2>\n\n\n\n<h4 class=\"wp-block-heading\">El interesado, en relaci\u00f3n a los datos que son tratados por Oller Comercial de Pintures del Vall\u00e8s, S.L., tiene la posibilidad de ejercitar de forma libre y gratuita los siguientes derechos:<\/h4>\n\n\n\n<ul class=\"wp-block-list\">\n<li>Acceder a sus datos personales.<\/li>\n\n\n\n<li>Rectificar sus datos personales cuando resulten inexactos o incompletos.<\/li>\n\n\n\n<li>Suprimir sus datos personales cuando no sean necesarios para los fines para los que fueron recabados, entre otros motivos.<\/li>\n\n\n\n<li>Limitar el tratamiento por parte de Oller Comercial de Pintures del Vall\u00e8s, S.L. de todos o parte de sus datos personales en las circunstancias que determina la ley.<\/li>\n\n\n\n<li>Oponerse a determinados tratamientos en las circunstancias y por motivos relacionados con su situaci\u00f3n particular.<\/li>\n\n\n\n<li>Solicitar la portabilidad de sus datos personales en un formato interoperable y autosuficiente.<\/li>\n\n\n\n<li>Retirar, en cualquier momento, los consentimientos otorgados previamente.<\/li>\n<\/ul>\n\n\n\n<p>Para el ejercicio de estos derechos puede dirigirse por escrito a Oller Comercial de Pintures del Vall\u00e8s, S.L., acreditando debidamente su identidad, a trav\u00e9s de:<\/p>\n\n\n\n<ul class=\"wp-block-list\">\n<li>Correo electr\u00f3nico: <a href=\"mailto:info@ollerpintures.com\" target=\"_blank\" rel=\"noreferrer noopener\">info@ollerpintures.com<\/a><\/li>\n\n\n\n<li>Correo postal: Avinguda d\u2019Europa, 19, 08401 &#8211; Granollers (Barcelona), con la referencia \u201cProtecci\u00f3n de Datos Oller Pintures\u201d.<\/li>\n<\/ul>\n\n\n\n<p>En caso de disconformidad con la respuesta obtenida, podr\u00e1 dirigirse a la Agencia Espa\u00f1ola de Protecci\u00f3n de Datos a trav\u00e9s de la web <a href=\"http:\/\/www.aepd.es\/\" target=\"_blank\" rel=\"noreferrer noopener\">www.aepd.es.<\/a><\/p>\n","protected":false},"excerpt":{"rendered":"<p>Oller Comercial de Pintures del Vall\u00e8s, S.L., como Responsable del Tratamiento, con CIF: B-60.734.068, le informa en virtud de la legislaci\u00f3n vigente en materia de &#8230; <\/p>\n<p class=\"read-more-container\"><a title=\"Pol\u00edtica de privacidad\" class=\"read-more button\" href=\"https:\/\/ollerpintures.com\/es\/politica-de-privacidad\/#more-4058\" aria-label=\"Leer m\u00e1s sobre Pol\u00edtica de privacidad\">Leer m\u00e1s<\/a><\/p>\n","protected":false},"author":3,"featured_media":0,"parent":0,"menu_order":0,"comment_status":"closed","ping_status":"open","template":"","meta":{"_acf_changed":false,"footnotes":""},"class_list":{"0":"post-4058","1":"page","2":"type-page","3":"status-publish","5":"no-featured-image-padding"},"acf":[],"yoast_head":"<!-- This site is optimized with the Yoast SEO plugin v27.1.1 - https:\/\/yoast.com\/product\/yoast-seo-wordpress\/ -->\n<title>Pol\u00edtica de privacidad - Oller Pinturas y revestimientos<\/title>\n<meta name=\"description\" content=\"Oller Pinturas y revestimientos per a professionals, ind\u00fastries, obres p\u00fabliques, bricolatge. Pintures de qualitat professional i molt m\u00e9s!\" \/>\n<meta name=\"robots\" content=\"noindex, follow\" \/>\n<meta property=\"og:locale\" content=\"es_ES\" \/>\n<meta property=\"og:type\" content=\"article\" \/>\n<meta property=\"og:title\" content=\"Pol\u00edtica de privacidad - Oller Pinturas y revestimientos\" \/>\n<meta property=\"og:description\" content=\"Oller Pinturas y revestimientos per a professionals, ind\u00fastries, obres p\u00fabliques, bricolatge. Pintures de qualitat professional i molt m\u00e9s!\" \/>\n<meta property=\"og:url\" content=\"https:\/\/ollerpintures.com\/es\/politica-de-privacidad\/\" \/>\n<meta property=\"og:site_name\" content=\"Oller Pinturas y revestimientos\" \/>\n<meta property=\"article:publisher\" content=\"https:\/\/www.facebook.com\/people\/Oller-Pintures\/100063652056709\/\" \/>\n<meta property=\"article:modified_time\" content=\"2024-04-19T05:28:31+00:00\" \/>\n<meta property=\"og:image\" content=\"https:\/\/ollerpintures.com\/wp-content\/uploads\/2022\/05\/pinturas-venta-pinturas-distribuidores-mayorista-oller-pintures-granollers-tienda.jpg\" \/>\n\t<meta property=\"og:image:width\" content=\"1920\" \/>\n\t<meta property=\"og:image:height\" content=\"866\" \/>\n\t<meta property=\"og:image:type\" content=\"image\/jpeg\" \/>\n<meta name=\"twitter:card\" content=\"summary_large_image\" \/>\n<meta name=\"twitter:label1\" content=\"Tiempo de lectura\" \/>\n\t<meta name=\"twitter:data1\" content=\"6 minutos\" \/>\n<script type=\"application\/ld+json\" class=\"yoast-schema-graph\">{\"@context\":\"https:\/\/schema.org\",\"@graph\":[{\"@type\":\"WebPage\",\"@id\":\"https:\/\/ollerpintures.com\/es\/politica-de-privacidad\/\",\"url\":\"https:\/\/ollerpintures.com\/es\/politica-de-privacidad\/\",\"name\":\"Pol\u00edtica de privacidad - Oller Pinturas y revestimientos\",\"isPartOf\":{\"@id\":\"https:\/\/ollerpintures.com\/es\/#website\"},\"datePublished\":\"2020-10-26T16:11:22+00:00\",\"dateModified\":\"2024-04-19T05:28:31+00:00\",\"description\":\"Oller Pinturas y revestimientos per a professionals, ind\u00fastries, obres p\u00fabliques, bricolatge. Pintures de qualitat professional i molt m\u00e9s!\",\"breadcrumb\":{\"@id\":\"https:\/\/ollerpintures.com\/es\/politica-de-privacidad\/#breadcrumb\"},\"inLanguage\":\"es\",\"potentialAction\":[{\"@type\":\"ReadAction\",\"target\":[\"https:\/\/ollerpintures.com\/es\/politica-de-privacidad\/\"]}]},{\"@type\":\"BreadcrumbList\",\"@id\":\"https:\/\/ollerpintures.com\/es\/politica-de-privacidad\/#breadcrumb\",\"itemListElement\":[{\"@type\":\"ListItem\",\"position\":1,\"name\":\"Inici\",\"item\":\"https:\/\/ollerpintures.com\/es\/\"},{\"@type\":\"ListItem\",\"position\":2,\"name\":\"Pol\u00edtica de privacidad\"}]},{\"@type\":\"WebSite\",\"@id\":\"https:\/\/ollerpintures.com\/es\/#website\",\"url\":\"https:\/\/ollerpintures.com\/es\/\",\"name\":\"Oller Pinturas y Revestimientos\",\"description\":\"M\u00e1s de 50 a\u00f1os acompa\u00f1ando a profesionales y particulares con soluciones de pintura duraderas y sostenibles, seis tiendas de proximidad con servicio tintom\u00e9trico propio y un compromiso real con el oficio y las nuevas generaciones.\",\"publisher\":{\"@id\":\"https:\/\/ollerpintures.com\/es\/#organization\"},\"alternateName\":\"Oller Grup\",\"potentialAction\":[{\"@type\":\"SearchAction\",\"target\":{\"@type\":\"EntryPoint\",\"urlTemplate\":\"https:\/\/ollerpintures.com\/es\/?s={search_term_string}\"},\"query-input\":{\"@type\":\"PropertyValueSpecification\",\"valueRequired\":true,\"valueName\":\"search_term_string\"}}],\"inLanguage\":\"es\"},{\"@type\":\"Organization\",\"@id\":\"https:\/\/ollerpintures.com\/es\/#organization\",\"name\":\"Oller Pintures i Revestiments\",\"alternateName\":\"Oller Grup\",\"url\":\"https:\/\/ollerpintures.com\/es\/\",\"logo\":{\"@type\":\"ImageObject\",\"inLanguage\":\"es\",\"@id\":\"https:\/\/ollerpintures.com\/es\/#\/schema\/logo\/image\/\",\"url\":\"https:\/\/ollerpintures.com\/wp-content\/uploads\/2024\/05\/newLogo.png\",\"contentUrl\":\"https:\/\/ollerpintures.com\/wp-content\/uploads\/2024\/05\/newLogo.png\",\"width\":483,\"height\":244,\"caption\":\"Oller Pintures i Revestiments\"},\"image\":{\"@id\":\"https:\/\/ollerpintures.com\/es\/#\/schema\/logo\/image\/\"},\"sameAs\":[\"https:\/\/www.facebook.com\/people\/Oller-Pintures\/100063652056709\/\",\"https:\/\/www.instagram.com\/ollerpintures\/\",\"https:\/\/descriptor.es\/organization\/oller-grup\/\"]}]}<\/script>\n<!-- \/ Yoast SEO plugin. -->","yoast_head_json":{"title":"Pol\u00edtica de privacidad - Oller Pinturas y revestimientos","description":"Oller Pinturas y revestimientos per a professionals, ind\u00fastries, obres p\u00fabliques, bricolatge. Pintures de qualitat professional i molt m\u00e9s!","robots":{"index":"noindex","follow":"follow"},"og_locale":"es_ES","og_type":"article","og_title":"Pol\u00edtica de privacidad - Oller Pinturas y revestimientos","og_description":"Oller Pinturas y revestimientos per a professionals, ind\u00fastries, obres p\u00fabliques, bricolatge. Pintures de qualitat professional i molt m\u00e9s!","og_url":"https:\/\/ollerpintures.com\/es\/politica-de-privacidad\/","og_site_name":"Oller Pinturas y revestimientos","article_publisher":"https:\/\/www.facebook.com\/people\/Oller-Pintures\/100063652056709\/","article_modified_time":"2024-04-19T05:28:31+00:00","og_image":[{"width":1920,"height":866,"url":"https:\/\/ollerpintures.com\/wp-content\/uploads\/2022\/05\/pinturas-venta-pinturas-distribuidores-mayorista-oller-pintures-granollers-tienda.jpg","type":"image\/jpeg"}],"twitter_card":"summary_large_image","twitter_misc":{"Tiempo de lectura":"6 minutos"},"schema":{"@context":"https:\/\/schema.org","@graph":[{"@type":"WebPage","@id":"https:\/\/ollerpintures.com\/es\/politica-de-privacidad\/","url":"https:\/\/ollerpintures.com\/es\/politica-de-privacidad\/","name":"Pol\u00edtica de privacidad - Oller Pinturas y revestimientos","isPartOf":{"@id":"https:\/\/ollerpintures.com\/es\/#website"},"datePublished":"2020-10-26T16:11:22+00:00","dateModified":"2024-04-19T05:28:31+00:00","description":"Oller Pinturas y revestimientos per a professionals, ind\u00fastries, obres p\u00fabliques, bricolatge. Pintures de qualitat professional i molt m\u00e9s!","breadcrumb":{"@id":"https:\/\/ollerpintures.com\/es\/politica-de-privacidad\/#breadcrumb"},"inLanguage":"es","potentialAction":[{"@type":"ReadAction","target":["https:\/\/ollerpintures.com\/es\/politica-de-privacidad\/"]}]},{"@type":"BreadcrumbList","@id":"https:\/\/ollerpintures.com\/es\/politica-de-privacidad\/#breadcrumb","itemListElement":[{"@type":"ListItem","position":1,"name":"Inici","item":"https:\/\/ollerpintures.com\/es\/"},{"@type":"ListItem","position":2,"name":"Pol\u00edtica de privacidad"}]},{"@type":"WebSite","@id":"https:\/\/ollerpintures.com\/es\/#website","url":"https:\/\/ollerpintures.com\/es\/","name":"Oller Pinturas y Revestimientos","description":"M\u00e1s de 50 a\u00f1os acompa\u00f1ando a profesionales y particulares con soluciones de pintura duraderas y sostenibles, seis tiendas de proximidad con servicio tintom\u00e9trico propio y un compromiso real con el oficio y las nuevas generaciones.","publisher":{"@id":"https:\/\/ollerpintures.com\/es\/#organization"},"alternateName":"Oller Grup","potentialAction":[{"@type":"SearchAction","target":{"@type":"EntryPoint","urlTemplate":"https:\/\/ollerpintures.com\/es\/?s={search_term_string}"},"query-input":{"@type":"PropertyValueSpecification","valueRequired":true,"valueName":"search_term_string"}}],"inLanguage":"es"},{"@type":"Organization","@id":"https:\/\/ollerpintures.com\/es\/#organization","name":"Oller Pintures i Revestiments","alternateName":"Oller Grup","url":"https:\/\/ollerpintures.com\/es\/","logo":{"@type":"ImageObject","inLanguage":"es","@id":"https:\/\/ollerpintures.com\/es\/#\/schema\/logo\/image\/","url":"https:\/\/ollerpintures.com\/wp-content\/uploads\/2024\/05\/newLogo.png","contentUrl":"https:\/\/ollerpintures.com\/wp-content\/uploads\/2024\/05\/newLogo.png","width":483,"height":244,"caption":"Oller Pintures i Revestiments"},"image":{"@id":"https:\/\/ollerpintures.com\/es\/#\/schema\/logo\/image\/"},"sameAs":["https:\/\/www.facebook.com\/people\/Oller-Pintures\/100063652056709\/","https:\/\/www.instagram.com\/ollerpintures\/","https:\/\/descriptor.es\/organization\/oller-grup\/"]}]}},"_links":{"self":[{"href":"https:\/\/ollerpintures.com\/es\/wp-json\/wp\/v2\/pages\/4058","targetHints":{"allow":["GET"]}}],"collection":[{"href":"https:\/\/ollerpintures.com\/es\/wp-json\/wp\/v2\/pages"}],"about":[{"href":"https:\/\/ollerpintures.com\/es\/wp-json\/wp\/v2\/types\/page"}],"author":[{"embeddable":true,"href":"https:\/\/ollerpintures.com\/es\/wp-json\/wp\/v2\/users\/3"}],"replies":[{"embeddable":true,"href":"https:\/\/ollerpintures.com\/es\/wp-json\/wp\/v2\/comments?post=4058"}],"version-history":[{"count":1,"href":"https:\/\/ollerpintures.com\/es\/wp-json\/wp\/v2\/pages\/4058\/revisions"}],"predecessor-version":[{"id":25829,"href":"https:\/\/ollerpintures.com\/es\/wp-json\/wp\/v2\/pages\/4058\/revisions\/25829"}],"wp:attachment":[{"href":"https:\/\/ollerpintures.com\/es\/wp-json\/wp\/v2\/media?parent=4058"}],"curies":[{"name":"wp","href":"https:\/\/api.w.org\/{rel}","templated":true}]}}