{"id":3624,"date":"2020-11-20T11:40:23","date_gmt":"2020-11-20T10:40:23","guid":{"rendered":"https:\/\/novaweb.oller-pintures.c.wetopi.com\/?page_id=3624"},"modified":"2025-09-24T08:49:21","modified_gmt":"2025-09-24T07:49:21","slug":"pinturas-profesionales-industria-administracion-publica-bricolaje","status":"publish","type":"page","link":"https:\/\/ollerpintures.com\/es\/pinturas-profesionales-industria-administracion-publica-bricolaje\/","title":{"rendered":"Pinturas para profesionales, industrias, obras p\u00fablicas y bricolaje"},"content":{"rendered":"\n<p>Nuestro origen pintor nos avala. Desde 1966 ponemos a disposici\u00f3n de nuestros clientes un servicio de calidad para satisfacer todo tipo de necesidades en relaci\u00f3n con el mundo de la pintura, tanto a nivel profesional como industrial y administrativo. Adem\u00e1s, la gran variedad de productos que ofrecemos abren un abanico de posibilidades incre\u00edbles para el bricolaje.<\/p>\n\n\n\n<p>El equipo de personal experto, calificado y continuamente en formaci\u00f3n hace que la experiencia con Oller sea \u00fanica: trato pr\u00f3ximo y personalizado, rapidez y prescripci\u00f3n.<\/p>\n\n\n\n<div style=\"height:10px\" aria-hidden=\"true\" class=\"wp-block-spacer\"><\/div>\n\n\n\n<div class=\"wp-block-columns apartats-inici is-layout-flex wp-container-core-columns-is-layout-9d6595d7 wp-block-columns-is-layout-flex\">\n<div class=\"wp-block-column professionals is-layout-flow wp-block-column-is-layout-flow\">\n<figure class=\"wp-block-image size-large\"><img decoding=\"async\" width=\"600\" height=\"429\" src=\"https:\/\/ollerpintures.com\/wp-content\/uploads\/2020\/12\/pintura-pintores-profesionales.jpg\" alt=\"\" class=\"wp-image-3796\" srcset=\"https:\/\/ollerpintures.com\/wp-content\/uploads\/2020\/12\/pintura-pintores-profesionales.jpg 600w, https:\/\/ollerpintures.com\/wp-content\/uploads\/2020\/12\/pintura-pintores-profesionales-400x286.jpg 400w\" sizes=\"(max-width: 600px) 100vw, 600px\" \/><\/figure>\n\n\n\n<div class=\"wp-block-buttons is-layout-flex wp-block-buttons-is-layout-flex\">\n<div class=\"wp-block-button\"><a class=\"wp-block-button__link wp-element-button\" href=\"https:\/\/ollerpintures.com\/es\/pinturas-para-profesionales\/\" style=\"border-radius:0px\" rel=\"#\">PROFESIONALES<\/a><\/div>\n<\/div>\n\n\n\n<h2 class=\"wp-block-heading has-normal-font-size\">Para ti, pintor, tenemos los mejores productos y herramientas, asesoramiento y prescripci\u00f3n que necesitas para llevar a cabo tu actividad de la mejor forma.<\/h2>\n<\/div>\n\n\n\n<div class=\"wp-block-column industria is-layout-flow wp-block-column-is-layout-flow\">\n<figure class=\"wp-block-image size-large\"><img decoding=\"async\" width=\"600\" height=\"429\" src=\"https:\/\/ollerpintures.com\/wp-content\/uploads\/2020\/12\/pintura-industrial.jpg\" alt=\"\" class=\"wp-image-3794\" srcset=\"https:\/\/ollerpintures.com\/wp-content\/uploads\/2020\/12\/pintura-industrial.jpg 600w, https:\/\/ollerpintures.com\/wp-content\/uploads\/2020\/12\/pintura-industrial-400x286.jpg 400w\" sizes=\"(max-width: 600px) 100vw, 600px\" \/><\/figure>\n\n\n\n<div class=\"wp-block-buttons is-layout-flex wp-block-buttons-is-layout-flex\">\n<div class=\"wp-block-button\"><a class=\"wp-block-button__link wp-element-button\" href=\"https:\/\/ollerpintures.com\/es\/pinturas-industriales\/\" style=\"border-radius:0px\" rel=\"#\">industria<\/a><\/div>\n<\/div>\n\n\n\n<h2 class=\"wp-block-heading has-normal-font-size\">Pinturas y revestimientos para el Mantenimiento, Producci\u00f3n o Pavimentos en industrias. Pinturas espec\u00edficas: con certificado alimentario o sanitario, ign\u00edfugas, anticorrosi\u00f3n, etc.<\/h2>\n<\/div>\n\n\n\n<div class=\"wp-block-column administracio is-layout-flow wp-block-column-is-layout-flow\">\n<figure class=\"wp-block-image size-large\"><img decoding=\"async\" width=\"600\" height=\"429\" src=\"https:\/\/ollerpintures.com\/wp-content\/uploads\/2020\/12\/pintura-profesional-administracion-publica.jpg\" alt=\"\" class=\"wp-image-3800\" srcset=\"https:\/\/ollerpintures.com\/wp-content\/uploads\/2020\/12\/pintura-profesional-administracion-publica.jpg 600w, https:\/\/ollerpintures.com\/wp-content\/uploads\/2020\/12\/pintura-profesional-administracion-publica-400x286.jpg 400w\" sizes=\"(max-width: 600px) 100vw, 600px\" \/><\/figure>\n\n\n\n<div class=\"wp-block-buttons is-layout-flex wp-block-buttons-is-layout-flex\">\n<div class=\"wp-block-button\"><a class=\"wp-block-button__link wp-element-button\" href=\"https:\/\/ollerpintures.com\/es\/pinturas-para-obras-publicas\/\" style=\"border-radius:0px\" rel=\"#\">administraci\u00f3n p\u00fablica<\/a><\/div>\n<\/div>\n\n\n\n<h2 class=\"wp-block-heading has-normal-font-size\">Todas las posibilidades para el mantenimiento y decoraci\u00f3n de pueblos y ciudades: licitaciones, colores seg\u00fan muestra, pinturas viales y mucho m\u00e1s.<\/h2>\n<\/div>\n\n\n\n<div class=\"wp-block-column brico is-layout-flow wp-block-column-is-layout-flow\">\n<figure class=\"wp-block-image size-large\"><img decoding=\"async\" width=\"600\" height=\"429\" src=\"https:\/\/ollerpintures.com\/wp-content\/uploads\/2020\/12\/pintura-bricolaje-oller-pinturas.jpg\" alt=\"\" class=\"wp-image-3786\" srcset=\"https:\/\/ollerpintures.com\/wp-content\/uploads\/2020\/12\/pintura-bricolaje-oller-pinturas.jpg 600w, https:\/\/ollerpintures.com\/wp-content\/uploads\/2020\/12\/pintura-bricolaje-oller-pinturas-400x286.jpg 400w\" sizes=\"(max-width: 600px) 100vw, 600px\" \/><\/figure>\n\n\n\n<div class=\"wp-block-buttons is-layout-flex wp-block-buttons-is-layout-flex\">\n<div class=\"wp-block-button\"><a class=\"wp-block-button__link wp-element-button\" href=\"https:\/\/ollerpintures.com\/es\/pinturas-y-materiales-para-bricolaje\/\" style=\"border-radius:0px\" rel=\"#\">bricolaje<\/a><\/div>\n<\/div>\n\n\n\n<h2 class=\"wp-block-heading has-normal-font-size\">Te ofrecemos todo tipo de pinturas y complementos para que disfrutes decorando a tu gusto, de forma f\u00e1cil, ecol\u00f3gica e innovadora.<\/h2>\n<\/div>\n<\/div>\n\n\n\n<div class=\"wp-block-columns is-layout-flex wp-container-core-columns-is-layout-9d6595d7 wp-block-columns-is-layout-flex\">\n<div class=\"wp-block-column is-layout-flow wp-block-column-is-layout-flow\">\n<hr class=\"wp-block-separator has-alpha-channel-opacity is-style-default\"\/>\n<\/div>\n\n\n\n<div class=\"wp-block-column is-layout-flow wp-block-column-is-layout-flow\">\n<h2 class=\"wp-block-heading has-text-align-center has-text-color\" style=\"color:#ff6200\">OLLER GRUP<\/h2>\n<\/div>\n\n\n\n<div class=\"wp-block-column is-layout-flow wp-block-column-is-layout-flow\">\n<hr class=\"wp-block-separator has-alpha-channel-opacity is-style-default\"\/>\n<\/div>\n<\/div>\n\n\n\n<div class=\"wp-block-columns is-layout-flex wp-container-core-columns-is-layout-9d6595d7 wp-block-columns-is-layout-flex\">\n<div class=\"wp-block-column is-layout-flow wp-block-column-is-layout-flow\">\n<h4 class=\"wp-block-heading has-text-align-center has-large-font-size\">50 a\u00f1os de experiencia en el sector<\/h4>\n\n\n\n<figure class=\"wp-block-image size-large\"><img decoding=\"async\" width=\"1024\" height=\"617\" src=\"https:\/\/ollerpintures.com\/wp-content\/uploads\/2023\/05\/oller-pintures-inicis-1024x617.jpg\" alt=\"oller pintures\" class=\"wp-image-24969\" srcset=\"https:\/\/ollerpintures.com\/wp-content\/uploads\/2023\/05\/oller-pintures-inicis-1024x617.jpg 1024w, https:\/\/ollerpintures.com\/wp-content\/uploads\/2023\/05\/oller-pintures-inicis-400x241.jpg 400w, https:\/\/ollerpintures.com\/wp-content\/uploads\/2023\/05\/oller-pintures-inicis-768x463.jpg 768w, https:\/\/ollerpintures.com\/wp-content\/uploads\/2023\/05\/oller-pintures-inicis-800x482.jpg 800w, https:\/\/ollerpintures.com\/wp-content\/uploads\/2023\/05\/oller-pintures-inicis.jpg 1359w\" sizes=\"(max-width: 1024px) 100vw, 1024px\" \/><\/figure>\n\n\n\n<div class=\"wp-block-buttons is-layout-flex wp-block-buttons-is-layout-flex\">\n<div class=\"wp-block-button has-custom-width wp-block-button__width-100\"><a class=\"wp-block-button__link has-text-align-center no-border-radius wp-element-button\" href=\"https:\/\/ollerpintures.com\/es\/oller-pinturas-revestimientos\/\" rel=\"\">VER M\u00c1S<\/a><\/div>\n<\/div>\n<\/div>\n\n\n\n<div class=\"wp-block-column is-layout-flow wp-block-column-is-layout-flow\">\n<h4 class=\"wp-block-heading has-text-align-center has-large-font-size\">6 tiendas especializadas<\/h4>\n\n\n\n<figure class=\"wp-block-image size-large\"><img decoding=\"async\" width=\"1024\" height=\"615\" src=\"https:\/\/ollerpintures.com\/wp-content\/uploads\/2023\/01\/venta-pinturas-distribuidores-mayorista-oller-pintures-1024x615.jpg\" alt=\"\" class=\"wp-image-23964\" srcset=\"https:\/\/ollerpintures.com\/wp-content\/uploads\/2023\/01\/venta-pinturas-distribuidores-mayorista-oller-pintures-1024x615.jpg 1024w, https:\/\/ollerpintures.com\/wp-content\/uploads\/2023\/01\/venta-pinturas-distribuidores-mayorista-oller-pintures-400x240.jpg 400w, https:\/\/ollerpintures.com\/wp-content\/uploads\/2023\/01\/venta-pinturas-distribuidores-mayorista-oller-pintures-768x462.jpg 768w, https:\/\/ollerpintures.com\/wp-content\/uploads\/2023\/01\/venta-pinturas-distribuidores-mayorista-oller-pintures-1536x923.jpg 1536w, https:\/\/ollerpintures.com\/wp-content\/uploads\/2023\/01\/venta-pinturas-distribuidores-mayorista-oller-pintures-800x481.jpg 800w, https:\/\/ollerpintures.com\/wp-content\/uploads\/2023\/01\/venta-pinturas-distribuidores-mayorista-oller-pintures.jpg 1920w\" sizes=\"(max-width: 1024px) 100vw, 1024px\" \/><\/figure>\n\n\n\n<div class=\"wp-block-buttons is-layout-flex wp-block-buttons-is-layout-flex\">\n<div class=\"wp-block-button has-custom-width wp-block-button__width-100\"><a class=\"wp-block-button__link no-border-radius wp-element-button\" href=\"https:\/\/ollerpintures.com\/es\/contacto-oller-pintures\/#tiendas\" rel=\"\">VER M\u00c1S<\/a><\/div>\n<\/div>\n<\/div>\n\n\n\n<div class=\"wp-block-column is-layout-flow wp-block-column-is-layout-flow\">\n<h4 class=\"wp-block-heading has-text-align-center has-large-font-size\">Asesoramiento y soluciones<\/h4>\n\n\n\n<figure class=\"wp-block-image size-full\"><img decoding=\"async\" width=\"1023\" height=\"622\" src=\"https:\/\/ollerpintures.com\/wp-content\/uploads\/2023\/05\/asesoramiento-tienda-para-pintores-2.jpeg\" alt=\"\" class=\"wp-image-24975\" srcset=\"https:\/\/ollerpintures.com\/wp-content\/uploads\/2023\/05\/asesoramiento-tienda-para-pintores-2.jpeg 1023w, https:\/\/ollerpintures.com\/wp-content\/uploads\/2023\/05\/asesoramiento-tienda-para-pintores-2-400x243.jpeg 400w, https:\/\/ollerpintures.com\/wp-content\/uploads\/2023\/05\/asesoramiento-tienda-para-pintores-2-768x467.jpeg 768w, https:\/\/ollerpintures.com\/wp-content\/uploads\/2023\/05\/asesoramiento-tienda-para-pintores-2-800x486.jpeg 800w\" sizes=\"(max-width: 1023px) 100vw, 1023px\" \/><\/figure>\n\n\n\n<div class=\"wp-block-buttons is-layout-flex wp-block-buttons-is-layout-flex\">\n<div class=\"wp-block-button has-custom-width wp-block-button__width-100\"><a class=\"wp-block-button__link no-border-radius wp-element-button\" href=\"https:\/\/ollerpintures.com\/es\/pintura-de-calidad-profesional\/\" rel=\"\">VER m\u00e1s<\/a><\/div>\n<\/div>\n<\/div>\n<\/div>\n\n\n","protected":false},"excerpt":{"rendered":"<p>Nuestro origen pintor nos avala. Desde 1966 ponemos a disposici\u00f3n de nuestros clientes un servicio de calidad para satisfacer todo tipo de necesidades en relaci\u00f3n &#8230; <\/p>\n<p class=\"read-more-container\"><a title=\"Pinturas para profesionales, industrias, obras p\u00fablicas y bricolaje\" class=\"read-more button\" href=\"https:\/\/ollerpintures.com\/es\/pinturas-profesionales-industria-administracion-publica-bricolaje\/#more-3624\" aria-label=\"Leer m\u00e1s sobre Pinturas para profesionales, industrias, obras p\u00fablicas y bricolaje\">Leer m\u00e1s<\/a><\/p>\n","protected":false},"author":3,"featured_media":0,"parent":0,"menu_order":0,"comment_status":"closed","ping_status":"closed","template":"","meta":{"_acf_changed":false,"footnotes":""},"class_list":{"0":"post-3624","1":"page","2":"type-page","3":"status-publish","5":"no-featured-image-padding"},"acf":[],"yoast_head":"<!-- This site is optimized with the Yoast SEO plugin v27.1.1 - https:\/\/yoast.com\/product\/yoast-seo-wordpress\/ -->\n<title>Pinturas para profesionales, industrias, obras p\u00fablicas y bricolaje - Oller Pinturas y revestimientos<\/title>\n<meta name=\"description\" content=\"Oller Pinturas y revestimientos per a professionals, ind\u00fastries, obres p\u00fabliques, bricolatge. Pintures de qualitat professional i molt m\u00e9s!\" \/>\n<meta name=\"robots\" content=\"index, follow, max-snippet:-1, max-image-preview:large, max-video-preview:-1\" \/>\n<link rel=\"canonical\" href=\"https:\/\/ollerpintures.com\/es\/pinturas-profesionales-industria-administracion-publica-bricolaje\/\" \/>\n<meta property=\"og:locale\" content=\"es_ES\" \/>\n<meta property=\"og:type\" content=\"article\" \/>\n<meta property=\"og:title\" content=\"Pinturas para profesionales, industrias, obras p\u00fablicas y bricolaje - Oller Pinturas y revestimientos\" \/>\n<meta property=\"og:description\" content=\"Oller Pinturas y revestimientos per a professionals, ind\u00fastries, obres p\u00fabliques, bricolatge. Pintures de qualitat professional i molt m\u00e9s!\" \/>\n<meta property=\"og:url\" content=\"https:\/\/ollerpintures.com\/es\/pinturas-profesionales-industria-administracion-publica-bricolaje\/\" \/>\n<meta property=\"og:site_name\" content=\"Oller Pinturas y revestimientos\" \/>\n<meta property=\"article:publisher\" content=\"https:\/\/www.facebook.com\/people\/Oller-Pintures\/100063652056709\/\" \/>\n<meta property=\"article:modified_time\" content=\"2025-09-24T07:49:21+00:00\" \/>\n<meta property=\"og:image\" content=\"https:\/\/ollerpintures.com\/wp-content\/uploads\/2020\/12\/pintura-pintores-profesionales.jpg\" \/>\n<meta name=\"twitter:card\" content=\"summary_large_image\" \/>\n<meta name=\"twitter:label1\" content=\"Tiempo de lectura\" \/>\n\t<meta name=\"twitter:data1\" content=\"5 minutos\" \/>\n<script type=\"application\/ld+json\" class=\"yoast-schema-graph\">{\"@context\":\"https:\/\/schema.org\",\"@graph\":[{\"@type\":\"WebPage\",\"@id\":\"https:\/\/ollerpintures.com\/es\/pinturas-profesionales-industria-administracion-publica-bricolaje\/\",\"url\":\"https:\/\/ollerpintures.com\/es\/pinturas-profesionales-industria-administracion-publica-bricolaje\/\",\"name\":\"Pinturas para profesionales, industrias, obras p\u00fablicas y bricolaje - Oller Pinturas y revestimientos\",\"isPartOf\":{\"@id\":\"https:\/\/ollerpintures.com\/es\/#website\"},\"primaryImageOfPage\":{\"@id\":\"https:\/\/ollerpintures.com\/es\/pinturas-profesionales-industria-administracion-publica-bricolaje\/#primaryimage\"},\"image\":{\"@id\":\"https:\/\/ollerpintures.com\/es\/pinturas-profesionales-industria-administracion-publica-bricolaje\/#primaryimage\"},\"thumbnailUrl\":\"https:\/\/ollerpintures.com\/wp-content\/uploads\/2020\/12\/pintura-pintores-profesionales.jpg\",\"datePublished\":\"2020-11-20T10:40:23+00:00\",\"dateModified\":\"2025-09-24T07:49:21+00:00\",\"description\":\"Oller Pinturas y revestimientos per a professionals, ind\u00fastries, obres p\u00fabliques, bricolatge. Pintures de qualitat professional i molt m\u00e9s!\",\"breadcrumb\":{\"@id\":\"https:\/\/ollerpintures.com\/es\/pinturas-profesionales-industria-administracion-publica-bricolaje\/#breadcrumb\"},\"inLanguage\":\"es\",\"potentialAction\":[{\"@type\":\"ReadAction\",\"target\":[\"https:\/\/ollerpintures.com\/es\/pinturas-profesionales-industria-administracion-publica-bricolaje\/\"]}]},{\"@type\":\"ImageObject\",\"inLanguage\":\"es\",\"@id\":\"https:\/\/ollerpintures.com\/es\/pinturas-profesionales-industria-administracion-publica-bricolaje\/#primaryimage\",\"url\":\"https:\/\/ollerpintures.com\/wp-content\/uploads\/2020\/12\/pintura-pintores-profesionales.jpg\",\"contentUrl\":\"https:\/\/ollerpintures.com\/wp-content\/uploads\/2020\/12\/pintura-pintores-profesionales.jpg\"},{\"@type\":\"BreadcrumbList\",\"@id\":\"https:\/\/ollerpintures.com\/es\/pinturas-profesionales-industria-administracion-publica-bricolaje\/#breadcrumb\",\"itemListElement\":[{\"@type\":\"ListItem\",\"position\":1,\"name\":\"Inici\",\"item\":\"https:\/\/ollerpintures.com\/es\/\"},{\"@type\":\"ListItem\",\"position\":2,\"name\":\"Pinturas para profesionales, industrias, obras p\u00fablicas y bricolaje\"}]},{\"@type\":\"WebSite\",\"@id\":\"https:\/\/ollerpintures.com\/es\/#website\",\"url\":\"https:\/\/ollerpintures.com\/es\/\",\"name\":\"Oller Pinturas y Revestimientos\",\"description\":\"M\u00e1s de 50 a\u00f1os acompa\u00f1ando a profesionales y particulares con soluciones de pintura duraderas y sostenibles, seis tiendas de proximidad con servicio tintom\u00e9trico propio y un compromiso real con el oficio y las nuevas generaciones.\",\"publisher\":{\"@id\":\"https:\/\/ollerpintures.com\/es\/#organization\"},\"alternateName\":\"Oller Grup\",\"potentialAction\":[{\"@type\":\"SearchAction\",\"target\":{\"@type\":\"EntryPoint\",\"urlTemplate\":\"https:\/\/ollerpintures.com\/es\/?s={search_term_string}\"},\"query-input\":{\"@type\":\"PropertyValueSpecification\",\"valueRequired\":true,\"valueName\":\"search_term_string\"}}],\"inLanguage\":\"es\"},{\"@type\":\"Organization\",\"@id\":\"https:\/\/ollerpintures.com\/es\/#organization\",\"name\":\"Oller Pintures i Revestiments\",\"alternateName\":\"Oller Grup\",\"url\":\"https:\/\/ollerpintures.com\/es\/\",\"logo\":{\"@type\":\"ImageObject\",\"inLanguage\":\"es\",\"@id\":\"https:\/\/ollerpintures.com\/es\/#\/schema\/logo\/image\/\",\"url\":\"https:\/\/ollerpintures.com\/wp-content\/uploads\/2024\/05\/newLogo.png\",\"contentUrl\":\"https:\/\/ollerpintures.com\/wp-content\/uploads\/2024\/05\/newLogo.png\",\"width\":483,\"height\":244,\"caption\":\"Oller Pintures i Revestiments\"},\"image\":{\"@id\":\"https:\/\/ollerpintures.com\/es\/#\/schema\/logo\/image\/\"},\"sameAs\":[\"https:\/\/www.facebook.com\/people\/Oller-Pintures\/100063652056709\/\",\"https:\/\/www.instagram.com\/ollerpintures\/\",\"https:\/\/descriptor.es\/organization\/oller-grup\/\"]}]}<\/script>\n<!-- \/ Yoast SEO plugin. -->","yoast_head_json":{"title":"Pinturas para profesionales, industrias, obras p\u00fablicas y bricolaje - Oller Pinturas y revestimientos","description":"Oller Pinturas y revestimientos per a professionals, ind\u00fastries, obres p\u00fabliques, bricolatge. Pintures de qualitat professional i molt m\u00e9s!","robots":{"index":"index","follow":"follow","max-snippet":"max-snippet:-1","max-image-preview":"max-image-preview:large","max-video-preview":"max-video-preview:-1"},"canonical":"https:\/\/ollerpintures.com\/es\/pinturas-profesionales-industria-administracion-publica-bricolaje\/","og_locale":"es_ES","og_type":"article","og_title":"Pinturas para profesionales, industrias, obras p\u00fablicas y bricolaje - Oller Pinturas y revestimientos","og_description":"Oller Pinturas y revestimientos per a professionals, ind\u00fastries, obres p\u00fabliques, bricolatge. Pintures de qualitat professional i molt m\u00e9s!","og_url":"https:\/\/ollerpintures.com\/es\/pinturas-profesionales-industria-administracion-publica-bricolaje\/","og_site_name":"Oller Pinturas y revestimientos","article_publisher":"https:\/\/www.facebook.com\/people\/Oller-Pintures\/100063652056709\/","article_modified_time":"2025-09-24T07:49:21+00:00","og_image":[{"url":"https:\/\/ollerpintures.com\/wp-content\/uploads\/2020\/12\/pintura-pintores-profesionales.jpg","type":"","width":"","height":""}],"twitter_card":"summary_large_image","twitter_misc":{"Tiempo de lectura":"5 minutos"},"schema":{"@context":"https:\/\/schema.org","@graph":[{"@type":"WebPage","@id":"https:\/\/ollerpintures.com\/es\/pinturas-profesionales-industria-administracion-publica-bricolaje\/","url":"https:\/\/ollerpintures.com\/es\/pinturas-profesionales-industria-administracion-publica-bricolaje\/","name":"Pinturas para profesionales, industrias, obras p\u00fablicas y bricolaje - Oller Pinturas y revestimientos","isPartOf":{"@id":"https:\/\/ollerpintures.com\/es\/#website"},"primaryImageOfPage":{"@id":"https:\/\/ollerpintures.com\/es\/pinturas-profesionales-industria-administracion-publica-bricolaje\/#primaryimage"},"image":{"@id":"https:\/\/ollerpintures.com\/es\/pinturas-profesionales-industria-administracion-publica-bricolaje\/#primaryimage"},"thumbnailUrl":"https:\/\/ollerpintures.com\/wp-content\/uploads\/2020\/12\/pintura-pintores-profesionales.jpg","datePublished":"2020-11-20T10:40:23+00:00","dateModified":"2025-09-24T07:49:21+00:00","description":"Oller Pinturas y revestimientos per a professionals, ind\u00fastries, obres p\u00fabliques, bricolatge. Pintures de qualitat professional i molt m\u00e9s!","breadcrumb":{"@id":"https:\/\/ollerpintures.com\/es\/pinturas-profesionales-industria-administracion-publica-bricolaje\/#breadcrumb"},"inLanguage":"es","potentialAction":[{"@type":"ReadAction","target":["https:\/\/ollerpintures.com\/es\/pinturas-profesionales-industria-administracion-publica-bricolaje\/"]}]},{"@type":"ImageObject","inLanguage":"es","@id":"https:\/\/ollerpintures.com\/es\/pinturas-profesionales-industria-administracion-publica-bricolaje\/#primaryimage","url":"https:\/\/ollerpintures.com\/wp-content\/uploads\/2020\/12\/pintura-pintores-profesionales.jpg","contentUrl":"https:\/\/ollerpintures.com\/wp-content\/uploads\/2020\/12\/pintura-pintores-profesionales.jpg"},{"@type":"BreadcrumbList","@id":"https:\/\/ollerpintures.com\/es\/pinturas-profesionales-industria-administracion-publica-bricolaje\/#breadcrumb","itemListElement":[{"@type":"ListItem","position":1,"name":"Inici","item":"https:\/\/ollerpintures.com\/es\/"},{"@type":"ListItem","position":2,"name":"Pinturas para profesionales, industrias, obras p\u00fablicas y bricolaje"}]},{"@type":"WebSite","@id":"https:\/\/ollerpintures.com\/es\/#website","url":"https:\/\/ollerpintures.com\/es\/","name":"Oller Pinturas y Revestimientos","description":"M\u00e1s de 50 a\u00f1os acompa\u00f1ando a profesionales y particulares con soluciones de pintura duraderas y sostenibles, seis tiendas de proximidad con servicio tintom\u00e9trico propio y un compromiso real con el oficio y las nuevas generaciones.","publisher":{"@id":"https:\/\/ollerpintures.com\/es\/#organization"},"alternateName":"Oller Grup","potentialAction":[{"@type":"SearchAction","target":{"@type":"EntryPoint","urlTemplate":"https:\/\/ollerpintures.com\/es\/?s={search_term_string}"},"query-input":{"@type":"PropertyValueSpecification","valueRequired":true,"valueName":"search_term_string"}}],"inLanguage":"es"},{"@type":"Organization","@id":"https:\/\/ollerpintures.com\/es\/#organization","name":"Oller Pintures i Revestiments","alternateName":"Oller Grup","url":"https:\/\/ollerpintures.com\/es\/","logo":{"@type":"ImageObject","inLanguage":"es","@id":"https:\/\/ollerpintures.com\/es\/#\/schema\/logo\/image\/","url":"https:\/\/ollerpintures.com\/wp-content\/uploads\/2024\/05\/newLogo.png","contentUrl":"https:\/\/ollerpintures.com\/wp-content\/uploads\/2024\/05\/newLogo.png","width":483,"height":244,"caption":"Oller Pintures i Revestiments"},"image":{"@id":"https:\/\/ollerpintures.com\/es\/#\/schema\/logo\/image\/"},"sameAs":["https:\/\/www.facebook.com\/people\/Oller-Pintures\/100063652056709\/","https:\/\/www.instagram.com\/ollerpintures\/","https:\/\/descriptor.es\/organization\/oller-grup\/"]}]}},"_links":{"self":[{"href":"https:\/\/ollerpintures.com\/es\/wp-json\/wp\/v2\/pages\/3624","targetHints":{"allow":["GET"]}}],"collection":[{"href":"https:\/\/ollerpintures.com\/es\/wp-json\/wp\/v2\/pages"}],"about":[{"href":"https:\/\/ollerpintures.com\/es\/wp-json\/wp\/v2\/types\/page"}],"author":[{"embeddable":true,"href":"https:\/\/ollerpintures.com\/es\/wp-json\/wp\/v2\/users\/3"}],"replies":[{"embeddable":true,"href":"https:\/\/ollerpintures.com\/es\/wp-json\/wp\/v2\/comments?post=3624"}],"version-history":[{"count":2,"href":"https:\/\/ollerpintures.com\/es\/wp-json\/wp\/v2\/pages\/3624\/revisions"}],"predecessor-version":[{"id":30406,"href":"https:\/\/ollerpintures.com\/es\/wp-json\/wp\/v2\/pages\/3624\/revisions\/30406"}],"wp:attachment":[{"href":"https:\/\/ollerpintures.com\/es\/wp-json\/wp\/v2\/media?parent=3624"}],"curies":[{"name":"wp","href":"https:\/\/api.w.org\/{rel}","templated":true}]}}