{"id":28820,"date":"2025-02-28T16:09:47","date_gmt":"2025-02-28T15:09:47","guid":{"rendered":"https:\/\/oller-pintures.c.wetopi.com\/?page_id=28820"},"modified":"2025-03-11T22:16:25","modified_gmt":"2025-03-11T21:16:25","slug":"sant-lluc","status":"publish","type":"page","link":"https:\/\/ollerpintures.com\/es\/sant-lluc\/","title":{"rendered":"Sant Lluc T\u00e9cnicos en Pinturas"},"content":{"rendered":"<div class=\"wp-block-image\">\n<figure class=\"aligncenter size-full\"><img decoding=\"async\" width=\"490\" height=\"232\" src=\"https:\/\/ollerpintures.com\/wp-content\/uploads\/2025\/03\/Logo-Sant-Lluc.png\" alt=\"\" class=\"wp-image-28885\" srcset=\"https:\/\/ollerpintures.com\/wp-content\/uploads\/2025\/03\/Logo-Sant-Lluc.png 490w, https:\/\/ollerpintures.com\/wp-content\/uploads\/2025\/03\/Logo-Sant-Lluc-400x189.png 400w\" sizes=\"(max-width: 490px) 100vw, 490px\" \/><\/figure>\n<\/div>\n\n\n<p>En Pintures Sant Lluc, trabajamos con pinturas desde 1.958, Disponemos de las mejores marcas, precios y tecnolog\u00eda. Disponemos del mejor equipo humano y tecnol\u00f3gico para asesorarte en esmalte industrial, masillas, envasado de pintura en spray, compresores, pistolas, maquinaria de proyecci\u00f3n de pintura&#8230;<\/p>\n\n\n\n<h2 class=\"wp-block-heading\">\u00bfQui\u00e9nes somos?<\/h2>\n\n\n\n<div class=\"wp-block-columns is-layout-flex wp-container-core-columns-is-layout-9d6595d7 wp-block-columns-is-layout-flex\">\n<div class=\"wp-block-column is-layout-flow wp-block-column-is-layout-flow\">\n<p>Nuestro cari\u00f1o a la pintura nos ve por tradici\u00f3n familiar. Nuestros antepasados \u200b\u200bya se dedicaban a la decoraci\u00f3n de las casas, as\u00ed como al pintado de maquinaria, pero, hace ya m\u00e1s de cincuenta a\u00f1os que se abri\u00f3 el primer establecimiento de venta de pintura de cara al p\u00fablico, era peque\u00f1o y modesto, y con muchas ganas de abastecer de materiales a los pintores.<\/p>\n\n\n\n<p>Con el tiempo, el mercado evolucionaba hacia pinturas especiales y con ellas nuestro negocio. Hemos implantando m\u00e1s puntos de venta, con materias m\u00e1s diversas y complejas y con complementos auxiliares para ofrecer un servicio cada vez m\u00e1s atento y mejor.<\/p>\n\n\n\n<p>En 2023 hemos unido nuestras fuerzas con Oller Pintures, para mejorar nuestra oferta i nuestra zona de actuaci\u00f3n.<\/p>\n<\/div>\n\n\n\n<div class=\"wp-block-column is-layout-flow wp-block-column-is-layout-flow\"><div class=\"wp-block-image\">\n<figure class=\"aligncenter size-large is-resized\"><img decoding=\"async\" width=\"1024\" height=\"585\" src=\"https:\/\/ollerpintures.com\/wp-content\/uploads\/2025\/03\/DALL\u00b7E-2025-03-11-22.15.08-A-close-up-of-an-industrial-spray-gun-applying-a-fine-mist-of-paint-or-protective-coating-onto-a-large-metal-surface.-The-spray-creates-a-smooth-even-1024x585.webp\" alt=\"\" class=\"wp-image-29103\" style=\"width:522px;height:auto\" srcset=\"https:\/\/ollerpintures.com\/wp-content\/uploads\/2025\/03\/DALL\u00b7E-2025-03-11-22.15.08-A-close-up-of-an-industrial-spray-gun-applying-a-fine-mist-of-paint-or-protective-coating-onto-a-large-metal-surface.-The-spray-creates-a-smooth-even-1024x585.webp 1024w, https:\/\/ollerpintures.com\/wp-content\/uploads\/2025\/03\/DALL\u00b7E-2025-03-11-22.15.08-A-close-up-of-an-industrial-spray-gun-applying-a-fine-mist-of-paint-or-protective-coating-onto-a-large-metal-surface.-The-spray-creates-a-smooth-even-400x229.webp 400w, https:\/\/ollerpintures.com\/wp-content\/uploads\/2025\/03\/DALL\u00b7E-2025-03-11-22.15.08-A-close-up-of-an-industrial-spray-gun-applying-a-fine-mist-of-paint-or-protective-coating-onto-a-large-metal-surface.-The-spray-creates-a-smooth-even-768x439.webp 768w, https:\/\/ollerpintures.com\/wp-content\/uploads\/2025\/03\/DALL\u00b7E-2025-03-11-22.15.08-A-close-up-of-an-industrial-spray-gun-applying-a-fine-mist-of-paint-or-protective-coating-onto-a-large-metal-surface.-The-spray-creates-a-smooth-even-1536x878.webp 1536w, https:\/\/ollerpintures.com\/wp-content\/uploads\/2025\/03\/DALL\u00b7E-2025-03-11-22.15.08-A-close-up-of-an-industrial-spray-gun-applying-a-fine-mist-of-paint-or-protective-coating-onto-a-large-metal-surface.-The-spray-creates-a-smooth-even-800x457.webp 800w, https:\/\/ollerpintures.com\/wp-content\/uploads\/2025\/03\/DALL\u00b7E-2025-03-11-22.15.08-A-close-up-of-an-industrial-spray-gun-applying-a-fine-mist-of-paint-or-protective-coating-onto-a-large-metal-surface.-The-spray-creates-a-smooth-even.webp 1792w\" sizes=\"(max-width: 1024px) 100vw, 1024px\" \/><\/figure>\n<\/div><\/div>\n<\/div>\n\n\n\n<h2 class=\"wp-block-heading\">Servicios<\/h2>\n\n\n\n<ul class=\"wp-block-list\">\n<li>Asesoramiento en todos los campos de la pintura, desde la preparaci\u00f3n adecuada hasta el acabado m\u00e1s completo.<\/li>\n\n\n\n<li>Especialidad en la pintura de retoques del pintado industrial de l\u00edquido y polvo.<\/li>\n\n\n\n<li>Envasado de pintura en spray.<\/li>\n\n\n\n<li>Duplicaci\u00f3n de los colores que el cliente nos pide.<\/li>\n\n\n\n<li>Uso de pinturas especiales para soportes especiales.<\/li>\n\n\n\n<li>Medios adecuados para detectar el color, con herramientas como el espectrofot\u00f3metro y el color\u00edmetro.<\/li>\n\n\n\n<li>Servicio de transporte del pedido a casa del cliente, cumpliendo los m\u00ednimos establecidos.<\/li>\n\n\n\n<li>Presupuestos sin compromiso.<\/li>\n\n\n\n<li>Esquemas de pintado: ign\u00edfugos, intumescentes, anticorrosivos, etc&#8230;<\/li>\n\n\n\n<li>Ensayos de pintura: espesores, brillo, color, adherencia, etc.<\/li>\n<\/ul>\n\n\n\n<h2 class=\"wp-block-heading\">Nuestros productos<\/h2>\n\n\n\n<p><strong>Pinturas industriales<\/strong><\/p>\n\n\n\n<p>La especializaci\u00f3n en el sector industrial nos lleva a trabajar en ella en una dedicaci\u00f3n permanente. Prestamos especial atenci\u00f3n a las cartas de colores RAL, NCS, AFNOR, British Standards Institution, UNE, etc. tanto con acabado brillante, mate y satinado, as\u00ed como metalizados y microtexturados. Disponemos de diferentes tipos de esmaltes, barniz, imprimaciones, disolventes, masillas, pinturas&#8230;<\/p>\n\n\n\n<p><strong>Materiales, campos de aplicaci\u00f3n<\/strong><\/p>\n\n\n\n<p>Los distintos materiales existentes necesitan preparaciones y acabados indicados para cada ocasi\u00f3n y para ello podemos ofreceros productos especiales para hierro, acero, aluminio, hierro galvanizado, cobre, azulejos, pl\u00e1sticos y hormig\u00f3n. Es important\u00edsimo elegirlo bien. En caso de duda, cons\u00faltenoslo.<\/p>\n\n\n\n<p><strong>Herramientas y complementos<\/strong><\/p>\n\n\n\n<p>Para realizar un buen trabajo son muy necesarios nuestro cliente, un buen material y las herramientas apropiadas para realizarlo.<\/p>\n\n\n\n<p><strong>Droguer\u00eda<\/strong><\/p>\n\n\n\n<p>En nuestro pa\u00eds tambi\u00e9n sabemos de las t\u00e9cnicas de antes, los procesos de pintado de los abuelos, los materiales poco convencionales. Tenemos un buen surtido, as\u00ed como art\u00edculos de droguer\u00eda como detergentes, productos de limpieza, celulosa industrial, desengrasantes, insecticidas y productos qu\u00edmicos bajo demanda.<\/p>\n\n\n\n<p><strong>Tlf. 93 870 92 11<\/strong><\/p>\n","protected":false},"excerpt":{"rendered":"<p>En Pintures Sant Lluc, trabajamos con pinturas desde 1.958, Disponemos de las mejores marcas, precios y tecnolog\u00eda. Disponemos del mejor equipo humano y tecnol\u00f3gico para &#8230; <\/p>\n<p class=\"read-more-container\"><a title=\"Sant Lluc T\u00e9cnicos en Pinturas\" class=\"read-more button\" href=\"https:\/\/ollerpintures.com\/es\/sant-lluc\/#more-28820\" aria-label=\"Leer m\u00e1s sobre Sant Lluc T\u00e9cnicos en Pinturas\">Leer m\u00e1s<\/a><\/p>\n","protected":false},"author":3,"featured_media":28836,"parent":0,"menu_order":0,"comment_status":"closed","ping_status":"closed","template":"","meta":{"_acf_changed":false,"footnotes":""},"class_list":{"0":"post-28820","1":"page","2":"type-page","3":"status-publish","4":"has-post-thumbnail","6":"no-featured-image-padding","7":"resize-featured-image"},"acf":{"json-ld":"","dctermstitle":"","dctermsdescription":"","dctermsabstract":"","dctermsreferences":"https:\/\/ollerpintures.com\/es\/"},"yoast_head":"<!-- This site is optimized with the Yoast SEO plugin v27.1.1 - https:\/\/yoast.com\/product\/yoast-seo-wordpress\/ -->\n<title>Sant Lluc T\u00e9cnicos en Pinturas - Oller Pinturas y revestimientos<\/title>\n<meta name=\"description\" content=\"Oller Pinturas y revestimientos per a professionals, ind\u00fastries, obres p\u00fabliques, bricolatge. Pintures de qualitat professional i molt m\u00e9s!\" \/>\n<meta name=\"robots\" content=\"index, follow, max-snippet:-1, max-image-preview:large, max-video-preview:-1\" \/>\n<link rel=\"canonical\" href=\"https:\/\/ollerpintures.com\/es\/sant-lluc\/\" \/>\n<meta property=\"og:locale\" content=\"es_ES\" \/>\n<meta property=\"og:type\" content=\"article\" \/>\n<meta property=\"og:title\" content=\"Sant Lluc T\u00e9cnicos en Pinturas - Oller Pinturas y revestimientos\" \/>\n<meta property=\"og:description\" content=\"Oller Pinturas y revestimientos per a professionals, ind\u00fastries, obres p\u00fabliques, bricolatge. Pintures de qualitat professional i molt m\u00e9s!\" \/>\n<meta property=\"og:url\" content=\"https:\/\/ollerpintures.com\/es\/sant-lluc\/\" \/>\n<meta property=\"og:site_name\" content=\"Oller Pinturas y revestimientos\" \/>\n<meta property=\"article:publisher\" content=\"https:\/\/www.facebook.com\/people\/Oller-Pintures\/100063652056709\/\" \/>\n<meta property=\"article:modified_time\" content=\"2025-03-11T21:16:25+00:00\" \/>\n<meta property=\"og:image\" content=\"https:\/\/ollerpintures.com\/wp-content\/uploads\/2025\/02\/img_serveis2.jpg\" \/>\n\t<meta property=\"og:image:width\" content=\"300\" \/>\n\t<meta property=\"og:image:height\" content=\"200\" \/>\n\t<meta property=\"og:image:type\" content=\"image\/jpeg\" \/>\n<meta name=\"twitter:card\" content=\"summary_large_image\" \/>\n<meta name=\"twitter:label1\" content=\"Tiempo de lectura\" \/>\n\t<meta name=\"twitter:data1\" content=\"3 minutos\" \/>\n<script type=\"application\/ld+json\" class=\"yoast-schema-graph\">{\"@context\":\"https:\/\/schema.org\",\"@graph\":[{\"@type\":\"WebPage\",\"@id\":\"https:\/\/ollerpintures.com\/es\/sant-lluc\/\",\"url\":\"https:\/\/ollerpintures.com\/es\/sant-lluc\/\",\"name\":\"Sant Lluc T\u00e9cnicos en Pinturas - Oller Pinturas y revestimientos\",\"isPartOf\":{\"@id\":\"https:\/\/ollerpintures.com\/es\/#website\"},\"primaryImageOfPage\":{\"@id\":\"https:\/\/ollerpintures.com\/es\/sant-lluc\/#primaryimage\"},\"image\":{\"@id\":\"https:\/\/ollerpintures.com\/es\/sant-lluc\/#primaryimage\"},\"thumbnailUrl\":\"https:\/\/ollerpintures.com\/wp-content\/uploads\/2025\/02\/img_serveis2.jpg\",\"datePublished\":\"2025-02-28T15:09:47+00:00\",\"dateModified\":\"2025-03-11T21:16:25+00:00\",\"description\":\"Oller Pinturas y revestimientos per a professionals, ind\u00fastries, obres p\u00fabliques, bricolatge. Pintures de qualitat professional i molt m\u00e9s!\",\"breadcrumb\":{\"@id\":\"https:\/\/ollerpintures.com\/es\/sant-lluc\/#breadcrumb\"},\"inLanguage\":\"es\",\"potentialAction\":[{\"@type\":\"ReadAction\",\"target\":[\"https:\/\/ollerpintures.com\/es\/sant-lluc\/\"]}]},{\"@type\":\"ImageObject\",\"inLanguage\":\"es\",\"@id\":\"https:\/\/ollerpintures.com\/es\/sant-lluc\/#primaryimage\",\"url\":\"https:\/\/ollerpintures.com\/wp-content\/uploads\/2025\/02\/img_serveis2.jpg\",\"contentUrl\":\"https:\/\/ollerpintures.com\/wp-content\/uploads\/2025\/02\/img_serveis2.jpg\",\"width\":300,\"height\":200},{\"@type\":\"BreadcrumbList\",\"@id\":\"https:\/\/ollerpintures.com\/es\/sant-lluc\/#breadcrumb\",\"itemListElement\":[{\"@type\":\"ListItem\",\"position\":1,\"name\":\"Inici\",\"item\":\"https:\/\/ollerpintures.com\/es\/\"},{\"@type\":\"ListItem\",\"position\":2,\"name\":\"Sant Lluc T\u00e9cnicos en Pinturas\"}]},{\"@type\":\"WebSite\",\"@id\":\"https:\/\/ollerpintures.com\/es\/#website\",\"url\":\"https:\/\/ollerpintures.com\/es\/\",\"name\":\"Oller Pinturas y Revestimientos\",\"description\":\"M\u00e1s de 50 a\u00f1os acompa\u00f1ando a profesionales y particulares con soluciones de pintura duraderas y sostenibles, seis tiendas de proximidad con servicio tintom\u00e9trico propio y un compromiso real con el oficio y las nuevas generaciones.\",\"publisher\":{\"@id\":\"https:\/\/ollerpintures.com\/es\/#organization\"},\"alternateName\":\"Oller Grup\",\"potentialAction\":[{\"@type\":\"SearchAction\",\"target\":{\"@type\":\"EntryPoint\",\"urlTemplate\":\"https:\/\/ollerpintures.com\/es\/?s={search_term_string}\"},\"query-input\":{\"@type\":\"PropertyValueSpecification\",\"valueRequired\":true,\"valueName\":\"search_term_string\"}}],\"inLanguage\":\"es\"},{\"@type\":\"Organization\",\"@id\":\"https:\/\/ollerpintures.com\/es\/#organization\",\"name\":\"Oller Pintures i Revestiments\",\"alternateName\":\"Oller Grup\",\"url\":\"https:\/\/ollerpintures.com\/es\/\",\"logo\":{\"@type\":\"ImageObject\",\"inLanguage\":\"es\",\"@id\":\"https:\/\/ollerpintures.com\/es\/#\/schema\/logo\/image\/\",\"url\":\"https:\/\/ollerpintures.com\/wp-content\/uploads\/2024\/05\/newLogo.png\",\"contentUrl\":\"https:\/\/ollerpintures.com\/wp-content\/uploads\/2024\/05\/newLogo.png\",\"width\":483,\"height\":244,\"caption\":\"Oller Pintures i Revestiments\"},\"image\":{\"@id\":\"https:\/\/ollerpintures.com\/es\/#\/schema\/logo\/image\/\"},\"sameAs\":[\"https:\/\/www.facebook.com\/people\/Oller-Pintures\/100063652056709\/\",\"https:\/\/www.instagram.com\/ollerpintures\/\",\"https:\/\/descriptor.es\/organization\/oller-grup\/\"]}]}<\/script>\n<!-- \/ Yoast SEO plugin. -->","yoast_head_json":{"title":"Sant Lluc T\u00e9cnicos en Pinturas - Oller Pinturas y revestimientos","description":"Oller Pinturas y revestimientos per a professionals, ind\u00fastries, obres p\u00fabliques, bricolatge. Pintures de qualitat professional i molt m\u00e9s!","robots":{"index":"index","follow":"follow","max-snippet":"max-snippet:-1","max-image-preview":"max-image-preview:large","max-video-preview":"max-video-preview:-1"},"canonical":"https:\/\/ollerpintures.com\/es\/sant-lluc\/","og_locale":"es_ES","og_type":"article","og_title":"Sant Lluc T\u00e9cnicos en Pinturas - Oller Pinturas y revestimientos","og_description":"Oller Pinturas y revestimientos per a professionals, ind\u00fastries, obres p\u00fabliques, bricolatge. Pintures de qualitat professional i molt m\u00e9s!","og_url":"https:\/\/ollerpintures.com\/es\/sant-lluc\/","og_site_name":"Oller Pinturas y revestimientos","article_publisher":"https:\/\/www.facebook.com\/people\/Oller-Pintures\/100063652056709\/","article_modified_time":"2025-03-11T21:16:25+00:00","og_image":[{"width":300,"height":200,"url":"https:\/\/ollerpintures.com\/wp-content\/uploads\/2025\/02\/img_serveis2.jpg","type":"image\/jpeg"}],"twitter_card":"summary_large_image","twitter_misc":{"Tiempo de lectura":"3 minutos"},"schema":{"@context":"https:\/\/schema.org","@graph":[{"@type":"WebPage","@id":"https:\/\/ollerpintures.com\/es\/sant-lluc\/","url":"https:\/\/ollerpintures.com\/es\/sant-lluc\/","name":"Sant Lluc T\u00e9cnicos en Pinturas - Oller Pinturas y revestimientos","isPartOf":{"@id":"https:\/\/ollerpintures.com\/es\/#website"},"primaryImageOfPage":{"@id":"https:\/\/ollerpintures.com\/es\/sant-lluc\/#primaryimage"},"image":{"@id":"https:\/\/ollerpintures.com\/es\/sant-lluc\/#primaryimage"},"thumbnailUrl":"https:\/\/ollerpintures.com\/wp-content\/uploads\/2025\/02\/img_serveis2.jpg","datePublished":"2025-02-28T15:09:47+00:00","dateModified":"2025-03-11T21:16:25+00:00","description":"Oller Pinturas y revestimientos per a professionals, ind\u00fastries, obres p\u00fabliques, bricolatge. Pintures de qualitat professional i molt m\u00e9s!","breadcrumb":{"@id":"https:\/\/ollerpintures.com\/es\/sant-lluc\/#breadcrumb"},"inLanguage":"es","potentialAction":[{"@type":"ReadAction","target":["https:\/\/ollerpintures.com\/es\/sant-lluc\/"]}]},{"@type":"ImageObject","inLanguage":"es","@id":"https:\/\/ollerpintures.com\/es\/sant-lluc\/#primaryimage","url":"https:\/\/ollerpintures.com\/wp-content\/uploads\/2025\/02\/img_serveis2.jpg","contentUrl":"https:\/\/ollerpintures.com\/wp-content\/uploads\/2025\/02\/img_serveis2.jpg","width":300,"height":200},{"@type":"BreadcrumbList","@id":"https:\/\/ollerpintures.com\/es\/sant-lluc\/#breadcrumb","itemListElement":[{"@type":"ListItem","position":1,"name":"Inici","item":"https:\/\/ollerpintures.com\/es\/"},{"@type":"ListItem","position":2,"name":"Sant Lluc T\u00e9cnicos en Pinturas"}]},{"@type":"WebSite","@id":"https:\/\/ollerpintures.com\/es\/#website","url":"https:\/\/ollerpintures.com\/es\/","name":"Oller Pinturas y Revestimientos","description":"M\u00e1s de 50 a\u00f1os acompa\u00f1ando a profesionales y particulares con soluciones de pintura duraderas y sostenibles, seis tiendas de proximidad con servicio tintom\u00e9trico propio y un compromiso real con el oficio y las nuevas generaciones.","publisher":{"@id":"https:\/\/ollerpintures.com\/es\/#organization"},"alternateName":"Oller Grup","potentialAction":[{"@type":"SearchAction","target":{"@type":"EntryPoint","urlTemplate":"https:\/\/ollerpintures.com\/es\/?s={search_term_string}"},"query-input":{"@type":"PropertyValueSpecification","valueRequired":true,"valueName":"search_term_string"}}],"inLanguage":"es"},{"@type":"Organization","@id":"https:\/\/ollerpintures.com\/es\/#organization","name":"Oller Pintures i Revestiments","alternateName":"Oller Grup","url":"https:\/\/ollerpintures.com\/es\/","logo":{"@type":"ImageObject","inLanguage":"es","@id":"https:\/\/ollerpintures.com\/es\/#\/schema\/logo\/image\/","url":"https:\/\/ollerpintures.com\/wp-content\/uploads\/2024\/05\/newLogo.png","contentUrl":"https:\/\/ollerpintures.com\/wp-content\/uploads\/2024\/05\/newLogo.png","width":483,"height":244,"caption":"Oller Pintures i Revestiments"},"image":{"@id":"https:\/\/ollerpintures.com\/es\/#\/schema\/logo\/image\/"},"sameAs":["https:\/\/www.facebook.com\/people\/Oller-Pintures\/100063652056709\/","https:\/\/www.instagram.com\/ollerpintures\/","https:\/\/descriptor.es\/organization\/oller-grup\/"]}]}},"_links":{"self":[{"href":"https:\/\/ollerpintures.com\/es\/wp-json\/wp\/v2\/pages\/28820","targetHints":{"allow":["GET"]}}],"collection":[{"href":"https:\/\/ollerpintures.com\/es\/wp-json\/wp\/v2\/pages"}],"about":[{"href":"https:\/\/ollerpintures.com\/es\/wp-json\/wp\/v2\/types\/page"}],"author":[{"embeddable":true,"href":"https:\/\/ollerpintures.com\/es\/wp-json\/wp\/v2\/users\/3"}],"replies":[{"embeddable":true,"href":"https:\/\/ollerpintures.com\/es\/wp-json\/wp\/v2\/comments?post=28820"}],"version-history":[{"count":1,"href":"https:\/\/ollerpintures.com\/es\/wp-json\/wp\/v2\/pages\/28820\/revisions"}],"predecessor-version":[{"id":29105,"href":"https:\/\/ollerpintures.com\/es\/wp-json\/wp\/v2\/pages\/28820\/revisions\/29105"}],"wp:featuredmedia":[{"embeddable":true,"href":"https:\/\/ollerpintures.com\/es\/wp-json\/wp\/v2\/media\/28836"}],"wp:attachment":[{"href":"https:\/\/ollerpintures.com\/es\/wp-json\/wp\/v2\/media?parent=28820"}],"curies":[{"name":"wp","href":"https:\/\/api.w.org\/{rel}","templated":true}]}}