{"id":15098,"date":"2021-10-26T10:46:36","date_gmt":"2021-10-26T09:46:36","guid":{"rendered":"https:\/\/oller-pintures.c.wetopi.com\/?page_id=15098"},"modified":"2024-05-15T16:13:35","modified_gmt":"2024-05-15T15:13:35","slug":"pinturas-intumescentes-para-hormigon","status":"publish","type":"page","link":"https:\/\/ollerpintures.com\/es\/pinturas-intumescentes-para-hormigon\/","title":{"rendered":"Pintura intumescente para hormig\u00f3n"},"content":{"rendered":"\n<p>Encuentra la mejor protecci\u00f3n contra el fuego para hormig\u00f3n entre los productos de Oller Pintures. Protege estructuras de hormig\u00f3n del fuego y trabaja en un entorno seguro y regularizado. <\/p>\n\n\n\n<p>Para proteger las estructuras de hormig\u00f3n del fuego es necesario <strong>limitar la temperatura de los aceros y armaduras <\/strong>que hay en el interior del hormig\u00f3n. Esto se consigue manteniendo unas <strong>distancias m\u00ednimas entre aceros<\/strong> pero, la mayor\u00eda de las veces, no se respetan. Por eso es tan importante asegurar la protecci\u00f3n de estas estructuras aplicando capas del <strong>producto intumescente m\u00e1s adecuado<\/strong>. <\/p>\n\n\n\n<p>En Oller Pinturas disponemos de la experiencia y conocimiento para aconsejarte a la hora de elegir pintura intumescente para hormig\u00f3n, no dudes en consultar.<\/p>\n\n\n\n<div style=\"height:40px\" aria-hidden=\"true\" class=\"wp-block-spacer\"><\/div>\n\n\n\n<div class=\"wp-block-columns is-layout-flex wp-container-core-columns-is-layout-9d6595d7 wp-block-columns-is-layout-flex\">\n<div class=\"wp-block-column is-layout-flow wp-block-column-is-layout-flow\" style=\"flex-basis:66.66%\">\n<h2 class=\"wp-block-heading\"><strong>Revestimiento cer\u00e1mico ablativo <span class=\"has-inline-color has-luminous-vivid-orange-color\">ABLANITE<\/span><\/strong> <\/h2>\n\n\n\n<p><strong>Cer\u00e1mica ablativa presentada en forma de pasta para la protecci\u00f3n contra incendios de estructuras de hormig\u00f3n,<\/strong> <strong>forjados, techos, muros, vigas y pilares. <\/strong>Aumenta la estabilidad del elemento constructivo incrementando su resistencia y estabilidad frente al fuego. <\/p>\n\n\n\n<ul class=\"wp-block-list\">\n<li>Certificado de Resistencia al Fuego seg\u00fan norma de ensayo europea <strong>UNE-ENV 13.381-3:2004<\/strong>, clasificado seg\u00fan <strong>UNE-EN 13.501-2:2004,<\/strong> determinando el espesor equivalente de hormig\u00f3n tanto en muros como en vigas, pilares y forjados<\/li>\n\n\n\n<li>Clasificado<strong> F-2 <\/strong>seg\u00fan norma <strong>NFF 16-101:1988<\/strong> del \u00edndice de humos<\/li>\n<\/ul>\n\n\n\n<p><\/p>\n<\/div>\n\n\n\n<div class=\"wp-block-column is-layout-flow wp-block-column-is-layout-flow\" style=\"flex-basis:33.33%\"><div class=\"wp-block-image\">\n<figure class=\"aligncenter size-full\"><img decoding=\"async\" width=\"269\" height=\"187\" src=\"https:\/\/ollerpintures.com\/wp-content\/uploads\/2021\/10\/pintura-intumescente-para-hormigon-proteccion-contra-el-fuego-oller-pintures.jpg\" alt=\"pintura intumescent per formig\u00f3 ablanite euroqu\u00edmica\" class=\"wp-image-15101\"\/><\/figure>\n<\/div><\/div>\n<\/div>\n\n\n\n<div class=\"wp-block-columns is-layout-flex wp-container-core-columns-is-layout-9d6595d7 wp-block-columns-is-layout-flex\">\n<div class=\"wp-block-column is-layout-flow wp-block-column-is-layout-flow\" style=\"flex-basis:66.66%\">\n<div class=\"wp-block-buttons is-layout-flex wp-block-buttons-is-layout-flex\">\n<div class=\"wp-block-button has-custom-width wp-block-button__width-100\"><a class=\"wp-block-button__link no-border-radius wp-element-button\" href=\"https:\/\/4542da61.sibforms.com\/serve\/MUIEALWfCTgDcrfxej1uLSNMshDvTAbM2IVrveYnvn87FJ7vmb2Cc3TT-30Gxy-6M-iP84gqPHftpub8nNG3iCATmWCQlviU8euELE4RkFSnsrHm4R2SxzK7Juwn3f4PdK6quLEVfOaaZAqcyFAv82OlTImCu79_3bOGHPjVe-NjeusjTJiUkl8p5X-MhaTOUfZa6nEmMBbTYTpo\" target=\"_blank\" rel=\"noreferrer noopener\">solicitar presupuesto<\/a><\/div>\n<\/div>\n<\/div>\n\n\n\n<div class=\"wp-block-column is-layout-flow wp-block-column-is-layout-flow\" style=\"flex-basis:33.33%\">\n<div class=\"wp-block-buttons is-layout-flex wp-block-buttons-is-layout-flex\">\n<div class=\"wp-block-button has-custom-width wp-block-button__width-100 is-style-outline is-style-outline--1\"><a class=\"wp-block-button__link no-border-radius wp-element-button\" href=\"http:\/\/euroquimica.com\/wp-content\/uploads\/ft_s_ablanite.pdf\" target=\"_blank\" rel=\"noreferrer noopener\">ficha t\u00e9cnica<\/a><\/div>\n<\/div>\n<\/div>\n<\/div>\n\n\n\n<hr class=\"wp-block-separator has-css-opacity\"\/>\n\n\n\n<div class=\"wp-block-buttons is-layout-flex wp-block-buttons-is-layout-flex\">\n<div class=\"wp-block-button has-custom-width wp-block-button__width-100\"><a class=\"wp-block-button__link wp-element-button\" href=\"https:\/\/ollerpintures.com\/contacto-oller-pintures\/\">Dinos qu\u00e9 perfiles tienes que proteger del fuego y cuantos minutos de resistencia necesitas. \u00a1Te ayudamos!<\/a><\/div>\n<\/div>\n\n\n\n<div class=\"wp-block-buttons is-layout-flex wp-block-buttons-is-layout-flex\">\n<div class=\"wp-block-button has-custom-width wp-block-button__width-100 is-style-fill\"><a class=\"wp-block-button__link has-white-color has-luminous-vivid-orange-background-color has-text-color has-background no-border-radius wp-element-button\" href=\"https:\/\/ollerpintures.com\/contacto-oller-pintures\/#tiendas\">\u00bfd\u00f3nde puedes encontrarnos?<\/a><\/div>\n<\/div>\n\n\n\n<div style=\"height:73px\" aria-hidden=\"true\" class=\"wp-block-spacer\"><\/div>\n\n\n\n<hr class=\"wp-block-separator has-css-opacity\"\/>\n\n\n\n<h2 class=\"wp-block-heading has-text-align-center\"><strong>\u00daltimas entradas del <span class=\"has-inline-color has-luminous-vivid-orange-color\"><a href=\"https:\/\/ollerpintures.com\/blog-oller\/\" target=\"_blank\" rel=\"noreferrer noopener\">#BlogOller<\/a><\/span><\/strong><\/h2>\n\n\n\n<div class=\"wp-block-query is-layout-flow wp-block-query-is-layout-flow\"><ul class=\"columns-3 wp-block-post-template is-layout-grid wp-container-core-post-template-is-layout-2fc57c17 wp-block-post-template-is-layout-grid\"><li class=\"wp-block-post post-28062 post type-post status-publish format-standard has-post-thumbnail hentry category-aplicaciones generate-columns tablet-grid-50 mobile-grid-100 grid-parent grid-50 no-featured-image-padding resize-featured-image\">\n<h1 style=\"font-size:30px;\" class=\"wp-block-post-title\"><a href=\"https:\/\/ollerpintures.com\/es\/verde-para-transformar-ambientes\/\" target=\"_blank\" >Verde para transformar ambientes<\/a><\/h1>\n\n<figure class=\"alignleft wp-block-post-featured-image\"><a href=\"https:\/\/ollerpintures.com\/es\/verde-para-transformar-ambientes\/\" target=\"_self\"  ><img decoding=\"async\" width=\"1920\" height=\"1453\" src=\"https:\/\/ollerpintures.com\/wp-content\/uploads\/2025\/02\/ral-6007-ejemplos-decoracion-verde-botella-1.webp\" class=\"attachment-post-thumbnail size-post-thumbnail wp-post-image\" alt=\"Verde para transformar ambientes\" style=\"object-fit:cover;\" srcset=\"https:\/\/ollerpintures.com\/wp-content\/uploads\/2025\/02\/ral-6007-ejemplos-decoracion-verde-botella-1.webp 1920w, https:\/\/ollerpintures.com\/wp-content\/uploads\/2025\/02\/ral-6007-ejemplos-decoracion-verde-botella-1-383x290.webp 383w, https:\/\/ollerpintures.com\/wp-content\/uploads\/2025\/02\/ral-6007-ejemplos-decoracion-verde-botella-1-1024x775.webp 1024w, https:\/\/ollerpintures.com\/wp-content\/uploads\/2025\/02\/ral-6007-ejemplos-decoracion-verde-botella-1-768x581.webp 768w, https:\/\/ollerpintures.com\/wp-content\/uploads\/2025\/02\/ral-6007-ejemplos-decoracion-verde-botella-1-1536x1162.webp 1536w, https:\/\/ollerpintures.com\/wp-content\/uploads\/2025\/02\/ral-6007-ejemplos-decoracion-verde-botella-1-800x605.webp 800w\" sizes=\"(max-width: 1920px) 100vw, 1920px\" \/><\/a><\/figure>\n\n<div class=\"wp-block-post-excerpt\"><p class=\"wp-block-post-excerpt__excerpt\">Explora la gama de verdes RAL con Oller Grup para usar el verde en decoraci\u00f3n, combinaciones de colores y usos en hogar y profesionales.<\/p><p class=\"wp-block-post-excerpt__more-text\"><a class=\"wp-block-post-excerpt__more-link\" href=\"https:\/\/ollerpintures.com\/es\/verde-para-transformar-ambientes\/\"><a href=\"https:\/\/ollerpintures.com\/manteniment-de-naus-i-sols-industrials\/\" target=\"_blank\" rel=\"noreferrer noopener\">Leer m\u00e1s<\/a><\/a><\/p><\/div>\n<\/li><li class=\"wp-block-post post-25471 post type-post status-publish format-standard has-post-thumbnail hentry category-aplicaciones tag-decoracion tag-exteriores tag-fachadas tag-jardines tag-mantenimiento tag-mantenimiento-industrial tag-suelos generate-columns tablet-grid-50 mobile-grid-100 grid-parent grid-50 no-featured-image-padding resize-featured-image\">\n<h1 style=\"font-size:30px;\" class=\"wp-block-post-title\"><a href=\"https:\/\/ollerpintures.com\/es\/maquinas-tintometricas-la-formula-para-obtener-el-color-de-pintura-a-medida\/\" target=\"_blank\" >M\u00e1quinas Tintom\u00e9tricas: La F\u00f3rmula para Obtener el Color de Pintura a Medida<\/a><\/h1>\n\n<figure class=\"alignleft wp-block-post-featured-image\"><a href=\"https:\/\/ollerpintures.com\/es\/maquinas-tintometricas-la-formula-para-obtener-el-color-de-pintura-a-medida\/\" target=\"_self\"  ><img decoding=\"async\" width=\"640\" height=\"853\" src=\"https:\/\/ollerpintures.com\/wp-content\/uploads\/2022\/10\/pintura-colores-segun-muestra-badalona.webp\" class=\"attachment-post-thumbnail size-post-thumbnail wp-post-image\" alt=\"M\u00e1quinas Tintom\u00e9tricas: La F\u00f3rmula para Obtener el Color de Pintura a Medida\" style=\"object-fit:cover;\" srcset=\"https:\/\/ollerpintures.com\/wp-content\/uploads\/2022\/10\/pintura-colores-segun-muestra-badalona.webp 640w, https:\/\/ollerpintures.com\/wp-content\/uploads\/2022\/10\/pintura-colores-segun-muestra-badalona-218x290.webp 218w\" sizes=\"(max-width: 640px) 100vw, 640px\" \/><\/a><\/figure>\n\n<div class=\"wp-block-post-excerpt\"><p class=\"wp-block-post-excerpt__excerpt\">Oller Grup utiliza m\u00e1quinas tintom\u00e9tricas exclusivas por lo que ofrece colores a medida con la misma calidad y exactitud entre lotes y fechas.<\/p><p class=\"wp-block-post-excerpt__more-text\"><a class=\"wp-block-post-excerpt__more-link\" href=\"https:\/\/ollerpintures.com\/es\/maquinas-tintometricas-la-formula-para-obtener-el-color-de-pintura-a-medida\/\"><a href=\"https:\/\/ollerpintures.com\/manteniment-de-naus-i-sols-industrials\/\" target=\"_blank\" rel=\"noreferrer noopener\">Leer m\u00e1s<\/a><\/a><\/p><\/div>\n<\/li><li class=\"wp-block-post post-27154 post type-post status-publish format-standard has-post-thumbnail hentry category-aplicaciones tag-decoracion tag-exteriores tag-pavimentos generate-columns tablet-grid-50 mobile-grid-100 grid-parent grid-50 no-featured-image-padding resize-featured-image\">\n<h1 style=\"font-size:30px;\" class=\"wp-block-post-title\"><a href=\"https:\/\/ollerpintures.com\/es\/ral-9016-el-blanco-perfecto-para-todos-los-espacios\/\" target=\"_blank\" >RAL 9016, el blanco perfecto para todos los espacios<\/a><\/h1>\n\n<figure class=\"alignleft wp-block-post-featured-image\"><a href=\"https:\/\/ollerpintures.com\/es\/ral-9016-el-blanco-perfecto-para-todos-los-espacios\/\" target=\"_self\"  ><img decoding=\"async\" width=\"1024\" height=\"700\" src=\"https:\/\/ollerpintures.com\/wp-content\/uploads\/2024\/06\/blanco-trafico-ral-9016-para-decoracion-hogar_desktop.webp\" class=\"attachment-post-thumbnail size-post-thumbnail wp-post-image\" alt=\"RAL 9016, el blanco perfecto para todos los espacios\" style=\"object-fit:cover;\" srcset=\"https:\/\/ollerpintures.com\/wp-content\/uploads\/2024\/06\/blanco-trafico-ral-9016-para-decoracion-hogar_desktop.webp 1024w, https:\/\/ollerpintures.com\/wp-content\/uploads\/2024\/06\/blanco-trafico-ral-9016-para-decoracion-hogar_desktop-400x273.webp 400w, https:\/\/ollerpintures.com\/wp-content\/uploads\/2024\/06\/blanco-trafico-ral-9016-para-decoracion-hogar_desktop-768x525.webp 768w, https:\/\/ollerpintures.com\/wp-content\/uploads\/2024\/06\/blanco-trafico-ral-9016-para-decoracion-hogar_desktop-800x547.webp 800w\" sizes=\"(max-width: 1024px) 100vw, 1024px\" \/><\/a><\/figure>\n\n<div class=\"wp-block-post-excerpt\"><p class=\"wp-block-post-excerpt__excerpt\">El RAL 9016 es un sorprendente tono blanco claro conocido como blanco tr\u00e1fico, tanto vale en aplicaciones residenciales como profesionales.<\/p><p class=\"wp-block-post-excerpt__more-text\"><a class=\"wp-block-post-excerpt__more-link\" href=\"https:\/\/ollerpintures.com\/es\/ral-9016-el-blanco-perfecto-para-todos-los-espacios\/\"><a href=\"https:\/\/ollerpintures.com\/manteniment-de-naus-i-sols-industrials\/\" target=\"_blank\" rel=\"noreferrer noopener\">Leer m\u00e1s<\/a><\/a><\/p><\/div>\n<\/li><\/ul>\n\n\n<p><\/p>\n<\/div>\n\n\n\n<div class=\"wp-block-buttons is-layout-flex wp-block-buttons-is-layout-flex\"><\/div>\n\n\n\n<div style=\"height:10px\" aria-hidden=\"true\" class=\"wp-block-spacer\"><\/div>\n","protected":false},"excerpt":{"rendered":"<p>Encuentra la mejor protecci\u00f3n contra el fuego para hormig\u00f3n entre los productos de Oller Pintures. Protege estructuras de hormig\u00f3n del fuego y trabaja en un &#8230; <\/p>\n<p class=\"read-more-container\"><a title=\"Pintura intumescente para hormig\u00f3n\" class=\"read-more button\" href=\"https:\/\/ollerpintures.com\/es\/pinturas-intumescentes-para-hormigon\/#more-15098\" aria-label=\"Leer m\u00e1s sobre Pintura intumescente para hormig\u00f3n\">Leer m\u00e1s<\/a><\/p>\n","protected":false},"author":3,"featured_media":15101,"parent":0,"menu_order":0,"comment_status":"closed","ping_status":"closed","template":"","meta":{"_acf_changed":false,"footnotes":""},"class_list":{"0":"post-15098","1":"page","2":"type-page","3":"status-publish","4":"has-post-thumbnail","6":"no-featured-image-padding","7":"resize-featured-image"},"acf":[],"yoast_head":"<!-- This site is optimized with the Yoast SEO plugin v27.1.1 - https:\/\/yoast.com\/product\/yoast-seo-wordpress\/ -->\n<title>Pintura intumescente para hormig\u00f3n - Oller Pinturas<\/title>\n<meta name=\"description\" content=\"Pintura intumescente para hormig\u00f3n, la mejor protecci\u00f3n contra el fuego para hormig\u00f3n entre los productos de Oller Pintures.\" \/>\n<meta name=\"robots\" content=\"index, follow, max-snippet:-1, max-image-preview:large, max-video-preview:-1\" \/>\n<link rel=\"canonical\" href=\"https:\/\/ollerpintures.com\/es\/pinturas-intumescentes-para-hormigon\/\" \/>\n<meta property=\"og:locale\" content=\"es_ES\" \/>\n<meta property=\"og:type\" content=\"article\" \/>\n<meta property=\"og:title\" content=\"Pintura intumescente para hormig\u00f3n - Oller Pinturas\" \/>\n<meta property=\"og:description\" content=\"Pintura intumescente para hormig\u00f3n, la mejor protecci\u00f3n contra el fuego para hormig\u00f3n entre los productos de Oller Pintures.\" \/>\n<meta property=\"og:url\" content=\"https:\/\/ollerpintures.com\/es\/pinturas-intumescentes-para-hormigon\/\" \/>\n<meta property=\"og:site_name\" content=\"Oller Pinturas y revestimientos\" \/>\n<meta property=\"article:publisher\" content=\"https:\/\/www.facebook.com\/people\/Oller-Pintures\/100063652056709\/\" \/>\n<meta property=\"article:modified_time\" content=\"2024-05-15T15:13:35+00:00\" \/>\n<meta property=\"og:image\" content=\"https:\/\/ollerpintures.com\/wp-content\/uploads\/2021\/10\/barniz-intumescente-cedria-b-19-madera-r90-online-oller-pintures.png\" \/>\n\t<meta property=\"og:image:width\" content=\"538\" \/>\n\t<meta property=\"og:image:height\" content=\"463\" \/>\n\t<meta property=\"og:image:type\" content=\"image\/png\" \/>\n<meta name=\"twitter:card\" content=\"summary_large_image\" \/>\n<meta name=\"twitter:image\" content=\"https:\/\/ollerpintures.com\/wp-content\/uploads\/2021\/10\/barniz-intumescente-cedria-b-19-madera-r90-online-oller-pintures.png\" \/>\n<meta name=\"twitter:label1\" content=\"Tiempo de lectura\" \/>\n\t<meta name=\"twitter:data1\" content=\"2 minutos\" \/>\n<script type=\"application\/ld+json\" class=\"yoast-schema-graph\">{\"@context\":\"https:\/\/schema.org\",\"@graph\":[{\"@type\":\"WebPage\",\"@id\":\"https:\/\/ollerpintures.com\/es\/pinturas-intumescentes-para-hormigon\/\",\"url\":\"https:\/\/ollerpintures.com\/es\/pinturas-intumescentes-para-hormigon\/\",\"name\":\"Pintura intumescente para hormig\u00f3n - Oller Pinturas\",\"isPartOf\":{\"@id\":\"https:\/\/ollerpintures.com\/es\/#website\"},\"primaryImageOfPage\":{\"@id\":\"https:\/\/ollerpintures.com\/es\/pinturas-intumescentes-para-hormigon\/#primaryimage\"},\"image\":{\"@id\":\"https:\/\/ollerpintures.com\/es\/pinturas-intumescentes-para-hormigon\/#primaryimage\"},\"thumbnailUrl\":\"https:\/\/ollerpintures.com\/wp-content\/uploads\/2021\/10\/pintura-intumescente-para-hormigon-proteccion-contra-el-fuego-oller-pintures.jpg\",\"datePublished\":\"2021-10-26T09:46:36+00:00\",\"dateModified\":\"2024-05-15T15:13:35+00:00\",\"description\":\"Pintura intumescente para hormig\u00f3n, la mejor protecci\u00f3n contra el fuego para hormig\u00f3n entre los productos de Oller Pintures.\",\"breadcrumb\":{\"@id\":\"https:\/\/ollerpintures.com\/es\/pinturas-intumescentes-para-hormigon\/#breadcrumb\"},\"inLanguage\":\"es\",\"potentialAction\":[{\"@type\":\"ReadAction\",\"target\":[\"https:\/\/ollerpintures.com\/es\/pinturas-intumescentes-para-hormigon\/\"]}]},{\"@type\":\"ImageObject\",\"inLanguage\":\"es\",\"@id\":\"https:\/\/ollerpintures.com\/es\/pinturas-intumescentes-para-hormigon\/#primaryimage\",\"url\":\"https:\/\/ollerpintures.com\/wp-content\/uploads\/2021\/10\/pintura-intumescente-para-hormigon-proteccion-contra-el-fuego-oller-pintures.jpg\",\"contentUrl\":\"https:\/\/ollerpintures.com\/wp-content\/uploads\/2021\/10\/pintura-intumescente-para-hormigon-proteccion-contra-el-fuego-oller-pintures.jpg\",\"width\":269,\"height\":187,\"caption\":\"pintura intumescente para hormig\u00f3n Ablanite euroqu\u00edmica\"},{\"@type\":\"BreadcrumbList\",\"@id\":\"https:\/\/ollerpintures.com\/es\/pinturas-intumescentes-para-hormigon\/#breadcrumb\",\"itemListElement\":[{\"@type\":\"ListItem\",\"position\":1,\"name\":\"Inici\",\"item\":\"https:\/\/ollerpintures.com\/es\/\"},{\"@type\":\"ListItem\",\"position\":2,\"name\":\"Pintura intumescente para hormig\u00f3n\"}]},{\"@type\":\"WebSite\",\"@id\":\"https:\/\/ollerpintures.com\/es\/#website\",\"url\":\"https:\/\/ollerpintures.com\/es\/\",\"name\":\"Oller Pinturas y Revestimientos\",\"description\":\"M\u00e1s de 50 a\u00f1os acompa\u00f1ando a profesionales y particulares con soluciones de pintura duraderas y sostenibles, seis tiendas de proximidad con servicio tintom\u00e9trico propio y un compromiso real con el oficio y las nuevas generaciones.\",\"publisher\":{\"@id\":\"https:\/\/ollerpintures.com\/es\/#organization\"},\"alternateName\":\"Oller Grup\",\"potentialAction\":[{\"@type\":\"SearchAction\",\"target\":{\"@type\":\"EntryPoint\",\"urlTemplate\":\"https:\/\/ollerpintures.com\/es\/?s={search_term_string}\"},\"query-input\":{\"@type\":\"PropertyValueSpecification\",\"valueRequired\":true,\"valueName\":\"search_term_string\"}}],\"inLanguage\":\"es\"},{\"@type\":\"Organization\",\"@id\":\"https:\/\/ollerpintures.com\/es\/#organization\",\"name\":\"Oller Pintures i Revestiments\",\"alternateName\":\"Oller Grup\",\"url\":\"https:\/\/ollerpintures.com\/es\/\",\"logo\":{\"@type\":\"ImageObject\",\"inLanguage\":\"es\",\"@id\":\"https:\/\/ollerpintures.com\/es\/#\/schema\/logo\/image\/\",\"url\":\"https:\/\/ollerpintures.com\/wp-content\/uploads\/2024\/05\/newLogo.png\",\"contentUrl\":\"https:\/\/ollerpintures.com\/wp-content\/uploads\/2024\/05\/newLogo.png\",\"width\":483,\"height\":244,\"caption\":\"Oller Pintures i Revestiments\"},\"image\":{\"@id\":\"https:\/\/ollerpintures.com\/es\/#\/schema\/logo\/image\/\"},\"sameAs\":[\"https:\/\/www.facebook.com\/people\/Oller-Pintures\/100063652056709\/\",\"https:\/\/www.instagram.com\/ollerpintures\/\",\"https:\/\/descriptor.es\/organization\/oller-grup\/\"]}]}<\/script>\n<!-- \/ Yoast SEO plugin. -->","yoast_head_json":{"title":"Pintura intumescente para hormig\u00f3n - Oller Pinturas","description":"Pintura intumescente para hormig\u00f3n, la mejor protecci\u00f3n contra el fuego para hormig\u00f3n entre los productos de Oller Pintures.","robots":{"index":"index","follow":"follow","max-snippet":"max-snippet:-1","max-image-preview":"max-image-preview:large","max-video-preview":"max-video-preview:-1"},"canonical":"https:\/\/ollerpintures.com\/es\/pinturas-intumescentes-para-hormigon\/","og_locale":"es_ES","og_type":"article","og_title":"Pintura intumescente para hormig\u00f3n - Oller Pinturas","og_description":"Pintura intumescente para hormig\u00f3n, la mejor protecci\u00f3n contra el fuego para hormig\u00f3n entre los productos de Oller Pintures.","og_url":"https:\/\/ollerpintures.com\/es\/pinturas-intumescentes-para-hormigon\/","og_site_name":"Oller Pinturas y revestimientos","article_publisher":"https:\/\/www.facebook.com\/people\/Oller-Pintures\/100063652056709\/","article_modified_time":"2024-05-15T15:13:35+00:00","og_image":[{"width":538,"height":463,"url":"https:\/\/ollerpintures.com\/wp-content\/uploads\/2021\/10\/barniz-intumescente-cedria-b-19-madera-r90-online-oller-pintures.png","type":"image\/png"}],"twitter_card":"summary_large_image","twitter_image":"https:\/\/ollerpintures.com\/wp-content\/uploads\/2021\/10\/barniz-intumescente-cedria-b-19-madera-r90-online-oller-pintures.png","twitter_misc":{"Tiempo de lectura":"2 minutos"},"schema":{"@context":"https:\/\/schema.org","@graph":[{"@type":"WebPage","@id":"https:\/\/ollerpintures.com\/es\/pinturas-intumescentes-para-hormigon\/","url":"https:\/\/ollerpintures.com\/es\/pinturas-intumescentes-para-hormigon\/","name":"Pintura intumescente para hormig\u00f3n - Oller Pinturas","isPartOf":{"@id":"https:\/\/ollerpintures.com\/es\/#website"},"primaryImageOfPage":{"@id":"https:\/\/ollerpintures.com\/es\/pinturas-intumescentes-para-hormigon\/#primaryimage"},"image":{"@id":"https:\/\/ollerpintures.com\/es\/pinturas-intumescentes-para-hormigon\/#primaryimage"},"thumbnailUrl":"https:\/\/ollerpintures.com\/wp-content\/uploads\/2021\/10\/pintura-intumescente-para-hormigon-proteccion-contra-el-fuego-oller-pintures.jpg","datePublished":"2021-10-26T09:46:36+00:00","dateModified":"2024-05-15T15:13:35+00:00","description":"Pintura intumescente para hormig\u00f3n, la mejor protecci\u00f3n contra el fuego para hormig\u00f3n entre los productos de Oller Pintures.","breadcrumb":{"@id":"https:\/\/ollerpintures.com\/es\/pinturas-intumescentes-para-hormigon\/#breadcrumb"},"inLanguage":"es","potentialAction":[{"@type":"ReadAction","target":["https:\/\/ollerpintures.com\/es\/pinturas-intumescentes-para-hormigon\/"]}]},{"@type":"ImageObject","inLanguage":"es","@id":"https:\/\/ollerpintures.com\/es\/pinturas-intumescentes-para-hormigon\/#primaryimage","url":"https:\/\/ollerpintures.com\/wp-content\/uploads\/2021\/10\/pintura-intumescente-para-hormigon-proteccion-contra-el-fuego-oller-pintures.jpg","contentUrl":"https:\/\/ollerpintures.com\/wp-content\/uploads\/2021\/10\/pintura-intumescente-para-hormigon-proteccion-contra-el-fuego-oller-pintures.jpg","width":269,"height":187,"caption":"pintura intumescente para hormig\u00f3n Ablanite euroqu\u00edmica"},{"@type":"BreadcrumbList","@id":"https:\/\/ollerpintures.com\/es\/pinturas-intumescentes-para-hormigon\/#breadcrumb","itemListElement":[{"@type":"ListItem","position":1,"name":"Inici","item":"https:\/\/ollerpintures.com\/es\/"},{"@type":"ListItem","position":2,"name":"Pintura intumescente para hormig\u00f3n"}]},{"@type":"WebSite","@id":"https:\/\/ollerpintures.com\/es\/#website","url":"https:\/\/ollerpintures.com\/es\/","name":"Oller Pinturas y Revestimientos","description":"M\u00e1s de 50 a\u00f1os acompa\u00f1ando a profesionales y particulares con soluciones de pintura duraderas y sostenibles, seis tiendas de proximidad con servicio tintom\u00e9trico propio y un compromiso real con el oficio y las nuevas generaciones.","publisher":{"@id":"https:\/\/ollerpintures.com\/es\/#organization"},"alternateName":"Oller Grup","potentialAction":[{"@type":"SearchAction","target":{"@type":"EntryPoint","urlTemplate":"https:\/\/ollerpintures.com\/es\/?s={search_term_string}"},"query-input":{"@type":"PropertyValueSpecification","valueRequired":true,"valueName":"search_term_string"}}],"inLanguage":"es"},{"@type":"Organization","@id":"https:\/\/ollerpintures.com\/es\/#organization","name":"Oller Pintures i Revestiments","alternateName":"Oller Grup","url":"https:\/\/ollerpintures.com\/es\/","logo":{"@type":"ImageObject","inLanguage":"es","@id":"https:\/\/ollerpintures.com\/es\/#\/schema\/logo\/image\/","url":"https:\/\/ollerpintures.com\/wp-content\/uploads\/2024\/05\/newLogo.png","contentUrl":"https:\/\/ollerpintures.com\/wp-content\/uploads\/2024\/05\/newLogo.png","width":483,"height":244,"caption":"Oller Pintures i Revestiments"},"image":{"@id":"https:\/\/ollerpintures.com\/es\/#\/schema\/logo\/image\/"},"sameAs":["https:\/\/www.facebook.com\/people\/Oller-Pintures\/100063652056709\/","https:\/\/www.instagram.com\/ollerpintures\/","https:\/\/descriptor.es\/organization\/oller-grup\/"]}]}},"_links":{"self":[{"href":"https:\/\/ollerpintures.com\/es\/wp-json\/wp\/v2\/pages\/15098","targetHints":{"allow":["GET"]}}],"collection":[{"href":"https:\/\/ollerpintures.com\/es\/wp-json\/wp\/v2\/pages"}],"about":[{"href":"https:\/\/ollerpintures.com\/es\/wp-json\/wp\/v2\/types\/page"}],"author":[{"embeddable":true,"href":"https:\/\/ollerpintures.com\/es\/wp-json\/wp\/v2\/users\/3"}],"replies":[{"embeddable":true,"href":"https:\/\/ollerpintures.com\/es\/wp-json\/wp\/v2\/comments?post=15098"}],"version-history":[{"count":1,"href":"https:\/\/ollerpintures.com\/es\/wp-json\/wp\/v2\/pages\/15098\/revisions"}],"predecessor-version":[{"id":26908,"href":"https:\/\/ollerpintures.com\/es\/wp-json\/wp\/v2\/pages\/15098\/revisions\/26908"}],"wp:featuredmedia":[{"embeddable":true,"href":"https:\/\/ollerpintures.com\/es\/wp-json\/wp\/v2\/media\/15101"}],"wp:attachment":[{"href":"https:\/\/ollerpintures.com\/es\/wp-json\/wp\/v2\/media?parent=15098"}],"curies":[{"name":"wp","href":"https:\/\/api.w.org\/{rel}","templated":true}]}}