{"id":13671,"date":"2021-09-09T06:09:53","date_gmt":"2021-09-09T05:09:53","guid":{"rendered":"https:\/\/oller-pintures.c.wetopi.com\/mi-cuenta\/"},"modified":"2024-05-15T15:56:14","modified_gmt":"2024-05-15T14:56:14","slug":"mi-cuenta","status":"publish","type":"page","link":"https:\/\/ollerpintures.com\/es\/mi-cuenta\/","title":{"rendered":"Mi cuenta"},"content":{"rendered":"<div class=\"woocommerce\"><\/div>\n","protected":false},"excerpt":{"rendered":"","protected":false},"author":3,"featured_media":0,"parent":0,"menu_order":0,"comment_status":"closed","ping_status":"closed","template":"","meta":{"_acf_changed":false,"footnotes":""},"class_list":{"0":"post-13671","1":"page","2":"type-page","3":"status-publish","5":"no-featured-image-padding"},"acf":[],"yoast_head":"<!-- This site is optimized with the Yoast SEO plugin v27.1.1 - https:\/\/yoast.com\/product\/yoast-seo-wordpress\/ -->\n<title>Mi cuenta - Oller Pinturas y revestimientos<\/title>\n<meta name=\"description\" content=\"Oller Pinturas y revestimientos per a professionals, ind\u00fastries, obres p\u00fabliques, bricolatge. Pintures de qualitat professional i molt m\u00e9s!\" \/>\n<meta name=\"robots\" content=\"noindex, follow\" \/>\n<meta property=\"og:locale\" content=\"es_ES\" \/>\n<meta property=\"og:type\" content=\"article\" \/>\n<meta property=\"og:title\" content=\"Mi cuenta - Oller Pinturas y revestimientos\" \/>\n<meta property=\"og:description\" content=\"Oller Pinturas y revestimientos per a professionals, ind\u00fastries, obres p\u00fabliques, bricolatge. Pintures de qualitat professional i molt m\u00e9s!\" \/>\n<meta property=\"og:url\" content=\"https:\/\/ollerpintures.com\/es\/mi-cuenta\/\" \/>\n<meta property=\"og:site_name\" content=\"Oller Pinturas y revestimientos\" \/>\n<meta property=\"article:publisher\" content=\"https:\/\/www.facebook.com\/people\/Oller-Pintures\/100063652056709\/\" \/>\n<meta property=\"article:modified_time\" content=\"2024-05-15T14:56:14+00:00\" \/>\n<meta property=\"og:image\" content=\"https:\/\/ollerpintures.com\/wp-content\/uploads\/2022\/05\/pinturas-venta-pinturas-distribuidores-mayorista-oller-pintures-granollers-tienda.jpg\" \/>\n\t<meta property=\"og:image:width\" content=\"1920\" \/>\n\t<meta property=\"og:image:height\" content=\"866\" \/>\n\t<meta property=\"og:image:type\" content=\"image\/jpeg\" \/>\n<meta name=\"twitter:card\" content=\"summary_large_image\" \/>\n<meta name=\"twitter:label1\" content=\"Tiempo de lectura\" \/>\n\t<meta name=\"twitter:data1\" content=\"1 minuto\" \/>\n<script type=\"application\/ld+json\" class=\"yoast-schema-graph\">{\"@context\":\"https:\/\/schema.org\",\"@graph\":[{\"@type\":\"WebPage\",\"@id\":\"https:\/\/ollerpintures.com\/es\/mi-cuenta\/\",\"url\":\"https:\/\/ollerpintures.com\/es\/mi-cuenta\/\",\"name\":\"Mi cuenta - Oller Pinturas y revestimientos\",\"isPartOf\":{\"@id\":\"https:\/\/ollerpintures.com\/es\/#website\"},\"datePublished\":\"2021-09-09T05:09:53+00:00\",\"dateModified\":\"2024-05-15T14:56:14+00:00\",\"description\":\"Oller Pinturas y revestimientos per a professionals, ind\u00fastries, obres p\u00fabliques, bricolatge. Pintures de qualitat professional i molt m\u00e9s!\",\"breadcrumb\":{\"@id\":\"https:\/\/ollerpintures.com\/es\/mi-cuenta\/#breadcrumb\"},\"inLanguage\":\"es\",\"potentialAction\":[{\"@type\":\"ReadAction\",\"target\":[\"https:\/\/ollerpintures.com\/es\/mi-cuenta\/\"]}]},{\"@type\":\"BreadcrumbList\",\"@id\":\"https:\/\/ollerpintures.com\/es\/mi-cuenta\/#breadcrumb\",\"itemListElement\":[{\"@type\":\"ListItem\",\"position\":1,\"name\":\"Inici\",\"item\":\"https:\/\/ollerpintures.com\/es\/\"},{\"@type\":\"ListItem\",\"position\":2,\"name\":\"Mi cuenta\"}]},{\"@type\":\"WebSite\",\"@id\":\"https:\/\/ollerpintures.com\/es\/#website\",\"url\":\"https:\/\/ollerpintures.com\/es\/\",\"name\":\"Oller Pinturas y Revestimientos\",\"description\":\"M\u00e1s de 50 a\u00f1os acompa\u00f1ando a profesionales y particulares con soluciones de pintura duraderas y sostenibles, seis tiendas de proximidad con servicio tintom\u00e9trico propio y un compromiso real con el oficio y las nuevas generaciones.\",\"publisher\":{\"@id\":\"https:\/\/ollerpintures.com\/es\/#organization\"},\"alternateName\":\"Oller Grup\",\"potentialAction\":[{\"@type\":\"SearchAction\",\"target\":{\"@type\":\"EntryPoint\",\"urlTemplate\":\"https:\/\/ollerpintures.com\/es\/?s={search_term_string}\"},\"query-input\":{\"@type\":\"PropertyValueSpecification\",\"valueRequired\":true,\"valueName\":\"search_term_string\"}}],\"inLanguage\":\"es\"},{\"@type\":\"Organization\",\"@id\":\"https:\/\/ollerpintures.com\/es\/#organization\",\"name\":\"Oller Pintures i Revestiments\",\"alternateName\":\"Oller Grup\",\"url\":\"https:\/\/ollerpintures.com\/es\/\",\"logo\":{\"@type\":\"ImageObject\",\"inLanguage\":\"es\",\"@id\":\"https:\/\/ollerpintures.com\/es\/#\/schema\/logo\/image\/\",\"url\":\"https:\/\/ollerpintures.com\/wp-content\/uploads\/2024\/05\/newLogo.png\",\"contentUrl\":\"https:\/\/ollerpintures.com\/wp-content\/uploads\/2024\/05\/newLogo.png\",\"width\":483,\"height\":244,\"caption\":\"Oller Pintures i Revestiments\"},\"image\":{\"@id\":\"https:\/\/ollerpintures.com\/es\/#\/schema\/logo\/image\/\"},\"sameAs\":[\"https:\/\/www.facebook.com\/people\/Oller-Pintures\/100063652056709\/\",\"https:\/\/www.instagram.com\/ollerpintures\/\",\"https:\/\/descriptor.es\/organization\/oller-grup\/\"]}]}<\/script>\n<!-- \/ Yoast SEO plugin. -->","yoast_head_json":{"title":"Mi cuenta - Oller Pinturas y revestimientos","description":"Oller Pinturas y revestimientos per a professionals, ind\u00fastries, obres p\u00fabliques, bricolatge. Pintures de qualitat professional i molt m\u00e9s!","robots":{"index":"noindex","follow":"follow"},"og_locale":"es_ES","og_type":"article","og_title":"Mi cuenta - Oller Pinturas y revestimientos","og_description":"Oller Pinturas y revestimientos per a professionals, ind\u00fastries, obres p\u00fabliques, bricolatge. Pintures de qualitat professional i molt m\u00e9s!","og_url":"https:\/\/ollerpintures.com\/es\/mi-cuenta\/","og_site_name":"Oller Pinturas y revestimientos","article_publisher":"https:\/\/www.facebook.com\/people\/Oller-Pintures\/100063652056709\/","article_modified_time":"2024-05-15T14:56:14+00:00","og_image":[{"width":1920,"height":866,"url":"https:\/\/ollerpintures.com\/wp-content\/uploads\/2022\/05\/pinturas-venta-pinturas-distribuidores-mayorista-oller-pintures-granollers-tienda.jpg","type":"image\/jpeg"}],"twitter_card":"summary_large_image","twitter_misc":{"Tiempo de lectura":"1 minuto"},"schema":{"@context":"https:\/\/schema.org","@graph":[{"@type":"WebPage","@id":"https:\/\/ollerpintures.com\/es\/mi-cuenta\/","url":"https:\/\/ollerpintures.com\/es\/mi-cuenta\/","name":"Mi cuenta - Oller Pinturas y revestimientos","isPartOf":{"@id":"https:\/\/ollerpintures.com\/es\/#website"},"datePublished":"2021-09-09T05:09:53+00:00","dateModified":"2024-05-15T14:56:14+00:00","description":"Oller Pinturas y revestimientos per a professionals, ind\u00fastries, obres p\u00fabliques, bricolatge. Pintures de qualitat professional i molt m\u00e9s!","breadcrumb":{"@id":"https:\/\/ollerpintures.com\/es\/mi-cuenta\/#breadcrumb"},"inLanguage":"es","potentialAction":[{"@type":"ReadAction","target":["https:\/\/ollerpintures.com\/es\/mi-cuenta\/"]}]},{"@type":"BreadcrumbList","@id":"https:\/\/ollerpintures.com\/es\/mi-cuenta\/#breadcrumb","itemListElement":[{"@type":"ListItem","position":1,"name":"Inici","item":"https:\/\/ollerpintures.com\/es\/"},{"@type":"ListItem","position":2,"name":"Mi cuenta"}]},{"@type":"WebSite","@id":"https:\/\/ollerpintures.com\/es\/#website","url":"https:\/\/ollerpintures.com\/es\/","name":"Oller Pinturas y Revestimientos","description":"M\u00e1s de 50 a\u00f1os acompa\u00f1ando a profesionales y particulares con soluciones de pintura duraderas y sostenibles, seis tiendas de proximidad con servicio tintom\u00e9trico propio y un compromiso real con el oficio y las nuevas generaciones.","publisher":{"@id":"https:\/\/ollerpintures.com\/es\/#organization"},"alternateName":"Oller Grup","potentialAction":[{"@type":"SearchAction","target":{"@type":"EntryPoint","urlTemplate":"https:\/\/ollerpintures.com\/es\/?s={search_term_string}"},"query-input":{"@type":"PropertyValueSpecification","valueRequired":true,"valueName":"search_term_string"}}],"inLanguage":"es"},{"@type":"Organization","@id":"https:\/\/ollerpintures.com\/es\/#organization","name":"Oller Pintures i Revestiments","alternateName":"Oller Grup","url":"https:\/\/ollerpintures.com\/es\/","logo":{"@type":"ImageObject","inLanguage":"es","@id":"https:\/\/ollerpintures.com\/es\/#\/schema\/logo\/image\/","url":"https:\/\/ollerpintures.com\/wp-content\/uploads\/2024\/05\/newLogo.png","contentUrl":"https:\/\/ollerpintures.com\/wp-content\/uploads\/2024\/05\/newLogo.png","width":483,"height":244,"caption":"Oller Pintures i Revestiments"},"image":{"@id":"https:\/\/ollerpintures.com\/es\/#\/schema\/logo\/image\/"},"sameAs":["https:\/\/www.facebook.com\/people\/Oller-Pintures\/100063652056709\/","https:\/\/www.instagram.com\/ollerpintures\/","https:\/\/descriptor.es\/organization\/oller-grup\/"]}]}},"_links":{"self":[{"href":"https:\/\/ollerpintures.com\/es\/wp-json\/wp\/v2\/pages\/13671","targetHints":{"allow":["GET"]}}],"collection":[{"href":"https:\/\/ollerpintures.com\/es\/wp-json\/wp\/v2\/pages"}],"about":[{"href":"https:\/\/ollerpintures.com\/es\/wp-json\/wp\/v2\/types\/page"}],"author":[{"embeddable":true,"href":"https:\/\/ollerpintures.com\/es\/wp-json\/wp\/v2\/users\/3"}],"replies":[{"embeddable":true,"href":"https:\/\/ollerpintures.com\/es\/wp-json\/wp\/v2\/comments?post=13671"}],"version-history":[{"count":1,"href":"https:\/\/ollerpintures.com\/es\/wp-json\/wp\/v2\/pages\/13671\/revisions"}],"predecessor-version":[{"id":26822,"href":"https:\/\/ollerpintures.com\/es\/wp-json\/wp\/v2\/pages\/13671\/revisions\/26822"}],"wp:attachment":[{"href":"https:\/\/ollerpintures.com\/es\/wp-json\/wp\/v2\/media?parent=13671"}],"curies":[{"name":"wp","href":"https:\/\/api.w.org\/{rel}","templated":true}]}}