{"id":13548,"date":"2021-09-15T11:46:52","date_gmt":"2021-09-15T10:46:52","guid":{"rendered":"https:\/\/oller-pintures.c.wetopi.com\/?page_id=13548"},"modified":"2023-08-30T08:50:41","modified_gmt":"2023-08-30T07:50:41","slug":"maquinaria-profesional","status":"publish","type":"page","link":"https:\/\/ollerpintures.com\/es\/maquinaria-profesional\/","title":{"rendered":"Maquinaria Profesional"},"content":{"rendered":"\n<p>M\u00e1quinas y herramientas para profesionales: <strong>pulidoras, abrasivos, aspiradoras, hidrolimpiadoras<\/strong>&#8230; y todo lo que puedas necesitar para llevar a cabo tu actividad profesional con total <strong>comodidad <\/strong>y <strong>rentabilidad<\/strong>.<\/p>\n\n\n\n<p>Llevamos m\u00e1s de 55 a\u00f1os trabajando con pintores e industrias de todos los sectores: <strong><mark style=\"background-color:rgba(0, 0, 0, 0)\" class=\"has-inline-color has-luminous-vivid-orange-color\">\u00a1sabemos lo que necesitas y cu\u00e1l es la mejor soluci\u00f3n para ti!<\/mark><\/strong><\/p>\n\n\n\n<h2 class=\"wp-block-heading has-text-align-left\"><strong>Maquinaria <\/strong><mark style=\"background-color:rgba(0, 0, 0, 0);color:#46b939\" class=\"has-inline-color\"><strong>FESTOOL<\/strong>  <\/mark><\/h2>\n\n\n\n<div class=\"wp-block-columns is-layout-flex wp-container-core-columns-is-layout-9d6595d7 wp-block-columns-is-layout-flex\">\n<div class=\"wp-block-column is-layout-flow wp-block-column-is-layout-flow\">\n<p><strong>FESTOOL <\/strong>trabaja para <strong>facilitar el trabajo de los profesionales y conseguir el mejor resultado <\/strong>con la m\u00e1xima rapidez. Todas las herramientas <strong>FESTOOL<\/strong> est\u00e1n dise\u00f1adas y desarrolladas a partir de la pr\u00e1ctica. Especialistas en <strong>ebanister\u00eda, construcci\u00f3n en madera, barnizado, renovaci\u00f3n y saneamiento<\/strong>. <\/p>\n\n\n\n<pre class=\"wp-block-preformatted\">Puedes encontrar productos Festool en nuestra tienda online<\/pre>\n\n\n\n<div class=\"wp-block-buttons is-layout-flex wp-block-buttons-is-layout-flex\">\n<div class=\"wp-block-button\"><a class=\"wp-block-button__link wp-element-button\" href=\"https:\/\/ollerpintures.com\/es\/marca\/festool-es\/\" style=\"border-radius:0px\">IR A TIENDA ONLINE<\/a><\/div>\n<\/div>\n<\/div>\n\n\n\n<div class=\"wp-block-column is-layout-flow wp-block-column-is-layout-flow\">\n<figure class=\"wp-block-image size-large\"><img decoding=\"async\" width=\"1024\" height=\"300\" src=\"https:\/\/ollerpintures.com\/wp-content\/uploads\/2021\/09\/festool-maquina-maquinaria-profesional-aspiradora-lijadora-abrasivo-pulidora-mecanica-calidad-comprar-oller-pintures-1024x300.jpg\" alt=\"maquinaria Festool\" class=\"wp-image-13552\" srcset=\"https:\/\/ollerpintures.com\/wp-content\/uploads\/2021\/09\/festool-maquina-maquinaria-profesional-aspiradora-lijadora-abrasivo-pulidora-mecanica-calidad-comprar-oller-pintures-1024x300.jpg 1024w, https:\/\/ollerpintures.com\/wp-content\/uploads\/2021\/09\/festool-maquina-maquinaria-profesional-aspiradora-lijadora-abrasivo-pulidora-mecanica-calidad-comprar-oller-pintures-400x117.jpg 400w, https:\/\/ollerpintures.com\/wp-content\/uploads\/2021\/09\/festool-maquina-maquinaria-profesional-aspiradora-lijadora-abrasivo-pulidora-mecanica-calidad-comprar-oller-pintures-768x225.jpg 768w, https:\/\/ollerpintures.com\/wp-content\/uploads\/2021\/09\/festool-maquina-maquinaria-profesional-aspiradora-lijadora-abrasivo-pulidora-mecanica-calidad-comprar-oller-pintures-1536x449.jpg 1536w, https:\/\/ollerpintures.com\/wp-content\/uploads\/2021\/09\/festool-maquina-maquinaria-profesional-aspiradora-lijadora-abrasivo-pulidora-mecanica-calidad-comprar-oller-pintures-800x234.jpg 800w, https:\/\/ollerpintures.com\/wp-content\/uploads\/2021\/09\/festool-maquina-maquinaria-profesional-aspiradora-lijadora-abrasivo-pulidora-mecanica-calidad-comprar-oller-pintures.jpg 1665w\" sizes=\"(max-width: 1024px) 100vw, 1024px\" \/><\/figure>\n<\/div>\n<\/div>\n\n\n\n<div style=\"height:100px\" aria-hidden=\"true\" class=\"wp-block-spacer\"><\/div>\n\n\n\n<h2 class=\"wp-block-heading has-text-align-left\"><strong>Maquinaria <mark style=\"background-color:rgba(0, 0, 0, 0);color:#eeb82c\" class=\"has-inline-color\">STANLEY<\/mark><\/strong><\/h2>\n\n\n\n<div class=\"wp-block-columns is-layout-flex wp-container-core-columns-is-layout-9d6595d7 wp-block-columns-is-layout-flex\">\n<div class=\"wp-block-column is-layout-flow wp-block-column-is-layout-flow\">\n<p>Maquinaria y herramientas para mejorar el rendimiento de tu actividad y facilitarte el trabajo: limpieza de superficies y materiales de la forma m\u00e1s r\u00e1pida posible gracias a las mangueras de agua de alta presi\u00f3n Stanley. <\/p>\n\n\n\n<p><strong><mark style=\"background-color:rgba(0, 0, 0, 0)\" class=\"has-inline-color has-luminous-vivid-orange-color\">Tenemos la m\u00e1quina que buscas y necesitas,<\/mark><\/strong> solo tienes que contactar directamente con <strong>nosotros y pedirnos la m\u00e1quina que quieres<\/strong>. Indica el n\u00famero de referencia <strong>STANLEY <\/strong>y cons\u00edguela con total comodidad: <strong>recogida en tienda <\/strong>o <strong>servicio de entrega<\/strong> donde indiques.  <\/p>\n\n\n\n<pre class=\"wp-block-preformatted\">Puedes encontrar productos Stanley en nuestra tienda online<\/pre>\n\n\n\n<div class=\"wp-block-buttons is-layout-flex wp-block-buttons-is-layout-flex\">\n<div class=\"wp-block-button\"><a class=\"wp-block-button__link wp-element-button\" href=\"https:\/\/ollerpintures.com\/es\/marca\/stanley-es\/\" style=\"border-radius:0px\">IR A TIENDA ONLINE<\/a><\/div>\n<\/div>\n<\/div>\n\n\n\n<div class=\"wp-block-column is-layout-flow wp-block-column-is-layout-flow\">\n<figure class=\"wp-block-image size-full is-resized\"><img decoding=\"async\" src=\"https:\/\/ollerpintures.com\/wp-content\/uploads\/2021\/06\/maquinas-para-pintar-online-oller-pintura.jpg\" alt=\"maquinaria professional\" class=\"wp-image-11840\" width=\"450\" height=\"450\" srcset=\"https:\/\/ollerpintures.com\/wp-content\/uploads\/2021\/06\/maquinas-para-pintar-online-oller-pintura.jpg 600w, https:\/\/ollerpintures.com\/wp-content\/uploads\/2021\/06\/maquinas-para-pintar-online-oller-pintura-290x290.jpg 290w, https:\/\/ollerpintures.com\/wp-content\/uploads\/2021\/06\/maquinas-para-pintar-online-oller-pintura-150x150.jpg 150w, https:\/\/ollerpintures.com\/wp-content\/uploads\/2021\/06\/maquinas-para-pintar-online-oller-pintura-100x100.jpg 100w\" sizes=\"(max-width: 450px) 100vw, 450px\" \/><\/figure>\n<\/div>\n<\/div>\n\n\n\n<div class=\"wp-block-columns is-layout-flex wp-container-core-columns-is-layout-9d6595d7 wp-block-columns-is-layout-flex\">\n<div class=\"wp-block-column is-layout-flow wp-block-column-is-layout-flow\">\n<hr class=\"wp-block-separator has-alpha-channel-opacity is-style-default\"\/>\n<\/div>\n\n\n\n<div class=\"wp-block-column is-layout-flow wp-block-column-is-layout-flow\">\n<h2 class=\"wp-block-heading has-text-align-center has-text-color\" style=\"color:#ff6201\">PIDE PRESUPUESTO A MEDIDA<\/h2>\n<\/div>\n\n\n\n<div class=\"wp-block-column is-layout-flow wp-block-column-is-layout-flow\">\n<hr class=\"wp-block-separator has-alpha-channel-opacity is-style-default\"\/>\n<\/div>\n<\/div>\n\n\n\n<div class=\"wp-block-columns is-layout-flex wp-container-core-columns-is-layout-9d6595d7 wp-block-columns-is-layout-flex\">\n<div class=\"wp-block-column is-layout-flow wp-block-column-is-layout-flow\">\n<h2 class=\"wp-block-heading\">Contacta con nosotros<\/h2>\n\n\n\n<p>P\u00eddenos presupuesto personalizado sin compromiso a trav\u00e9s del formulario o vis\u00edtanos en cualquiera de nuestras tiendas. <\/p>\n\n\n\n<p><a href=\"https:\/\/ollerpintures.com\/es\/contacto-oller-pintures\/#tiendas\"><strong>VER TIENDAS<\/strong><\/a><\/p>\n<\/div>\n\n\n\n<div class=\"wp-block-column is-layout-flow wp-block-column-is-layout-flow\">\n<div class=\"wp-block-contact-form-7-contact-form-selector\">\n<div class=\"wpcf7 no-js\" id=\"wpcf7-f3620-o1\" lang=\"es-ES\" dir=\"ltr\" data-wpcf7-id=\"3620\">\n<div class=\"screen-reader-response\"><p role=\"status\" aria-live=\"polite\" aria-atomic=\"true\"><\/p> <ul><\/ul><\/div>\n<form action=\"\/es\/wp-json\/wp\/v2\/pages\/13548#wpcf7-f3620-o1\" method=\"post\" class=\"wpcf7-form init\" aria-label=\"Formulario de contacto\" novalidate=\"novalidate\" data-status=\"init\">\n<fieldset class=\"hidden-fields-container\"><input type=\"hidden\" name=\"_wpcf7\" value=\"3620\" \/><input type=\"hidden\" name=\"_wpcf7_version\" value=\"6.1.5\" \/><input type=\"hidden\" name=\"_wpcf7_locale\" value=\"es_ES\" \/><input type=\"hidden\" name=\"_wpcf7_unit_tag\" value=\"wpcf7-f3620-o1\" \/><input type=\"hidden\" name=\"_wpcf7_container_post\" value=\"0\" \/><input type=\"hidden\" name=\"_wpcf7_posted_data_hash\" value=\"\" \/><input type=\"hidden\" name=\"_wpcf7_recaptcha_response\" value=\"\" \/>\n<\/fieldset>\n<div class=\"grid-50 tablet-grid-50 mobile-grid-100\">\n\t<div class=\"etiqueta\">\n\t\t<p>Nombre\n\t\t<\/p>\n\t<\/div>\n\t<p><span class=\"wpcf7-form-control-wrap\" data-name=\"your-name\"><input size=\"40\" maxlength=\"400\" class=\"wpcf7-form-control wpcf7-text wpcf7-validates-as-required\" aria-required=\"true\" aria-invalid=\"false\" value=\"\" type=\"text\" name=\"your-name\" \/><\/span>\n\t<\/p>\n<\/div>\n<div class=\"grid-50 tablet-grid-50 mobile-grid-100\">\n\t<div class=\"etiqueta\">\n\t\t<p>Tel\u00e9fono\n\t\t<\/p>\n\t<\/div>\n\t<p><span class=\"wpcf7-form-control-wrap\" data-name=\"your-phone\"><input size=\"40\" maxlength=\"400\" class=\"wpcf7-form-control wpcf7-text\" aria-invalid=\"false\" value=\"\" type=\"text\" name=\"your-phone\" \/><\/span>\n\t<\/p>\n<\/div>\n<div class=\"grid-100 tablet-grid-100 mobile-grid-100\">\n\t<div class=\"etiqueta\">\n\t\t<p>Correo electr\u00f3nico\n\t\t<\/p>\n\t<\/div>\n\t<p><span class=\"wpcf7-form-control-wrap\" data-name=\"your-email\"><input size=\"40\" maxlength=\"400\" class=\"wpcf7-form-control wpcf7-email wpcf7-validates-as-required wpcf7-text wpcf7-validates-as-email\" aria-required=\"true\" aria-invalid=\"false\" value=\"\" type=\"email\" name=\"your-email\" \/><\/span>\n\t<\/p>\n<\/div>\n<div class=\"grid-100 tablet-grid-100 mobile-grid-100\">\n\t<div class=\"etiqueta\">\n\t\t<p>Consulta\n\t\t<\/p>\n\t<\/div>\n\t<p><span class=\"wpcf7-form-control-wrap\" data-name=\"your-message\"><textarea cols=\"40\" rows=\"10\" maxlength=\"2000\" class=\"wpcf7-form-control wpcf7-textarea wpcf7-validates-as-required\" aria-required=\"true\" aria-invalid=\"false\" name=\"your-message\"><\/textarea><\/span>\n\t<\/p>\n<\/div>\n<div class=\"grid-100 tablet-grid-100 mobile-grid-100\">\n\t<p><span class=\"wpcf7-form-control-wrap\" data-name=\"politica\"><span class=\"wpcf7-form-control wpcf7-acceptance\"><span class=\"wpcf7-list-item\"><label><input type=\"checkbox\" name=\"politica\" value=\"1\" aria-invalid=\"false\" \/><span class=\"wpcf7-list-item-label\">He le\u00eddo y comprendido las condiciones bajo las cuales se efect\u00faan los tratamientos de datos personales, tal y como se describe en la <a href=\"\/es\/politica-de-privacidad\" target=\"_blank\">pol\u00edtica de privacidad<\/a>.<\/span><\/label><\/span><\/span><\/span>\n\t<\/p>\n\t<p><span class=\"wpcf7-form-control-wrap\" data-name=\"comercial\"><span class=\"wpcf7-form-control wpcf7-acceptance optional\"><span class=\"wpcf7-list-item\"><label><input type=\"checkbox\" name=\"comercial\" value=\"1\" aria-invalid=\"false\" \/><span class=\"wpcf7-list-item-label\">Deseo recibir informaci\u00f3n comercial de Oller Comercial de Pintures del Vall\u00e8s, S.L., seg\u00fan los condicionantes descritos en la <a href=\"\/es\/politica-de-privacidad\" target=\"_blank\">pol\u00edtica de privacidad<\/a>, que he le\u00eddo y acepto.<\/span><\/label><\/span><\/span><\/span>\n\t<\/p>\n<\/div>\n<span class=\"wpcf7-form-control-wrap recaptcha\" data-name=\"recaptcha\"><span data-sitekey=\"6LewUbQpAAAAALYztnlmK95go3uubvJ90Wf24m5m\" class=\"wpcf7-form-control wpcf7-recaptcha g-recaptcha\"><\/span>\r\n<noscript>\r\n\t<div class=\"grecaptcha-noscript\">\r\n\t\t<iframe loading=\"lazy\" src=\"https:\/\/www.google.com\/recaptcha\/api\/fallback?k=6LewUbQpAAAAALYztnlmK95go3uubvJ90Wf24m5m\" frameborder=\"0\" scrolling=\"no\" width=\"310\" height=\"430\">\r\n\t\t<\/iframe>\r\n\t\t<textarea name=\"g-recaptcha-response\" rows=\"3\" cols=\"40\" placeholder=\"Aqu\u00ed la respuesta de reCAPTCHA\">\r\n\t\t<\/textarea>\r\n\t<\/div>\r\n<\/noscript>\r\n<\/span>\n<div class=\"grid-100 tablet-grid-100 mobile-grid-100\" style=\"margin-top:15px;\">\n\t<p><input class=\"wpcf7-form-control wpcf7-submit has-spinner\" type=\"submit\" value=\"envia\" \/>\n\t<\/p>\n<\/div>\n<p><small>Este sitio est\u00e1 protegido por reCAPTCHA y se aplican la <a href=\"https:\/\/policies.google.com\/privacy\">pol\u00edtica de privacidad<\/a> y <a href=\"https:\/\/policies.google.com\/terms\">t\u00e9rminos del servicio<\/a> de Google.<br \/>\n<\/small>\n<\/p><input type='hidden' class='wpcf7-pum' value='{\"closepopup\":false,\"closedelay\":0,\"openpopup\":false,\"openpopup_id\":0}' \/><div class=\"wpcf7-response-output\" aria-hidden=\"true\"><\/div>\n<\/form>\n<\/div>\n<\/div>\n<\/div>\n<\/div>\n\n\n\n<p><\/p>\n","protected":false},"excerpt":{"rendered":"<p>M\u00e1quinas y herramientas para profesionales: pulidoras, abrasivos, aspiradoras, hidrolimpiadoras&#8230; y todo lo que puedas necesitar para llevar a cabo tu actividad profesional con total comodidad &#8230; <\/p>\n<p class=\"read-more-container\"><a title=\"Maquinaria Profesional\" class=\"read-more button\" href=\"https:\/\/ollerpintures.com\/es\/maquinaria-profesional\/#more-13548\" aria-label=\"Leer m\u00e1s sobre Maquinaria Profesional\">Leer m\u00e1s<\/a><\/p>\n","protected":false},"author":3,"featured_media":15174,"parent":0,"menu_order":0,"comment_status":"closed","ping_status":"closed","template":"","meta":{"_acf_changed":false,"footnotes":""},"class_list":{"0":"post-13548","1":"page","2":"type-page","3":"status-publish","4":"has-post-thumbnail","6":"no-featured-image-padding","7":"resize-featured-image"},"acf":[],"yoast_head":"<!-- This site is optimized with the Yoast SEO plugin v27.1.1 - https:\/\/yoast.com\/product\/yoast-seo-wordpress\/ -->\n<title>Maquinaria Profesional - Oller Pinturas y revestimientos<\/title>\n<meta name=\"description\" content=\"Oller Pinturas y revestimientos per a professionals, ind\u00fastries, obres p\u00fabliques, bricolatge. Pintures de qualitat professional i molt m\u00e9s!\" \/>\n<meta name=\"robots\" content=\"index, follow, max-snippet:-1, max-image-preview:large, max-video-preview:-1\" \/>\n<link rel=\"canonical\" href=\"https:\/\/ollerpintures.com\/es\/maquinaria-profesional\/\" \/>\n<meta property=\"og:locale\" content=\"es_ES\" \/>\n<meta property=\"og:type\" content=\"article\" \/>\n<meta property=\"og:title\" content=\"Maquinaria Profesional - Oller Pinturas y revestimientos\" \/>\n<meta property=\"og:description\" content=\"Oller Pinturas y revestimientos per a professionals, ind\u00fastries, obres p\u00fabliques, bricolatge. Pintures de qualitat professional i molt m\u00e9s!\" \/>\n<meta property=\"og:url\" content=\"https:\/\/ollerpintures.com\/es\/maquinaria-profesional\/\" \/>\n<meta property=\"og:site_name\" content=\"Oller Pinturas y revestimientos\" \/>\n<meta property=\"article:publisher\" content=\"https:\/\/www.facebook.com\/people\/Oller-Pintures\/100063652056709\/\" \/>\n<meta property=\"article:modified_time\" content=\"2023-08-30T07:50:41+00:00\" \/>\n<meta property=\"og:image\" content=\"https:\/\/ollerpintures.com\/wp-content\/uploads\/2021\/07\/pintura-para-pintores-oller-granollers-valles-comprar-online.jpeg\" \/>\n\t<meta property=\"og:image:width\" content=\"1080\" \/>\n\t<meta property=\"og:image:height\" content=\"1342\" \/>\n\t<meta property=\"og:image:type\" content=\"image\/jpeg\" \/>\n<meta name=\"twitter:card\" content=\"summary_large_image\" \/>\n<meta name=\"twitter:image\" content=\"https:\/\/ollerpintures.com\/wp-content\/uploads\/2021\/07\/pintura-per-pintor-professional-granollers-valles-oriental-oller-pintures-impermeabilitzacio-terrasses.jpeg\" \/>\n<meta name=\"twitter:label1\" content=\"Tiempo de lectura\" \/>\n\t<meta name=\"twitter:data1\" content=\"2 minutos\" \/>\n<script type=\"application\/ld+json\" class=\"yoast-schema-graph\">{\"@context\":\"https:\/\/schema.org\",\"@graph\":[{\"@type\":\"WebPage\",\"@id\":\"https:\/\/ollerpintures.com\/es\/maquinaria-profesional\/\",\"url\":\"https:\/\/ollerpintures.com\/es\/maquinaria-profesional\/\",\"name\":\"Maquinaria Profesional - Oller Pinturas y revestimientos\",\"isPartOf\":{\"@id\":\"https:\/\/ollerpintures.com\/es\/#website\"},\"primaryImageOfPage\":{\"@id\":\"https:\/\/ollerpintures.com\/es\/maquinaria-profesional\/#primaryimage\"},\"image\":{\"@id\":\"https:\/\/ollerpintures.com\/es\/maquinaria-profesional\/#primaryimage\"},\"thumbnailUrl\":\"https:\/\/ollerpintures.com\/wp-content\/uploads\/2021\/10\/amoladora-saneamiento-rg-130-e-set-dia-hd-festool-comprar-online-oller-maquinaria-para-suelo-edited.jpg\",\"datePublished\":\"2021-09-15T10:46:52+00:00\",\"dateModified\":\"2023-08-30T07:50:41+00:00\",\"description\":\"Oller Pinturas y revestimientos per a professionals, ind\u00fastries, obres p\u00fabliques, bricolatge. Pintures de qualitat professional i molt m\u00e9s!\",\"breadcrumb\":{\"@id\":\"https:\/\/ollerpintures.com\/es\/maquinaria-profesional\/#breadcrumb\"},\"inLanguage\":\"es\",\"potentialAction\":[{\"@type\":\"ReadAction\",\"target\":[\"https:\/\/ollerpintures.com\/es\/maquinaria-profesional\/\"]}]},{\"@type\":\"ImageObject\",\"inLanguage\":\"es\",\"@id\":\"https:\/\/ollerpintures.com\/es\/maquinaria-profesional\/#primaryimage\",\"url\":\"https:\/\/ollerpintures.com\/wp-content\/uploads\/2021\/10\/amoladora-saneamiento-rg-130-e-set-dia-hd-festool-comprar-online-oller-maquinaria-para-suelo-edited.jpg\",\"contentUrl\":\"https:\/\/ollerpintures.com\/wp-content\/uploads\/2021\/10\/amoladora-saneamiento-rg-130-e-set-dia-hd-festool-comprar-online-oller-maquinaria-para-suelo-edited.jpg\",\"width\":1080,\"height\":608,\"caption\":\"Amoladora saneamiento RG 130 E-Set DIA HD\"},{\"@type\":\"BreadcrumbList\",\"@id\":\"https:\/\/ollerpintures.com\/es\/maquinaria-profesional\/#breadcrumb\",\"itemListElement\":[{\"@type\":\"ListItem\",\"position\":1,\"name\":\"Inici\",\"item\":\"https:\/\/ollerpintures.com\/es\/\"},{\"@type\":\"ListItem\",\"position\":2,\"name\":\"Maquinaria Profesional\"}]},{\"@type\":\"WebSite\",\"@id\":\"https:\/\/ollerpintures.com\/es\/#website\",\"url\":\"https:\/\/ollerpintures.com\/es\/\",\"name\":\"Oller Pinturas y Revestimientos\",\"description\":\"M\u00e1s de 50 a\u00f1os acompa\u00f1ando a profesionales y particulares con soluciones de pintura duraderas y sostenibles, seis tiendas de proximidad con servicio tintom\u00e9trico propio y un compromiso real con el oficio y las nuevas generaciones.\",\"publisher\":{\"@id\":\"https:\/\/ollerpintures.com\/es\/#organization\"},\"alternateName\":\"Oller Grup\",\"potentialAction\":[{\"@type\":\"SearchAction\",\"target\":{\"@type\":\"EntryPoint\",\"urlTemplate\":\"https:\/\/ollerpintures.com\/es\/?s={search_term_string}\"},\"query-input\":{\"@type\":\"PropertyValueSpecification\",\"valueRequired\":true,\"valueName\":\"search_term_string\"}}],\"inLanguage\":\"es\"},{\"@type\":\"Organization\",\"@id\":\"https:\/\/ollerpintures.com\/es\/#organization\",\"name\":\"Oller Pintures i Revestiments\",\"alternateName\":\"Oller Grup\",\"url\":\"https:\/\/ollerpintures.com\/es\/\",\"logo\":{\"@type\":\"ImageObject\",\"inLanguage\":\"es\",\"@id\":\"https:\/\/ollerpintures.com\/es\/#\/schema\/logo\/image\/\",\"url\":\"https:\/\/ollerpintures.com\/wp-content\/uploads\/2024\/05\/newLogo.png\",\"contentUrl\":\"https:\/\/ollerpintures.com\/wp-content\/uploads\/2024\/05\/newLogo.png\",\"width\":483,\"height\":244,\"caption\":\"Oller Pintures i Revestiments\"},\"image\":{\"@id\":\"https:\/\/ollerpintures.com\/es\/#\/schema\/logo\/image\/\"},\"sameAs\":[\"https:\/\/www.facebook.com\/people\/Oller-Pintures\/100063652056709\/\",\"https:\/\/www.instagram.com\/ollerpintures\/\",\"https:\/\/descriptor.es\/organization\/oller-grup\/\"]}]}<\/script>\n<!-- \/ Yoast SEO plugin. -->","yoast_head_json":{"title":"Maquinaria Profesional - Oller Pinturas y revestimientos","description":"Oller Pinturas y revestimientos per a professionals, ind\u00fastries, obres p\u00fabliques, bricolatge. Pintures de qualitat professional i molt m\u00e9s!","robots":{"index":"index","follow":"follow","max-snippet":"max-snippet:-1","max-image-preview":"max-image-preview:large","max-video-preview":"max-video-preview:-1"},"canonical":"https:\/\/ollerpintures.com\/es\/maquinaria-profesional\/","og_locale":"es_ES","og_type":"article","og_title":"Maquinaria Profesional - Oller Pinturas y revestimientos","og_description":"Oller Pinturas y revestimientos per a professionals, ind\u00fastries, obres p\u00fabliques, bricolatge. Pintures de qualitat professional i molt m\u00e9s!","og_url":"https:\/\/ollerpintures.com\/es\/maquinaria-profesional\/","og_site_name":"Oller Pinturas y revestimientos","article_publisher":"https:\/\/www.facebook.com\/people\/Oller-Pintures\/100063652056709\/","article_modified_time":"2023-08-30T07:50:41+00:00","og_image":[{"width":1080,"height":1342,"url":"https:\/\/ollerpintures.com\/wp-content\/uploads\/2021\/07\/pintura-para-pintores-oller-granollers-valles-comprar-online.jpeg","type":"image\/jpeg"}],"twitter_card":"summary_large_image","twitter_image":"https:\/\/ollerpintures.com\/wp-content\/uploads\/2021\/07\/pintura-per-pintor-professional-granollers-valles-oriental-oller-pintures-impermeabilitzacio-terrasses.jpeg","twitter_misc":{"Tiempo de lectura":"2 minutos"},"schema":{"@context":"https:\/\/schema.org","@graph":[{"@type":"WebPage","@id":"https:\/\/ollerpintures.com\/es\/maquinaria-profesional\/","url":"https:\/\/ollerpintures.com\/es\/maquinaria-profesional\/","name":"Maquinaria Profesional - Oller Pinturas y revestimientos","isPartOf":{"@id":"https:\/\/ollerpintures.com\/es\/#website"},"primaryImageOfPage":{"@id":"https:\/\/ollerpintures.com\/es\/maquinaria-profesional\/#primaryimage"},"image":{"@id":"https:\/\/ollerpintures.com\/es\/maquinaria-profesional\/#primaryimage"},"thumbnailUrl":"https:\/\/ollerpintures.com\/wp-content\/uploads\/2021\/10\/amoladora-saneamiento-rg-130-e-set-dia-hd-festool-comprar-online-oller-maquinaria-para-suelo-edited.jpg","datePublished":"2021-09-15T10:46:52+00:00","dateModified":"2023-08-30T07:50:41+00:00","description":"Oller Pinturas y revestimientos per a professionals, ind\u00fastries, obres p\u00fabliques, bricolatge. Pintures de qualitat professional i molt m\u00e9s!","breadcrumb":{"@id":"https:\/\/ollerpintures.com\/es\/maquinaria-profesional\/#breadcrumb"},"inLanguage":"es","potentialAction":[{"@type":"ReadAction","target":["https:\/\/ollerpintures.com\/es\/maquinaria-profesional\/"]}]},{"@type":"ImageObject","inLanguage":"es","@id":"https:\/\/ollerpintures.com\/es\/maquinaria-profesional\/#primaryimage","url":"https:\/\/ollerpintures.com\/wp-content\/uploads\/2021\/10\/amoladora-saneamiento-rg-130-e-set-dia-hd-festool-comprar-online-oller-maquinaria-para-suelo-edited.jpg","contentUrl":"https:\/\/ollerpintures.com\/wp-content\/uploads\/2021\/10\/amoladora-saneamiento-rg-130-e-set-dia-hd-festool-comprar-online-oller-maquinaria-para-suelo-edited.jpg","width":1080,"height":608,"caption":"Amoladora saneamiento RG 130 E-Set DIA HD"},{"@type":"BreadcrumbList","@id":"https:\/\/ollerpintures.com\/es\/maquinaria-profesional\/#breadcrumb","itemListElement":[{"@type":"ListItem","position":1,"name":"Inici","item":"https:\/\/ollerpintures.com\/es\/"},{"@type":"ListItem","position":2,"name":"Maquinaria Profesional"}]},{"@type":"WebSite","@id":"https:\/\/ollerpintures.com\/es\/#website","url":"https:\/\/ollerpintures.com\/es\/","name":"Oller Pinturas y Revestimientos","description":"M\u00e1s de 50 a\u00f1os acompa\u00f1ando a profesionales y particulares con soluciones de pintura duraderas y sostenibles, seis tiendas de proximidad con servicio tintom\u00e9trico propio y un compromiso real con el oficio y las nuevas generaciones.","publisher":{"@id":"https:\/\/ollerpintures.com\/es\/#organization"},"alternateName":"Oller Grup","potentialAction":[{"@type":"SearchAction","target":{"@type":"EntryPoint","urlTemplate":"https:\/\/ollerpintures.com\/es\/?s={search_term_string}"},"query-input":{"@type":"PropertyValueSpecification","valueRequired":true,"valueName":"search_term_string"}}],"inLanguage":"es"},{"@type":"Organization","@id":"https:\/\/ollerpintures.com\/es\/#organization","name":"Oller Pintures i Revestiments","alternateName":"Oller Grup","url":"https:\/\/ollerpintures.com\/es\/","logo":{"@type":"ImageObject","inLanguage":"es","@id":"https:\/\/ollerpintures.com\/es\/#\/schema\/logo\/image\/","url":"https:\/\/ollerpintures.com\/wp-content\/uploads\/2024\/05\/newLogo.png","contentUrl":"https:\/\/ollerpintures.com\/wp-content\/uploads\/2024\/05\/newLogo.png","width":483,"height":244,"caption":"Oller Pintures i Revestiments"},"image":{"@id":"https:\/\/ollerpintures.com\/es\/#\/schema\/logo\/image\/"},"sameAs":["https:\/\/www.facebook.com\/people\/Oller-Pintures\/100063652056709\/","https:\/\/www.instagram.com\/ollerpintures\/","https:\/\/descriptor.es\/organization\/oller-grup\/"]}]}},"_links":{"self":[{"href":"https:\/\/ollerpintures.com\/es\/wp-json\/wp\/v2\/pages\/13548","targetHints":{"allow":["GET"]}}],"collection":[{"href":"https:\/\/ollerpintures.com\/es\/wp-json\/wp\/v2\/pages"}],"about":[{"href":"https:\/\/ollerpintures.com\/es\/wp-json\/wp\/v2\/types\/page"}],"author":[{"embeddable":true,"href":"https:\/\/ollerpintures.com\/es\/wp-json\/wp\/v2\/users\/3"}],"replies":[{"embeddable":true,"href":"https:\/\/ollerpintures.com\/es\/wp-json\/wp\/v2\/comments?post=13548"}],"version-history":[{"count":6,"href":"https:\/\/ollerpintures.com\/es\/wp-json\/wp\/v2\/pages\/13548\/revisions"}],"predecessor-version":[{"id":25698,"href":"https:\/\/ollerpintures.com\/es\/wp-json\/wp\/v2\/pages\/13548\/revisions\/25698"}],"wp:featuredmedia":[{"embeddable":true,"href":"https:\/\/ollerpintures.com\/es\/wp-json\/wp\/v2\/media\/15174"}],"wp:attachment":[{"href":"https:\/\/ollerpintures.com\/es\/wp-json\/wp\/v2\/media?parent=13548"}],"curies":[{"name":"wp","href":"https:\/\/api.w.org\/{rel}","templated":true}]}}