{"id":9657,"date":"2021-04-06T11:01:42","date_gmt":"2021-04-06T10:01:42","guid":{"rendered":"https:\/\/oller-pintures.c.wetopi.com\/?post_type=product&#038;p=9657"},"modified":"2026-04-14T02:00:12","modified_gmt":"2026-04-14T01:00:12","slug":"esmalt-de-poliureta-2-components-blatem-ceramico-blanc-500ml-125ml","status":"publish","type":"product","link":"https:\/\/ollerpintures.com\/ca\/producte\/esmalt-de-poliureta-2-components-blatem-ceramico-blanc-500ml-125ml\/","title":{"rendered":"Esmalt de poliuret\u00e0 2 components BLATEM Cer\u00e1mico Blanc 500ml + 125ml"},"content":{"rendered":"<p><strong>Esmalt de poliuret\u00e0 acr\u00edlic de dos components<\/strong>. \u00c9s un producte especial per a pintar lavabos, banyeres, rajoles, cer\u00e0mica, gres, etc. Deixar\u00e0 un renovat excel\u00b7lent amb un color blanc pur perfecte!<\/p>\n<p>\u00c9s apte tant per \u00fas interior com exterior i ofereix gran resist\u00e8ncia als agents atmosf\u00e8rics.<\/p>\n<p>&nbsp;<\/p>\n<p><em><strong>Llegeix totes les caracter\u00edstiques a la fitxa t\u00e8cnica adjunta!\u00a0<\/strong><\/em><\/p>\n<hr \/>\n<p><a class=\"button\" href=\"https:\/\/ollerpintures.com\/contacte-oller-pintures\/\" target=\"_blank\" rel=\"noopener\">Tens dubtes? Escriu-nos!<\/a> <a class=\"button\" href=\"https:\/\/ollerpintures.com\/comprar-pintures-online\/\" target=\"_blank\" rel=\"noopener\">Segueix comprant >> <\/a><\/p>\n<hr \/>\n<p>&nbsp;<\/p>\n","protected":false},"excerpt":{"rendered":"<p>Esmalt de poliuret\u00e0 acr\u00edlic de dos components. \u00c9s un producte especial per a pintar lavabos, banyeres, rajoles, cer\u00e0mica, gres, etc. Deixar\u00e0 un renovat excel\u00b7lent amb &#8230; <\/p>\n<p class=\"read-more-container\"><a title=\"Esmalt de poliuret\u00e0 2 components BLATEM Cer\u00e1mico Blanc 500ml + 125ml\" class=\"read-more button\" href=\"https:\/\/ollerpintures.com\/ca\/producte\/esmalt-de-poliureta-2-components-blatem-ceramico-blanc-500ml-125ml\/#more-9657\" aria-label=\"M\u00e9s informaci\u00f3 sobre Esmalt de poliuret\u00e0 2 components BLATEM Cer\u00e1mico Blanc 500ml + 125ml\">Seguir llegint<\/a><\/p>\n","protected":false},"featured_media":9664,"template":"","meta":{"_acf_changed":false},"pwb-brand":[60],"product_brand":[],"product_cat":[24,70,42,196],"product_tag":[81,63,62,745,66,88],"class_list":{"0":"post-9657","1":"product","2":"type-product","3":"status-publish","4":"has-post-thumbnail","6":"pwb-brand-blatem","7":"product_cat-pintura","8":"product_cat-pinturaexterior","9":"product_cat-interiorpintura","10":"product_cat-pintura-per-rajola","11":"product_tag-blatem","12":"product_tag-exterior","13":"product_tag-interior","14":"product_tag-lavabo","15":"product_tag-pintura","16":"product_tag-rajola","17":"no-featured-image-padding","18":"resize-featured-image","19":"sales-flash-overlay","20":"woocommerce-text-align-left","21":"woocommerce-image-align-center","22":"do-quantity-buttons","23":"wc-has-gallery","25":"first","26":"instock","27":"shipping-taxable","28":"purchasable","29":"product-type-simple"},"acf":[],"yoast_head":"<!-- This site is optimized with the Yoast SEO plugin v27.1.1 - https:\/\/yoast.com\/product\/yoast-seo-wordpress\/ -->\n<title>Esmalt de poliuret\u00e0 2 components BLATEM Cer\u00e1mico Blanc 500ml + 125ml - Oller Pinturas y Revestimientos<\/title>\n<meta name=\"description\" content=\"Esmalt de poliuret\u00e0 acr\u00edlic de dos components. \u00c9s un producte especial per a pintar lavabos, banyeres, rajoles, cer\u00e0mica, gres, etc. Deixar\u00e0 un renovat\" \/>\n<meta name=\"robots\" content=\"index, follow, max-snippet:-1, max-image-preview:large, max-video-preview:-1\" \/>\n<link rel=\"canonical\" href=\"https:\/\/ollerpintures.com\/ca\/producte\/esmalt-de-poliureta-2-components-blatem-ceramico-blanc-500ml-125ml\/\" \/>\n<meta property=\"og:locale\" content=\"ca_ES\" \/>\n<meta property=\"og:type\" content=\"article\" \/>\n<meta property=\"og:title\" content=\"Esmalt de poliuret\u00e0 2 components BLATEM Cer\u00e1mico Blanc 500ml + 125ml - Oller Pinturas y Revestimientos\" \/>\n<meta property=\"og:description\" content=\"Esmalt de poliuret\u00e0 acr\u00edlic de dos components. \u00c9s un producte especial per a pintar lavabos, banyeres, rajoles, cer\u00e0mica, gres, etc. Deixar\u00e0 un renovat\" \/>\n<meta property=\"og:url\" content=\"https:\/\/ollerpintures.com\/ca\/producte\/esmalt-de-poliureta-2-components-blatem-ceramico-blanc-500ml-125ml\/\" \/>\n<meta property=\"og:site_name\" content=\"Oller Pinturas y Revestimientos\" \/>\n<meta property=\"article:publisher\" content=\"https:\/\/www.facebook.com\/people\/Oller-Pintures\/100063652056709\/\" \/>\n<meta property=\"article:modified_time\" content=\"2026-04-14T01:00:12+00:00\" \/>\n<meta property=\"og:image\" content=\"https:\/\/ollerpintures.com\/wp-content\/uploads\/2021\/04\/esmalte-poliuretano-acrilico-2-comp-bcosat-blatem-500ml125ml-comprar-online-oller-baneras-2.jpg\" \/>\n\t<meta property=\"og:image:width\" content=\"1080\" \/>\n\t<meta property=\"og:image:height\" content=\"1080\" \/>\n\t<meta property=\"og:image:type\" content=\"image\/jpeg\" \/>\n<meta name=\"twitter:card\" content=\"summary_large_image\" \/>\n<meta name=\"twitter:label1\" content=\"Temps estimat de lectura\" \/>\n\t<meta name=\"twitter:data1\" content=\"1 minut\" \/>\n<script type=\"application\/ld+json\" class=\"yoast-schema-graph\">{\"@context\":\"https:\/\/schema.org\",\"@graph\":[{\"@type\":\"WebPage\",\"@id\":\"https:\/\/ollerpintures.com\/ca\/producte\/esmalt-de-poliureta-2-components-blatem-ceramico-blanc-500ml-125ml\/\",\"url\":\"https:\/\/ollerpintures.com\/ca\/producte\/esmalt-de-poliureta-2-components-blatem-ceramico-blanc-500ml-125ml\/\",\"name\":\"Esmalt de poliuret\u00e0 2 components BLATEM Cer\u00e1mico Blanc 500ml + 125ml - Oller Pinturas y Revestimientos\",\"isPartOf\":{\"@id\":\"https:\/\/ollerpintures.com\/ca\/#website\"},\"primaryImageOfPage\":{\"@id\":\"https:\/\/ollerpintures.com\/ca\/producte\/esmalt-de-poliureta-2-components-blatem-ceramico-blanc-500ml-125ml\/#primaryimage\"},\"image\":{\"@id\":\"https:\/\/ollerpintures.com\/ca\/producte\/esmalt-de-poliureta-2-components-blatem-ceramico-blanc-500ml-125ml\/#primaryimage\"},\"thumbnailUrl\":\"https:\/\/ollerpintures.com\/wp-content\/uploads\/2021\/04\/esmalte-poliuretano-acrilico-2-comp-bcosat-blatem-500ml125ml-comprar-online-oller-baneras-2.jpg\",\"datePublished\":\"2021-04-06T10:01:42+00:00\",\"dateModified\":\"2026-04-14T01:00:12+00:00\",\"description\":\"Esmalt de poliuret\u00e0 acr\u00edlic de dos components. \u00c9s un producte especial per a pintar lavabos, banyeres, rajoles, cer\u00e0mica, gres, etc. Deixar\u00e0 un renovat\",\"breadcrumb\":{\"@id\":\"https:\/\/ollerpintures.com\/ca\/producte\/esmalt-de-poliureta-2-components-blatem-ceramico-blanc-500ml-125ml\/#breadcrumb\"},\"inLanguage\":\"ca\",\"potentialAction\":[{\"@type\":\"ReadAction\",\"target\":[\"https:\/\/ollerpintures.com\/ca\/producte\/esmalt-de-poliureta-2-components-blatem-ceramico-blanc-500ml-125ml\/\"]}]},{\"@type\":\"ImageObject\",\"inLanguage\":\"ca\",\"@id\":\"https:\/\/ollerpintures.com\/ca\/producte\/esmalt-de-poliureta-2-components-blatem-ceramico-blanc-500ml-125ml\/#primaryimage\",\"url\":\"https:\/\/ollerpintures.com\/wp-content\/uploads\/2021\/04\/esmalte-poliuretano-acrilico-2-comp-bcosat-blatem-500ml125ml-comprar-online-oller-baneras-2.jpg\",\"contentUrl\":\"https:\/\/ollerpintures.com\/wp-content\/uploads\/2021\/04\/esmalte-poliuretano-acrilico-2-comp-bcosat-blatem-500ml125ml-comprar-online-oller-baneras-2.jpg\",\"width\":1080,\"height\":1080,\"caption\":\"Esmalt poliuret\u00e0 BLATEM Ceramico Blanco\"},{\"@type\":\"BreadcrumbList\",\"@id\":\"https:\/\/ollerpintures.com\/ca\/producte\/esmalt-de-poliureta-2-components-blatem-ceramico-blanc-500ml-125ml\/#breadcrumb\",\"itemListElement\":[{\"@type\":\"ListItem\",\"position\":1,\"name\":\"Inici\",\"item\":\"https:\/\/ollerpintures.com\/ca\/\"},{\"@type\":\"ListItem\",\"position\":2,\"name\":\"Botiga\",\"item\":\"https:\/\/ollerpintures.com\/ca\/botiga\/\"},{\"@type\":\"ListItem\",\"position\":3,\"name\":\"Esmalt de poliuret\u00e0 2 components BLATEM Cer\u00e1mico Blanc 500ml + 125ml\"}]},{\"@type\":\"WebSite\",\"@id\":\"https:\/\/ollerpintures.com\/ca\/#website\",\"url\":\"https:\/\/ollerpintures.com\/ca\/\",\"name\":\"Oller Pinturas y Revestimientos\",\"description\":\"Pinturas y revestimientos para profesionales, industrias, obras p\u00fablicas, bricolaje. Pinturas de calidad profesional i mucho m\u00e1s.\",\"publisher\":{\"@id\":\"https:\/\/ollerpintures.com\/ca\/#organization\"},\"alternateName\":\"Oller Grup\",\"potentialAction\":[{\"@type\":\"SearchAction\",\"target\":{\"@type\":\"EntryPoint\",\"urlTemplate\":\"https:\/\/ollerpintures.com\/ca\/?s={search_term_string}\"},\"query-input\":{\"@type\":\"PropertyValueSpecification\",\"valueRequired\":true,\"valueName\":\"search_term_string\"}}],\"inLanguage\":\"ca\"},{\"@type\":\"Organization\",\"@id\":\"https:\/\/ollerpintures.com\/ca\/#organization\",\"name\":\"Oller Pintures i Revestiments\",\"alternateName\":\"Oller Grup\",\"url\":\"https:\/\/ollerpintures.com\/ca\/\",\"logo\":{\"@type\":\"ImageObject\",\"inLanguage\":\"ca\",\"@id\":\"https:\/\/ollerpintures.com\/ca\/#\/schema\/logo\/image\/\",\"url\":\"https:\/\/ollerpintures.com\/wp-content\/uploads\/2024\/05\/newLogo.png\",\"contentUrl\":\"https:\/\/ollerpintures.com\/wp-content\/uploads\/2024\/05\/newLogo.png\",\"width\":483,\"height\":244,\"caption\":\"Oller Pintures i Revestiments\"},\"image\":{\"@id\":\"https:\/\/ollerpintures.com\/ca\/#\/schema\/logo\/image\/\"},\"sameAs\":[\"https:\/\/www.facebook.com\/people\/Oller-Pintures\/100063652056709\/\",\"https:\/\/www.instagram.com\/ollerpintures\/\",\"https:\/\/descriptor.es\/organization\/oller-grup\/\"]}]}<\/script>\n<!-- \/ Yoast SEO plugin. -->","yoast_head_json":{"title":"Esmalt de poliuret\u00e0 2 components BLATEM Cer\u00e1mico Blanc 500ml + 125ml - Oller Pinturas y Revestimientos","description":"Esmalt de poliuret\u00e0 acr\u00edlic de dos components. \u00c9s un producte especial per a pintar lavabos, banyeres, rajoles, cer\u00e0mica, gres, etc. Deixar\u00e0 un renovat","robots":{"index":"index","follow":"follow","max-snippet":"max-snippet:-1","max-image-preview":"max-image-preview:large","max-video-preview":"max-video-preview:-1"},"canonical":"https:\/\/ollerpintures.com\/ca\/producte\/esmalt-de-poliureta-2-components-blatem-ceramico-blanc-500ml-125ml\/","og_locale":"ca_ES","og_type":"article","og_title":"Esmalt de poliuret\u00e0 2 components BLATEM Cer\u00e1mico Blanc 500ml + 125ml - Oller Pinturas y Revestimientos","og_description":"Esmalt de poliuret\u00e0 acr\u00edlic de dos components. \u00c9s un producte especial per a pintar lavabos, banyeres, rajoles, cer\u00e0mica, gres, etc. Deixar\u00e0 un renovat","og_url":"https:\/\/ollerpintures.com\/ca\/producte\/esmalt-de-poliureta-2-components-blatem-ceramico-blanc-500ml-125ml\/","og_site_name":"Oller Pinturas y Revestimientos","article_publisher":"https:\/\/www.facebook.com\/people\/Oller-Pintures\/100063652056709\/","article_modified_time":"2026-04-14T01:00:12+00:00","og_image":[{"width":1080,"height":1080,"url":"https:\/\/ollerpintures.com\/wp-content\/uploads\/2021\/04\/esmalte-poliuretano-acrilico-2-comp-bcosat-blatem-500ml125ml-comprar-online-oller-baneras-2.jpg","type":"image\/jpeg"}],"twitter_card":"summary_large_image","twitter_misc":{"Temps estimat de lectura":"1 minut"},"schema":{"@context":"https:\/\/schema.org","@graph":[{"@type":"WebPage","@id":"https:\/\/ollerpintures.com\/ca\/producte\/esmalt-de-poliureta-2-components-blatem-ceramico-blanc-500ml-125ml\/","url":"https:\/\/ollerpintures.com\/ca\/producte\/esmalt-de-poliureta-2-components-blatem-ceramico-blanc-500ml-125ml\/","name":"Esmalt de poliuret\u00e0 2 components BLATEM Cer\u00e1mico Blanc 500ml + 125ml - Oller Pinturas y Revestimientos","isPartOf":{"@id":"https:\/\/ollerpintures.com\/ca\/#website"},"primaryImageOfPage":{"@id":"https:\/\/ollerpintures.com\/ca\/producte\/esmalt-de-poliureta-2-components-blatem-ceramico-blanc-500ml-125ml\/#primaryimage"},"image":{"@id":"https:\/\/ollerpintures.com\/ca\/producte\/esmalt-de-poliureta-2-components-blatem-ceramico-blanc-500ml-125ml\/#primaryimage"},"thumbnailUrl":"https:\/\/ollerpintures.com\/wp-content\/uploads\/2021\/04\/esmalte-poliuretano-acrilico-2-comp-bcosat-blatem-500ml125ml-comprar-online-oller-baneras-2.jpg","datePublished":"2021-04-06T10:01:42+00:00","dateModified":"2026-04-14T01:00:12+00:00","description":"Esmalt de poliuret\u00e0 acr\u00edlic de dos components. \u00c9s un producte especial per a pintar lavabos, banyeres, rajoles, cer\u00e0mica, gres, etc. Deixar\u00e0 un renovat","breadcrumb":{"@id":"https:\/\/ollerpintures.com\/ca\/producte\/esmalt-de-poliureta-2-components-blatem-ceramico-blanc-500ml-125ml\/#breadcrumb"},"inLanguage":"ca","potentialAction":[{"@type":"ReadAction","target":["https:\/\/ollerpintures.com\/ca\/producte\/esmalt-de-poliureta-2-components-blatem-ceramico-blanc-500ml-125ml\/"]}]},{"@type":"ImageObject","inLanguage":"ca","@id":"https:\/\/ollerpintures.com\/ca\/producte\/esmalt-de-poliureta-2-components-blatem-ceramico-blanc-500ml-125ml\/#primaryimage","url":"https:\/\/ollerpintures.com\/wp-content\/uploads\/2021\/04\/esmalte-poliuretano-acrilico-2-comp-bcosat-blatem-500ml125ml-comprar-online-oller-baneras-2.jpg","contentUrl":"https:\/\/ollerpintures.com\/wp-content\/uploads\/2021\/04\/esmalte-poliuretano-acrilico-2-comp-bcosat-blatem-500ml125ml-comprar-online-oller-baneras-2.jpg","width":1080,"height":1080,"caption":"Esmalt poliuret\u00e0 BLATEM Ceramico Blanco"},{"@type":"BreadcrumbList","@id":"https:\/\/ollerpintures.com\/ca\/producte\/esmalt-de-poliureta-2-components-blatem-ceramico-blanc-500ml-125ml\/#breadcrumb","itemListElement":[{"@type":"ListItem","position":1,"name":"Inici","item":"https:\/\/ollerpintures.com\/ca\/"},{"@type":"ListItem","position":2,"name":"Botiga","item":"https:\/\/ollerpintures.com\/ca\/botiga\/"},{"@type":"ListItem","position":3,"name":"Esmalt de poliuret\u00e0 2 components BLATEM Cer\u00e1mico Blanc 500ml + 125ml"}]},{"@type":"WebSite","@id":"https:\/\/ollerpintures.com\/ca\/#website","url":"https:\/\/ollerpintures.com\/ca\/","name":"Oller Pinturas y Revestimientos","description":"Pinturas y revestimientos para profesionales, industrias, obras p\u00fablicas, bricolaje. Pinturas de calidad profesional i mucho m\u00e1s.","publisher":{"@id":"https:\/\/ollerpintures.com\/ca\/#organization"},"alternateName":"Oller Grup","potentialAction":[{"@type":"SearchAction","target":{"@type":"EntryPoint","urlTemplate":"https:\/\/ollerpintures.com\/ca\/?s={search_term_string}"},"query-input":{"@type":"PropertyValueSpecification","valueRequired":true,"valueName":"search_term_string"}}],"inLanguage":"ca"},{"@type":"Organization","@id":"https:\/\/ollerpintures.com\/ca\/#organization","name":"Oller Pintures i Revestiments","alternateName":"Oller Grup","url":"https:\/\/ollerpintures.com\/ca\/","logo":{"@type":"ImageObject","inLanguage":"ca","@id":"https:\/\/ollerpintures.com\/ca\/#\/schema\/logo\/image\/","url":"https:\/\/ollerpintures.com\/wp-content\/uploads\/2024\/05\/newLogo.png","contentUrl":"https:\/\/ollerpintures.com\/wp-content\/uploads\/2024\/05\/newLogo.png","width":483,"height":244,"caption":"Oller Pintures i Revestiments"},"image":{"@id":"https:\/\/ollerpintures.com\/ca\/#\/schema\/logo\/image\/"},"sameAs":["https:\/\/www.facebook.com\/people\/Oller-Pintures\/100063652056709\/","https:\/\/www.instagram.com\/ollerpintures\/","https:\/\/descriptor.es\/organization\/oller-grup\/"]}]}},"brands":[{"id":60,"name":"Blatem","slug":"blatem"}],"_links":{"self":[{"href":"https:\/\/ollerpintures.com\/ca\/wp-json\/wp\/v2\/product\/9657","targetHints":{"allow":["GET"]}}],"collection":[{"href":"https:\/\/ollerpintures.com\/ca\/wp-json\/wp\/v2\/product"}],"about":[{"href":"https:\/\/ollerpintures.com\/ca\/wp-json\/wp\/v2\/types\/product"}],"wp:featuredmedia":[{"embeddable":true,"href":"https:\/\/ollerpintures.com\/ca\/wp-json\/wp\/v2\/media\/9664"}],"wp:attachment":[{"href":"https:\/\/ollerpintures.com\/ca\/wp-json\/wp\/v2\/media?parent=9657"}],"wp:term":[{"taxonomy":"pwb-brand","embeddable":true,"href":"https:\/\/ollerpintures.com\/ca\/wp-json\/wp\/v2\/pwb-brand?post=9657"},{"taxonomy":"product_brand","embeddable":true,"href":"https:\/\/ollerpintures.com\/ca\/wp-json\/wp\/v2\/product_brand?post=9657"},{"taxonomy":"product_cat","embeddable":true,"href":"https:\/\/ollerpintures.com\/ca\/wp-json\/wp\/v2\/product_cat?post=9657"},{"taxonomy":"product_tag","embeddable":true,"href":"https:\/\/ollerpintures.com\/ca\/wp-json\/wp\/v2\/product_tag?post=9657"}],"curies":[{"name":"wp","href":"https:\/\/api.w.org\/{rel}","templated":true}]}}