{"id":9444,"date":"2021-03-15T08:49:20","date_gmt":"2021-03-15T07:49:20","guid":{"rendered":"https:\/\/oller-pintures.c.wetopi.com\/?post_type=product&#038;p=9444"},"modified":"2026-04-14T14:00:14","modified_gmt":"2026-04-14T13:00:14","slug":"dissolvent-clorocaucho-1l","status":"publish","type":"product","link":"https:\/\/ollerpintures.com\/ca\/producte\/dissolvent-clorocaucho-1l\/","title":{"rendered":"Dissolvent Clorocaucho 1L"},"content":{"rendered":"<p>Utilitza aquest dissolvent si vols pintar superf\u00edcies amb producte de clorocautx\u00fa, com la <strong>piscina<\/strong>. \u00c9s d&#8217;\u00fas espec\u00edfic per a diluir pintura de base clorocautx\u00fa i per netejar les eines i complements que utilitzis pel projecte.<\/p>\n<hr \/>\n<p><a class=\"button\" href=\"https:\/\/ollerpintures.com\/contacte-oller-pintures\/\" target=\"_blank\" rel=\"noopener\">Tens dubtes? Escriu-nos!<\/a> <a class=\"button\" href=\"https:\/\/ollerpintures.com\/comprar-pintures-online\/\" target=\"_blank\" rel=\"noopener\">Segueix comprant &gt;&gt; <\/a><\/p>\n<hr \/>\n","protected":false},"excerpt":{"rendered":"<h2><\/h2>\n<h2 class=\"producto-descripcion\"><\/h2>\n","protected":false},"featured_media":9447,"template":"","meta":{"_acf_changed":false},"pwb-brand":[],"product_brand":[],"product_cat":[548,729,77,859,547],"product_tag":[734,543,733,731],"class_list":{"0":"post-9444","1":"product","2":"type-product","3":"status-publish","4":"has-post-thumbnail","6":"product_cat-dissolvents-eines","7":"product_cat-pintura-per-piscines","8":"product_cat-eines","9":"product_cat-diluents","10":"product_cat-dissolvents","11":"product_tag-clorocaucho","12":"product_tag-dissolvent","13":"product_tag-pintura-per-piscina","14":"product_tag-piscina","15":"no-featured-image-padding","16":"resize-featured-image","17":"sales-flash-overlay","18":"woocommerce-text-align-left","19":"woocommerce-image-align-center","20":"do-quantity-buttons","22":"first","23":"instock","24":"shipping-taxable","25":"purchasable","26":"product-type-simple"},"acf":[],"yoast_head":"<!-- This site is optimized with the Yoast SEO plugin v27.1.1 - https:\/\/yoast.com\/product\/yoast-seo-wordpress\/ -->\n<title>Dissolvent Clorocaucho 1L - Oller Pinturas y Revestimientos<\/title>\n<meta name=\"robots\" content=\"index, follow, max-snippet:-1, max-image-preview:large, max-video-preview:-1\" \/>\n<link rel=\"canonical\" href=\"https:\/\/ollerpintures.com\/ca\/producte\/dissolvent-clorocaucho-1l\/\" \/>\n<meta property=\"og:locale\" content=\"ca_ES\" \/>\n<meta property=\"og:type\" content=\"article\" \/>\n<meta property=\"og:title\" content=\"Dissolvent Clorocaucho 1L - Oller Pinturas y Revestimientos\" \/>\n<meta property=\"og:url\" content=\"https:\/\/ollerpintures.com\/ca\/producte\/dissolvent-clorocaucho-1l\/\" \/>\n<meta property=\"og:site_name\" content=\"Oller Pinturas y Revestimientos\" \/>\n<meta property=\"article:publisher\" content=\"https:\/\/www.facebook.com\/people\/Oller-Pintures\/100063652056709\/\" \/>\n<meta property=\"article:modified_time\" content=\"2026-04-14T13:00:14+00:00\" \/>\n<meta property=\"og:image\" content=\"https:\/\/ollerpintures.com\/wp-content\/uploads\/2021\/03\/disolvente-clorocaucho-pintar-piscina-jardin-pintura-online-oller.jpg\" \/>\n\t<meta property=\"og:image:width\" content=\"1080\" \/>\n\t<meta property=\"og:image:height\" content=\"1080\" \/>\n\t<meta property=\"og:image:type\" content=\"image\/jpeg\" \/>\n<meta name=\"twitter:card\" content=\"summary_large_image\" \/>\n<meta name=\"twitter:label1\" content=\"Temps estimat de lectura\" \/>\n\t<meta name=\"twitter:data1\" content=\"1 minut\" \/>\n<script type=\"application\/ld+json\" class=\"yoast-schema-graph\">{\"@context\":\"https:\/\/schema.org\",\"@graph\":[{\"@type\":\"WebPage\",\"@id\":\"https:\/\/ollerpintures.com\/ca\/producte\/dissolvent-clorocaucho-1l\/\",\"url\":\"https:\/\/ollerpintures.com\/ca\/producte\/dissolvent-clorocaucho-1l\/\",\"name\":\"Dissolvent Clorocaucho 1L - Oller Pinturas y Revestimientos\",\"isPartOf\":{\"@id\":\"https:\/\/ollerpintures.com\/ca\/#website\"},\"primaryImageOfPage\":{\"@id\":\"https:\/\/ollerpintures.com\/ca\/producte\/dissolvent-clorocaucho-1l\/#primaryimage\"},\"image\":{\"@id\":\"https:\/\/ollerpintures.com\/ca\/producte\/dissolvent-clorocaucho-1l\/#primaryimage\"},\"thumbnailUrl\":\"https:\/\/ollerpintures.com\/wp-content\/uploads\/2021\/03\/disolvente-clorocaucho-pintar-piscina-jardin-pintura-online-oller.jpg\",\"datePublished\":\"2021-03-15T07:49:20+00:00\",\"dateModified\":\"2026-04-14T13:00:14+00:00\",\"breadcrumb\":{\"@id\":\"https:\/\/ollerpintures.com\/ca\/producte\/dissolvent-clorocaucho-1l\/#breadcrumb\"},\"inLanguage\":\"ca\",\"potentialAction\":[{\"@type\":\"ReadAction\",\"target\":[\"https:\/\/ollerpintures.com\/ca\/producte\/dissolvent-clorocaucho-1l\/\"]}]},{\"@type\":\"ImageObject\",\"inLanguage\":\"ca\",\"@id\":\"https:\/\/ollerpintures.com\/ca\/producte\/dissolvent-clorocaucho-1l\/#primaryimage\",\"url\":\"https:\/\/ollerpintures.com\/wp-content\/uploads\/2021\/03\/disolvente-clorocaucho-pintar-piscina-jardin-pintura-online-oller.jpg\",\"contentUrl\":\"https:\/\/ollerpintures.com\/wp-content\/uploads\/2021\/03\/disolvente-clorocaucho-pintar-piscina-jardin-pintura-online-oller.jpg\",\"width\":1080,\"height\":1080,\"caption\":\"Dissolvent Clorocaucho\"},{\"@type\":\"BreadcrumbList\",\"@id\":\"https:\/\/ollerpintures.com\/ca\/producte\/dissolvent-clorocaucho-1l\/#breadcrumb\",\"itemListElement\":[{\"@type\":\"ListItem\",\"position\":1,\"name\":\"Inici\",\"item\":\"https:\/\/ollerpintures.com\/ca\/\"},{\"@type\":\"ListItem\",\"position\":2,\"name\":\"Botiga\",\"item\":\"https:\/\/ollerpintures.com\/ca\/botiga\/\"},{\"@type\":\"ListItem\",\"position\":3,\"name\":\"Dissolvent Clorocaucho 1L\"}]},{\"@type\":\"WebSite\",\"@id\":\"https:\/\/ollerpintures.com\/ca\/#website\",\"url\":\"https:\/\/ollerpintures.com\/ca\/\",\"name\":\"Oller Pinturas y Revestimientos\",\"description\":\"Pinturas y revestimientos para profesionales, industrias, obras p\u00fablicas, bricolaje. Pinturas de calidad profesional i mucho m\u00e1s.\",\"publisher\":{\"@id\":\"https:\/\/ollerpintures.com\/ca\/#organization\"},\"alternateName\":\"Oller Grup\",\"potentialAction\":[{\"@type\":\"SearchAction\",\"target\":{\"@type\":\"EntryPoint\",\"urlTemplate\":\"https:\/\/ollerpintures.com\/ca\/?s={search_term_string}\"},\"query-input\":{\"@type\":\"PropertyValueSpecification\",\"valueRequired\":true,\"valueName\":\"search_term_string\"}}],\"inLanguage\":\"ca\"},{\"@type\":\"Organization\",\"@id\":\"https:\/\/ollerpintures.com\/ca\/#organization\",\"name\":\"Oller Pintures i Revestiments\",\"alternateName\":\"Oller Grup\",\"url\":\"https:\/\/ollerpintures.com\/ca\/\",\"logo\":{\"@type\":\"ImageObject\",\"inLanguage\":\"ca\",\"@id\":\"https:\/\/ollerpintures.com\/ca\/#\/schema\/logo\/image\/\",\"url\":\"https:\/\/ollerpintures.com\/wp-content\/uploads\/2024\/05\/newLogo.png\",\"contentUrl\":\"https:\/\/ollerpintures.com\/wp-content\/uploads\/2024\/05\/newLogo.png\",\"width\":483,\"height\":244,\"caption\":\"Oller Pintures i Revestiments\"},\"image\":{\"@id\":\"https:\/\/ollerpintures.com\/ca\/#\/schema\/logo\/image\/\"},\"sameAs\":[\"https:\/\/www.facebook.com\/people\/Oller-Pintures\/100063652056709\/\",\"https:\/\/www.instagram.com\/ollerpintures\/\",\"https:\/\/descriptor.es\/organization\/oller-grup\/\"]}]}<\/script>\n<!-- \/ Yoast SEO plugin. -->","yoast_head_json":{"title":"Dissolvent Clorocaucho 1L - Oller Pinturas y Revestimientos","robots":{"index":"index","follow":"follow","max-snippet":"max-snippet:-1","max-image-preview":"max-image-preview:large","max-video-preview":"max-video-preview:-1"},"canonical":"https:\/\/ollerpintures.com\/ca\/producte\/dissolvent-clorocaucho-1l\/","og_locale":"ca_ES","og_type":"article","og_title":"Dissolvent Clorocaucho 1L - Oller Pinturas y Revestimientos","og_url":"https:\/\/ollerpintures.com\/ca\/producte\/dissolvent-clorocaucho-1l\/","og_site_name":"Oller Pinturas y Revestimientos","article_publisher":"https:\/\/www.facebook.com\/people\/Oller-Pintures\/100063652056709\/","article_modified_time":"2026-04-14T13:00:14+00:00","og_image":[{"width":1080,"height":1080,"url":"https:\/\/ollerpintures.com\/wp-content\/uploads\/2021\/03\/disolvente-clorocaucho-pintar-piscina-jardin-pintura-online-oller.jpg","type":"image\/jpeg"}],"twitter_card":"summary_large_image","twitter_misc":{"Temps estimat de lectura":"1 minut"},"schema":{"@context":"https:\/\/schema.org","@graph":[{"@type":"WebPage","@id":"https:\/\/ollerpintures.com\/ca\/producte\/dissolvent-clorocaucho-1l\/","url":"https:\/\/ollerpintures.com\/ca\/producte\/dissolvent-clorocaucho-1l\/","name":"Dissolvent Clorocaucho 1L - Oller Pinturas y Revestimientos","isPartOf":{"@id":"https:\/\/ollerpintures.com\/ca\/#website"},"primaryImageOfPage":{"@id":"https:\/\/ollerpintures.com\/ca\/producte\/dissolvent-clorocaucho-1l\/#primaryimage"},"image":{"@id":"https:\/\/ollerpintures.com\/ca\/producte\/dissolvent-clorocaucho-1l\/#primaryimage"},"thumbnailUrl":"https:\/\/ollerpintures.com\/wp-content\/uploads\/2021\/03\/disolvente-clorocaucho-pintar-piscina-jardin-pintura-online-oller.jpg","datePublished":"2021-03-15T07:49:20+00:00","dateModified":"2026-04-14T13:00:14+00:00","breadcrumb":{"@id":"https:\/\/ollerpintures.com\/ca\/producte\/dissolvent-clorocaucho-1l\/#breadcrumb"},"inLanguage":"ca","potentialAction":[{"@type":"ReadAction","target":["https:\/\/ollerpintures.com\/ca\/producte\/dissolvent-clorocaucho-1l\/"]}]},{"@type":"ImageObject","inLanguage":"ca","@id":"https:\/\/ollerpintures.com\/ca\/producte\/dissolvent-clorocaucho-1l\/#primaryimage","url":"https:\/\/ollerpintures.com\/wp-content\/uploads\/2021\/03\/disolvente-clorocaucho-pintar-piscina-jardin-pintura-online-oller.jpg","contentUrl":"https:\/\/ollerpintures.com\/wp-content\/uploads\/2021\/03\/disolvente-clorocaucho-pintar-piscina-jardin-pintura-online-oller.jpg","width":1080,"height":1080,"caption":"Dissolvent Clorocaucho"},{"@type":"BreadcrumbList","@id":"https:\/\/ollerpintures.com\/ca\/producte\/dissolvent-clorocaucho-1l\/#breadcrumb","itemListElement":[{"@type":"ListItem","position":1,"name":"Inici","item":"https:\/\/ollerpintures.com\/ca\/"},{"@type":"ListItem","position":2,"name":"Botiga","item":"https:\/\/ollerpintures.com\/ca\/botiga\/"},{"@type":"ListItem","position":3,"name":"Dissolvent Clorocaucho 1L"}]},{"@type":"WebSite","@id":"https:\/\/ollerpintures.com\/ca\/#website","url":"https:\/\/ollerpintures.com\/ca\/","name":"Oller Pinturas y Revestimientos","description":"Pinturas y revestimientos para profesionales, industrias, obras p\u00fablicas, bricolaje. Pinturas de calidad profesional i mucho m\u00e1s.","publisher":{"@id":"https:\/\/ollerpintures.com\/ca\/#organization"},"alternateName":"Oller Grup","potentialAction":[{"@type":"SearchAction","target":{"@type":"EntryPoint","urlTemplate":"https:\/\/ollerpintures.com\/ca\/?s={search_term_string}"},"query-input":{"@type":"PropertyValueSpecification","valueRequired":true,"valueName":"search_term_string"}}],"inLanguage":"ca"},{"@type":"Organization","@id":"https:\/\/ollerpintures.com\/ca\/#organization","name":"Oller Pintures i Revestiments","alternateName":"Oller Grup","url":"https:\/\/ollerpintures.com\/ca\/","logo":{"@type":"ImageObject","inLanguage":"ca","@id":"https:\/\/ollerpintures.com\/ca\/#\/schema\/logo\/image\/","url":"https:\/\/ollerpintures.com\/wp-content\/uploads\/2024\/05\/newLogo.png","contentUrl":"https:\/\/ollerpintures.com\/wp-content\/uploads\/2024\/05\/newLogo.png","width":483,"height":244,"caption":"Oller Pintures i Revestiments"},"image":{"@id":"https:\/\/ollerpintures.com\/ca\/#\/schema\/logo\/image\/"},"sameAs":["https:\/\/www.facebook.com\/people\/Oller-Pintures\/100063652056709\/","https:\/\/www.instagram.com\/ollerpintures\/","https:\/\/descriptor.es\/organization\/oller-grup\/"]}]}},"brands":[],"_links":{"self":[{"href":"https:\/\/ollerpintures.com\/ca\/wp-json\/wp\/v2\/product\/9444","targetHints":{"allow":["GET"]}}],"collection":[{"href":"https:\/\/ollerpintures.com\/ca\/wp-json\/wp\/v2\/product"}],"about":[{"href":"https:\/\/ollerpintures.com\/ca\/wp-json\/wp\/v2\/types\/product"}],"wp:featuredmedia":[{"embeddable":true,"href":"https:\/\/ollerpintures.com\/ca\/wp-json\/wp\/v2\/media\/9447"}],"wp:attachment":[{"href":"https:\/\/ollerpintures.com\/ca\/wp-json\/wp\/v2\/media?parent=9444"}],"wp:term":[{"taxonomy":"pwb-brand","embeddable":true,"href":"https:\/\/ollerpintures.com\/ca\/wp-json\/wp\/v2\/pwb-brand?post=9444"},{"taxonomy":"product_brand","embeddable":true,"href":"https:\/\/ollerpintures.com\/ca\/wp-json\/wp\/v2\/product_brand?post=9444"},{"taxonomy":"product_cat","embeddable":true,"href":"https:\/\/ollerpintures.com\/ca\/wp-json\/wp\/v2\/product_cat?post=9444"},{"taxonomy":"product_tag","embeddable":true,"href":"https:\/\/ollerpintures.com\/ca\/wp-json\/wp\/v2\/product_tag?post=9444"}],"curies":[{"name":"wp","href":"https:\/\/api.w.org\/{rel}","templated":true}]}}