{"id":9392,"date":"2021-03-12T10:58:08","date_gmt":"2021-03-12T09:58:08","guid":{"rendered":"https:\/\/oller-pintures.c.wetopi.com\/?post_type=product&#038;p=9392"},"modified":"2026-04-14T02:00:33","modified_gmt":"2026-04-14T01:00:33","slug":"pintura-per-piscines-bruguer-azul-4l","status":"publish","type":"product","link":"https:\/\/ollerpintures.com\/ca\/producte\/pintura-per-piscines-bruguer-azul-4l\/","title":{"rendered":"Pintura per piscines BRUGUER Azul (antic Neptuno) 4L"},"content":{"rendered":"<p>Pintura per a piscines de <a href=\"https:\/\/ollerpintures.com\/microciment-reforma-sense-obres\/\" target=\"_blank\" rel=\"noopener\">ciment<\/a>\u00a0feta a base de resina de cautx\u00fa acr\u00edlic.<\/p>\n<h4>Caracter\u00edstiques<\/h4>\n<ul>\n<li>Color Blau<\/li>\n<li>Bona resist\u00e8ncia a l&#8217;aigua dol\u00e7a i salada<\/li>\n<li><strong>Total resist\u00e8ncia al clor<\/strong> i altres agents de depuraci\u00f3 de les piscines (<a title=\"Llegeix sobre la cloraci\u00f3 a la Vikip\u00e8dia\" href=\"https:\/\/ca.wikipedia.org\/wiki\/Cloraci%C3%B3\" target=\"_blank\" rel=\"noopener\">cloraci\u00f3<\/a>)<strong><br \/>\n<\/strong><\/li>\n<li><strong>Amb conservant antialgues i antifongs<\/strong><\/li>\n<li>Molt bona adher\u00e8ncia sobre superf\u00edcies de ciment<\/li>\n<li>Seca molt r\u00e0pidament<\/li>\n<\/ul>\n<p><em><strong>Consulta m\u00e9s informaci\u00f3 a la fitxa t\u00e8cnica adjunta!<\/strong><\/em><\/p>\n<p>&nbsp;<\/p>\n<blockquote><p><em><strong><span style=\"color: #ff6600;\">O<\/span>K Product:<\/strong><\/em> s\u00f3n productes que els professionals d\u2019Oller Pintures recomanem, per les seves caracter\u00edstiques i funcionalitats i la gran relaci\u00f3 qualitat-preu.<\/p><\/blockquote>\n<p>&nbsp;<\/p>\n","protected":false},"excerpt":{"rendered":"<p>Compra pintura per piscines BRUGUER Azul 4L a Oller Pintures, assessorament i experi\u00e8ncia al servei de la teva piscina.<\/p>\n","protected":false},"featured_media":11461,"template":"","meta":{"_acf_changed":false},"pwb-brand":[41],"product_brand":[],"product_cat":[24,729,70],"product_tag":[73,63,62,732,584,66,733,731],"class_list":{"0":"post-9392","1":"product","2":"type-product","3":"status-publish","4":"has-post-thumbnail","6":"pwb-brand-bruguer","7":"product_cat-pintura","8":"product_cat-pintura-per-piscines","9":"product_cat-pinturaexterior","10":"product_tag-bruguer","11":"product_tag-exterior","12":"product_tag-interior","13":"product_tag-jardi","14":"product_tag-ok-product","15":"product_tag-pintura","16":"product_tag-pintura-per-piscina","17":"product_tag-piscina","18":"no-featured-image-padding","19":"resize-featured-image","20":"sales-flash-overlay","21":"woocommerce-text-align-left","22":"woocommerce-image-align-center","23":"do-quantity-buttons","24":"wc-has-gallery","26":"first","27":"outofstock","28":"featured","29":"shipping-taxable","30":"purchasable","31":"product-type-simple"},"acf":[],"yoast_head":"<!-- This site is optimized with the Yoast SEO plugin v27.1.1 - https:\/\/yoast.com\/product\/yoast-seo-wordpress\/ -->\n<title>Bruguer | Pintura per piscines Azul<\/title>\n<meta name=\"description\" content=\"Compra pintura per piscines BRUGUER Azul 4L a Oller Pintures, assessorament i experi\u00e8ncia al servei de la teva piscina.\" \/>\n<meta name=\"robots\" content=\"index, follow, max-snippet:-1, max-image-preview:large, max-video-preview:-1\" \/>\n<link rel=\"canonical\" href=\"https:\/\/ollerpintures.com\/ca\/producte\/pintura-per-piscines-bruguer-azul-4l\/\" \/>\n<meta property=\"og:locale\" content=\"ca_ES\" \/>\n<meta property=\"og:type\" content=\"article\" \/>\n<meta property=\"og:title\" content=\"Bruguer | Pintura per piscines Azul\" \/>\n<meta property=\"og:description\" content=\"Compra pintura per piscines BRUGUER Azul 4L a Oller Pintures, assessorament i experi\u00e8ncia al servei de la teva piscina.\" \/>\n<meta property=\"og:url\" content=\"https:\/\/ollerpintures.com\/ca\/producte\/pintura-per-piscines-bruguer-azul-4l\/\" \/>\n<meta property=\"og:site_name\" content=\"Oller Pinturas y Revestimientos\" \/>\n<meta property=\"article:publisher\" content=\"https:\/\/www.facebook.com\/people\/Oller-Pintures\/100063652056709\/\" \/>\n<meta property=\"article:modified_time\" content=\"2026-04-14T01:00:33+00:00\" \/>\n<meta property=\"og:image\" content=\"https:\/\/ollerpintures.com\/wp-content\/uploads\/2021\/03\/pintura-para-piscina-azul-online-bruguer-neptuno-oller.jpg\" \/>\n\t<meta property=\"og:image:width\" content=\"1080\" \/>\n\t<meta property=\"og:image:height\" content=\"1080\" \/>\n\t<meta property=\"og:image:type\" content=\"image\/jpeg\" \/>\n<meta name=\"twitter:card\" content=\"summary_large_image\" \/>\n<meta name=\"twitter:label1\" content=\"Temps estimat de lectura\" \/>\n\t<meta name=\"twitter:data1\" content=\"1 minut\" \/>\n<script type=\"application\/ld+json\" class=\"yoast-schema-graph\">{\"@context\":\"https:\/\/schema.org\",\"@graph\":[{\"@type\":\"WebPage\",\"@id\":\"https:\/\/ollerpintures.com\/ca\/producte\/pintura-per-piscines-bruguer-azul-4l\/\",\"url\":\"https:\/\/ollerpintures.com\/ca\/producte\/pintura-per-piscines-bruguer-azul-4l\/\",\"name\":\"Bruguer | Pintura per piscines Azul\",\"isPartOf\":{\"@id\":\"https:\/\/ollerpintures.com\/ca\/#website\"},\"primaryImageOfPage\":{\"@id\":\"https:\/\/ollerpintures.com\/ca\/producte\/pintura-per-piscines-bruguer-azul-4l\/#primaryimage\"},\"image\":{\"@id\":\"https:\/\/ollerpintures.com\/ca\/producte\/pintura-per-piscines-bruguer-azul-4l\/#primaryimage\"},\"thumbnailUrl\":\"https:\/\/ollerpintures.com\/wp-content\/uploads\/2021\/03\/pintura-para-piscina-azul-online-bruguer-neptuno-oller.jpg\",\"datePublished\":\"2021-03-12T09:58:08+00:00\",\"dateModified\":\"2026-04-14T01:00:33+00:00\",\"description\":\"Compra pintura per piscines BRUGUER Azul 4L a Oller Pintures, assessorament i experi\u00e8ncia al servei de la teva piscina.\",\"breadcrumb\":{\"@id\":\"https:\/\/ollerpintures.com\/ca\/producte\/pintura-per-piscines-bruguer-azul-4l\/#breadcrumb\"},\"inLanguage\":\"ca\",\"potentialAction\":[{\"@type\":\"ReadAction\",\"target\":[\"https:\/\/ollerpintures.com\/ca\/producte\/pintura-per-piscines-bruguer-azul-4l\/\"]}]},{\"@type\":\"ImageObject\",\"inLanguage\":\"ca\",\"@id\":\"https:\/\/ollerpintures.com\/ca\/producte\/pintura-per-piscines-bruguer-azul-4l\/#primaryimage\",\"url\":\"https:\/\/ollerpintures.com\/wp-content\/uploads\/2021\/03\/pintura-para-piscina-azul-online-bruguer-neptuno-oller.jpg\",\"contentUrl\":\"https:\/\/ollerpintures.com\/wp-content\/uploads\/2021\/03\/pintura-para-piscina-azul-online-bruguer-neptuno-oller.jpg\",\"width\":1080,\"height\":1080,\"caption\":\"pintura per piscines BRUGUER NEPTUNO Azul Mar Egeo 4L\"},{\"@type\":\"BreadcrumbList\",\"@id\":\"https:\/\/ollerpintures.com\/ca\/producte\/pintura-per-piscines-bruguer-azul-4l\/#breadcrumb\",\"itemListElement\":[{\"@type\":\"ListItem\",\"position\":1,\"name\":\"Inici\",\"item\":\"https:\/\/ollerpintures.com\/ca\/\"},{\"@type\":\"ListItem\",\"position\":2,\"name\":\"Botiga\",\"item\":\"https:\/\/ollerpintures.com\/ca\/botiga\/\"},{\"@type\":\"ListItem\",\"position\":3,\"name\":\"Pintura per piscines BRUGUER Azul (antic Neptuno) 4L\"}]},{\"@type\":\"WebSite\",\"@id\":\"https:\/\/ollerpintures.com\/ca\/#website\",\"url\":\"https:\/\/ollerpintures.com\/ca\/\",\"name\":\"Oller Pinturas y Revestimientos\",\"description\":\"Pinturas y revestimientos para profesionales, industrias, obras p\u00fablicas, bricolaje. Pinturas de calidad profesional i mucho m\u00e1s.\",\"publisher\":{\"@id\":\"https:\/\/ollerpintures.com\/ca\/#organization\"},\"alternateName\":\"Oller Grup\",\"potentialAction\":[{\"@type\":\"SearchAction\",\"target\":{\"@type\":\"EntryPoint\",\"urlTemplate\":\"https:\/\/ollerpintures.com\/ca\/?s={search_term_string}\"},\"query-input\":{\"@type\":\"PropertyValueSpecification\",\"valueRequired\":true,\"valueName\":\"search_term_string\"}}],\"inLanguage\":\"ca\"},{\"@type\":\"Organization\",\"@id\":\"https:\/\/ollerpintures.com\/ca\/#organization\",\"name\":\"Oller Pintures i Revestiments\",\"alternateName\":\"Oller Grup\",\"url\":\"https:\/\/ollerpintures.com\/ca\/\",\"logo\":{\"@type\":\"ImageObject\",\"inLanguage\":\"ca\",\"@id\":\"https:\/\/ollerpintures.com\/ca\/#\/schema\/logo\/image\/\",\"url\":\"https:\/\/ollerpintures.com\/wp-content\/uploads\/2024\/05\/newLogo.png\",\"contentUrl\":\"https:\/\/ollerpintures.com\/wp-content\/uploads\/2024\/05\/newLogo.png\",\"width\":483,\"height\":244,\"caption\":\"Oller Pintures i Revestiments\"},\"image\":{\"@id\":\"https:\/\/ollerpintures.com\/ca\/#\/schema\/logo\/image\/\"},\"sameAs\":[\"https:\/\/www.facebook.com\/people\/Oller-Pintures\/100063652056709\/\",\"https:\/\/www.instagram.com\/ollerpintures\/\",\"https:\/\/descriptor.es\/organization\/oller-grup\/\"]}]}<\/script>\n<!-- \/ Yoast SEO plugin. -->","yoast_head_json":{"title":"Bruguer | Pintura per piscines Azul","description":"Compra pintura per piscines BRUGUER Azul 4L a Oller Pintures, assessorament i experi\u00e8ncia al servei de la teva piscina.","robots":{"index":"index","follow":"follow","max-snippet":"max-snippet:-1","max-image-preview":"max-image-preview:large","max-video-preview":"max-video-preview:-1"},"canonical":"https:\/\/ollerpintures.com\/ca\/producte\/pintura-per-piscines-bruguer-azul-4l\/","og_locale":"ca_ES","og_type":"article","og_title":"Bruguer | Pintura per piscines Azul","og_description":"Compra pintura per piscines BRUGUER Azul 4L a Oller Pintures, assessorament i experi\u00e8ncia al servei de la teva piscina.","og_url":"https:\/\/ollerpintures.com\/ca\/producte\/pintura-per-piscines-bruguer-azul-4l\/","og_site_name":"Oller Pinturas y Revestimientos","article_publisher":"https:\/\/www.facebook.com\/people\/Oller-Pintures\/100063652056709\/","article_modified_time":"2026-04-14T01:00:33+00:00","og_image":[{"width":1080,"height":1080,"url":"https:\/\/ollerpintures.com\/wp-content\/uploads\/2021\/03\/pintura-para-piscina-azul-online-bruguer-neptuno-oller.jpg","type":"image\/jpeg"}],"twitter_card":"summary_large_image","twitter_misc":{"Temps estimat de lectura":"1 minut"},"schema":{"@context":"https:\/\/schema.org","@graph":[{"@type":"WebPage","@id":"https:\/\/ollerpintures.com\/ca\/producte\/pintura-per-piscines-bruguer-azul-4l\/","url":"https:\/\/ollerpintures.com\/ca\/producte\/pintura-per-piscines-bruguer-azul-4l\/","name":"Bruguer | Pintura per piscines Azul","isPartOf":{"@id":"https:\/\/ollerpintures.com\/ca\/#website"},"primaryImageOfPage":{"@id":"https:\/\/ollerpintures.com\/ca\/producte\/pintura-per-piscines-bruguer-azul-4l\/#primaryimage"},"image":{"@id":"https:\/\/ollerpintures.com\/ca\/producte\/pintura-per-piscines-bruguer-azul-4l\/#primaryimage"},"thumbnailUrl":"https:\/\/ollerpintures.com\/wp-content\/uploads\/2021\/03\/pintura-para-piscina-azul-online-bruguer-neptuno-oller.jpg","datePublished":"2021-03-12T09:58:08+00:00","dateModified":"2026-04-14T01:00:33+00:00","description":"Compra pintura per piscines BRUGUER Azul 4L a Oller Pintures, assessorament i experi\u00e8ncia al servei de la teva piscina.","breadcrumb":{"@id":"https:\/\/ollerpintures.com\/ca\/producte\/pintura-per-piscines-bruguer-azul-4l\/#breadcrumb"},"inLanguage":"ca","potentialAction":[{"@type":"ReadAction","target":["https:\/\/ollerpintures.com\/ca\/producte\/pintura-per-piscines-bruguer-azul-4l\/"]}]},{"@type":"ImageObject","inLanguage":"ca","@id":"https:\/\/ollerpintures.com\/ca\/producte\/pintura-per-piscines-bruguer-azul-4l\/#primaryimage","url":"https:\/\/ollerpintures.com\/wp-content\/uploads\/2021\/03\/pintura-para-piscina-azul-online-bruguer-neptuno-oller.jpg","contentUrl":"https:\/\/ollerpintures.com\/wp-content\/uploads\/2021\/03\/pintura-para-piscina-azul-online-bruguer-neptuno-oller.jpg","width":1080,"height":1080,"caption":"pintura per piscines BRUGUER NEPTUNO Azul Mar Egeo 4L"},{"@type":"BreadcrumbList","@id":"https:\/\/ollerpintures.com\/ca\/producte\/pintura-per-piscines-bruguer-azul-4l\/#breadcrumb","itemListElement":[{"@type":"ListItem","position":1,"name":"Inici","item":"https:\/\/ollerpintures.com\/ca\/"},{"@type":"ListItem","position":2,"name":"Botiga","item":"https:\/\/ollerpintures.com\/ca\/botiga\/"},{"@type":"ListItem","position":3,"name":"Pintura per piscines BRUGUER Azul (antic Neptuno) 4L"}]},{"@type":"WebSite","@id":"https:\/\/ollerpintures.com\/ca\/#website","url":"https:\/\/ollerpintures.com\/ca\/","name":"Oller Pinturas y Revestimientos","description":"Pinturas y revestimientos para profesionales, industrias, obras p\u00fablicas, bricolaje. Pinturas de calidad profesional i mucho m\u00e1s.","publisher":{"@id":"https:\/\/ollerpintures.com\/ca\/#organization"},"alternateName":"Oller Grup","potentialAction":[{"@type":"SearchAction","target":{"@type":"EntryPoint","urlTemplate":"https:\/\/ollerpintures.com\/ca\/?s={search_term_string}"},"query-input":{"@type":"PropertyValueSpecification","valueRequired":true,"valueName":"search_term_string"}}],"inLanguage":"ca"},{"@type":"Organization","@id":"https:\/\/ollerpintures.com\/ca\/#organization","name":"Oller Pintures i Revestiments","alternateName":"Oller Grup","url":"https:\/\/ollerpintures.com\/ca\/","logo":{"@type":"ImageObject","inLanguage":"ca","@id":"https:\/\/ollerpintures.com\/ca\/#\/schema\/logo\/image\/","url":"https:\/\/ollerpintures.com\/wp-content\/uploads\/2024\/05\/newLogo.png","contentUrl":"https:\/\/ollerpintures.com\/wp-content\/uploads\/2024\/05\/newLogo.png","width":483,"height":244,"caption":"Oller Pintures i Revestiments"},"image":{"@id":"https:\/\/ollerpintures.com\/ca\/#\/schema\/logo\/image\/"},"sameAs":["https:\/\/www.facebook.com\/people\/Oller-Pintures\/100063652056709\/","https:\/\/www.instagram.com\/ollerpintures\/","https:\/\/descriptor.es\/organization\/oller-grup\/"]}]}},"brands":[{"id":41,"name":"Bruguer","slug":"bruguer"}],"_links":{"self":[{"href":"https:\/\/ollerpintures.com\/ca\/wp-json\/wp\/v2\/product\/9392","targetHints":{"allow":["GET"]}}],"collection":[{"href":"https:\/\/ollerpintures.com\/ca\/wp-json\/wp\/v2\/product"}],"about":[{"href":"https:\/\/ollerpintures.com\/ca\/wp-json\/wp\/v2\/types\/product"}],"wp:featuredmedia":[{"embeddable":true,"href":"https:\/\/ollerpintures.com\/ca\/wp-json\/wp\/v2\/media\/11461"}],"wp:attachment":[{"href":"https:\/\/ollerpintures.com\/ca\/wp-json\/wp\/v2\/media?parent=9392"}],"wp:term":[{"taxonomy":"pwb-brand","embeddable":true,"href":"https:\/\/ollerpintures.com\/ca\/wp-json\/wp\/v2\/pwb-brand?post=9392"},{"taxonomy":"product_brand","embeddable":true,"href":"https:\/\/ollerpintures.com\/ca\/wp-json\/wp\/v2\/product_brand?post=9392"},{"taxonomy":"product_cat","embeddable":true,"href":"https:\/\/ollerpintures.com\/ca\/wp-json\/wp\/v2\/product_cat?post=9392"},{"taxonomy":"product_tag","embeddable":true,"href":"https:\/\/ollerpintures.com\/ca\/wp-json\/wp\/v2\/product_tag?post=9392"}],"curies":[{"name":"wp","href":"https:\/\/api.w.org\/{rel}","templated":true}]}}