{"id":9356,"date":"2021-03-11T10:33:11","date_gmt":"2021-03-11T09:33:11","guid":{"rendered":"https:\/\/oller-pintures.c.wetopi.com\/?post_type=product&#038;p=9356"},"modified":"2026-04-14T02:00:13","modified_gmt":"2026-04-14T01:00:13","slug":"esmalt-lluent-per-piscines-de-fibra-blatempur-piscinas-poliester-blau-4l","status":"publish","type":"product","link":"https:\/\/ollerpintures.com\/ca\/producte\/esmalt-lluent-per-piscines-de-fibra-blatempur-piscinas-poliester-blau-4l\/","title":{"rendered":"Pintura per piscines de fibra BLATEMPUR Piscinas Poliester Blau 4L"},"content":{"rendered":"<p>Aquest \u00e9s un dels productes estrella si tens una piscina de fibra de vidre!<\/p>\n<p>\u00c9s un esmalt lluent poliuret\u00e0 acr\u00edlic de dos components que t&#8217;ofereix la millor soluci\u00f3 per <strong>aplicacions sobre superf\u00edcies amb problemes d&#8217;adher\u00e8ncia<\/strong> i et donar\u00e0 les m\u00e0ximes prestacions com acabats. \u00c9s un producte especial per aplicar sobre poliester de fibra de vidre.<\/p>\n<h4>Caracter\u00edstiques<\/h4>\n<ul>\n<li>Temps \u00fatil des que es fa la mescla: m\u00e9s de 8h<\/li>\n<li>Sec en 20-50 minuts<\/li>\n<li>Repintat: en 18-24h<\/li>\n<\/ul>\n<h4>Aplicaci\u00f3<\/h4>\n<ul>\n<li>Assegura&#8217;t de netejar b\u00e9 la superf\u00edcie pr\u00e8viament\n<ul>\n<li>Recomanem fregar amb paper de vidre totalment la superf\u00edcie, eliminant les parts mal adherides i defectuoses. Procura eliminar a la perfecci\u00f3 la pols del fregat abans de pintar<\/li>\n<li>Utilitza el <strong>Dissolvent Poliuret\u00e0 <\/strong>per netejar la piscina pr\u00e8viament a la perfecci\u00f3<\/li>\n<\/ul>\n<\/li>\n<li>Perfecta aplicaci\u00f3 sobre poliester fibra de vidre<\/li>\n<li>Pintar amb brotxa, corr\u00f3 o pistola<\/li>\n<li>No aplicar sobre superf\u00edcies recalentades pels rajos solars<\/li>\n<li>Aplica capes fines i respecta els temps de repintat!<\/li>\n<\/ul>\n<p>&nbsp;<\/p>\n<hr \/>\n<p><a class=\"button\" href=\"https:\/\/ollerpintures.com\/contacte-oller-pintures\/\" target=\"_blank\" rel=\"noopener\">Tens dubtes? Escriu-nos!<\/a> <a class=\"button\" href=\"https:\/\/ollerpintures.com\/comprar-pintures-online\/\" target=\"_blank\" rel=\"noopener\">Segueix comprant &gt;&gt; <\/a><\/p>\n<hr \/>\n","protected":false},"excerpt":{"rendered":"<p>Aquest \u00e9s un dels productes estrella si tens una piscina de fibra de vidre! \u00c9s un esmalt lluent poliuret\u00e0 acr\u00edlic de dos components que t&#8217;ofereix &#8230; <\/p>\n<p class=\"read-more-container\"><a title=\"Pintura per piscines de fibra BLATEMPUR Piscinas Poliester Blau 4L\" class=\"read-more button\" href=\"https:\/\/ollerpintures.com\/ca\/producte\/esmalt-lluent-per-piscines-de-fibra-blatempur-piscinas-poliester-blau-4l\/#more-9356\" aria-label=\"M\u00e9s informaci\u00f3 sobre Pintura per piscines de fibra BLATEMPUR Piscinas Poliester Blau 4L\">Seguir llegint<\/a><\/p>\n","protected":false},"featured_media":9404,"template":"","meta":{"_acf_changed":false},"pwb-brand":[60],"product_brand":[],"product_cat":[729],"product_tag":[81,63,62,732,66,733,731,585],"class_list":{"0":"post-9356","1":"product","2":"type-product","3":"status-publish","4":"has-post-thumbnail","6":"pwb-brand-blatem","7":"product_cat-pintura-per-piscines","8":"product_tag-blatem","9":"product_tag-exterior","10":"product_tag-interior","11":"product_tag-jardi","12":"product_tag-pintura","13":"product_tag-pintura-per-piscina","14":"product_tag-piscina","15":"product_tag-professional-quality","16":"no-featured-image-padding","17":"resize-featured-image","18":"sales-flash-overlay","19":"woocommerce-text-align-left","20":"woocommerce-image-align-center","21":"do-quantity-buttons","22":"wc-has-gallery","24":"first","25":"instock","26":"featured","27":"shipping-taxable","28":"purchasable","29":"product-type-simple"},"acf":[],"yoast_head":"<!-- This site is optimized with the Yoast SEO plugin v27.1.1 - https:\/\/yoast.com\/product\/yoast-seo-wordpress\/ -->\n<title>Pintura per piscines de fibra BLATEMPUR Piscinas Poliester Blau 4L - Oller Pinturas y Revestimientos<\/title>\n<meta name=\"description\" content=\"Aquest \u00e9s un dels productes estrella si tens una piscina de fibra de vidre! \u00c9s un esmalt lluent poliuret\u00e0 acr\u00edlic de dos components que t&#039;ofereix la\" \/>\n<meta name=\"robots\" content=\"index, follow, max-snippet:-1, max-image-preview:large, max-video-preview:-1\" \/>\n<link rel=\"canonical\" href=\"https:\/\/ollerpintures.com\/ca\/producte\/esmalt-lluent-per-piscines-de-fibra-blatempur-piscinas-poliester-blau-4l\/\" \/>\n<meta property=\"og:locale\" content=\"ca_ES\" \/>\n<meta property=\"og:type\" content=\"article\" \/>\n<meta property=\"og:title\" content=\"Pintura per piscines de fibra BLATEMPUR Piscinas Poliester Blau 4L - Oller Pinturas y Revestimientos\" \/>\n<meta property=\"og:description\" content=\"Aquest \u00e9s un dels productes estrella si tens una piscina de fibra de vidre! \u00c9s un esmalt lluent poliuret\u00e0 acr\u00edlic de dos components que t&#039;ofereix la\" \/>\n<meta property=\"og:url\" content=\"https:\/\/ollerpintures.com\/ca\/producte\/esmalt-lluent-per-piscines-de-fibra-blatempur-piscinas-poliester-blau-4l\/\" \/>\n<meta property=\"og:site_name\" content=\"Oller Pinturas y Revestimientos\" \/>\n<meta property=\"article:publisher\" content=\"https:\/\/www.facebook.com\/people\/Oller-Pintures\/100063652056709\/\" \/>\n<meta property=\"article:modified_time\" content=\"2026-04-14T01:00:13+00:00\" \/>\n<meta property=\"og:image\" content=\"https:\/\/ollerpintures.com\/wp-content\/uploads\/2021\/03\/pintura-piscina-de-fibra-blatempur-poliester-blatem-online-oller-1.jpg\" \/>\n\t<meta property=\"og:image:width\" content=\"1080\" \/>\n\t<meta property=\"og:image:height\" content=\"1080\" \/>\n\t<meta property=\"og:image:type\" content=\"image\/jpeg\" \/>\n<meta name=\"twitter:card\" content=\"summary_large_image\" \/>\n<meta name=\"twitter:label1\" content=\"Temps estimat de lectura\" \/>\n\t<meta name=\"twitter:data1\" content=\"1 minut\" \/>\n<script type=\"application\/ld+json\" class=\"yoast-schema-graph\">{\"@context\":\"https:\/\/schema.org\",\"@graph\":[{\"@type\":\"WebPage\",\"@id\":\"https:\/\/ollerpintures.com\/ca\/producte\/esmalt-lluent-per-piscines-de-fibra-blatempur-piscinas-poliester-blau-4l\/\",\"url\":\"https:\/\/ollerpintures.com\/ca\/producte\/esmalt-lluent-per-piscines-de-fibra-blatempur-piscinas-poliester-blau-4l\/\",\"name\":\"Pintura per piscines de fibra BLATEMPUR Piscinas Poliester Blau 4L - Oller Pinturas y Revestimientos\",\"isPartOf\":{\"@id\":\"https:\/\/ollerpintures.com\/ca\/#website\"},\"primaryImageOfPage\":{\"@id\":\"https:\/\/ollerpintures.com\/ca\/producte\/esmalt-lluent-per-piscines-de-fibra-blatempur-piscinas-poliester-blau-4l\/#primaryimage\"},\"image\":{\"@id\":\"https:\/\/ollerpintures.com\/ca\/producte\/esmalt-lluent-per-piscines-de-fibra-blatempur-piscinas-poliester-blau-4l\/#primaryimage\"},\"thumbnailUrl\":\"https:\/\/ollerpintures.com\/wp-content\/uploads\/2021\/03\/pintura-piscina-de-fibra-blatempur-poliester-blatem-online-oller-1.jpg\",\"datePublished\":\"2021-03-11T09:33:11+00:00\",\"dateModified\":\"2026-04-14T01:00:13+00:00\",\"description\":\"Aquest \u00e9s un dels productes estrella si tens una piscina de fibra de vidre! \u00c9s un esmalt lluent poliuret\u00e0 acr\u00edlic de dos components que t'ofereix la\",\"breadcrumb\":{\"@id\":\"https:\/\/ollerpintures.com\/ca\/producte\/esmalt-lluent-per-piscines-de-fibra-blatempur-piscinas-poliester-blau-4l\/#breadcrumb\"},\"inLanguage\":\"ca\",\"potentialAction\":[{\"@type\":\"ReadAction\",\"target\":[\"https:\/\/ollerpintures.com\/ca\/producte\/esmalt-lluent-per-piscines-de-fibra-blatempur-piscinas-poliester-blau-4l\/\"]}]},{\"@type\":\"ImageObject\",\"inLanguage\":\"ca\",\"@id\":\"https:\/\/ollerpintures.com\/ca\/producte\/esmalt-lluent-per-piscines-de-fibra-blatempur-piscinas-poliester-blau-4l\/#primaryimage\",\"url\":\"https:\/\/ollerpintures.com\/wp-content\/uploads\/2021\/03\/pintura-piscina-de-fibra-blatempur-poliester-blatem-online-oller-1.jpg\",\"contentUrl\":\"https:\/\/ollerpintures.com\/wp-content\/uploads\/2021\/03\/pintura-piscina-de-fibra-blatempur-poliester-blatem-online-oller-1.jpg\",\"width\":1080,\"height\":1080,\"caption\":\"Pintura BLATEMPUR POLIESTER piscina fibra vidrio\"},{\"@type\":\"BreadcrumbList\",\"@id\":\"https:\/\/ollerpintures.com\/ca\/producte\/esmalt-lluent-per-piscines-de-fibra-blatempur-piscinas-poliester-blau-4l\/#breadcrumb\",\"itemListElement\":[{\"@type\":\"ListItem\",\"position\":1,\"name\":\"Inici\",\"item\":\"https:\/\/ollerpintures.com\/ca\/\"},{\"@type\":\"ListItem\",\"position\":2,\"name\":\"Botiga\",\"item\":\"https:\/\/ollerpintures.com\/ca\/botiga\/\"},{\"@type\":\"ListItem\",\"position\":3,\"name\":\"Pintura per piscines de fibra BLATEMPUR Piscinas Poliester Blau 4L\"}]},{\"@type\":\"WebSite\",\"@id\":\"https:\/\/ollerpintures.com\/ca\/#website\",\"url\":\"https:\/\/ollerpintures.com\/ca\/\",\"name\":\"Oller Pinturas y Revestimientos\",\"description\":\"Pinturas y revestimientos para profesionales, industrias, obras p\u00fablicas, bricolaje. Pinturas de calidad profesional i mucho m\u00e1s.\",\"publisher\":{\"@id\":\"https:\/\/ollerpintures.com\/ca\/#organization\"},\"alternateName\":\"Oller Grup\",\"potentialAction\":[{\"@type\":\"SearchAction\",\"target\":{\"@type\":\"EntryPoint\",\"urlTemplate\":\"https:\/\/ollerpintures.com\/ca\/?s={search_term_string}\"},\"query-input\":{\"@type\":\"PropertyValueSpecification\",\"valueRequired\":true,\"valueName\":\"search_term_string\"}}],\"inLanguage\":\"ca\"},{\"@type\":\"Organization\",\"@id\":\"https:\/\/ollerpintures.com\/ca\/#organization\",\"name\":\"Oller Pintures i Revestiments\",\"alternateName\":\"Oller Grup\",\"url\":\"https:\/\/ollerpintures.com\/ca\/\",\"logo\":{\"@type\":\"ImageObject\",\"inLanguage\":\"ca\",\"@id\":\"https:\/\/ollerpintures.com\/ca\/#\/schema\/logo\/image\/\",\"url\":\"https:\/\/ollerpintures.com\/wp-content\/uploads\/2024\/05\/newLogo.png\",\"contentUrl\":\"https:\/\/ollerpintures.com\/wp-content\/uploads\/2024\/05\/newLogo.png\",\"width\":483,\"height\":244,\"caption\":\"Oller Pintures i Revestiments\"},\"image\":{\"@id\":\"https:\/\/ollerpintures.com\/ca\/#\/schema\/logo\/image\/\"},\"sameAs\":[\"https:\/\/www.facebook.com\/people\/Oller-Pintures\/100063652056709\/\",\"https:\/\/www.instagram.com\/ollerpintures\/\",\"https:\/\/descriptor.es\/organization\/oller-grup\/\"]}]}<\/script>\n<!-- \/ Yoast SEO plugin. -->","yoast_head_json":{"title":"Pintura per piscines de fibra BLATEMPUR Piscinas Poliester Blau 4L - Oller Pinturas y Revestimientos","description":"Aquest \u00e9s un dels productes estrella si tens una piscina de fibra de vidre! \u00c9s un esmalt lluent poliuret\u00e0 acr\u00edlic de dos components que t'ofereix la","robots":{"index":"index","follow":"follow","max-snippet":"max-snippet:-1","max-image-preview":"max-image-preview:large","max-video-preview":"max-video-preview:-1"},"canonical":"https:\/\/ollerpintures.com\/ca\/producte\/esmalt-lluent-per-piscines-de-fibra-blatempur-piscinas-poliester-blau-4l\/","og_locale":"ca_ES","og_type":"article","og_title":"Pintura per piscines de fibra BLATEMPUR Piscinas Poliester Blau 4L - Oller Pinturas y Revestimientos","og_description":"Aquest \u00e9s un dels productes estrella si tens una piscina de fibra de vidre! \u00c9s un esmalt lluent poliuret\u00e0 acr\u00edlic de dos components que t'ofereix la","og_url":"https:\/\/ollerpintures.com\/ca\/producte\/esmalt-lluent-per-piscines-de-fibra-blatempur-piscinas-poliester-blau-4l\/","og_site_name":"Oller Pinturas y Revestimientos","article_publisher":"https:\/\/www.facebook.com\/people\/Oller-Pintures\/100063652056709\/","article_modified_time":"2026-04-14T01:00:13+00:00","og_image":[{"width":1080,"height":1080,"url":"https:\/\/ollerpintures.com\/wp-content\/uploads\/2021\/03\/pintura-piscina-de-fibra-blatempur-poliester-blatem-online-oller-1.jpg","type":"image\/jpeg"}],"twitter_card":"summary_large_image","twitter_misc":{"Temps estimat de lectura":"1 minut"},"schema":{"@context":"https:\/\/schema.org","@graph":[{"@type":"WebPage","@id":"https:\/\/ollerpintures.com\/ca\/producte\/esmalt-lluent-per-piscines-de-fibra-blatempur-piscinas-poliester-blau-4l\/","url":"https:\/\/ollerpintures.com\/ca\/producte\/esmalt-lluent-per-piscines-de-fibra-blatempur-piscinas-poliester-blau-4l\/","name":"Pintura per piscines de fibra BLATEMPUR Piscinas Poliester Blau 4L - Oller Pinturas y Revestimientos","isPartOf":{"@id":"https:\/\/ollerpintures.com\/ca\/#website"},"primaryImageOfPage":{"@id":"https:\/\/ollerpintures.com\/ca\/producte\/esmalt-lluent-per-piscines-de-fibra-blatempur-piscinas-poliester-blau-4l\/#primaryimage"},"image":{"@id":"https:\/\/ollerpintures.com\/ca\/producte\/esmalt-lluent-per-piscines-de-fibra-blatempur-piscinas-poliester-blau-4l\/#primaryimage"},"thumbnailUrl":"https:\/\/ollerpintures.com\/wp-content\/uploads\/2021\/03\/pintura-piscina-de-fibra-blatempur-poliester-blatem-online-oller-1.jpg","datePublished":"2021-03-11T09:33:11+00:00","dateModified":"2026-04-14T01:00:13+00:00","description":"Aquest \u00e9s un dels productes estrella si tens una piscina de fibra de vidre! \u00c9s un esmalt lluent poliuret\u00e0 acr\u00edlic de dos components que t'ofereix la","breadcrumb":{"@id":"https:\/\/ollerpintures.com\/ca\/producte\/esmalt-lluent-per-piscines-de-fibra-blatempur-piscinas-poliester-blau-4l\/#breadcrumb"},"inLanguage":"ca","potentialAction":[{"@type":"ReadAction","target":["https:\/\/ollerpintures.com\/ca\/producte\/esmalt-lluent-per-piscines-de-fibra-blatempur-piscinas-poliester-blau-4l\/"]}]},{"@type":"ImageObject","inLanguage":"ca","@id":"https:\/\/ollerpintures.com\/ca\/producte\/esmalt-lluent-per-piscines-de-fibra-blatempur-piscinas-poliester-blau-4l\/#primaryimage","url":"https:\/\/ollerpintures.com\/wp-content\/uploads\/2021\/03\/pintura-piscina-de-fibra-blatempur-poliester-blatem-online-oller-1.jpg","contentUrl":"https:\/\/ollerpintures.com\/wp-content\/uploads\/2021\/03\/pintura-piscina-de-fibra-blatempur-poliester-blatem-online-oller-1.jpg","width":1080,"height":1080,"caption":"Pintura BLATEMPUR POLIESTER piscina fibra vidrio"},{"@type":"BreadcrumbList","@id":"https:\/\/ollerpintures.com\/ca\/producte\/esmalt-lluent-per-piscines-de-fibra-blatempur-piscinas-poliester-blau-4l\/#breadcrumb","itemListElement":[{"@type":"ListItem","position":1,"name":"Inici","item":"https:\/\/ollerpintures.com\/ca\/"},{"@type":"ListItem","position":2,"name":"Botiga","item":"https:\/\/ollerpintures.com\/ca\/botiga\/"},{"@type":"ListItem","position":3,"name":"Pintura per piscines de fibra BLATEMPUR Piscinas Poliester Blau 4L"}]},{"@type":"WebSite","@id":"https:\/\/ollerpintures.com\/ca\/#website","url":"https:\/\/ollerpintures.com\/ca\/","name":"Oller Pinturas y Revestimientos","description":"Pinturas y revestimientos para profesionales, industrias, obras p\u00fablicas, bricolaje. Pinturas de calidad profesional i mucho m\u00e1s.","publisher":{"@id":"https:\/\/ollerpintures.com\/ca\/#organization"},"alternateName":"Oller Grup","potentialAction":[{"@type":"SearchAction","target":{"@type":"EntryPoint","urlTemplate":"https:\/\/ollerpintures.com\/ca\/?s={search_term_string}"},"query-input":{"@type":"PropertyValueSpecification","valueRequired":true,"valueName":"search_term_string"}}],"inLanguage":"ca"},{"@type":"Organization","@id":"https:\/\/ollerpintures.com\/ca\/#organization","name":"Oller Pintures i Revestiments","alternateName":"Oller Grup","url":"https:\/\/ollerpintures.com\/ca\/","logo":{"@type":"ImageObject","inLanguage":"ca","@id":"https:\/\/ollerpintures.com\/ca\/#\/schema\/logo\/image\/","url":"https:\/\/ollerpintures.com\/wp-content\/uploads\/2024\/05\/newLogo.png","contentUrl":"https:\/\/ollerpintures.com\/wp-content\/uploads\/2024\/05\/newLogo.png","width":483,"height":244,"caption":"Oller Pintures i Revestiments"},"image":{"@id":"https:\/\/ollerpintures.com\/ca\/#\/schema\/logo\/image\/"},"sameAs":["https:\/\/www.facebook.com\/people\/Oller-Pintures\/100063652056709\/","https:\/\/www.instagram.com\/ollerpintures\/","https:\/\/descriptor.es\/organization\/oller-grup\/"]}]}},"brands":[{"id":60,"name":"Blatem","slug":"blatem"}],"_links":{"self":[{"href":"https:\/\/ollerpintures.com\/ca\/wp-json\/wp\/v2\/product\/9356","targetHints":{"allow":["GET"]}}],"collection":[{"href":"https:\/\/ollerpintures.com\/ca\/wp-json\/wp\/v2\/product"}],"about":[{"href":"https:\/\/ollerpintures.com\/ca\/wp-json\/wp\/v2\/types\/product"}],"wp:featuredmedia":[{"embeddable":true,"href":"https:\/\/ollerpintures.com\/ca\/wp-json\/wp\/v2\/media\/9404"}],"wp:attachment":[{"href":"https:\/\/ollerpintures.com\/ca\/wp-json\/wp\/v2\/media?parent=9356"}],"wp:term":[{"taxonomy":"pwb-brand","embeddable":true,"href":"https:\/\/ollerpintures.com\/ca\/wp-json\/wp\/v2\/pwb-brand?post=9356"},{"taxonomy":"product_brand","embeddable":true,"href":"https:\/\/ollerpintures.com\/ca\/wp-json\/wp\/v2\/product_brand?post=9356"},{"taxonomy":"product_cat","embeddable":true,"href":"https:\/\/ollerpintures.com\/ca\/wp-json\/wp\/v2\/product_cat?post=9356"},{"taxonomy":"product_tag","embeddable":true,"href":"https:\/\/ollerpintures.com\/ca\/wp-json\/wp\/v2\/product_tag?post=9356"}],"curies":[{"name":"wp","href":"https:\/\/api.w.org\/{rel}","templated":true}]}}