{"id":9344,"date":"2021-03-11T10:02:41","date_gmt":"2021-03-11T09:02:41","guid":{"rendered":"https:\/\/oller-pintures.c.wetopi.com\/?post_type=product&#038;p=9344"},"modified":"2026-04-14T02:00:13","modified_gmt":"2026-04-14T01:00:13","slug":"pintura-per-piscines-blatem-acrilica-blanca-5l","status":"publish","type":"product","link":"https:\/\/ollerpintures.com\/ca\/producte\/pintura-per-piscines-blatem-acrilica-blanca-5l\/","title":{"rendered":"Pintura per piscines BLATEM Acr\u00edlica Blanca 5L"},"content":{"rendered":"<p>Pintura acr\u00edlica a l&#8217;aigua, <strong>ideal per pintar piscines d&#8217;obra nova o que hagin estat pintades en ocasions anteriors amb pintura acr\u00edlica a l&#8217;aigua<\/strong>. Destaca per la seva adher\u00e8ncia,\u00a0 cubrici\u00f3 i c\u00f2moda aplicaci\u00f3. Sobretot, <strong>assegura&#8217;t de netejar b\u00e9 la superf\u00edcie abans de pintar!<\/strong><\/p>\n<p>Per obtenir un resultat \u00f2ptim, no esperis fins l&#8217;\u00faltim moment per pintar: hauries de deixar reposar la pintura un m\u00ednim de 7 dies abans d&#8217;omplir la piscina.<\/p>\n<p>&nbsp;<\/p>\n<h4>M\u00e9s informaci\u00f3:<\/h4>\n<div style=\"text-align: center;\">\n<div style=\"margin: 8px 0px 4px;\"><\/div>\n<p><iframe loading=\"lazy\" style=\"margin: 0 auto;\" src=\"\/\/v.calameo.com\/?bkcode=00386592495da491cee57&amp;mode=mini\" width=\"480\" height=\"300\" frameborder=\"0\" scrolling=\"no\" allowfullscreen=\"allowfullscreen\"><\/iframe><\/p>\n<div style=\"margin: 4px 0px 8px;\"><\/div>\n<\/div>\n<hr \/>\n<p><a class=\"button\" href=\"https:\/\/ollerpintures.com\/contacte-oller-pintures\/\" target=\"_blank\" rel=\"noopener\">Tens dubtes? Escriu-nos!<\/a> <a class=\"button\" href=\"https:\/\/ollerpintures.com\/comprar-pintures-online\/\" target=\"_blank\" rel=\"noopener\">Segueix comprant &gt;&gt; <\/a><\/p>\n<hr \/>\n","protected":false},"excerpt":{"rendered":"<p>Pintura acr\u00edlica a l&#8217;aigua, ideal per pintar piscines d&#8217;obra nova o que hagin estat pintades en ocasions anteriors amb pintura acr\u00edlica a l&#8217;aigua. Destaca per &#8230; <\/p>\n<p class=\"read-more-container\"><a title=\"Pintura per piscines BLATEM Acr\u00edlica Blanca 5L\" class=\"read-more button\" href=\"https:\/\/ollerpintures.com\/ca\/producte\/pintura-per-piscines-blatem-acrilica-blanca-5l\/#more-9344\" aria-label=\"M\u00e9s informaci\u00f3 sobre Pintura per piscines BLATEM Acr\u00edlica Blanca 5L\">Seguir llegint<\/a><\/p>\n","protected":false},"featured_media":9353,"template":"","meta":{"_acf_changed":false},"pwb-brand":[60],"product_brand":[],"product_cat":[729],"product_tag":[81,63,732,66,733,731],"class_list":{"0":"post-9344","1":"product","2":"type-product","3":"status-publish","4":"has-post-thumbnail","6":"pwb-brand-blatem","7":"product_cat-pintura-per-piscines","8":"product_tag-blatem","9":"product_tag-exterior","10":"product_tag-jardi","11":"product_tag-pintura","12":"product_tag-pintura-per-piscina","13":"product_tag-piscina","14":"no-featured-image-padding","15":"resize-featured-image","16":"sales-flash-overlay","17":"woocommerce-text-align-left","18":"woocommerce-image-align-center","19":"do-quantity-buttons","20":"wc-has-gallery","22":"first","23":"instock","24":"featured","25":"shipping-taxable","26":"purchasable","27":"product-type-simple"},"acf":[],"yoast_head":"<!-- This site is optimized with the Yoast SEO plugin v27.1.1 - https:\/\/yoast.com\/product\/yoast-seo-wordpress\/ -->\n<title>Pintura per piscines BLATEM Acr\u00edlica Blanca 5L - Oller Pinturas y Revestimientos<\/title>\n<meta name=\"description\" content=\"Pintura acr\u00edlica a l&#039;aigua, ideal per pintar piscines d&#039;obra nova o que hagin estat pintades en ocasions anteriors amb pintura acr\u00edlica a l&#039;aigua. Destaca\" \/>\n<meta name=\"robots\" content=\"index, follow, max-snippet:-1, max-image-preview:large, max-video-preview:-1\" \/>\n<link rel=\"canonical\" href=\"https:\/\/ollerpintures.com\/ca\/producte\/pintura-per-piscines-blatem-acrilica-blanca-5l\/\" \/>\n<meta property=\"og:locale\" content=\"ca_ES\" \/>\n<meta property=\"og:type\" content=\"article\" \/>\n<meta property=\"og:title\" content=\"Pintura per piscines BLATEM Acr\u00edlica Blanca 5L - Oller Pinturas y Revestimientos\" \/>\n<meta property=\"og:description\" content=\"Pintura acr\u00edlica a l&#039;aigua, ideal per pintar piscines d&#039;obra nova o que hagin estat pintades en ocasions anteriors amb pintura acr\u00edlica a l&#039;aigua. Destaca\" \/>\n<meta property=\"og:url\" content=\"https:\/\/ollerpintures.com\/ca\/producte\/pintura-per-piscines-blatem-acrilica-blanca-5l\/\" \/>\n<meta property=\"og:site_name\" content=\"Oller Pinturas y Revestimientos\" \/>\n<meta property=\"article:publisher\" content=\"https:\/\/www.facebook.com\/people\/Oller-Pintures\/100063652056709\/\" \/>\n<meta property=\"article:modified_time\" content=\"2026-04-14T01:00:13+00:00\" \/>\n<meta property=\"og:image\" content=\"https:\/\/ollerpintures.com\/wp-content\/uploads\/2021\/03\/pintura-piscina-acrilica-piscinas-blatem-jardin-agua-blanco-comprar-online-oller.png\" \/>\n\t<meta property=\"og:image:width\" content=\"1080\" \/>\n\t<meta property=\"og:image:height\" content=\"1080\" \/>\n\t<meta property=\"og:image:type\" content=\"image\/png\" \/>\n<meta name=\"twitter:card\" content=\"summary_large_image\" \/>\n<meta name=\"twitter:label1\" content=\"Temps estimat de lectura\" \/>\n\t<meta name=\"twitter:data1\" content=\"1 minut\" \/>\n<script type=\"application\/ld+json\" class=\"yoast-schema-graph\">{\"@context\":\"https:\/\/schema.org\",\"@graph\":[{\"@type\":\"WebPage\",\"@id\":\"https:\/\/ollerpintures.com\/ca\/producte\/pintura-per-piscines-blatem-acrilica-blanca-5l\/\",\"url\":\"https:\/\/ollerpintures.com\/ca\/producte\/pintura-per-piscines-blatem-acrilica-blanca-5l\/\",\"name\":\"Pintura per piscines BLATEM Acr\u00edlica Blanca 5L - Oller Pinturas y Revestimientos\",\"isPartOf\":{\"@id\":\"https:\/\/ollerpintures.com\/ca\/#website\"},\"primaryImageOfPage\":{\"@id\":\"https:\/\/ollerpintures.com\/ca\/producte\/pintura-per-piscines-blatem-acrilica-blanca-5l\/#primaryimage\"},\"image\":{\"@id\":\"https:\/\/ollerpintures.com\/ca\/producte\/pintura-per-piscines-blatem-acrilica-blanca-5l\/#primaryimage\"},\"thumbnailUrl\":\"https:\/\/ollerpintures.com\/wp-content\/uploads\/2021\/03\/pintura-piscina-acrilica-piscinas-blatem-jardin-agua-blanco-comprar-online-oller.png\",\"datePublished\":\"2021-03-11T09:02:41+00:00\",\"dateModified\":\"2026-04-14T01:00:13+00:00\",\"description\":\"Pintura acr\u00edlica a l'aigua, ideal per pintar piscines d'obra nova o que hagin estat pintades en ocasions anteriors amb pintura acr\u00edlica a l'aigua. Destaca\",\"breadcrumb\":{\"@id\":\"https:\/\/ollerpintures.com\/ca\/producte\/pintura-per-piscines-blatem-acrilica-blanca-5l\/#breadcrumb\"},\"inLanguage\":\"ca\",\"potentialAction\":[{\"@type\":\"ReadAction\",\"target\":[\"https:\/\/ollerpintures.com\/ca\/producte\/pintura-per-piscines-blatem-acrilica-blanca-5l\/\"]}]},{\"@type\":\"ImageObject\",\"inLanguage\":\"ca\",\"@id\":\"https:\/\/ollerpintures.com\/ca\/producte\/pintura-per-piscines-blatem-acrilica-blanca-5l\/#primaryimage\",\"url\":\"https:\/\/ollerpintures.com\/wp-content\/uploads\/2021\/03\/pintura-piscina-acrilica-piscinas-blatem-jardin-agua-blanco-comprar-online-oller.png\",\"contentUrl\":\"https:\/\/ollerpintures.com\/wp-content\/uploads\/2021\/03\/pintura-piscina-acrilica-piscinas-blatem-jardin-agua-blanco-comprar-online-oller.png\",\"width\":1080,\"height\":1080,\"caption\":\"Pintura piscina BLATEM acrilica blanca\"},{\"@type\":\"BreadcrumbList\",\"@id\":\"https:\/\/ollerpintures.com\/ca\/producte\/pintura-per-piscines-blatem-acrilica-blanca-5l\/#breadcrumb\",\"itemListElement\":[{\"@type\":\"ListItem\",\"position\":1,\"name\":\"Inici\",\"item\":\"https:\/\/ollerpintures.com\/ca\/\"},{\"@type\":\"ListItem\",\"position\":2,\"name\":\"Botiga\",\"item\":\"https:\/\/ollerpintures.com\/ca\/botiga\/\"},{\"@type\":\"ListItem\",\"position\":3,\"name\":\"Pintura per piscines BLATEM Acr\u00edlica Blanca 5L\"}]},{\"@type\":\"WebSite\",\"@id\":\"https:\/\/ollerpintures.com\/ca\/#website\",\"url\":\"https:\/\/ollerpintures.com\/ca\/\",\"name\":\"Oller Pinturas y Revestimientos\",\"description\":\"Pinturas y revestimientos para profesionales, industrias, obras p\u00fablicas, bricolaje. Pinturas de calidad profesional i mucho m\u00e1s.\",\"publisher\":{\"@id\":\"https:\/\/ollerpintures.com\/ca\/#organization\"},\"alternateName\":\"Oller Grup\",\"potentialAction\":[{\"@type\":\"SearchAction\",\"target\":{\"@type\":\"EntryPoint\",\"urlTemplate\":\"https:\/\/ollerpintures.com\/ca\/?s={search_term_string}\"},\"query-input\":{\"@type\":\"PropertyValueSpecification\",\"valueRequired\":true,\"valueName\":\"search_term_string\"}}],\"inLanguage\":\"ca\"},{\"@type\":\"Organization\",\"@id\":\"https:\/\/ollerpintures.com\/ca\/#organization\",\"name\":\"Oller Pintures i Revestiments\",\"alternateName\":\"Oller Grup\",\"url\":\"https:\/\/ollerpintures.com\/ca\/\",\"logo\":{\"@type\":\"ImageObject\",\"inLanguage\":\"ca\",\"@id\":\"https:\/\/ollerpintures.com\/ca\/#\/schema\/logo\/image\/\",\"url\":\"https:\/\/ollerpintures.com\/wp-content\/uploads\/2024\/05\/newLogo.png\",\"contentUrl\":\"https:\/\/ollerpintures.com\/wp-content\/uploads\/2024\/05\/newLogo.png\",\"width\":483,\"height\":244,\"caption\":\"Oller Pintures i Revestiments\"},\"image\":{\"@id\":\"https:\/\/ollerpintures.com\/ca\/#\/schema\/logo\/image\/\"},\"sameAs\":[\"https:\/\/www.facebook.com\/people\/Oller-Pintures\/100063652056709\/\",\"https:\/\/www.instagram.com\/ollerpintures\/\",\"https:\/\/descriptor.es\/organization\/oller-grup\/\"]}]}<\/script>\n<!-- \/ Yoast SEO plugin. -->","yoast_head_json":{"title":"Pintura per piscines BLATEM Acr\u00edlica Blanca 5L - Oller Pinturas y Revestimientos","description":"Pintura acr\u00edlica a l'aigua, ideal per pintar piscines d'obra nova o que hagin estat pintades en ocasions anteriors amb pintura acr\u00edlica a l'aigua. Destaca","robots":{"index":"index","follow":"follow","max-snippet":"max-snippet:-1","max-image-preview":"max-image-preview:large","max-video-preview":"max-video-preview:-1"},"canonical":"https:\/\/ollerpintures.com\/ca\/producte\/pintura-per-piscines-blatem-acrilica-blanca-5l\/","og_locale":"ca_ES","og_type":"article","og_title":"Pintura per piscines BLATEM Acr\u00edlica Blanca 5L - Oller Pinturas y Revestimientos","og_description":"Pintura acr\u00edlica a l'aigua, ideal per pintar piscines d'obra nova o que hagin estat pintades en ocasions anteriors amb pintura acr\u00edlica a l'aigua. Destaca","og_url":"https:\/\/ollerpintures.com\/ca\/producte\/pintura-per-piscines-blatem-acrilica-blanca-5l\/","og_site_name":"Oller Pinturas y Revestimientos","article_publisher":"https:\/\/www.facebook.com\/people\/Oller-Pintures\/100063652056709\/","article_modified_time":"2026-04-14T01:00:13+00:00","og_image":[{"width":1080,"height":1080,"url":"https:\/\/ollerpintures.com\/wp-content\/uploads\/2021\/03\/pintura-piscina-acrilica-piscinas-blatem-jardin-agua-blanco-comprar-online-oller.png","type":"image\/png"}],"twitter_card":"summary_large_image","twitter_misc":{"Temps estimat de lectura":"1 minut"},"schema":{"@context":"https:\/\/schema.org","@graph":[{"@type":"WebPage","@id":"https:\/\/ollerpintures.com\/ca\/producte\/pintura-per-piscines-blatem-acrilica-blanca-5l\/","url":"https:\/\/ollerpintures.com\/ca\/producte\/pintura-per-piscines-blatem-acrilica-blanca-5l\/","name":"Pintura per piscines BLATEM Acr\u00edlica Blanca 5L - Oller Pinturas y Revestimientos","isPartOf":{"@id":"https:\/\/ollerpintures.com\/ca\/#website"},"primaryImageOfPage":{"@id":"https:\/\/ollerpintures.com\/ca\/producte\/pintura-per-piscines-blatem-acrilica-blanca-5l\/#primaryimage"},"image":{"@id":"https:\/\/ollerpintures.com\/ca\/producte\/pintura-per-piscines-blatem-acrilica-blanca-5l\/#primaryimage"},"thumbnailUrl":"https:\/\/ollerpintures.com\/wp-content\/uploads\/2021\/03\/pintura-piscina-acrilica-piscinas-blatem-jardin-agua-blanco-comprar-online-oller.png","datePublished":"2021-03-11T09:02:41+00:00","dateModified":"2026-04-14T01:00:13+00:00","description":"Pintura acr\u00edlica a l'aigua, ideal per pintar piscines d'obra nova o que hagin estat pintades en ocasions anteriors amb pintura acr\u00edlica a l'aigua. Destaca","breadcrumb":{"@id":"https:\/\/ollerpintures.com\/ca\/producte\/pintura-per-piscines-blatem-acrilica-blanca-5l\/#breadcrumb"},"inLanguage":"ca","potentialAction":[{"@type":"ReadAction","target":["https:\/\/ollerpintures.com\/ca\/producte\/pintura-per-piscines-blatem-acrilica-blanca-5l\/"]}]},{"@type":"ImageObject","inLanguage":"ca","@id":"https:\/\/ollerpintures.com\/ca\/producte\/pintura-per-piscines-blatem-acrilica-blanca-5l\/#primaryimage","url":"https:\/\/ollerpintures.com\/wp-content\/uploads\/2021\/03\/pintura-piscina-acrilica-piscinas-blatem-jardin-agua-blanco-comprar-online-oller.png","contentUrl":"https:\/\/ollerpintures.com\/wp-content\/uploads\/2021\/03\/pintura-piscina-acrilica-piscinas-blatem-jardin-agua-blanco-comprar-online-oller.png","width":1080,"height":1080,"caption":"Pintura piscina BLATEM acrilica blanca"},{"@type":"BreadcrumbList","@id":"https:\/\/ollerpintures.com\/ca\/producte\/pintura-per-piscines-blatem-acrilica-blanca-5l\/#breadcrumb","itemListElement":[{"@type":"ListItem","position":1,"name":"Inici","item":"https:\/\/ollerpintures.com\/ca\/"},{"@type":"ListItem","position":2,"name":"Botiga","item":"https:\/\/ollerpintures.com\/ca\/botiga\/"},{"@type":"ListItem","position":3,"name":"Pintura per piscines BLATEM Acr\u00edlica Blanca 5L"}]},{"@type":"WebSite","@id":"https:\/\/ollerpintures.com\/ca\/#website","url":"https:\/\/ollerpintures.com\/ca\/","name":"Oller Pinturas y Revestimientos","description":"Pinturas y revestimientos para profesionales, industrias, obras p\u00fablicas, bricolaje. Pinturas de calidad profesional i mucho m\u00e1s.","publisher":{"@id":"https:\/\/ollerpintures.com\/ca\/#organization"},"alternateName":"Oller Grup","potentialAction":[{"@type":"SearchAction","target":{"@type":"EntryPoint","urlTemplate":"https:\/\/ollerpintures.com\/ca\/?s={search_term_string}"},"query-input":{"@type":"PropertyValueSpecification","valueRequired":true,"valueName":"search_term_string"}}],"inLanguage":"ca"},{"@type":"Organization","@id":"https:\/\/ollerpintures.com\/ca\/#organization","name":"Oller Pintures i Revestiments","alternateName":"Oller Grup","url":"https:\/\/ollerpintures.com\/ca\/","logo":{"@type":"ImageObject","inLanguage":"ca","@id":"https:\/\/ollerpintures.com\/ca\/#\/schema\/logo\/image\/","url":"https:\/\/ollerpintures.com\/wp-content\/uploads\/2024\/05\/newLogo.png","contentUrl":"https:\/\/ollerpintures.com\/wp-content\/uploads\/2024\/05\/newLogo.png","width":483,"height":244,"caption":"Oller Pintures i Revestiments"},"image":{"@id":"https:\/\/ollerpintures.com\/ca\/#\/schema\/logo\/image\/"},"sameAs":["https:\/\/www.facebook.com\/people\/Oller-Pintures\/100063652056709\/","https:\/\/www.instagram.com\/ollerpintures\/","https:\/\/descriptor.es\/organization\/oller-grup\/"]}]}},"brands":[{"id":60,"name":"Blatem","slug":"blatem"}],"_links":{"self":[{"href":"https:\/\/ollerpintures.com\/ca\/wp-json\/wp\/v2\/product\/9344","targetHints":{"allow":["GET"]}}],"collection":[{"href":"https:\/\/ollerpintures.com\/ca\/wp-json\/wp\/v2\/product"}],"about":[{"href":"https:\/\/ollerpintures.com\/ca\/wp-json\/wp\/v2\/types\/product"}],"wp:featuredmedia":[{"embeddable":true,"href":"https:\/\/ollerpintures.com\/ca\/wp-json\/wp\/v2\/media\/9353"}],"wp:attachment":[{"href":"https:\/\/ollerpintures.com\/ca\/wp-json\/wp\/v2\/media?parent=9344"}],"wp:term":[{"taxonomy":"pwb-brand","embeddable":true,"href":"https:\/\/ollerpintures.com\/ca\/wp-json\/wp\/v2\/pwb-brand?post=9344"},{"taxonomy":"product_brand","embeddable":true,"href":"https:\/\/ollerpintures.com\/ca\/wp-json\/wp\/v2\/product_brand?post=9344"},{"taxonomy":"product_cat","embeddable":true,"href":"https:\/\/ollerpintures.com\/ca\/wp-json\/wp\/v2\/product_cat?post=9344"},{"taxonomy":"product_tag","embeddable":true,"href":"https:\/\/ollerpintures.com\/ca\/wp-json\/wp\/v2\/product_tag?post=9344"}],"curies":[{"name":"wp","href":"https:\/\/api.w.org\/{rel}","templated":true}]}}