{"id":8526,"date":"2021-02-11T09:57:45","date_gmt":"2021-02-11T08:57:45","guid":{"rendered":"https:\/\/oller-pintures.c.wetopi.com\/?post_type=product&#038;p=8526"},"modified":"2026-04-14T02:00:38","modified_gmt":"2026-04-14T01:00:38","slug":"esmalt-antioxidant-blatem-oxi-stop-pavonado","status":"publish","type":"product","link":"https:\/\/ollerpintures.com\/ca\/producte\/esmalt-antioxidant-blatem-oxi-stop-pavonado\/","title":{"rendered":"Esmalt Antioxidant BLATEM Oxi-Stop Pavonado"},"content":{"rendered":"<p>Esmalt ideal per al pintat de <strong>tota classe de superf\u00edcies de ferro tant a interior com a exterior.<\/strong> Podr\u00e0s aplicar-lo directament a la superf\u00edcie sense necessitat d&#8217;imprimaci\u00f3 pr\u00e8via, incl\u00fas sobre metall oxidat, gr\u00e0cies a la seva excel\u00b7lent resist\u00e8ncia. Obtindr\u00e0s un<strong> acabat llis i lluent, <\/strong>efecte forjat fi, amb gran cobertura, duresa i resist\u00e8ncia a la corrosi\u00f3. A m\u00e9s,<strong> tindr\u00e0s la superf\u00edcie seca molt r\u00e0pidament!\u00a0<\/strong><\/p>\n<p>&nbsp;<\/p>\n<hr \/>\n<p><a class=\"button\" href=\"https:\/\/ollerpintures.com\/contacte-oller-pintures\/\" target=\"_blank\" rel=\"noopener\">Tens dubtes? Escriu-nos!<\/a> <a class=\"button\" href=\"https:\/\/ollerpintures.com\/comprar-pintures-online\/\" target=\"_blank\" rel=\"noopener\">Segueix comprant >> <\/a><\/p>\n<hr \/>\n","protected":false},"excerpt":{"rendered":"<p>Esmalt ideal per al pintat de tota classe de superf\u00edcies de ferro tant a interior com a exterior. Podr\u00e0s aplicar-lo directament a la superf\u00edcie sense &#8230; <\/p>\n<p class=\"read-more-container\"><a title=\"Esmalt Antioxidant BLATEM Oxi-Stop Pavonado\" class=\"read-more button\" href=\"https:\/\/ollerpintures.com\/ca\/producte\/esmalt-antioxidant-blatem-oxi-stop-pavonado\/#more-8526\" aria-label=\"M\u00e9s informaci\u00f3 sobre Esmalt Antioxidant BLATEM Oxi-Stop Pavonado\">Seguir llegint<\/a><\/p>\n","protected":false},"featured_media":8531,"template":"","meta":{"_acf_changed":false},"pwb-brand":[60],"product_brand":[],"product_cat":[70,42,85,846],"product_tag":[449,81,83,63,62],"class_list":{"0":"post-8526","1":"product","2":"type-product","3":"status-publish","4":"has-post-thumbnail","6":"pwb-brand-blatem","7":"product_cat-pinturaexterior","8":"product_cat-interiorpintura","9":"product_cat-ferro-esmalt-pintures","10":"product_cat-pintura-per-ferro-2","11":"product_tag-antioxidant","12":"product_tag-blatem","13":"product_tag-esmalt","14":"product_tag-exterior","15":"product_tag-interior","16":"no-featured-image-padding","17":"resize-featured-image","18":"sales-flash-overlay","19":"woocommerce-text-align-left","20":"woocommerce-image-align-center","21":"do-quantity-buttons","23":"first","24":"instock","25":"shipping-taxable","26":"purchasable","27":"product-type-variable"},"acf":[],"yoast_head":"<!-- This site is optimized with the Yoast SEO plugin v27.1.1 - https:\/\/yoast.com\/product\/yoast-seo-wordpress\/ -->\n<title>Esmalt Antioxidant BLATEM Oxi-Stop Pavonado - Oller Pinturas y Revestimientos<\/title>\n<meta name=\"description\" content=\"Esmalt ideal per al pintat de tota classe de superf\u00edcies de ferro tant a interior com a exterior. Podr\u00e0s aplicar-lo directament a la superf\u00edcie sense\" \/>\n<meta name=\"robots\" content=\"index, follow, max-snippet:-1, max-image-preview:large, max-video-preview:-1\" \/>\n<link rel=\"canonical\" href=\"https:\/\/ollerpintures.com\/ca\/producte\/esmalt-antioxidant-blatem-oxi-stop-pavonado\/\" \/>\n<meta property=\"og:locale\" content=\"ca_ES\" \/>\n<meta property=\"og:type\" content=\"article\" \/>\n<meta property=\"og:title\" content=\"Esmalt Antioxidant BLATEM Oxi-Stop Pavonado - Oller Pinturas y Revestimientos\" \/>\n<meta property=\"og:description\" content=\"Esmalt ideal per al pintat de tota classe de superf\u00edcies de ferro tant a interior com a exterior. Podr\u00e0s aplicar-lo directament a la superf\u00edcie sense\" \/>\n<meta property=\"og:url\" content=\"https:\/\/ollerpintures.com\/ca\/producte\/esmalt-antioxidant-blatem-oxi-stop-pavonado\/\" \/>\n<meta property=\"og:site_name\" content=\"Oller Pinturas y Revestimientos\" \/>\n<meta property=\"article:publisher\" content=\"https:\/\/www.facebook.com\/people\/Oller-Pintures\/100063652056709\/\" \/>\n<meta property=\"article:modified_time\" content=\"2026-04-14T01:00:38+00:00\" \/>\n<meta property=\"og:image\" content=\"https:\/\/ollerpintures.com\/wp-content\/uploads\/2021\/02\/esmalte-antioxidante-blatem-oxistop-pavonado-comprar-online-oller.png\" \/>\n\t<meta property=\"og:image:width\" content=\"1080\" \/>\n\t<meta property=\"og:image:height\" content=\"1080\" \/>\n\t<meta property=\"og:image:type\" content=\"image\/png\" \/>\n<meta name=\"twitter:card\" content=\"summary_large_image\" \/>\n<meta name=\"twitter:label1\" content=\"Temps estimat de lectura\" \/>\n\t<meta name=\"twitter:data1\" content=\"1 minut\" \/>\n<script type=\"application\/ld+json\" class=\"yoast-schema-graph\">{\"@context\":\"https:\/\/schema.org\",\"@graph\":[{\"@type\":\"WebPage\",\"@id\":\"https:\/\/ollerpintures.com\/ca\/producte\/esmalt-antioxidant-blatem-oxi-stop-pavonado\/\",\"url\":\"https:\/\/ollerpintures.com\/ca\/producte\/esmalt-antioxidant-blatem-oxi-stop-pavonado\/\",\"name\":\"Esmalt Antioxidant BLATEM Oxi-Stop Pavonado - Oller Pinturas y Revestimientos\",\"isPartOf\":{\"@id\":\"https:\/\/ollerpintures.com\/ca\/#website\"},\"primaryImageOfPage\":{\"@id\":\"https:\/\/ollerpintures.com\/ca\/producte\/esmalt-antioxidant-blatem-oxi-stop-pavonado\/#primaryimage\"},\"image\":{\"@id\":\"https:\/\/ollerpintures.com\/ca\/producte\/esmalt-antioxidant-blatem-oxi-stop-pavonado\/#primaryimage\"},\"thumbnailUrl\":\"https:\/\/ollerpintures.com\/wp-content\/uploads\/2021\/02\/esmalte-antioxidante-blatem-oxistop-pavonado-comprar-online-oller.png\",\"datePublished\":\"2021-02-11T08:57:45+00:00\",\"dateModified\":\"2026-04-14T01:00:38+00:00\",\"description\":\"Esmalt ideal per al pintat de tota classe de superf\u00edcies de ferro tant a interior com a exterior. Podr\u00e0s aplicar-lo directament a la superf\u00edcie sense\",\"breadcrumb\":{\"@id\":\"https:\/\/ollerpintures.com\/ca\/producte\/esmalt-antioxidant-blatem-oxi-stop-pavonado\/#breadcrumb\"},\"inLanguage\":\"ca\",\"potentialAction\":[{\"@type\":\"ReadAction\",\"target\":[\"https:\/\/ollerpintures.com\/ca\/producte\/esmalt-antioxidant-blatem-oxi-stop-pavonado\/\"]}]},{\"@type\":\"ImageObject\",\"inLanguage\":\"ca\",\"@id\":\"https:\/\/ollerpintures.com\/ca\/producte\/esmalt-antioxidant-blatem-oxi-stop-pavonado\/#primaryimage\",\"url\":\"https:\/\/ollerpintures.com\/wp-content\/uploads\/2021\/02\/esmalte-antioxidante-blatem-oxistop-pavonado-comprar-online-oller.png\",\"contentUrl\":\"https:\/\/ollerpintures.com\/wp-content\/uploads\/2021\/02\/esmalte-antioxidante-blatem-oxistop-pavonado-comprar-online-oller.png\",\"width\":1080,\"height\":1080,\"caption\":\"Esmalt Antioxidant BLATEM Oxi-Stop Pavonado\"},{\"@type\":\"BreadcrumbList\",\"@id\":\"https:\/\/ollerpintures.com\/ca\/producte\/esmalt-antioxidant-blatem-oxi-stop-pavonado\/#breadcrumb\",\"itemListElement\":[{\"@type\":\"ListItem\",\"position\":1,\"name\":\"Inici\",\"item\":\"https:\/\/ollerpintures.com\/ca\/\"},{\"@type\":\"ListItem\",\"position\":2,\"name\":\"Botiga\",\"item\":\"https:\/\/ollerpintures.com\/ca\/botiga\/\"},{\"@type\":\"ListItem\",\"position\":3,\"name\":\"Esmalt Antioxidant BLATEM Oxi-Stop Pavonado\"}]},{\"@type\":\"WebSite\",\"@id\":\"https:\/\/ollerpintures.com\/ca\/#website\",\"url\":\"https:\/\/ollerpintures.com\/ca\/\",\"name\":\"Oller Pinturas y Revestimientos\",\"description\":\"Pinturas y revestimientos para profesionales, industrias, obras p\u00fablicas, bricolaje. Pinturas de calidad profesional i mucho m\u00e1s.\",\"publisher\":{\"@id\":\"https:\/\/ollerpintures.com\/ca\/#organization\"},\"alternateName\":\"Oller Grup\",\"potentialAction\":[{\"@type\":\"SearchAction\",\"target\":{\"@type\":\"EntryPoint\",\"urlTemplate\":\"https:\/\/ollerpintures.com\/ca\/?s={search_term_string}\"},\"query-input\":{\"@type\":\"PropertyValueSpecification\",\"valueRequired\":true,\"valueName\":\"search_term_string\"}}],\"inLanguage\":\"ca\"},{\"@type\":\"Organization\",\"@id\":\"https:\/\/ollerpintures.com\/ca\/#organization\",\"name\":\"Oller Pintures i Revestiments\",\"alternateName\":\"Oller Grup\",\"url\":\"https:\/\/ollerpintures.com\/ca\/\",\"logo\":{\"@type\":\"ImageObject\",\"inLanguage\":\"ca\",\"@id\":\"https:\/\/ollerpintures.com\/ca\/#\/schema\/logo\/image\/\",\"url\":\"https:\/\/ollerpintures.com\/wp-content\/uploads\/2024\/05\/newLogo.png\",\"contentUrl\":\"https:\/\/ollerpintures.com\/wp-content\/uploads\/2024\/05\/newLogo.png\",\"width\":483,\"height\":244,\"caption\":\"Oller Pintures i Revestiments\"},\"image\":{\"@id\":\"https:\/\/ollerpintures.com\/ca\/#\/schema\/logo\/image\/\"},\"sameAs\":[\"https:\/\/www.facebook.com\/people\/Oller-Pintures\/100063652056709\/\",\"https:\/\/www.instagram.com\/ollerpintures\/\",\"https:\/\/descriptor.es\/organization\/oller-grup\/\"]}]}<\/script>\n<!-- \/ Yoast SEO plugin. -->","yoast_head_json":{"title":"Esmalt Antioxidant BLATEM Oxi-Stop Pavonado - Oller Pinturas y Revestimientos","description":"Esmalt ideal per al pintat de tota classe de superf\u00edcies de ferro tant a interior com a exterior. Podr\u00e0s aplicar-lo directament a la superf\u00edcie sense","robots":{"index":"index","follow":"follow","max-snippet":"max-snippet:-1","max-image-preview":"max-image-preview:large","max-video-preview":"max-video-preview:-1"},"canonical":"https:\/\/ollerpintures.com\/ca\/producte\/esmalt-antioxidant-blatem-oxi-stop-pavonado\/","og_locale":"ca_ES","og_type":"article","og_title":"Esmalt Antioxidant BLATEM Oxi-Stop Pavonado - Oller Pinturas y Revestimientos","og_description":"Esmalt ideal per al pintat de tota classe de superf\u00edcies de ferro tant a interior com a exterior. Podr\u00e0s aplicar-lo directament a la superf\u00edcie sense","og_url":"https:\/\/ollerpintures.com\/ca\/producte\/esmalt-antioxidant-blatem-oxi-stop-pavonado\/","og_site_name":"Oller Pinturas y Revestimientos","article_publisher":"https:\/\/www.facebook.com\/people\/Oller-Pintures\/100063652056709\/","article_modified_time":"2026-04-14T01:00:38+00:00","og_image":[{"width":1080,"height":1080,"url":"https:\/\/ollerpintures.com\/wp-content\/uploads\/2021\/02\/esmalte-antioxidante-blatem-oxistop-pavonado-comprar-online-oller.png","type":"image\/png"}],"twitter_card":"summary_large_image","twitter_misc":{"Temps estimat de lectura":"1 minut"},"schema":{"@context":"https:\/\/schema.org","@graph":[{"@type":"WebPage","@id":"https:\/\/ollerpintures.com\/ca\/producte\/esmalt-antioxidant-blatem-oxi-stop-pavonado\/","url":"https:\/\/ollerpintures.com\/ca\/producte\/esmalt-antioxidant-blatem-oxi-stop-pavonado\/","name":"Esmalt Antioxidant BLATEM Oxi-Stop Pavonado - Oller Pinturas y Revestimientos","isPartOf":{"@id":"https:\/\/ollerpintures.com\/ca\/#website"},"primaryImageOfPage":{"@id":"https:\/\/ollerpintures.com\/ca\/producte\/esmalt-antioxidant-blatem-oxi-stop-pavonado\/#primaryimage"},"image":{"@id":"https:\/\/ollerpintures.com\/ca\/producte\/esmalt-antioxidant-blatem-oxi-stop-pavonado\/#primaryimage"},"thumbnailUrl":"https:\/\/ollerpintures.com\/wp-content\/uploads\/2021\/02\/esmalte-antioxidante-blatem-oxistop-pavonado-comprar-online-oller.png","datePublished":"2021-02-11T08:57:45+00:00","dateModified":"2026-04-14T01:00:38+00:00","description":"Esmalt ideal per al pintat de tota classe de superf\u00edcies de ferro tant a interior com a exterior. Podr\u00e0s aplicar-lo directament a la superf\u00edcie sense","breadcrumb":{"@id":"https:\/\/ollerpintures.com\/ca\/producte\/esmalt-antioxidant-blatem-oxi-stop-pavonado\/#breadcrumb"},"inLanguage":"ca","potentialAction":[{"@type":"ReadAction","target":["https:\/\/ollerpintures.com\/ca\/producte\/esmalt-antioxidant-blatem-oxi-stop-pavonado\/"]}]},{"@type":"ImageObject","inLanguage":"ca","@id":"https:\/\/ollerpintures.com\/ca\/producte\/esmalt-antioxidant-blatem-oxi-stop-pavonado\/#primaryimage","url":"https:\/\/ollerpintures.com\/wp-content\/uploads\/2021\/02\/esmalte-antioxidante-blatem-oxistop-pavonado-comprar-online-oller.png","contentUrl":"https:\/\/ollerpintures.com\/wp-content\/uploads\/2021\/02\/esmalte-antioxidante-blatem-oxistop-pavonado-comprar-online-oller.png","width":1080,"height":1080,"caption":"Esmalt Antioxidant BLATEM Oxi-Stop Pavonado"},{"@type":"BreadcrumbList","@id":"https:\/\/ollerpintures.com\/ca\/producte\/esmalt-antioxidant-blatem-oxi-stop-pavonado\/#breadcrumb","itemListElement":[{"@type":"ListItem","position":1,"name":"Inici","item":"https:\/\/ollerpintures.com\/ca\/"},{"@type":"ListItem","position":2,"name":"Botiga","item":"https:\/\/ollerpintures.com\/ca\/botiga\/"},{"@type":"ListItem","position":3,"name":"Esmalt Antioxidant BLATEM Oxi-Stop Pavonado"}]},{"@type":"WebSite","@id":"https:\/\/ollerpintures.com\/ca\/#website","url":"https:\/\/ollerpintures.com\/ca\/","name":"Oller Pinturas y Revestimientos","description":"Pinturas y revestimientos para profesionales, industrias, obras p\u00fablicas, bricolaje. Pinturas de calidad profesional i mucho m\u00e1s.","publisher":{"@id":"https:\/\/ollerpintures.com\/ca\/#organization"},"alternateName":"Oller Grup","potentialAction":[{"@type":"SearchAction","target":{"@type":"EntryPoint","urlTemplate":"https:\/\/ollerpintures.com\/ca\/?s={search_term_string}"},"query-input":{"@type":"PropertyValueSpecification","valueRequired":true,"valueName":"search_term_string"}}],"inLanguage":"ca"},{"@type":"Organization","@id":"https:\/\/ollerpintures.com\/ca\/#organization","name":"Oller Pintures i Revestiments","alternateName":"Oller Grup","url":"https:\/\/ollerpintures.com\/ca\/","logo":{"@type":"ImageObject","inLanguage":"ca","@id":"https:\/\/ollerpintures.com\/ca\/#\/schema\/logo\/image\/","url":"https:\/\/ollerpintures.com\/wp-content\/uploads\/2024\/05\/newLogo.png","contentUrl":"https:\/\/ollerpintures.com\/wp-content\/uploads\/2024\/05\/newLogo.png","width":483,"height":244,"caption":"Oller Pintures i Revestiments"},"image":{"@id":"https:\/\/ollerpintures.com\/ca\/#\/schema\/logo\/image\/"},"sameAs":["https:\/\/www.facebook.com\/people\/Oller-Pintures\/100063652056709\/","https:\/\/www.instagram.com\/ollerpintures\/","https:\/\/descriptor.es\/organization\/oller-grup\/"]}]}},"brands":[{"id":60,"name":"Blatem","slug":"blatem"}],"_links":{"self":[{"href":"https:\/\/ollerpintures.com\/ca\/wp-json\/wp\/v2\/product\/8526","targetHints":{"allow":["GET"]}}],"collection":[{"href":"https:\/\/ollerpintures.com\/ca\/wp-json\/wp\/v2\/product"}],"about":[{"href":"https:\/\/ollerpintures.com\/ca\/wp-json\/wp\/v2\/types\/product"}],"wp:featuredmedia":[{"embeddable":true,"href":"https:\/\/ollerpintures.com\/ca\/wp-json\/wp\/v2\/media\/8531"}],"wp:attachment":[{"href":"https:\/\/ollerpintures.com\/ca\/wp-json\/wp\/v2\/media?parent=8526"}],"wp:term":[{"taxonomy":"pwb-brand","embeddable":true,"href":"https:\/\/ollerpintures.com\/ca\/wp-json\/wp\/v2\/pwb-brand?post=8526"},{"taxonomy":"product_brand","embeddable":true,"href":"https:\/\/ollerpintures.com\/ca\/wp-json\/wp\/v2\/product_brand?post=8526"},{"taxonomy":"product_cat","embeddable":true,"href":"https:\/\/ollerpintures.com\/ca\/wp-json\/wp\/v2\/product_cat?post=8526"},{"taxonomy":"product_tag","embeddable":true,"href":"https:\/\/ollerpintures.com\/ca\/wp-json\/wp\/v2\/product_tag?post=8526"}],"curies":[{"name":"wp","href":"https:\/\/api.w.org\/{rel}","templated":true}]}}