{"id":7710,"date":"2021-01-29T12:53:54","date_gmt":"2021-01-29T11:53:54","guid":{"rendered":"https:\/\/oller-pintures.c.wetopi.com\/?post_type=product&#038;p=7710"},"modified":"2026-04-14T02:00:39","modified_gmt":"2026-04-14T01:00:39","slug":"imprimacio-antioxidant-dkor-gris","status":"publish","type":"product","link":"https:\/\/ollerpintures.com\/ca\/producte\/imprimacio-antioxidant-dkor-gris\/","title":{"rendered":"Imprimaci\u00f3 Antioxidant DKOR Gris"},"content":{"rendered":"<p>Esmalt adequat per al pintat de tota classe de superf\u00edcies de fusta i ferro, degudament preparades tant a interiors com exteriors.<\/p>\n<p>&nbsp;<\/p>\n<hr \/>\n<p><a class=\"button\" href=\"https:\/\/ollerpintures.com\/contacte-oller-pintures\/\" target=\"_blank\" rel=\"noopener\">Tens dubtes? Escriu-nos!<\/a> <a class=\"button\" href=\"https:\/\/ollerpintures.com\/comprar-pintures-online\/\" target=\"_blank\" rel=\"noopener\">Segueix comprant >> <\/a><\/p>\n<hr \/>\n","protected":false},"excerpt":{"rendered":"<p>Esmalt adequat per al pintat de tota classe de superf\u00edcies de fusta i ferro, degudament preparades tant a interiors com exteriors. &nbsp; Tens dubtes? Escriu-nos! &#8230; <\/p>\n<p class=\"read-more-container\"><a title=\"Imprimaci\u00f3 Antioxidant DKOR Gris\" class=\"read-more button\" href=\"https:\/\/ollerpintures.com\/ca\/producte\/imprimacio-antioxidant-dkor-gris\/#more-7710\" aria-label=\"M\u00e9s informaci\u00f3 sobre Imprimaci\u00f3 Antioxidant DKOR Gris\">Seguir llegint<\/a><\/p>\n","protected":false},"featured_media":8089,"template":"","meta":{"_acf_changed":false},"pwb-brand":[624],"product_brand":[],"product_cat":[24,546,582,77,862],"product_tag":[558,63,84,583,62],"class_list":{"0":"post-7710","1":"product","2":"type-product","3":"status-publish","4":"has-post-thumbnail","6":"pwb-brand-dkor","7":"product_cat-pintura","8":"product_cat-abans-de-pintar","9":"product_cat-imprimacions","10":"product_cat-eines","11":"product_cat-imprimacions-2","12":"product_tag-dkor","13":"product_tag-exterior","14":"product_tag-ferro","15":"product_tag-imprimacions","16":"product_tag-interior","17":"no-featured-image-padding","18":"resize-featured-image","19":"sales-flash-overlay","20":"woocommerce-text-align-left","21":"woocommerce-image-align-center","22":"do-quantity-buttons","24":"first","25":"instock","26":"shipping-taxable","27":"purchasable","28":"product-type-variable"},"acf":[],"yoast_head":"<!-- This site is optimized with the Yoast SEO plugin v27.1.1 - https:\/\/yoast.com\/product\/yoast-seo-wordpress\/ -->\n<title>Imprimaci\u00f3 Antioxidant DKOR Gris - Oller Pinturas y Revestimientos<\/title>\n<meta name=\"description\" content=\"Esmalt adequat per al pintat de tota classe de superf\u00edcies de fusta i ferro, degudament preparades tant a interiors com exteriors. &nbsp; Tens dubtes?\" \/>\n<meta name=\"robots\" content=\"index, follow, max-snippet:-1, max-image-preview:large, max-video-preview:-1\" \/>\n<link rel=\"canonical\" href=\"https:\/\/ollerpintures.com\/ca\/producte\/imprimacio-antioxidant-dkor-gris\/\" \/>\n<meta property=\"og:locale\" content=\"ca_ES\" \/>\n<meta property=\"og:type\" content=\"article\" \/>\n<meta property=\"og:title\" content=\"Imprimaci\u00f3 Antioxidant DKOR Gris - Oller Pinturas y Revestimientos\" \/>\n<meta property=\"og:description\" content=\"Esmalt adequat per al pintat de tota classe de superf\u00edcies de fusta i ferro, degudament preparades tant a interiors com exteriors. &nbsp; Tens dubtes?\" \/>\n<meta property=\"og:url\" content=\"https:\/\/ollerpintures.com\/ca\/producte\/imprimacio-antioxidant-dkor-gris\/\" \/>\n<meta property=\"og:site_name\" content=\"Oller Pinturas y Revestimientos\" \/>\n<meta property=\"article:publisher\" content=\"https:\/\/www.facebook.com\/people\/Oller-Pintures\/100063652056709\/\" \/>\n<meta property=\"article:modified_time\" content=\"2026-04-14T01:00:39+00:00\" \/>\n<meta property=\"og:image\" content=\"https:\/\/ollerpintures.com\/wp-content\/uploads\/2021\/01\/imprimacion-antioxidante-dkor-gris-comprar-online-oller.jpeg\" \/>\n\t<meta property=\"og:image:width\" content=\"2048\" \/>\n\t<meta property=\"og:image:height\" content=\"2048\" \/>\n\t<meta property=\"og:image:type\" content=\"image\/jpeg\" \/>\n<meta name=\"twitter:card\" content=\"summary_large_image\" \/>\n<meta name=\"twitter:label1\" content=\"Temps estimat de lectura\" \/>\n\t<meta name=\"twitter:data1\" content=\"1 minut\" \/>\n<script type=\"application\/ld+json\" class=\"yoast-schema-graph\">{\"@context\":\"https:\/\/schema.org\",\"@graph\":[{\"@type\":\"WebPage\",\"@id\":\"https:\/\/ollerpintures.com\/ca\/producte\/imprimacio-antioxidant-dkor-gris\/\",\"url\":\"https:\/\/ollerpintures.com\/ca\/producte\/imprimacio-antioxidant-dkor-gris\/\",\"name\":\"Imprimaci\u00f3 Antioxidant DKOR Gris - Oller Pinturas y Revestimientos\",\"isPartOf\":{\"@id\":\"https:\/\/ollerpintures.com\/ca\/#website\"},\"primaryImageOfPage\":{\"@id\":\"https:\/\/ollerpintures.com\/ca\/producte\/imprimacio-antioxidant-dkor-gris\/#primaryimage\"},\"image\":{\"@id\":\"https:\/\/ollerpintures.com\/ca\/producte\/imprimacio-antioxidant-dkor-gris\/#primaryimage\"},\"thumbnailUrl\":\"https:\/\/ollerpintures.com\/wp-content\/uploads\/2021\/01\/imprimacion-antioxidante-dkor-gris-comprar-online-oller.jpeg\",\"datePublished\":\"2021-01-29T11:53:54+00:00\",\"dateModified\":\"2026-04-14T01:00:39+00:00\",\"description\":\"Esmalt adequat per al pintat de tota classe de superf\u00edcies de fusta i ferro, degudament preparades tant a interiors com exteriors. &nbsp; Tens dubtes?\",\"breadcrumb\":{\"@id\":\"https:\/\/ollerpintures.com\/ca\/producte\/imprimacio-antioxidant-dkor-gris\/#breadcrumb\"},\"inLanguage\":\"ca\",\"potentialAction\":[{\"@type\":\"ReadAction\",\"target\":[\"https:\/\/ollerpintures.com\/ca\/producte\/imprimacio-antioxidant-dkor-gris\/\"]}]},{\"@type\":\"ImageObject\",\"inLanguage\":\"ca\",\"@id\":\"https:\/\/ollerpintures.com\/ca\/producte\/imprimacio-antioxidant-dkor-gris\/#primaryimage\",\"url\":\"https:\/\/ollerpintures.com\/wp-content\/uploads\/2021\/01\/imprimacion-antioxidante-dkor-gris-comprar-online-oller.jpeg\",\"contentUrl\":\"https:\/\/ollerpintures.com\/wp-content\/uploads\/2021\/01\/imprimacion-antioxidante-dkor-gris-comprar-online-oller.jpeg\",\"width\":2048,\"height\":2048,\"caption\":\"Imprimaci\u00f3 Antioxidant DKOR Gris\"},{\"@type\":\"BreadcrumbList\",\"@id\":\"https:\/\/ollerpintures.com\/ca\/producte\/imprimacio-antioxidant-dkor-gris\/#breadcrumb\",\"itemListElement\":[{\"@type\":\"ListItem\",\"position\":1,\"name\":\"Inici\",\"item\":\"https:\/\/ollerpintures.com\/ca\/\"},{\"@type\":\"ListItem\",\"position\":2,\"name\":\"Botiga\",\"item\":\"https:\/\/ollerpintures.com\/ca\/botiga\/\"},{\"@type\":\"ListItem\",\"position\":3,\"name\":\"Imprimaci\u00f3 Antioxidant DKOR Gris\"}]},{\"@type\":\"WebSite\",\"@id\":\"https:\/\/ollerpintures.com\/ca\/#website\",\"url\":\"https:\/\/ollerpintures.com\/ca\/\",\"name\":\"Oller Pinturas y Revestimientos\",\"description\":\"Pinturas y revestimientos para profesionales, industrias, obras p\u00fablicas, bricolaje. Pinturas de calidad profesional i mucho m\u00e1s.\",\"publisher\":{\"@id\":\"https:\/\/ollerpintures.com\/ca\/#organization\"},\"alternateName\":\"Oller Grup\",\"potentialAction\":[{\"@type\":\"SearchAction\",\"target\":{\"@type\":\"EntryPoint\",\"urlTemplate\":\"https:\/\/ollerpintures.com\/ca\/?s={search_term_string}\"},\"query-input\":{\"@type\":\"PropertyValueSpecification\",\"valueRequired\":true,\"valueName\":\"search_term_string\"}}],\"inLanguage\":\"ca\"},{\"@type\":\"Organization\",\"@id\":\"https:\/\/ollerpintures.com\/ca\/#organization\",\"name\":\"Oller Pintures i Revestiments\",\"alternateName\":\"Oller Grup\",\"url\":\"https:\/\/ollerpintures.com\/ca\/\",\"logo\":{\"@type\":\"ImageObject\",\"inLanguage\":\"ca\",\"@id\":\"https:\/\/ollerpintures.com\/ca\/#\/schema\/logo\/image\/\",\"url\":\"https:\/\/ollerpintures.com\/wp-content\/uploads\/2024\/05\/newLogo.png\",\"contentUrl\":\"https:\/\/ollerpintures.com\/wp-content\/uploads\/2024\/05\/newLogo.png\",\"width\":483,\"height\":244,\"caption\":\"Oller Pintures i Revestiments\"},\"image\":{\"@id\":\"https:\/\/ollerpintures.com\/ca\/#\/schema\/logo\/image\/\"},\"sameAs\":[\"https:\/\/www.facebook.com\/people\/Oller-Pintures\/100063652056709\/\",\"https:\/\/www.instagram.com\/ollerpintures\/\",\"https:\/\/descriptor.es\/organization\/oller-grup\/\"]}]}<\/script>\n<!-- \/ Yoast SEO plugin. -->","yoast_head_json":{"title":"Imprimaci\u00f3 Antioxidant DKOR Gris - Oller Pinturas y Revestimientos","description":"Esmalt adequat per al pintat de tota classe de superf\u00edcies de fusta i ferro, degudament preparades tant a interiors com exteriors. &nbsp; Tens dubtes?","robots":{"index":"index","follow":"follow","max-snippet":"max-snippet:-1","max-image-preview":"max-image-preview:large","max-video-preview":"max-video-preview:-1"},"canonical":"https:\/\/ollerpintures.com\/ca\/producte\/imprimacio-antioxidant-dkor-gris\/","og_locale":"ca_ES","og_type":"article","og_title":"Imprimaci\u00f3 Antioxidant DKOR Gris - Oller Pinturas y Revestimientos","og_description":"Esmalt adequat per al pintat de tota classe de superf\u00edcies de fusta i ferro, degudament preparades tant a interiors com exteriors. &nbsp; Tens dubtes?","og_url":"https:\/\/ollerpintures.com\/ca\/producte\/imprimacio-antioxidant-dkor-gris\/","og_site_name":"Oller Pinturas y Revestimientos","article_publisher":"https:\/\/www.facebook.com\/people\/Oller-Pintures\/100063652056709\/","article_modified_time":"2026-04-14T01:00:39+00:00","og_image":[{"width":2048,"height":2048,"url":"https:\/\/ollerpintures.com\/wp-content\/uploads\/2021\/01\/imprimacion-antioxidante-dkor-gris-comprar-online-oller.jpeg","type":"image\/jpeg"}],"twitter_card":"summary_large_image","twitter_misc":{"Temps estimat de lectura":"1 minut"},"schema":{"@context":"https:\/\/schema.org","@graph":[{"@type":"WebPage","@id":"https:\/\/ollerpintures.com\/ca\/producte\/imprimacio-antioxidant-dkor-gris\/","url":"https:\/\/ollerpintures.com\/ca\/producte\/imprimacio-antioxidant-dkor-gris\/","name":"Imprimaci\u00f3 Antioxidant DKOR Gris - Oller Pinturas y Revestimientos","isPartOf":{"@id":"https:\/\/ollerpintures.com\/ca\/#website"},"primaryImageOfPage":{"@id":"https:\/\/ollerpintures.com\/ca\/producte\/imprimacio-antioxidant-dkor-gris\/#primaryimage"},"image":{"@id":"https:\/\/ollerpintures.com\/ca\/producte\/imprimacio-antioxidant-dkor-gris\/#primaryimage"},"thumbnailUrl":"https:\/\/ollerpintures.com\/wp-content\/uploads\/2021\/01\/imprimacion-antioxidante-dkor-gris-comprar-online-oller.jpeg","datePublished":"2021-01-29T11:53:54+00:00","dateModified":"2026-04-14T01:00:39+00:00","description":"Esmalt adequat per al pintat de tota classe de superf\u00edcies de fusta i ferro, degudament preparades tant a interiors com exteriors. &nbsp; Tens dubtes?","breadcrumb":{"@id":"https:\/\/ollerpintures.com\/ca\/producte\/imprimacio-antioxidant-dkor-gris\/#breadcrumb"},"inLanguage":"ca","potentialAction":[{"@type":"ReadAction","target":["https:\/\/ollerpintures.com\/ca\/producte\/imprimacio-antioxidant-dkor-gris\/"]}]},{"@type":"ImageObject","inLanguage":"ca","@id":"https:\/\/ollerpintures.com\/ca\/producte\/imprimacio-antioxidant-dkor-gris\/#primaryimage","url":"https:\/\/ollerpintures.com\/wp-content\/uploads\/2021\/01\/imprimacion-antioxidante-dkor-gris-comprar-online-oller.jpeg","contentUrl":"https:\/\/ollerpintures.com\/wp-content\/uploads\/2021\/01\/imprimacion-antioxidante-dkor-gris-comprar-online-oller.jpeg","width":2048,"height":2048,"caption":"Imprimaci\u00f3 Antioxidant DKOR Gris"},{"@type":"BreadcrumbList","@id":"https:\/\/ollerpintures.com\/ca\/producte\/imprimacio-antioxidant-dkor-gris\/#breadcrumb","itemListElement":[{"@type":"ListItem","position":1,"name":"Inici","item":"https:\/\/ollerpintures.com\/ca\/"},{"@type":"ListItem","position":2,"name":"Botiga","item":"https:\/\/ollerpintures.com\/ca\/botiga\/"},{"@type":"ListItem","position":3,"name":"Imprimaci\u00f3 Antioxidant DKOR Gris"}]},{"@type":"WebSite","@id":"https:\/\/ollerpintures.com\/ca\/#website","url":"https:\/\/ollerpintures.com\/ca\/","name":"Oller Pinturas y Revestimientos","description":"Pinturas y revestimientos para profesionales, industrias, obras p\u00fablicas, bricolaje. Pinturas de calidad profesional i mucho m\u00e1s.","publisher":{"@id":"https:\/\/ollerpintures.com\/ca\/#organization"},"alternateName":"Oller Grup","potentialAction":[{"@type":"SearchAction","target":{"@type":"EntryPoint","urlTemplate":"https:\/\/ollerpintures.com\/ca\/?s={search_term_string}"},"query-input":{"@type":"PropertyValueSpecification","valueRequired":true,"valueName":"search_term_string"}}],"inLanguage":"ca"},{"@type":"Organization","@id":"https:\/\/ollerpintures.com\/ca\/#organization","name":"Oller Pintures i Revestiments","alternateName":"Oller Grup","url":"https:\/\/ollerpintures.com\/ca\/","logo":{"@type":"ImageObject","inLanguage":"ca","@id":"https:\/\/ollerpintures.com\/ca\/#\/schema\/logo\/image\/","url":"https:\/\/ollerpintures.com\/wp-content\/uploads\/2024\/05\/newLogo.png","contentUrl":"https:\/\/ollerpintures.com\/wp-content\/uploads\/2024\/05\/newLogo.png","width":483,"height":244,"caption":"Oller Pintures i Revestiments"},"image":{"@id":"https:\/\/ollerpintures.com\/ca\/#\/schema\/logo\/image\/"},"sameAs":["https:\/\/www.facebook.com\/people\/Oller-Pintures\/100063652056709\/","https:\/\/www.instagram.com\/ollerpintures\/","https:\/\/descriptor.es\/organization\/oller-grup\/"]}]}},"brands":[{"id":624,"name":"Dkor","slug":"dkor"}],"_links":{"self":[{"href":"https:\/\/ollerpintures.com\/ca\/wp-json\/wp\/v2\/product\/7710","targetHints":{"allow":["GET"]}}],"collection":[{"href":"https:\/\/ollerpintures.com\/ca\/wp-json\/wp\/v2\/product"}],"about":[{"href":"https:\/\/ollerpintures.com\/ca\/wp-json\/wp\/v2\/types\/product"}],"wp:featuredmedia":[{"embeddable":true,"href":"https:\/\/ollerpintures.com\/ca\/wp-json\/wp\/v2\/media\/8089"}],"wp:attachment":[{"href":"https:\/\/ollerpintures.com\/ca\/wp-json\/wp\/v2\/media?parent=7710"}],"wp:term":[{"taxonomy":"pwb-brand","embeddable":true,"href":"https:\/\/ollerpintures.com\/ca\/wp-json\/wp\/v2\/pwb-brand?post=7710"},{"taxonomy":"product_brand","embeddable":true,"href":"https:\/\/ollerpintures.com\/ca\/wp-json\/wp\/v2\/product_brand?post=7710"},{"taxonomy":"product_cat","embeddable":true,"href":"https:\/\/ollerpintures.com\/ca\/wp-json\/wp\/v2\/product_cat?post=7710"},{"taxonomy":"product_tag","embeddable":true,"href":"https:\/\/ollerpintures.com\/ca\/wp-json\/wp\/v2\/product_tag?post=7710"}],"curies":[{"name":"wp","href":"https:\/\/api.w.org\/{rel}","templated":true}]}}