{"id":7688,"date":"2021-01-29T10:38:34","date_gmt":"2021-01-29T09:38:34","guid":{"rendered":"https:\/\/oller-pintures.c.wetopi.com\/?post_type=product&#038;p=7688"},"modified":"2026-04-14T02:00:39","modified_gmt":"2026-04-14T01:00:39","slug":"esmalt-antioxidant-forja-dkor","status":"publish","type":"product","link":"https:\/\/ollerpintures.com\/ca\/producte\/esmalt-antioxidant-forja-dkor\/","title":{"rendered":"Esmalt Antioxidant Forja ZENKO"},"content":{"rendered":"<p>Pintura met\u00e0l\u00b7lica antioxidant per a la protecci\u00f3 i decoraci\u00f3 de les superf\u00edcies de ferro en <strong>exteriors i interiors<\/strong>. Amb aquest esmalt donar\u00e0s a les teves superf\u00edcies un aspecte d&#8217;acabat <strong>forja<\/strong>.<\/p>\n<h5>Caracter\u00edstiques<\/h5>\n<ul>\n<li>Bona elasticitat<\/li>\n<li>Adher\u00e8ncia<\/li>\n<li>Aplicaci\u00f3 f\u00e0cil<\/li>\n<li>Resist\u00e8ncia a la intemp\u00e8rie<\/li>\n<li>Propietats anticorrosives<\/li>\n<li>Aspecte met\u00e0l\u00b7lic<\/li>\n<\/ul>\n","protected":false},"excerpt":{"rendered":"<p>Pintura met\u00e0l\u00b7lica antioxidant per a la protecci\u00f3 i decoraci\u00f3 de les superf\u00edcies de ferro en exteriors i interiors. Amb aquest esmalt donar\u00e0s a les teves &#8230; <\/p>\n<p class=\"read-more-container\"><a title=\"Esmalt Antioxidant Forja ZENKO\" class=\"read-more button\" href=\"https:\/\/ollerpintures.com\/ca\/producte\/esmalt-antioxidant-forja-dkor\/#more-7688\" aria-label=\"M\u00e9s informaci\u00f3 sobre Esmalt Antioxidant Forja ZENKO\">Seguir llegint<\/a><\/p>\n","protected":false},"featured_media":26144,"template":"","meta":{"_acf_changed":false},"pwb-brand":[403],"product_brand":[],"product_cat":[24,70,42,85,846],"product_tag":[449,558,83,63,84,450,62,544],"class_list":{"0":"post-7688","1":"product","2":"type-product","3":"status-publish","4":"has-post-thumbnail","6":"pwb-brand-zenko","7":"product_cat-pintura","8":"product_cat-pinturaexterior","9":"product_cat-interiorpintura","10":"product_cat-ferro-esmalt-pintures","11":"product_cat-pintura-per-ferro-2","12":"product_tag-antioxidant","13":"product_tag-dkor","14":"product_tag-esmalt","15":"product_tag-exterior","16":"product_tag-ferro","17":"product_tag-forja","18":"product_tag-interior","19":"product_tag-zenko","20":"no-featured-image-padding","21":"resize-featured-image","22":"sales-flash-overlay","23":"woocommerce-text-align-left","24":"woocommerce-image-align-center","25":"do-quantity-buttons","27":"first","28":"instock","29":"shipping-taxable","30":"purchasable","31":"product-type-variable"},"acf":[],"yoast_head":"<!-- This site is optimized with the Yoast SEO plugin v27.1.1 - https:\/\/yoast.com\/product\/yoast-seo-wordpress\/ -->\n<title>Esmalt Antioxidant Forja ZENKO - Oller Pinturas y Revestimientos<\/title>\n<meta name=\"description\" content=\"Pintura met\u00e0l\u00b7lica antioxidant per a la protecci\u00f3 i decoraci\u00f3 de les superf\u00edcies de ferro en exteriors i interiors. Amb aquest esmalt donar\u00e0s a les teves\" \/>\n<meta name=\"robots\" content=\"index, follow, max-snippet:-1, max-image-preview:large, max-video-preview:-1\" \/>\n<link rel=\"canonical\" href=\"https:\/\/ollerpintures.com\/ca\/producte\/esmalt-antioxidant-forja-dkor\/\" \/>\n<meta property=\"og:locale\" content=\"ca_ES\" \/>\n<meta property=\"og:type\" content=\"article\" \/>\n<meta property=\"og:title\" content=\"Esmalt Antioxidant Forja ZENKO - Oller Pinturas y Revestimientos\" \/>\n<meta property=\"og:description\" content=\"Pintura met\u00e0l\u00b7lica antioxidant per a la protecci\u00f3 i decoraci\u00f3 de les superf\u00edcies de ferro en exteriors i interiors. Amb aquest esmalt donar\u00e0s a les teves\" \/>\n<meta property=\"og:url\" content=\"https:\/\/ollerpintures.com\/ca\/producte\/esmalt-antioxidant-forja-dkor\/\" \/>\n<meta property=\"og:site_name\" content=\"Oller Pinturas y Revestimientos\" \/>\n<meta property=\"article:publisher\" content=\"https:\/\/www.facebook.com\/people\/Oller-Pintures\/100063652056709\/\" \/>\n<meta property=\"article:modified_time\" content=\"2026-04-14T01:00:39+00:00\" \/>\n<meta property=\"og:image\" content=\"https:\/\/ollerpintures.com\/wp-content\/uploads\/2021\/01\/esmalte-forja-antioxidante-zenko-oller-pintures.jpg\" \/>\n\t<meta property=\"og:image:width\" content=\"1080\" \/>\n\t<meta property=\"og:image:height\" content=\"1080\" \/>\n\t<meta property=\"og:image:type\" content=\"image\/jpeg\" \/>\n<meta name=\"twitter:card\" content=\"summary_large_image\" \/>\n<meta name=\"twitter:label1\" content=\"Temps estimat de lectura\" \/>\n\t<meta name=\"twitter:data1\" content=\"1 minut\" \/>\n<script type=\"application\/ld+json\" class=\"yoast-schema-graph\">{\"@context\":\"https:\/\/schema.org\",\"@graph\":[{\"@type\":\"WebPage\",\"@id\":\"https:\/\/ollerpintures.com\/ca\/producte\/esmalt-antioxidant-forja-dkor\/\",\"url\":\"https:\/\/ollerpintures.com\/ca\/producte\/esmalt-antioxidant-forja-dkor\/\",\"name\":\"Esmalt Antioxidant Forja ZENKO - Oller Pinturas y Revestimientos\",\"isPartOf\":{\"@id\":\"https:\/\/ollerpintures.com\/ca\/#website\"},\"primaryImageOfPage\":{\"@id\":\"https:\/\/ollerpintures.com\/ca\/producte\/esmalt-antioxidant-forja-dkor\/#primaryimage\"},\"image\":{\"@id\":\"https:\/\/ollerpintures.com\/ca\/producte\/esmalt-antioxidant-forja-dkor\/#primaryimage\"},\"thumbnailUrl\":\"https:\/\/ollerpintures.com\/wp-content\/uploads\/2021\/01\/esmalte-forja-antioxidante-zenko-oller-pintures.jpg\",\"datePublished\":\"2021-01-29T09:38:34+00:00\",\"dateModified\":\"2026-04-14T01:00:39+00:00\",\"description\":\"Pintura met\u00e0l\u00b7lica antioxidant per a la protecci\u00f3 i decoraci\u00f3 de les superf\u00edcies de ferro en exteriors i interiors. Amb aquest esmalt donar\u00e0s a les teves\",\"breadcrumb\":{\"@id\":\"https:\/\/ollerpintures.com\/ca\/producte\/esmalt-antioxidant-forja-dkor\/#breadcrumb\"},\"inLanguage\":\"ca\",\"potentialAction\":[{\"@type\":\"ReadAction\",\"target\":[\"https:\/\/ollerpintures.com\/ca\/producte\/esmalt-antioxidant-forja-dkor\/\"]}]},{\"@type\":\"ImageObject\",\"inLanguage\":\"ca\",\"@id\":\"https:\/\/ollerpintures.com\/ca\/producte\/esmalt-antioxidant-forja-dkor\/#primaryimage\",\"url\":\"https:\/\/ollerpintures.com\/wp-content\/uploads\/2021\/01\/esmalte-forja-antioxidante-zenko-oller-pintures.jpg\",\"contentUrl\":\"https:\/\/ollerpintures.com\/wp-content\/uploads\/2021\/01\/esmalte-forja-antioxidante-zenko-oller-pintures.jpg\",\"width\":1080,\"height\":1080,\"caption\":\"esmalte forja antioxidante zenko\"},{\"@type\":\"BreadcrumbList\",\"@id\":\"https:\/\/ollerpintures.com\/ca\/producte\/esmalt-antioxidant-forja-dkor\/#breadcrumb\",\"itemListElement\":[{\"@type\":\"ListItem\",\"position\":1,\"name\":\"Inici\",\"item\":\"https:\/\/ollerpintures.com\/ca\/\"},{\"@type\":\"ListItem\",\"position\":2,\"name\":\"Botiga\",\"item\":\"https:\/\/ollerpintures.com\/ca\/botiga\/\"},{\"@type\":\"ListItem\",\"position\":3,\"name\":\"Esmalt Antioxidant Forja ZENKO\"}]},{\"@type\":\"WebSite\",\"@id\":\"https:\/\/ollerpintures.com\/ca\/#website\",\"url\":\"https:\/\/ollerpintures.com\/ca\/\",\"name\":\"Oller Pinturas y Revestimientos\",\"description\":\"Pinturas y revestimientos para profesionales, industrias, obras p\u00fablicas, bricolaje. Pinturas de calidad profesional i mucho m\u00e1s.\",\"publisher\":{\"@id\":\"https:\/\/ollerpintures.com\/ca\/#organization\"},\"alternateName\":\"Oller Grup\",\"potentialAction\":[{\"@type\":\"SearchAction\",\"target\":{\"@type\":\"EntryPoint\",\"urlTemplate\":\"https:\/\/ollerpintures.com\/ca\/?s={search_term_string}\"},\"query-input\":{\"@type\":\"PropertyValueSpecification\",\"valueRequired\":true,\"valueName\":\"search_term_string\"}}],\"inLanguage\":\"ca\"},{\"@type\":\"Organization\",\"@id\":\"https:\/\/ollerpintures.com\/ca\/#organization\",\"name\":\"Oller Pintures i Revestiments\",\"alternateName\":\"Oller Grup\",\"url\":\"https:\/\/ollerpintures.com\/ca\/\",\"logo\":{\"@type\":\"ImageObject\",\"inLanguage\":\"ca\",\"@id\":\"https:\/\/ollerpintures.com\/ca\/#\/schema\/logo\/image\/\",\"url\":\"https:\/\/ollerpintures.com\/wp-content\/uploads\/2024\/05\/newLogo.png\",\"contentUrl\":\"https:\/\/ollerpintures.com\/wp-content\/uploads\/2024\/05\/newLogo.png\",\"width\":483,\"height\":244,\"caption\":\"Oller Pintures i Revestiments\"},\"image\":{\"@id\":\"https:\/\/ollerpintures.com\/ca\/#\/schema\/logo\/image\/\"},\"sameAs\":[\"https:\/\/www.facebook.com\/people\/Oller-Pintures\/100063652056709\/\",\"https:\/\/www.instagram.com\/ollerpintures\/\",\"https:\/\/descriptor.es\/organization\/oller-grup\/\"]}]}<\/script>\n<!-- \/ Yoast SEO plugin. -->","yoast_head_json":{"title":"Esmalt Antioxidant Forja ZENKO - Oller Pinturas y Revestimientos","description":"Pintura met\u00e0l\u00b7lica antioxidant per a la protecci\u00f3 i decoraci\u00f3 de les superf\u00edcies de ferro en exteriors i interiors. Amb aquest esmalt donar\u00e0s a les teves","robots":{"index":"index","follow":"follow","max-snippet":"max-snippet:-1","max-image-preview":"max-image-preview:large","max-video-preview":"max-video-preview:-1"},"canonical":"https:\/\/ollerpintures.com\/ca\/producte\/esmalt-antioxidant-forja-dkor\/","og_locale":"ca_ES","og_type":"article","og_title":"Esmalt Antioxidant Forja ZENKO - Oller Pinturas y Revestimientos","og_description":"Pintura met\u00e0l\u00b7lica antioxidant per a la protecci\u00f3 i decoraci\u00f3 de les superf\u00edcies de ferro en exteriors i interiors. Amb aquest esmalt donar\u00e0s a les teves","og_url":"https:\/\/ollerpintures.com\/ca\/producte\/esmalt-antioxidant-forja-dkor\/","og_site_name":"Oller Pinturas y Revestimientos","article_publisher":"https:\/\/www.facebook.com\/people\/Oller-Pintures\/100063652056709\/","article_modified_time":"2026-04-14T01:00:39+00:00","og_image":[{"width":1080,"height":1080,"url":"https:\/\/ollerpintures.com\/wp-content\/uploads\/2021\/01\/esmalte-forja-antioxidante-zenko-oller-pintures.jpg","type":"image\/jpeg"}],"twitter_card":"summary_large_image","twitter_misc":{"Temps estimat de lectura":"1 minut"},"schema":{"@context":"https:\/\/schema.org","@graph":[{"@type":"WebPage","@id":"https:\/\/ollerpintures.com\/ca\/producte\/esmalt-antioxidant-forja-dkor\/","url":"https:\/\/ollerpintures.com\/ca\/producte\/esmalt-antioxidant-forja-dkor\/","name":"Esmalt Antioxidant Forja ZENKO - Oller Pinturas y Revestimientos","isPartOf":{"@id":"https:\/\/ollerpintures.com\/ca\/#website"},"primaryImageOfPage":{"@id":"https:\/\/ollerpintures.com\/ca\/producte\/esmalt-antioxidant-forja-dkor\/#primaryimage"},"image":{"@id":"https:\/\/ollerpintures.com\/ca\/producte\/esmalt-antioxidant-forja-dkor\/#primaryimage"},"thumbnailUrl":"https:\/\/ollerpintures.com\/wp-content\/uploads\/2021\/01\/esmalte-forja-antioxidante-zenko-oller-pintures.jpg","datePublished":"2021-01-29T09:38:34+00:00","dateModified":"2026-04-14T01:00:39+00:00","description":"Pintura met\u00e0l\u00b7lica antioxidant per a la protecci\u00f3 i decoraci\u00f3 de les superf\u00edcies de ferro en exteriors i interiors. Amb aquest esmalt donar\u00e0s a les teves","breadcrumb":{"@id":"https:\/\/ollerpintures.com\/ca\/producte\/esmalt-antioxidant-forja-dkor\/#breadcrumb"},"inLanguage":"ca","potentialAction":[{"@type":"ReadAction","target":["https:\/\/ollerpintures.com\/ca\/producte\/esmalt-antioxidant-forja-dkor\/"]}]},{"@type":"ImageObject","inLanguage":"ca","@id":"https:\/\/ollerpintures.com\/ca\/producte\/esmalt-antioxidant-forja-dkor\/#primaryimage","url":"https:\/\/ollerpintures.com\/wp-content\/uploads\/2021\/01\/esmalte-forja-antioxidante-zenko-oller-pintures.jpg","contentUrl":"https:\/\/ollerpintures.com\/wp-content\/uploads\/2021\/01\/esmalte-forja-antioxidante-zenko-oller-pintures.jpg","width":1080,"height":1080,"caption":"esmalte forja antioxidante zenko"},{"@type":"BreadcrumbList","@id":"https:\/\/ollerpintures.com\/ca\/producte\/esmalt-antioxidant-forja-dkor\/#breadcrumb","itemListElement":[{"@type":"ListItem","position":1,"name":"Inici","item":"https:\/\/ollerpintures.com\/ca\/"},{"@type":"ListItem","position":2,"name":"Botiga","item":"https:\/\/ollerpintures.com\/ca\/botiga\/"},{"@type":"ListItem","position":3,"name":"Esmalt Antioxidant Forja ZENKO"}]},{"@type":"WebSite","@id":"https:\/\/ollerpintures.com\/ca\/#website","url":"https:\/\/ollerpintures.com\/ca\/","name":"Oller Pinturas y Revestimientos","description":"Pinturas y revestimientos para profesionales, industrias, obras p\u00fablicas, bricolaje. Pinturas de calidad profesional i mucho m\u00e1s.","publisher":{"@id":"https:\/\/ollerpintures.com\/ca\/#organization"},"alternateName":"Oller Grup","potentialAction":[{"@type":"SearchAction","target":{"@type":"EntryPoint","urlTemplate":"https:\/\/ollerpintures.com\/ca\/?s={search_term_string}"},"query-input":{"@type":"PropertyValueSpecification","valueRequired":true,"valueName":"search_term_string"}}],"inLanguage":"ca"},{"@type":"Organization","@id":"https:\/\/ollerpintures.com\/ca\/#organization","name":"Oller Pintures i Revestiments","alternateName":"Oller Grup","url":"https:\/\/ollerpintures.com\/ca\/","logo":{"@type":"ImageObject","inLanguage":"ca","@id":"https:\/\/ollerpintures.com\/ca\/#\/schema\/logo\/image\/","url":"https:\/\/ollerpintures.com\/wp-content\/uploads\/2024\/05\/newLogo.png","contentUrl":"https:\/\/ollerpintures.com\/wp-content\/uploads\/2024\/05\/newLogo.png","width":483,"height":244,"caption":"Oller Pintures i Revestiments"},"image":{"@id":"https:\/\/ollerpintures.com\/ca\/#\/schema\/logo\/image\/"},"sameAs":["https:\/\/www.facebook.com\/people\/Oller-Pintures\/100063652056709\/","https:\/\/www.instagram.com\/ollerpintures\/","https:\/\/descriptor.es\/organization\/oller-grup\/"]}]}},"brands":[{"id":403,"name":"Zenko","slug":"zenko"}],"_links":{"self":[{"href":"https:\/\/ollerpintures.com\/ca\/wp-json\/wp\/v2\/product\/7688","targetHints":{"allow":["GET"]}}],"collection":[{"href":"https:\/\/ollerpintures.com\/ca\/wp-json\/wp\/v2\/product"}],"about":[{"href":"https:\/\/ollerpintures.com\/ca\/wp-json\/wp\/v2\/types\/product"}],"wp:featuredmedia":[{"embeddable":true,"href":"https:\/\/ollerpintures.com\/ca\/wp-json\/wp\/v2\/media\/26144"}],"wp:attachment":[{"href":"https:\/\/ollerpintures.com\/ca\/wp-json\/wp\/v2\/media?parent=7688"}],"wp:term":[{"taxonomy":"pwb-brand","embeddable":true,"href":"https:\/\/ollerpintures.com\/ca\/wp-json\/wp\/v2\/pwb-brand?post=7688"},{"taxonomy":"product_brand","embeddable":true,"href":"https:\/\/ollerpintures.com\/ca\/wp-json\/wp\/v2\/product_brand?post=7688"},{"taxonomy":"product_cat","embeddable":true,"href":"https:\/\/ollerpintures.com\/ca\/wp-json\/wp\/v2\/product_cat?post=7688"},{"taxonomy":"product_tag","embeddable":true,"href":"https:\/\/ollerpintures.com\/ca\/wp-json\/wp\/v2\/product_tag?post=7688"}],"curies":[{"name":"wp","href":"https:\/\/api.w.org\/{rel}","templated":true}]}}