{"id":7410,"date":"2021-01-25T12:15:21","date_gmt":"2021-01-25T11:15:21","guid":{"rendered":"https:\/\/oller-pintures.c.wetopi.com\/?post_type=product&#038;p=7410"},"modified":"2026-04-14T02:00:35","modified_gmt":"2026-04-14T01:00:35","slug":"pintura-revestiment-per-facanes-renovatherm-procolor-blanc-15l","status":"publish","type":"product","link":"https:\/\/ollerpintures.com\/ca\/producte\/pintura-revestiment-per-facanes-renovatherm-procolor-blanc-15l\/","title":{"rendered":"Pintura Revestiment per fa\u00e7anes Renovatherm Procolor Blanc"},"content":{"rendered":"<p>El Renovatherm Blanc 15L de Procolor \u00e9s un producte <strong>Premium<\/strong> <strong>per fa\u00e7anes<\/strong>, ja que ofereix la millor soluci\u00f3 i condicions. \u00c9s sens dubte <strong>la millor pintura acr\u00edlica per fa\u00e7anes que hem provat mai<\/strong> i, a m\u00e9s, gr\u00e0cies a la seva capacitat per <strong>reduir la temperatura<\/strong> de la superf\u00edcie, <strong>notar\u00e0s millores en l&#8217;estalvi energ\u00e8tic!<\/strong><\/p>\n<h4>Caracter\u00edstiques<\/h4>\n<ul>\n<li>M\u00e0xima durabilitat: 12 anys<\/li>\n<li>Anticarbonataci\u00f3 C1<\/li>\n<li>Marcat CE<\/li>\n<li>Redueix fins a un 20% la temperatura de la superf\u00edcie &#8211; gran estalvi energ\u00e8tic<\/li>\n<li>Impermeable W3<\/li>\n<li>Transpirable V2<\/li>\n<li>Pintura el\u00e0stica<\/li>\n<\/ul>\n<p>&nbsp;<\/p>\n<div id=\"title\" class=\"style-scope ytd-watch-metadata\">\n<h1 class=\"style-scope ytd-watch-metadata\">Com actua Solar Reflect? \u2013 Procolor<\/h1>\n<\/div>\n<div id=\"top-row\" class=\"style-scope ytd-watch-metadata\">\n<div id=\"owner\" class=\"item style-scope ytd-watch-metadata\"><\/div>\n<\/div>\n<div style=\"width: 1200px;\" class=\"wp-video\"><video class=\"wp-video-shortcode\" id=\"video-7410-1\" width=\"1200\" height=\"675\" preload=\"metadata\" controls=\"controls\"><source type=\"video\/mp4\" src=\"https:\/\/ollerpintures.com\/wp-content\/uploads\/2021\/01\/como-funciona-pintura-aislante-termica-renovatherm.mp4?_=1\" \/><a href=\"https:\/\/ollerpintures.com\/wp-content\/uploads\/2021\/01\/como-funciona-pintura-aislante-termica-renovatherm.mp4\">https:\/\/ollerpintures.com\/wp-content\/uploads\/2021\/01\/como-funciona-pintura-aislante-termica-renovatherm.mp4<\/a><\/video><\/div>\n","protected":false},"excerpt":{"rendered":"<ul>\n<li><strong>Pintura per fa\u00e7anes a\u00efllant<\/strong><\/li>\n<li>M\u00e0xima durabilitat: 12 anys<\/li>\n<li>Anticarbonataci\u00f3 C1<\/li>\n<li>Marcat CE<\/li>\n<li>Redueix fins a un 20% la temperatura de la superf\u00edcie &#8211; gran estalvi energ\u00e8tic<\/li>\n<li>Impermeable W3<\/li>\n<li>Transpirable V2<\/li>\n<li>Pintura el\u00e0stica<\/li>\n<\/ul>\n","protected":false},"featured_media":8740,"template":"","meta":{"_acf_changed":false},"pwb-brand":[61],"product_brand":[],"product_cat":[24,70,78],"product_tag":[63,79,66,82,585],"class_list":{"0":"post-7410","1":"product","2":"type-product","3":"status-publish","4":"has-post-thumbnail","6":"pwb-brand-procolor","7":"product_cat-pintura","8":"product_cat-pinturaexterior","9":"product_cat-facanes","10":"product_tag-exterior","11":"product_tag-facana","12":"product_tag-pintura","13":"product_tag-procolor","14":"product_tag-professional-quality","15":"no-featured-image-padding","16":"resize-featured-image","17":"sales-flash-overlay","18":"woocommerce-text-align-left","19":"woocommerce-image-align-center","20":"do-quantity-buttons","21":"wc-has-gallery","23":"first","24":"instock","25":"shipping-taxable","26":"purchasable","27":"product-type-simple"},"acf":[],"yoast_head":"<!-- This site is optimized with the Yoast SEO plugin v27.1.1 - https:\/\/yoast.com\/product\/yoast-seo-wordpress\/ -->\n<title>Pintura Revestiment per fa\u00e7anes Renovatherm Procolor Blanc - Oller Pinturas y Revestimientos<\/title>\n<meta name=\"description\" content=\"Pintura per fa\u00e7anes a\u00efllant  M\u00e0xima durabilitat: 12 anys  Anticarbonataci\u00f3 C1  Marcat CE  Redueix fins a un 20% la temperatura de la superf\u00edcie - gran estalvi energ\u00e8tic  Impermeable W3  Transpirable V2  Pintura el\u00e0stica\" \/>\n<meta name=\"robots\" content=\"index, follow, max-snippet:-1, max-image-preview:large, max-video-preview:-1\" \/>\n<link rel=\"canonical\" href=\"https:\/\/ollerpintures.com\/ca\/producte\/pintura-revestiment-per-facanes-renovatherm-procolor-blanc-15l\/\" \/>\n<meta property=\"og:locale\" content=\"ca_ES\" \/>\n<meta property=\"og:type\" content=\"article\" \/>\n<meta property=\"og:title\" content=\"Pintura Revestiment per fa\u00e7anes Renovatherm Procolor Blanc - Oller Pinturas y Revestimientos\" \/>\n<meta property=\"og:description\" content=\"Pintura per fa\u00e7anes a\u00efllant  M\u00e0xima durabilitat: 12 anys  Anticarbonataci\u00f3 C1  Marcat CE  Redueix fins a un 20% la temperatura de la superf\u00edcie - gran estalvi energ\u00e8tic  Impermeable W3  Transpirable V2  Pintura el\u00e0stica\" \/>\n<meta property=\"og:url\" content=\"https:\/\/ollerpintures.com\/ca\/producte\/pintura-revestiment-per-facanes-renovatherm-procolor-blanc-15l\/\" \/>\n<meta property=\"og:site_name\" content=\"Oller Pinturas y Revestimientos\" \/>\n<meta property=\"article:publisher\" content=\"https:\/\/www.facebook.com\/people\/Oller-Pintures\/100063652056709\/\" \/>\n<meta property=\"article:modified_time\" content=\"2026-04-14T01:00:35+00:00\" \/>\n<meta property=\"og:image\" content=\"https:\/\/ollerpintures.com\/wp-content\/uploads\/2021\/01\/pintura-fachadas-renovatherm-comprar-online-oller-1.png\" \/>\n\t<meta property=\"og:image:width\" content=\"1080\" \/>\n\t<meta property=\"og:image:height\" content=\"1080\" \/>\n\t<meta property=\"og:image:type\" content=\"image\/png\" \/>\n<meta name=\"twitter:card\" content=\"summary_large_image\" \/>\n<meta name=\"twitter:label1\" content=\"Temps estimat de lectura\" \/>\n\t<meta name=\"twitter:data1\" content=\"1 minut\" \/>\n<script type=\"application\/ld+json\" class=\"yoast-schema-graph\">{\"@context\":\"https:\/\/schema.org\",\"@graph\":[{\"@type\":\"WebPage\",\"@id\":\"https:\/\/ollerpintures.com\/ca\/producte\/pintura-revestiment-per-facanes-renovatherm-procolor-blanc-15l\/\",\"url\":\"https:\/\/ollerpintures.com\/ca\/producte\/pintura-revestiment-per-facanes-renovatherm-procolor-blanc-15l\/\",\"name\":\"Pintura Revestiment per fa\u00e7anes Renovatherm Procolor Blanc - Oller Pinturas y Revestimientos\",\"isPartOf\":{\"@id\":\"https:\/\/ollerpintures.com\/ca\/#website\"},\"primaryImageOfPage\":{\"@id\":\"https:\/\/ollerpintures.com\/ca\/producte\/pintura-revestiment-per-facanes-renovatherm-procolor-blanc-15l\/#primaryimage\"},\"image\":{\"@id\":\"https:\/\/ollerpintures.com\/ca\/producte\/pintura-revestiment-per-facanes-renovatherm-procolor-blanc-15l\/#primaryimage\"},\"thumbnailUrl\":\"https:\/\/ollerpintures.com\/wp-content\/uploads\/2021\/01\/pintura-fachadas-renovatherm-comprar-online-oller-1.png\",\"datePublished\":\"2021-01-25T11:15:21+00:00\",\"dateModified\":\"2026-04-14T01:00:35+00:00\",\"description\":\"Pintura per fa\u00e7anes a\u00efllant M\u00e0xima durabilitat: 12 anys Anticarbonataci\u00f3 C1 Marcat CE Redueix fins a un 20% la temperatura de la superf\u00edcie - gran estalvi energ\u00e8tic Impermeable W3 Transpirable V2 Pintura el\u00e0stica\",\"breadcrumb\":{\"@id\":\"https:\/\/ollerpintures.com\/ca\/producte\/pintura-revestiment-per-facanes-renovatherm-procolor-blanc-15l\/#breadcrumb\"},\"inLanguage\":\"ca\",\"potentialAction\":[{\"@type\":\"ReadAction\",\"target\":[\"https:\/\/ollerpintures.com\/ca\/producte\/pintura-revestiment-per-facanes-renovatherm-procolor-blanc-15l\/\"]}]},{\"@type\":\"ImageObject\",\"inLanguage\":\"ca\",\"@id\":\"https:\/\/ollerpintures.com\/ca\/producte\/pintura-revestiment-per-facanes-renovatherm-procolor-blanc-15l\/#primaryimage\",\"url\":\"https:\/\/ollerpintures.com\/wp-content\/uploads\/2021\/01\/pintura-fachadas-renovatherm-comprar-online-oller-1.png\",\"contentUrl\":\"https:\/\/ollerpintures.com\/wp-content\/uploads\/2021\/01\/pintura-fachadas-renovatherm-comprar-online-oller-1.png\",\"width\":1080,\"height\":1080},{\"@type\":\"BreadcrumbList\",\"@id\":\"https:\/\/ollerpintures.com\/ca\/producte\/pintura-revestiment-per-facanes-renovatherm-procolor-blanc-15l\/#breadcrumb\",\"itemListElement\":[{\"@type\":\"ListItem\",\"position\":1,\"name\":\"Inici\",\"item\":\"https:\/\/ollerpintures.com\/ca\/\"},{\"@type\":\"ListItem\",\"position\":2,\"name\":\"Botiga\",\"item\":\"https:\/\/ollerpintures.com\/ca\/botiga\/\"},{\"@type\":\"ListItem\",\"position\":3,\"name\":\"Pintura Revestiment per fa\u00e7anes Renovatherm Procolor Blanc\"}]},{\"@type\":\"WebSite\",\"@id\":\"https:\/\/ollerpintures.com\/ca\/#website\",\"url\":\"https:\/\/ollerpintures.com\/ca\/\",\"name\":\"Oller Pinturas y Revestimientos\",\"description\":\"Pinturas y revestimientos para profesionales, industrias, obras p\u00fablicas, bricolaje. Pinturas de calidad profesional i mucho m\u00e1s.\",\"publisher\":{\"@id\":\"https:\/\/ollerpintures.com\/ca\/#organization\"},\"alternateName\":\"Oller Grup\",\"potentialAction\":[{\"@type\":\"SearchAction\",\"target\":{\"@type\":\"EntryPoint\",\"urlTemplate\":\"https:\/\/ollerpintures.com\/ca\/?s={search_term_string}\"},\"query-input\":{\"@type\":\"PropertyValueSpecification\",\"valueRequired\":true,\"valueName\":\"search_term_string\"}}],\"inLanguage\":\"ca\"},{\"@type\":\"Organization\",\"@id\":\"https:\/\/ollerpintures.com\/ca\/#organization\",\"name\":\"Oller Pintures i Revestiments\",\"alternateName\":\"Oller Grup\",\"url\":\"https:\/\/ollerpintures.com\/ca\/\",\"logo\":{\"@type\":\"ImageObject\",\"inLanguage\":\"ca\",\"@id\":\"https:\/\/ollerpintures.com\/ca\/#\/schema\/logo\/image\/\",\"url\":\"https:\/\/ollerpintures.com\/wp-content\/uploads\/2024\/05\/newLogo.png\",\"contentUrl\":\"https:\/\/ollerpintures.com\/wp-content\/uploads\/2024\/05\/newLogo.png\",\"width\":483,\"height\":244,\"caption\":\"Oller Pintures i Revestiments\"},\"image\":{\"@id\":\"https:\/\/ollerpintures.com\/ca\/#\/schema\/logo\/image\/\"},\"sameAs\":[\"https:\/\/www.facebook.com\/people\/Oller-Pintures\/100063652056709\/\",\"https:\/\/www.instagram.com\/ollerpintures\/\",\"https:\/\/descriptor.es\/organization\/oller-grup\/\"]}]}<\/script>\n<!-- \/ Yoast SEO plugin. -->","yoast_head_json":{"title":"Pintura Revestiment per fa\u00e7anes Renovatherm Procolor Blanc - Oller Pinturas y Revestimientos","description":"Pintura per fa\u00e7anes a\u00efllant  M\u00e0xima durabilitat: 12 anys  Anticarbonataci\u00f3 C1  Marcat CE  Redueix fins a un 20% la temperatura de la superf\u00edcie - gran estalvi energ\u00e8tic  Impermeable W3  Transpirable V2  Pintura el\u00e0stica","robots":{"index":"index","follow":"follow","max-snippet":"max-snippet:-1","max-image-preview":"max-image-preview:large","max-video-preview":"max-video-preview:-1"},"canonical":"https:\/\/ollerpintures.com\/ca\/producte\/pintura-revestiment-per-facanes-renovatherm-procolor-blanc-15l\/","og_locale":"ca_ES","og_type":"article","og_title":"Pintura Revestiment per fa\u00e7anes Renovatherm Procolor Blanc - Oller Pinturas y Revestimientos","og_description":"Pintura per fa\u00e7anes a\u00efllant  M\u00e0xima durabilitat: 12 anys  Anticarbonataci\u00f3 C1  Marcat CE  Redueix fins a un 20% la temperatura de la superf\u00edcie - gran estalvi energ\u00e8tic  Impermeable W3  Transpirable V2  Pintura el\u00e0stica","og_url":"https:\/\/ollerpintures.com\/ca\/producte\/pintura-revestiment-per-facanes-renovatherm-procolor-blanc-15l\/","og_site_name":"Oller Pinturas y Revestimientos","article_publisher":"https:\/\/www.facebook.com\/people\/Oller-Pintures\/100063652056709\/","article_modified_time":"2026-04-14T01:00:35+00:00","og_image":[{"width":1080,"height":1080,"url":"https:\/\/ollerpintures.com\/wp-content\/uploads\/2021\/01\/pintura-fachadas-renovatherm-comprar-online-oller-1.png","type":"image\/png"}],"twitter_card":"summary_large_image","twitter_misc":{"Temps estimat de lectura":"1 minut"},"schema":{"@context":"https:\/\/schema.org","@graph":[{"@type":"WebPage","@id":"https:\/\/ollerpintures.com\/ca\/producte\/pintura-revestiment-per-facanes-renovatherm-procolor-blanc-15l\/","url":"https:\/\/ollerpintures.com\/ca\/producte\/pintura-revestiment-per-facanes-renovatherm-procolor-blanc-15l\/","name":"Pintura Revestiment per fa\u00e7anes Renovatherm Procolor Blanc - Oller Pinturas y Revestimientos","isPartOf":{"@id":"https:\/\/ollerpintures.com\/ca\/#website"},"primaryImageOfPage":{"@id":"https:\/\/ollerpintures.com\/ca\/producte\/pintura-revestiment-per-facanes-renovatherm-procolor-blanc-15l\/#primaryimage"},"image":{"@id":"https:\/\/ollerpintures.com\/ca\/producte\/pintura-revestiment-per-facanes-renovatherm-procolor-blanc-15l\/#primaryimage"},"thumbnailUrl":"https:\/\/ollerpintures.com\/wp-content\/uploads\/2021\/01\/pintura-fachadas-renovatherm-comprar-online-oller-1.png","datePublished":"2021-01-25T11:15:21+00:00","dateModified":"2026-04-14T01:00:35+00:00","description":"Pintura per fa\u00e7anes a\u00efllant M\u00e0xima durabilitat: 12 anys Anticarbonataci\u00f3 C1 Marcat CE Redueix fins a un 20% la temperatura de la superf\u00edcie - gran estalvi energ\u00e8tic Impermeable W3 Transpirable V2 Pintura el\u00e0stica","breadcrumb":{"@id":"https:\/\/ollerpintures.com\/ca\/producte\/pintura-revestiment-per-facanes-renovatherm-procolor-blanc-15l\/#breadcrumb"},"inLanguage":"ca","potentialAction":[{"@type":"ReadAction","target":["https:\/\/ollerpintures.com\/ca\/producte\/pintura-revestiment-per-facanes-renovatherm-procolor-blanc-15l\/"]}]},{"@type":"ImageObject","inLanguage":"ca","@id":"https:\/\/ollerpintures.com\/ca\/producte\/pintura-revestiment-per-facanes-renovatherm-procolor-blanc-15l\/#primaryimage","url":"https:\/\/ollerpintures.com\/wp-content\/uploads\/2021\/01\/pintura-fachadas-renovatherm-comprar-online-oller-1.png","contentUrl":"https:\/\/ollerpintures.com\/wp-content\/uploads\/2021\/01\/pintura-fachadas-renovatherm-comprar-online-oller-1.png","width":1080,"height":1080},{"@type":"BreadcrumbList","@id":"https:\/\/ollerpintures.com\/ca\/producte\/pintura-revestiment-per-facanes-renovatherm-procolor-blanc-15l\/#breadcrumb","itemListElement":[{"@type":"ListItem","position":1,"name":"Inici","item":"https:\/\/ollerpintures.com\/ca\/"},{"@type":"ListItem","position":2,"name":"Botiga","item":"https:\/\/ollerpintures.com\/ca\/botiga\/"},{"@type":"ListItem","position":3,"name":"Pintura Revestiment per fa\u00e7anes Renovatherm Procolor Blanc"}]},{"@type":"WebSite","@id":"https:\/\/ollerpintures.com\/ca\/#website","url":"https:\/\/ollerpintures.com\/ca\/","name":"Oller Pinturas y Revestimientos","description":"Pinturas y revestimientos para profesionales, industrias, obras p\u00fablicas, bricolaje. Pinturas de calidad profesional i mucho m\u00e1s.","publisher":{"@id":"https:\/\/ollerpintures.com\/ca\/#organization"},"alternateName":"Oller Grup","potentialAction":[{"@type":"SearchAction","target":{"@type":"EntryPoint","urlTemplate":"https:\/\/ollerpintures.com\/ca\/?s={search_term_string}"},"query-input":{"@type":"PropertyValueSpecification","valueRequired":true,"valueName":"search_term_string"}}],"inLanguage":"ca"},{"@type":"Organization","@id":"https:\/\/ollerpintures.com\/ca\/#organization","name":"Oller Pintures i Revestiments","alternateName":"Oller Grup","url":"https:\/\/ollerpintures.com\/ca\/","logo":{"@type":"ImageObject","inLanguage":"ca","@id":"https:\/\/ollerpintures.com\/ca\/#\/schema\/logo\/image\/","url":"https:\/\/ollerpintures.com\/wp-content\/uploads\/2024\/05\/newLogo.png","contentUrl":"https:\/\/ollerpintures.com\/wp-content\/uploads\/2024\/05\/newLogo.png","width":483,"height":244,"caption":"Oller Pintures i Revestiments"},"image":{"@id":"https:\/\/ollerpintures.com\/ca\/#\/schema\/logo\/image\/"},"sameAs":["https:\/\/www.facebook.com\/people\/Oller-Pintures\/100063652056709\/","https:\/\/www.instagram.com\/ollerpintures\/","https:\/\/descriptor.es\/organization\/oller-grup\/"]}]}},"brands":[{"id":61,"name":"Procolor","slug":"procolor"}],"_links":{"self":[{"href":"https:\/\/ollerpintures.com\/ca\/wp-json\/wp\/v2\/product\/7410","targetHints":{"allow":["GET"]}}],"collection":[{"href":"https:\/\/ollerpintures.com\/ca\/wp-json\/wp\/v2\/product"}],"about":[{"href":"https:\/\/ollerpintures.com\/ca\/wp-json\/wp\/v2\/types\/product"}],"wp:featuredmedia":[{"embeddable":true,"href":"https:\/\/ollerpintures.com\/ca\/wp-json\/wp\/v2\/media\/8740"}],"wp:attachment":[{"href":"https:\/\/ollerpintures.com\/ca\/wp-json\/wp\/v2\/media?parent=7410"}],"wp:term":[{"taxonomy":"pwb-brand","embeddable":true,"href":"https:\/\/ollerpintures.com\/ca\/wp-json\/wp\/v2\/pwb-brand?post=7410"},{"taxonomy":"product_brand","embeddable":true,"href":"https:\/\/ollerpintures.com\/ca\/wp-json\/wp\/v2\/product_brand?post=7410"},{"taxonomy":"product_cat","embeddable":true,"href":"https:\/\/ollerpintures.com\/ca\/wp-json\/wp\/v2\/product_cat?post=7410"},{"taxonomy":"product_tag","embeddable":true,"href":"https:\/\/ollerpintures.com\/ca\/wp-json\/wp\/v2\/product_tag?post=7410"}],"curies":[{"name":"wp","href":"https:\/\/api.w.org\/{rel}","templated":true}]}}